{"id":151080,"date":"2022-09-28T15:28:53","date_gmt":"2022-09-28T13:28:53","guid":{"rendered":"https:\/\/www.fuertehoteles.com\/ofertas\/"},"modified":"2024-02-15T11:03:11","modified_gmt":"2024-02-15T10:03:11","slug":"angebote","status":"publish","type":"page","link":"https:\/\/www.fuertehoteles.com\/de\/angebote\/","title":{"rendered":"Angebote"},"content":{"rendered":"<div class=\"fh_offers_offer\"><div class=\"fh_offers_offer_image\"><a href=\"https:\/\/www.fuertehoteles.com\/de\/ofertas\/urlaub-mit-kindern\/\" target=\"_self\"><img decoding=\"async\" width=\"1920\" height=\"540\" src=\"https:\/\/www.fuertehoteles.com\/wp-content\/uploads\/2022\/09\/oferta-vacaciones-ninos-wide.jpg\" class=\"attachment-full size-full wp-post-image\" alt=\"Oferta - Vacaciones con ni\u00f1os\" srcset=\"https:\/\/www.fuertehoteles.com\/wp-content\/uploads\/2022\/09\/oferta-vacaciones-ninos-wide.jpg 1920w, https:\/\/www.fuertehoteles.com\/wp-content\/uploads\/2022\/09\/oferta-vacaciones-ninos-wide-300x84.jpg 300w, https:\/\/www.fuertehoteles.com\/wp-content\/uploads\/2022\/09\/oferta-vacaciones-ninos-wide-1024x288.jpg 1024w, https:\/\/www.fuertehoteles.com\/wp-content\/uploads\/2022\/09\/oferta-vacaciones-ninos-wide-768x216.jpg 768w, https:\/\/www.fuertehoteles.com\/wp-content\/uploads\/2022\/09\/oferta-vacaciones-ninos-wide-1536x432.jpg 1536w\" sizes=\"(max-width: 1920px) 100vw, 1920px\" \/><\/a><\/div><div class=\"fh_offers_offer_content\"><a href=\"https:\/\/www.fuertehoteles.com\/de\/ofertas\/urlaub-mit-kindern\/\" target=\"_self\"><h2>Urlaub mit Kindern<\/h2><\/a><p>Wenn Sie unvergessliche Tage mit den Kleinen verbringen m\u00f6chten, hat Fuerte Hotels das Richtige f\u00fcr Sie. Familienurlaubsangebot, buchen Sie jetzt!<\/p><div class=\"fh_offers_offer_button_container\"><a class=\"fh_offers_offer_button\" href=\"https:\/\/www.fuertehoteles.com\/de\/ofertas\/urlaub-mit-kindern\/\" target=\"_self\"><span><\/span><\/a><\/div><\/div><\/div>\n","protected":false},"excerpt":{"rendered":"Planen Sie Ihren Urlaub oder Familientrips &nbsp; Wenn Sie mit der Familie und den Kindern ein paar spektakul\u00e4re Tage verbringen m\u00f6chten, dann hat Fuerte Hoteles genau das, was Sie suchen. Outdoor-Aktivit\u00e4ten , Spiele, Forti Club und vieles mehr, damit sowohl die Kinder als auch die Erwachsenen einmal etwas andere Tage genie\u00dfen k\u00f6nnen. \u00dcberlegen Sie nicht","protected":false},"author":6,"featured_media":7489,"parent":0,"menu_order":0,"comment_status":"closed","ping_status":"closed","template":"templates\/offers.php","meta":{"footnotes":""},"class_list":["post-151080","page","type-page","status-publish","hentry"],"yoast_head":"<!-- This site is optimized with the Yoast SEO plugin v22.4 - https:\/\/yoast.com\/wordpress\/plugins\/seo\/ -->\n<title>Fuerte Hoteles angebote f\u00fcr Ihren Urlaub in Andalusien<\/title>\n<meta name=\"description\" content=\"Sparen Sie bei Ihrem Urlaub mit den Angeboten unserer Hotels an der Costa de la Luz und der Sierra de Grazalema in Andalusien. Jetzt buchen!\" \/>\n<meta name=\"robots\" content=\"index, follow, max-snippet:-1, max-image-preview:large, max-video-preview:-1\" \/>\n<link rel=\"canonical\" href=\"https:\/\/www.fuertehoteles.com\/de\/angebote\/\" \/>\n<meta property=\"og:locale\" content=\"de_DE\" \/>\n<meta property=\"og:type\" content=\"article\" \/>\n<meta property=\"og:title\" content=\"Fuerte Hoteles angebote f\u00fcr Ihren Urlaub in Andalusien\" \/>\n<meta property=\"og:description\" content=\"Sparen Sie bei Ihrem Urlaub mit den Angeboten unserer Hotels an der Costa de la Luz und der Sierra de Grazalema in Andalusien. Jetzt buchen!\" \/>\n<meta property=\"og:url\" content=\"https:\/\/www.fuertehoteles.com\/de\/angebote\/\" \/>\n<meta property=\"og:site_name\" content=\"Fuerte Hoteles\" \/>\n<meta property=\"article:publisher\" content=\"https:\/\/www.facebook.com\/HotelesFuerte\" \/>\n<meta property=\"article:modified_time\" content=\"2024-02-15T10:03:11+00:00\" \/>\n<meta property=\"og:image\" content=\"https:\/\/www.fuertehoteles.com\/wp-content\/uploads\/2022\/09\/ofertas-cabecera.jpg\" \/>\n\t<meta property=\"og:image:width\" content=\"1920\" \/>\n\t<meta property=\"og:image:height\" content=\"540\" \/>\n\t<meta property=\"og:image:type\" content=\"image\/jpeg\" \/>\n<meta name=\"twitter:card\" content=\"summary_large_image\" \/>\n<meta name=\"twitter:site\" content=\"@fuertehoteles\" \/>\n<script type=\"application\/ld+json\" class=\"yoast-schema-graph\">{\"@context\":\"https:\/\/schema.org\",\"@graph\":[{\"@type\":\"WebPage\",\"@id\":\"https:\/\/www.fuertehoteles.com\/de\/angebote\/\",\"url\":\"https:\/\/www.fuertehoteles.com\/de\/angebote\/\",\"name\":\"Fuerte Hoteles angebote f\u00fcr Ihren Urlaub in Andalusien\",\"isPartOf\":{\"@id\":\"https:\/\/www.fuertehoteles.com\/#website\"},\"primaryImageOfPage\":{\"@id\":\"https:\/\/www.fuertehoteles.com\/de\/angebote\/#primaryimage\"},\"image\":{\"@id\":\"https:\/\/www.fuertehoteles.com\/de\/angebote\/#primaryimage\"},\"thumbnailUrl\":\"https:\/\/www.fuertehoteles.com\/wp-content\/uploads\/2022\/09\/ofertas-cabecera.jpg\",\"datePublished\":\"2022-09-28T13:28:53+00:00\",\"dateModified\":\"2024-02-15T10:03:11+00:00\",\"description\":\"Sparen Sie bei Ihrem Urlaub mit den Angeboten unserer Hotels an der Costa de la Luz und der Sierra de Grazalema in Andalusien. Jetzt buchen!\",\"breadcrumb\":{\"@id\":\"https:\/\/www.fuertehoteles.com\/de\/angebote\/#breadcrumb\"},\"inLanguage\":\"de\",\"potentialAction\":[{\"@type\":\"ReadAction\",\"target\":[\"https:\/\/www.fuertehoteles.com\/de\/angebote\/\"]}]},{\"@type\":\"ImageObject\",\"inLanguage\":\"de\",\"@id\":\"https:\/\/www.fuertehoteles.com\/de\/angebote\/#primaryimage\",\"url\":\"https:\/\/www.fuertehoteles.com\/wp-content\/uploads\/2022\/09\/ofertas-cabecera.jpg\",\"contentUrl\":\"https:\/\/www.fuertehoteles.com\/wp-content\/uploads\/2022\/09\/ofertas-cabecera.jpg\",\"width\":1920,\"height\":540},{\"@type\":\"BreadcrumbList\",\"@id\":\"https:\/\/www.fuertehoteles.com\/de\/angebote\/#breadcrumb\",\"itemListElement\":[{\"@type\":\"ListItem\",\"position\":1,\"name\":\"Portada\",\"item\":\"https:\/\/www.fuertehoteles.com\/de\/\"},{\"@type\":\"ListItem\",\"position\":2,\"name\":\"Angebote\"}]},{\"@type\":\"WebSite\",\"@id\":\"https:\/\/www.fuertehoteles.com\/#website\",\"url\":\"https:\/\/www.fuertehoteles.com\/\",\"name\":\"Fuerte Hoteles\",\"description\":\"\",\"publisher\":{\"@id\":\"https:\/\/www.fuertehoteles.com\/#organization\"},\"potentialAction\":[{\"@type\":\"SearchAction\",\"target\":{\"@type\":\"EntryPoint\",\"urlTemplate\":\"https:\/\/www.fuertehoteles.com\/?s={search_term_string}\"},\"query-input\":\"required name=search_term_string\"}],\"inLanguage\":\"de\"},{\"@type\":\"Organization\",\"@id\":\"https:\/\/www.fuertehoteles.com\/#organization\",\"name\":\"Fuerte Hoteles\",\"url\":\"https:\/\/www.fuertehoteles.com\/\",\"logo\":{\"@type\":\"ImageObject\",\"inLanguage\":\"de\",\"@id\":\"https:\/\/www.fuertehoteles.com\/#\/schema\/logo\/image\/\",\"url\":\"https:\/\/www.fuertehoteles.com\/wp-content\/uploads\/2022\/09\/logo-ffhh-1.jpg\",\"contentUrl\":\"https:\/\/www.fuertehoteles.com\/wp-content\/uploads\/2022\/09\/logo-ffhh-1.jpg\",\"width\":500,\"height\":500,\"caption\":\"Fuerte Hoteles\"},\"image\":{\"@id\":\"https:\/\/www.fuertehoteles.com\/#\/schema\/logo\/image\/\"},\"sameAs\":[\"https:\/\/www.facebook.com\/HotelesFuerte\",\"https:\/\/twitter.com\/fuertehoteles\",\"https:\/\/www.instagram.com\/fuertehoteles\/\",\"https:\/\/www.linkedin.com\/company\/fuerte-hoteles\/\",\"https:\/\/www.youtube.com\/user\/fuertehoteles\",\"https:\/\/en.wikipedia.org\/wiki\/Fuerte_Hotels\"]}]}<\/script>\n<!-- \/ Yoast SEO plugin. -->","yoast_head_json":{"title":"Fuerte Hoteles angebote f\u00fcr Ihren Urlaub in Andalusien","description":"Sparen Sie bei Ihrem Urlaub mit den Angeboten unserer Hotels an der Costa de la Luz und der Sierra de Grazalema in Andalusien. Jetzt buchen!","robots":{"index":"index","follow":"follow","max-snippet":"max-snippet:-1","max-image-preview":"max-image-preview:large","max-video-preview":"max-video-preview:-1"},"canonical":"https:\/\/www.fuertehoteles.com\/de\/angebote\/","og_locale":"de_DE","og_type":"article","og_title":"Fuerte Hoteles angebote f\u00fcr Ihren Urlaub in Andalusien","og_description":"Sparen Sie bei Ihrem Urlaub mit den Angeboten unserer Hotels an der Costa de la Luz und der Sierra de Grazalema in Andalusien. Jetzt buchen!","og_url":"https:\/\/www.fuertehoteles.com\/de\/angebote\/","og_site_name":"Fuerte Hoteles","article_publisher":"https:\/\/www.facebook.com\/HotelesFuerte","article_modified_time":"2024-02-15T10:03:11+00:00","og_image":[{"width":1920,"height":540,"url":"https:\/\/www.fuertehoteles.com\/wp-content\/uploads\/2022\/09\/ofertas-cabecera.jpg","type":"image\/jpeg"}],"twitter_card":"summary_large_image","twitter_site":"@fuertehoteles","schema":{"@context":"https:\/\/schema.org","@graph":[{"@type":"WebPage","@id":"https:\/\/www.fuertehoteles.com\/de\/angebote\/","url":"https:\/\/www.fuertehoteles.com\/de\/angebote\/","name":"Fuerte Hoteles angebote f\u00fcr Ihren Urlaub in Andalusien","isPartOf":{"@id":"https:\/\/www.fuertehoteles.com\/#website"},"primaryImageOfPage":{"@id":"https:\/\/www.fuertehoteles.com\/de\/angebote\/#primaryimage"},"image":{"@id":"https:\/\/www.fuertehoteles.com\/de\/angebote\/#primaryimage"},"thumbnailUrl":"https:\/\/www.fuertehoteles.com\/wp-content\/uploads\/2022\/09\/ofertas-cabecera.jpg","datePublished":"2022-09-28T13:28:53+00:00","dateModified":"2024-02-15T10:03:11+00:00","description":"Sparen Sie bei Ihrem Urlaub mit den Angeboten unserer Hotels an der Costa de la Luz und der Sierra de Grazalema in Andalusien. Jetzt buchen!","breadcrumb":{"@id":"https:\/\/www.fuertehoteles.com\/de\/angebote\/#breadcrumb"},"inLanguage":"de","potentialAction":[{"@type":"ReadAction","target":["https:\/\/www.fuertehoteles.com\/de\/angebote\/"]}]},{"@type":"ImageObject","inLanguage":"de","@id":"https:\/\/www.fuertehoteles.com\/de\/angebote\/#primaryimage","url":"https:\/\/www.fuertehoteles.com\/wp-content\/uploads\/2022\/09\/ofertas-cabecera.jpg","contentUrl":"https:\/\/www.fuertehoteles.com\/wp-content\/uploads\/2022\/09\/ofertas-cabecera.jpg","width":1920,"height":540},{"@type":"BreadcrumbList","@id":"https:\/\/www.fuertehoteles.com\/de\/angebote\/#breadcrumb","itemListElement":[{"@type":"ListItem","position":1,"name":"Portada","item":"https:\/\/www.fuertehoteles.com\/de\/"},{"@type":"ListItem","position":2,"name":"Angebote"}]},{"@type":"WebSite","@id":"https:\/\/www.fuertehoteles.com\/#website","url":"https:\/\/www.fuertehoteles.com\/","name":"Fuerte Hoteles","description":"","publisher":{"@id":"https:\/\/www.fuertehoteles.com\/#organization"},"potentialAction":[{"@type":"SearchAction","target":{"@type":"EntryPoint","urlTemplate":"https:\/\/www.fuertehoteles.com\/?s={search_term_string}"},"query-input":"required name=search_term_string"}],"inLanguage":"de"},{"@type":"Organization","@id":"https:\/\/www.fuertehoteles.com\/#organization","name":"Fuerte Hoteles","url":"https:\/\/www.fuertehoteles.com\/","logo":{"@type":"ImageObject","inLanguage":"de","@id":"https:\/\/www.fuertehoteles.com\/#\/schema\/logo\/image\/","url":"https:\/\/www.fuertehoteles.com\/wp-content\/uploads\/2022\/09\/logo-ffhh-1.jpg","contentUrl":"https:\/\/www.fuertehoteles.com\/wp-content\/uploads\/2022\/09\/logo-ffhh-1.jpg","width":500,"height":500,"caption":"Fuerte Hoteles"},"image":{"@id":"https:\/\/www.fuertehoteles.com\/#\/schema\/logo\/image\/"},"sameAs":["https:\/\/www.facebook.com\/HotelesFuerte","https:\/\/twitter.com\/fuertehoteles","https:\/\/www.instagram.com\/fuertehoteles\/","https:\/\/www.linkedin.com\/company\/fuerte-hoteles\/","https:\/\/www.youtube.com\/user\/fuertehoteles","https:\/\/en.wikipedia.org\/wiki\/Fuerte_Hotels"]}]}},"_links":{"self":[{"href":"https:\/\/www.fuertehoteles.com\/de\/wp-json\/wp\/v2\/pages\/151080","targetHints":{"allow":["GET"]}}],"collection":[{"href":"https:\/\/www.fuertehoteles.com\/de\/wp-json\/wp\/v2\/pages"}],"about":[{"href":"https:\/\/www.fuertehoteles.com\/de\/wp-json\/wp\/v2\/types\/page"}],"author":[{"embeddable":true,"href":"https:\/\/www.fuertehoteles.com\/de\/wp-json\/wp\/v2\/users\/6"}],"replies":[{"embeddable":true,"href":"https:\/\/www.fuertehoteles.com\/de\/wp-json\/wp\/v2\/comments?post=151080"}],"version-history":[{"count":1,"href":"https:\/\/www.fuertehoteles.com\/de\/wp-json\/wp\/v2\/pages\/151080\/revisions"}],"predecessor-version":[{"id":151081,"href":"https:\/\/www.fuertehoteles.com\/de\/wp-json\/wp\/v2\/pages\/151080\/revisions\/151081"}],"wp:featuredmedia":[{"embeddable":true,"href":"https:\/\/www.fuertehoteles.com\/de\/wp-json\/wp\/v2\/media\/7489"}],"wp:attachment":[{"href":"https:\/\/www.fuertehoteles.com\/de\/wp-json\/wp\/v2\/media?parent=151080"}],"curies":[{"name":"wp","href":"https:\/\/api.w.org\/{rel}","templated":true}]}}