{"id":154568,"date":"2024-08-30T11:00:30","date_gmt":"2024-08-30T09:00:30","guid":{"rendered":"https:\/\/www.fuertehoteles.com\/?page_id=154568"},"modified":"2025-07-21T10:31:56","modified_gmt":"2025-07-21T08:31:56","slug":"rechtlicher-hinweise","status":"publish","type":"page","link":"https:\/\/www.fuertehoteles.com\/de\/rechtlicher-hinweise\/","title":{"rendered":"Rechtliche Hinweise"},"content":{"rendered":"[vc_section full_width=&#8220;stretch_row&#8220; css=&#8220;.vc_custom_1725013836593{background-image: url(https:\/\/www.fuertehoteles.com\/wp-content\/uploads\/2024\/08\/aviso-legal-cabecera.jpg?id=154609) !important;background-position: center !important;background-repeat: no-repeat !important;background-size: cover !important;}&#8220; el_class=&#8220;fh_legal-notice_header&#8220; el_id=&#8220;top&#8220;][vc_row full_width=&#8220;stretch_row&#8220;][vc_column][vc_column_text el_class=&#8220;fh_legal-notice_title-header&#8220;]\n<h2 id=\"rechtliche-hinweise\" style=\"text-align: center;\">Rechtliche Hinweise<\/h2>\n[\/vc_column_text][\/vc_column][\/vc_row][\/vc_section][vc_section el_class=&#8220;fh_legal-notice_info-text&#8220;][vc_row][vc_column][vc_column_text]\n<h3 id=\"rechtliche-hinweise\">Rechtliche Hinweise<\/h3>\n<p><strong>VORL\u00c4UFIGE EMPFEHLUNG:<\/strong><\/p>\n<p>Bitte lesen Sie alle Abschnitte dieses rechtlichen Hinweises sowie unsere Datenschutzerkl\u00e4rung, bevor Sie diese Website nutzen. Die folgenden Bedingungen sind f\u00fcr jeden Nutzer der Website verbindlich.<\/p>\n<p>In \u00dcbereinstimmung mit der Informationspflicht gem\u00e4\u00df dem Gesetz 34\/2002 \u00fcber Dienste der Informationsgesellschaft und den elektronischen Gesch\u00e4ftsverkehr (LSSI-CE) vom 11. Juli werden die folgenden allgemeinen Informationen \u00fcber diese Website bereitgestellt.<\/p>\n<ol>\n<li><strong>EINLEITUNG; IDENTIFIKATIONSDATEN UND NUTZER:<\/strong> Dieser rechtliche Hinweis und unsere Datenschutzerkl\u00e4rung regeln die Nutzung des Internetportals <a href=\"https:\/\/www.fuertehoteles.com\/\">fuertehoteles.com<\/a> und informieren Sie in \u00dcbereinstimmung mit dem Gesetz 34\/2002 vom 11. Juli wie folgt:<\/li>\n<\/ol>\n<ul>\n<li><strong>Firmenbezeichnung:<\/strong> FUERTEGROUP S.L. (fortan FUERTE HOTELES)<\/li>\n<li><strong>Steuernummer<\/strong>: B-92120237<\/li>\n<li><strong>Firmensitz<\/strong>: Avda. Severo Ochoa, 28, 9\u00ba A, 29603 Marbella (M\u00e1laga). Eingetragen im Handelsregister von M\u00e1laga im Band 2500, Buch 1413, Folio 132, Abschnitt 8, Blatt MA-40981.<\/li>\n<li><strong>E-Mail-Adresse:<\/strong><a href=\"mailto:infogrupo@fuerte-group.com\">infogrupo@fuerte-group.com<\/a>\u00a0Telefonnummer: +34 917 941 284<\/li>\n<li><strong>Datenschutzbeauftragter:\u00a0<\/strong><a href=\"mailto:dpo@fuerte-group.com\">dpo@fuerte-group.com<\/a><\/li>\n<li><strong>Gesch\u00e4ftsaktivit\u00e4t <\/strong>\u2013 Tourismus und Hotelgewerbe.<\/li>\n<li><strong>Zweck der Website:<\/strong> mit uns Kontakt aufzunehmen, einen Kostenvoranschlag zu beantragen oder Reservierungen zu machen und unsere Gesch\u00e4ftsaktivit\u00e4t bekannt zu machen.<\/li>\n<\/ul>\n<p><strong>Fuerte Grazalema<\/strong><\/p>\n<ul>\n<li><strong>Typ<\/strong>: Hotel<\/li>\n<li><strong>Kategorie<\/strong>: 4****<\/li>\n<li><strong>Registrierungsnummer:\u00a0 <\/strong>H\/CA\/01027<\/li>\n<li><strong>Firmenname: <\/strong>HOTELES CON ENCANTO, S.L.<\/li>\n<li><strong>Gesch\u00e4ftssitz: <\/strong> Severo Ochoa N.\u00ba 28 9\u00ba A 29603 Marbella M\u00e1laga<\/li>\n<li><strong>NIF:<\/strong> B29731965<\/li>\n<li><strong>Registrierungsdaten: <\/strong>Hoja MA-21644 Tomo 1704 Folio 141<\/li>\n<\/ul>\n<p><strong>Fuerte El Rompido<\/strong><\/p>\n<ul>\n<li><strong>Typ<\/strong>: Hotel<\/li>\n<li><strong>Kategorie<\/strong>: 4****<\/li>\n<li><strong>Registrierungsnummer:\u00a0 <\/strong>H\/HU\/00617<\/li>\n<li><strong>Firmenname: <\/strong>FUERTE EL ROMPIDO, S.L.<\/li>\n<li><strong>Gesch\u00e4ftssitz: <\/strong> Severo Ochoa N.\u00ba 28 9\u00ba A 29603 Marbella M\u00e1laga<\/li>\n<li><strong>NIF:<\/strong> B92135359<\/li>\n<li><strong>Registrierungsdaten: <\/strong>Hoja MA-42041 Tomo 2540 Libro 1453 Folio 77.<\/li>\n<\/ul>\n<p><strong>Fuerte Conil Resort<\/strong><\/p>\n<ul>\n<li><strong>Typ<\/strong>: Hotel<\/li>\n<li><strong>Kategorie<\/strong>: 4****<\/li>\n<li><strong>Registrierungsnummer:\u00a0 <\/strong>H\/CA\/01475<\/li>\n<li><strong>Firmenname: <\/strong>EVERPLANE, S.L.<\/li>\n<li><strong>Gesch\u00e4ftssitz: <\/strong> Severo Ochoa N.\u00ba 28 9\u00ba A 29603 Marbella M\u00e1laga<\/li>\n<li><strong>NIF:<\/strong> B81175192<\/li>\n<li><strong>Registrierungsdaten: <\/strong>Hoja MA-46966 Tomo 2719 Libro 1632 Folio 119<\/li>\n<\/ul>\n<p>Dieses Dokument zielt darauf ab, die allgemeinen Nutzungsbedingungen des PORTALS festzulegen, die f\u00fcr alle nat\u00fcrlichen Personen, Fachleute und Unternehmen (im Folgenden der NUTZER) verbindlich sind, die es nutzen m\u00f6chten (aktuelle oder zuk\u00fcnftige Dienste, die FUERTE HOTELES m\u00f6glicherweise \u00fcber das PORTAL anbietet).<\/p>\n<ol start=\"2\">\n<li><strong>PFLICHTEN DES NUTZERS, NUTZUNG DER WEBSITE, IHRER DIENSTE UND INHALTE: <\/strong>Der Nutzer verpflichtet sich, das Portal, die Inhalte und die Dienste unter Beachtung der geltenden Gesetze, allgemein anerkannter Praktiken und der \u00f6ffentlichen Ordnung zu nutzen. Die Nutzung der Website zu illegalen oder sch\u00e4dlichen Zwecken gegen FUERTE HOTELES oder Dritte, die den normalen Gebrauch des PORTALS beeintr\u00e4chtigen oder verhindern k\u00f6nnten, ist untersagt. FUERTE HOTELES garantiert, dass die vom Portal angebotenen Inhalte und Dienste das Prinzip der Menschenw\u00fcrde, den Schutz von Jugendlichen und Kindern sowie die Nichtdiskriminierung aufgrund von Rasse, Geschlecht, Religion, Meinung, Nationalit\u00e4t, Behinderung oder anderen pers\u00f6nlichen und sozialen Aspekten respektieren. FUERTE HOTELES beh\u00e4lt sich das Recht vor, Kommentare und Beitr\u00e4ge zu entfernen, die gegen das Gesetz versto\u00dfen oder die genannten Prinzipien nicht respektieren. Diese Allgemeinen Nutzungsbedingungen des PORTALS gew\u00e4hren dem NUTZER keine weiteren Rechte zur Nutzung, Ver\u00e4nderung, Verwertung, Reproduktion, Verteilung oder \u00f6ffentlichen Kommunikation des Portals und\/oder seiner Inhalte, au\u00dfer in den hier ausdr\u00fccklich vorgesehenen F\u00e4llen. Die Inhalte (Informationen, Ton- und\/oder Bilddateien, Fotos, Designs usw.) auf dem Portal sind Eigentum von FUERTE HOTELES oder wurden ordnungsgem\u00e4\u00df zur Verbreitung durch ihre rechtm\u00e4\u00dfigen Eigent\u00fcmer genehmigt. FUERTE HOTELES verpflichtet sich, keine irref\u00fchrende Werbung zu betreiben, daher ist Folgendes untersagt:<\/li>\n<\/ol>\n<ul>\n<li>Die Nutzung zu kommerziellen oder werblichen Zwecken, die nicht ausdr\u00fccklich gestattet sind.<\/li>\n<li>Reproduktion, Ver\u00f6ffentlichung, Verteilung oder \u00c4nderung, ganz oder teilweise, es sei denn, dies wurde zuvor schriftlich von den rechtm\u00e4\u00dfigen Eigent\u00fcmern genehmigt oder ist gesetzlich zul\u00e4ssig.<\/li>\n<li>Jede Verletzung der Rechte von FUERTE HOTELES oder ihrer rechtm\u00e4\u00dfigen Eigent\u00fcmer.<\/li>\n<\/ul>\n<ol start=\"3\">\n<li><strong>GEISTIGES UND GEWERBLICHES EIGENTUM: <\/strong>Der NUTZER erkennt an und akzeptiert, dass alle Rechte an geistigem und gewerblichem Eigentum an den Inhalten und\/oder anderen Elementen, die in das Portal eingef\u00fcgt wurden, FUERTE HOTELES geh\u00f6ren oder ordnungsgem\u00e4\u00df zur Verbreitung auf diesem PORTAL autorisiert sind. Wenn ein Nutzer oder Dritte der Ansicht sind, dass ihre legitimen geistigen Eigentumsrechte durch die Einf\u00fchrung bestimmter Inhalte auf der Website verletzt wurden, m\u00fcssen sie FUERTE HOTELES dar\u00fcber informieren und folgende Informationen bereitstellen:<\/li>\n<\/ol>\n<ul>\n<li>Personenbezogene Daten des betroffenen Eigent\u00fcmers der angeblich verletzten Rechte oder Angaben zur Vertretung, mit der sie handeln, wenn die Forderung von einem Dritten und nicht vom Betroffenen selbst erhoben wird.<\/li>\n<li>Identifizierung der durch geistige Eigentumsrechte gesch\u00fctzten Inhalte und deren Standort auf der Website, Akkreditierung der genannten geistigen Eigentumsrechte sowie eine ausdr\u00fcckliche Erkl\u00e4rung, in der der Betroffene die Verantwortung f\u00fcr die Richtigkeit der in der Mitteilung bereitgestellten Informationen \u00fcbernimmt.<\/li>\n<\/ul>\n<ol start=\"4\">\n<li><strong>LINKS:<\/strong> Das PORTAL stellt Links zu anderen Websites und Inhalten zur Verf\u00fcgung, die Dritten geh\u00f6ren. Der einzige Zweck dieser Links besteht darin, dem Nutzer Zugang zu solchen Links zu verschaffen. FUERTE HOTELES haftet in keinem Fall f\u00fcr die Ergebnisse, die sich aus dem Zugriff des Nutzers auf diese Links ergeben. Der Nutzer, der beabsichtigt, einen technischen Link von seiner Website zum Portal <a href=\"https:\/\/www.fuertehoteles.com\/\">fuertehoteles.com<\/a> zu erstellen, muss zuvor eine schriftliche Genehmigung von FUERTE HOTELES einholen. Die Einrichtung des Links impliziert in keinem Fall das Bestehen von Beziehungen zwischen dem PORTAL und dem Inhaber der Website, auf der der Link erstellt wird, noch die Annahme oder Genehmigung von deren Inhalten oder Dienstleistungen durch <a href=\"https:\/\/www.fuertehoteles.com\/\">www.fuertehoteles.com<\/a>.<\/li>\n<\/ol>\n<ol start=\"5\">\n<li><strong>EINSEITIGE \u00c4NDERUNG UND DAUER: FUERTE HOTELES<\/strong> beh\u00e4lt sich das Recht vor, jederzeit und ohne vorherige Ank\u00fcndigung die Darstellung und Konfiguration des Webportals <a href=\"https:\/\/www.fuertehoteles.com\/\">fuertehoteles.com<\/a> sowie diesen rechtlichen Hinweis zu \u00e4ndern.<\/li>\n<\/ol>\n<ol start=\"6\">\n<li><strong>HAFTUNGSAUSSCHLUSS:<\/strong> FUERTE HOTELES \u00fcbernimmt keine Garantie und haftet in keinem Fall f\u00fcr Sch\u00e4den jeglicher Art, die sich aus Folgendem ergeben k\u00f6nnten:<\/li>\n<\/ol>\n<ul>\n<li>Das Fehlen der Verf\u00fcgbarkeit, Wartung und des effektiven Betriebs der Website und\/oder ihrer Dienste oder Inhalte.<\/li>\n<li>Das Vorhandensein von Viren, b\u00f6sartigen oder sch\u00e4dlichen Programmen in den Inhalten.<\/li>\n<li>Illegale, nachl\u00e4ssige, betr\u00fcgerische Nutzung, die gegen diese Allgemeinen Bedingungen, gegen Treu und Glauben, gegen allgemein anerkannte Praktiken oder gegen die \u00f6ffentliche Ordnung verst\u00f6\u00dft, der Website, ihrer Dienste oder Inhalte durch die Nutzer.<\/li>\n<\/ul>\n<ol start=\"7\">\n<li><strong>VERARBEITUNG PERSONENBEZOGENER DATEN:<\/strong> FUERTE HOTELES hat, wie in seiner &#8222;DATENSCHUTZRICHTLINIE&#8220; dargelegt, die Sie auf unserer Website einsehen k\u00f6nnen, die entsprechenden Sicherheitsstufen f\u00fcr die von ihm verarbeiteten und verwalteten Daten \u00fcbernommen, wobei alle ihm zur Verf\u00fcgung stehenden technischen Mittel und Ma\u00dfnahmen integriert wurden, um die Vertraulichkeit zu gew\u00e4hrleisten, Missbrauch, Verlust, Ver\u00e4nderung, unbefugten Zugriff und Diebstahl zu verhindern.<\/li>\n<\/ol>\n<ol start=\"8\">\n<li><strong>ANWENDBARES RECHT UND GERICHTSSTAND<\/strong>: Die Nutzung und Datenschutzrichtlinien der Website unterliegen spanischem Recht. Im Falle von Streitigkeiten hinsichtlich ihrer G\u00fcltigkeit, Ausf\u00fchrung, Erf\u00fcllung oder Beendigung verzichten FUERTEGROUP und die KUNDEN\/NUTZER\/BEWERBER ausdr\u00fccklich auf ihren Gerichtsstand oder einen anderen, der ihnen zustehen k\u00f6nnte, und unterwerfen sich der Gerichtsbarkeit der Gerichte von Marbella, wo sich der Eigent\u00fcmer dieser Website befindet und somit der Ort, an dem die Verpflichtungen im Zusammenhang mit der Nutzung und Datenschutzrichtlinie erf\u00fcllt werden. Dieser Vertrag stellt die vollst\u00e4ndige und gesamte Vereinbarung zwischen FUERTEGROUP und dem KUNDEN\/NUTZER\/BEWERBER dar und ersetzt alle fr\u00fcheren Vereinbarungen, Verpflichtungen, Zusicherungen oder Absprachen, ob schriftlich oder m\u00fcndlich, die zuvor zwischen ihnen bestanden haben k\u00f6nnten. Im Hinblick auf Streitigkeiten, die sich aus der Ausf\u00fchrung und Erf\u00fcllung des Vertrags oder der auf dieser Website angebotenen Dienstleistungen ergeben und nicht au\u00dfergerichtlich beigelegt werden k\u00f6nnen, sind die Gerichte zust\u00e4ndig, die f\u00fcr den Ort zust\u00e4ndig sind, an dem sich die touristische Einrichtung befindet, die auf dieser Website informiert wird, da dies der Ort ist, an dem die Verpflichtung, die der Streitigkeit zugrunde liegt, erf\u00fcllt wird.<\/li>\n<\/ol>\n<ol start=\"9\">\n<li><strong>PLATTFORM F\u00dcR DIE ONLINE-STREITBEILEGUNG:<br \/>\n<\/strong><strong><strong>Alternative Streitbeilegung im Verbraucherbereich<\/strong><\/strong>&nbsp;<\/p>\n<p>Verbraucher werden dar\u00fcber informiert, dass sie sich zur Beilegung m\u00f6glicher verbraucherbezogener Konflikte an Stellen zur alternativen Streitbeilegung wenden k\u00f6nnen. Eine solche Stelle ist die Schiedsstelle f\u00fcr Verbraucherangelegenheiten der Autonomen Gemeinschaft Andalusien. Die Kontaktdaten lauten wie folgt:<\/p>\n<ul>\n<li>Telefon: +34 955 006 300<\/li>\n<li>Website: <a href=\"http:\/\/www.consumoresponde.es\/temas\/arbitraje_de_consumo\">consumoresponde.es\/temas\/arbitraje_de_consumo<\/a><\/li>\n<li>E-Mail: <a href=\"mailto:juntaarbitralconsumo.csalud@juntadeandalucia.es\">csalud@juntadeandalucia.es<\/a><\/li>\n<\/ul>\n<\/li>\n<\/ol>\n<ol start=\"10\">\n<li><strong>INFORMATIONEN ZUM WIDERRUF:<\/strong> Gem\u00e4\u00df Artikel 103, l) des K\u00f6niglichen Gesetzesdekrets 1\/2007 vom 16. November \u00fcber das Allgemeine Gesetz zum Schutz der Verbraucher und Nutzer wird darauf hingewiesen, dass der Beherbergungsservice des Hotels, da er eine spezifische Ausf\u00fchrungsfrist oder einen spezifischen Ausf\u00fchrungszeitraum vorsieht, kein Widerrufsrecht vom Beherbergungsvertrag zul\u00e4sst, sobald dieser begonnen hat.<\/li>\n<\/ol>\n<p><strong>KONTAKT:<\/strong> Wenn ein Nutzer Fragen zu diesem rechtlichen Hinweis oder Kommentare zur Website hat, kann er sich an infogrupo@fuerte-group.com wenden.[\/vc_column_text][\/vc_column][\/vc_row][\/vc_section]\n","protected":false},"excerpt":{"rendered":"<p>[vc_section full_width=&#8220;stretch_row&#8220; css=&#8220;.vc_custom_1725013836593{background-image: url(https:\/\/www.fuertehoteles.com\/wp-content\/uploads\/2024\/08\/aviso-legal-cabecera.jpg?id=154609) !important;background-position: center !important;background-repeat: no-repeat !important;background-size: cover !important;}&#8220; el_class=&#8220;fh_legal-notice_header&#8220; el_id=&#8220;top&#8220;][vc_row full_width=&#8220;stretch_row&#8220;][vc_column][vc_column_text el_class=&#8220;fh_legal-notice_title-header&#8220;] Rechtliche Hinweise [\/vc_column_text][\/vc_column][\/vc_row][\/vc_section][vc_section el_class=&#8220;fh_legal-notice_info-text&#8220;][vc_row][vc_column][vc_column_text] Rechtliche Hinweise VORL\u00c4UFIGE EMPFEHLUNG: Bitte lesen Sie alle Abschnitte dieses rechtlichen Hinweises sowie unsere Datenschutzerkl\u00e4rung, bevor Sie diese Website nutzen. Die folgenden Bedingungen sind f\u00fcr jeden Nutzer der Website verbindlich. In \u00dcbereinstimmung mit der Informationspflicht gem\u00e4\u00df<\/p>\n","protected":false},"author":6,"featured_media":0,"parent":0,"menu_order":0,"comment_status":"closed","ping_status":"closed","template":"templates\/landings.php","meta":{"footnotes":""},"class_list":["post-154568","page","type-page","status-publish","hentry"],"yoast_head":"<!-- This site is optimized with the Yoast SEO plugin v22.4 - https:\/\/yoast.com\/wordpress\/plugins\/seo\/ -->\n<title>Rechtliche Hinweise Fuerte Hoteles Andalusien<\/title>\n<meta name=\"description\" content=\"Rechtliche Hinweise Fuerte Hoteles Andalusien\" \/>\n<meta name=\"robots\" content=\"index, follow, max-snippet:-1, max-image-preview:large, max-video-preview:-1\" \/>\n<link rel=\"canonical\" href=\"https:\/\/www.fuertehoteles.com\/de\/rechtlicher-hinweise\/\" \/>\n<meta property=\"og:locale\" content=\"de_DE\" \/>\n<meta property=\"og:type\" content=\"article\" \/>\n<meta property=\"og:title\" content=\"Rechtliche Hinweise Fuerte Hoteles Andalusien\" \/>\n<meta property=\"og:description\" content=\"Rechtliche Hinweise Fuerte Hoteles Andalusien\" \/>\n<meta property=\"og:url\" content=\"https:\/\/www.fuertehoteles.com\/de\/rechtlicher-hinweise\/\" \/>\n<meta property=\"og:site_name\" content=\"Fuerte Hoteles\" \/>\n<meta property=\"article:publisher\" content=\"https:\/\/www.facebook.com\/HotelesFuerte\" \/>\n<meta property=\"article:modified_time\" content=\"2025-07-21T08:31:56+00:00\" \/>\n<meta name=\"twitter:card\" content=\"summary_large_image\" \/>\n<meta name=\"twitter:site\" content=\"@fuertehoteles\" \/>\n<meta name=\"twitter:label1\" content=\"Gesch\u00e4tzte Lesezeit\" \/>\n\t<meta name=\"twitter:data1\" content=\"7\u00a0Minuten\" \/>\n<script type=\"application\/ld+json\" class=\"yoast-schema-graph\">{\"@context\":\"https:\/\/schema.org\",\"@graph\":[{\"@type\":\"WebPage\",\"@id\":\"https:\/\/www.fuertehoteles.com\/de\/rechtlicher-hinweise\/\",\"url\":\"https:\/\/www.fuertehoteles.com\/de\/rechtlicher-hinweise\/\",\"name\":\"Rechtliche Hinweise Fuerte Hoteles Andalusien\",\"isPartOf\":{\"@id\":\"https:\/\/www.fuertehoteles.com\/#website\"},\"datePublished\":\"2024-08-30T09:00:30+00:00\",\"dateModified\":\"2025-07-21T08:31:56+00:00\",\"description\":\"Rechtliche Hinweise Fuerte Hoteles Andalusien\",\"breadcrumb\":{\"@id\":\"https:\/\/www.fuertehoteles.com\/de\/rechtlicher-hinweise\/#breadcrumb\"},\"inLanguage\":\"de\",\"potentialAction\":[{\"@type\":\"ReadAction\",\"target\":[\"https:\/\/www.fuertehoteles.com\/de\/rechtlicher-hinweise\/\"]}]},{\"@type\":\"BreadcrumbList\",\"@id\":\"https:\/\/www.fuertehoteles.com\/de\/rechtlicher-hinweise\/#breadcrumb\",\"itemListElement\":[{\"@type\":\"ListItem\",\"position\":1,\"name\":\"Portada\",\"item\":\"https:\/\/www.fuertehoteles.com\/de\/\"},{\"@type\":\"ListItem\",\"position\":2,\"name\":\"Rechtliche Hinweise\"}]},{\"@type\":\"WebSite\",\"@id\":\"https:\/\/www.fuertehoteles.com\/#website\",\"url\":\"https:\/\/www.fuertehoteles.com\/\",\"name\":\"Fuerte Hoteles\",\"description\":\"\",\"publisher\":{\"@id\":\"https:\/\/www.fuertehoteles.com\/#organization\"},\"potentialAction\":[{\"@type\":\"SearchAction\",\"target\":{\"@type\":\"EntryPoint\",\"urlTemplate\":\"https:\/\/www.fuertehoteles.com\/?s={search_term_string}\"},\"query-input\":\"required name=search_term_string\"}],\"inLanguage\":\"de\"},{\"@type\":\"Organization\",\"@id\":\"https:\/\/www.fuertehoteles.com\/#organization\",\"name\":\"Fuerte Hoteles\",\"url\":\"https:\/\/www.fuertehoteles.com\/\",\"logo\":{\"@type\":\"ImageObject\",\"inLanguage\":\"de\",\"@id\":\"https:\/\/www.fuertehoteles.com\/#\/schema\/logo\/image\/\",\"url\":\"https:\/\/www.fuertehoteles.com\/wp-content\/uploads\/2022\/09\/logo-ffhh-1.jpg\",\"contentUrl\":\"https:\/\/www.fuertehoteles.com\/wp-content\/uploads\/2022\/09\/logo-ffhh-1.jpg\",\"width\":500,\"height\":500,\"caption\":\"Fuerte Hoteles\"},\"image\":{\"@id\":\"https:\/\/www.fuertehoteles.com\/#\/schema\/logo\/image\/\"},\"sameAs\":[\"https:\/\/www.facebook.com\/HotelesFuerte\",\"https:\/\/twitter.com\/fuertehoteles\",\"https:\/\/www.instagram.com\/fuertehoteles\/\",\"https:\/\/www.linkedin.com\/company\/fuerte-hoteles\/\",\"https:\/\/www.youtube.com\/user\/fuertehoteles\",\"https:\/\/en.wikipedia.org\/wiki\/Fuerte_Hotels\"]}]}<\/script>\n<!-- \/ Yoast SEO plugin. -->","yoast_head_json":{"title":"Rechtliche Hinweise Fuerte Hoteles Andalusien","description":"Rechtliche Hinweise Fuerte Hoteles Andalusien","robots":{"index":"index","follow":"follow","max-snippet":"max-snippet:-1","max-image-preview":"max-image-preview:large","max-video-preview":"max-video-preview:-1"},"canonical":"https:\/\/www.fuertehoteles.com\/de\/rechtlicher-hinweise\/","og_locale":"de_DE","og_type":"article","og_title":"Rechtliche Hinweise Fuerte Hoteles Andalusien","og_description":"Rechtliche Hinweise Fuerte Hoteles Andalusien","og_url":"https:\/\/www.fuertehoteles.com\/de\/rechtlicher-hinweise\/","og_site_name":"Fuerte Hoteles","article_publisher":"https:\/\/www.facebook.com\/HotelesFuerte","article_modified_time":"2025-07-21T08:31:56+00:00","twitter_card":"summary_large_image","twitter_site":"@fuertehoteles","twitter_misc":{"Gesch\u00e4tzte Lesezeit":"7\u00a0Minuten"},"schema":{"@context":"https:\/\/schema.org","@graph":[{"@type":"WebPage","@id":"https:\/\/www.fuertehoteles.com\/de\/rechtlicher-hinweise\/","url":"https:\/\/www.fuertehoteles.com\/de\/rechtlicher-hinweise\/","name":"Rechtliche Hinweise Fuerte Hoteles Andalusien","isPartOf":{"@id":"https:\/\/www.fuertehoteles.com\/#website"},"datePublished":"2024-08-30T09:00:30+00:00","dateModified":"2025-07-21T08:31:56+00:00","description":"Rechtliche Hinweise Fuerte Hoteles Andalusien","breadcrumb":{"@id":"https:\/\/www.fuertehoteles.com\/de\/rechtlicher-hinweise\/#breadcrumb"},"inLanguage":"de","potentialAction":[{"@type":"ReadAction","target":["https:\/\/www.fuertehoteles.com\/de\/rechtlicher-hinweise\/"]}]},{"@type":"BreadcrumbList","@id":"https:\/\/www.fuertehoteles.com\/de\/rechtlicher-hinweise\/#breadcrumb","itemListElement":[{"@type":"ListItem","position":1,"name":"Portada","item":"https:\/\/www.fuertehoteles.com\/de\/"},{"@type":"ListItem","position":2,"name":"Rechtliche Hinweise"}]},{"@type":"WebSite","@id":"https:\/\/www.fuertehoteles.com\/#website","url":"https:\/\/www.fuertehoteles.com\/","name":"Fuerte Hoteles","description":"","publisher":{"@id":"https:\/\/www.fuertehoteles.com\/#organization"},"potentialAction":[{"@type":"SearchAction","target":{"@type":"EntryPoint","urlTemplate":"https:\/\/www.fuertehoteles.com\/?s={search_term_string}"},"query-input":"required name=search_term_string"}],"inLanguage":"de"},{"@type":"Organization","@id":"https:\/\/www.fuertehoteles.com\/#organization","name":"Fuerte Hoteles","url":"https:\/\/www.fuertehoteles.com\/","logo":{"@type":"ImageObject","inLanguage":"de","@id":"https:\/\/www.fuertehoteles.com\/#\/schema\/logo\/image\/","url":"https:\/\/www.fuertehoteles.com\/wp-content\/uploads\/2022\/09\/logo-ffhh-1.jpg","contentUrl":"https:\/\/www.fuertehoteles.com\/wp-content\/uploads\/2022\/09\/logo-ffhh-1.jpg","width":500,"height":500,"caption":"Fuerte Hoteles"},"image":{"@id":"https:\/\/www.fuertehoteles.com\/#\/schema\/logo\/image\/"},"sameAs":["https:\/\/www.facebook.com\/HotelesFuerte","https:\/\/twitter.com\/fuertehoteles","https:\/\/www.instagram.com\/fuertehoteles\/","https:\/\/www.linkedin.com\/company\/fuerte-hoteles\/","https:\/\/www.youtube.com\/user\/fuertehoteles","https:\/\/en.wikipedia.org\/wiki\/Fuerte_Hotels"]}]}},"_links":{"self":[{"href":"https:\/\/www.fuertehoteles.com\/de\/wp-json\/wp\/v2\/pages\/154568","targetHints":{"allow":["GET"]}}],"collection":[{"href":"https:\/\/www.fuertehoteles.com\/de\/wp-json\/wp\/v2\/pages"}],"about":[{"href":"https:\/\/www.fuertehoteles.com\/de\/wp-json\/wp\/v2\/types\/page"}],"author":[{"embeddable":true,"href":"https:\/\/www.fuertehoteles.com\/de\/wp-json\/wp\/v2\/users\/6"}],"replies":[{"embeddable":true,"href":"https:\/\/www.fuertehoteles.com\/de\/wp-json\/wp\/v2\/comments?post=154568"}],"version-history":[{"count":6,"href":"https:\/\/www.fuertehoteles.com\/de\/wp-json\/wp\/v2\/pages\/154568\/revisions"}],"predecessor-version":[{"id":156226,"href":"https:\/\/www.fuertehoteles.com\/de\/wp-json\/wp\/v2\/pages\/154568\/revisions\/156226"}],"wp:attachment":[{"href":"https:\/\/www.fuertehoteles.com\/de\/wp-json\/wp\/v2\/media?parent=154568"}],"curies":[{"name":"wp","href":"https:\/\/api.w.org\/{rel}","templated":true}]}}