{"id":157664,"date":"2026-04-13T14:44:27","date_gmt":"2026-04-13T12:44:27","guid":{"rendered":"https:\/\/www.fuertehoteles.com\/hotel-fuerte-el-rompido\/day-pass\/"},"modified":"2026-04-21T13:53:12","modified_gmt":"2026-04-21T11:53:12","slug":"day-pass","status":"publish","type":"page","link":"https:\/\/www.fuertehoteles.com\/de\/hotel-fuerte-el-rompido\/day-pass\/","title":{"rendered":"Day Pass"},"content":{"rendered":"[vc_section full_width=&#8220;stretch_row&#8220; css=&#8220;.vc_custom_1776411762067{background-image: url(https:\/\/www.fuertehoteles.com\/wp-content\/uploads\/2026\/04\/hero-day-pass-fuerte-el-rompido-piscinas.jpg?id=157691) !important;background-position: center !important;background-repeat: no-repeat !important;background-size: cover !important;}&#8220; el_class=&#8220;fh_day-pass_header&#8220;][vc_row full_width=&#8220;stretch_row&#8220; el_class=&#8220;fh_day-pass_header_row&#8220;][vc_column][vc_single_image image=&#8220;157589&#8243; img_size=&#8220;&#8220; alignment=&#8220;center&#8220; css=&#8220;.vc_custom_1776149347851{background-position: center !important;background-repeat: no-repeat !important;background-size: contain !important;}&#8220;][\/vc_column][\/vc_row][\/vc_section][vc_section el_class=&#8220;fh_day-pass_intro&#8220;][vc_row][vc_column][vc_column_text css_animation=&#8220;fadeInUp&#8220; el_class=&#8220;fh_day-pass_intro_title&#8220;]\n<h1 style=\"text-align: center;\">Day Pass<\/h1>\n[\/vc_column_text][vc_column_text css_animation=&#8220;fadeInUp&#8220; el_class=&#8220;fh_day-pass_intro_divider center&#8220;]\n<hr \/>\n[\/vc_column_text][vc_column_text el_class=&#8220;fh_day-pass_intro_text&#8220;]\n<p style=\"text-align: center;\">Erleben Sie einen perfekten Tag zum Abschalten im <strong>Fuerte El Rompido<\/strong>. Entspannen Sie an unseren Pools und genie\u00dfen Sie unsere Einrichtungen mit der Familie oder dem Partner. Dieser Pass beinhaltet ein fantastisches Guthaben, damit Sie unsere Gastronomie probieren und sich mit Ihren Lieblingsgetr\u00e4nken in Ihrem eigenen Tempo und \u00fcberall im Hotel erfrischen k\u00f6nnen. Der ideale Plan f\u00fcr einen unvergesslichen Mini-Urlaub.<\/p>\n[\/vc_column_text][\/vc_column][\/vc_row][\/vc_section][vc_section el_class=&#8220;fh_day-pass_content&#8220;][vc_row][vc_column width=&#8220;5\/12&#8243; el_class=&#8220;fh_day-pass_content_calendar&#8220; offset=&#8220;vc_col-lg-4&#8243;][vc_raw_html]JTNDc2NyaXB0JTIwc3JjJTNEJTIyaHR0cHMlM0ElMkYlMkZ3d3cudHJhbnNmZXJzYW5kZXhwZXJpZW5jZXMuY29tJTJGYWRkaXRpb25hbC1zZXJ2aWNlcyUyRmlmcmFtZS10eWUtc2NyaXB0LmpzJTIyJTNFJTNDJTJGc2NyaXB0JTNFJTNDaWZyYW1lJTIwaWQlM0QlMjJpZnJhbWVfYm9va2luZyUyMiUyMHNyYyUzRCUyMmh0dHBzJTNBJTJGJTJGd3d3LnRyYW5zZmVyc2FuZGV4cGVyaWVuY2VzLmNvbSUyRmFkZGl0aW9uYWwtc2VydmljZXMlMkZ2aWV3JTNGcHJvZHVjdF9pZCUzRDE0MiUyNmFtcCUzQnR5cGUlM0RzaWRlYmFyLXByb2R1Y3QlMjZhbXAlM0Jtb2RlJTNEcG9ydHJhaXQlMjZhbXAlM0Jjb2RlJTNEZEI2cllnNE45SzJMJTI2YW1wJTNCbGFuZyUzRGRlJTIyJTIwd2lkdGglM0QlMjIxMDAlMjUlMjIlMjBoZWlnaHQlM0QlMjI2MDBweCUyMiUyMGZyYW1lYm9yZGVyJTNEJTIyMCUyMiUyMGFsbG93ZnVsbHNjcmVlbiUzRCUyMmFsbG93ZnVsbHNjcmVlbiUyMiUzRSUzQyUyRmlmcmFtZSUzRQ==[\/vc_raw_html][\/vc_column][vc_column width=&#8220;7\/12&#8243; el_class=&#8220;fh_day-pass_content_list-condition&#8220; offset=&#8220;vc_col-lg-8&#8243;]<div class=\"uavc-list-icon uavc-list-icon-wrapper ult-adjust-bottom-margin   \"><ul class=\"uavc-list\"><li><div class=\"uavc-list-content\" id=\"list-icon-wrap-5499\">\n<div class=\"uavc-list-icon  \" data-animation=\"\" data-animation-delay=\"03\" style=\"margin-right:8px;\"><div class=\"ult-just-icon-wrapper  \"><div class=\"align-icon\" style=\"text-align:center;\">\n<div class=\"aio-icon none \"  style=\"color:#333333;font-size:24px;display:inline-block;\">\n\t<i class=\"Defaults-clock-o\"><\/i>\n<\/div><\/div><\/div>\n<\/div><span  data-ultimate-target='#list-icon-wrap-5499 .uavc-list-desc'  data-responsive-json-new='{\"font-size\":\"\",\"line-height\":\"\"}'  class=\"uavc-list-desc ult-responsive\" style=\"\"><strong>Zeit:<\/strong> 11:00 bis 19:00 Uhr.<\/span><\/div><\/li><li><div class=\"uavc-list-content\" id=\"list-icon-wrap-8016\">\n<div class=\"uavc-list-icon  \" data-animation=\"\" data-animation-delay=\"03\" style=\"margin-right:8px;\"><div class=\"ult-just-icon-wrapper  \"><div class=\"align-icon\" style=\"text-align:center;\">\n<div class=\"aio-icon none \"  style=\"color:#333333;font-size:24px;display:inline-block;\">\n\t<i class=\"Defaults-ticket\"><\/i>\n<\/div><\/div><\/div>\n<\/div><span  data-ultimate-target='#list-icon-wrap-8016 .uavc-list-desc'  data-responsive-json-new='{\"font-size\":\"\",\"line-height\":\"\"}'  class=\"uavc-list-desc ult-responsive\" style=\"\"><strong>Verzehr:<\/strong> Beinhaltet ein Guthaben von 30\u20ac, das exklusiv f\u00fcr Getr\u00e4nke in allen Verkaufsstellen des Hotels g\u00fcltig ist.<\/span><\/div><\/li><li><div class=\"uavc-list-content\" id=\"list-icon-wrap-6338\">\n<div class=\"uavc-list-icon  \" data-animation=\"\" data-animation-delay=\"03\" style=\"margin-right:8px;\"><div class=\"ult-just-icon-wrapper  \"><div class=\"align-icon\" style=\"text-align:center;\">\n<div class=\"aio-icon none \"  style=\"color:#333333;font-size:24px;display:inline-block;\">\n\t<i class=\"Defaults-user\"><\/i>\n<\/div><\/div><\/div>\n<\/div><span  data-ultimate-target='#list-icon-wrap-6338 .uavc-list-desc'  data-responsive-json-new='{\"font-size\":\"\",\"line-height\":\"\"}'  class=\"uavc-list-desc ult-responsive\" style=\"\"><strong>Auch f\u00fcr externe G\u00e4ste verf\u00fcgbar.<\/strong><\/span><\/div><\/li><li><div class=\"uavc-list-content\" id=\"list-icon-wrap-1753\">\n<div class=\"uavc-list-icon  \" data-animation=\"\" data-animation-delay=\"03\" style=\"margin-right:8px;\"><div class=\"ult-just-icon-wrapper  \"><div class=\"align-icon\" style=\"text-align:center;\">\n<div class=\"aio-icon-img \" style=\"font-size:24px;display:inline-block;\" >\n\t<img decoding=\"async\" class=\"img-icon\" alt=\"null\" src=\"https:\/\/www.fuertehoteles.com\/wp-content\/uploads\/2026\/04\/couple-xl.png\"\/>\n<\/div><\/div><\/div>\n<\/div><span  data-ultimate-target='#list-icon-wrap-1753 .uavc-list-desc'  data-responsive-json-new='{\"font-size\":\"\",\"line-height\":\"\"}'  class=\"uavc-list-desc ult-responsive\" style=\"\">Ab 60\u20ac pro paar.<\/span><\/div><\/li><\/ul><\/div>[\/vc_column][\/vc_row][\/vc_section][vc_section el_class=&#8220;fh_day-pass_carousel-images&#8220;][vc_row full_width=&#8220;stretch_row_content_no_spaces&#8220; equal_height=&#8220;yes&#8220; content_placement=&#8220;top&#8220; css_animation=&#8220;fadeInUp&#8220;][vc_column css=&#8220;.vc_custom_1585309539535{margin-top: 0px !important;padding-top: 0px !important;}&#8220;]<div class=\"mpc-carousel__wrapper mpc-waypoint\"><div id=\"mpc_carousel_image-3669ea58658c2c0\" class=\"mpc-carousel-image mpc-init mpc-animation mpc-layout--fluid mpc-effect--none mpc-force-height \"  data-animation-in=\"transition.fadeIn||2300||350||51\" data-mpcslick='{\"infinite\":true,\"autoplay\":true,\"slidesToShow\":3,\"slidesToScroll\":1,\"centerMode\":false,\"initialSlide\":0,\"rows\":1,\"autoplaySpeed\":1000,\"variableWidth\":true,\"speed\":2000}' data-slick-cols=\"3\"><div target=\"\"class=\"mpc-carousel__item-wrapper\" data-height=\"683\"><div onclick=\"\" class=\"mpc-item mpc-transition\"><div class=\"mpc-border\"><\/div><img decoding=\"async\" width=\"1200\" height=\"800\" src=\"https:\/\/www.fuertehoteles.com\/wp-content\/uploads\/2026\/04\/day-pass-fuerte-el-rompido-3.jpg\" class=\"mpc-transition attachment-full\" alt=\"\" srcset=\"https:\/\/www.fuertehoteles.com\/wp-content\/uploads\/2026\/04\/day-pass-fuerte-el-rompido-3.jpg 1200w, https:\/\/www.fuertehoteles.com\/wp-content\/uploads\/2026\/04\/day-pass-fuerte-el-rompido-3-300x200.jpg 300w, https:\/\/www.fuertehoteles.com\/wp-content\/uploads\/2026\/04\/day-pass-fuerte-el-rompido-3-1024x683.jpg 1024w, https:\/\/www.fuertehoteles.com\/wp-content\/uploads\/2026\/04\/day-pass-fuerte-el-rompido-3-768x512.jpg 768w\" sizes=\"(max-width: 1200px) 100vw, 1200px\" \/><\/div><\/div><div target=\"\"class=\"mpc-carousel__item-wrapper\" data-height=\"683\"><div onclick=\"\" class=\"mpc-item mpc-transition\"><div class=\"mpc-border\"><\/div><img decoding=\"async\" width=\"1200\" height=\"800\" src=\"https:\/\/www.fuertehoteles.com\/wp-content\/uploads\/2026\/04\/day-pass-fuerte-conil-resort-5-1.jpg\" class=\"mpc-transition attachment-full\" alt=\"\" srcset=\"https:\/\/www.fuertehoteles.com\/wp-content\/uploads\/2026\/04\/day-pass-fuerte-conil-resort-5-1.jpg 1200w, https:\/\/www.fuertehoteles.com\/wp-content\/uploads\/2026\/04\/day-pass-fuerte-conil-resort-5-1-300x200.jpg 300w, https:\/\/www.fuertehoteles.com\/wp-content\/uploads\/2026\/04\/day-pass-fuerte-conil-resort-5-1-1024x683.jpg 1024w, https:\/\/www.fuertehoteles.com\/wp-content\/uploads\/2026\/04\/day-pass-fuerte-conil-resort-5-1-768x512.jpg 768w\" sizes=\"(max-width: 1200px) 100vw, 1200px\" \/><\/div><\/div><div target=\"\"class=\"mpc-carousel__item-wrapper\" data-height=\"683\"><div onclick=\"\" class=\"mpc-item mpc-transition\"><div class=\"mpc-border\"><\/div><img decoding=\"async\" width=\"1200\" height=\"800\" src=\"https:\/\/www.fuertehoteles.com\/wp-content\/uploads\/2026\/04\/day-pass-fuerte-el-rompido-2.jpg\" class=\"mpc-transition attachment-full\" alt=\"\" srcset=\"https:\/\/www.fuertehoteles.com\/wp-content\/uploads\/2026\/04\/day-pass-fuerte-el-rompido-2.jpg 1200w, https:\/\/www.fuertehoteles.com\/wp-content\/uploads\/2026\/04\/day-pass-fuerte-el-rompido-2-300x200.jpg 300w, https:\/\/www.fuertehoteles.com\/wp-content\/uploads\/2026\/04\/day-pass-fuerte-el-rompido-2-1024x683.jpg 1024w, https:\/\/www.fuertehoteles.com\/wp-content\/uploads\/2026\/04\/day-pass-fuerte-el-rompido-2-768x512.jpg 768w\" sizes=\"(max-width: 1200px) 100vw, 1200px\" \/><\/div><\/div><div target=\"\"class=\"mpc-carousel__item-wrapper\" data-height=\"683\"><div onclick=\"\" class=\"mpc-item mpc-transition\"><div class=\"mpc-border\"><\/div><img decoding=\"async\" width=\"1200\" height=\"800\" src=\"https:\/\/www.fuertehoteles.com\/wp-content\/uploads\/2026\/04\/day-pass-fuerte-conil-resort-6-1.jpg\" class=\"mpc-transition attachment-full\" alt=\"\" srcset=\"https:\/\/www.fuertehoteles.com\/wp-content\/uploads\/2026\/04\/day-pass-fuerte-conil-resort-6-1.jpg 1200w, https:\/\/www.fuertehoteles.com\/wp-content\/uploads\/2026\/04\/day-pass-fuerte-conil-resort-6-1-300x200.jpg 300w, https:\/\/www.fuertehoteles.com\/wp-content\/uploads\/2026\/04\/day-pass-fuerte-conil-resort-6-1-1024x683.jpg 1024w, https:\/\/www.fuertehoteles.com\/wp-content\/uploads\/2026\/04\/day-pass-fuerte-conil-resort-6-1-768x512.jpg 768w\" sizes=\"(max-width: 1200px) 100vw, 1200px\" \/><\/div><\/div><div target=\"\"class=\"mpc-carousel__item-wrapper\" data-height=\"683\"><div onclick=\"\" class=\"mpc-item mpc-transition\"><div class=\"mpc-border\"><\/div><img decoding=\"async\" width=\"1200\" height=\"800\" src=\"https:\/\/www.fuertehoteles.com\/wp-content\/uploads\/2026\/04\/day-pass-fuerte-el-rompido-1.jpg\" class=\"mpc-transition attachment-full\" alt=\"\" srcset=\"https:\/\/www.fuertehoteles.com\/wp-content\/uploads\/2026\/04\/day-pass-fuerte-el-rompido-1.jpg 1200w, https:\/\/www.fuertehoteles.com\/wp-content\/uploads\/2026\/04\/day-pass-fuerte-el-rompido-1-300x200.jpg 300w, https:\/\/www.fuertehoteles.com\/wp-content\/uploads\/2026\/04\/day-pass-fuerte-el-rompido-1-1024x683.jpg 1024w, https:\/\/www.fuertehoteles.com\/wp-content\/uploads\/2026\/04\/day-pass-fuerte-el-rompido-1-768x512.jpg 768w\" sizes=\"(max-width: 1200px) 100vw, 1200px\" \/><\/div><\/div><\/div><div class=\"mpc-navigation mpc-init mpc-align--left mpc-navigation--style_1  mpc-nav-preset--\" data-mpcslider=\"mpc_carousel_image-3669ea58658c2c0\"><div class=\"mpc-nav__arrow mpcslick-prev\"><div class=\"mpc-nav__icon mpc-transition\"><i class=\"\"><div class=\"mpc-nav__background mpc-transition mpc-effect-type--fade mpc-effect-side--in\"><\/div><\/i><\/div><\/div><div class=\"mpc-nav__arrow mpcslick-next\"><div class=\"mpc-nav__icon mpc-transition\"><i class=\"\"><div class=\"mpc-nav__background mpc-transition mpc-effect-type--fade mpc-effect-side--in\"><\/div><\/i><\/div><\/div><\/div><\/div>[\/vc_column][\/vc_row][\/vc_section]\n","protected":false},"excerpt":{"rendered":"<p>[vc_section full_width=&#8220;stretch_row&#8220; css=&#8220;.vc_custom_1776411762067{background-image: url(https:\/\/www.fuertehoteles.com\/wp-content\/uploads\/2026\/04\/hero-day-pass-fuerte-el-rompido-piscinas.jpg?id=157691) !important;background-position: center !important;background-repeat: no-repeat !important;background-size: cover !important;}&#8220; el_class=&#8220;fh_day-pass_header&#8220;][vc_row full_width=&#8220;stretch_row&#8220; el_class=&#8220;fh_day-pass_header_row&#8220;][vc_column][vc_single_image image=&#8220;157589&#8243; img_size=&#8220;&#8220; alignment=&#8220;center&#8220; css=&#8220;.vc_custom_1776149347851{background-position: center !important;background-repeat: no-repeat !important;background-size: contain !important;}&#8220;][\/vc_column][\/vc_row][\/vc_section][vc_section el_class=&#8220;fh_day-pass_intro&#8220;][vc_row][vc_column][vc_column_text css_animation=&#8220;fadeInUp&#8220; el_class=&#8220;fh_day-pass_intro_title&#8220;] Day Pass [\/vc_column_text][vc_column_text css_animation=&#8220;fadeInUp&#8220; el_class=&#8220;fh_day-pass_intro_divider center&#8220;] [\/vc_column_text][vc_column_text el_class=&#8220;fh_day-pass_intro_text&#8220;] Erleben Sie einen perfekten Tag zum Abschalten im Fuerte El Rompido. Entspannen Sie an unseren Pools und genie\u00dfen Sie unsere<\/p>\n","protected":false},"author":2,"featured_media":0,"parent":4330,"menu_order":0,"comment_status":"closed","ping_status":"closed","template":"templates\/landings.php","meta":{"footnotes":""},"class_list":["post-157664","page","type-page","status-publish","hentry"],"yoast_head":"<!-- This site is optimized with the Yoast SEO plugin v22.4 - https:\/\/yoast.com\/wordpress\/plugins\/seo\/ -->\n<title>Day Pass im Fuerte El Rompido, Pool &amp; Entspannung<\/title>\n<meta name=\"description\" content=\"Genie\u00dfen Sie einen Day Pass im Hotel Fuerte El Rompido mit Pool, Gastronomie und Services, die zur Entspannung einladen \u2013 ganz ohne \u00dcbernachtung\" \/>\n<meta name=\"robots\" content=\"index, follow, max-snippet:-1, max-image-preview:large, max-video-preview:-1\" \/>\n<link rel=\"canonical\" href=\"https:\/\/www.fuertehoteles.com\/de\/hotel-fuerte-el-rompido\/day-pass\/\" \/>\n<meta property=\"og:locale\" content=\"de_DE\" \/>\n<meta property=\"og:type\" content=\"article\" \/>\n<meta property=\"og:title\" content=\"Day Pass im Fuerte El Rompido, Pool &amp; Entspannung\" \/>\n<meta property=\"og:description\" content=\"Genie\u00dfen Sie einen Day Pass im Hotel Fuerte El Rompido mit Pool, Gastronomie und Services, die zur Entspannung einladen \u2013 ganz ohne \u00dcbernachtung\" \/>\n<meta property=\"og:url\" content=\"https:\/\/www.fuertehoteles.com\/de\/hotel-fuerte-el-rompido\/day-pass\/\" \/>\n<meta property=\"og:site_name\" content=\"Fuerte Hoteles\" \/>\n<meta property=\"article:publisher\" content=\"https:\/\/www.facebook.com\/HotelesFuerte\" \/>\n<meta property=\"article:modified_time\" content=\"2026-04-21T11:53:12+00:00\" \/>\n<meta name=\"twitter:card\" content=\"summary_large_image\" \/>\n<meta name=\"twitter:site\" content=\"@fuertehoteles\" \/>\n<meta name=\"twitter:label1\" content=\"Gesch\u00e4tzte Lesezeit\" \/>\n\t<meta name=\"twitter:data1\" content=\"3\u00a0Minuten\" \/>\n<script type=\"application\/ld+json\" class=\"yoast-schema-graph\">{\"@context\":\"https:\/\/schema.org\",\"@graph\":[{\"@type\":\"WebPage\",\"@id\":\"https:\/\/www.fuertehoteles.com\/de\/hotel-fuerte-el-rompido\/day-pass\/\",\"url\":\"https:\/\/www.fuertehoteles.com\/de\/hotel-fuerte-el-rompido\/day-pass\/\",\"name\":\"Day Pass im Fuerte El Rompido, Pool & Entspannung\",\"isPartOf\":{\"@id\":\"https:\/\/www.fuertehoteles.com\/#website\"},\"datePublished\":\"2026-04-13T12:44:27+00:00\",\"dateModified\":\"2026-04-21T11:53:12+00:00\",\"description\":\"Genie\u00dfen Sie einen Day Pass im Hotel Fuerte El Rompido mit Pool, Gastronomie und Services, die zur Entspannung einladen \u2013 ganz ohne \u00dcbernachtung\",\"breadcrumb\":{\"@id\":\"https:\/\/www.fuertehoteles.com\/de\/hotel-fuerte-el-rompido\/day-pass\/#breadcrumb\"},\"inLanguage\":\"de\",\"potentialAction\":[{\"@type\":\"ReadAction\",\"target\":[\"https:\/\/www.fuertehoteles.com\/de\/hotel-fuerte-el-rompido\/day-pass\/\"]}]},{\"@type\":\"BreadcrumbList\",\"@id\":\"https:\/\/www.fuertehoteles.com\/de\/hotel-fuerte-el-rompido\/day-pass\/#breadcrumb\",\"itemListElement\":[{\"@type\":\"ListItem\",\"position\":1,\"name\":\"Portada\",\"item\":\"https:\/\/www.fuertehoteles.com\/de\/\"},{\"@type\":\"ListItem\",\"position\":2,\"name\":\"Fuerte El Rompido\",\"item\":\"https:\/\/www.fuertehoteles.com\/de\/hotel-fuerte-el-rompido\/\"},{\"@type\":\"ListItem\",\"position\":3,\"name\":\"Day Pass\"}]},{\"@type\":\"WebSite\",\"@id\":\"https:\/\/www.fuertehoteles.com\/#website\",\"url\":\"https:\/\/www.fuertehoteles.com\/\",\"name\":\"Fuerte Hoteles\",\"description\":\"\",\"publisher\":{\"@id\":\"https:\/\/www.fuertehoteles.com\/#organization\"},\"potentialAction\":[{\"@type\":\"SearchAction\",\"target\":{\"@type\":\"EntryPoint\",\"urlTemplate\":\"https:\/\/www.fuertehoteles.com\/?s={search_term_string}\"},\"query-input\":\"required name=search_term_string\"}],\"inLanguage\":\"de\"},{\"@type\":\"Organization\",\"@id\":\"https:\/\/www.fuertehoteles.com\/#organization\",\"name\":\"Fuerte Hoteles\",\"url\":\"https:\/\/www.fuertehoteles.com\/\",\"logo\":{\"@type\":\"ImageObject\",\"inLanguage\":\"de\",\"@id\":\"https:\/\/www.fuertehoteles.com\/#\/schema\/logo\/image\/\",\"url\":\"https:\/\/www.fuertehoteles.com\/wp-content\/uploads\/2022\/09\/logo-ffhh-1.jpg\",\"contentUrl\":\"https:\/\/www.fuertehoteles.com\/wp-content\/uploads\/2022\/09\/logo-ffhh-1.jpg\",\"width\":500,\"height\":500,\"caption\":\"Fuerte Hoteles\"},\"image\":{\"@id\":\"https:\/\/www.fuertehoteles.com\/#\/schema\/logo\/image\/\"},\"sameAs\":[\"https:\/\/www.facebook.com\/HotelesFuerte\",\"https:\/\/twitter.com\/fuertehoteles\",\"https:\/\/www.instagram.com\/fuertehoteles\/\",\"https:\/\/www.linkedin.com\/company\/fuerte-hoteles\/\",\"https:\/\/www.youtube.com\/user\/fuertehoteles\",\"https:\/\/en.wikipedia.org\/wiki\/Fuerte_Hotels\"]}]}<\/script>\n<!-- \/ Yoast SEO plugin. -->","yoast_head_json":{"title":"Day Pass im Fuerte El Rompido, Pool & Entspannung","description":"Genie\u00dfen Sie einen Day Pass im Hotel Fuerte El Rompido mit Pool, Gastronomie und Services, die zur Entspannung einladen \u2013 ganz ohne \u00dcbernachtung","robots":{"index":"index","follow":"follow","max-snippet":"max-snippet:-1","max-image-preview":"max-image-preview:large","max-video-preview":"max-video-preview:-1"},"canonical":"https:\/\/www.fuertehoteles.com\/de\/hotel-fuerte-el-rompido\/day-pass\/","og_locale":"de_DE","og_type":"article","og_title":"Day Pass im Fuerte El Rompido, Pool & Entspannung","og_description":"Genie\u00dfen Sie einen Day Pass im Hotel Fuerte El Rompido mit Pool, Gastronomie und Services, die zur Entspannung einladen \u2013 ganz ohne \u00dcbernachtung","og_url":"https:\/\/www.fuertehoteles.com\/de\/hotel-fuerte-el-rompido\/day-pass\/","og_site_name":"Fuerte Hoteles","article_publisher":"https:\/\/www.facebook.com\/HotelesFuerte","article_modified_time":"2026-04-21T11:53:12+00:00","twitter_card":"summary_large_image","twitter_site":"@fuertehoteles","twitter_misc":{"Gesch\u00e4tzte Lesezeit":"3\u00a0Minuten"},"schema":{"@context":"https:\/\/schema.org","@graph":[{"@type":"WebPage","@id":"https:\/\/www.fuertehoteles.com\/de\/hotel-fuerte-el-rompido\/day-pass\/","url":"https:\/\/www.fuertehoteles.com\/de\/hotel-fuerte-el-rompido\/day-pass\/","name":"Day Pass im Fuerte El Rompido, Pool & Entspannung","isPartOf":{"@id":"https:\/\/www.fuertehoteles.com\/#website"},"datePublished":"2026-04-13T12:44:27+00:00","dateModified":"2026-04-21T11:53:12+00:00","description":"Genie\u00dfen Sie einen Day Pass im Hotel Fuerte El Rompido mit Pool, Gastronomie und Services, die zur Entspannung einladen \u2013 ganz ohne \u00dcbernachtung","breadcrumb":{"@id":"https:\/\/www.fuertehoteles.com\/de\/hotel-fuerte-el-rompido\/day-pass\/#breadcrumb"},"inLanguage":"de","potentialAction":[{"@type":"ReadAction","target":["https:\/\/www.fuertehoteles.com\/de\/hotel-fuerte-el-rompido\/day-pass\/"]}]},{"@type":"BreadcrumbList","@id":"https:\/\/www.fuertehoteles.com\/de\/hotel-fuerte-el-rompido\/day-pass\/#breadcrumb","itemListElement":[{"@type":"ListItem","position":1,"name":"Portada","item":"https:\/\/www.fuertehoteles.com\/de\/"},{"@type":"ListItem","position":2,"name":"Fuerte El Rompido","item":"https:\/\/www.fuertehoteles.com\/de\/hotel-fuerte-el-rompido\/"},{"@type":"ListItem","position":3,"name":"Day Pass"}]},{"@type":"WebSite","@id":"https:\/\/www.fuertehoteles.com\/#website","url":"https:\/\/www.fuertehoteles.com\/","name":"Fuerte Hoteles","description":"","publisher":{"@id":"https:\/\/www.fuertehoteles.com\/#organization"},"potentialAction":[{"@type":"SearchAction","target":{"@type":"EntryPoint","urlTemplate":"https:\/\/www.fuertehoteles.com\/?s={search_term_string}"},"query-input":"required name=search_term_string"}],"inLanguage":"de"},{"@type":"Organization","@id":"https:\/\/www.fuertehoteles.com\/#organization","name":"Fuerte Hoteles","url":"https:\/\/www.fuertehoteles.com\/","logo":{"@type":"ImageObject","inLanguage":"de","@id":"https:\/\/www.fuertehoteles.com\/#\/schema\/logo\/image\/","url":"https:\/\/www.fuertehoteles.com\/wp-content\/uploads\/2022\/09\/logo-ffhh-1.jpg","contentUrl":"https:\/\/www.fuertehoteles.com\/wp-content\/uploads\/2022\/09\/logo-ffhh-1.jpg","width":500,"height":500,"caption":"Fuerte Hoteles"},"image":{"@id":"https:\/\/www.fuertehoteles.com\/#\/schema\/logo\/image\/"},"sameAs":["https:\/\/www.facebook.com\/HotelesFuerte","https:\/\/twitter.com\/fuertehoteles","https:\/\/www.instagram.com\/fuertehoteles\/","https:\/\/www.linkedin.com\/company\/fuerte-hoteles\/","https:\/\/www.youtube.com\/user\/fuertehoteles","https:\/\/en.wikipedia.org\/wiki\/Fuerte_Hotels"]}]}},"_links":{"self":[{"href":"https:\/\/www.fuertehoteles.com\/de\/wp-json\/wp\/v2\/pages\/157664","targetHints":{"allow":["GET"]}}],"collection":[{"href":"https:\/\/www.fuertehoteles.com\/de\/wp-json\/wp\/v2\/pages"}],"about":[{"href":"https:\/\/www.fuertehoteles.com\/de\/wp-json\/wp\/v2\/types\/page"}],"author":[{"embeddable":true,"href":"https:\/\/www.fuertehoteles.com\/de\/wp-json\/wp\/v2\/users\/2"}],"replies":[{"embeddable":true,"href":"https:\/\/www.fuertehoteles.com\/de\/wp-json\/wp\/v2\/comments?post=157664"}],"version-history":[{"count":5,"href":"https:\/\/www.fuertehoteles.com\/de\/wp-json\/wp\/v2\/pages\/157664\/revisions"}],"predecessor-version":[{"id":157725,"href":"https:\/\/www.fuertehoteles.com\/de\/wp-json\/wp\/v2\/pages\/157664\/revisions\/157725"}],"up":[{"embeddable":true,"href":"https:\/\/www.fuertehoteles.com\/de\/wp-json\/wp\/v2\/pages\/4330"}],"wp:attachment":[{"href":"https:\/\/www.fuertehoteles.com\/de\/wp-json\/wp\/v2\/media?parent=157664"}],"curies":[{"name":"wp","href":"https:\/\/api.w.org\/{rel}","templated":true}]}}