{"id":4233,"date":"2021-11-26T12:07:11","date_gmt":"2021-11-26T11:07:11","guid":{"rendered":"https:\/\/www.fuertehoteles.com\/nuestros-destinos\/"},"modified":"2024-04-16T15:57:08","modified_gmt":"2024-04-16T13:57:08","slug":"reiseziele","status":"publish","type":"page","link":"https:\/\/www.fuertehoteles.com\/de\/reiseziele\/","title":{"rendered":"Reiseziele"},"content":{"rendered":"[vc_row full_width=&#8220;stretch_row_content_no_spaces&#8220; content_placement=&#8220;top&#8220; el_class=&#8220;fh-destinations-header&#8220;][vc_column][vc_single_image image=&#8220;1499&#8243; img_size=&#8220;full&#8220; alignment=&#8220;center&#8220; el_class=&#8220;fh-destinations-header-image&#8220;][vc_single_image image=&#8220;1495&#8243; img_size=&#8220;full&#8220; alignment=&#8220;center&#8220; el_class=&#8220;fh-destinations-header-image only-mobile&#8220;][vc_column_text el_class=&#8220;fh-destinations-header-name&#8220;]\n<h3><span class=\"\">Unsere Ziele<\/span><\/h3>\n[\/vc_column_text][vc_column_text el_class=&#8220;fh-destinations-header-booking-mask&#8220;]\n<div class=\"buscador-reservas-horizontal\"><span class=\"fh-hotel-header-booking-mask-text\">Reservar<\/span><\/div>\n[\/vc_column_text][\/vc_column][\/vc_row][vc_row full_width=&#8220;stretch_row&#8220; el_class=&#8220;fh-destinations-intro&#8220;][vc_column][vc_column_text el_class=&#8220;fh-destinations-intro-supertitle&#8220;]\n<p style=\"text-align: center;\">PRIVILEGIERTE LAGEN<\/p>\n[\/vc_column_text][vc_column_text el_class=&#8220;fh-destinations-intro-title&#8220;]\n<h1 style=\"text-align: center;\">DIE BESTEN REISEZIELEN IN <span class=\"fh-home-intro-title\">ANDALUSIEN<\/span><\/h1>\n[\/vc_column_text][vc_column_text]\n<p style=\"text-align: center;\">Sonne, Strand, Natur, eine weltweit angesehene, vielf\u00e4ltige Gastronomie und der offene und frohe Charakter der Andalusier sind einige der Gr\u00fcnde, die unterschiedlichen Standorte von Fuerte Hoteles zu besuchen. Es sind echte <strong>Urlaubsparadiese.<\/strong><\/p>\n<p style=\"text-align: center;\">Fuerte Hoteles \u00fcberrascht durch seine au\u00dfergew\u00f6hnlichen Lagen. Deshalb <strong>laden wir Sie ein, <\/strong>unsere Standorte zu entdecken, an denen wir Ihnen ein ma\u00dfgeschneidertes Urlaubserlebnis anbieten, unabh\u00e4ngig davon, ob Sie mit der Familie, mit Ihrem Partner oder in einer Gruppe reisen.<\/p>\n[\/vc_column_text][\/vc_column][\/vc_row][vc_section full_width=&#8220;stretch_row&#8220; css=&#8220;.vc_custom_1639646795582{background-image: url(https:\/\/www.fuertehoteles.com\/wp-content\/uploads\/2021\/11\/multi-purpose-2.jpg?id=2113) !important;background-position: center !important;background-repeat: no-repeat !important;background-size: cover !important;}&#8220; el_class=&#8220;fh-destinations-section-hotels-map-select-hotel&#8220;][vc_row full_width=&#8220;stretch_row_content_no_spaces&#8220; el_class=&#8220;fh-destinations-row-hotels-map&#8220;][vc_column offset=&#8220;vc_hidden-xs&#8220;][vc_column_text]\n<div class=\"fh-destinations-hotels-map\"><img decoding=\"async\" class=\"fh-map-normal-desktop alignnone size-full wp-image-119182\" src=\"https:\/\/www.fuertehoteles.com\/wp-content\/uploads\/2021\/12\/fh-map-lg-de.png\" alt=\"\" \/><img decoding=\"async\" class=\"fh-map-large-desktop alignnone size-full wp-image-119182\" src=\"https:\/\/www.fuertehoteles.com\/wp-content\/uploads\/2021\/12\/fh-map-de.png\" alt=\"\" \/><span class=\"marker fh-fer\"><a href=\"https:\/\/www.fuertehoteles.com\/de\/hotels\/fuerte-rompido-cartaya\/das-hotel\/\">El Rompido<svg id=\"Capa_2\" data-name=\"Capa 2\" xmlns=\"http:\/\/www.w3.org\/2000\/svg\" viewBox=\"0 0 196.46 190\"><defs><style>.cls-1{fill:#1d1d1b;}<\/style><\/defs><title>splendid<\/title><path class=\"cls-1\" d=\"M129.25,91.84c-10.1-3.15-17.16-6-22.24-9.08a40.37,40.37,0,0,1-22-36c0-1.2.06-2.5.2-4v-.4l-3.87-1.3-.21.33A41.28,41.28,0,0,0,75,63.66c0,26,16.47,36.16,46.85,45.78,17.44,5.5,26.63,10.3,31.75,16.58a34.14,34.14,0,0,1,10.52,24.46,33.13,33.13,0,0,1-3.65,14.8,41.82,41.82,0,0,1-7.69,8.78,33.47,33.47,0,0,1-23.52,9.77c-1.07,0-2.14-.07-3.2-.18l-.91-.1c-17.32-2.17-30.39-17.65-30.39-36a38.49,38.49,0,0,1,.62-6.52l.13-.76-.75.19a40.34,40.34,0,0,1-10.25,1.29,41,41,0,0,1-8.7-1l-.74-.16.14.74v.19a2,2,0,0,0,0,.35c2.17,25.51,16.88,42.09,41.41,46.71A45.3,45.3,0,0,0,127.35,190a50.06,50.06,0,0,0,7.43-.59h0l.47-.06c27.46-3.34,43.86-20.87,43.86-46.89C179.12,120.52,170.75,104.38,129.25,91.84Z\"\/><path class=\"cls-1\" d=\"M196.3,104.43c-1.55-19.53-10.08-33.29-47.79-41.49-11.3-2.58-18.48-5.09-23.31-8.16-8.77-4.42-14.44-12.47-15.15-21.52a3,3,0,0,1,0-.6V31c0-13.72,13-24.89,29-24.89s29,11.17,29,24.89c0,.79-.07,1.55-.13,2.19l-.07.65.65-.11a23.18,23.18,0,0,1,4.16-.4,22.52,22.52,0,0,1,7.58,1.28l.75.26-.1-1v-.4c-.95-12.43-7.29-22.08-17.82-27.13a45,45,0,0,0-23-6.37,43.23,43.23,0,0,0-27.59,10.09C102.32,17.63,97.31,29,98.35,42.15c1.83,23.14,17.15,31,44.77,37.39,14.65,3.37,23,6.77,28.06,11.4a39.36,39.36,0,0,1,13.57,40.19l-.1.4,3.72,1.78.25-.32C194.5,125.25,197.17,115.37,196.3,104.43Z\"\/><rect class=\"cls-1\" y=\"11.6\" width=\"10.84\" height=\"167.06\"\/><\/svg><\/a><\/span><span class=\"marker fh-fm\"><a href=\"https:\/\/www.fuertehoteles.com\/de\/hotels\/fuerte-marbella\/das-hotel\/\">Marbella<\/a><\/span><span class=\"marker fh-fccl\"><a href=\"https:\/\/www.fuertehoteles.com\/de\/hotels\/resort-fuerte-conil-costaluz\/das-hotel\/\">Conil<svg id=\"Capa_2\" data-name=\"Capa 2\" xmlns=\"http:\/\/www.w3.org\/2000\/svg\" viewBox=\"0 0 196.46 190\"><defs><style>.cls-1{fill:#1d1d1b;}<\/style><\/defs><title>splendid<\/title><path class=\"cls-1\" d=\"M129.25,91.84c-10.1-3.15-17.16-6-22.24-9.08a40.37,40.37,0,0,1-22-36c0-1.2.06-2.5.2-4v-.4l-3.87-1.3-.21.33A41.28,41.28,0,0,0,75,63.66c0,26,16.47,36.16,46.85,45.78,17.44,5.5,26.63,10.3,31.75,16.58a34.14,34.14,0,0,1,10.52,24.46,33.13,33.13,0,0,1-3.65,14.8,41.82,41.82,0,0,1-7.69,8.78,33.47,33.47,0,0,1-23.52,9.77c-1.07,0-2.14-.07-3.2-.18l-.91-.1c-17.32-2.17-30.39-17.65-30.39-36a38.49,38.49,0,0,1,.62-6.52l.13-.76-.75.19a40.34,40.34,0,0,1-10.25,1.29,41,41,0,0,1-8.7-1l-.74-.16.14.74v.19a2,2,0,0,0,0,.35c2.17,25.51,16.88,42.09,41.41,46.71A45.3,45.3,0,0,0,127.35,190a50.06,50.06,0,0,0,7.43-.59h0l.47-.06c27.46-3.34,43.86-20.87,43.86-46.89C179.12,120.52,170.75,104.38,129.25,91.84Z\"\/><path class=\"cls-1\" d=\"M196.3,104.43c-1.55-19.53-10.08-33.29-47.79-41.49-11.3-2.58-18.48-5.09-23.31-8.16-8.77-4.42-14.44-12.47-15.15-21.52a3,3,0,0,1,0-.6V31c0-13.72,13-24.89,29-24.89s29,11.17,29,24.89c0,.79-.07,1.55-.13,2.19l-.07.65.65-.11a23.18,23.18,0,0,1,4.16-.4,22.52,22.52,0,0,1,7.58,1.28l.75.26-.1-1v-.4c-.95-12.43-7.29-22.08-17.82-27.13a45,45,0,0,0-23-6.37,43.23,43.23,0,0,0-27.59,10.09C102.32,17.63,97.31,29,98.35,42.15c1.83,23.14,17.15,31,44.77,37.39,14.65,3.37,23,6.77,28.06,11.4a39.36,39.36,0,0,1,13.57,40.19l-.1.4,3.72,1.78.25-.32C194.5,125.25,197.17,115.37,196.3,104.43Z\"\/><rect class=\"cls-1\" y=\"11.6\" width=\"10.84\" height=\"167.06\"\/><\/svg><\/a><\/span><span class=\"marker fh-fg\"><a href=\"https:\/\/www.fuertehoteles.com\/de\/hotels\/fuerte-grazalema\/das-hotel\/\">Grazalema<\/a><\/span><\/div>\n[\/vc_column_text][\/vc_column][\/vc_row][\/vc_section][vc_section full_width=&#8220;stretch_row&#8220; el_class=&#8220;.fh-destinations-select-destination&#8220;][vc_row gap=&#8220;10&#8243; equal_height=&#8220;yes&#8220;][vc_column width=&#8220;1\/2&#8243; url=&#8220;url:https%3A%2F%2Fwww.fuertehoteles.com%2Fde%2Freiseziele%2Fmarbella-urlaub%2F|||&#8220; css=&#8220;.vc_custom_1639646605726{background-image: url(https:\/\/www.fuertehoteles.com\/wp-content\/uploads\/2021\/11\/destination-marbella.jpg?id=1487) !important;background-position: center !important;background-repeat: no-repeat !important;background-size: cover !important;}&#8220; el_class=&#8220;fh-destinations-home-hotel destination&#8220;][vc_column_text]\n<h2>Marbella<\/h2>\n<hr \/>\n<p>Die sch\u00f6ne Stadt Marbella ist f\u00fcr Strand- und Glamour-Liebhaber ein Paradies. Auf einem Spaziergang werden Sie den Charme und die einmalige Atmosph\u00e4re entdecken.[\/vc_column_text][\/vc_column][vc_column width=&#8220;1\/2&#8243; url=&#8220;url:https%3A%2F%2Fwww.fuertehoteles.com%2Fde%2Freiseziele%2Fconil-urlaub%2F|||&#8220; css=&#8220;.vc_custom_1639646619317{background-image: url(https:\/\/www.fuertehoteles.com\/wp-content\/uploads\/2021\/11\/destination-conil-2.jpg?id=1479) !important;background-position: center !important;background-repeat: no-repeat !important;background-size: cover !important;}&#8220; el_class=&#8220;fh-destinations-home-hotel destination&#8220;][vc_column_text el_class=&#8220;fh-destinations-home-hotel&#8220;]\n<h2>Conil<\/h2>\n<hr \/>\n<p>Die Hauptattraktionen von Conil sind die mehr als 14 Kilometer langen, goldfarbenen Sandstr\u00e4nde und das kristallklare Wasser.[\/vc_column_text][\/vc_column][\/vc_row][vc_row gap=&#8220;10&#8243; equal_height=&#8220;yes&#8220;][vc_column width=&#8220;1\/2&#8243; url=&#8220;url:https%3A%2F%2Fwww.fuertehoteles.com%2Fde%2Freiseziele%2Furlaub-el-rompido%2F|||&#8220; css=&#8220;.vc_custom_1639646633623{background-image: url(https:\/\/www.fuertehoteles.com\/wp-content\/uploads\/2021\/11\/destination-rompido.jpg?id=1491) !important;background-position: center !important;background-repeat: no-repeat !important;background-size: cover !important;}&#8220; el_class=&#8220;fh-destinations-home-hotel destination&#8220;][vc_column_text]\n<h2>El Rompido<\/h2>\n<hr \/>\n<p>Die H\u00e4user der Fischer von El Rompido, (Cartaya), bilden eines der bodenst\u00e4ndigsten Stadtbilder von Andalusien.[\/vc_column_text][\/vc_column][vc_column width=&#8220;1\/2&#8243; url=&#8220;url:https%3A%2F%2Fwww.fuertehoteles.com%2Fde%2Freiseziele%2Fgrazalema-urlaub%2F|||&#8220; css=&#8220;.vc_custom_1639646646672{background-image: url(https:\/\/www.fuertehoteles.com\/wp-content\/uploads\/2021\/11\/destination-grazalema-2-1.jpg?id=1483) !important;background-position: center !important;background-repeat: no-repeat !important;background-size: cover !important;}&#8220; el_class=&#8220;fh-destinations-home-hotel destination&#8220;][vc_column_text]\n<h2>Grazalema<\/h2>\n<hr \/>\n<p>Die Sierra von Grazalema ist einer der bedeutendsten Natursch\u00e4tze Spaniens. Abgesehen vom umweltbezogenen Wert dieser Gegend, ist es ein Gebiet voller Tradition und Kultur.[\/vc_column_text][\/vc_column][\/vc_row][\/vc_section][vc_section full_width=&#8220;stretch_row&#8220; css=&#8220;.vc_custom_1610709195945{background-image: url(https:\/\/www.fuertehoteles.com\/wp-content\/uploads\/2019\/07\/multi-purpose.jpg?id=116794) !important;background-position: center !important;background-repeat: no-repeat !important;background-size: cover !important;}&#8220;][vc_row css=&#8220;.vc_custom_1610709020497{background-position: center !important;background-repeat: no-repeat !important;background-size: cover !important;}&#8220; el_class=&#8220;fh-destinations-row-content&#8220;][vc_column][vc_row_inner equal_height=&#8220;yes&#8220;][vc_column_inner el_class=&#8220;fh-destinations-home-destination-text&#8220; width=&#8220;1\/2&#8243;][vc_column_text el_class=&#8220;fh-destinations-content-text&#8220;]\n<h3><a href=\"https:\/\/www.fuertehoteles.com\/de\/reiseziele\/marbella-urlaub\/\">Marbella<\/a> (M\u00e1laga)<\/h3>\n<h4>La capital del glamour<\/h4>\n<p>Marbella es un mundo aparte dentro de la Costa del Sol, una ciudad que es sin\u00f3nimo de lujo, relax, golf, maravillosas playas y riqu\u00edsima gastronom\u00eda. En Marbella se mezcla a la perfecci\u00f3n lo moderno y lo tradicional, donde los exuberantes jardines subtropicales y las playas de arena fina combinan con el glamour de Puerto Ban\u00fas y su Milla de Oro. No por nada Marbella es un destino cinco estrellas.[\/vc_column_text][\/vc_column_inner][vc_column_inner el_class=&#8220;fh-destinations-home-destination-text&#8220; width=&#8220;1\/2&#8243;][vc_column_text el_class=&#8220;fh-destinations-content-text&#8220;]\n<h3><a href=\"https:\/\/www.fuertehoteles.com\/de\/reiseziele\/conil-urlaub\/\">Conil de la Frontera<\/a> (C\u00e1diz)<\/h3>\n<h4>El embrujo andaluz de los pueblos blancos<\/h4>\n<p>Conil es un mundo abierto tanto a deportes acu\u00e1ticos como al relax tomando \u00abpesca\u00edto\u00bb frito, marisco y vino de Jerez en playas tan conocidas como La Fontanilla, donde los visitantes esperan la ca\u00edda del sol para aplaudir a uno de los atardeceres m\u00e1s bonitos de la Costa de la Luz.[\/vc_column_text][\/vc_column_inner][\/vc_row_inner][vc_row_inner equal_height=&#8220;yes&#8220;][vc_column_inner el_class=&#8220;fh-destinations-home-destination-text&#8220; width=&#8220;1\/2&#8243;][vc_column_text el_class=&#8220;fh-destinations-content-text&#8220;]\n<h3><a href=\"https:\/\/www.fuertehoteles.com\/de\/reiseziele\/urlaub-el-rompido\/\">El Rompido<\/a> (Huelva)<\/h3>\n<h4>Naturaleza, sol y tranquilidad en estado puro<\/h4>\n<p>En El Rompido, podr\u00e1s explorar las maravillas culturales y naturales de la Costa de la Luz onubense, una regi\u00f3n por descubrir, ideal para disfrutar de una partida de golf, una puesta de sol, un tratamiento de Spa o una buena copa de vino saboreando la pesca del d\u00eda.<\/p>\n<h3><\/h3>\n[\/vc_column_text][\/vc_column_inner][vc_column_inner el_class=&#8220;fh-destinations-home-destination-text&#8220; width=&#8220;1\/2&#8243;][vc_column_text el_class=&#8220;fh-destinations-content-text&#8220;]\n<h3><a href=\"https:\/\/www.fuertehoteles.com\/de\/reiseziele\/grazalema-urlaub\/\">Grazalema<\/a> (C\u00e1diz)<\/h3>\n<h4>La joya blanca gaditana<\/h4>\n<p>Grazalema es el sitio<strong> ideal para relajarse contemplando las incre\u00edbles vistas de su Parque natural o disfrutar de los maravillosos <\/strong>itinerarios para la pr\u00e1ctica de deporte al aire libre mientras respiras naturaleza en todo su esplendor.[\/vc_column_text][\/vc_column_inner][\/vc_row_inner][\/vc_column][\/vc_row][vc_row full_width=&#8220;stretch_row&#8220; el_class=&#8220;fh-hotels-pre-footer&#8220;][vc_column][vc_empty_space height=&#8220;120px&#8220;][\/vc_column][\/vc_row][\/vc_section]\n","protected":false},"excerpt":{"rendered":"<p>[vc_row full_width=&#8220;stretch_row_content_no_spaces&#8220; content_placement=&#8220;top&#8220; el_class=&#8220;fh-destinations-header&#8220;][vc_column][vc_single_image image=&#8220;1499&#8243; img_size=&#8220;full&#8220; alignment=&#8220;center&#8220; el_class=&#8220;fh-destinations-header-image&#8220;][vc_single_image image=&#8220;1495&#8243; img_size=&#8220;full&#8220; alignment=&#8220;center&#8220; el_class=&#8220;fh-destinations-header-image only-mobile&#8220;][vc_column_text el_class=&#8220;fh-destinations-header-name&#8220;] Unsere Ziele [\/vc_column_text][vc_column_text el_class=&#8220;fh-destinations-header-booking-mask&#8220;] Reservar [\/vc_column_text][\/vc_column][\/vc_row][vc_row full_width=&#8220;stretch_row&#8220; el_class=&#8220;fh-destinations-intro&#8220;][vc_column][vc_column_text el_class=&#8220;fh-destinations-intro-supertitle&#8220;] PRIVILEGIERTE LAGEN [\/vc_column_text][vc_column_text el_class=&#8220;fh-destinations-intro-title&#8220;] DIE BESTEN REISEZIELEN IN ANDALUSIEN [\/vc_column_text][vc_column_text] Sonne, Strand, Natur, eine weltweit angesehene, vielf\u00e4ltige Gastronomie und der offene und frohe Charakter der Andalusier sind einige der Gr\u00fcnde, die unterschiedlichen<\/p>\n","protected":false},"author":6,"featured_media":0,"parent":0,"menu_order":0,"comment_status":"closed","ping_status":"closed","template":"templates\/destinations.php","meta":{"footnotes":""},"class_list":["post-4233","page","type-page","status-publish","hentry"],"yoast_head":"<!-- This site is optimized with the Yoast SEO plugin v22.4 - https:\/\/yoast.com\/wordpress\/plugins\/seo\/ -->\n<title>Reiseziele in Andalusien, Touristenort Andalusien Spanien<\/title>\n<meta name=\"description\" content=\"Reiseziele in Andalusien. Wenn Sie den perfekten Urlaub buchen, dann ist Andalusien der richtige Ort um Ihnen eine Unterkunft mit Fuerte Hoteles zu bieten.\" \/>\n<meta name=\"robots\" content=\"index, follow, max-snippet:-1, max-image-preview:large, max-video-preview:-1\" \/>\n<link rel=\"canonical\" href=\"https:\/\/www.fuertehoteles.com\/de\/reiseziele\/\" \/>\n<meta property=\"og:locale\" content=\"de_DE\" \/>\n<meta property=\"og:type\" content=\"article\" \/>\n<meta property=\"og:title\" content=\"Reiseziele in Andalusien, Touristenort Andalusien Spanien\" \/>\n<meta property=\"og:description\" content=\"Reiseziele in Andalusien. Wenn Sie den perfekten Urlaub buchen, dann ist Andalusien der richtige Ort um Ihnen eine Unterkunft mit Fuerte Hoteles zu bieten.\" \/>\n<meta property=\"og:url\" content=\"https:\/\/www.fuertehoteles.com\/de\/reiseziele\/\" \/>\n<meta property=\"og:site_name\" content=\"Fuerte Hoteles\" \/>\n<meta property=\"article:publisher\" content=\"https:\/\/www.facebook.com\/HotelesFuerte\" \/>\n<meta property=\"article:modified_time\" content=\"2024-04-16T13:57:08+00:00\" \/>\n<meta property=\"og:image\" content=\"https:\/\/www.fuertehoteles.com\/wp-content\/uploads\/2021\/12\/fh-map-lg-de.png\" \/>\n<meta name=\"twitter:card\" content=\"summary_large_image\" \/>\n<meta name=\"twitter:site\" content=\"@fuertehoteles\" \/>\n<meta name=\"twitter:label1\" content=\"Gesch\u00e4tzte Lesezeit\" \/>\n\t<meta name=\"twitter:data1\" content=\"3\u00a0Minuten\" \/>\n<script type=\"application\/ld+json\" class=\"yoast-schema-graph\">{\"@context\":\"https:\/\/schema.org\",\"@graph\":[{\"@type\":\"WebPage\",\"@id\":\"https:\/\/www.fuertehoteles.com\/de\/reiseziele\/\",\"url\":\"https:\/\/www.fuertehoteles.com\/de\/reiseziele\/\",\"name\":\"Reiseziele in Andalusien, Touristenort Andalusien Spanien\",\"isPartOf\":{\"@id\":\"https:\/\/www.fuertehoteles.com\/#website\"},\"primaryImageOfPage\":{\"@id\":\"https:\/\/www.fuertehoteles.com\/de\/reiseziele\/#primaryimage\"},\"image\":{\"@id\":\"https:\/\/www.fuertehoteles.com\/de\/reiseziele\/#primaryimage\"},\"thumbnailUrl\":\"https:\/\/www.fuertehoteles.com\/wp-content\/uploads\/2021\/12\/fh-map-lg-de.png\",\"datePublished\":\"2021-11-26T11:07:11+00:00\",\"dateModified\":\"2024-04-16T13:57:08+00:00\",\"description\":\"Reiseziele in Andalusien. Wenn Sie den perfekten Urlaub buchen, dann ist Andalusien der richtige Ort um Ihnen eine Unterkunft mit Fuerte Hoteles zu bieten.\",\"breadcrumb\":{\"@id\":\"https:\/\/www.fuertehoteles.com\/de\/reiseziele\/#breadcrumb\"},\"inLanguage\":\"de\",\"potentialAction\":[{\"@type\":\"ReadAction\",\"target\":[\"https:\/\/www.fuertehoteles.com\/de\/reiseziele\/\"]}]},{\"@type\":\"ImageObject\",\"inLanguage\":\"de\",\"@id\":\"https:\/\/www.fuertehoteles.com\/de\/reiseziele\/#primaryimage\",\"url\":\"https:\/\/www.fuertehoteles.com\/wp-content\/uploads\/2021\/12\/fh-map-lg-de.png\",\"contentUrl\":\"https:\/\/www.fuertehoteles.com\/wp-content\/uploads\/2021\/12\/fh-map-lg-de.png\"},{\"@type\":\"BreadcrumbList\",\"@id\":\"https:\/\/www.fuertehoteles.com\/de\/reiseziele\/#breadcrumb\",\"itemListElement\":[{\"@type\":\"ListItem\",\"position\":1,\"name\":\"Portada\",\"item\":\"https:\/\/www.fuertehoteles.com\/de\/\"},{\"@type\":\"ListItem\",\"position\":2,\"name\":\"Reiseziele\"}]},{\"@type\":\"WebSite\",\"@id\":\"https:\/\/www.fuertehoteles.com\/#website\",\"url\":\"https:\/\/www.fuertehoteles.com\/\",\"name\":\"Fuerte Hoteles\",\"description\":\"\",\"publisher\":{\"@id\":\"https:\/\/www.fuertehoteles.com\/#organization\"},\"potentialAction\":[{\"@type\":\"SearchAction\",\"target\":{\"@type\":\"EntryPoint\",\"urlTemplate\":\"https:\/\/www.fuertehoteles.com\/?s={search_term_string}\"},\"query-input\":\"required name=search_term_string\"}],\"inLanguage\":\"de\"},{\"@type\":\"Organization\",\"@id\":\"https:\/\/www.fuertehoteles.com\/#organization\",\"name\":\"Fuerte Hoteles\",\"url\":\"https:\/\/www.fuertehoteles.com\/\",\"logo\":{\"@type\":\"ImageObject\",\"inLanguage\":\"de\",\"@id\":\"https:\/\/www.fuertehoteles.com\/#\/schema\/logo\/image\/\",\"url\":\"https:\/\/www.fuertehoteles.com\/wp-content\/uploads\/2022\/09\/logo-ffhh-1.jpg\",\"contentUrl\":\"https:\/\/www.fuertehoteles.com\/wp-content\/uploads\/2022\/09\/logo-ffhh-1.jpg\",\"width\":500,\"height\":500,\"caption\":\"Fuerte Hoteles\"},\"image\":{\"@id\":\"https:\/\/www.fuertehoteles.com\/#\/schema\/logo\/image\/\"},\"sameAs\":[\"https:\/\/www.facebook.com\/HotelesFuerte\",\"https:\/\/twitter.com\/fuertehoteles\",\"https:\/\/www.instagram.com\/fuertehoteles\/\",\"https:\/\/www.linkedin.com\/company\/fuerte-hoteles\/\",\"https:\/\/www.youtube.com\/user\/fuertehoteles\",\"https:\/\/en.wikipedia.org\/wiki\/Fuerte_Hotels\"]}]}<\/script>\n<!-- \/ Yoast SEO plugin. -->","yoast_head_json":{"title":"Reiseziele in Andalusien, Touristenort Andalusien Spanien","description":"Reiseziele in Andalusien. Wenn Sie den perfekten Urlaub buchen, dann ist Andalusien der richtige Ort um Ihnen eine Unterkunft mit Fuerte Hoteles zu bieten.","robots":{"index":"index","follow":"follow","max-snippet":"max-snippet:-1","max-image-preview":"max-image-preview:large","max-video-preview":"max-video-preview:-1"},"canonical":"https:\/\/www.fuertehoteles.com\/de\/reiseziele\/","og_locale":"de_DE","og_type":"article","og_title":"Reiseziele in Andalusien, Touristenort Andalusien Spanien","og_description":"Reiseziele in Andalusien. Wenn Sie den perfekten Urlaub buchen, dann ist Andalusien der richtige Ort um Ihnen eine Unterkunft mit Fuerte Hoteles zu bieten.","og_url":"https:\/\/www.fuertehoteles.com\/de\/reiseziele\/","og_site_name":"Fuerte Hoteles","article_publisher":"https:\/\/www.facebook.com\/HotelesFuerte","article_modified_time":"2024-04-16T13:57:08+00:00","og_image":[{"url":"https:\/\/www.fuertehoteles.com\/wp-content\/uploads\/2021\/12\/fh-map-lg-de.png"}],"twitter_card":"summary_large_image","twitter_site":"@fuertehoteles","twitter_misc":{"Gesch\u00e4tzte Lesezeit":"3\u00a0Minuten"},"schema":{"@context":"https:\/\/schema.org","@graph":[{"@type":"WebPage","@id":"https:\/\/www.fuertehoteles.com\/de\/reiseziele\/","url":"https:\/\/www.fuertehoteles.com\/de\/reiseziele\/","name":"Reiseziele in Andalusien, Touristenort Andalusien Spanien","isPartOf":{"@id":"https:\/\/www.fuertehoteles.com\/#website"},"primaryImageOfPage":{"@id":"https:\/\/www.fuertehoteles.com\/de\/reiseziele\/#primaryimage"},"image":{"@id":"https:\/\/www.fuertehoteles.com\/de\/reiseziele\/#primaryimage"},"thumbnailUrl":"https:\/\/www.fuertehoteles.com\/wp-content\/uploads\/2021\/12\/fh-map-lg-de.png","datePublished":"2021-11-26T11:07:11+00:00","dateModified":"2024-04-16T13:57:08+00:00","description":"Reiseziele in Andalusien. Wenn Sie den perfekten Urlaub buchen, dann ist Andalusien der richtige Ort um Ihnen eine Unterkunft mit Fuerte Hoteles zu bieten.","breadcrumb":{"@id":"https:\/\/www.fuertehoteles.com\/de\/reiseziele\/#breadcrumb"},"inLanguage":"de","potentialAction":[{"@type":"ReadAction","target":["https:\/\/www.fuertehoteles.com\/de\/reiseziele\/"]}]},{"@type":"ImageObject","inLanguage":"de","@id":"https:\/\/www.fuertehoteles.com\/de\/reiseziele\/#primaryimage","url":"https:\/\/www.fuertehoteles.com\/wp-content\/uploads\/2021\/12\/fh-map-lg-de.png","contentUrl":"https:\/\/www.fuertehoteles.com\/wp-content\/uploads\/2021\/12\/fh-map-lg-de.png"},{"@type":"BreadcrumbList","@id":"https:\/\/www.fuertehoteles.com\/de\/reiseziele\/#breadcrumb","itemListElement":[{"@type":"ListItem","position":1,"name":"Portada","item":"https:\/\/www.fuertehoteles.com\/de\/"},{"@type":"ListItem","position":2,"name":"Reiseziele"}]},{"@type":"WebSite","@id":"https:\/\/www.fuertehoteles.com\/#website","url":"https:\/\/www.fuertehoteles.com\/","name":"Fuerte Hoteles","description":"","publisher":{"@id":"https:\/\/www.fuertehoteles.com\/#organization"},"potentialAction":[{"@type":"SearchAction","target":{"@type":"EntryPoint","urlTemplate":"https:\/\/www.fuertehoteles.com\/?s={search_term_string}"},"query-input":"required name=search_term_string"}],"inLanguage":"de"},{"@type":"Organization","@id":"https:\/\/www.fuertehoteles.com\/#organization","name":"Fuerte Hoteles","url":"https:\/\/www.fuertehoteles.com\/","logo":{"@type":"ImageObject","inLanguage":"de","@id":"https:\/\/www.fuertehoteles.com\/#\/schema\/logo\/image\/","url":"https:\/\/www.fuertehoteles.com\/wp-content\/uploads\/2022\/09\/logo-ffhh-1.jpg","contentUrl":"https:\/\/www.fuertehoteles.com\/wp-content\/uploads\/2022\/09\/logo-ffhh-1.jpg","width":500,"height":500,"caption":"Fuerte Hoteles"},"image":{"@id":"https:\/\/www.fuertehoteles.com\/#\/schema\/logo\/image\/"},"sameAs":["https:\/\/www.facebook.com\/HotelesFuerte","https:\/\/twitter.com\/fuertehoteles","https:\/\/www.instagram.com\/fuertehoteles\/","https:\/\/www.linkedin.com\/company\/fuerte-hoteles\/","https:\/\/www.youtube.com\/user\/fuertehoteles","https:\/\/en.wikipedia.org\/wiki\/Fuerte_Hotels"]}]}},"_links":{"self":[{"href":"https:\/\/www.fuertehoteles.com\/de\/wp-json\/wp\/v2\/pages\/4233","targetHints":{"allow":["GET"]}}],"collection":[{"href":"https:\/\/www.fuertehoteles.com\/de\/wp-json\/wp\/v2\/pages"}],"about":[{"href":"https:\/\/www.fuertehoteles.com\/de\/wp-json\/wp\/v2\/types\/page"}],"author":[{"embeddable":true,"href":"https:\/\/www.fuertehoteles.com\/de\/wp-json\/wp\/v2\/users\/6"}],"replies":[{"embeddable":true,"href":"https:\/\/www.fuertehoteles.com\/de\/wp-json\/wp\/v2\/comments?post=4233"}],"version-history":[{"count":1,"href":"https:\/\/www.fuertehoteles.com\/de\/wp-json\/wp\/v2\/pages\/4233\/revisions"}],"predecessor-version":[{"id":153526,"href":"https:\/\/www.fuertehoteles.com\/de\/wp-json\/wp\/v2\/pages\/4233\/revisions\/153526"}],"wp:attachment":[{"href":"https:\/\/www.fuertehoteles.com\/de\/wp-json\/wp\/v2\/media?parent=4233"}],"curies":[{"name":"wp","href":"https:\/\/api.w.org\/{rel}","templated":true}]}}