{"id":4525,"date":"2021-11-26T14:26:32","date_gmt":"2021-11-26T13:26:32","guid":{"rendered":"https:\/\/www.fuertehoteles.com\/reiseziele\/conil-urlaub\/casco-antiguo\/"},"modified":"2021-12-20T14:34:51","modified_gmt":"2021-12-20T13:34:51","slug":"altstadt","status":"publish","type":"page","link":"https:\/\/www.fuertehoteles.com\/de\/reiseziele\/conil-urlaub\/altstadt\/","title":{"rendered":"Altstadt"},"content":{"rendered":"[vc_row][vc_column el_class=&#8220;destination-content&#8220;][vc_column_text]\n<h1>Lernen Sie die historische Altstadt von Conil kennen!<\/h1>\n<p><strong>Conil<\/strong> bedeutet nicht nur Strand und Unterhaltung, sondern auch spanische Kultur. Die uralten T\u00fcrme und Kirchen, die sich \u00fcber den typischen, wei\u00df get\u00fcnchten H\u00e4usern erheben, halten f\u00fcr Besucher ihre eigenen, spannenden Geschichten bereit.<\/p>\n<p>Entfernungen der Sehensw\u00fcrdigkeiten in <strong>Conil de la Frontera<\/strong> vom <a href=\"https:\/\/www.fuertehoteles.com\/de\/hotels\/resort-fuerte-conil-costaluz\/das-hotel\/\"><strong>Hotel Fuerte Conil-Resort<\/strong><\/a><\/p>\n<h3>Puerta de la Villa (10 Min. zu Fu\u00df)<\/h3>\n<p>Der Bogen der <strong>Puerta de la Villa<\/strong> war das Tor der alten Stadtmauer. Heute ist sie eine der Hauptattraktionen des Ortes und bildet den Anfang der engen Gassen, die noch aus dem Mittelalter bestehen. In diesem Ort werden bodenst\u00e4ndige Traditionen noch aufrechterhalten.<\/p>\n<h3>Kirche Santa Catalina (15 Min. zu Fu\u00df)<\/h3>\n<p>Die pr\u00e4chtige Kirche stammt urspr\u00fcnglich aus dem 16. Jahrhundert und wurde im 19. Jahrhundert mit einer besonderen Kombination aus verschiedenen Stilen wieder aufgebaut. Heute steht sie auf dem gleichnamigen Platz umgeben von Gr\u00fcnanlagen und geh\u00f6rt zu den vielen<\/p>\n<p><strong>Sehensw\u00fcrdigkeiten in Conil de la Frontera<\/strong>. Zurzeit dient die Kirche als Ausstellungssaal.<\/p>\n<h3>Turm Guzm\u00e1n (15 Min. zu Fu\u00df)<\/h3>\n<p>Der <strong>Turm Guzm\u00e1n<\/strong> ist das Symbol von Conil und Teil des Stadtwappens. Der imposante Turm aus dem 14. Jahrhundert erhebt sich im Ortszentrum und wurde von Guzm\u00e1n El Bueno in Auftrag gegeben.<\/p>\n<h3>Puerta de C\u00e1diz (15 Min. zu Fu\u00df)<\/h3>\n<p>Im Volksmund wird das Tor als \u201e<strong>Puerta Cai<\/strong>\u201c bezeichnet. Es war einer der vier Ein- und Ausg\u00e4nge in der Stadtmauer und ist nun eine der beliebten Sehensw\u00fcrdigkeiten von <strong>Conil de la Frontera<\/strong>.<\/p>\n<p><strong>Fischerhafen (1,5 Std. zu Fu\u00df, 40 min. mit dem Fahrrad und 10 min. mit dem Auto)<\/strong><br \/>\nIm Hafen von Conil k\u00f6nnen Sie die Boote bestaunen, die f\u00fcr den traditionellen Fang <strong>des Almadraba Thunfisch <\/strong>verwendet werden. Verpassen Sie auf keinen Fall die traditionelle Fischversteigerung.[\/vc_column_text][\/vc_column][\/vc_row]\n","protected":false},"excerpt":{"rendered":"<p>[vc_row][vc_column el_class=&#8220;destination-content&#8220;][vc_column_text] Lernen Sie die historische Altstadt von Conil kennen! Conil bedeutet nicht nur Strand und Unterhaltung, sondern auch spanische Kultur. Die uralten T\u00fcrme und Kirchen, die sich \u00fcber den typischen, wei\u00df get\u00fcnchten H\u00e4usern erheben, halten f\u00fcr Besucher ihre eigenen, spannenden Geschichten bereit. Entfernungen der Sehensw\u00fcrdigkeiten in Conil de la Frontera vom Hotel Fuerte Conil-Resort<\/p>\n","protected":false},"author":6,"featured_media":1583,"parent":4516,"menu_order":0,"comment_status":"closed","ping_status":"closed","template":"templates\/destination-subpages.php","meta":{"footnotes":""},"class_list":["post-4525","page","type-page","status-publish","hentry"],"yoast_head":"<!-- This site is optimized with the Yoast SEO plugin v22.4 - https:\/\/yoast.com\/wordpress\/plugins\/seo\/ -->\n<title>Die historische Altstadt von Conil de la Frontera, Cadiz<\/title>\n<meta name=\"description\" content=\"Conil ist nicht nur Strand und Spa\u00df, seine Stra\u00dfen haben mit seinen T\u00fcrmen &amp; Kirchen und seinen typischen wei\u00dfen H\u00e4usern viel zu erz\u00e4hlen. Altstadt von Conil\" \/>\n<meta name=\"robots\" content=\"index, follow, max-snippet:-1, max-image-preview:large, max-video-preview:-1\" \/>\n<link rel=\"canonical\" href=\"https:\/\/www.fuertehoteles.com\/de\/reiseziele\/conil-urlaub\/altstadt\/\" \/>\n<meta property=\"og:locale\" content=\"de_DE\" \/>\n<meta property=\"og:type\" content=\"article\" \/>\n<meta property=\"og:title\" content=\"Die historische Altstadt von Conil de la Frontera, Cadiz\" \/>\n<meta property=\"og:description\" content=\"Conil ist nicht nur Strand und Spa\u00df, seine Stra\u00dfen haben mit seinen T\u00fcrmen &amp; Kirchen und seinen typischen wei\u00dfen H\u00e4usern viel zu erz\u00e4hlen. Altstadt von Conil\" \/>\n<meta property=\"og:url\" content=\"https:\/\/www.fuertehoteles.com\/de\/reiseziele\/conil-urlaub\/altstadt\/\" \/>\n<meta property=\"og:site_name\" content=\"Fuerte Hoteles\" \/>\n<meta property=\"article:publisher\" content=\"https:\/\/www.facebook.com\/HotelesFuerte\" \/>\n<meta property=\"article:modified_time\" content=\"2021-12-20T13:34:51+00:00\" \/>\n<meta property=\"og:image\" content=\"https:\/\/www.fuertehoteles.com\/wp-content\/uploads\/2021\/11\/vista-casco-antiguo-conil.jpg\" \/>\n\t<meta property=\"og:image:width\" content=\"1920\" \/>\n\t<meta property=\"og:image:height\" content=\"540\" \/>\n\t<meta property=\"og:image:type\" content=\"image\/jpeg\" \/>\n<meta name=\"twitter:card\" content=\"summary_large_image\" \/>\n<meta name=\"twitter:site\" content=\"@fuertehoteles\" \/>\n<meta name=\"twitter:label1\" content=\"Gesch\u00e4tzte Lesezeit\" \/>\n\t<meta name=\"twitter:data1\" content=\"2\u00a0Minuten\" \/>\n<script type=\"application\/ld+json\" class=\"yoast-schema-graph\">{\"@context\":\"https:\/\/schema.org\",\"@graph\":[{\"@type\":\"WebPage\",\"@id\":\"https:\/\/www.fuertehoteles.com\/de\/reiseziele\/conil-urlaub\/altstadt\/\",\"url\":\"https:\/\/www.fuertehoteles.com\/de\/reiseziele\/conil-urlaub\/altstadt\/\",\"name\":\"Die historische Altstadt von Conil de la Frontera, Cadiz\",\"isPartOf\":{\"@id\":\"https:\/\/www.fuertehoteles.com\/#website\"},\"primaryImageOfPage\":{\"@id\":\"https:\/\/www.fuertehoteles.com\/de\/reiseziele\/conil-urlaub\/altstadt\/#primaryimage\"},\"image\":{\"@id\":\"https:\/\/www.fuertehoteles.com\/de\/reiseziele\/conil-urlaub\/altstadt\/#primaryimage\"},\"thumbnailUrl\":\"https:\/\/www.fuertehoteles.com\/wp-content\/uploads\/2021\/11\/vista-casco-antiguo-conil.jpg\",\"datePublished\":\"2021-11-26T13:26:32+00:00\",\"dateModified\":\"2021-12-20T13:34:51+00:00\",\"description\":\"Conil ist nicht nur Strand und Spa\u00df, seine Stra\u00dfen haben mit seinen T\u00fcrmen & Kirchen und seinen typischen wei\u00dfen H\u00e4usern viel zu erz\u00e4hlen. Altstadt von Conil\",\"breadcrumb\":{\"@id\":\"https:\/\/www.fuertehoteles.com\/de\/reiseziele\/conil-urlaub\/altstadt\/#breadcrumb\"},\"inLanguage\":\"de\",\"potentialAction\":[{\"@type\":\"ReadAction\",\"target\":[\"https:\/\/www.fuertehoteles.com\/de\/reiseziele\/conil-urlaub\/altstadt\/\"]}]},{\"@type\":\"ImageObject\",\"inLanguage\":\"de\",\"@id\":\"https:\/\/www.fuertehoteles.com\/de\/reiseziele\/conil-urlaub\/altstadt\/#primaryimage\",\"url\":\"https:\/\/www.fuertehoteles.com\/wp-content\/uploads\/2021\/11\/vista-casco-antiguo-conil.jpg\",\"contentUrl\":\"https:\/\/www.fuertehoteles.com\/wp-content\/uploads\/2021\/11\/vista-casco-antiguo-conil.jpg\",\"width\":1920,\"height\":540,\"caption\":\"Casco Antiguo de Conil\"},{\"@type\":\"BreadcrumbList\",\"@id\":\"https:\/\/www.fuertehoteles.com\/de\/reiseziele\/conil-urlaub\/altstadt\/#breadcrumb\",\"itemListElement\":[{\"@type\":\"ListItem\",\"position\":1,\"name\":\"Portada\",\"item\":\"https:\/\/www.fuertehoteles.com\/de\/\"},{\"@type\":\"ListItem\",\"position\":2,\"name\":\"Reiseziele\",\"item\":\"https:\/\/www.fuertehoteles.com\/de\/reiseziele\/\"},{\"@type\":\"ListItem\",\"position\":3,\"name\":\"Conil de la Frontera\",\"item\":\"https:\/\/www.fuertehoteles.com\/de\/reiseziele\/conil-urlaub\/\"},{\"@type\":\"ListItem\",\"position\":4,\"name\":\"Altstadt\"}]},{\"@type\":\"WebSite\",\"@id\":\"https:\/\/www.fuertehoteles.com\/#website\",\"url\":\"https:\/\/www.fuertehoteles.com\/\",\"name\":\"Fuerte Hoteles\",\"description\":\"\",\"publisher\":{\"@id\":\"https:\/\/www.fuertehoteles.com\/#organization\"},\"potentialAction\":[{\"@type\":\"SearchAction\",\"target\":{\"@type\":\"EntryPoint\",\"urlTemplate\":\"https:\/\/www.fuertehoteles.com\/?s={search_term_string}\"},\"query-input\":\"required name=search_term_string\"}],\"inLanguage\":\"de\"},{\"@type\":\"Organization\",\"@id\":\"https:\/\/www.fuertehoteles.com\/#organization\",\"name\":\"Fuerte Hoteles\",\"url\":\"https:\/\/www.fuertehoteles.com\/\",\"logo\":{\"@type\":\"ImageObject\",\"inLanguage\":\"de\",\"@id\":\"https:\/\/www.fuertehoteles.com\/#\/schema\/logo\/image\/\",\"url\":\"https:\/\/www.fuertehoteles.com\/wp-content\/uploads\/2022\/09\/logo-ffhh-1.jpg\",\"contentUrl\":\"https:\/\/www.fuertehoteles.com\/wp-content\/uploads\/2022\/09\/logo-ffhh-1.jpg\",\"width\":500,\"height\":500,\"caption\":\"Fuerte Hoteles\"},\"image\":{\"@id\":\"https:\/\/www.fuertehoteles.com\/#\/schema\/logo\/image\/\"},\"sameAs\":[\"https:\/\/www.facebook.com\/HotelesFuerte\",\"https:\/\/twitter.com\/fuertehoteles\",\"https:\/\/www.instagram.com\/fuertehoteles\/\",\"https:\/\/www.linkedin.com\/company\/fuerte-hoteles\/\",\"https:\/\/www.youtube.com\/user\/fuertehoteles\",\"https:\/\/en.wikipedia.org\/wiki\/Fuerte_Hotels\"]}]}<\/script>\n<!-- \/ Yoast SEO plugin. -->","yoast_head_json":{"title":"Die historische Altstadt von Conil de la Frontera, Cadiz","description":"Conil ist nicht nur Strand und Spa\u00df, seine Stra\u00dfen haben mit seinen T\u00fcrmen & Kirchen und seinen typischen wei\u00dfen H\u00e4usern viel zu erz\u00e4hlen. Altstadt von Conil","robots":{"index":"index","follow":"follow","max-snippet":"max-snippet:-1","max-image-preview":"max-image-preview:large","max-video-preview":"max-video-preview:-1"},"canonical":"https:\/\/www.fuertehoteles.com\/de\/reiseziele\/conil-urlaub\/altstadt\/","og_locale":"de_DE","og_type":"article","og_title":"Die historische Altstadt von Conil de la Frontera, Cadiz","og_description":"Conil ist nicht nur Strand und Spa\u00df, seine Stra\u00dfen haben mit seinen T\u00fcrmen & Kirchen und seinen typischen wei\u00dfen H\u00e4usern viel zu erz\u00e4hlen. Altstadt von Conil","og_url":"https:\/\/www.fuertehoteles.com\/de\/reiseziele\/conil-urlaub\/altstadt\/","og_site_name":"Fuerte Hoteles","article_publisher":"https:\/\/www.facebook.com\/HotelesFuerte","article_modified_time":"2021-12-20T13:34:51+00:00","og_image":[{"width":1920,"height":540,"url":"https:\/\/www.fuertehoteles.com\/wp-content\/uploads\/2021\/11\/vista-casco-antiguo-conil.jpg","type":"image\/jpeg"}],"twitter_card":"summary_large_image","twitter_site":"@fuertehoteles","twitter_misc":{"Gesch\u00e4tzte Lesezeit":"2\u00a0Minuten"},"schema":{"@context":"https:\/\/schema.org","@graph":[{"@type":"WebPage","@id":"https:\/\/www.fuertehoteles.com\/de\/reiseziele\/conil-urlaub\/altstadt\/","url":"https:\/\/www.fuertehoteles.com\/de\/reiseziele\/conil-urlaub\/altstadt\/","name":"Die historische Altstadt von Conil de la Frontera, Cadiz","isPartOf":{"@id":"https:\/\/www.fuertehoteles.com\/#website"},"primaryImageOfPage":{"@id":"https:\/\/www.fuertehoteles.com\/de\/reiseziele\/conil-urlaub\/altstadt\/#primaryimage"},"image":{"@id":"https:\/\/www.fuertehoteles.com\/de\/reiseziele\/conil-urlaub\/altstadt\/#primaryimage"},"thumbnailUrl":"https:\/\/www.fuertehoteles.com\/wp-content\/uploads\/2021\/11\/vista-casco-antiguo-conil.jpg","datePublished":"2021-11-26T13:26:32+00:00","dateModified":"2021-12-20T13:34:51+00:00","description":"Conil ist nicht nur Strand und Spa\u00df, seine Stra\u00dfen haben mit seinen T\u00fcrmen & Kirchen und seinen typischen wei\u00dfen H\u00e4usern viel zu erz\u00e4hlen. Altstadt von Conil","breadcrumb":{"@id":"https:\/\/www.fuertehoteles.com\/de\/reiseziele\/conil-urlaub\/altstadt\/#breadcrumb"},"inLanguage":"de","potentialAction":[{"@type":"ReadAction","target":["https:\/\/www.fuertehoteles.com\/de\/reiseziele\/conil-urlaub\/altstadt\/"]}]},{"@type":"ImageObject","inLanguage":"de","@id":"https:\/\/www.fuertehoteles.com\/de\/reiseziele\/conil-urlaub\/altstadt\/#primaryimage","url":"https:\/\/www.fuertehoteles.com\/wp-content\/uploads\/2021\/11\/vista-casco-antiguo-conil.jpg","contentUrl":"https:\/\/www.fuertehoteles.com\/wp-content\/uploads\/2021\/11\/vista-casco-antiguo-conil.jpg","width":1920,"height":540,"caption":"Casco Antiguo de Conil"},{"@type":"BreadcrumbList","@id":"https:\/\/www.fuertehoteles.com\/de\/reiseziele\/conil-urlaub\/altstadt\/#breadcrumb","itemListElement":[{"@type":"ListItem","position":1,"name":"Portada","item":"https:\/\/www.fuertehoteles.com\/de\/"},{"@type":"ListItem","position":2,"name":"Reiseziele","item":"https:\/\/www.fuertehoteles.com\/de\/reiseziele\/"},{"@type":"ListItem","position":3,"name":"Conil de la Frontera","item":"https:\/\/www.fuertehoteles.com\/de\/reiseziele\/conil-urlaub\/"},{"@type":"ListItem","position":4,"name":"Altstadt"}]},{"@type":"WebSite","@id":"https:\/\/www.fuertehoteles.com\/#website","url":"https:\/\/www.fuertehoteles.com\/","name":"Fuerte Hoteles","description":"","publisher":{"@id":"https:\/\/www.fuertehoteles.com\/#organization"},"potentialAction":[{"@type":"SearchAction","target":{"@type":"EntryPoint","urlTemplate":"https:\/\/www.fuertehoteles.com\/?s={search_term_string}"},"query-input":"required name=search_term_string"}],"inLanguage":"de"},{"@type":"Organization","@id":"https:\/\/www.fuertehoteles.com\/#organization","name":"Fuerte Hoteles","url":"https:\/\/www.fuertehoteles.com\/","logo":{"@type":"ImageObject","inLanguage":"de","@id":"https:\/\/www.fuertehoteles.com\/#\/schema\/logo\/image\/","url":"https:\/\/www.fuertehoteles.com\/wp-content\/uploads\/2022\/09\/logo-ffhh-1.jpg","contentUrl":"https:\/\/www.fuertehoteles.com\/wp-content\/uploads\/2022\/09\/logo-ffhh-1.jpg","width":500,"height":500,"caption":"Fuerte Hoteles"},"image":{"@id":"https:\/\/www.fuertehoteles.com\/#\/schema\/logo\/image\/"},"sameAs":["https:\/\/www.facebook.com\/HotelesFuerte","https:\/\/twitter.com\/fuertehoteles","https:\/\/www.instagram.com\/fuertehoteles\/","https:\/\/www.linkedin.com\/company\/fuerte-hoteles\/","https:\/\/www.youtube.com\/user\/fuertehoteles","https:\/\/en.wikipedia.org\/wiki\/Fuerte_Hotels"]}]}},"_links":{"self":[{"href":"https:\/\/www.fuertehoteles.com\/de\/wp-json\/wp\/v2\/pages\/4525","targetHints":{"allow":["GET"]}}],"collection":[{"href":"https:\/\/www.fuertehoteles.com\/de\/wp-json\/wp\/v2\/pages"}],"about":[{"href":"https:\/\/www.fuertehoteles.com\/de\/wp-json\/wp\/v2\/types\/page"}],"author":[{"embeddable":true,"href":"https:\/\/www.fuertehoteles.com\/de\/wp-json\/wp\/v2\/users\/6"}],"replies":[{"embeddable":true,"href":"https:\/\/www.fuertehoteles.com\/de\/wp-json\/wp\/v2\/comments?post=4525"}],"version-history":[{"count":0,"href":"https:\/\/www.fuertehoteles.com\/de\/wp-json\/wp\/v2\/pages\/4525\/revisions"}],"up":[{"embeddable":true,"href":"https:\/\/www.fuertehoteles.com\/de\/wp-json\/wp\/v2\/pages\/4516"}],"wp:featuredmedia":[{"embeddable":true,"href":"https:\/\/www.fuertehoteles.com\/de\/wp-json\/wp\/v2\/media\/1583"}],"wp:attachment":[{"href":"https:\/\/www.fuertehoteles.com\/de\/wp-json\/wp\/v2\/media?parent=4525"}],"curies":[{"name":"wp","href":"https:\/\/api.w.org\/{rel}","templated":true}]}}