{"id":4534,"date":"2021-11-26T14:29:14","date_gmt":"2021-11-26T13:29:14","guid":{"rendered":"https:\/\/www.fuertehoteles.com\/reiseziele\/conil-urlaub\/compras\/"},"modified":"2021-12-20T14:40:31","modified_gmt":"2021-12-20T13:40:31","slug":"einkaufsmoeglichkeiten","status":"publish","type":"page","link":"https:\/\/www.fuertehoteles.com\/de\/reiseziele\/conil-urlaub\/einkaufsmoeglichkeiten\/","title":{"rendered":"Einkaufen"},"content":{"rendered":"[vc_row][vc_column el_class=&#8220;destination-content&#8220;][vc_column_text]\n<h1>Die besten Einkaufsm\u00f6glichkeiten in Conil de la Frontera<\/h1>\n<p>In Conil de la Frontera bieten sich Urlaubern tolle Einkaufsm\u00f6glichkeiten. Viele Gesch\u00e4fte und Boutiquen finden Sie auch in unmittelbarer N\u00e4he von unserem Hotel Fuerte Conil\u2013Costa Luz.<\/p>\n<h3>Ortszentrum von Conil (15 Min. zu Fu\u00df)<\/h3>\n<p>Die Altstadt von Conil ist ideal zum Einkaufen und Bummeln. Besonders beliebt ist das Gesch\u00e4ft Caur, das heimische Produkte anbietet.<\/p>\n<p>Eine weitere beliebte Einkaufsm\u00f6glichkeit in Conil de la Frontera ist der Wochenmarkt, der jeden Freitag stattfindet. Hier k\u00f6nnen Sie verschiedene Lebensmittel und andere Waren zu einem g\u00fcnstigen Preis erstehen.<\/p>\n<h3>Einkaufszentrum Bah\u00eda Sur, San Fernando (20 Min. mit dem Auto)<\/h3>\n<p>Dieses gro\u00dfe Einkaufszentrum in San Fernando bietet Ihnen eine Vielzahl an Gesch\u00e4ften bekannter Marken, die von Kleidung und Schuhen bis hin zu Accessoires alles im Angebot haben.<\/p>\n<h3>Stadtzentrum von C\u00e1diz (30 Min. mit dem Auto)<\/h3>\n<p>Die Altstadt der Provinzhauptstadt C\u00e1diz ist ein offenes Einkaufszentrum, in dem Kunden eine gro\u00dfe Produktauswahl antreffen.<\/p>\n<p>* Entfernungen vom <a href=\"https:\/\/www.fuertehoteles.com\/de\/hotels\/resort-fuerte-conil-costaluz\/das-hotel\/\"><strong>Hotel Fuerte Conil\u2013Resort<\/strong><\/a>[\/vc_column_text][\/vc_column][\/vc_row]\n","protected":false},"excerpt":{"rendered":"<p>[vc_row][vc_column el_class=&#8220;destination-content&#8220;][vc_column_text] Die besten Einkaufsm\u00f6glichkeiten in Conil de la Frontera In Conil de la Frontera bieten sich Urlaubern tolle Einkaufsm\u00f6glichkeiten. Viele Gesch\u00e4fte und Boutiquen finden Sie auch in unmittelbarer N\u00e4he von unserem Hotel Fuerte Conil\u2013Costa Luz. Ortszentrum von Conil (15 Min. zu Fu\u00df) Die Altstadt von Conil ist ideal zum Einkaufen und Bummeln. Besonders beliebt<\/p>\n","protected":false},"author":6,"featured_media":1587,"parent":4516,"menu_order":0,"comment_status":"closed","ping_status":"closed","template":"templates\/destination-subpages.php","meta":{"footnotes":""},"class_list":["post-4534","page","type-page","status-publish","hentry"],"yoast_head":"<!-- This site is optimized with the Yoast SEO plugin v22.4 - https:\/\/yoast.com\/wordpress\/plugins\/seo\/ -->\n<title>Einkaufsm\u00f6glichkeiten in Conil de la Frontera | Fuerte Hoteles<\/title>\n<meta name=\"description\" content=\"Als Abwechslung zum Entspannen am Strand eignen sich die verschiedenen Einkaufsm\u00f6glichkeiten in Conil de la Frontera. Entdecken Sie unseren Guide!\" \/>\n<meta name=\"robots\" content=\"index, follow, max-snippet:-1, max-image-preview:large, max-video-preview:-1\" \/>\n<link rel=\"canonical\" href=\"https:\/\/www.fuertehoteles.com\/de\/reiseziele\/conil-urlaub\/einkaufsmoeglichkeiten\/\" \/>\n<meta property=\"og:locale\" content=\"de_DE\" \/>\n<meta property=\"og:type\" content=\"article\" \/>\n<meta property=\"og:title\" content=\"Einkaufsm\u00f6glichkeiten in Conil de la Frontera | Fuerte Hoteles\" \/>\n<meta property=\"og:description\" content=\"Als Abwechslung zum Entspannen am Strand eignen sich die verschiedenen Einkaufsm\u00f6glichkeiten in Conil de la Frontera. Entdecken Sie unseren Guide!\" \/>\n<meta property=\"og:url\" content=\"https:\/\/www.fuertehoteles.com\/de\/reiseziele\/conil-urlaub\/einkaufsmoeglichkeiten\/\" \/>\n<meta property=\"og:site_name\" content=\"Fuerte Hoteles\" \/>\n<meta property=\"article:publisher\" content=\"https:\/\/www.facebook.com\/HotelesFuerte\" \/>\n<meta property=\"article:modified_time\" content=\"2021-12-20T13:40:31+00:00\" \/>\n<meta property=\"og:image\" content=\"https:\/\/www.fuertehoteles.com\/wp-content\/uploads\/2021\/11\/tiendas-de-conil.jpg\" \/>\n\t<meta property=\"og:image:width\" content=\"1920\" \/>\n\t<meta property=\"og:image:height\" content=\"540\" \/>\n\t<meta property=\"og:image:type\" content=\"image\/jpeg\" \/>\n<meta name=\"twitter:card\" content=\"summary_large_image\" \/>\n<meta name=\"twitter:site\" content=\"@fuertehoteles\" \/>\n<meta name=\"twitter:label1\" content=\"Gesch\u00e4tzte Lesezeit\" \/>\n\t<meta name=\"twitter:data1\" content=\"1\u00a0Minute\" \/>\n<script type=\"application\/ld+json\" class=\"yoast-schema-graph\">{\"@context\":\"https:\/\/schema.org\",\"@graph\":[{\"@type\":\"WebPage\",\"@id\":\"https:\/\/www.fuertehoteles.com\/de\/reiseziele\/conil-urlaub\/einkaufsmoeglichkeiten\/\",\"url\":\"https:\/\/www.fuertehoteles.com\/de\/reiseziele\/conil-urlaub\/einkaufsmoeglichkeiten\/\",\"name\":\"Einkaufsm\u00f6glichkeiten in Conil de la Frontera | Fuerte Hoteles\",\"isPartOf\":{\"@id\":\"https:\/\/www.fuertehoteles.com\/#website\"},\"primaryImageOfPage\":{\"@id\":\"https:\/\/www.fuertehoteles.com\/de\/reiseziele\/conil-urlaub\/einkaufsmoeglichkeiten\/#primaryimage\"},\"image\":{\"@id\":\"https:\/\/www.fuertehoteles.com\/de\/reiseziele\/conil-urlaub\/einkaufsmoeglichkeiten\/#primaryimage\"},\"thumbnailUrl\":\"https:\/\/www.fuertehoteles.com\/wp-content\/uploads\/2021\/11\/tiendas-de-conil.jpg\",\"datePublished\":\"2021-11-26T13:29:14+00:00\",\"dateModified\":\"2021-12-20T13:40:31+00:00\",\"description\":\"Als Abwechslung zum Entspannen am Strand eignen sich die verschiedenen Einkaufsm\u00f6glichkeiten in Conil de la Frontera. Entdecken Sie unseren Guide!\",\"breadcrumb\":{\"@id\":\"https:\/\/www.fuertehoteles.com\/de\/reiseziele\/conil-urlaub\/einkaufsmoeglichkeiten\/#breadcrumb\"},\"inLanguage\":\"de\",\"potentialAction\":[{\"@type\":\"ReadAction\",\"target\":[\"https:\/\/www.fuertehoteles.com\/de\/reiseziele\/conil-urlaub\/einkaufsmoeglichkeiten\/\"]}]},{\"@type\":\"ImageObject\",\"inLanguage\":\"de\",\"@id\":\"https:\/\/www.fuertehoteles.com\/de\/reiseziele\/conil-urlaub\/einkaufsmoeglichkeiten\/#primaryimage\",\"url\":\"https:\/\/www.fuertehoteles.com\/wp-content\/uploads\/2021\/11\/tiendas-de-conil.jpg\",\"contentUrl\":\"https:\/\/www.fuertehoteles.com\/wp-content\/uploads\/2021\/11\/tiendas-de-conil.jpg\",\"width\":1920,\"height\":540,\"caption\":\"tiendas de Conil\"},{\"@type\":\"BreadcrumbList\",\"@id\":\"https:\/\/www.fuertehoteles.com\/de\/reiseziele\/conil-urlaub\/einkaufsmoeglichkeiten\/#breadcrumb\",\"itemListElement\":[{\"@type\":\"ListItem\",\"position\":1,\"name\":\"Portada\",\"item\":\"https:\/\/www.fuertehoteles.com\/de\/\"},{\"@type\":\"ListItem\",\"position\":2,\"name\":\"Reiseziele\",\"item\":\"https:\/\/www.fuertehoteles.com\/de\/reiseziele\/\"},{\"@type\":\"ListItem\",\"position\":3,\"name\":\"Conil de la Frontera\",\"item\":\"https:\/\/www.fuertehoteles.com\/de\/reiseziele\/conil-urlaub\/\"},{\"@type\":\"ListItem\",\"position\":4,\"name\":\"Einkaufen\"}]},{\"@type\":\"WebSite\",\"@id\":\"https:\/\/www.fuertehoteles.com\/#website\",\"url\":\"https:\/\/www.fuertehoteles.com\/\",\"name\":\"Fuerte Hoteles\",\"description\":\"\",\"publisher\":{\"@id\":\"https:\/\/www.fuertehoteles.com\/#organization\"},\"potentialAction\":[{\"@type\":\"SearchAction\",\"target\":{\"@type\":\"EntryPoint\",\"urlTemplate\":\"https:\/\/www.fuertehoteles.com\/?s={search_term_string}\"},\"query-input\":\"required name=search_term_string\"}],\"inLanguage\":\"de\"},{\"@type\":\"Organization\",\"@id\":\"https:\/\/www.fuertehoteles.com\/#organization\",\"name\":\"Fuerte Hoteles\",\"url\":\"https:\/\/www.fuertehoteles.com\/\",\"logo\":{\"@type\":\"ImageObject\",\"inLanguage\":\"de\",\"@id\":\"https:\/\/www.fuertehoteles.com\/#\/schema\/logo\/image\/\",\"url\":\"https:\/\/www.fuertehoteles.com\/wp-content\/uploads\/2022\/09\/logo-ffhh-1.jpg\",\"contentUrl\":\"https:\/\/www.fuertehoteles.com\/wp-content\/uploads\/2022\/09\/logo-ffhh-1.jpg\",\"width\":500,\"height\":500,\"caption\":\"Fuerte Hoteles\"},\"image\":{\"@id\":\"https:\/\/www.fuertehoteles.com\/#\/schema\/logo\/image\/\"},\"sameAs\":[\"https:\/\/www.facebook.com\/HotelesFuerte\",\"https:\/\/twitter.com\/fuertehoteles\",\"https:\/\/www.instagram.com\/fuertehoteles\/\",\"https:\/\/www.linkedin.com\/company\/fuerte-hoteles\/\",\"https:\/\/www.youtube.com\/user\/fuertehoteles\",\"https:\/\/en.wikipedia.org\/wiki\/Fuerte_Hotels\"]}]}<\/script>\n<!-- \/ Yoast SEO plugin. -->","yoast_head_json":{"title":"Einkaufsm\u00f6glichkeiten in Conil de la Frontera | Fuerte Hoteles","description":"Als Abwechslung zum Entspannen am Strand eignen sich die verschiedenen Einkaufsm\u00f6glichkeiten in Conil de la Frontera. Entdecken Sie unseren Guide!","robots":{"index":"index","follow":"follow","max-snippet":"max-snippet:-1","max-image-preview":"max-image-preview:large","max-video-preview":"max-video-preview:-1"},"canonical":"https:\/\/www.fuertehoteles.com\/de\/reiseziele\/conil-urlaub\/einkaufsmoeglichkeiten\/","og_locale":"de_DE","og_type":"article","og_title":"Einkaufsm\u00f6glichkeiten in Conil de la Frontera | Fuerte Hoteles","og_description":"Als Abwechslung zum Entspannen am Strand eignen sich die verschiedenen Einkaufsm\u00f6glichkeiten in Conil de la Frontera. Entdecken Sie unseren Guide!","og_url":"https:\/\/www.fuertehoteles.com\/de\/reiseziele\/conil-urlaub\/einkaufsmoeglichkeiten\/","og_site_name":"Fuerte Hoteles","article_publisher":"https:\/\/www.facebook.com\/HotelesFuerte","article_modified_time":"2021-12-20T13:40:31+00:00","og_image":[{"width":1920,"height":540,"url":"https:\/\/www.fuertehoteles.com\/wp-content\/uploads\/2021\/11\/tiendas-de-conil.jpg","type":"image\/jpeg"}],"twitter_card":"summary_large_image","twitter_site":"@fuertehoteles","twitter_misc":{"Gesch\u00e4tzte Lesezeit":"1\u00a0Minute"},"schema":{"@context":"https:\/\/schema.org","@graph":[{"@type":"WebPage","@id":"https:\/\/www.fuertehoteles.com\/de\/reiseziele\/conil-urlaub\/einkaufsmoeglichkeiten\/","url":"https:\/\/www.fuertehoteles.com\/de\/reiseziele\/conil-urlaub\/einkaufsmoeglichkeiten\/","name":"Einkaufsm\u00f6glichkeiten in Conil de la Frontera | Fuerte Hoteles","isPartOf":{"@id":"https:\/\/www.fuertehoteles.com\/#website"},"primaryImageOfPage":{"@id":"https:\/\/www.fuertehoteles.com\/de\/reiseziele\/conil-urlaub\/einkaufsmoeglichkeiten\/#primaryimage"},"image":{"@id":"https:\/\/www.fuertehoteles.com\/de\/reiseziele\/conil-urlaub\/einkaufsmoeglichkeiten\/#primaryimage"},"thumbnailUrl":"https:\/\/www.fuertehoteles.com\/wp-content\/uploads\/2021\/11\/tiendas-de-conil.jpg","datePublished":"2021-11-26T13:29:14+00:00","dateModified":"2021-12-20T13:40:31+00:00","description":"Als Abwechslung zum Entspannen am Strand eignen sich die verschiedenen Einkaufsm\u00f6glichkeiten in Conil de la Frontera. Entdecken Sie unseren Guide!","breadcrumb":{"@id":"https:\/\/www.fuertehoteles.com\/de\/reiseziele\/conil-urlaub\/einkaufsmoeglichkeiten\/#breadcrumb"},"inLanguage":"de","potentialAction":[{"@type":"ReadAction","target":["https:\/\/www.fuertehoteles.com\/de\/reiseziele\/conil-urlaub\/einkaufsmoeglichkeiten\/"]}]},{"@type":"ImageObject","inLanguage":"de","@id":"https:\/\/www.fuertehoteles.com\/de\/reiseziele\/conil-urlaub\/einkaufsmoeglichkeiten\/#primaryimage","url":"https:\/\/www.fuertehoteles.com\/wp-content\/uploads\/2021\/11\/tiendas-de-conil.jpg","contentUrl":"https:\/\/www.fuertehoteles.com\/wp-content\/uploads\/2021\/11\/tiendas-de-conil.jpg","width":1920,"height":540,"caption":"tiendas de Conil"},{"@type":"BreadcrumbList","@id":"https:\/\/www.fuertehoteles.com\/de\/reiseziele\/conil-urlaub\/einkaufsmoeglichkeiten\/#breadcrumb","itemListElement":[{"@type":"ListItem","position":1,"name":"Portada","item":"https:\/\/www.fuertehoteles.com\/de\/"},{"@type":"ListItem","position":2,"name":"Reiseziele","item":"https:\/\/www.fuertehoteles.com\/de\/reiseziele\/"},{"@type":"ListItem","position":3,"name":"Conil de la Frontera","item":"https:\/\/www.fuertehoteles.com\/de\/reiseziele\/conil-urlaub\/"},{"@type":"ListItem","position":4,"name":"Einkaufen"}]},{"@type":"WebSite","@id":"https:\/\/www.fuertehoteles.com\/#website","url":"https:\/\/www.fuertehoteles.com\/","name":"Fuerte Hoteles","description":"","publisher":{"@id":"https:\/\/www.fuertehoteles.com\/#organization"},"potentialAction":[{"@type":"SearchAction","target":{"@type":"EntryPoint","urlTemplate":"https:\/\/www.fuertehoteles.com\/?s={search_term_string}"},"query-input":"required name=search_term_string"}],"inLanguage":"de"},{"@type":"Organization","@id":"https:\/\/www.fuertehoteles.com\/#organization","name":"Fuerte Hoteles","url":"https:\/\/www.fuertehoteles.com\/","logo":{"@type":"ImageObject","inLanguage":"de","@id":"https:\/\/www.fuertehoteles.com\/#\/schema\/logo\/image\/","url":"https:\/\/www.fuertehoteles.com\/wp-content\/uploads\/2022\/09\/logo-ffhh-1.jpg","contentUrl":"https:\/\/www.fuertehoteles.com\/wp-content\/uploads\/2022\/09\/logo-ffhh-1.jpg","width":500,"height":500,"caption":"Fuerte Hoteles"},"image":{"@id":"https:\/\/www.fuertehoteles.com\/#\/schema\/logo\/image\/"},"sameAs":["https:\/\/www.facebook.com\/HotelesFuerte","https:\/\/twitter.com\/fuertehoteles","https:\/\/www.instagram.com\/fuertehoteles\/","https:\/\/www.linkedin.com\/company\/fuerte-hoteles\/","https:\/\/www.youtube.com\/user\/fuertehoteles","https:\/\/en.wikipedia.org\/wiki\/Fuerte_Hotels"]}]}},"_links":{"self":[{"href":"https:\/\/www.fuertehoteles.com\/de\/wp-json\/wp\/v2\/pages\/4534","targetHints":{"allow":["GET"]}}],"collection":[{"href":"https:\/\/www.fuertehoteles.com\/de\/wp-json\/wp\/v2\/pages"}],"about":[{"href":"https:\/\/www.fuertehoteles.com\/de\/wp-json\/wp\/v2\/types\/page"}],"author":[{"embeddable":true,"href":"https:\/\/www.fuertehoteles.com\/de\/wp-json\/wp\/v2\/users\/6"}],"replies":[{"embeddable":true,"href":"https:\/\/www.fuertehoteles.com\/de\/wp-json\/wp\/v2\/comments?post=4534"}],"version-history":[{"count":0,"href":"https:\/\/www.fuertehoteles.com\/de\/wp-json\/wp\/v2\/pages\/4534\/revisions"}],"up":[{"embeddable":true,"href":"https:\/\/www.fuertehoteles.com\/de\/wp-json\/wp\/v2\/pages\/4516"}],"wp:featuredmedia":[{"embeddable":true,"href":"https:\/\/www.fuertehoteles.com\/de\/wp-json\/wp\/v2\/media\/1587"}],"wp:attachment":[{"href":"https:\/\/www.fuertehoteles.com\/de\/wp-json\/wp\/v2\/media?parent=4534"}],"curies":[{"name":"wp","href":"https:\/\/api.w.org\/{rel}","templated":true}]}}