{"id":4543,"date":"2021-11-26T14:34:37","date_gmt":"2021-11-26T13:34:37","guid":{"rendered":"https:\/\/www.fuertehoteles.com\/reiseziele\/conil-urlaub\/excursiones\/"},"modified":"2021-12-20T14:46:02","modified_gmt":"2021-12-20T13:46:02","slug":"ausfluge","status":"publish","type":"page","link":"https:\/\/www.fuertehoteles.com\/de\/reiseziele\/conil-urlaub\/ausfluge\/","title":{"rendered":"Ausfl\u00fcge"},"content":{"rendered":"[vc_row][vc_column el_class=&#8220;destination-content&#8220;][vc_column_text]\n<h1>Ausfl\u00fcge ab Conil de la Frontera<\/h1>\n<h2>Wanderungen und Fahrradtouren<\/h2>\n<h3>Wanderungen<\/h3>\n<ul>\n<li>Siehe Route:<a title=\"Routen\" href=\"http:\/\/de.wikiloc.com\/wikiloc\/view.do?id=4187271\" target=\"_blank\" rel=\"nofollow noopener\"> Fuerte Conil-Costa Luz-Torre de Castilnovo<\/a><\/li>\n<li>Siehe Route: <a title=\"Routen\" href=\"http:\/\/de.wikiloc.com\/wikiloc\/view.do?id=4487729\" target=\"_blank\" rel=\"nofollow noopener\">Fuerte Conil-Costa Luz-Cala del Aceite<\/a><\/li>\n<li>Siehe Route: <a title=\"Routen\" href=\"http:\/\/de.wikiloc.com\/wikiloc\/view.do?id=3298310\" target=\"_blank\" rel=\"nofollow noopener\">Conil-El Palmar-Conil<\/a><\/li>\n<li>Siehe Route: <a title=\"Routen\" href=\"http:\/\/de.wikiloc.com\/wikiloc\/view.do?id=329423\" target=\"_blank\" rel=\"nofollow noopener\">Conil-Barbate<\/a><\/li>\n<li>Siehe Route: <a title=\"Routen\" href=\"http:\/\/de.wikiloc.com\/wikiloc\/view.do?id=383731\" target=\"_blank\" rel=\"nofollow noopener\">Conil-Novo Sancti Petri<\/a><\/li>\n<li>Siehe Route: <a title=\"Routen\" href=\"http:\/\/de.wikiloc.com\/wikiloc\/view.do?id=1184501\" target=\"_blank\" rel=\"nofollow noopener\">Conil-Vejer por los Molinos de Santa Luc\u00eda<\/a><\/li>\n<\/ul>\n<h3>Fahrradtouren<\/h3>\n<ul>\n<li>Siehe Route:<a title=\"Fahrradtouren\" href=\"http:\/\/de.wikiloc.com\/wikiloc\/view.do?id=3149087\" target=\"_blank\" rel=\"nofollow noopener\"> Conil-La Barrosa-Conil<\/a><\/li>\n<li>Siehe Route:<a title=\"Fahrradtouren\" href=\"http:\/\/de.wikiloc.com\/wikiloc\/view.do?id=3175549\" target=\"_blank\" rel=\"nofollow noopener\"> Conil-Chiclana-Conil<\/a><\/li>\n<li>Siehe Route:<a title=\"Fahrradtouren\" href=\"http:\/\/de.wikiloc.com\/wikiloc\/view.do?id=110432\" target=\"_blank\" rel=\"nofollow noopener\"> Conil-Pinar de Roche-Conil<\/a><\/li>\n<li>Siehe Route:<a title=\"Fahrradtouren\" href=\"http:\/\/de.wikiloc.com\/wikiloc\/view.do?id=3085734\" target=\"_blank\" rel=\"nofollow noopener\"> Conil-Cabo Roche-Conil<\/a><\/li>\n<li>Siehe Route:<a title=\"Fahrradtouren\" href=\"http:\/\/de.wikiloc.com\/wikiloc\/view.do?id=3175530\" target=\"_blank\" rel=\"nofollow noopener\"> Conil-Playas de Conil<\/a><\/li>\n<\/ul>\n<h2>Die sch\u00f6nsten Halbtagesausfl\u00fcge von Conil de la Frontera<\/h2>\n<h3>Route der wei\u00dfen D\u00f6rfer<\/h3>\n<p>In der Provinz <strong>C\u00e1diz <\/strong>bietet sich eine herrliche Route \u00fcber die bekannten \u201e<strong>wei\u00dfen D\u00f6rfer<\/strong>\u201c an. Sie stechen aufgrund ihrer Sch\u00f6nheit hervor und beherbergen noch den Charme und die alten Traditionen, die in Andalusien verwurzelt sind.<\/p>\n<p>Viele Ziele f\u00fcr Halbtagesausfl\u00fcge liegen in unmittelbarer N\u00e4he zu unserem Hotel Fuerte Conil\u2013Costa Luz.<\/p>\n<p>*Entfernungen vom <a href=\"https:\/\/www.fuertehoteles.com\/de\/hotels\/resort-fuerte-conil-costaluz\/das-hotel\/\"><strong>Hotel Fuerte Conil\u2013Resort<\/strong><\/a><\/p>\n<h3>Vejer (20 Min. mit dem Auto)<\/h3>\n<p><strong>Vejer de la Frontera<\/strong> ist eines der wei\u00dfen D\u00f6rfer mit arabischem Einschlag und tollem Flair in der Provinz <strong>C\u00e1diz<\/strong>. Hier finden Sie eine typisch andalusische Ortschaft mit wei\u00df get\u00fcnchten Stra\u00dfen und mit Blumen geschm\u00fcckte Innenh\u00f6fe. Au\u00dferdem erstreckt sich hier einer der sch\u00f6nsten und naturbelassenen Str\u00e4nde S\u00fcdspaniens: El Palmar.<\/p>\n<h3>Barbate (20 Min. mit dem Auto, 1 Std. mit dem Fahrrad und 2,5 Std. zu Fu\u00df)<\/h3>\n<p>Von <strong>Barbate bis Ca\u00f1os de Meca<\/strong> und landeinw\u00e4rts bis Vejer de la Frontera erstreckt sich der mit 5000 Ha kleinste Naturpark Andalusiens: <strong>Parque Natural de la Bre\u00f1a y Marismas del Barbate<\/strong>. Hier unterscheidet man f\u00fcnf verschiedene \u00d6kosysteme: Meer, Klippen, Pinienhain, Marschland und D\u00fcnen. Ausgedehnte Str\u00e4nde und einzigartige Landschaften laden bei einem Halbtagesausflug zum Erholen und Genie\u00dfen ein.<\/p>\n<p>Ein weiterer Pflichtbesuch ist der <strong>Leuchtturm von Trafalgar<\/strong>, der auf einer winzigen Insel zwischen den Buchten von <strong>Conil und Barbate<\/strong> steht. Die Insel ist \u00fcber eine sandige Landzunge mit dem Festland verbunden und Sie finden dort arch\u00e4ologische Funde aus der Zeit der R\u00f6mer.<\/p>\n<h3>Medina Sidonia (35 Min. mit dem Auto)<\/h3>\n<p>Medina Sidonia ist eine Ortschaft, die f\u00fcr ihre wundersch\u00f6nen <strong>wei\u00dfen Stra\u00dfen<\/strong>, die mit Blumen geschm\u00fcckten Balkon- und Fenstergitter sowie ihre <strong>tolle Gastronomie <\/strong>bekannt ist.<\/p>\n<h2>Tagesausfl\u00fcge<\/h2>\n<p>Entfernungen vom <a href=\"https:\/\/www.fuertehoteles.com\/de\/hotels\/resort-fuerte-conil-costaluz\/das-hotel\/\"><strong>Hotel Fuerte Conil\u2013Resort<\/strong><\/a><\/p>\n<h3>Tarifa (40 Min. mit dem Auto)<\/h3>\n<p>Die Str\u00e4nde <strong>Tarifas <\/strong>sind nur 14 Kilometer von der afrikanischen K\u00fcste entfernt. Vor allem der Strand von Bolonia, an dem auch die r\u00f6mischen <strong>Ruinen von Baelo Claudia<\/strong> liegen, ist einen Besuch wert. Seine wei\u00dfen Sandd\u00fcnen sind eine der touristischen Hauptattraktionen und Ausflugsziele von Conil de la Frontera. Dazu kommt ein umfassendes Angebot an Wassersportm\u00f6glichkeiten und Freizeitaktivit\u00e4ten, wie das <strong>Beobachten von Delfinen<\/strong>.<\/p>\n<h3>Jerez (40 Min. mit dem Auto)<\/h3>\n<p>Jerez war im Laufe der Geschichte eine Enklave, die sich durch ihren kulturellen Reichtum auszeichnet. Diese Stadt gilt als eine der Wiegen des <strong>Flamenco<\/strong> in Andalusien und bietet au\u00dferdem faszinierende Shows in der k\u00f6niglich-andalusischen Reitschule. Es lohnt sich auch, an einer Tour durch die ber\u00fchmten Wein- und Brandykellereien von Jerez teilzunehmen.<\/p>\n<h3>Arcos de la Frontera (1 Std. mit dem Auto)<\/h3>\n<p>Arcos de la Frontera liegt auf und an einem eindrucksvollen Felsen am rechten Ufer des Guadalete. Die sch\u00f6ne Stadt gilt als Tor zur <strong>Sierra <\/strong><strong>von C\u00e1diz<\/strong> und ist eines der beliebten Ausflugsziele von Conil de la Frontera. Dort befindet sich der herrliche <strong>Naturpark der <\/strong><strong>Sierra de Grazalema<\/strong>, welchen Naturfreunde unbedingt besuchen sollten.<\/p>\n<h3>C\u00e1diz (30 Min. mit dem Auto)<\/h3>\n<p>C\u00e1diz war in der Geschichte Zeitzeuge und Hauptdarsteller ganz besonderer Ereignisse. Diese haben ihre spannenden Spuren und ein <strong>au\u00dfergew\u00f6hnliches Architekturerbe<\/strong> hinterlassen.<\/p>\n<p>Der Strand La Caleta, das Falla Theater, das Oratorium San Felipe, der Marktplatz, die Kathedrale oder der Stadtteil La Vi\u00f1a sind nur einige Sehensw\u00fcrdigkeiten, die man in dieser einzigartigen Stadt besuchen sollte.<\/p>\n<h3>Tanger (1,25 Std. mit dem Auto und Schiff)<\/h3>\n<p>Nur 14 Kilometer trennen die K\u00fcste von C\u00e1diz und die afrikanische K\u00fcste. Sie k\u00f6nnen von Tarifa in einer halben Stunde auf einen vollkommen anderen Kontinent \u00fcbersetzen und den marokkanischen Charme und die dortige Gastronomie genie\u00dfen. F\u00fcr Abenteurer genau das Richtige der vielen Ausflugsziele von Conil de la Frontera.<\/p>\n<h2>Ausfl\u00fcge f\u00fcr kinder<\/h2>\n<h3>Zoo und botanischer Garten in Jerez (45 Min. mit dem Auto)<\/h3>\n<p>Der Zoo und botanische Garten in Jerez ist einer der \u00e4ltesten Spaniens. Ihre Kinder werden mit den vielen unterschiedlichen Pflanzen und Tieren viel Spa\u00df haben.<\/p>\n<h3>Krokodilfarm (45 Min. mit dem Auto)<\/h3>\n<p>Auf dieser Farm gibt es mehr als 1300 Reptilien, die bei Ihren Kindern die Neugier wecken werden.<\/p>\n<h3>Aqualand (50 Min. mit dem Auto)<\/h3>\n<p>F\u00fcr eine Erfrischung im kalten Nass und tolle Rutschbahnen bietet <em>Aqualand Bah\u00eda de C\u00e1diz<\/em> der ganzen Familie Unterhaltung und Spa\u00df.[\/vc_column_text][\/vc_column][\/vc_row]\n","protected":false},"excerpt":{"rendered":"<p>[vc_row][vc_column el_class=&#8220;destination-content&#8220;][vc_column_text] Ausfl\u00fcge ab Conil de la Frontera Wanderungen und Fahrradtouren Wanderungen Siehe Route: Fuerte Conil-Costa Luz-Torre de Castilnovo Siehe Route: Fuerte Conil-Costa Luz-Cala del Aceite Siehe Route: Conil-El Palmar-Conil Siehe Route: Conil-Barbate Siehe Route: Conil-Novo Sancti Petri Siehe Route: Conil-Vejer por los Molinos de Santa Luc\u00eda Fahrradtouren Siehe Route: Conil-La Barrosa-Conil Siehe Route: Conil-Chiclana-Conil<\/p>\n","protected":false},"author":6,"featured_media":1595,"parent":4516,"menu_order":0,"comment_status":"closed","ping_status":"closed","template":"templates\/destination-subpages.php","meta":{"footnotes":""},"class_list":["post-4543","page","type-page","status-publish","hentry"],"yoast_head":"<!-- This site is optimized with the Yoast SEO plugin v22.4 - https:\/\/yoast.com\/wordpress\/plugins\/seo\/ -->\n<title>Die sch\u00f6nsten Ausfl\u00fcge - Conil De La Frontera, Cadiz<\/title>\n<meta name=\"description\" content=\"In der Provinz C\u00e1diz bietet sich eine herrliche Route \u00fcber die bekannten \u201ewei\u00dfen D\u00f6rfer\u201c an. Die sch\u00f6nsten Ausfl\u00fcge ab Conil de la Frontera\" \/>\n<meta name=\"robots\" content=\"index, follow, max-snippet:-1, max-image-preview:large, max-video-preview:-1\" \/>\n<link rel=\"canonical\" href=\"https:\/\/www.fuertehoteles.com\/de\/reiseziele\/conil-urlaub\/ausfluge\/\" \/>\n<meta property=\"og:locale\" content=\"de_DE\" \/>\n<meta property=\"og:type\" content=\"article\" \/>\n<meta property=\"og:title\" content=\"Die sch\u00f6nsten Ausfl\u00fcge - Conil De La Frontera, Cadiz\" \/>\n<meta property=\"og:description\" content=\"In der Provinz C\u00e1diz bietet sich eine herrliche Route \u00fcber die bekannten \u201ewei\u00dfen D\u00f6rfer\u201c an. Die sch\u00f6nsten Ausfl\u00fcge ab Conil de la Frontera\" \/>\n<meta property=\"og:url\" content=\"https:\/\/www.fuertehoteles.com\/de\/reiseziele\/conil-urlaub\/ausfluge\/\" \/>\n<meta property=\"og:site_name\" content=\"Fuerte Hoteles\" \/>\n<meta property=\"article:publisher\" content=\"https:\/\/www.facebook.com\/HotelesFuerte\" \/>\n<meta property=\"article:modified_time\" content=\"2021-12-20T13:46:02+00:00\" \/>\n<meta property=\"og:image\" content=\"https:\/\/www.fuertehoteles.com\/wp-content\/uploads\/2021\/11\/excursiones-en-conil.jpg\" \/>\n\t<meta property=\"og:image:width\" content=\"1920\" \/>\n\t<meta property=\"og:image:height\" content=\"540\" \/>\n\t<meta property=\"og:image:type\" content=\"image\/jpeg\" \/>\n<meta name=\"twitter:card\" content=\"summary_large_image\" \/>\n<meta name=\"twitter:site\" content=\"@fuertehoteles\" \/>\n<meta name=\"twitter:label1\" content=\"Gesch\u00e4tzte Lesezeit\" \/>\n\t<meta name=\"twitter:data1\" content=\"4\u00a0Minuten\" \/>\n<script type=\"application\/ld+json\" class=\"yoast-schema-graph\">{\"@context\":\"https:\/\/schema.org\",\"@graph\":[{\"@type\":\"WebPage\",\"@id\":\"https:\/\/www.fuertehoteles.com\/de\/reiseziele\/conil-urlaub\/ausfluge\/\",\"url\":\"https:\/\/www.fuertehoteles.com\/de\/reiseziele\/conil-urlaub\/ausfluge\/\",\"name\":\"Die sch\u00f6nsten Ausfl\u00fcge - Conil De La Frontera, Cadiz\",\"isPartOf\":{\"@id\":\"https:\/\/www.fuertehoteles.com\/#website\"},\"primaryImageOfPage\":{\"@id\":\"https:\/\/www.fuertehoteles.com\/de\/reiseziele\/conil-urlaub\/ausfluge\/#primaryimage\"},\"image\":{\"@id\":\"https:\/\/www.fuertehoteles.com\/de\/reiseziele\/conil-urlaub\/ausfluge\/#primaryimage\"},\"thumbnailUrl\":\"https:\/\/www.fuertehoteles.com\/wp-content\/uploads\/2021\/11\/excursiones-en-conil.jpg\",\"datePublished\":\"2021-11-26T13:34:37+00:00\",\"dateModified\":\"2021-12-20T13:46:02+00:00\",\"description\":\"In der Provinz C\u00e1diz bietet sich eine herrliche Route \u00fcber die bekannten \u201ewei\u00dfen D\u00f6rfer\u201c an. Die sch\u00f6nsten Ausfl\u00fcge ab Conil de la Frontera\",\"breadcrumb\":{\"@id\":\"https:\/\/www.fuertehoteles.com\/de\/reiseziele\/conil-urlaub\/ausfluge\/#breadcrumb\"},\"inLanguage\":\"de\",\"potentialAction\":[{\"@type\":\"ReadAction\",\"target\":[\"https:\/\/www.fuertehoteles.com\/de\/reiseziele\/conil-urlaub\/ausfluge\/\"]}]},{\"@type\":\"ImageObject\",\"inLanguage\":\"de\",\"@id\":\"https:\/\/www.fuertehoteles.com\/de\/reiseziele\/conil-urlaub\/ausfluge\/#primaryimage\",\"url\":\"https:\/\/www.fuertehoteles.com\/wp-content\/uploads\/2021\/11\/excursiones-en-conil.jpg\",\"contentUrl\":\"https:\/\/www.fuertehoteles.com\/wp-content\/uploads\/2021\/11\/excursiones-en-conil.jpg\",\"width\":1920,\"height\":540,\"caption\":\"Excursiones en Conil\"},{\"@type\":\"BreadcrumbList\",\"@id\":\"https:\/\/www.fuertehoteles.com\/de\/reiseziele\/conil-urlaub\/ausfluge\/#breadcrumb\",\"itemListElement\":[{\"@type\":\"ListItem\",\"position\":1,\"name\":\"Portada\",\"item\":\"https:\/\/www.fuertehoteles.com\/de\/\"},{\"@type\":\"ListItem\",\"position\":2,\"name\":\"Reiseziele\",\"item\":\"https:\/\/www.fuertehoteles.com\/de\/reiseziele\/\"},{\"@type\":\"ListItem\",\"position\":3,\"name\":\"Conil de la Frontera\",\"item\":\"https:\/\/www.fuertehoteles.com\/de\/reiseziele\/conil-urlaub\/\"},{\"@type\":\"ListItem\",\"position\":4,\"name\":\"Ausfl\u00fcge\"}]},{\"@type\":\"WebSite\",\"@id\":\"https:\/\/www.fuertehoteles.com\/#website\",\"url\":\"https:\/\/www.fuertehoteles.com\/\",\"name\":\"Fuerte Hoteles\",\"description\":\"\",\"publisher\":{\"@id\":\"https:\/\/www.fuertehoteles.com\/#organization\"},\"potentialAction\":[{\"@type\":\"SearchAction\",\"target\":{\"@type\":\"EntryPoint\",\"urlTemplate\":\"https:\/\/www.fuertehoteles.com\/?s={search_term_string}\"},\"query-input\":\"required name=search_term_string\"}],\"inLanguage\":\"de\"},{\"@type\":\"Organization\",\"@id\":\"https:\/\/www.fuertehoteles.com\/#organization\",\"name\":\"Fuerte Hoteles\",\"url\":\"https:\/\/www.fuertehoteles.com\/\",\"logo\":{\"@type\":\"ImageObject\",\"inLanguage\":\"de\",\"@id\":\"https:\/\/www.fuertehoteles.com\/#\/schema\/logo\/image\/\",\"url\":\"https:\/\/www.fuertehoteles.com\/wp-content\/uploads\/2022\/09\/logo-ffhh-1.jpg\",\"contentUrl\":\"https:\/\/www.fuertehoteles.com\/wp-content\/uploads\/2022\/09\/logo-ffhh-1.jpg\",\"width\":500,\"height\":500,\"caption\":\"Fuerte Hoteles\"},\"image\":{\"@id\":\"https:\/\/www.fuertehoteles.com\/#\/schema\/logo\/image\/\"},\"sameAs\":[\"https:\/\/www.facebook.com\/HotelesFuerte\",\"https:\/\/twitter.com\/fuertehoteles\",\"https:\/\/www.instagram.com\/fuertehoteles\/\",\"https:\/\/www.linkedin.com\/company\/fuerte-hoteles\/\",\"https:\/\/www.youtube.com\/user\/fuertehoteles\",\"https:\/\/en.wikipedia.org\/wiki\/Fuerte_Hotels\"]}]}<\/script>\n<!-- \/ Yoast SEO plugin. -->","yoast_head_json":{"title":"Die sch\u00f6nsten Ausfl\u00fcge - Conil De La Frontera, Cadiz","description":"In der Provinz C\u00e1diz bietet sich eine herrliche Route \u00fcber die bekannten \u201ewei\u00dfen D\u00f6rfer\u201c an. Die sch\u00f6nsten Ausfl\u00fcge ab Conil de la Frontera","robots":{"index":"index","follow":"follow","max-snippet":"max-snippet:-1","max-image-preview":"max-image-preview:large","max-video-preview":"max-video-preview:-1"},"canonical":"https:\/\/www.fuertehoteles.com\/de\/reiseziele\/conil-urlaub\/ausfluge\/","og_locale":"de_DE","og_type":"article","og_title":"Die sch\u00f6nsten Ausfl\u00fcge - Conil De La Frontera, Cadiz","og_description":"In der Provinz C\u00e1diz bietet sich eine herrliche Route \u00fcber die bekannten \u201ewei\u00dfen D\u00f6rfer\u201c an. Die sch\u00f6nsten Ausfl\u00fcge ab Conil de la Frontera","og_url":"https:\/\/www.fuertehoteles.com\/de\/reiseziele\/conil-urlaub\/ausfluge\/","og_site_name":"Fuerte Hoteles","article_publisher":"https:\/\/www.facebook.com\/HotelesFuerte","article_modified_time":"2021-12-20T13:46:02+00:00","og_image":[{"width":1920,"height":540,"url":"https:\/\/www.fuertehoteles.com\/wp-content\/uploads\/2021\/11\/excursiones-en-conil.jpg","type":"image\/jpeg"}],"twitter_card":"summary_large_image","twitter_site":"@fuertehoteles","twitter_misc":{"Gesch\u00e4tzte Lesezeit":"4\u00a0Minuten"},"schema":{"@context":"https:\/\/schema.org","@graph":[{"@type":"WebPage","@id":"https:\/\/www.fuertehoteles.com\/de\/reiseziele\/conil-urlaub\/ausfluge\/","url":"https:\/\/www.fuertehoteles.com\/de\/reiseziele\/conil-urlaub\/ausfluge\/","name":"Die sch\u00f6nsten Ausfl\u00fcge - Conil De La Frontera, Cadiz","isPartOf":{"@id":"https:\/\/www.fuertehoteles.com\/#website"},"primaryImageOfPage":{"@id":"https:\/\/www.fuertehoteles.com\/de\/reiseziele\/conil-urlaub\/ausfluge\/#primaryimage"},"image":{"@id":"https:\/\/www.fuertehoteles.com\/de\/reiseziele\/conil-urlaub\/ausfluge\/#primaryimage"},"thumbnailUrl":"https:\/\/www.fuertehoteles.com\/wp-content\/uploads\/2021\/11\/excursiones-en-conil.jpg","datePublished":"2021-11-26T13:34:37+00:00","dateModified":"2021-12-20T13:46:02+00:00","description":"In der Provinz C\u00e1diz bietet sich eine herrliche Route \u00fcber die bekannten \u201ewei\u00dfen D\u00f6rfer\u201c an. Die sch\u00f6nsten Ausfl\u00fcge ab Conil de la Frontera","breadcrumb":{"@id":"https:\/\/www.fuertehoteles.com\/de\/reiseziele\/conil-urlaub\/ausfluge\/#breadcrumb"},"inLanguage":"de","potentialAction":[{"@type":"ReadAction","target":["https:\/\/www.fuertehoteles.com\/de\/reiseziele\/conil-urlaub\/ausfluge\/"]}]},{"@type":"ImageObject","inLanguage":"de","@id":"https:\/\/www.fuertehoteles.com\/de\/reiseziele\/conil-urlaub\/ausfluge\/#primaryimage","url":"https:\/\/www.fuertehoteles.com\/wp-content\/uploads\/2021\/11\/excursiones-en-conil.jpg","contentUrl":"https:\/\/www.fuertehoteles.com\/wp-content\/uploads\/2021\/11\/excursiones-en-conil.jpg","width":1920,"height":540,"caption":"Excursiones en Conil"},{"@type":"BreadcrumbList","@id":"https:\/\/www.fuertehoteles.com\/de\/reiseziele\/conil-urlaub\/ausfluge\/#breadcrumb","itemListElement":[{"@type":"ListItem","position":1,"name":"Portada","item":"https:\/\/www.fuertehoteles.com\/de\/"},{"@type":"ListItem","position":2,"name":"Reiseziele","item":"https:\/\/www.fuertehoteles.com\/de\/reiseziele\/"},{"@type":"ListItem","position":3,"name":"Conil de la Frontera","item":"https:\/\/www.fuertehoteles.com\/de\/reiseziele\/conil-urlaub\/"},{"@type":"ListItem","position":4,"name":"Ausfl\u00fcge"}]},{"@type":"WebSite","@id":"https:\/\/www.fuertehoteles.com\/#website","url":"https:\/\/www.fuertehoteles.com\/","name":"Fuerte Hoteles","description":"","publisher":{"@id":"https:\/\/www.fuertehoteles.com\/#organization"},"potentialAction":[{"@type":"SearchAction","target":{"@type":"EntryPoint","urlTemplate":"https:\/\/www.fuertehoteles.com\/?s={search_term_string}"},"query-input":"required name=search_term_string"}],"inLanguage":"de"},{"@type":"Organization","@id":"https:\/\/www.fuertehoteles.com\/#organization","name":"Fuerte Hoteles","url":"https:\/\/www.fuertehoteles.com\/","logo":{"@type":"ImageObject","inLanguage":"de","@id":"https:\/\/www.fuertehoteles.com\/#\/schema\/logo\/image\/","url":"https:\/\/www.fuertehoteles.com\/wp-content\/uploads\/2022\/09\/logo-ffhh-1.jpg","contentUrl":"https:\/\/www.fuertehoteles.com\/wp-content\/uploads\/2022\/09\/logo-ffhh-1.jpg","width":500,"height":500,"caption":"Fuerte Hoteles"},"image":{"@id":"https:\/\/www.fuertehoteles.com\/#\/schema\/logo\/image\/"},"sameAs":["https:\/\/www.facebook.com\/HotelesFuerte","https:\/\/twitter.com\/fuertehoteles","https:\/\/www.instagram.com\/fuertehoteles\/","https:\/\/www.linkedin.com\/company\/fuerte-hoteles\/","https:\/\/www.youtube.com\/user\/fuertehoteles","https:\/\/en.wikipedia.org\/wiki\/Fuerte_Hotels"]}]}},"_links":{"self":[{"href":"https:\/\/www.fuertehoteles.com\/de\/wp-json\/wp\/v2\/pages\/4543","targetHints":{"allow":["GET"]}}],"collection":[{"href":"https:\/\/www.fuertehoteles.com\/de\/wp-json\/wp\/v2\/pages"}],"about":[{"href":"https:\/\/www.fuertehoteles.com\/de\/wp-json\/wp\/v2\/types\/page"}],"author":[{"embeddable":true,"href":"https:\/\/www.fuertehoteles.com\/de\/wp-json\/wp\/v2\/users\/6"}],"replies":[{"embeddable":true,"href":"https:\/\/www.fuertehoteles.com\/de\/wp-json\/wp\/v2\/comments?post=4543"}],"version-history":[{"count":0,"href":"https:\/\/www.fuertehoteles.com\/de\/wp-json\/wp\/v2\/pages\/4543\/revisions"}],"up":[{"embeddable":true,"href":"https:\/\/www.fuertehoteles.com\/de\/wp-json\/wp\/v2\/pages\/4516"}],"wp:featuredmedia":[{"embeddable":true,"href":"https:\/\/www.fuertehoteles.com\/de\/wp-json\/wp\/v2\/media\/1595"}],"wp:attachment":[{"href":"https:\/\/www.fuertehoteles.com\/de\/wp-json\/wp\/v2\/media?parent=4543"}],"curies":[{"name":"wp","href":"https:\/\/api.w.org\/{rel}","templated":true}]}}