{"id":4552,"date":"2021-11-26T14:31:26","date_gmt":"2021-11-26T13:31:26","guid":{"rendered":"https:\/\/www.fuertehoteles.com\/reiseziele\/conil-urlaub\/donde-comer\/"},"modified":"2021-12-20T14:52:08","modified_gmt":"2021-12-20T13:52:08","slug":"wo-essen-gehen","status":"publish","type":"page","link":"https:\/\/www.fuertehoteles.com\/de\/reiseziele\/conil-urlaub\/wo-essen-gehen\/","title":{"rendered":"Gastronomie"},"content":{"rendered":"[vc_row][vc_column el_class=&#8220;destination-content&#8220;][vc_column_text]\n<h1>Die besten Restaurants in Conil de la Frontera und Umgebung<\/h1>\n<p>Die Restaurants in Conil de la Frontera werden von Meeresprodukten beherrscht. Probieren Sie die Meerbrasse aus dem Ofen, marinierten Hundshai, Thunfisch mit Zwiebeln oder gef\u00fcllte Tintenfische.<\/p>\n<p>Auch gep\u00f6kelter Fisch ist auf den Speisekarten in Conil zu finden, wie zum Beispiel der Ahij\u00e1 Thunfisch (Bauchfleisch) oder getrockneter Rogen. Dazu wird leckeres und gesundes Gem\u00fcse frisch aus dem Garten gereicht.<\/p>\n<p>Weitere Gerichte, die sich ihren Platz auf dem Tisch wohl verdient haben, sind der cremige \u201eCaldillos\u201c Reis und der \u201eAlgauciles\u201c Eintopf.<\/p>\n<h3>Die Thunfischroute(im Mai und Juni)<\/h3>\n<p>Der Almadraba Thunfisch ist in dieser Region die kulinarische Spezialit\u00e4t. Er ist gesund und reich an Omega 6 Fetts\u00e4uren, die f\u00fcr den Organismus besonders wichtig sind.<\/p>\n<p>Traditionell feiert Conil die Thunfischroute, an welcher mehr als 20 Restaurants, Strandbars und Hotels teilnehmen, unter ihnen auch das <a href=\"https:\/\/www.fuertehoteles.com\/de\/hotels\/resort-fuerte-conil-costaluz\/das-hotel\/\"><strong>Hotel Fuerte Conil\u2013Resort<\/strong><\/a>. Diese bereiten dabei den k\u00f6stlichen Fisch auf verschiedene, originelle Weise zu.<\/p>\n<h3>Eint\u00f6pfe und Fleischgerichte<\/h3>\n<p>Andere typische Speisen in dieser Region, die Sie in den Restaurants in Conil de la Frontera probieren k\u00f6nnen, sind die ber\u00fchmten Eint\u00f6pfe, die angemachten Kartoffeln, das gespickte Schweinefilet, Blutw\u00fcrste und Schweineschwarten.<\/p>\n<h3>S\u00fc\u00dfes aus Conil<\/h3>\n<p>Naschkatzen werden der Versuchung nicht widerstehen k\u00f6nnen, die S\u00fc\u00dfspeisen Conils zu probieren: ausgebackene Schmalzkringel, Honigpfannkuchen oder \u00d6lgeb\u00e4ck.<\/p>\n<h3>Tapas<\/h3>\n<p>In Conil geht man sehr oft Tapas essen. Die typischen Bars bieten vor allem in der Altstadt eine gro\u00dfe Auswahl der leckeren Appetith\u00e4ppchen. Im Folgenden stellen wir Ihnen empfehlenswerte Bars und Restaurants vor.<\/p>\n<p>Entfernungen vom <a href=\"https:\/\/www.fuertehoteles.com\/de\/hotels\/resort-fuerte-conil-costaluz\/das-hotel\/\"><strong>Hotel Fuerte Conil\u2013Resort<\/strong><\/a><\/p>\n<h3>Restaurant \u2018Los Hermanos\u2019<\/h3>\n<p>Eine kleine famili\u00e4re Bar, die Tapas mit frischem Fisch aus der Region anbietet.<\/p>\n<h3>Restaurant La Fontanilla und Casa Francisco La Fontanilla (5 Min. zu Fu\u00df)<\/h3>\n<p>Diese beiden Restaurants von Conil de la Frontera liegen an einem der sch\u00f6nsten Str\u00e4nde des Ortes: La Fontanilla. Sie bieten den frischesten Fisch sowie Tortillas mit winzigen Garnelen, Meerbrasse oder Thunfisch an.<\/p>\n<h3>Strandbar el Huerto (5.min zu Fu\u00df)<\/h3>\n<p>Diese typische Strandbar befindet sich direkt vor dem Hotel Fuerte Conil \u2013 Costa Luz. Dort k\u00f6nnen Sie eine gro\u00dfe Auswahl an Gerichten aus Conil direkt am Meer genie\u00dfen.<\/p>\n<p>An der Puerta de \u201eCai\u201c und in der Stra\u00dfe C\u00e1diz finden Sie weitere Restaurant in Conil de la Frontera, wo Sie Tapas und die besten Weine der Provinz C\u00e1diz probieren k\u00f6nnen.<\/p>\n<h2>Lokal in VEJER (20 Min. mit dem Auto)<\/h2>\n<h3>\u2018El Jard\u00edn del Califa\u2019<\/h3>\n<p>In der Ortschaft Vejer gibt es ein tolles Restaurant mit arabischen Gerichten. Die Spezialit\u00e4t des \u201eJard\u00edn del Califa\u201c (Garten des Kalifen) sind gut gew\u00fcrzte, maurische H\u00e4ppchen.<\/p>\n<h2>Geheimtipp: SANL\u00daCAR DE BARRAMEDA (1 Std. mit dem Auto) und EL PUERTO SANTA MAR\u00cdA (40 Min. mit dem Auto)<\/h2>\n<h3>Frische Meeresfr\u00fcchte von Top-Qualit\u00e4t<\/h3>\n<p>Sanl\u00facar de Barrameda und El Puerto de Santa Mar\u00eda sind aufgrund der hervorragenden Qualit\u00e4t der frischen Meeresfr\u00fcchte bekannt, die hier angeboten werden. F\u00fcr Liebhaber sind diese eine der Hauptattraktionen der Region.<\/p>\n<h3>Fino \u2013 das fl\u00fcssige Gold aus C\u00e1diz<\/h3>\n<p>Fino ist einer der bekanntesten Weine der Provinz C\u00e1diz. Sehr aromatisch und mit einer hellen Farbe gibt es ihn in den Varianten trocken, halb trocken oder s\u00fc\u00df. Ideal, als erfrischender Apertif und Getr\u00e4nk zu Schinken, Meeresfr\u00fcchten und anderen Tapas.[\/vc_column_text][\/vc_column][\/vc_row]\n","protected":false},"excerpt":{"rendered":"<p>[vc_row][vc_column el_class=&#8220;destination-content&#8220;][vc_column_text] Die besten Restaurants in Conil de la Frontera und Umgebung Die Restaurants in Conil de la Frontera werden von Meeresprodukten beherrscht. Probieren Sie die Meerbrasse aus dem Ofen, marinierten Hundshai, Thunfisch mit Zwiebeln oder gef\u00fcllte Tintenfische. Auch gep\u00f6kelter Fisch ist auf den Speisekarten in Conil zu finden, wie zum Beispiel der Ahij\u00e1 Thunfisch<\/p>\n","protected":false},"author":6,"featured_media":1591,"parent":4516,"menu_order":0,"comment_status":"closed","ping_status":"closed","template":"templates\/destination-subpages.php","meta":{"footnotes":""},"class_list":["post-4552","page","type-page","status-publish","hentry"],"yoast_head":"<!-- This site is optimized with the Yoast SEO plugin v22.4 - https:\/\/yoast.com\/wordpress\/plugins\/seo\/ -->\n<title>Restaurants in Conil de la Frontera, wo in Conil essen<\/title>\n<meta name=\"description\" content=\"Entnehmen Sie unserem exklusiven Guide die besten Restaurants in Conil de la Frontera und Umgebung und erleben Sie die k\u00f6stliche spanische K\u00fcche!\" \/>\n<meta name=\"robots\" content=\"index, follow, max-snippet:-1, max-image-preview:large, max-video-preview:-1\" \/>\n<link rel=\"canonical\" href=\"https:\/\/www.fuertehoteles.com\/de\/reiseziele\/conil-urlaub\/wo-essen-gehen\/\" \/>\n<meta property=\"og:locale\" content=\"de_DE\" \/>\n<meta property=\"og:type\" content=\"article\" \/>\n<meta property=\"og:title\" content=\"Restaurants in Conil de la Frontera, wo in Conil essen\" \/>\n<meta property=\"og:description\" content=\"Entnehmen Sie unserem exklusiven Guide die besten Restaurants in Conil de la Frontera und Umgebung und erleben Sie die k\u00f6stliche spanische K\u00fcche!\" \/>\n<meta property=\"og:url\" content=\"https:\/\/www.fuertehoteles.com\/de\/reiseziele\/conil-urlaub\/wo-essen-gehen\/\" \/>\n<meta property=\"og:site_name\" content=\"Fuerte Hoteles\" \/>\n<meta property=\"article:publisher\" content=\"https:\/\/www.facebook.com\/HotelesFuerte\" \/>\n<meta property=\"article:modified_time\" content=\"2021-12-20T13:52:08+00:00\" \/>\n<meta property=\"og:image\" content=\"https:\/\/www.fuertehoteles.com\/wp-content\/uploads\/2021\/11\/donde-comer-en-conil-atun.jpg\" \/>\n\t<meta property=\"og:image:width\" content=\"1920\" \/>\n\t<meta property=\"og:image:height\" content=\"540\" \/>\n\t<meta property=\"og:image:type\" content=\"image\/jpeg\" \/>\n<meta name=\"twitter:card\" content=\"summary_large_image\" \/>\n<meta name=\"twitter:site\" content=\"@fuertehoteles\" \/>\n<meta name=\"twitter:label1\" content=\"Gesch\u00e4tzte Lesezeit\" \/>\n\t<meta name=\"twitter:data1\" content=\"3\u00a0Minuten\" \/>\n<script type=\"application\/ld+json\" class=\"yoast-schema-graph\">{\"@context\":\"https:\/\/schema.org\",\"@graph\":[{\"@type\":\"WebPage\",\"@id\":\"https:\/\/www.fuertehoteles.com\/de\/reiseziele\/conil-urlaub\/wo-essen-gehen\/\",\"url\":\"https:\/\/www.fuertehoteles.com\/de\/reiseziele\/conil-urlaub\/wo-essen-gehen\/\",\"name\":\"Restaurants in Conil de la Frontera, wo in Conil essen\",\"isPartOf\":{\"@id\":\"https:\/\/www.fuertehoteles.com\/#website\"},\"primaryImageOfPage\":{\"@id\":\"https:\/\/www.fuertehoteles.com\/de\/reiseziele\/conil-urlaub\/wo-essen-gehen\/#primaryimage\"},\"image\":{\"@id\":\"https:\/\/www.fuertehoteles.com\/de\/reiseziele\/conil-urlaub\/wo-essen-gehen\/#primaryimage\"},\"thumbnailUrl\":\"https:\/\/www.fuertehoteles.com\/wp-content\/uploads\/2021\/11\/donde-comer-en-conil-atun.jpg\",\"datePublished\":\"2021-11-26T13:31:26+00:00\",\"dateModified\":\"2021-12-20T13:52:08+00:00\",\"description\":\"Entnehmen Sie unserem exklusiven Guide die besten Restaurants in Conil de la Frontera und Umgebung und erleben Sie die k\u00f6stliche spanische K\u00fcche!\",\"breadcrumb\":{\"@id\":\"https:\/\/www.fuertehoteles.com\/de\/reiseziele\/conil-urlaub\/wo-essen-gehen\/#breadcrumb\"},\"inLanguage\":\"de\",\"potentialAction\":[{\"@type\":\"ReadAction\",\"target\":[\"https:\/\/www.fuertehoteles.com\/de\/reiseziele\/conil-urlaub\/wo-essen-gehen\/\"]}]},{\"@type\":\"ImageObject\",\"inLanguage\":\"de\",\"@id\":\"https:\/\/www.fuertehoteles.com\/de\/reiseziele\/conil-urlaub\/wo-essen-gehen\/#primaryimage\",\"url\":\"https:\/\/www.fuertehoteles.com\/wp-content\/uploads\/2021\/11\/donde-comer-en-conil-atun.jpg\",\"contentUrl\":\"https:\/\/www.fuertehoteles.com\/wp-content\/uploads\/2021\/11\/donde-comer-en-conil-atun.jpg\",\"width\":1920,\"height\":540,\"caption\":\"Donde comer en Conil\"},{\"@type\":\"BreadcrumbList\",\"@id\":\"https:\/\/www.fuertehoteles.com\/de\/reiseziele\/conil-urlaub\/wo-essen-gehen\/#breadcrumb\",\"itemListElement\":[{\"@type\":\"ListItem\",\"position\":1,\"name\":\"Portada\",\"item\":\"https:\/\/www.fuertehoteles.com\/de\/\"},{\"@type\":\"ListItem\",\"position\":2,\"name\":\"Reiseziele\",\"item\":\"https:\/\/www.fuertehoteles.com\/de\/reiseziele\/\"},{\"@type\":\"ListItem\",\"position\":3,\"name\":\"Conil de la Frontera\",\"item\":\"https:\/\/www.fuertehoteles.com\/de\/reiseziele\/conil-urlaub\/\"},{\"@type\":\"ListItem\",\"position\":4,\"name\":\"Gastronomie\"}]},{\"@type\":\"WebSite\",\"@id\":\"https:\/\/www.fuertehoteles.com\/#website\",\"url\":\"https:\/\/www.fuertehoteles.com\/\",\"name\":\"Fuerte Hoteles\",\"description\":\"\",\"publisher\":{\"@id\":\"https:\/\/www.fuertehoteles.com\/#organization\"},\"potentialAction\":[{\"@type\":\"SearchAction\",\"target\":{\"@type\":\"EntryPoint\",\"urlTemplate\":\"https:\/\/www.fuertehoteles.com\/?s={search_term_string}\"},\"query-input\":\"required name=search_term_string\"}],\"inLanguage\":\"de\"},{\"@type\":\"Organization\",\"@id\":\"https:\/\/www.fuertehoteles.com\/#organization\",\"name\":\"Fuerte Hoteles\",\"url\":\"https:\/\/www.fuertehoteles.com\/\",\"logo\":{\"@type\":\"ImageObject\",\"inLanguage\":\"de\",\"@id\":\"https:\/\/www.fuertehoteles.com\/#\/schema\/logo\/image\/\",\"url\":\"https:\/\/www.fuertehoteles.com\/wp-content\/uploads\/2022\/09\/logo-ffhh-1.jpg\",\"contentUrl\":\"https:\/\/www.fuertehoteles.com\/wp-content\/uploads\/2022\/09\/logo-ffhh-1.jpg\",\"width\":500,\"height\":500,\"caption\":\"Fuerte Hoteles\"},\"image\":{\"@id\":\"https:\/\/www.fuertehoteles.com\/#\/schema\/logo\/image\/\"},\"sameAs\":[\"https:\/\/www.facebook.com\/HotelesFuerte\",\"https:\/\/twitter.com\/fuertehoteles\",\"https:\/\/www.instagram.com\/fuertehoteles\/\",\"https:\/\/www.linkedin.com\/company\/fuerte-hoteles\/\",\"https:\/\/www.youtube.com\/user\/fuertehoteles\",\"https:\/\/en.wikipedia.org\/wiki\/Fuerte_Hotels\"]}]}<\/script>\n<!-- \/ Yoast SEO plugin. -->","yoast_head_json":{"title":"Restaurants in Conil de la Frontera, wo in Conil essen","description":"Entnehmen Sie unserem exklusiven Guide die besten Restaurants in Conil de la Frontera und Umgebung und erleben Sie die k\u00f6stliche spanische K\u00fcche!","robots":{"index":"index","follow":"follow","max-snippet":"max-snippet:-1","max-image-preview":"max-image-preview:large","max-video-preview":"max-video-preview:-1"},"canonical":"https:\/\/www.fuertehoteles.com\/de\/reiseziele\/conil-urlaub\/wo-essen-gehen\/","og_locale":"de_DE","og_type":"article","og_title":"Restaurants in Conil de la Frontera, wo in Conil essen","og_description":"Entnehmen Sie unserem exklusiven Guide die besten Restaurants in Conil de la Frontera und Umgebung und erleben Sie die k\u00f6stliche spanische K\u00fcche!","og_url":"https:\/\/www.fuertehoteles.com\/de\/reiseziele\/conil-urlaub\/wo-essen-gehen\/","og_site_name":"Fuerte Hoteles","article_publisher":"https:\/\/www.facebook.com\/HotelesFuerte","article_modified_time":"2021-12-20T13:52:08+00:00","og_image":[{"width":1920,"height":540,"url":"https:\/\/www.fuertehoteles.com\/wp-content\/uploads\/2021\/11\/donde-comer-en-conil-atun.jpg","type":"image\/jpeg"}],"twitter_card":"summary_large_image","twitter_site":"@fuertehoteles","twitter_misc":{"Gesch\u00e4tzte Lesezeit":"3\u00a0Minuten"},"schema":{"@context":"https:\/\/schema.org","@graph":[{"@type":"WebPage","@id":"https:\/\/www.fuertehoteles.com\/de\/reiseziele\/conil-urlaub\/wo-essen-gehen\/","url":"https:\/\/www.fuertehoteles.com\/de\/reiseziele\/conil-urlaub\/wo-essen-gehen\/","name":"Restaurants in Conil de la Frontera, wo in Conil essen","isPartOf":{"@id":"https:\/\/www.fuertehoteles.com\/#website"},"primaryImageOfPage":{"@id":"https:\/\/www.fuertehoteles.com\/de\/reiseziele\/conil-urlaub\/wo-essen-gehen\/#primaryimage"},"image":{"@id":"https:\/\/www.fuertehoteles.com\/de\/reiseziele\/conil-urlaub\/wo-essen-gehen\/#primaryimage"},"thumbnailUrl":"https:\/\/www.fuertehoteles.com\/wp-content\/uploads\/2021\/11\/donde-comer-en-conil-atun.jpg","datePublished":"2021-11-26T13:31:26+00:00","dateModified":"2021-12-20T13:52:08+00:00","description":"Entnehmen Sie unserem exklusiven Guide die besten Restaurants in Conil de la Frontera und Umgebung und erleben Sie die k\u00f6stliche spanische K\u00fcche!","breadcrumb":{"@id":"https:\/\/www.fuertehoteles.com\/de\/reiseziele\/conil-urlaub\/wo-essen-gehen\/#breadcrumb"},"inLanguage":"de","potentialAction":[{"@type":"ReadAction","target":["https:\/\/www.fuertehoteles.com\/de\/reiseziele\/conil-urlaub\/wo-essen-gehen\/"]}]},{"@type":"ImageObject","inLanguage":"de","@id":"https:\/\/www.fuertehoteles.com\/de\/reiseziele\/conil-urlaub\/wo-essen-gehen\/#primaryimage","url":"https:\/\/www.fuertehoteles.com\/wp-content\/uploads\/2021\/11\/donde-comer-en-conil-atun.jpg","contentUrl":"https:\/\/www.fuertehoteles.com\/wp-content\/uploads\/2021\/11\/donde-comer-en-conil-atun.jpg","width":1920,"height":540,"caption":"Donde comer en Conil"},{"@type":"BreadcrumbList","@id":"https:\/\/www.fuertehoteles.com\/de\/reiseziele\/conil-urlaub\/wo-essen-gehen\/#breadcrumb","itemListElement":[{"@type":"ListItem","position":1,"name":"Portada","item":"https:\/\/www.fuertehoteles.com\/de\/"},{"@type":"ListItem","position":2,"name":"Reiseziele","item":"https:\/\/www.fuertehoteles.com\/de\/reiseziele\/"},{"@type":"ListItem","position":3,"name":"Conil de la Frontera","item":"https:\/\/www.fuertehoteles.com\/de\/reiseziele\/conil-urlaub\/"},{"@type":"ListItem","position":4,"name":"Gastronomie"}]},{"@type":"WebSite","@id":"https:\/\/www.fuertehoteles.com\/#website","url":"https:\/\/www.fuertehoteles.com\/","name":"Fuerte Hoteles","description":"","publisher":{"@id":"https:\/\/www.fuertehoteles.com\/#organization"},"potentialAction":[{"@type":"SearchAction","target":{"@type":"EntryPoint","urlTemplate":"https:\/\/www.fuertehoteles.com\/?s={search_term_string}"},"query-input":"required name=search_term_string"}],"inLanguage":"de"},{"@type":"Organization","@id":"https:\/\/www.fuertehoteles.com\/#organization","name":"Fuerte Hoteles","url":"https:\/\/www.fuertehoteles.com\/","logo":{"@type":"ImageObject","inLanguage":"de","@id":"https:\/\/www.fuertehoteles.com\/#\/schema\/logo\/image\/","url":"https:\/\/www.fuertehoteles.com\/wp-content\/uploads\/2022\/09\/logo-ffhh-1.jpg","contentUrl":"https:\/\/www.fuertehoteles.com\/wp-content\/uploads\/2022\/09\/logo-ffhh-1.jpg","width":500,"height":500,"caption":"Fuerte Hoteles"},"image":{"@id":"https:\/\/www.fuertehoteles.com\/#\/schema\/logo\/image\/"},"sameAs":["https:\/\/www.facebook.com\/HotelesFuerte","https:\/\/twitter.com\/fuertehoteles","https:\/\/www.instagram.com\/fuertehoteles\/","https:\/\/www.linkedin.com\/company\/fuerte-hoteles\/","https:\/\/www.youtube.com\/user\/fuertehoteles","https:\/\/en.wikipedia.org\/wiki\/Fuerte_Hotels"]}]}},"_links":{"self":[{"href":"https:\/\/www.fuertehoteles.com\/de\/wp-json\/wp\/v2\/pages\/4552","targetHints":{"allow":["GET"]}}],"collection":[{"href":"https:\/\/www.fuertehoteles.com\/de\/wp-json\/wp\/v2\/pages"}],"about":[{"href":"https:\/\/www.fuertehoteles.com\/de\/wp-json\/wp\/v2\/types\/page"}],"author":[{"embeddable":true,"href":"https:\/\/www.fuertehoteles.com\/de\/wp-json\/wp\/v2\/users\/6"}],"replies":[{"embeddable":true,"href":"https:\/\/www.fuertehoteles.com\/de\/wp-json\/wp\/v2\/comments?post=4552"}],"version-history":[{"count":0,"href":"https:\/\/www.fuertehoteles.com\/de\/wp-json\/wp\/v2\/pages\/4552\/revisions"}],"up":[{"embeddable":true,"href":"https:\/\/www.fuertehoteles.com\/de\/wp-json\/wp\/v2\/pages\/4516"}],"wp:featuredmedia":[{"embeddable":true,"href":"https:\/\/www.fuertehoteles.com\/de\/wp-json\/wp\/v2\/media\/1591"}],"wp:attachment":[{"href":"https:\/\/www.fuertehoteles.com\/de\/wp-json\/wp\/v2\/media?parent=4552"}],"curies":[{"name":"wp","href":"https:\/\/api.w.org\/{rel}","templated":true}]}}