{"id":4561,"date":"2021-11-26T14:37:33","date_gmt":"2021-11-26T13:37:33","guid":{"rendered":"https:\/\/www.fuertehoteles.com\/playas\/"},"modified":"2023-08-30T08:27:42","modified_gmt":"2023-08-30T06:27:42","slug":"strande","status":"publish","type":"page","link":"https:\/\/www.fuertehoteles.com\/de\/reiseziele\/urlaub-el-rompido\/strande\/","title":{"rendered":"Str\u00e4nde"},"content":{"rendered":"[vc_row][vc_column el_class=&#8220;destination-content&#8220;][vc_column_text]\n<h1>Sch\u00f6nste Str\u00e4nde in El Rompido (Huelva)<\/h1>\n<p>Die D\u00fcnen, Pinienhaine und die langen Str\u00e4nde, an denen sich unsere Blicke verlieren, bilden zweifelsohne eine der herrlichsten Landschaften an der <strong>Costa de la Luz<\/strong><strong>.<\/strong> Der K\u00fcstenstreifen von Cartaya bietet eine unber\u00fchrte Vegetation in einer ruhigen Gegend, in der man direkt mit der Natur in Kontakt ist.<\/p>\n<p>Entfernungen vom <strong><a href=\"https:\/\/www.fuertehoteles.com\/de\/hotel-fuerte-el-rompido\/\">Hotel Fuerte El Rompido<\/a><\/strong><\/p>\n<h3>Strand von El Rompido (3 Min. zu Fu\u00df)<\/h3>\n<p>Im Osten der Naturlandschaft des Marschlands des Piedras Fluss und der Flecha de El Rompido liegt der Strand von El Rompido neben der Flussm\u00fcndung des Piedras und wird von einem herrlichen Fischerhafen flankiert.<\/p>\n<h3>Strand Flecha de El Rompido (10 Min. \u2013 5 Min. zu Fu\u00df bis zur Ablegestelle und 5 Min. mit dem Boot)<\/h3>\n<p>Die bekannte Flecha de El Rompido, ist eine spezielle Sandformation, die sich, von einem unber\u00fchrten Strand dem Atlantik \u00f6ffnet. Auf den Strand gelangt man mit Booten, die am Ufer der Str\u00e4nde des Flusses ablegen.<\/p>\n<h3>Strand von Nueva Umbr\u00eda (15 Min. \u2013 5 Min. zu Fu\u00df bis zur Ablegestelle und 10 Min. mit dem Boot)<\/h3>\n<p>Vom Atlantik umsp\u00fclt, liegt der Strand von Nueva Umbr\u00eda neben dem Hafen von Terr\u00f3n an dem Punkt, an dem die Flecha de El Rompido beginnt. Sein unber\u00fchrter und wilder Anblick vermittelt Ruhe inmitten der Naturlandschaft La Flecha, eine feine goldfarbene Sandzunge, die sich zwischen dem <strong>Atlantik<\/strong> und Piedras Fluss<strong>. D<\/strong>ie Vegetation, die sich haupts\u00e4chlich aus Pinien, Leinkr\u00e4utern und besonders gesch\u00fctztem K\u00fcstenwacholder zusammensetzt, bietet interessanten Tierarten wie dem Cham\u00e4leon Unterschlupf. FKK-Strand.<\/p>\n<p>Zu diesem Strand gelangt man auf einer 15 min\u00fctigen Bootsfahrt oder \u00fcber Laufstege, die durch ein wundersch\u00f6nes D\u00fcnen-\u00d6kosystem f\u00fchren. Im Sommer werden hier Sonnenligen vermietet.<\/p>\n<h3>Strand Ca\u00f1o de la Culata (10 Min. mit dem Auto und 50 Min. zu Fu\u00df)<\/h3>\n<p>Der Strand Ca\u00f1o de la Culata bildet eine unvergleichbare und privilegierte Landschaft mit D\u00fcnen und Pinienhainen sowie der typischen Vegetation der Ufer und Sandfl\u00e4chen. Die \u201eCa\u00f1os\u201c waren alte Wasserl\u00e4ufe von B\u00e4chen, Flussarme oder Zul\u00e4ufe, die sich durch das D\u00fcnensystem schl\u00e4ngeln, um schlie\u00dflich im Meer zu m\u00fcnden, wobei sich Sandb\u00e4nke formen.<\/p>\n<h3>Strand San Miguel (8 Min. mit dem Auto und 40 Min. zu Fu\u00df)<\/h3>\n<p>Dieses kleine Paradies mit kristallklarem Wasser wurde im XVI Jahrhundert durch den Einfall von Piraten und Korsare entv\u00f6lkert. Mehr als 500 Jahre sp\u00e4ter wird diese Ruhe konserviert, da sich nur wenige Besucher an diesen feinen Sandstrand mit seinen gro\u00dfen D\u00fcnen verirren. Zwischen Pinien und Wacholderb\u00fcschen trifft man auf einen Aussichtspunkt, von dem man einen herrlichen Blick hat und den Sonnenunterg\u00e4nge genie\u00dfen kann.<\/p>\n<h3>Strand von Nuevo Portil (5 Min. mit dem Auto und 20 Min. zu Fu\u00df)<\/h3>\n<p>Die D\u00fcnen, Pinienhaine und die langen Str\u00e4nde, an denen sich unsere Blicke verlieren, bilden zweifelsohne eine der herrlichsten Landschaften an der <strong>Costa de la Luz<\/strong>. Hier ist man stolz darauf, eine der niedrigsten Bebauungsdichten von ganz Spanien vorweisen zu k\u00f6nnen. Die noch fast unber\u00fchrten Str\u00e4nde von Nuevo Portil und San Miguel erm\u00f6glichen Ihnen ein Naturerlebnis der ganz besonderen Art.[\/vc_column_text][\/vc_column][\/vc_row]\n","protected":false},"excerpt":{"rendered":"<p>[vc_row][vc_column el_class=&#8220;destination-content&#8220;][vc_column_text] Sch\u00f6nste Str\u00e4nde in El Rompido (Huelva) Die D\u00fcnen, Pinienhaine und die langen Str\u00e4nde, an denen sich unsere Blicke verlieren, bilden zweifelsohne eine der herrlichsten Landschaften an der Costa de la Luz. Der K\u00fcstenstreifen von Cartaya bietet eine unber\u00fchrte Vegetation in einer ruhigen Gegend, in der man direkt mit der Natur in Kontakt ist.<\/p>\n","protected":false},"author":6,"featured_media":1634,"parent":4579,"menu_order":0,"comment_status":"closed","ping_status":"closed","template":"templates\/destination-subpages.php","meta":{"footnotes":""},"class_list":["post-4561","page","type-page","status-publish","hentry"],"yoast_head":"<!-- This site is optimized with the Yoast SEO plugin v22.4 - https:\/\/yoast.com\/wordpress\/plugins\/seo\/ -->\n<title>Sch\u00f6nste Str\u00e4nde in El Rompido, Huelva. Str\u00e4nde Costa de la Luz<\/title>\n<meta name=\"description\" content=\"Freuen Sie sich w\u00e4hrend Ihrem Urlaub auf sch\u00f6nste Str\u00e4nde in El Rompido! Wir haben f\u00fcr Sie eine Liste mit Informationen und Tipps zusammengestellt.\" \/>\n<meta name=\"robots\" content=\"index, follow, max-snippet:-1, max-image-preview:large, max-video-preview:-1\" \/>\n<link rel=\"canonical\" href=\"https:\/\/www.fuertehoteles.com\/de\/reiseziele\/urlaub-el-rompido\/strande\/\" \/>\n<meta property=\"og:locale\" content=\"de_DE\" \/>\n<meta property=\"og:type\" content=\"article\" \/>\n<meta property=\"og:title\" content=\"Sch\u00f6nste Str\u00e4nde in El Rompido, Huelva. Str\u00e4nde Costa de la Luz\" \/>\n<meta property=\"og:description\" content=\"Freuen Sie sich w\u00e4hrend Ihrem Urlaub auf sch\u00f6nste Str\u00e4nde in El Rompido! Wir haben f\u00fcr Sie eine Liste mit Informationen und Tipps zusammengestellt.\" \/>\n<meta property=\"og:url\" content=\"https:\/\/www.fuertehoteles.com\/de\/reiseziele\/urlaub-el-rompido\/strande\/\" \/>\n<meta property=\"og:site_name\" content=\"Fuerte Hoteles\" \/>\n<meta property=\"article:publisher\" content=\"https:\/\/www.facebook.com\/HotelesFuerte\" \/>\n<meta property=\"article:modified_time\" content=\"2023-08-30T06:27:42+00:00\" \/>\n<meta property=\"og:image\" content=\"https:\/\/www.fuertehoteles.com\/wp-content\/uploads\/2021\/11\/el-rompido-playas.jpg\" \/>\n\t<meta property=\"og:image:width\" content=\"1920\" \/>\n\t<meta property=\"og:image:height\" content=\"540\" \/>\n\t<meta property=\"og:image:type\" content=\"image\/jpeg\" \/>\n<meta name=\"twitter:card\" content=\"summary_large_image\" \/>\n<meta name=\"twitter:site\" content=\"@fuertehoteles\" \/>\n<meta name=\"twitter:label1\" content=\"Gesch\u00e4tzte Lesezeit\" \/>\n\t<meta name=\"twitter:data1\" content=\"3\u00a0Minuten\" \/>\n<script type=\"application\/ld+json\" class=\"yoast-schema-graph\">{\"@context\":\"https:\/\/schema.org\",\"@graph\":[{\"@type\":\"WebPage\",\"@id\":\"https:\/\/www.fuertehoteles.com\/de\/reiseziele\/urlaub-el-rompido\/strande\/\",\"url\":\"https:\/\/www.fuertehoteles.com\/de\/reiseziele\/urlaub-el-rompido\/strande\/\",\"name\":\"Sch\u00f6nste Str\u00e4nde in El Rompido, Huelva. Str\u00e4nde Costa de la Luz\",\"isPartOf\":{\"@id\":\"https:\/\/www.fuertehoteles.com\/#website\"},\"primaryImageOfPage\":{\"@id\":\"https:\/\/www.fuertehoteles.com\/de\/reiseziele\/urlaub-el-rompido\/strande\/#primaryimage\"},\"image\":{\"@id\":\"https:\/\/www.fuertehoteles.com\/de\/reiseziele\/urlaub-el-rompido\/strande\/#primaryimage\"},\"thumbnailUrl\":\"https:\/\/www.fuertehoteles.com\/wp-content\/uploads\/2021\/11\/el-rompido-playas.jpg\",\"datePublished\":\"2021-11-26T13:37:33+00:00\",\"dateModified\":\"2023-08-30T06:27:42+00:00\",\"description\":\"Freuen Sie sich w\u00e4hrend Ihrem Urlaub auf sch\u00f6nste Str\u00e4nde in El Rompido! Wir haben f\u00fcr Sie eine Liste mit Informationen und Tipps zusammengestellt.\",\"breadcrumb\":{\"@id\":\"https:\/\/www.fuertehoteles.com\/de\/reiseziele\/urlaub-el-rompido\/strande\/#breadcrumb\"},\"inLanguage\":\"de\",\"potentialAction\":[{\"@type\":\"ReadAction\",\"target\":[\"https:\/\/www.fuertehoteles.com\/de\/reiseziele\/urlaub-el-rompido\/strande\/\"]}]},{\"@type\":\"ImageObject\",\"inLanguage\":\"de\",\"@id\":\"https:\/\/www.fuertehoteles.com\/de\/reiseziele\/urlaub-el-rompido\/strande\/#primaryimage\",\"url\":\"https:\/\/www.fuertehoteles.com\/wp-content\/uploads\/2021\/11\/el-rompido-playas.jpg\",\"contentUrl\":\"https:\/\/www.fuertehoteles.com\/wp-content\/uploads\/2021\/11\/el-rompido-playas.jpg\",\"width\":1920,\"height\":540,\"caption\":\"Playas de El Rompido\"},{\"@type\":\"BreadcrumbList\",\"@id\":\"https:\/\/www.fuertehoteles.com\/de\/reiseziele\/urlaub-el-rompido\/strande\/#breadcrumb\",\"itemListElement\":[{\"@type\":\"ListItem\",\"position\":1,\"name\":\"Portada\",\"item\":\"https:\/\/www.fuertehoteles.com\/de\/\"},{\"@type\":\"ListItem\",\"position\":2,\"name\":\"Reiseziele\",\"item\":\"https:\/\/www.fuertehoteles.com\/de\/reiseziele\/\"},{\"@type\":\"ListItem\",\"position\":3,\"name\":\"El Rompido\",\"item\":\"https:\/\/www.fuertehoteles.com\/de\/reiseziele\/urlaub-el-rompido\/\"},{\"@type\":\"ListItem\",\"position\":4,\"name\":\"Str\u00e4nde\"}]},{\"@type\":\"WebSite\",\"@id\":\"https:\/\/www.fuertehoteles.com\/#website\",\"url\":\"https:\/\/www.fuertehoteles.com\/\",\"name\":\"Fuerte Hoteles\",\"description\":\"\",\"publisher\":{\"@id\":\"https:\/\/www.fuertehoteles.com\/#organization\"},\"potentialAction\":[{\"@type\":\"SearchAction\",\"target\":{\"@type\":\"EntryPoint\",\"urlTemplate\":\"https:\/\/www.fuertehoteles.com\/?s={search_term_string}\"},\"query-input\":\"required name=search_term_string\"}],\"inLanguage\":\"de\"},{\"@type\":\"Organization\",\"@id\":\"https:\/\/www.fuertehoteles.com\/#organization\",\"name\":\"Fuerte Hoteles\",\"url\":\"https:\/\/www.fuertehoteles.com\/\",\"logo\":{\"@type\":\"ImageObject\",\"inLanguage\":\"de\",\"@id\":\"https:\/\/www.fuertehoteles.com\/#\/schema\/logo\/image\/\",\"url\":\"https:\/\/www.fuertehoteles.com\/wp-content\/uploads\/2022\/09\/logo-ffhh-1.jpg\",\"contentUrl\":\"https:\/\/www.fuertehoteles.com\/wp-content\/uploads\/2022\/09\/logo-ffhh-1.jpg\",\"width\":500,\"height\":500,\"caption\":\"Fuerte Hoteles\"},\"image\":{\"@id\":\"https:\/\/www.fuertehoteles.com\/#\/schema\/logo\/image\/\"},\"sameAs\":[\"https:\/\/www.facebook.com\/HotelesFuerte\",\"https:\/\/twitter.com\/fuertehoteles\",\"https:\/\/www.instagram.com\/fuertehoteles\/\",\"https:\/\/www.linkedin.com\/company\/fuerte-hoteles\/\",\"https:\/\/www.youtube.com\/user\/fuertehoteles\",\"https:\/\/en.wikipedia.org\/wiki\/Fuerte_Hotels\"]}]}<\/script>\n<!-- \/ Yoast SEO plugin. -->","yoast_head_json":{"title":"Sch\u00f6nste Str\u00e4nde in El Rompido, Huelva. Str\u00e4nde Costa de la Luz","description":"Freuen Sie sich w\u00e4hrend Ihrem Urlaub auf sch\u00f6nste Str\u00e4nde in El Rompido! Wir haben f\u00fcr Sie eine Liste mit Informationen und Tipps zusammengestellt.","robots":{"index":"index","follow":"follow","max-snippet":"max-snippet:-1","max-image-preview":"max-image-preview:large","max-video-preview":"max-video-preview:-1"},"canonical":"https:\/\/www.fuertehoteles.com\/de\/reiseziele\/urlaub-el-rompido\/strande\/","og_locale":"de_DE","og_type":"article","og_title":"Sch\u00f6nste Str\u00e4nde in El Rompido, Huelva. Str\u00e4nde Costa de la Luz","og_description":"Freuen Sie sich w\u00e4hrend Ihrem Urlaub auf sch\u00f6nste Str\u00e4nde in El Rompido! Wir haben f\u00fcr Sie eine Liste mit Informationen und Tipps zusammengestellt.","og_url":"https:\/\/www.fuertehoteles.com\/de\/reiseziele\/urlaub-el-rompido\/strande\/","og_site_name":"Fuerte Hoteles","article_publisher":"https:\/\/www.facebook.com\/HotelesFuerte","article_modified_time":"2023-08-30T06:27:42+00:00","og_image":[{"width":1920,"height":540,"url":"https:\/\/www.fuertehoteles.com\/wp-content\/uploads\/2021\/11\/el-rompido-playas.jpg","type":"image\/jpeg"}],"twitter_card":"summary_large_image","twitter_site":"@fuertehoteles","twitter_misc":{"Gesch\u00e4tzte Lesezeit":"3\u00a0Minuten"},"schema":{"@context":"https:\/\/schema.org","@graph":[{"@type":"WebPage","@id":"https:\/\/www.fuertehoteles.com\/de\/reiseziele\/urlaub-el-rompido\/strande\/","url":"https:\/\/www.fuertehoteles.com\/de\/reiseziele\/urlaub-el-rompido\/strande\/","name":"Sch\u00f6nste Str\u00e4nde in El Rompido, Huelva. Str\u00e4nde Costa de la Luz","isPartOf":{"@id":"https:\/\/www.fuertehoteles.com\/#website"},"primaryImageOfPage":{"@id":"https:\/\/www.fuertehoteles.com\/de\/reiseziele\/urlaub-el-rompido\/strande\/#primaryimage"},"image":{"@id":"https:\/\/www.fuertehoteles.com\/de\/reiseziele\/urlaub-el-rompido\/strande\/#primaryimage"},"thumbnailUrl":"https:\/\/www.fuertehoteles.com\/wp-content\/uploads\/2021\/11\/el-rompido-playas.jpg","datePublished":"2021-11-26T13:37:33+00:00","dateModified":"2023-08-30T06:27:42+00:00","description":"Freuen Sie sich w\u00e4hrend Ihrem Urlaub auf sch\u00f6nste Str\u00e4nde in El Rompido! Wir haben f\u00fcr Sie eine Liste mit Informationen und Tipps zusammengestellt.","breadcrumb":{"@id":"https:\/\/www.fuertehoteles.com\/de\/reiseziele\/urlaub-el-rompido\/strande\/#breadcrumb"},"inLanguage":"de","potentialAction":[{"@type":"ReadAction","target":["https:\/\/www.fuertehoteles.com\/de\/reiseziele\/urlaub-el-rompido\/strande\/"]}]},{"@type":"ImageObject","inLanguage":"de","@id":"https:\/\/www.fuertehoteles.com\/de\/reiseziele\/urlaub-el-rompido\/strande\/#primaryimage","url":"https:\/\/www.fuertehoteles.com\/wp-content\/uploads\/2021\/11\/el-rompido-playas.jpg","contentUrl":"https:\/\/www.fuertehoteles.com\/wp-content\/uploads\/2021\/11\/el-rompido-playas.jpg","width":1920,"height":540,"caption":"Playas de El Rompido"},{"@type":"BreadcrumbList","@id":"https:\/\/www.fuertehoteles.com\/de\/reiseziele\/urlaub-el-rompido\/strande\/#breadcrumb","itemListElement":[{"@type":"ListItem","position":1,"name":"Portada","item":"https:\/\/www.fuertehoteles.com\/de\/"},{"@type":"ListItem","position":2,"name":"Reiseziele","item":"https:\/\/www.fuertehoteles.com\/de\/reiseziele\/"},{"@type":"ListItem","position":3,"name":"El Rompido","item":"https:\/\/www.fuertehoteles.com\/de\/reiseziele\/urlaub-el-rompido\/"},{"@type":"ListItem","position":4,"name":"Str\u00e4nde"}]},{"@type":"WebSite","@id":"https:\/\/www.fuertehoteles.com\/#website","url":"https:\/\/www.fuertehoteles.com\/","name":"Fuerte Hoteles","description":"","publisher":{"@id":"https:\/\/www.fuertehoteles.com\/#organization"},"potentialAction":[{"@type":"SearchAction","target":{"@type":"EntryPoint","urlTemplate":"https:\/\/www.fuertehoteles.com\/?s={search_term_string}"},"query-input":"required name=search_term_string"}],"inLanguage":"de"},{"@type":"Organization","@id":"https:\/\/www.fuertehoteles.com\/#organization","name":"Fuerte Hoteles","url":"https:\/\/www.fuertehoteles.com\/","logo":{"@type":"ImageObject","inLanguage":"de","@id":"https:\/\/www.fuertehoteles.com\/#\/schema\/logo\/image\/","url":"https:\/\/www.fuertehoteles.com\/wp-content\/uploads\/2022\/09\/logo-ffhh-1.jpg","contentUrl":"https:\/\/www.fuertehoteles.com\/wp-content\/uploads\/2022\/09\/logo-ffhh-1.jpg","width":500,"height":500,"caption":"Fuerte Hoteles"},"image":{"@id":"https:\/\/www.fuertehoteles.com\/#\/schema\/logo\/image\/"},"sameAs":["https:\/\/www.facebook.com\/HotelesFuerte","https:\/\/twitter.com\/fuertehoteles","https:\/\/www.instagram.com\/fuertehoteles\/","https:\/\/www.linkedin.com\/company\/fuerte-hoteles\/","https:\/\/www.youtube.com\/user\/fuertehoteles","https:\/\/en.wikipedia.org\/wiki\/Fuerte_Hotels"]}]}},"_links":{"self":[{"href":"https:\/\/www.fuertehoteles.com\/de\/wp-json\/wp\/v2\/pages\/4561","targetHints":{"allow":["GET"]}}],"collection":[{"href":"https:\/\/www.fuertehoteles.com\/de\/wp-json\/wp\/v2\/pages"}],"about":[{"href":"https:\/\/www.fuertehoteles.com\/de\/wp-json\/wp\/v2\/types\/page"}],"author":[{"embeddable":true,"href":"https:\/\/www.fuertehoteles.com\/de\/wp-json\/wp\/v2\/users\/6"}],"replies":[{"embeddable":true,"href":"https:\/\/www.fuertehoteles.com\/de\/wp-json\/wp\/v2\/comments?post=4561"}],"version-history":[{"count":1,"href":"https:\/\/www.fuertehoteles.com\/de\/wp-json\/wp\/v2\/pages\/4561\/revisions"}],"predecessor-version":[{"id":151071,"href":"https:\/\/www.fuertehoteles.com\/de\/wp-json\/wp\/v2\/pages\/4561\/revisions\/151071"}],"up":[{"embeddable":true,"href":"https:\/\/www.fuertehoteles.com\/de\/wp-json\/wp\/v2\/pages\/4579"}],"wp:featuredmedia":[{"embeddable":true,"href":"https:\/\/www.fuertehoteles.com\/de\/wp-json\/wp\/v2\/media\/1634"}],"wp:attachment":[{"href":"https:\/\/www.fuertehoteles.com\/de\/wp-json\/wp\/v2\/media?parent=4561"}],"curies":[{"name":"wp","href":"https:\/\/api.w.org\/{rel}","templated":true}]}}