{"id":4570,"date":"2021-11-26T14:20:55","date_gmt":"2021-11-26T13:20:55","guid":{"rendered":"https:\/\/www.fuertehoteles.com\/reiseziele\/conil-urlaub\/playas\/"},"modified":"2021-12-20T15:05:30","modified_gmt":"2021-12-20T14:05:30","slug":"strande","status":"publish","type":"page","link":"https:\/\/www.fuertehoteles.com\/de\/reiseziele\/conil-urlaub\/strande\/","title":{"rendered":"Str\u00e4nde"},"content":{"rendered":"[vc_row][vc_column el_class=&#8220;destination-content&#8220;][vc_column_text]\n<h1>Sch\u00f6nste Str\u00e4nde in Conil de la Frontera<\/h1>\n<p>Sie finden sch\u00f6nste Str\u00e4nde in Conil de la Frontera, an denen Sie sich v\u00f6llig entspannen k\u00f6nnen. F\u00fcr Wassersportfans gibt es dort zudem die M\u00f6glichkeit, Wind- oder Kite- zu surfen, zu segeln, tauchen oder Bodyboard zu fahren. An den sch\u00f6nen Str\u00e4nden von Conil de la Frontera kommen alle auf ihre Kosten!<\/p>\n<p>Entfernungen vom <strong><a href=\"https:\/\/www.fuertehoteles.com\/de\/hotels\/resort-fuerte-conil-costaluz\/das-hotel\/\">Hotel Fuerte Conil-Resort<\/a><\/strong><\/p>\n<h3>Strand La Fontanilla (5 Min. zu Fu\u00df, direkt vor dem Hotel)<\/h3>\n<p>Ein herrlicher Strand mit feinem Sand. Ideal, um sich zu erholen und ausgedehnte Spazierg\u00e4nge zu genie\u00dfen. Genau so kann man sich sch\u00f6nste Str\u00e4nde in Conil de la Frontera vorstellen!.<\/p>\n<h3>Strand Los Bateles (10 Min. zu Fu\u00df, 5 Min. mit dem Fahrrad)<\/h3>\n<p><em>Los Bateles<\/em> ist aufgrund seiner Sch\u00f6nheit zu einem der beliebtesten Str\u00e4nde an der Costa de la Luz geworden. Hier treffen sich haupts\u00e4chlich Jugendliche. Wenn Sie etwas weiter gehen, kommen Sie hinter dem Fluss zum Strand Castilnovo, der neben dem Palmar ein intimeres Ambiente bietet.<\/p>\n<h3>Strand El Palmar (30 Min. zu Fu\u00df, 20 Min. mit dem Fahrrad und 10 Min. mit dem Auto)<\/h3>\n<p>Der Strand <em>El Palmar<\/em> eignet sich f\u00fcr alle, die Ruhe suchen. Auf acht Kilometern L\u00e4nge findet man die Natur in ihrem urspr\u00fcnglichen Zustand. Zusammen mit Castilnovo ist er einer der unber\u00fchrten Str\u00e4nde der Provinz C\u00e1diz. Aufgrund des starken Wellengangs, der fast das ganze Jahr \u00fcber vorherrscht, wird dieser Strand von vielen Surfern bevorzugt.<\/p>\n<h3>Calas de Conil (1,5 Std. zu Fu\u00df, 40 Min. mit dem Fahrrad und 10 Min. mit dem Auto)<\/h3>\n<p>Im Norden besteht die K\u00fcste aus Klippen und kleinen Buchten, wie der <em>Calas de Roche<\/em>, wo FKK-Freunde herzlich willkommen sind und der <em>Cala del Aceite<\/em>, die sich besonders f\u00fcr Familien eignet.<\/p>\n<h3>El Roqueo und Fuente del Gallo (10 Min. zu Fu\u00df )<\/h3>\n<p>Ein herrlicher Strand, der allerdings etwas steiniger ist als die anderen. Trotzdem ist der Ort famili\u00e4r und ruhig und geh\u00f6rt zu den sch\u00f6nsten Str\u00e4nden von Conil de la Frontera.[\/vc_column_text][\/vc_column][\/vc_row]\n","protected":false},"excerpt":{"rendered":"<p>[vc_row][vc_column el_class=&#8220;destination-content&#8220;][vc_column_text] Sch\u00f6nste Str\u00e4nde in Conil de la Frontera Sie finden sch\u00f6nste Str\u00e4nde in Conil de la Frontera, an denen Sie sich v\u00f6llig entspannen k\u00f6nnen. F\u00fcr Wassersportfans gibt es dort zudem die M\u00f6glichkeit, Wind- oder Kite- zu surfen, zu segeln, tauchen oder Bodyboard zu fahren. An den sch\u00f6nen Str\u00e4nden von Conil de la Frontera kommen<\/p>\n","protected":false},"author":6,"featured_media":1579,"parent":4516,"menu_order":0,"comment_status":"closed","ping_status":"closed","template":"templates\/destination-subpages.php","meta":{"footnotes":""},"class_list":["post-4570","page","type-page","status-publish","hentry"],"yoast_head":"<!-- This site is optimized with the Yoast SEO plugin v22.4 - https:\/\/yoast.com\/wordpress\/plugins\/seo\/ -->\n<title>Sch\u00f6nste Str\u00e4nde in Conil de la Frontera | Fuerte Hoteles<\/title>\n<meta name=\"description\" content=\"Besuchen Sie sch\u00f6nste Str\u00e4nde in Conil de la Frontera und erleben Sie, ob ruhig oder sportlich, jeden Tag eine andere Art von Badespa\u00df.\" \/>\n<meta name=\"robots\" content=\"index, follow, max-snippet:-1, max-image-preview:large, max-video-preview:-1\" \/>\n<link rel=\"canonical\" href=\"https:\/\/www.fuertehoteles.com\/de\/reiseziele\/conil-urlaub\/strande\/\" \/>\n<meta property=\"og:locale\" content=\"de_DE\" \/>\n<meta property=\"og:type\" content=\"article\" \/>\n<meta property=\"og:title\" content=\"Sch\u00f6nste Str\u00e4nde in Conil de la Frontera | Fuerte Hoteles\" \/>\n<meta property=\"og:description\" content=\"Besuchen Sie sch\u00f6nste Str\u00e4nde in Conil de la Frontera und erleben Sie, ob ruhig oder sportlich, jeden Tag eine andere Art von Badespa\u00df.\" \/>\n<meta property=\"og:url\" content=\"https:\/\/www.fuertehoteles.com\/de\/reiseziele\/conil-urlaub\/strande\/\" \/>\n<meta property=\"og:site_name\" content=\"Fuerte Hoteles\" \/>\n<meta property=\"article:publisher\" content=\"https:\/\/www.facebook.com\/HotelesFuerte\" \/>\n<meta property=\"article:modified_time\" content=\"2021-12-20T14:05:30+00:00\" \/>\n<meta property=\"og:image\" content=\"https:\/\/www.fuertehoteles.com\/wp-content\/uploads\/2021\/11\/playas-conil.jpg\" \/>\n\t<meta property=\"og:image:width\" content=\"1920\" \/>\n\t<meta property=\"og:image:height\" content=\"540\" \/>\n\t<meta property=\"og:image:type\" content=\"image\/jpeg\" \/>\n<meta name=\"twitter:card\" content=\"summary_large_image\" \/>\n<meta name=\"twitter:site\" content=\"@fuertehoteles\" \/>\n<meta name=\"twitter:label1\" content=\"Gesch\u00e4tzte Lesezeit\" \/>\n\t<meta name=\"twitter:data1\" content=\"2\u00a0Minuten\" \/>\n<script type=\"application\/ld+json\" class=\"yoast-schema-graph\">{\"@context\":\"https:\/\/schema.org\",\"@graph\":[{\"@type\":\"WebPage\",\"@id\":\"https:\/\/www.fuertehoteles.com\/de\/reiseziele\/conil-urlaub\/strande\/\",\"url\":\"https:\/\/www.fuertehoteles.com\/de\/reiseziele\/conil-urlaub\/strande\/\",\"name\":\"Sch\u00f6nste Str\u00e4nde in Conil de la Frontera | Fuerte Hoteles\",\"isPartOf\":{\"@id\":\"https:\/\/www.fuertehoteles.com\/#website\"},\"primaryImageOfPage\":{\"@id\":\"https:\/\/www.fuertehoteles.com\/de\/reiseziele\/conil-urlaub\/strande\/#primaryimage\"},\"image\":{\"@id\":\"https:\/\/www.fuertehoteles.com\/de\/reiseziele\/conil-urlaub\/strande\/#primaryimage\"},\"thumbnailUrl\":\"https:\/\/www.fuertehoteles.com\/wp-content\/uploads\/2021\/11\/playas-conil.jpg\",\"datePublished\":\"2021-11-26T13:20:55+00:00\",\"dateModified\":\"2021-12-20T14:05:30+00:00\",\"description\":\"Besuchen Sie sch\u00f6nste Str\u00e4nde in Conil de la Frontera und erleben Sie, ob ruhig oder sportlich, jeden Tag eine andere Art von Badespa\u00df.\",\"breadcrumb\":{\"@id\":\"https:\/\/www.fuertehoteles.com\/de\/reiseziele\/conil-urlaub\/strande\/#breadcrumb\"},\"inLanguage\":\"de\",\"potentialAction\":[{\"@type\":\"ReadAction\",\"target\":[\"https:\/\/www.fuertehoteles.com\/de\/reiseziele\/conil-urlaub\/strande\/\"]}]},{\"@type\":\"ImageObject\",\"inLanguage\":\"de\",\"@id\":\"https:\/\/www.fuertehoteles.com\/de\/reiseziele\/conil-urlaub\/strande\/#primaryimage\",\"url\":\"https:\/\/www.fuertehoteles.com\/wp-content\/uploads\/2021\/11\/playas-conil.jpg\",\"contentUrl\":\"https:\/\/www.fuertehoteles.com\/wp-content\/uploads\/2021\/11\/playas-conil.jpg\",\"width\":1920,\"height\":540,\"caption\":\"playas de Conil\"},{\"@type\":\"BreadcrumbList\",\"@id\":\"https:\/\/www.fuertehoteles.com\/de\/reiseziele\/conil-urlaub\/strande\/#breadcrumb\",\"itemListElement\":[{\"@type\":\"ListItem\",\"position\":1,\"name\":\"Portada\",\"item\":\"https:\/\/www.fuertehoteles.com\/de\/\"},{\"@type\":\"ListItem\",\"position\":2,\"name\":\"Reiseziele\",\"item\":\"https:\/\/www.fuertehoteles.com\/de\/reiseziele\/\"},{\"@type\":\"ListItem\",\"position\":3,\"name\":\"Conil de la Frontera\",\"item\":\"https:\/\/www.fuertehoteles.com\/de\/reiseziele\/conil-urlaub\/\"},{\"@type\":\"ListItem\",\"position\":4,\"name\":\"Str\u00e4nde\"}]},{\"@type\":\"WebSite\",\"@id\":\"https:\/\/www.fuertehoteles.com\/#website\",\"url\":\"https:\/\/www.fuertehoteles.com\/\",\"name\":\"Fuerte Hoteles\",\"description\":\"\",\"publisher\":{\"@id\":\"https:\/\/www.fuertehoteles.com\/#organization\"},\"potentialAction\":[{\"@type\":\"SearchAction\",\"target\":{\"@type\":\"EntryPoint\",\"urlTemplate\":\"https:\/\/www.fuertehoteles.com\/?s={search_term_string}\"},\"query-input\":\"required name=search_term_string\"}],\"inLanguage\":\"de\"},{\"@type\":\"Organization\",\"@id\":\"https:\/\/www.fuertehoteles.com\/#organization\",\"name\":\"Fuerte Hoteles\",\"url\":\"https:\/\/www.fuertehoteles.com\/\",\"logo\":{\"@type\":\"ImageObject\",\"inLanguage\":\"de\",\"@id\":\"https:\/\/www.fuertehoteles.com\/#\/schema\/logo\/image\/\",\"url\":\"https:\/\/www.fuertehoteles.com\/wp-content\/uploads\/2022\/09\/logo-ffhh-1.jpg\",\"contentUrl\":\"https:\/\/www.fuertehoteles.com\/wp-content\/uploads\/2022\/09\/logo-ffhh-1.jpg\",\"width\":500,\"height\":500,\"caption\":\"Fuerte Hoteles\"},\"image\":{\"@id\":\"https:\/\/www.fuertehoteles.com\/#\/schema\/logo\/image\/\"},\"sameAs\":[\"https:\/\/www.facebook.com\/HotelesFuerte\",\"https:\/\/twitter.com\/fuertehoteles\",\"https:\/\/www.instagram.com\/fuertehoteles\/\",\"https:\/\/www.linkedin.com\/company\/fuerte-hoteles\/\",\"https:\/\/www.youtube.com\/user\/fuertehoteles\",\"https:\/\/en.wikipedia.org\/wiki\/Fuerte_Hotels\"]}]}<\/script>\n<!-- \/ Yoast SEO plugin. -->","yoast_head_json":{"title":"Sch\u00f6nste Str\u00e4nde in Conil de la Frontera | Fuerte Hoteles","description":"Besuchen Sie sch\u00f6nste Str\u00e4nde in Conil de la Frontera und erleben Sie, ob ruhig oder sportlich, jeden Tag eine andere Art von Badespa\u00df.","robots":{"index":"index","follow":"follow","max-snippet":"max-snippet:-1","max-image-preview":"max-image-preview:large","max-video-preview":"max-video-preview:-1"},"canonical":"https:\/\/www.fuertehoteles.com\/de\/reiseziele\/conil-urlaub\/strande\/","og_locale":"de_DE","og_type":"article","og_title":"Sch\u00f6nste Str\u00e4nde in Conil de la Frontera | Fuerte Hoteles","og_description":"Besuchen Sie sch\u00f6nste Str\u00e4nde in Conil de la Frontera und erleben Sie, ob ruhig oder sportlich, jeden Tag eine andere Art von Badespa\u00df.","og_url":"https:\/\/www.fuertehoteles.com\/de\/reiseziele\/conil-urlaub\/strande\/","og_site_name":"Fuerte Hoteles","article_publisher":"https:\/\/www.facebook.com\/HotelesFuerte","article_modified_time":"2021-12-20T14:05:30+00:00","og_image":[{"width":1920,"height":540,"url":"https:\/\/www.fuertehoteles.com\/wp-content\/uploads\/2021\/11\/playas-conil.jpg","type":"image\/jpeg"}],"twitter_card":"summary_large_image","twitter_site":"@fuertehoteles","twitter_misc":{"Gesch\u00e4tzte Lesezeit":"2\u00a0Minuten"},"schema":{"@context":"https:\/\/schema.org","@graph":[{"@type":"WebPage","@id":"https:\/\/www.fuertehoteles.com\/de\/reiseziele\/conil-urlaub\/strande\/","url":"https:\/\/www.fuertehoteles.com\/de\/reiseziele\/conil-urlaub\/strande\/","name":"Sch\u00f6nste Str\u00e4nde in Conil de la Frontera | Fuerte Hoteles","isPartOf":{"@id":"https:\/\/www.fuertehoteles.com\/#website"},"primaryImageOfPage":{"@id":"https:\/\/www.fuertehoteles.com\/de\/reiseziele\/conil-urlaub\/strande\/#primaryimage"},"image":{"@id":"https:\/\/www.fuertehoteles.com\/de\/reiseziele\/conil-urlaub\/strande\/#primaryimage"},"thumbnailUrl":"https:\/\/www.fuertehoteles.com\/wp-content\/uploads\/2021\/11\/playas-conil.jpg","datePublished":"2021-11-26T13:20:55+00:00","dateModified":"2021-12-20T14:05:30+00:00","description":"Besuchen Sie sch\u00f6nste Str\u00e4nde in Conil de la Frontera und erleben Sie, ob ruhig oder sportlich, jeden Tag eine andere Art von Badespa\u00df.","breadcrumb":{"@id":"https:\/\/www.fuertehoteles.com\/de\/reiseziele\/conil-urlaub\/strande\/#breadcrumb"},"inLanguage":"de","potentialAction":[{"@type":"ReadAction","target":["https:\/\/www.fuertehoteles.com\/de\/reiseziele\/conil-urlaub\/strande\/"]}]},{"@type":"ImageObject","inLanguage":"de","@id":"https:\/\/www.fuertehoteles.com\/de\/reiseziele\/conil-urlaub\/strande\/#primaryimage","url":"https:\/\/www.fuertehoteles.com\/wp-content\/uploads\/2021\/11\/playas-conil.jpg","contentUrl":"https:\/\/www.fuertehoteles.com\/wp-content\/uploads\/2021\/11\/playas-conil.jpg","width":1920,"height":540,"caption":"playas de Conil"},{"@type":"BreadcrumbList","@id":"https:\/\/www.fuertehoteles.com\/de\/reiseziele\/conil-urlaub\/strande\/#breadcrumb","itemListElement":[{"@type":"ListItem","position":1,"name":"Portada","item":"https:\/\/www.fuertehoteles.com\/de\/"},{"@type":"ListItem","position":2,"name":"Reiseziele","item":"https:\/\/www.fuertehoteles.com\/de\/reiseziele\/"},{"@type":"ListItem","position":3,"name":"Conil de la Frontera","item":"https:\/\/www.fuertehoteles.com\/de\/reiseziele\/conil-urlaub\/"},{"@type":"ListItem","position":4,"name":"Str\u00e4nde"}]},{"@type":"WebSite","@id":"https:\/\/www.fuertehoteles.com\/#website","url":"https:\/\/www.fuertehoteles.com\/","name":"Fuerte Hoteles","description":"","publisher":{"@id":"https:\/\/www.fuertehoteles.com\/#organization"},"potentialAction":[{"@type":"SearchAction","target":{"@type":"EntryPoint","urlTemplate":"https:\/\/www.fuertehoteles.com\/?s={search_term_string}"},"query-input":"required name=search_term_string"}],"inLanguage":"de"},{"@type":"Organization","@id":"https:\/\/www.fuertehoteles.com\/#organization","name":"Fuerte Hoteles","url":"https:\/\/www.fuertehoteles.com\/","logo":{"@type":"ImageObject","inLanguage":"de","@id":"https:\/\/www.fuertehoteles.com\/#\/schema\/logo\/image\/","url":"https:\/\/www.fuertehoteles.com\/wp-content\/uploads\/2022\/09\/logo-ffhh-1.jpg","contentUrl":"https:\/\/www.fuertehoteles.com\/wp-content\/uploads\/2022\/09\/logo-ffhh-1.jpg","width":500,"height":500,"caption":"Fuerte Hoteles"},"image":{"@id":"https:\/\/www.fuertehoteles.com\/#\/schema\/logo\/image\/"},"sameAs":["https:\/\/www.facebook.com\/HotelesFuerte","https:\/\/twitter.com\/fuertehoteles","https:\/\/www.instagram.com\/fuertehoteles\/","https:\/\/www.linkedin.com\/company\/fuerte-hoteles\/","https:\/\/www.youtube.com\/user\/fuertehoteles","https:\/\/en.wikipedia.org\/wiki\/Fuerte_Hotels"]}]}},"_links":{"self":[{"href":"https:\/\/www.fuertehoteles.com\/de\/wp-json\/wp\/v2\/pages\/4570","targetHints":{"allow":["GET"]}}],"collection":[{"href":"https:\/\/www.fuertehoteles.com\/de\/wp-json\/wp\/v2\/pages"}],"about":[{"href":"https:\/\/www.fuertehoteles.com\/de\/wp-json\/wp\/v2\/types\/page"}],"author":[{"embeddable":true,"href":"https:\/\/www.fuertehoteles.com\/de\/wp-json\/wp\/v2\/users\/6"}],"replies":[{"embeddable":true,"href":"https:\/\/www.fuertehoteles.com\/de\/wp-json\/wp\/v2\/comments?post=4570"}],"version-history":[{"count":0,"href":"https:\/\/www.fuertehoteles.com\/de\/wp-json\/wp\/v2\/pages\/4570\/revisions"}],"up":[{"embeddable":true,"href":"https:\/\/www.fuertehoteles.com\/de\/wp-json\/wp\/v2\/pages\/4516"}],"wp:featuredmedia":[{"embeddable":true,"href":"https:\/\/www.fuertehoteles.com\/de\/wp-json\/wp\/v2\/media\/1579"}],"wp:attachment":[{"href":"https:\/\/www.fuertehoteles.com\/de\/wp-json\/wp\/v2\/media?parent=4570"}],"curies":[{"name":"wp","href":"https:\/\/api.w.org\/{rel}","templated":true}]}}