{"id":4668,"date":"2021-11-26T14:39:33","date_gmt":"2021-11-26T13:39:33","guid":{"rendered":"https:\/\/www.fuertehoteles.com\/reiseziele\/urlaub-el-rompido\/casco-antiguo\/"},"modified":"2021-12-21T10:21:58","modified_gmt":"2021-12-21T09:21:58","slug":"altstadt","status":"publish","type":"page","link":"https:\/\/www.fuertehoteles.com\/de\/reiseziele\/urlaub-el-rompido\/altstadt\/","title":{"rendered":"Altstadt"},"content":{"rendered":"[vc_row][vc_column el_class=&#8220;destination-content&#8220;][vc_column_text]\n<h1>El Rompido Altstadt, (Huelva)<\/h1>\n<p>Die H\u00e4user der Fischer von <strong>El Rompido, (Cartaya),<\/strong> bilden eines der bodenst\u00e4ndigsten Stadtbilder von <strong>Andalusien.<\/strong> Die Schlichtheit seiner perfekt wei\u00df get\u00fcnchten Fassaden mit den roten Ziegeld\u00e4chern steht im Kontrast zu den edleren Geb\u00e4uden.<\/p>\n<p>In diesem Dorf der Provinz Huelva, das aufgrund seiner Gastronomie und seiner typisch andalusischen Architektur hervorsticht, k\u00f6nnen Sie tolle Erfahrungen erleben.<\/p>\n<p>Entfernungen vom <a href=\"https:\/\/www.fuertehoteles.com\/de\/hotels\/fuerte-rompido-cartaya\/das-hotel\/\"><strong>Hotel Fuerte El Rompido<\/strong><\/a><\/p>\n<h3>Leuchtt\u00fcrme von El Rompido (2 Min. zu Fu\u00df)<\/h3>\n<p>Zwei Leuchtt\u00fcrme wachen \u00fcber diese einzigartige Landschaft. Allerdings ist nur noch einer von ihnen im Betrieb. Sein Licht hat die Atlantikfischer immer gut orientiert und er gilt in diesem Fischerd\u00f6rfchen als die Sehensw\u00fcrdigkeit.<\/p>\n<h3>Wallfahrtskirche Nuestra Se\u00f1ora de Consolaci\u00f3n (6 Min. zu Fu\u00df)<\/h3>\n<p>Sie liegt etwas au\u00dferhalb des Ortes und ist ein Beispiel des andalusischen Barrocks mit etwas Einfluss des Mudejar-Stils. Ihre schlichte Architektur nimmt durch ihre geraden Linien und zarten Kurven magische Formen an. Die Wallfahrtskirche beherbergt die Jungfrau Virgen de la Consolaci\u00f3n, ein Heiligenbild, das von den Einwohnern Cartayas sehr verehrt wird.[\/vc_column_text][\/vc_column][\/vc_row]\n","protected":false},"excerpt":{"rendered":"<p>[vc_row][vc_column el_class=&#8220;destination-content&#8220;][vc_column_text] El Rompido Altstadt, (Huelva) Die H\u00e4user der Fischer von El Rompido, (Cartaya), bilden eines der bodenst\u00e4ndigsten Stadtbilder von Andalusien. Die Schlichtheit seiner perfekt wei\u00df get\u00fcnchten Fassaden mit den roten Ziegeld\u00e4chern steht im Kontrast zu den edleren Geb\u00e4uden. In diesem Dorf der Provinz Huelva, das aufgrund seiner Gastronomie und seiner typisch andalusischen Architektur hervorsticht,<\/p>\n","protected":false},"author":6,"featured_media":1638,"parent":4579,"menu_order":0,"comment_status":"closed","ping_status":"closed","template":"templates\/destination-subpages.php","meta":{"footnotes":""},"class_list":["post-4668","page","type-page","status-publish","hentry"],"yoast_head":"<!-- This site is optimized with the Yoast SEO plugin v22.4 - https:\/\/yoast.com\/wordpress\/plugins\/seo\/ -->\n<title>El Rompido Altstadt, Sehensw\u00fcrdigkeiten in El Rompido<\/title>\n<meta name=\"description\" content=\"Bei Fuerte Hoteles finden Sie umfassende Informationen zu den Sehensw\u00fcrdigkeiten in El Rompido Altstadt, sodass Ihre Reise ein voller Erfolg wird.\" \/>\n<meta name=\"robots\" content=\"index, follow, max-snippet:-1, max-image-preview:large, max-video-preview:-1\" \/>\n<link rel=\"canonical\" href=\"https:\/\/www.fuertehoteles.com\/de\/reiseziele\/urlaub-el-rompido\/altstadt\/\" \/>\n<meta property=\"og:locale\" content=\"de_DE\" \/>\n<meta property=\"og:type\" content=\"article\" \/>\n<meta property=\"og:title\" content=\"El Rompido Altstadt, Sehensw\u00fcrdigkeiten in El Rompido\" \/>\n<meta property=\"og:description\" content=\"Bei Fuerte Hoteles finden Sie umfassende Informationen zu den Sehensw\u00fcrdigkeiten in El Rompido Altstadt, sodass Ihre Reise ein voller Erfolg wird.\" \/>\n<meta property=\"og:url\" content=\"https:\/\/www.fuertehoteles.com\/de\/reiseziele\/urlaub-el-rompido\/altstadt\/\" \/>\n<meta property=\"og:site_name\" content=\"Fuerte Hoteles\" \/>\n<meta property=\"article:publisher\" content=\"https:\/\/www.facebook.com\/HotelesFuerte\" \/>\n<meta property=\"article:modified_time\" content=\"2021-12-21T09:21:58+00:00\" \/>\n<meta property=\"og:image\" content=\"https:\/\/www.fuertehoteles.com\/wp-content\/uploads\/2021\/11\/el-rompido-casco-antiguo.jpg\" \/>\n\t<meta property=\"og:image:width\" content=\"1920\" \/>\n\t<meta property=\"og:image:height\" content=\"540\" \/>\n\t<meta property=\"og:image:type\" content=\"image\/jpeg\" \/>\n<meta name=\"twitter:card\" content=\"summary_large_image\" \/>\n<meta name=\"twitter:site\" content=\"@fuertehoteles\" \/>\n<meta name=\"twitter:label1\" content=\"Gesch\u00e4tzte Lesezeit\" \/>\n\t<meta name=\"twitter:data1\" content=\"1\u00a0Minute\" \/>\n<script type=\"application\/ld+json\" class=\"yoast-schema-graph\">{\"@context\":\"https:\/\/schema.org\",\"@graph\":[{\"@type\":\"WebPage\",\"@id\":\"https:\/\/www.fuertehoteles.com\/de\/reiseziele\/urlaub-el-rompido\/altstadt\/\",\"url\":\"https:\/\/www.fuertehoteles.com\/de\/reiseziele\/urlaub-el-rompido\/altstadt\/\",\"name\":\"El Rompido Altstadt, Sehensw\u00fcrdigkeiten in El Rompido\",\"isPartOf\":{\"@id\":\"https:\/\/www.fuertehoteles.com\/#website\"},\"primaryImageOfPage\":{\"@id\":\"https:\/\/www.fuertehoteles.com\/de\/reiseziele\/urlaub-el-rompido\/altstadt\/#primaryimage\"},\"image\":{\"@id\":\"https:\/\/www.fuertehoteles.com\/de\/reiseziele\/urlaub-el-rompido\/altstadt\/#primaryimage\"},\"thumbnailUrl\":\"https:\/\/www.fuertehoteles.com\/wp-content\/uploads\/2021\/11\/el-rompido-casco-antiguo.jpg\",\"datePublished\":\"2021-11-26T13:39:33+00:00\",\"dateModified\":\"2021-12-21T09:21:58+00:00\",\"description\":\"Bei Fuerte Hoteles finden Sie umfassende Informationen zu den Sehensw\u00fcrdigkeiten in El Rompido Altstadt, sodass Ihre Reise ein voller Erfolg wird.\",\"breadcrumb\":{\"@id\":\"https:\/\/www.fuertehoteles.com\/de\/reiseziele\/urlaub-el-rompido\/altstadt\/#breadcrumb\"},\"inLanguage\":\"de\",\"potentialAction\":[{\"@type\":\"ReadAction\",\"target\":[\"https:\/\/www.fuertehoteles.com\/de\/reiseziele\/urlaub-el-rompido\/altstadt\/\"]}]},{\"@type\":\"ImageObject\",\"inLanguage\":\"de\",\"@id\":\"https:\/\/www.fuertehoteles.com\/de\/reiseziele\/urlaub-el-rompido\/altstadt\/#primaryimage\",\"url\":\"https:\/\/www.fuertehoteles.com\/wp-content\/uploads\/2021\/11\/el-rompido-casco-antiguo.jpg\",\"contentUrl\":\"https:\/\/www.fuertehoteles.com\/wp-content\/uploads\/2021\/11\/el-rompido-casco-antiguo.jpg\",\"width\":1920,\"height\":540,\"caption\":\"El Rompido\"},{\"@type\":\"BreadcrumbList\",\"@id\":\"https:\/\/www.fuertehoteles.com\/de\/reiseziele\/urlaub-el-rompido\/altstadt\/#breadcrumb\",\"itemListElement\":[{\"@type\":\"ListItem\",\"position\":1,\"name\":\"Portada\",\"item\":\"https:\/\/www.fuertehoteles.com\/de\/\"},{\"@type\":\"ListItem\",\"position\":2,\"name\":\"Reiseziele\",\"item\":\"https:\/\/www.fuertehoteles.com\/de\/reiseziele\/\"},{\"@type\":\"ListItem\",\"position\":3,\"name\":\"El Rompido\",\"item\":\"https:\/\/www.fuertehoteles.com\/de\/reiseziele\/urlaub-el-rompido\/\"},{\"@type\":\"ListItem\",\"position\":4,\"name\":\"Altstadt\"}]},{\"@type\":\"WebSite\",\"@id\":\"https:\/\/www.fuertehoteles.com\/#website\",\"url\":\"https:\/\/www.fuertehoteles.com\/\",\"name\":\"Fuerte Hoteles\",\"description\":\"\",\"publisher\":{\"@id\":\"https:\/\/www.fuertehoteles.com\/#organization\"},\"potentialAction\":[{\"@type\":\"SearchAction\",\"target\":{\"@type\":\"EntryPoint\",\"urlTemplate\":\"https:\/\/www.fuertehoteles.com\/?s={search_term_string}\"},\"query-input\":\"required name=search_term_string\"}],\"inLanguage\":\"de\"},{\"@type\":\"Organization\",\"@id\":\"https:\/\/www.fuertehoteles.com\/#organization\",\"name\":\"Fuerte Hoteles\",\"url\":\"https:\/\/www.fuertehoteles.com\/\",\"logo\":{\"@type\":\"ImageObject\",\"inLanguage\":\"de\",\"@id\":\"https:\/\/www.fuertehoteles.com\/#\/schema\/logo\/image\/\",\"url\":\"https:\/\/www.fuertehoteles.com\/wp-content\/uploads\/2022\/09\/logo-ffhh-1.jpg\",\"contentUrl\":\"https:\/\/www.fuertehoteles.com\/wp-content\/uploads\/2022\/09\/logo-ffhh-1.jpg\",\"width\":500,\"height\":500,\"caption\":\"Fuerte Hoteles\"},\"image\":{\"@id\":\"https:\/\/www.fuertehoteles.com\/#\/schema\/logo\/image\/\"},\"sameAs\":[\"https:\/\/www.facebook.com\/HotelesFuerte\",\"https:\/\/twitter.com\/fuertehoteles\",\"https:\/\/www.instagram.com\/fuertehoteles\/\",\"https:\/\/www.linkedin.com\/company\/fuerte-hoteles\/\",\"https:\/\/www.youtube.com\/user\/fuertehoteles\",\"https:\/\/en.wikipedia.org\/wiki\/Fuerte_Hotels\"]}]}<\/script>\n<!-- \/ Yoast SEO plugin. -->","yoast_head_json":{"title":"El Rompido Altstadt, Sehensw\u00fcrdigkeiten in El Rompido","description":"Bei Fuerte Hoteles finden Sie umfassende Informationen zu den Sehensw\u00fcrdigkeiten in El Rompido Altstadt, sodass Ihre Reise ein voller Erfolg wird.","robots":{"index":"index","follow":"follow","max-snippet":"max-snippet:-1","max-image-preview":"max-image-preview:large","max-video-preview":"max-video-preview:-1"},"canonical":"https:\/\/www.fuertehoteles.com\/de\/reiseziele\/urlaub-el-rompido\/altstadt\/","og_locale":"de_DE","og_type":"article","og_title":"El Rompido Altstadt, Sehensw\u00fcrdigkeiten in El Rompido","og_description":"Bei Fuerte Hoteles finden Sie umfassende Informationen zu den Sehensw\u00fcrdigkeiten in El Rompido Altstadt, sodass Ihre Reise ein voller Erfolg wird.","og_url":"https:\/\/www.fuertehoteles.com\/de\/reiseziele\/urlaub-el-rompido\/altstadt\/","og_site_name":"Fuerte Hoteles","article_publisher":"https:\/\/www.facebook.com\/HotelesFuerte","article_modified_time":"2021-12-21T09:21:58+00:00","og_image":[{"width":1920,"height":540,"url":"https:\/\/www.fuertehoteles.com\/wp-content\/uploads\/2021\/11\/el-rompido-casco-antiguo.jpg","type":"image\/jpeg"}],"twitter_card":"summary_large_image","twitter_site":"@fuertehoteles","twitter_misc":{"Gesch\u00e4tzte Lesezeit":"1\u00a0Minute"},"schema":{"@context":"https:\/\/schema.org","@graph":[{"@type":"WebPage","@id":"https:\/\/www.fuertehoteles.com\/de\/reiseziele\/urlaub-el-rompido\/altstadt\/","url":"https:\/\/www.fuertehoteles.com\/de\/reiseziele\/urlaub-el-rompido\/altstadt\/","name":"El Rompido Altstadt, Sehensw\u00fcrdigkeiten in El Rompido","isPartOf":{"@id":"https:\/\/www.fuertehoteles.com\/#website"},"primaryImageOfPage":{"@id":"https:\/\/www.fuertehoteles.com\/de\/reiseziele\/urlaub-el-rompido\/altstadt\/#primaryimage"},"image":{"@id":"https:\/\/www.fuertehoteles.com\/de\/reiseziele\/urlaub-el-rompido\/altstadt\/#primaryimage"},"thumbnailUrl":"https:\/\/www.fuertehoteles.com\/wp-content\/uploads\/2021\/11\/el-rompido-casco-antiguo.jpg","datePublished":"2021-11-26T13:39:33+00:00","dateModified":"2021-12-21T09:21:58+00:00","description":"Bei Fuerte Hoteles finden Sie umfassende Informationen zu den Sehensw\u00fcrdigkeiten in El Rompido Altstadt, sodass Ihre Reise ein voller Erfolg wird.","breadcrumb":{"@id":"https:\/\/www.fuertehoteles.com\/de\/reiseziele\/urlaub-el-rompido\/altstadt\/#breadcrumb"},"inLanguage":"de","potentialAction":[{"@type":"ReadAction","target":["https:\/\/www.fuertehoteles.com\/de\/reiseziele\/urlaub-el-rompido\/altstadt\/"]}]},{"@type":"ImageObject","inLanguage":"de","@id":"https:\/\/www.fuertehoteles.com\/de\/reiseziele\/urlaub-el-rompido\/altstadt\/#primaryimage","url":"https:\/\/www.fuertehoteles.com\/wp-content\/uploads\/2021\/11\/el-rompido-casco-antiguo.jpg","contentUrl":"https:\/\/www.fuertehoteles.com\/wp-content\/uploads\/2021\/11\/el-rompido-casco-antiguo.jpg","width":1920,"height":540,"caption":"El Rompido"},{"@type":"BreadcrumbList","@id":"https:\/\/www.fuertehoteles.com\/de\/reiseziele\/urlaub-el-rompido\/altstadt\/#breadcrumb","itemListElement":[{"@type":"ListItem","position":1,"name":"Portada","item":"https:\/\/www.fuertehoteles.com\/de\/"},{"@type":"ListItem","position":2,"name":"Reiseziele","item":"https:\/\/www.fuertehoteles.com\/de\/reiseziele\/"},{"@type":"ListItem","position":3,"name":"El Rompido","item":"https:\/\/www.fuertehoteles.com\/de\/reiseziele\/urlaub-el-rompido\/"},{"@type":"ListItem","position":4,"name":"Altstadt"}]},{"@type":"WebSite","@id":"https:\/\/www.fuertehoteles.com\/#website","url":"https:\/\/www.fuertehoteles.com\/","name":"Fuerte Hoteles","description":"","publisher":{"@id":"https:\/\/www.fuertehoteles.com\/#organization"},"potentialAction":[{"@type":"SearchAction","target":{"@type":"EntryPoint","urlTemplate":"https:\/\/www.fuertehoteles.com\/?s={search_term_string}"},"query-input":"required name=search_term_string"}],"inLanguage":"de"},{"@type":"Organization","@id":"https:\/\/www.fuertehoteles.com\/#organization","name":"Fuerte Hoteles","url":"https:\/\/www.fuertehoteles.com\/","logo":{"@type":"ImageObject","inLanguage":"de","@id":"https:\/\/www.fuertehoteles.com\/#\/schema\/logo\/image\/","url":"https:\/\/www.fuertehoteles.com\/wp-content\/uploads\/2022\/09\/logo-ffhh-1.jpg","contentUrl":"https:\/\/www.fuertehoteles.com\/wp-content\/uploads\/2022\/09\/logo-ffhh-1.jpg","width":500,"height":500,"caption":"Fuerte Hoteles"},"image":{"@id":"https:\/\/www.fuertehoteles.com\/#\/schema\/logo\/image\/"},"sameAs":["https:\/\/www.facebook.com\/HotelesFuerte","https:\/\/twitter.com\/fuertehoteles","https:\/\/www.instagram.com\/fuertehoteles\/","https:\/\/www.linkedin.com\/company\/fuerte-hoteles\/","https:\/\/www.youtube.com\/user\/fuertehoteles","https:\/\/en.wikipedia.org\/wiki\/Fuerte_Hotels"]}]}},"_links":{"self":[{"href":"https:\/\/www.fuertehoteles.com\/de\/wp-json\/wp\/v2\/pages\/4668","targetHints":{"allow":["GET"]}}],"collection":[{"href":"https:\/\/www.fuertehoteles.com\/de\/wp-json\/wp\/v2\/pages"}],"about":[{"href":"https:\/\/www.fuertehoteles.com\/de\/wp-json\/wp\/v2\/types\/page"}],"author":[{"embeddable":true,"href":"https:\/\/www.fuertehoteles.com\/de\/wp-json\/wp\/v2\/users\/6"}],"replies":[{"embeddable":true,"href":"https:\/\/www.fuertehoteles.com\/de\/wp-json\/wp\/v2\/comments?post=4668"}],"version-history":[{"count":0,"href":"https:\/\/www.fuertehoteles.com\/de\/wp-json\/wp\/v2\/pages\/4668\/revisions"}],"up":[{"embeddable":true,"href":"https:\/\/www.fuertehoteles.com\/de\/wp-json\/wp\/v2\/pages\/4579"}],"wp:featuredmedia":[{"embeddable":true,"href":"https:\/\/www.fuertehoteles.com\/de\/wp-json\/wp\/v2\/media\/1638"}],"wp:attachment":[{"href":"https:\/\/www.fuertehoteles.com\/de\/wp-json\/wp\/v2\/media?parent=4668"}],"curies":[{"name":"wp","href":"https:\/\/api.w.org\/{rel}","templated":true}]}}