{"id":4677,"date":"2021-11-26T14:45:13","date_gmt":"2021-11-26T13:45:13","guid":{"rendered":"https:\/\/www.fuertehoteles.com\/reiseziele\/urlaub-el-rompido\/compras\/"},"modified":"2021-12-21T10:32:26","modified_gmt":"2021-12-21T09:32:26","slug":"einkaufsmoeglichkeiten","status":"publish","type":"page","link":"https:\/\/www.fuertehoteles.com\/de\/reiseziele\/urlaub-el-rompido\/einkaufsmoeglichkeiten\/","title":{"rendered":"Einkaufen"},"content":{"rendered":"[vc_row][vc_column el_class=&#8220;destination-content&#8220;][vc_column_text]\n<h1>Die besten Einkaufsm\u00f6glichkeiten in El Rompido<\/h1>\n<p>Entfernungen vom <strong><a href=\"https:\/\/www.fuertehoteles.com\/de\/hotels\/fuerte-rompido-cartaya\/das-hotel\/\">Hotel Fuerte El Rompido<\/a><\/strong><\/p>\n<h2>El Rompido<\/h2>\n<p>El Rompido ist ein sehr funktioneller Ort, um Ihre Eink\u00e4ufe zu t\u00e4tigen. Hier bekommen Sie von bodenst\u00e4ndigen Produkten bis hin zu Souvenirs oder Kleidung so gut wie alle Artikel. Ein guter Platz zum \u201eShopping\u201c ist das<strong>Einkaufszentrum El Faro <\/strong><strong>(3 Min. zu Fu\u00df)<\/strong>.<\/p>\n<h3>Der Schinken aus Jabugo<\/h3>\n<p>Der Schinken aus Jabugo ist aufgrund seiner Qualit\u00e4t und Geschmack weltweit bekannt. Die Schweine werden mit Eicheln gef\u00fcttert und das f\u00fchrt bei den abgelagerten Schweinef\u00fc\u00dfen zu einer au\u00dfergew\u00f6hnlichen Qualit\u00e4t. Wenn Sie einen Schinken mit nach Hause nehmen wollen, k\u00f6nnen Sie ihn hier kaufen:<\/p>\n<ul>\n<li>Einkaufszentrum El Faro \u2013 Supermarkt El Jam\u00f3n (3 Min. zu Fu\u00df)<\/li>\n<li>La Serran\u00eda, Cartaya (15 Min. mit dem Auto)<\/li>\n<\/ul>\n<h3>F\u00fcr S\u00fc\u00dfes, der \u201ePi\u00f1onate\u201c<\/h3>\n<p>F\u00fcr die Naschkatzen warten hier einige Versuchungen, deren Rezepte den unverkennbaren Geschmack haben, der von Generation zu Generation weitergegeben wird: der \u201ePi\u00f1onate\u201c und die \u201eTorta Real\u201c. Um S\u00fc\u00dfes einzukaufen, besuchen Sie:<\/p>\n<ul>\n<li>La Flor de la Canela, Cartaya (15 Min. mit dem Auto oder 15 Min. zu Fu\u00df)<\/li>\n<li>B\u00e4ckerei Consolaci\u00f3n, Cartaya (15 Min. mit dem Auto)<\/li>\n<\/ul>\n<h3>Geschenke und Souvenirs<\/h3>\n<p>In El Rompido finden Sie jede Menge Einkaufsm\u00f6glichkeiten f\u00fcr Souvenirs und Geschenke, unter denen die, die an den Ort erinnern, zu den begehrtesten geh\u00f6ren.<\/p>\n<ul>\n<li>Artesan\u00eda Ram\u00e1iz, Cartaya (15 Min. mit dem Auto)<\/li>\n<li>Acaparra, Cartaya (15 Min. mit dem Auto)<\/li>\n<\/ul>\n<h2>Ayamonte (30 Min. mit dem Auto)<\/h2>\n<p>Die Gemeinde Ayamonte ist traditionsgem\u00e4\u00df ein Handelsplatz, da sie an der Grenze zu Portugal liegt. Hier ist eine Einkaufstour sehr zu empfehlen.<\/p>\n<h2>Villa Real Portugal (35 Min. mit dem Auto)<\/h2>\n<p>Portugal ist ein guter Platz, um Kunsthandwerk und dank der guten Qualit\u00e4t auch Textilwaren einzukaufen. Auch gastronomische Produkte sind hier gefragt.<\/p>\n<h2>Huelva (35 Min. mit dem Auto)<\/h2>\n<p>Huelva bietet in seinem offenen Einkaufszentrum eine gro\u00dfe Auswahl an Gesch\u00e4ften an, in denen man so gut wie alles findet, sowie seine Wochenm\u00e4rkte und die Einkaufszentren, unter denen man das Einkaufszentrum Aqual\u00f3n Puerto oder das Einkaufszentrum Costa Luz erw\u00e4hnen muss.[\/vc_column_text][\/vc_column][\/vc_row]\n","protected":false},"excerpt":{"rendered":"<p>[vc_row][vc_column el_class=&#8220;destination-content&#8220;][vc_column_text] Die besten Einkaufsm\u00f6glichkeiten in El Rompido Entfernungen vom Hotel Fuerte El Rompido El Rompido El Rompido ist ein sehr funktioneller Ort, um Ihre Eink\u00e4ufe zu t\u00e4tigen. Hier bekommen Sie von bodenst\u00e4ndigen Produkten bis hin zu Souvenirs oder Kleidung so gut wie alle Artikel. Ein guter Platz zum \u201eShopping\u201c ist dasEinkaufszentrum El Faro (3<\/p>\n","protected":false},"author":6,"featured_media":1642,"parent":4579,"menu_order":0,"comment_status":"closed","ping_status":"closed","template":"templates\/destination-subpages.php","meta":{"footnotes":""},"class_list":["post-4677","page","type-page","status-publish","hentry"],"yoast_head":"<!-- This site is optimized with the Yoast SEO plugin v22.4 - https:\/\/yoast.com\/wordpress\/plugins\/seo\/ -->\n<title>Einkaufsm\u00f6glichkeiten in El Rompido, Tourismus in Huelva<\/title>\n<meta name=\"description\" content=\"Shoppingtour: Entdecken Sie die Einkaufsm\u00f6glichkeiten in El Rompido und den St\u00e4dten in der Umgebung, wie zum Beispiel Ayamonte. Tourismus in Huelva.\" \/>\n<meta name=\"robots\" content=\"index, follow, max-snippet:-1, max-image-preview:large, max-video-preview:-1\" \/>\n<link rel=\"canonical\" href=\"https:\/\/www.fuertehoteles.com\/de\/reiseziele\/urlaub-el-rompido\/einkaufsmoeglichkeiten\/\" \/>\n<meta property=\"og:locale\" content=\"de_DE\" \/>\n<meta property=\"og:type\" content=\"article\" \/>\n<meta property=\"og:title\" content=\"Einkaufsm\u00f6glichkeiten in El Rompido, Tourismus in Huelva\" \/>\n<meta property=\"og:description\" content=\"Shoppingtour: Entdecken Sie die Einkaufsm\u00f6glichkeiten in El Rompido und den St\u00e4dten in der Umgebung, wie zum Beispiel Ayamonte. Tourismus in Huelva.\" \/>\n<meta property=\"og:url\" content=\"https:\/\/www.fuertehoteles.com\/de\/reiseziele\/urlaub-el-rompido\/einkaufsmoeglichkeiten\/\" \/>\n<meta property=\"og:site_name\" content=\"Fuerte Hoteles\" \/>\n<meta property=\"article:publisher\" content=\"https:\/\/www.facebook.com\/HotelesFuerte\" \/>\n<meta property=\"article:modified_time\" content=\"2021-12-21T09:32:26+00:00\" \/>\n<meta property=\"og:image\" content=\"https:\/\/www.fuertehoteles.com\/wp-content\/uploads\/2021\/11\/el-rompido-compras-1.jpg\" \/>\n\t<meta property=\"og:image:width\" content=\"1920\" \/>\n\t<meta property=\"og:image:height\" content=\"540\" \/>\n\t<meta property=\"og:image:type\" content=\"image\/jpeg\" \/>\n<meta name=\"twitter:card\" content=\"summary_large_image\" \/>\n<meta name=\"twitter:site\" content=\"@fuertehoteles\" \/>\n<meta name=\"twitter:label1\" content=\"Gesch\u00e4tzte Lesezeit\" \/>\n\t<meta name=\"twitter:data1\" content=\"2\u00a0Minuten\" \/>\n<script type=\"application\/ld+json\" class=\"yoast-schema-graph\">{\"@context\":\"https:\/\/schema.org\",\"@graph\":[{\"@type\":\"WebPage\",\"@id\":\"https:\/\/www.fuertehoteles.com\/de\/reiseziele\/urlaub-el-rompido\/einkaufsmoeglichkeiten\/\",\"url\":\"https:\/\/www.fuertehoteles.com\/de\/reiseziele\/urlaub-el-rompido\/einkaufsmoeglichkeiten\/\",\"name\":\"Einkaufsm\u00f6glichkeiten in El Rompido, Tourismus in Huelva\",\"isPartOf\":{\"@id\":\"https:\/\/www.fuertehoteles.com\/#website\"},\"primaryImageOfPage\":{\"@id\":\"https:\/\/www.fuertehoteles.com\/de\/reiseziele\/urlaub-el-rompido\/einkaufsmoeglichkeiten\/#primaryimage\"},\"image\":{\"@id\":\"https:\/\/www.fuertehoteles.com\/de\/reiseziele\/urlaub-el-rompido\/einkaufsmoeglichkeiten\/#primaryimage\"},\"thumbnailUrl\":\"https:\/\/www.fuertehoteles.com\/wp-content\/uploads\/2021\/11\/el-rompido-compras-1.jpg\",\"datePublished\":\"2021-11-26T13:45:13+00:00\",\"dateModified\":\"2021-12-21T09:32:26+00:00\",\"description\":\"Shoppingtour: Entdecken Sie die Einkaufsm\u00f6glichkeiten in El Rompido und den St\u00e4dten in der Umgebung, wie zum Beispiel Ayamonte. Tourismus in Huelva.\",\"breadcrumb\":{\"@id\":\"https:\/\/www.fuertehoteles.com\/de\/reiseziele\/urlaub-el-rompido\/einkaufsmoeglichkeiten\/#breadcrumb\"},\"inLanguage\":\"de\",\"potentialAction\":[{\"@type\":\"ReadAction\",\"target\":[\"https:\/\/www.fuertehoteles.com\/de\/reiseziele\/urlaub-el-rompido\/einkaufsmoeglichkeiten\/\"]}]},{\"@type\":\"ImageObject\",\"inLanguage\":\"de\",\"@id\":\"https:\/\/www.fuertehoteles.com\/de\/reiseziele\/urlaub-el-rompido\/einkaufsmoeglichkeiten\/#primaryimage\",\"url\":\"https:\/\/www.fuertehoteles.com\/wp-content\/uploads\/2021\/11\/el-rompido-compras-1.jpg\",\"contentUrl\":\"https:\/\/www.fuertehoteles.com\/wp-content\/uploads\/2021\/11\/el-rompido-compras-1.jpg\",\"width\":1920,\"height\":540,\"caption\":\"Ir de compra en El Rompido\"},{\"@type\":\"BreadcrumbList\",\"@id\":\"https:\/\/www.fuertehoteles.com\/de\/reiseziele\/urlaub-el-rompido\/einkaufsmoeglichkeiten\/#breadcrumb\",\"itemListElement\":[{\"@type\":\"ListItem\",\"position\":1,\"name\":\"Portada\",\"item\":\"https:\/\/www.fuertehoteles.com\/de\/\"},{\"@type\":\"ListItem\",\"position\":2,\"name\":\"Reiseziele\",\"item\":\"https:\/\/www.fuertehoteles.com\/de\/reiseziele\/\"},{\"@type\":\"ListItem\",\"position\":3,\"name\":\"El Rompido\",\"item\":\"https:\/\/www.fuertehoteles.com\/de\/reiseziele\/urlaub-el-rompido\/\"},{\"@type\":\"ListItem\",\"position\":4,\"name\":\"Einkaufen\"}]},{\"@type\":\"WebSite\",\"@id\":\"https:\/\/www.fuertehoteles.com\/#website\",\"url\":\"https:\/\/www.fuertehoteles.com\/\",\"name\":\"Fuerte Hoteles\",\"description\":\"\",\"publisher\":{\"@id\":\"https:\/\/www.fuertehoteles.com\/#organization\"},\"potentialAction\":[{\"@type\":\"SearchAction\",\"target\":{\"@type\":\"EntryPoint\",\"urlTemplate\":\"https:\/\/www.fuertehoteles.com\/?s={search_term_string}\"},\"query-input\":\"required name=search_term_string\"}],\"inLanguage\":\"de\"},{\"@type\":\"Organization\",\"@id\":\"https:\/\/www.fuertehoteles.com\/#organization\",\"name\":\"Fuerte Hoteles\",\"url\":\"https:\/\/www.fuertehoteles.com\/\",\"logo\":{\"@type\":\"ImageObject\",\"inLanguage\":\"de\",\"@id\":\"https:\/\/www.fuertehoteles.com\/#\/schema\/logo\/image\/\",\"url\":\"https:\/\/www.fuertehoteles.com\/wp-content\/uploads\/2022\/09\/logo-ffhh-1.jpg\",\"contentUrl\":\"https:\/\/www.fuertehoteles.com\/wp-content\/uploads\/2022\/09\/logo-ffhh-1.jpg\",\"width\":500,\"height\":500,\"caption\":\"Fuerte Hoteles\"},\"image\":{\"@id\":\"https:\/\/www.fuertehoteles.com\/#\/schema\/logo\/image\/\"},\"sameAs\":[\"https:\/\/www.facebook.com\/HotelesFuerte\",\"https:\/\/twitter.com\/fuertehoteles\",\"https:\/\/www.instagram.com\/fuertehoteles\/\",\"https:\/\/www.linkedin.com\/company\/fuerte-hoteles\/\",\"https:\/\/www.youtube.com\/user\/fuertehoteles\",\"https:\/\/en.wikipedia.org\/wiki\/Fuerte_Hotels\"]}]}<\/script>\n<!-- \/ Yoast SEO plugin. -->","yoast_head_json":{"title":"Einkaufsm\u00f6glichkeiten in El Rompido, Tourismus in Huelva","description":"Shoppingtour: Entdecken Sie die Einkaufsm\u00f6glichkeiten in El Rompido und den St\u00e4dten in der Umgebung, wie zum Beispiel Ayamonte. Tourismus in Huelva.","robots":{"index":"index","follow":"follow","max-snippet":"max-snippet:-1","max-image-preview":"max-image-preview:large","max-video-preview":"max-video-preview:-1"},"canonical":"https:\/\/www.fuertehoteles.com\/de\/reiseziele\/urlaub-el-rompido\/einkaufsmoeglichkeiten\/","og_locale":"de_DE","og_type":"article","og_title":"Einkaufsm\u00f6glichkeiten in El Rompido, Tourismus in Huelva","og_description":"Shoppingtour: Entdecken Sie die Einkaufsm\u00f6glichkeiten in El Rompido und den St\u00e4dten in der Umgebung, wie zum Beispiel Ayamonte. Tourismus in Huelva.","og_url":"https:\/\/www.fuertehoteles.com\/de\/reiseziele\/urlaub-el-rompido\/einkaufsmoeglichkeiten\/","og_site_name":"Fuerte Hoteles","article_publisher":"https:\/\/www.facebook.com\/HotelesFuerte","article_modified_time":"2021-12-21T09:32:26+00:00","og_image":[{"width":1920,"height":540,"url":"https:\/\/www.fuertehoteles.com\/wp-content\/uploads\/2021\/11\/el-rompido-compras-1.jpg","type":"image\/jpeg"}],"twitter_card":"summary_large_image","twitter_site":"@fuertehoteles","twitter_misc":{"Gesch\u00e4tzte Lesezeit":"2\u00a0Minuten"},"schema":{"@context":"https:\/\/schema.org","@graph":[{"@type":"WebPage","@id":"https:\/\/www.fuertehoteles.com\/de\/reiseziele\/urlaub-el-rompido\/einkaufsmoeglichkeiten\/","url":"https:\/\/www.fuertehoteles.com\/de\/reiseziele\/urlaub-el-rompido\/einkaufsmoeglichkeiten\/","name":"Einkaufsm\u00f6glichkeiten in El Rompido, Tourismus in Huelva","isPartOf":{"@id":"https:\/\/www.fuertehoteles.com\/#website"},"primaryImageOfPage":{"@id":"https:\/\/www.fuertehoteles.com\/de\/reiseziele\/urlaub-el-rompido\/einkaufsmoeglichkeiten\/#primaryimage"},"image":{"@id":"https:\/\/www.fuertehoteles.com\/de\/reiseziele\/urlaub-el-rompido\/einkaufsmoeglichkeiten\/#primaryimage"},"thumbnailUrl":"https:\/\/www.fuertehoteles.com\/wp-content\/uploads\/2021\/11\/el-rompido-compras-1.jpg","datePublished":"2021-11-26T13:45:13+00:00","dateModified":"2021-12-21T09:32:26+00:00","description":"Shoppingtour: Entdecken Sie die Einkaufsm\u00f6glichkeiten in El Rompido und den St\u00e4dten in der Umgebung, wie zum Beispiel Ayamonte. Tourismus in Huelva.","breadcrumb":{"@id":"https:\/\/www.fuertehoteles.com\/de\/reiseziele\/urlaub-el-rompido\/einkaufsmoeglichkeiten\/#breadcrumb"},"inLanguage":"de","potentialAction":[{"@type":"ReadAction","target":["https:\/\/www.fuertehoteles.com\/de\/reiseziele\/urlaub-el-rompido\/einkaufsmoeglichkeiten\/"]}]},{"@type":"ImageObject","inLanguage":"de","@id":"https:\/\/www.fuertehoteles.com\/de\/reiseziele\/urlaub-el-rompido\/einkaufsmoeglichkeiten\/#primaryimage","url":"https:\/\/www.fuertehoteles.com\/wp-content\/uploads\/2021\/11\/el-rompido-compras-1.jpg","contentUrl":"https:\/\/www.fuertehoteles.com\/wp-content\/uploads\/2021\/11\/el-rompido-compras-1.jpg","width":1920,"height":540,"caption":"Ir de compra en El Rompido"},{"@type":"BreadcrumbList","@id":"https:\/\/www.fuertehoteles.com\/de\/reiseziele\/urlaub-el-rompido\/einkaufsmoeglichkeiten\/#breadcrumb","itemListElement":[{"@type":"ListItem","position":1,"name":"Portada","item":"https:\/\/www.fuertehoteles.com\/de\/"},{"@type":"ListItem","position":2,"name":"Reiseziele","item":"https:\/\/www.fuertehoteles.com\/de\/reiseziele\/"},{"@type":"ListItem","position":3,"name":"El Rompido","item":"https:\/\/www.fuertehoteles.com\/de\/reiseziele\/urlaub-el-rompido\/"},{"@type":"ListItem","position":4,"name":"Einkaufen"}]},{"@type":"WebSite","@id":"https:\/\/www.fuertehoteles.com\/#website","url":"https:\/\/www.fuertehoteles.com\/","name":"Fuerte Hoteles","description":"","publisher":{"@id":"https:\/\/www.fuertehoteles.com\/#organization"},"potentialAction":[{"@type":"SearchAction","target":{"@type":"EntryPoint","urlTemplate":"https:\/\/www.fuertehoteles.com\/?s={search_term_string}"},"query-input":"required name=search_term_string"}],"inLanguage":"de"},{"@type":"Organization","@id":"https:\/\/www.fuertehoteles.com\/#organization","name":"Fuerte Hoteles","url":"https:\/\/www.fuertehoteles.com\/","logo":{"@type":"ImageObject","inLanguage":"de","@id":"https:\/\/www.fuertehoteles.com\/#\/schema\/logo\/image\/","url":"https:\/\/www.fuertehoteles.com\/wp-content\/uploads\/2022\/09\/logo-ffhh-1.jpg","contentUrl":"https:\/\/www.fuertehoteles.com\/wp-content\/uploads\/2022\/09\/logo-ffhh-1.jpg","width":500,"height":500,"caption":"Fuerte Hoteles"},"image":{"@id":"https:\/\/www.fuertehoteles.com\/#\/schema\/logo\/image\/"},"sameAs":["https:\/\/www.facebook.com\/HotelesFuerte","https:\/\/twitter.com\/fuertehoteles","https:\/\/www.instagram.com\/fuertehoteles\/","https:\/\/www.linkedin.com\/company\/fuerte-hoteles\/","https:\/\/www.youtube.com\/user\/fuertehoteles","https:\/\/en.wikipedia.org\/wiki\/Fuerte_Hotels"]}]}},"_links":{"self":[{"href":"https:\/\/www.fuertehoteles.com\/de\/wp-json\/wp\/v2\/pages\/4677","targetHints":{"allow":["GET"]}}],"collection":[{"href":"https:\/\/www.fuertehoteles.com\/de\/wp-json\/wp\/v2\/pages"}],"about":[{"href":"https:\/\/www.fuertehoteles.com\/de\/wp-json\/wp\/v2\/types\/page"}],"author":[{"embeddable":true,"href":"https:\/\/www.fuertehoteles.com\/de\/wp-json\/wp\/v2\/users\/6"}],"replies":[{"embeddable":true,"href":"https:\/\/www.fuertehoteles.com\/de\/wp-json\/wp\/v2\/comments?post=4677"}],"version-history":[{"count":0,"href":"https:\/\/www.fuertehoteles.com\/de\/wp-json\/wp\/v2\/pages\/4677\/revisions"}],"up":[{"embeddable":true,"href":"https:\/\/www.fuertehoteles.com\/de\/wp-json\/wp\/v2\/pages\/4579"}],"wp:featuredmedia":[{"embeddable":true,"href":"https:\/\/www.fuertehoteles.com\/de\/wp-json\/wp\/v2\/media\/1642"}],"wp:attachment":[{"href":"https:\/\/www.fuertehoteles.com\/de\/wp-json\/wp\/v2\/media?parent=4677"}],"curies":[{"name":"wp","href":"https:\/\/api.w.org\/{rel}","templated":true}]}}