{"id":4686,"date":"2021-11-26T14:49:33","date_gmt":"2021-11-26T13:49:33","guid":{"rendered":"https:\/\/www.fuertehoteles.com\/reiseziele\/urlaub-el-rompido\/excursiones\/"},"modified":"2021-12-21T10:54:14","modified_gmt":"2021-12-21T09:54:14","slug":"ausfluge","status":"publish","type":"page","link":"https:\/\/www.fuertehoteles.com\/de\/reiseziele\/urlaub-el-rompido\/ausfluge\/","title":{"rendered":"Ausfl\u00fcge"},"content":{"rendered":"[vc_row][vc_column el_class=&#8220;destination-content&#8220;][vc_column_text]\n<h1>Die sch\u00f6nsten Ausfl\u00fcge El Rompido<\/h1>\n<h2>Zu Fu\u00df oder mit dem Fahrrad<\/h2>\n<p>Es gibt im Umfeld von El Rompido sehr viele M\u00f6glichkeiten, auf den homologierten Strecken Wanderungen zu unternehmen oder Fahrrad zu fahren. Diese eignen sich f\u00fcr alle Geschm\u00e4cker und Varianten.<\/p>\n<h3>Nordic walking<\/h3>\n<p>Eine der bekanntesten Aktivit\u00e4ten ist das \u201eNordicWalking\u201c, bei der man mit Hilfe von St\u00f6cken, die Skist\u00f6cken \u00e4hneln, Wanderungen unternimmt.<\/p>\n<h3>Segway<\/h3>\n<p>Auch f\u00fcr die zweir\u00e4drigen Segways gibt es Strecken, auf denen man ohne k\u00f6rperliche Anstrengung die <a href=\"http:\/\/www.natureway.es\/index.php?lang=de\" target=\"_blank\" rel=\"noopener\">Wanderstrecken<\/a> genie\u00dfen kann.<\/p>\n<h3>Naturlandschaft Marschland des Piedras Fluss und Flecha de El Rompido (neben dem Hotel)<\/h3>\n<p>Diese Naturlandschaft breitet sich an der Flussm\u00fcndung des Piedras aus, wo die Materialien, die der Fluss anschwemmt, eine einzigartgie Landschaft geformt haben. Sie setzt sich aus einer Marschlandschaft und einem besonderen K\u00fcstenstreifen mit D\u00fcnen und Pinienhainen im unber\u00fchrten Zustand zusammen.<\/p>\n<p>Die Strecke ist 10 Kilometer lang und hat einen niedrigen Schwierigkeitsgrad. Man kann Sie mit dem Segway, Fahrrad oder zu Fu\u00df auf den ausgewiesenen Wegen, Holzstegen und Br\u00fccken \u00fcber dem Marschland zur\u00fccklegen.<\/p>\n<h3>Spaziergang El Lanc\u00f3n, El Rompido (2 Min. zu Fu\u00df)<\/h3>\n<p>Paradiesisches Umfeld mit angepassten Wegen und Holzlaufstege und Br\u00fccken \u00fcber dem Marschland, um einen angenehmen und wohltuenden Spaziergang zu genie\u00dfen. Die Strecke ist 10 Kilometer lang und hat einen niedrigen Schwierigkeitsgrad, um sie zu Fu\u00df oder mit dem Fahrrad zu genie\u00dfen.<\/p>\n<h3>Spaziergang Naturlandschaft Los Enebrales, Punta Umbr\u00eda (15 Min. mit dem Auto)<\/h3>\n<p>Es ist ein Wacholderhain, der zwischen den D\u00fcnen liegt und durch den f\u00fcnf Holzlaufstege f\u00fchren, die zum Strand Los Enebrales f\u00fchren. Er wird auch<em> La Mata Negra<\/em> genannt (Die schwarze Matte). Die f\u00fcnf Kilometer lange Strecke mit einem niedrigen Schwierigkeitsgrad kann man mit dem Fahrrad oder zu Fu\u00df zur\u00fccklegen.<\/p>\n<h3>Kajak, Segelschule (am Hotel)<\/h3>\n<p>Die Flussm\u00fcndung des Piedras bietet f\u00fcr <a href=\"http:\/\/www.escuelainternacionaldevela.es\/copia-de-inicio\" target=\"_blank\" rel=\"noopener\">Kanu- und Kajakfahrten<\/a> <strong>ideale Bedingungen<\/strong>.<\/p>\n<p>Andere Wanderungen und Fahrradtouren:<\/p>\n<h3>Wanderungen<\/h3>\n<ul>\n<li>Siehe Route: <a title=\"Wanderungen\" href=\"http:\/\/de.wikiloc.com\/wikiloc\/view.do?id=5799238\" target=\"_blank\" rel=\"nofollow noopener\">Fuerte El Rompido-Marismas del R\u00edo Piedras<\/a><\/li>\n<li>Siehe Route: <a title=\"Wanderungen\" href=\"http:\/\/de.wikiloc.com\/wikiloc\/view.do?id=2582369\" target=\"_blank\" rel=\"nofollow noopener\">El Rompido-Nuevo Portil<\/a><\/li>\n<li>Siehe Route: <a title=\"Wanderungen\" href=\"http:\/\/de.wikiloc.com\/wikiloc\/view.do?id=2774858\" target=\"_blank\" rel=\"nofollow noopener\">Paraje Natural Marismas del r\u00edo Piedras y Flecha del Rompido<\/a><\/li>\n<li>Siehe Route: <a title=\"Wanderungen\" href=\"http:\/\/de.wikiloc.com\/wikiloc\/view.do?id=1575918\" target=\"_blank\" rel=\"nofollow noopener\">El Rompido-Punta Umbr\u00eda<\/a><\/li>\n<\/ul>\n<h3>Fahrradtouren<\/h3>\n<ul>\n<li>Siehe Route: <a title=\"Fahrradtouren\" href=\"http:\/\/es.wikiloc.com\/wikiloc\/view.do?id=5798366\" target=\"_blank\" rel=\"nofollow noopener\">Circular Fuerte El Rompido \u2013 Laguna del Portil<\/a><\/li>\n<li>Siehe Route: <a title=\"Fahrradtouren\" href=\"http:\/\/es.wikiloc.com\/wikiloc\/view.do?id=5799720\" target=\"_blank\" rel=\"nofollow noopener\">Fuerte El Rompido \u2013 Huelva<\/a><\/li>\n<li>Siehe Route: <a title=\"Fahrradtouren\" href=\"http:\/\/es.wikiloc.com\/wikiloc\/view.do?id=5805707\" target=\"_blank\" rel=\"nofollow noopener\">Fuerte El Rompido \u2013 Marismas del R\u00edo Piedras<\/a><\/li>\n<li>Siehe Route: <a title=\"Fahrradtouren\" href=\"http:\/\/es.wikiloc.com\/wikiloc\/view.do?id=5805742\" target=\"_blank\" rel=\"nofollow noopener\">Fuerte El Rompido \u2013 Pinares de Cartaya \u2013 Mirador de la Flecha del Rompido<\/a><\/li>\n<li>Siehe Route: <a title=\"Fahrradtouren\" href=\"http:\/\/es.wikiloc.com\/wikiloc\/view.do?id=5801050\" target=\"_blank\" rel=\"nofollow noopener\">Circular Fuerte El Rompido \u2013 San Bartolom\u00e9 de la Torre \u2013 Aljaraque \u2013 Portil<\/a><\/li>\n<li>Siehe Route: <a title=\"Fahrradtouren\" href=\"http:\/\/es.wikiloc.com\/wikiloc\/view.do?id=5801826\" target=\"_blank\" rel=\"nofollow noopener\">Circular Fuerte El Rompido \u2013 Isla Cristina<\/a><\/li>\n<\/ul>\n<h2><\/h2>\n<h2>Tagesausfl\u00fcge<\/h2>\n<h3>Algarve (Portugal) (45 Minuten mit dem Auto)<\/h3>\n<p>Der S\u00fcden Portugals bietet an seiner weitl\u00e4ufigen K\u00fcste eine gro\u00dfe Auswahl an Str\u00e4nden. Albufeira, Faro, Lagos oder Tavira sind nur einige der St\u00e4dte, die in dieser Gegend des Nachbarlandes liegen und wo Felsformationen eine Landschaft voller Klippen bilden.<\/p>\n<h3>Festival Fiesa, Pera, Portugal (1 Stunde mit dem Auto)<\/h3>\n<p>Im Sommer feiert man im Dorf Pera (Portugal) das <a href=\"http:\/\/www.fiesa.org\/\" target=\"_blank\" rel=\"noopener\">Fiesa Festival<\/a>, eine originelle Ausstellung von Sandskulpturen. Dieses einzigartige Event lockt jedes Jahr tausende Besucher an.<\/p>\n<h3>El Roc\u00edo, Almonte (1 Stunde mit dem Auto)<\/h3>\n<p>Die kleine Siedlung des Roc\u00edo (in Almonte, Huelva) ist der Ort, an dem die Wallfahrt El Roc\u00edo stattfindet, eine der ber\u00fchmtesten, religi\u00f6sen Versammlungen von ganz Spanien, zu der im Mai eines jeden Jahres tausende Personen kommen. Es ist eine kleine Wohnsiedlung mit nicht asphaltierten Stra\u00dfen, wo an diesen Festtagen die Pferde und der Flamencogesang die Hauptdarsteller sind.<\/p>\n<h3>Seville (1 Stunde und 15 Min. mit dem Auto)<\/h3>\n<p>Die zivile Architektur Sevillas basiert auf ihrer bedeutenden Rolle, die sie im Laufe der Geschichte eingenommen hat. Es wurden so wichtige Geb\u00e4ude wie der Torre del Oro (Goldturm), die Alc\u00e1zar-Festung, das Rathaus, das Indienarchiv, der San Telmo Palast oder die Tabakfabrik gebaut.<\/p>\n<h3>Naturpark von Do\u00f1ana (1 Stunde 30 Min. mit dem Auto)<\/h3>\n<p>Der Nationalpark von Do\u00f1ana ist ein Mosaik aus \u00d6kosystemen, die eine in Europa einzigartige Biodiversit\u00e4t besitzen. Besonders erw\u00e4hnenswert ist das Marschland, das tausenden von V\u00f6geln aus Europa und Afrika auf ihren Wanderungen als Brutstelle oder Platz zum \u00dcberwintern dient. Im Park leben einzigartige Tierarten, die vom Aussterben bedroht sind wie der K\u00f6nigsadler oder der Iberische Luchs.<\/p>\n<h3>Festung Las Guardas (1 Stunde 30 Min. mit dem Auto)<\/h3>\n<p>Das <a href=\"http:\/\/www.lareservadelcastillodelasguardas.com\/visita.htm\" target=\"_blank\" rel=\"noopener\">Naturreservat der Festung Las Guardas<\/a> beherbergt 1000 Tiere von f\u00fcnf Kontinenten. Es wird eine Rundfahrt mit dem Zug oder Auto angeboten, auf der Sie auf 15 Kilometern mit L\u00f6wen, B\u00e4ren, Elefanten oder Zebras zusammen sein werden.<\/p>\n<h3>Sierra von Aracena (1 Stunde 50 Min. mit dem Auto)<\/h3>\n<p>Der Naturpark Sierra de Aracena y Picos de Aroche liegt im \u00e4u\u00dfersten Norden der Provinz HUelva und umfasst 28 Gemeinden. Besonders empfehlenswert ist ein Besuch der <strong>Gruta de las Maravillas (H\u00f6hle der Wunder), e<\/strong>ine herrliche Stalaktitenh\u00f6hle mit einem gro\u00dfen unterirdischen See. Sie befindet sich am Ortseingang.<\/p>\n<h3>Jerez (2 Stunden 15 Min. mit dem Auto)<\/h3>\n<p>Diese Stadt gilt als eine der Wiegen des Flamenco in Andalusien und bietet zus\u00e4tzlich in der K\u00f6niglich-Andalusische <a href=\"http:\/\/www.realescuela.org\/\" target=\"_blank\" rel=\"noopener\">Reitschule<\/a> faszinierende Shows sowie interessante Touren durch die ber\u00fchmten Wein- und Brandykellereien von Jerez an.<\/p>\n<h2>Die sch\u00f6nsten Halbtagsausfl\u00fcge<\/h2>\n<h3>Das alte Kloster Mercedarios Descalzos de la Sant\u00edsima Trinidad (15 Min. mit dem Auto)<\/h3>\n<p>Dieses alte Kloster stammt aus dem XVIII Jahrhundert und hat einen \u00fcbergreifenden Stil zwischen Barock und Neoklassizismus. Es handelt sich um einen Steinbau und ist das gr\u00f6\u00dfte Geb\u00e4ude der Stadt. Sein Anblick und speziell sein Glockenturm, beherrscht von den verschiedenen Zufahrtsstra\u00dfen die Silhouette der Ortschaft. Es ist eines der wichtigsten Merkmale von Cartaya.<\/p>\n<h3>Burg der Zu\u00f1igas (15 Min. mit dem Auto)<\/h3>\n<p>Diese Festung liegt im Westen der Stadt und wurde von dieser erlauchten Familie im XV Jahrhundert auf einem H\u00fcgel errichtet. Erw\u00e4hnenswert sind die acht Meter hohen Mauern, die an die Zeiten der Korsen und Piraten erinnern. Ihre Aufgabe war es, die L\u00e4ndereien zu bewachen und die Anwohner zu besch\u00fctzen.<\/p>\n<h3>Kartbahn von Cartaya (5 Min. mit dem Auto)<\/h3>\n<p>Die Freunde der Geschwindigkeit haben auf der <a href=\"http:\/\/www.kartodromodecartaya.com\/\" target=\"_blank\" rel=\"noopener\">Kartbahn von Cartaya<\/a> die M\u00f6glichkeit, mit einem Kart Runden zu drehen. Die Rennbahn ist sowohl f\u00fcr Amateure als auch f\u00fcr Wettbewerbe geeignet und bietet sogar eine Rennstrecke f\u00fcr KInder.<\/p>\n<h3>Wasserpark (5 Min. mit dem Auto)<\/h3>\n<p>Als Alternative zum Strand bietet der nur 5 Km entfernt gelegene Vergn\u00fcgungspark Aquopolis <a href=\"http:\/\/cartaya.aquopolis.es\/\" target=\"_blank\" rel=\"noopener\">Wasserspass<\/a> f\u00fcr die gesamte Familie. Attraktionen wie Wasserrutschen, der \u201eTorbellino\u201c Strudel oder das Wellenbad sorgen in der ganzen Familie f\u00fcr gute Laune.<\/p>\n<h3>Marschland des Odiels (25 Min. mit dem Auto)<\/h3>\n<p>Es liegt zwischen den Fl\u00fcssen Rio Tinto und Odiel und ist eine der gr\u00f6\u00dften und am best konserviertesten Marschlandschaften Spaniens. Sie sticht aufgrund ihrer Vogelwelt hervor, bei des die Flamingos eine besonders wichtige Rolle spielen.<\/p>\n<h3>Ayamonte (30 Min. mit dem Auto)<\/h3>\n<p>Ayamonte besitzt ein herrliches Kunst- und Kulturerbe. Es liegt an der M\u00fcndung des Guadiana und unmittelbar an der Grenze zu Portugal.<\/p>\n<h3>Route der Kolumbusorte (zum Ausgangspunkt 33 Minuten mit dem Auto)<\/h3>\n<p>Diese Strecke bilden die <a href=\"http:\/\/www.turismohuelva.org\/\" target=\"_blank\" rel=\"noopener\">Gemeinden der Provinz Huelva<\/a>, die auf irgendeine Weise an der Entdeckung Amerikas beteiligt waren. Sie beginnt in <strong>Moguer<\/strong> und f\u00fchrt \u00fcber <strong>Palos de la Frontera,<\/strong> dem <strong>Kloster La R\u00e1bida und<\/strong> den <strong>Anlegeplatz der Karavellen<\/strong>, wo sich die Nachbauten der Ni\u00f1a und der Santa Mar\u00eda befinden sowie das Hausmuseum der Geschwister Pinz\u00f3n.<\/p>\n<h3>Niebla (38 Minuten mit dem Auto)<\/h3>\n<p>Diese Stadt hat eine fast zwei Kilometer lange Stadtmaueranlage mit f\u00fcnf Toren und insgesamt 46 T\u00fcrmen, die ihr einen mittelalterlichen Aspekt verleiht. An einer Seite steht die Festung Alc\u00e1zar de los Guzmanes, die im XV Jahrhundert auf alten Bauten der R\u00f6mer, Westgoten und Araber errichtet wurde.<\/p>\n<h3>Touristenzug durch den Minenpark von Rio Tinto (40 Minuten mit dem Auto)<\/h3>\n<p>Dieser Themenpark, der den Minen von <a href=\"http:\/\/www.parquemineroderiotinto.com\/\" target=\"_blank\" rel=\"noopener\">Rio Tinto<\/a> gewidmet ist, liegt im gleichnamigen, spektakul\u00e4ren Tal, das aufgrund seiner orangen Wasserfarbe bekannt ist. Diese einzigartige Landschaft kann man mit der \u00e4ltesten Dampfmaschine, die in Spanien noch funktioniert, zur\u00fccklegen.<br \/>\nHier m\u00fcssen Sie unbedingt das <strong>Minenmuseum<\/strong> besuchen, wo eine eindrucksvolle Darstellung <strong>einer r\u00f6mischen Mine ausgestellt ist.<\/strong><\/p>\n<h3>Naturlandschaft Marschland von Isla Cristina (1 Stunde mit dem Auto)<\/h3>\n<p>Die Wanderwege, die im nahen Ayamonte beginnen und durch dieses herrliche Naturschutzgebiet f\u00fchren, k\u00f6nnen mit dem Fahrrad, zu Fu\u00df oder mit dem Pferd zur\u00fcckgelegt werden.<\/p>\n<p>Erw\u00e4hnenswert ist die Strecke nach Isla Cristina \u00fcber die Via Verde (Gr\u00fcne Strecke). Es ist eine zw\u00f6lf Kilometer lange gr\u00fcne Strecke, die auf einer alten Bahnstrecke zwischen Huelva und Ayamonte entlangf\u00fchrt.   Abgesehen von der Sch\u00f6nheit der Marschlandschaften und der reichhaltigen Tierwelt, die hier zu Hause ist, kann man die \u00dcberreste der El Pintado sehen, einer der bedeutendsten Gezeitenm\u00fchlen der Gegend.<\/p>\n<h3>Das Meermuseum von Matalasca\u00f1as (1 Stunde mit dem Auto)<\/h3>\n<p>Dieses Museum ahmt das \u00d6kosystem des Meers von Do\u00f1ana nach. Dadurch ist es f\u00fcr die Naturfreunde besonders interessant, da einer der unbekannten Teile von Do\u00f1ana vorgestellt wird.[\/vc_column_text][\/vc_column][\/vc_row]\n","protected":false},"excerpt":{"rendered":"<p>[vc_row][vc_column el_class=&#8220;destination-content&#8220;][vc_column_text] Die sch\u00f6nsten Ausfl\u00fcge El Rompido Zu Fu\u00df oder mit dem Fahrrad Es gibt im Umfeld von El Rompido sehr viele M\u00f6glichkeiten, auf den homologierten Strecken Wanderungen zu unternehmen oder Fahrrad zu fahren. Diese eignen sich f\u00fcr alle Geschm\u00e4cker und Varianten. Nordic walking Eine der bekanntesten Aktivit\u00e4ten ist das \u201eNordicWalking\u201c, bei der man mit<\/p>\n","protected":false},"author":6,"featured_media":1650,"parent":4579,"menu_order":0,"comment_status":"closed","ping_status":"closed","template":"templates\/destination-subpages.php","meta":{"footnotes":""},"class_list":["post-4686","page","type-page","status-publish","hentry"],"yoast_head":"<!-- This site is optimized with the Yoast SEO plugin v22.4 - https:\/\/yoast.com\/wordpress\/plugins\/seo\/ -->\n<title>Die sch\u00f6nsten Ausfl\u00fcge El Rompido, Huelva. Costa de la Luz<\/title>\n<meta name=\"description\" content=\"El Rompido in der Provinz Huelva bietet wunderbare M\u00f6glichkeiten f\u00fcr Touren, Ausfl\u00fcge und Attraktionen f\u00fcr jedermann. Lokale Ausfl\u00fcge El Rompido.\" \/>\n<meta name=\"robots\" content=\"index, follow, max-snippet:-1, max-image-preview:large, max-video-preview:-1\" \/>\n<link rel=\"canonical\" href=\"https:\/\/www.fuertehoteles.com\/de\/reiseziele\/urlaub-el-rompido\/ausfluge\/\" \/>\n<meta property=\"og:locale\" content=\"de_DE\" \/>\n<meta property=\"og:type\" content=\"article\" \/>\n<meta property=\"og:title\" content=\"Die sch\u00f6nsten Ausfl\u00fcge El Rompido, Huelva. Costa de la Luz\" \/>\n<meta property=\"og:description\" content=\"El Rompido in der Provinz Huelva bietet wunderbare M\u00f6glichkeiten f\u00fcr Touren, Ausfl\u00fcge und Attraktionen f\u00fcr jedermann. Lokale Ausfl\u00fcge El Rompido.\" \/>\n<meta property=\"og:url\" content=\"https:\/\/www.fuertehoteles.com\/de\/reiseziele\/urlaub-el-rompido\/ausfluge\/\" \/>\n<meta property=\"og:site_name\" content=\"Fuerte Hoteles\" \/>\n<meta property=\"article:publisher\" content=\"https:\/\/www.facebook.com\/HotelesFuerte\" \/>\n<meta property=\"article:modified_time\" content=\"2021-12-21T09:54:14+00:00\" \/>\n<meta property=\"og:image\" content=\"https:\/\/www.fuertehoteles.com\/wp-content\/uploads\/2021\/11\/excursiones-en-el-rompido.jpg\" \/>\n\t<meta property=\"og:image:width\" content=\"1920\" \/>\n\t<meta property=\"og:image:height\" content=\"540\" \/>\n\t<meta property=\"og:image:type\" content=\"image\/jpeg\" \/>\n<meta name=\"twitter:card\" content=\"summary_large_image\" \/>\n<meta name=\"twitter:site\" content=\"@fuertehoteles\" \/>\n<meta name=\"twitter:label1\" content=\"Gesch\u00e4tzte Lesezeit\" \/>\n\t<meta name=\"twitter:data1\" content=\"7\u00a0Minuten\" \/>\n<script type=\"application\/ld+json\" class=\"yoast-schema-graph\">{\"@context\":\"https:\/\/schema.org\",\"@graph\":[{\"@type\":\"WebPage\",\"@id\":\"https:\/\/www.fuertehoteles.com\/de\/reiseziele\/urlaub-el-rompido\/ausfluge\/\",\"url\":\"https:\/\/www.fuertehoteles.com\/de\/reiseziele\/urlaub-el-rompido\/ausfluge\/\",\"name\":\"Die sch\u00f6nsten Ausfl\u00fcge El Rompido, Huelva. Costa de la Luz\",\"isPartOf\":{\"@id\":\"https:\/\/www.fuertehoteles.com\/#website\"},\"primaryImageOfPage\":{\"@id\":\"https:\/\/www.fuertehoteles.com\/de\/reiseziele\/urlaub-el-rompido\/ausfluge\/#primaryimage\"},\"image\":{\"@id\":\"https:\/\/www.fuertehoteles.com\/de\/reiseziele\/urlaub-el-rompido\/ausfluge\/#primaryimage\"},\"thumbnailUrl\":\"https:\/\/www.fuertehoteles.com\/wp-content\/uploads\/2021\/11\/excursiones-en-el-rompido.jpg\",\"datePublished\":\"2021-11-26T13:49:33+00:00\",\"dateModified\":\"2021-12-21T09:54:14+00:00\",\"description\":\"El Rompido in der Provinz Huelva bietet wunderbare M\u00f6glichkeiten f\u00fcr Touren, Ausfl\u00fcge und Attraktionen f\u00fcr jedermann. Lokale Ausfl\u00fcge El Rompido.\",\"breadcrumb\":{\"@id\":\"https:\/\/www.fuertehoteles.com\/de\/reiseziele\/urlaub-el-rompido\/ausfluge\/#breadcrumb\"},\"inLanguage\":\"de\",\"potentialAction\":[{\"@type\":\"ReadAction\",\"target\":[\"https:\/\/www.fuertehoteles.com\/de\/reiseziele\/urlaub-el-rompido\/ausfluge\/\"]}]},{\"@type\":\"ImageObject\",\"inLanguage\":\"de\",\"@id\":\"https:\/\/www.fuertehoteles.com\/de\/reiseziele\/urlaub-el-rompido\/ausfluge\/#primaryimage\",\"url\":\"https:\/\/www.fuertehoteles.com\/wp-content\/uploads\/2021\/11\/excursiones-en-el-rompido.jpg\",\"contentUrl\":\"https:\/\/www.fuertehoteles.com\/wp-content\/uploads\/2021\/11\/excursiones-en-el-rompido.jpg\",\"width\":1920,\"height\":540,\"caption\":\"Excursiones en El Rompido\"},{\"@type\":\"BreadcrumbList\",\"@id\":\"https:\/\/www.fuertehoteles.com\/de\/reiseziele\/urlaub-el-rompido\/ausfluge\/#breadcrumb\",\"itemListElement\":[{\"@type\":\"ListItem\",\"position\":1,\"name\":\"Portada\",\"item\":\"https:\/\/www.fuertehoteles.com\/de\/\"},{\"@type\":\"ListItem\",\"position\":2,\"name\":\"Reiseziele\",\"item\":\"https:\/\/www.fuertehoteles.com\/de\/reiseziele\/\"},{\"@type\":\"ListItem\",\"position\":3,\"name\":\"El Rompido\",\"item\":\"https:\/\/www.fuertehoteles.com\/de\/reiseziele\/urlaub-el-rompido\/\"},{\"@type\":\"ListItem\",\"position\":4,\"name\":\"Ausfl\u00fcge\"}]},{\"@type\":\"WebSite\",\"@id\":\"https:\/\/www.fuertehoteles.com\/#website\",\"url\":\"https:\/\/www.fuertehoteles.com\/\",\"name\":\"Fuerte Hoteles\",\"description\":\"\",\"publisher\":{\"@id\":\"https:\/\/www.fuertehoteles.com\/#organization\"},\"potentialAction\":[{\"@type\":\"SearchAction\",\"target\":{\"@type\":\"EntryPoint\",\"urlTemplate\":\"https:\/\/www.fuertehoteles.com\/?s={search_term_string}\"},\"query-input\":\"required name=search_term_string\"}],\"inLanguage\":\"de\"},{\"@type\":\"Organization\",\"@id\":\"https:\/\/www.fuertehoteles.com\/#organization\",\"name\":\"Fuerte Hoteles\",\"url\":\"https:\/\/www.fuertehoteles.com\/\",\"logo\":{\"@type\":\"ImageObject\",\"inLanguage\":\"de\",\"@id\":\"https:\/\/www.fuertehoteles.com\/#\/schema\/logo\/image\/\",\"url\":\"https:\/\/www.fuertehoteles.com\/wp-content\/uploads\/2022\/09\/logo-ffhh-1.jpg\",\"contentUrl\":\"https:\/\/www.fuertehoteles.com\/wp-content\/uploads\/2022\/09\/logo-ffhh-1.jpg\",\"width\":500,\"height\":500,\"caption\":\"Fuerte Hoteles\"},\"image\":{\"@id\":\"https:\/\/www.fuertehoteles.com\/#\/schema\/logo\/image\/\"},\"sameAs\":[\"https:\/\/www.facebook.com\/HotelesFuerte\",\"https:\/\/twitter.com\/fuertehoteles\",\"https:\/\/www.instagram.com\/fuertehoteles\/\",\"https:\/\/www.linkedin.com\/company\/fuerte-hoteles\/\",\"https:\/\/www.youtube.com\/user\/fuertehoteles\",\"https:\/\/en.wikipedia.org\/wiki\/Fuerte_Hotels\"]}]}<\/script>\n<!-- \/ Yoast SEO plugin. -->","yoast_head_json":{"title":"Die sch\u00f6nsten Ausfl\u00fcge El Rompido, Huelva. Costa de la Luz","description":"El Rompido in der Provinz Huelva bietet wunderbare M\u00f6glichkeiten f\u00fcr Touren, Ausfl\u00fcge und Attraktionen f\u00fcr jedermann. Lokale Ausfl\u00fcge El Rompido.","robots":{"index":"index","follow":"follow","max-snippet":"max-snippet:-1","max-image-preview":"max-image-preview:large","max-video-preview":"max-video-preview:-1"},"canonical":"https:\/\/www.fuertehoteles.com\/de\/reiseziele\/urlaub-el-rompido\/ausfluge\/","og_locale":"de_DE","og_type":"article","og_title":"Die sch\u00f6nsten Ausfl\u00fcge El Rompido, Huelva. Costa de la Luz","og_description":"El Rompido in der Provinz Huelva bietet wunderbare M\u00f6glichkeiten f\u00fcr Touren, Ausfl\u00fcge und Attraktionen f\u00fcr jedermann. Lokale Ausfl\u00fcge El Rompido.","og_url":"https:\/\/www.fuertehoteles.com\/de\/reiseziele\/urlaub-el-rompido\/ausfluge\/","og_site_name":"Fuerte Hoteles","article_publisher":"https:\/\/www.facebook.com\/HotelesFuerte","article_modified_time":"2021-12-21T09:54:14+00:00","og_image":[{"width":1920,"height":540,"url":"https:\/\/www.fuertehoteles.com\/wp-content\/uploads\/2021\/11\/excursiones-en-el-rompido.jpg","type":"image\/jpeg"}],"twitter_card":"summary_large_image","twitter_site":"@fuertehoteles","twitter_misc":{"Gesch\u00e4tzte Lesezeit":"7\u00a0Minuten"},"schema":{"@context":"https:\/\/schema.org","@graph":[{"@type":"WebPage","@id":"https:\/\/www.fuertehoteles.com\/de\/reiseziele\/urlaub-el-rompido\/ausfluge\/","url":"https:\/\/www.fuertehoteles.com\/de\/reiseziele\/urlaub-el-rompido\/ausfluge\/","name":"Die sch\u00f6nsten Ausfl\u00fcge El Rompido, Huelva. Costa de la Luz","isPartOf":{"@id":"https:\/\/www.fuertehoteles.com\/#website"},"primaryImageOfPage":{"@id":"https:\/\/www.fuertehoteles.com\/de\/reiseziele\/urlaub-el-rompido\/ausfluge\/#primaryimage"},"image":{"@id":"https:\/\/www.fuertehoteles.com\/de\/reiseziele\/urlaub-el-rompido\/ausfluge\/#primaryimage"},"thumbnailUrl":"https:\/\/www.fuertehoteles.com\/wp-content\/uploads\/2021\/11\/excursiones-en-el-rompido.jpg","datePublished":"2021-11-26T13:49:33+00:00","dateModified":"2021-12-21T09:54:14+00:00","description":"El Rompido in der Provinz Huelva bietet wunderbare M\u00f6glichkeiten f\u00fcr Touren, Ausfl\u00fcge und Attraktionen f\u00fcr jedermann. Lokale Ausfl\u00fcge El Rompido.","breadcrumb":{"@id":"https:\/\/www.fuertehoteles.com\/de\/reiseziele\/urlaub-el-rompido\/ausfluge\/#breadcrumb"},"inLanguage":"de","potentialAction":[{"@type":"ReadAction","target":["https:\/\/www.fuertehoteles.com\/de\/reiseziele\/urlaub-el-rompido\/ausfluge\/"]}]},{"@type":"ImageObject","inLanguage":"de","@id":"https:\/\/www.fuertehoteles.com\/de\/reiseziele\/urlaub-el-rompido\/ausfluge\/#primaryimage","url":"https:\/\/www.fuertehoteles.com\/wp-content\/uploads\/2021\/11\/excursiones-en-el-rompido.jpg","contentUrl":"https:\/\/www.fuertehoteles.com\/wp-content\/uploads\/2021\/11\/excursiones-en-el-rompido.jpg","width":1920,"height":540,"caption":"Excursiones en El Rompido"},{"@type":"BreadcrumbList","@id":"https:\/\/www.fuertehoteles.com\/de\/reiseziele\/urlaub-el-rompido\/ausfluge\/#breadcrumb","itemListElement":[{"@type":"ListItem","position":1,"name":"Portada","item":"https:\/\/www.fuertehoteles.com\/de\/"},{"@type":"ListItem","position":2,"name":"Reiseziele","item":"https:\/\/www.fuertehoteles.com\/de\/reiseziele\/"},{"@type":"ListItem","position":3,"name":"El Rompido","item":"https:\/\/www.fuertehoteles.com\/de\/reiseziele\/urlaub-el-rompido\/"},{"@type":"ListItem","position":4,"name":"Ausfl\u00fcge"}]},{"@type":"WebSite","@id":"https:\/\/www.fuertehoteles.com\/#website","url":"https:\/\/www.fuertehoteles.com\/","name":"Fuerte Hoteles","description":"","publisher":{"@id":"https:\/\/www.fuertehoteles.com\/#organization"},"potentialAction":[{"@type":"SearchAction","target":{"@type":"EntryPoint","urlTemplate":"https:\/\/www.fuertehoteles.com\/?s={search_term_string}"},"query-input":"required name=search_term_string"}],"inLanguage":"de"},{"@type":"Organization","@id":"https:\/\/www.fuertehoteles.com\/#organization","name":"Fuerte Hoteles","url":"https:\/\/www.fuertehoteles.com\/","logo":{"@type":"ImageObject","inLanguage":"de","@id":"https:\/\/www.fuertehoteles.com\/#\/schema\/logo\/image\/","url":"https:\/\/www.fuertehoteles.com\/wp-content\/uploads\/2022\/09\/logo-ffhh-1.jpg","contentUrl":"https:\/\/www.fuertehoteles.com\/wp-content\/uploads\/2022\/09\/logo-ffhh-1.jpg","width":500,"height":500,"caption":"Fuerte Hoteles"},"image":{"@id":"https:\/\/www.fuertehoteles.com\/#\/schema\/logo\/image\/"},"sameAs":["https:\/\/www.facebook.com\/HotelesFuerte","https:\/\/twitter.com\/fuertehoteles","https:\/\/www.instagram.com\/fuertehoteles\/","https:\/\/www.linkedin.com\/company\/fuerte-hoteles\/","https:\/\/www.youtube.com\/user\/fuertehoteles","https:\/\/en.wikipedia.org\/wiki\/Fuerte_Hotels"]}]}},"_links":{"self":[{"href":"https:\/\/www.fuertehoteles.com\/de\/wp-json\/wp\/v2\/pages\/4686","targetHints":{"allow":["GET"]}}],"collection":[{"href":"https:\/\/www.fuertehoteles.com\/de\/wp-json\/wp\/v2\/pages"}],"about":[{"href":"https:\/\/www.fuertehoteles.com\/de\/wp-json\/wp\/v2\/types\/page"}],"author":[{"embeddable":true,"href":"https:\/\/www.fuertehoteles.com\/de\/wp-json\/wp\/v2\/users\/6"}],"replies":[{"embeddable":true,"href":"https:\/\/www.fuertehoteles.com\/de\/wp-json\/wp\/v2\/comments?post=4686"}],"version-history":[{"count":0,"href":"https:\/\/www.fuertehoteles.com\/de\/wp-json\/wp\/v2\/pages\/4686\/revisions"}],"up":[{"embeddable":true,"href":"https:\/\/www.fuertehoteles.com\/de\/wp-json\/wp\/v2\/pages\/4579"}],"wp:featuredmedia":[{"embeddable":true,"href":"https:\/\/www.fuertehoteles.com\/de\/wp-json\/wp\/v2\/media\/1650"}],"wp:attachment":[{"href":"https:\/\/www.fuertehoteles.com\/de\/wp-json\/wp\/v2\/media?parent=4686"}],"curies":[{"name":"wp","href":"https:\/\/api.w.org\/{rel}","templated":true}]}}