{"id":4731,"date":"2021-11-26T14:47:11","date_gmt":"2021-11-26T13:47:11","guid":{"rendered":"https:\/\/www.fuertehoteles.com\/reiseziele\/urlaub-el-rompido\/donde-comer\/"},"modified":"2021-12-21T11:25:19","modified_gmt":"2021-12-21T10:25:19","slug":"wo-essen-gehen","status":"publish","type":"page","link":"https:\/\/www.fuertehoteles.com\/de\/reiseziele\/urlaub-el-rompido\/wo-essen-gehen\/","title":{"rendered":"Gastronomie"},"content":{"rendered":"[vc_row][vc_column el_class=&#8220;destination-content&#8220;][vc_column_text]\n<h1>Die besten Gerichte und Restaurants El Rompido<\/h1>\n<p>Die <strong>Frische der Meeresprodukte<\/strong> und der intensive Geschmack der Wurstwaren sind sicherlich die zwei H\u00f6hepunkte der Gastronomie von <strong>El Rompido<\/strong>.<\/p>\n<p>Entfernungen vom <a href=\"https:\/\/www.fuertehoteles.com\/de\/hotels\/fuerte-rompido-cartaya\/das-hotel\/\"><strong>Hotel Fuerte El Rompido<\/strong><\/a><\/p>\n<h2>Wei\u00dfe Krabbe und Schinken aus Jabugo<\/h2>\n<p>Die wei\u00dfen Krabben, Garnelen, Tintenfisch, an Land gebrachte Meeresfr\u00fcchte, Fischkrapfen, Krake und Kabeljau kommen mit unterschiedlichen Zubereitungen auf den Tisch, um den anspruchsvollsten Gaumen gerecht zu werden. Dabei d\u00fcrfen wir den Jabugo Schinken nicht vergessen, der zu den K\u00f6stlichkeiten der Provinz Huelva geh\u00f6rt.<\/p>\n<h2>Fruchtige Weine<\/h2>\n<p>Sie sollten die fruchtigen Weine dieser Region sowie seine ber\u00fchmten Brandys aus La Palma oder die Anisschn\u00e4pse probieren.<\/p>\n<h2>Restaurants<\/h2>\n<p>Unter den Restaurants empfehlen wir folgende:<\/p>\n<h2>El Rompido<\/h2>\n<h3>Restaurant Casa El Palo (4 Min. zu Fu\u00df)<\/h3>\n<p>Dieses Restaurant liegt neben dem Hotel Fuerte El Rompido und ist auf Fisch- und Reisgerichte spezialisiert.<\/p>\n<h3>Restaurant Caribe II (5 Min. zu Fu\u00df)<\/h3>\n<p>Dieses Restaurant liegt neben dem Hotel Fuerte El Rompido und hat sich auf frittierten Fisch und frische Meeresfr\u00fcchte spezialisiert.<\/p>\n<h3>Restaurant Do\u00f1a Gamba (7 Min. zu Fu\u00df)<\/h3>\n<p>Perfektes Restaurant, um g\u00fcnstig Tapas zu genie\u00dfen und die tollen Meeresfr\u00fcchte dieses Gebiets am Piedras Fluss zu probieren.<\/p>\n<h3>Restaurant La Parra (5 Min. zu Fu\u00df)<\/h3>\n<p>Das Restaurant La Parra bietet seinen G\u00e4sten ein ruhiges und seem\u00e4nnisches Ambiente. Zu seinen Spezialit\u00e4ten geh\u00f6ren Fisch und vor allem Krabben und Tintenfische sowie die hausgemachten Nachtische.<\/p>\n<h3>Restaurant El Rinc\u00f3n de Pescadores (5 Min. zu Fu\u00df)<\/h3>\n<p>Hier kommt t\u00e4glich aus der Fischhalle, wobei unter den tollsten Gerichten der Zackenbarsch auf Seemannsart, der gef\u00fcllte Tintenfisch und der mit vier K\u00e4sesorten gratinierte Kabeljau hervorstechen.<\/p>\n<h3>Restaurant Paseo Mar\u00edtimo (5 Min. zu Fu\u00df)<\/h3>\n<p>Es liegt auf der Strandpromenade von El Rompido und bietet einen herrlichen Blick. Man hat sich auf Hausgemachtes spezialisiert wobei das Bauchfleisch vom Thunfisch und die R\u00fchreier mit Pilzen besonders zu erw\u00e4hnen sind.<\/p>\n<h2>Cartaya<\/h2>\n<h3>Restaurant C\u00e9sar (15 Min. zu Fu\u00df)<\/h3>\n<p>Im Bar Restaurant C\u00e9sar k\u00f6nnen Sie die typischen Gerichte der Kreativk\u00fcche des Autors probieren, bei der auf Tradition geachtet wird und somit den Fisch zum Hauptdarsteller macht.<\/p>\n<h2>Huelva<\/h2>\n<h2>Restaurante Acanthum (30 Min. mit dem Auto)<\/h2>\n<p>Dieses anerkannte <a href=\"http:\/\/www.acanthum.com\/\" target=\"_blank\" rel=\"noopener\">Restaurant<\/a> bietet eine qualitative und traditionelle Gastronomie mit einer Note an Kreativit\u00e4t.[\/vc_column_text][\/vc_column][\/vc_row]\n","protected":false},"excerpt":{"rendered":"<p>[vc_row][vc_column el_class=&#8220;destination-content&#8220;][vc_column_text] Die besten Gerichte und Restaurants El Rompido Die Frische der Meeresprodukte und der intensive Geschmack der Wurstwaren sind sicherlich die zwei H\u00f6hepunkte der Gastronomie von El Rompido. Entfernungen vom Hotel Fuerte El Rompido Wei\u00dfe Krabbe und Schinken aus Jabugo Die wei\u00dfen Krabben, Garnelen, Tintenfisch, an Land gebrachte Meeresfr\u00fcchte, Fischkrapfen, Krake und Kabeljau kommen<\/p>\n","protected":false},"author":6,"featured_media":1646,"parent":4579,"menu_order":0,"comment_status":"closed","ping_status":"closed","template":"templates\/destination-subpages.php","meta":{"footnotes":""},"class_list":["post-4731","page","type-page","status-publish","hentry"],"yoast_head":"<!-- This site is optimized with the Yoast SEO plugin v22.4 - https:\/\/yoast.com\/wordpress\/plugins\/seo\/ -->\n<title>Die besten Gerichte und Restaurants El Rompido, Huelva<\/title>\n<meta name=\"description\" content=\"Die Frische der Meeresfr\u00fcchte und das Aroma des Schinken sind die zwei Stars der K\u00fcche von El Rompido. Die besten Gerichte und Restaurants El Rompido\" \/>\n<meta name=\"robots\" content=\"index, follow, max-snippet:-1, max-image-preview:large, max-video-preview:-1\" \/>\n<link rel=\"canonical\" href=\"https:\/\/www.fuertehoteles.com\/de\/reiseziele\/urlaub-el-rompido\/wo-essen-gehen\/\" \/>\n<meta property=\"og:locale\" content=\"de_DE\" \/>\n<meta property=\"og:type\" content=\"article\" \/>\n<meta property=\"og:title\" content=\"Die besten Gerichte und Restaurants El Rompido, Huelva\" \/>\n<meta property=\"og:description\" content=\"Die Frische der Meeresfr\u00fcchte und das Aroma des Schinken sind die zwei Stars der K\u00fcche von El Rompido. Die besten Gerichte und Restaurants El Rompido\" \/>\n<meta property=\"og:url\" content=\"https:\/\/www.fuertehoteles.com\/de\/reiseziele\/urlaub-el-rompido\/wo-essen-gehen\/\" \/>\n<meta property=\"og:site_name\" content=\"Fuerte Hoteles\" \/>\n<meta property=\"article:publisher\" content=\"https:\/\/www.facebook.com\/HotelesFuerte\" \/>\n<meta property=\"article:modified_time\" content=\"2021-12-21T10:25:19+00:00\" \/>\n<meta property=\"og:image\" content=\"https:\/\/www.fuertehoteles.com\/wp-content\/uploads\/2021\/11\/donde-comer-el-rompido-2.jpg\" \/>\n\t<meta property=\"og:image:width\" content=\"1920\" \/>\n\t<meta property=\"og:image:height\" content=\"540\" \/>\n\t<meta property=\"og:image:type\" content=\"image\/jpeg\" \/>\n<meta name=\"twitter:card\" content=\"summary_large_image\" \/>\n<meta name=\"twitter:site\" content=\"@fuertehoteles\" \/>\n<meta name=\"twitter:label1\" content=\"Gesch\u00e4tzte Lesezeit\" \/>\n\t<meta name=\"twitter:data1\" content=\"2\u00a0Minuten\" \/>\n<script type=\"application\/ld+json\" class=\"yoast-schema-graph\">{\"@context\":\"https:\/\/schema.org\",\"@graph\":[{\"@type\":\"WebPage\",\"@id\":\"https:\/\/www.fuertehoteles.com\/de\/reiseziele\/urlaub-el-rompido\/wo-essen-gehen\/\",\"url\":\"https:\/\/www.fuertehoteles.com\/de\/reiseziele\/urlaub-el-rompido\/wo-essen-gehen\/\",\"name\":\"Die besten Gerichte und Restaurants El Rompido, Huelva\",\"isPartOf\":{\"@id\":\"https:\/\/www.fuertehoteles.com\/#website\"},\"primaryImageOfPage\":{\"@id\":\"https:\/\/www.fuertehoteles.com\/de\/reiseziele\/urlaub-el-rompido\/wo-essen-gehen\/#primaryimage\"},\"image\":{\"@id\":\"https:\/\/www.fuertehoteles.com\/de\/reiseziele\/urlaub-el-rompido\/wo-essen-gehen\/#primaryimage\"},\"thumbnailUrl\":\"https:\/\/www.fuertehoteles.com\/wp-content\/uploads\/2021\/11\/donde-comer-el-rompido-2.jpg\",\"datePublished\":\"2021-11-26T13:47:11+00:00\",\"dateModified\":\"2021-12-21T10:25:19+00:00\",\"description\":\"Die Frische der Meeresfr\u00fcchte und das Aroma des Schinken sind die zwei Stars der K\u00fcche von El Rompido. Die besten Gerichte und Restaurants El Rompido\",\"breadcrumb\":{\"@id\":\"https:\/\/www.fuertehoteles.com\/de\/reiseziele\/urlaub-el-rompido\/wo-essen-gehen\/#breadcrumb\"},\"inLanguage\":\"de\",\"potentialAction\":[{\"@type\":\"ReadAction\",\"target\":[\"https:\/\/www.fuertehoteles.com\/de\/reiseziele\/urlaub-el-rompido\/wo-essen-gehen\/\"]}]},{\"@type\":\"ImageObject\",\"inLanguage\":\"de\",\"@id\":\"https:\/\/www.fuertehoteles.com\/de\/reiseziele\/urlaub-el-rompido\/wo-essen-gehen\/#primaryimage\",\"url\":\"https:\/\/www.fuertehoteles.com\/wp-content\/uploads\/2021\/11\/donde-comer-el-rompido-2.jpg\",\"contentUrl\":\"https:\/\/www.fuertehoteles.com\/wp-content\/uploads\/2021\/11\/donde-comer-el-rompido-2.jpg\",\"width\":1920,\"height\":540,\"caption\":\"Donde comer en El Rompido\"},{\"@type\":\"BreadcrumbList\",\"@id\":\"https:\/\/www.fuertehoteles.com\/de\/reiseziele\/urlaub-el-rompido\/wo-essen-gehen\/#breadcrumb\",\"itemListElement\":[{\"@type\":\"ListItem\",\"position\":1,\"name\":\"Portada\",\"item\":\"https:\/\/www.fuertehoteles.com\/de\/\"},{\"@type\":\"ListItem\",\"position\":2,\"name\":\"Reiseziele\",\"item\":\"https:\/\/www.fuertehoteles.com\/de\/reiseziele\/\"},{\"@type\":\"ListItem\",\"position\":3,\"name\":\"El Rompido\",\"item\":\"https:\/\/www.fuertehoteles.com\/de\/reiseziele\/urlaub-el-rompido\/\"},{\"@type\":\"ListItem\",\"position\":4,\"name\":\"Gastronomie\"}]},{\"@type\":\"WebSite\",\"@id\":\"https:\/\/www.fuertehoteles.com\/#website\",\"url\":\"https:\/\/www.fuertehoteles.com\/\",\"name\":\"Fuerte Hoteles\",\"description\":\"\",\"publisher\":{\"@id\":\"https:\/\/www.fuertehoteles.com\/#organization\"},\"potentialAction\":[{\"@type\":\"SearchAction\",\"target\":{\"@type\":\"EntryPoint\",\"urlTemplate\":\"https:\/\/www.fuertehoteles.com\/?s={search_term_string}\"},\"query-input\":\"required name=search_term_string\"}],\"inLanguage\":\"de\"},{\"@type\":\"Organization\",\"@id\":\"https:\/\/www.fuertehoteles.com\/#organization\",\"name\":\"Fuerte Hoteles\",\"url\":\"https:\/\/www.fuertehoteles.com\/\",\"logo\":{\"@type\":\"ImageObject\",\"inLanguage\":\"de\",\"@id\":\"https:\/\/www.fuertehoteles.com\/#\/schema\/logo\/image\/\",\"url\":\"https:\/\/www.fuertehoteles.com\/wp-content\/uploads\/2022\/09\/logo-ffhh-1.jpg\",\"contentUrl\":\"https:\/\/www.fuertehoteles.com\/wp-content\/uploads\/2022\/09\/logo-ffhh-1.jpg\",\"width\":500,\"height\":500,\"caption\":\"Fuerte Hoteles\"},\"image\":{\"@id\":\"https:\/\/www.fuertehoteles.com\/#\/schema\/logo\/image\/\"},\"sameAs\":[\"https:\/\/www.facebook.com\/HotelesFuerte\",\"https:\/\/twitter.com\/fuertehoteles\",\"https:\/\/www.instagram.com\/fuertehoteles\/\",\"https:\/\/www.linkedin.com\/company\/fuerte-hoteles\/\",\"https:\/\/www.youtube.com\/user\/fuertehoteles\",\"https:\/\/en.wikipedia.org\/wiki\/Fuerte_Hotels\"]}]}<\/script>\n<!-- \/ Yoast SEO plugin. -->","yoast_head_json":{"title":"Die besten Gerichte und Restaurants El Rompido, Huelva","description":"Die Frische der Meeresfr\u00fcchte und das Aroma des Schinken sind die zwei Stars der K\u00fcche von El Rompido. Die besten Gerichte und Restaurants El Rompido","robots":{"index":"index","follow":"follow","max-snippet":"max-snippet:-1","max-image-preview":"max-image-preview:large","max-video-preview":"max-video-preview:-1"},"canonical":"https:\/\/www.fuertehoteles.com\/de\/reiseziele\/urlaub-el-rompido\/wo-essen-gehen\/","og_locale":"de_DE","og_type":"article","og_title":"Die besten Gerichte und Restaurants El Rompido, Huelva","og_description":"Die Frische der Meeresfr\u00fcchte und das Aroma des Schinken sind die zwei Stars der K\u00fcche von El Rompido. Die besten Gerichte und Restaurants El Rompido","og_url":"https:\/\/www.fuertehoteles.com\/de\/reiseziele\/urlaub-el-rompido\/wo-essen-gehen\/","og_site_name":"Fuerte Hoteles","article_publisher":"https:\/\/www.facebook.com\/HotelesFuerte","article_modified_time":"2021-12-21T10:25:19+00:00","og_image":[{"width":1920,"height":540,"url":"https:\/\/www.fuertehoteles.com\/wp-content\/uploads\/2021\/11\/donde-comer-el-rompido-2.jpg","type":"image\/jpeg"}],"twitter_card":"summary_large_image","twitter_site":"@fuertehoteles","twitter_misc":{"Gesch\u00e4tzte Lesezeit":"2\u00a0Minuten"},"schema":{"@context":"https:\/\/schema.org","@graph":[{"@type":"WebPage","@id":"https:\/\/www.fuertehoteles.com\/de\/reiseziele\/urlaub-el-rompido\/wo-essen-gehen\/","url":"https:\/\/www.fuertehoteles.com\/de\/reiseziele\/urlaub-el-rompido\/wo-essen-gehen\/","name":"Die besten Gerichte und Restaurants El Rompido, Huelva","isPartOf":{"@id":"https:\/\/www.fuertehoteles.com\/#website"},"primaryImageOfPage":{"@id":"https:\/\/www.fuertehoteles.com\/de\/reiseziele\/urlaub-el-rompido\/wo-essen-gehen\/#primaryimage"},"image":{"@id":"https:\/\/www.fuertehoteles.com\/de\/reiseziele\/urlaub-el-rompido\/wo-essen-gehen\/#primaryimage"},"thumbnailUrl":"https:\/\/www.fuertehoteles.com\/wp-content\/uploads\/2021\/11\/donde-comer-el-rompido-2.jpg","datePublished":"2021-11-26T13:47:11+00:00","dateModified":"2021-12-21T10:25:19+00:00","description":"Die Frische der Meeresfr\u00fcchte und das Aroma des Schinken sind die zwei Stars der K\u00fcche von El Rompido. Die besten Gerichte und Restaurants El Rompido","breadcrumb":{"@id":"https:\/\/www.fuertehoteles.com\/de\/reiseziele\/urlaub-el-rompido\/wo-essen-gehen\/#breadcrumb"},"inLanguage":"de","potentialAction":[{"@type":"ReadAction","target":["https:\/\/www.fuertehoteles.com\/de\/reiseziele\/urlaub-el-rompido\/wo-essen-gehen\/"]}]},{"@type":"ImageObject","inLanguage":"de","@id":"https:\/\/www.fuertehoteles.com\/de\/reiseziele\/urlaub-el-rompido\/wo-essen-gehen\/#primaryimage","url":"https:\/\/www.fuertehoteles.com\/wp-content\/uploads\/2021\/11\/donde-comer-el-rompido-2.jpg","contentUrl":"https:\/\/www.fuertehoteles.com\/wp-content\/uploads\/2021\/11\/donde-comer-el-rompido-2.jpg","width":1920,"height":540,"caption":"Donde comer en El Rompido"},{"@type":"BreadcrumbList","@id":"https:\/\/www.fuertehoteles.com\/de\/reiseziele\/urlaub-el-rompido\/wo-essen-gehen\/#breadcrumb","itemListElement":[{"@type":"ListItem","position":1,"name":"Portada","item":"https:\/\/www.fuertehoteles.com\/de\/"},{"@type":"ListItem","position":2,"name":"Reiseziele","item":"https:\/\/www.fuertehoteles.com\/de\/reiseziele\/"},{"@type":"ListItem","position":3,"name":"El Rompido","item":"https:\/\/www.fuertehoteles.com\/de\/reiseziele\/urlaub-el-rompido\/"},{"@type":"ListItem","position":4,"name":"Gastronomie"}]},{"@type":"WebSite","@id":"https:\/\/www.fuertehoteles.com\/#website","url":"https:\/\/www.fuertehoteles.com\/","name":"Fuerte Hoteles","description":"","publisher":{"@id":"https:\/\/www.fuertehoteles.com\/#organization"},"potentialAction":[{"@type":"SearchAction","target":{"@type":"EntryPoint","urlTemplate":"https:\/\/www.fuertehoteles.com\/?s={search_term_string}"},"query-input":"required name=search_term_string"}],"inLanguage":"de"},{"@type":"Organization","@id":"https:\/\/www.fuertehoteles.com\/#organization","name":"Fuerte Hoteles","url":"https:\/\/www.fuertehoteles.com\/","logo":{"@type":"ImageObject","inLanguage":"de","@id":"https:\/\/www.fuertehoteles.com\/#\/schema\/logo\/image\/","url":"https:\/\/www.fuertehoteles.com\/wp-content\/uploads\/2022\/09\/logo-ffhh-1.jpg","contentUrl":"https:\/\/www.fuertehoteles.com\/wp-content\/uploads\/2022\/09\/logo-ffhh-1.jpg","width":500,"height":500,"caption":"Fuerte Hoteles"},"image":{"@id":"https:\/\/www.fuertehoteles.com\/#\/schema\/logo\/image\/"},"sameAs":["https:\/\/www.facebook.com\/HotelesFuerte","https:\/\/twitter.com\/fuertehoteles","https:\/\/www.instagram.com\/fuertehoteles\/","https:\/\/www.linkedin.com\/company\/fuerte-hoteles\/","https:\/\/www.youtube.com\/user\/fuertehoteles","https:\/\/en.wikipedia.org\/wiki\/Fuerte_Hotels"]}]}},"_links":{"self":[{"href":"https:\/\/www.fuertehoteles.com\/de\/wp-json\/wp\/v2\/pages\/4731","targetHints":{"allow":["GET"]}}],"collection":[{"href":"https:\/\/www.fuertehoteles.com\/de\/wp-json\/wp\/v2\/pages"}],"about":[{"href":"https:\/\/www.fuertehoteles.com\/de\/wp-json\/wp\/v2\/types\/page"}],"author":[{"embeddable":true,"href":"https:\/\/www.fuertehoteles.com\/de\/wp-json\/wp\/v2\/users\/6"}],"replies":[{"embeddable":true,"href":"https:\/\/www.fuertehoteles.com\/de\/wp-json\/wp\/v2\/comments?post=4731"}],"version-history":[{"count":0,"href":"https:\/\/www.fuertehoteles.com\/de\/wp-json\/wp\/v2\/pages\/4731\/revisions"}],"up":[{"embeddable":true,"href":"https:\/\/www.fuertehoteles.com\/de\/wp-json\/wp\/v2\/pages\/4579"}],"wp:featuredmedia":[{"embeddable":true,"href":"https:\/\/www.fuertehoteles.com\/de\/wp-json\/wp\/v2\/media\/1646"}],"wp:attachment":[{"href":"https:\/\/www.fuertehoteles.com\/de\/wp-json\/wp\/v2\/media?parent=4731"}],"curies":[{"name":"wp","href":"https:\/\/api.w.org\/{rel}","templated":true}]}}