{"id":4766,"date":"2021-11-26T14:54:16","date_gmt":"2021-11-26T13:54:16","guid":{"rendered":"https:\/\/www.fuertehoteles.com\/reiseziele\/grazalema-urlaub\/casco-antiguo\/"},"modified":"2021-12-21T12:05:08","modified_gmt":"2021-12-21T11:05:08","slug":"altstadt","status":"publish","type":"page","link":"https:\/\/www.fuertehoteles.com\/de\/reiseziele\/grazalema-urlaub\/altstadt\/","title":{"rendered":"Altstadt"},"content":{"rendered":"[vc_row][vc_column el_class=&#8220;destination-content&#8220;][vc_column_text]\n<h1>Das Beste aus der Altstadt von Grazalema<\/h1>\n<p><strong>Grazalema<\/strong> ist nicht nur ein einzigartiges <strong>Naturgebiet in Spanien<\/strong>, sondern auch einer der sch\u00f6nsten Orte der <strong>Route der wei\u00dfen D\u00f6rfer<\/strong>. Als Anerkennung wurde Grazalema mit dem Nationalpreis f\u00fcr Versch\u00f6nerungen ausgezeichnet und geh\u00f6rt mit seinen engen, gepflasterten Gassen zum Pflichtprogramm jedes Besuchers, der hier die wei\u00df get\u00fcnchten H\u00e4user  mit ihren Geranien und Bougainvilles genie\u00dfen m\u00f6chte.<\/p>\n<p><strong>Besichtigungen<\/strong> (Entfernungen vom <strong><a href=\"https:\/\/www.fuertehoteles.com\/de\/hotels\/fuerte-grazalema\/das-hotel\/\">Hotel Fuerte Grazalema<\/a><\/strong>)<\/p>\n<h3>Plaza de Espa\u00f1a und Rathaus (5 Minuten mit dem Auto)<\/h3>\n<p>Die von den Arabern angelegten Gassen Grazalemas f\u00fchren Sie in das neuralgische Ortszentrum, der <strong><em>Plaza de Espa\u00f1a<\/em>, <\/strong>auf der sich das Wahrzeichen des alten Glanzes erhebt: die <strong>Kirche <em>Nuestra Se\u00f1ora de la Aurora<\/em><\/strong>. Hier muss auch das Rathaus erw\u00e4hnt werden, das mit seinen von andalusischen Balkons gekr\u00f6nten Bogeng\u00e4ngen einen ganz besonderen Charme ausstrahlt.<\/p>\n<h3>Kirche Nuestra Se\u00f1ora de la Aurora (5 Minuten mit dem Auto)<\/h3>\n<p>Dieses religi\u00f6se Denkmal aus dem XVIII Jahrhundert sticht aufgrund seines achteckigen Grundrisses und der Trommelkuppel hervor. Es ist zweifelsohne das bedeutendste Geb\u00e4ude der gesamten historischen Anlage. Auch die <strong>Kirche<em>San Jos\u00e9<\/em><\/strong> ist mit ihren mittelalterlichen Gem\u00e4lden einen Besuch wert.<\/p>\n<h3>Aussichtspunkte (5 Minuten mit dem Auto)<\/h3>\n<p>Von den verschiedenen Aussichtspunkten des Ortes (<em>Mirador de los Asomaderos, Mirador El Tajo, Los Pe\u00f1ascos<\/em> und <em>Villa Tur\u00edstica<\/em>) hat man einen tollen Blick \u00fcber den gr\u00f6\u00dften Schatz, den Grazalema anzubieten hat: der Naturpark.<\/p>\n<h3>Textiles Kunsthandwerksmuseum (5 Minuten mit dem Auto)<\/h3>\n<p>Hier wurden alte Gebrauchsgegenst\u00e4nde konserviert, die man zum Bearbeiten der Stoffe ben\u00f6tigte. Bereits im XVII Jahrhundert war <strong>Grazalema<\/strong> durch sein Textilgewerbe und vor allem wegen seiner Decken bekannt.<\/p>\n<h2>Weitere Sehenswerte Pl\u00e4tze<\/h2>\n<h3>Spa (5 Minuten mit dem Auto)<\/h3>\n<p>Wenn Sie sich inmitten der Natur entspannen wollen, dann d\u00fcrfen Sie nicht vergessen, dass es in Grazalema ein Spa gibt, das in einem privilegierten Umfeld liegt.<\/p>\n<h3>Deckenfabrik (6 Minuten mit dem Auto)<\/h3>\n<p>Die traditionelle <strong>Deckenfabrik <\/strong>ist sicherlich ein au\u00dfergew\u00f6hnlicher Ausflug. Hier werden die Decken noch in  absoluter Handarbeit hergestellt.[\/vc_column_text][\/vc_column][\/vc_row]\n","protected":false},"excerpt":{"rendered":"<p>[vc_row][vc_column el_class=&#8220;destination-content&#8220;][vc_column_text] Das Beste aus der Altstadt von Grazalema Grazalema ist nicht nur ein einzigartiges Naturgebiet in Spanien, sondern auch einer der sch\u00f6nsten Orte der Route der wei\u00dfen D\u00f6rfer. Als Anerkennung wurde Grazalema mit dem Nationalpreis f\u00fcr Versch\u00f6nerungen ausgezeichnet und geh\u00f6rt mit seinen engen, gepflasterten Gassen zum Pflichtprogramm jedes Besuchers, der hier die wei\u00df get\u00fcnchten<\/p>\n","protected":false},"author":6,"featured_media":1673,"parent":4744,"menu_order":0,"comment_status":"closed","ping_status":"closed","template":"templates\/destination-subpages.php","meta":{"footnotes":""},"class_list":["post-4766","page","type-page","status-publish","hentry"],"yoast_head":"<!-- This site is optimized with the Yoast SEO plugin v22.4 - https:\/\/yoast.com\/wordpress\/plugins\/seo\/ -->\n<title>Altstadt von Grazalema, Wei\u00dfes Dorf Grazalema Andalusien<\/title>\n<meta name=\"description\" content=\"Grazalema ist nicht nur ein einzigartiges Naturgebiet in Spanien, sondern auch einer der sch\u00f6nsten Orte der Route der wei\u00dfen D\u00f6rfer. Altstadt von Grazalema.\" \/>\n<meta name=\"robots\" content=\"index, follow, max-snippet:-1, max-image-preview:large, max-video-preview:-1\" \/>\n<link rel=\"canonical\" href=\"https:\/\/www.fuertehoteles.com\/de\/reiseziele\/grazalema-urlaub\/altstadt\/\" \/>\n<meta property=\"og:locale\" content=\"de_DE\" \/>\n<meta property=\"og:type\" content=\"article\" \/>\n<meta property=\"og:title\" content=\"Altstadt von Grazalema, Wei\u00dfes Dorf Grazalema Andalusien\" \/>\n<meta property=\"og:description\" content=\"Grazalema ist nicht nur ein einzigartiges Naturgebiet in Spanien, sondern auch einer der sch\u00f6nsten Orte der Route der wei\u00dfen D\u00f6rfer. Altstadt von Grazalema.\" \/>\n<meta property=\"og:url\" content=\"https:\/\/www.fuertehoteles.com\/de\/reiseziele\/grazalema-urlaub\/altstadt\/\" \/>\n<meta property=\"og:site_name\" content=\"Fuerte Hoteles\" \/>\n<meta property=\"article:publisher\" content=\"https:\/\/www.facebook.com\/HotelesFuerte\" \/>\n<meta property=\"article:modified_time\" content=\"2021-12-21T11:05:08+00:00\" \/>\n<meta property=\"og:image\" content=\"https:\/\/www.fuertehoteles.com\/wp-content\/uploads\/2021\/11\/grazalema-casco-antiguo.jpg\" \/>\n\t<meta property=\"og:image:width\" content=\"1920\" \/>\n\t<meta property=\"og:image:height\" content=\"540\" \/>\n\t<meta property=\"og:image:type\" content=\"image\/jpeg\" \/>\n<meta name=\"twitter:card\" content=\"summary_large_image\" \/>\n<meta name=\"twitter:site\" content=\"@fuertehoteles\" \/>\n<meta name=\"twitter:label1\" content=\"Gesch\u00e4tzte Lesezeit\" \/>\n\t<meta name=\"twitter:data1\" content=\"2\u00a0Minuten\" \/>\n<script type=\"application\/ld+json\" class=\"yoast-schema-graph\">{\"@context\":\"https:\/\/schema.org\",\"@graph\":[{\"@type\":\"WebPage\",\"@id\":\"https:\/\/www.fuertehoteles.com\/de\/reiseziele\/grazalema-urlaub\/altstadt\/\",\"url\":\"https:\/\/www.fuertehoteles.com\/de\/reiseziele\/grazalema-urlaub\/altstadt\/\",\"name\":\"Altstadt von Grazalema, Wei\u00dfes Dorf Grazalema Andalusien\",\"isPartOf\":{\"@id\":\"https:\/\/www.fuertehoteles.com\/#website\"},\"primaryImageOfPage\":{\"@id\":\"https:\/\/www.fuertehoteles.com\/de\/reiseziele\/grazalema-urlaub\/altstadt\/#primaryimage\"},\"image\":{\"@id\":\"https:\/\/www.fuertehoteles.com\/de\/reiseziele\/grazalema-urlaub\/altstadt\/#primaryimage\"},\"thumbnailUrl\":\"https:\/\/www.fuertehoteles.com\/wp-content\/uploads\/2021\/11\/grazalema-casco-antiguo.jpg\",\"datePublished\":\"2021-11-26T13:54:16+00:00\",\"dateModified\":\"2021-12-21T11:05:08+00:00\",\"description\":\"Grazalema ist nicht nur ein einzigartiges Naturgebiet in Spanien, sondern auch einer der sch\u00f6nsten Orte der Route der wei\u00dfen D\u00f6rfer. Altstadt von Grazalema.\",\"breadcrumb\":{\"@id\":\"https:\/\/www.fuertehoteles.com\/de\/reiseziele\/grazalema-urlaub\/altstadt\/#breadcrumb\"},\"inLanguage\":\"de\",\"potentialAction\":[{\"@type\":\"ReadAction\",\"target\":[\"https:\/\/www.fuertehoteles.com\/de\/reiseziele\/grazalema-urlaub\/altstadt\/\"]}]},{\"@type\":\"ImageObject\",\"inLanguage\":\"de\",\"@id\":\"https:\/\/www.fuertehoteles.com\/de\/reiseziele\/grazalema-urlaub\/altstadt\/#primaryimage\",\"url\":\"https:\/\/www.fuertehoteles.com\/wp-content\/uploads\/2021\/11\/grazalema-casco-antiguo.jpg\",\"contentUrl\":\"https:\/\/www.fuertehoteles.com\/wp-content\/uploads\/2021\/11\/grazalema-casco-antiguo.jpg\",\"width\":1920,\"height\":540,\"caption\":\"Grazalema\"},{\"@type\":\"BreadcrumbList\",\"@id\":\"https:\/\/www.fuertehoteles.com\/de\/reiseziele\/grazalema-urlaub\/altstadt\/#breadcrumb\",\"itemListElement\":[{\"@type\":\"ListItem\",\"position\":1,\"name\":\"Portada\",\"item\":\"https:\/\/www.fuertehoteles.com\/de\/\"},{\"@type\":\"ListItem\",\"position\":2,\"name\":\"Reiseziele\",\"item\":\"https:\/\/www.fuertehoteles.com\/de\/reiseziele\/\"},{\"@type\":\"ListItem\",\"position\":3,\"name\":\"Grazalema\",\"item\":\"https:\/\/www.fuertehoteles.com\/de\/reiseziele\/grazalema-urlaub\/\"},{\"@type\":\"ListItem\",\"position\":4,\"name\":\"Altstadt\"}]},{\"@type\":\"WebSite\",\"@id\":\"https:\/\/www.fuertehoteles.com\/#website\",\"url\":\"https:\/\/www.fuertehoteles.com\/\",\"name\":\"Fuerte Hoteles\",\"description\":\"\",\"publisher\":{\"@id\":\"https:\/\/www.fuertehoteles.com\/#organization\"},\"potentialAction\":[{\"@type\":\"SearchAction\",\"target\":{\"@type\":\"EntryPoint\",\"urlTemplate\":\"https:\/\/www.fuertehoteles.com\/?s={search_term_string}\"},\"query-input\":\"required name=search_term_string\"}],\"inLanguage\":\"de\"},{\"@type\":\"Organization\",\"@id\":\"https:\/\/www.fuertehoteles.com\/#organization\",\"name\":\"Fuerte Hoteles\",\"url\":\"https:\/\/www.fuertehoteles.com\/\",\"logo\":{\"@type\":\"ImageObject\",\"inLanguage\":\"de\",\"@id\":\"https:\/\/www.fuertehoteles.com\/#\/schema\/logo\/image\/\",\"url\":\"https:\/\/www.fuertehoteles.com\/wp-content\/uploads\/2022\/09\/logo-ffhh-1.jpg\",\"contentUrl\":\"https:\/\/www.fuertehoteles.com\/wp-content\/uploads\/2022\/09\/logo-ffhh-1.jpg\",\"width\":500,\"height\":500,\"caption\":\"Fuerte Hoteles\"},\"image\":{\"@id\":\"https:\/\/www.fuertehoteles.com\/#\/schema\/logo\/image\/\"},\"sameAs\":[\"https:\/\/www.facebook.com\/HotelesFuerte\",\"https:\/\/twitter.com\/fuertehoteles\",\"https:\/\/www.instagram.com\/fuertehoteles\/\",\"https:\/\/www.linkedin.com\/company\/fuerte-hoteles\/\",\"https:\/\/www.youtube.com\/user\/fuertehoteles\",\"https:\/\/en.wikipedia.org\/wiki\/Fuerte_Hotels\"]}]}<\/script>\n<!-- \/ Yoast SEO plugin. -->","yoast_head_json":{"title":"Altstadt von Grazalema, Wei\u00dfes Dorf Grazalema Andalusien","description":"Grazalema ist nicht nur ein einzigartiges Naturgebiet in Spanien, sondern auch einer der sch\u00f6nsten Orte der Route der wei\u00dfen D\u00f6rfer. Altstadt von Grazalema.","robots":{"index":"index","follow":"follow","max-snippet":"max-snippet:-1","max-image-preview":"max-image-preview:large","max-video-preview":"max-video-preview:-1"},"canonical":"https:\/\/www.fuertehoteles.com\/de\/reiseziele\/grazalema-urlaub\/altstadt\/","og_locale":"de_DE","og_type":"article","og_title":"Altstadt von Grazalema, Wei\u00dfes Dorf Grazalema Andalusien","og_description":"Grazalema ist nicht nur ein einzigartiges Naturgebiet in Spanien, sondern auch einer der sch\u00f6nsten Orte der Route der wei\u00dfen D\u00f6rfer. Altstadt von Grazalema.","og_url":"https:\/\/www.fuertehoteles.com\/de\/reiseziele\/grazalema-urlaub\/altstadt\/","og_site_name":"Fuerte Hoteles","article_publisher":"https:\/\/www.facebook.com\/HotelesFuerte","article_modified_time":"2021-12-21T11:05:08+00:00","og_image":[{"width":1920,"height":540,"url":"https:\/\/www.fuertehoteles.com\/wp-content\/uploads\/2021\/11\/grazalema-casco-antiguo.jpg","type":"image\/jpeg"}],"twitter_card":"summary_large_image","twitter_site":"@fuertehoteles","twitter_misc":{"Gesch\u00e4tzte Lesezeit":"2\u00a0Minuten"},"schema":{"@context":"https:\/\/schema.org","@graph":[{"@type":"WebPage","@id":"https:\/\/www.fuertehoteles.com\/de\/reiseziele\/grazalema-urlaub\/altstadt\/","url":"https:\/\/www.fuertehoteles.com\/de\/reiseziele\/grazalema-urlaub\/altstadt\/","name":"Altstadt von Grazalema, Wei\u00dfes Dorf Grazalema Andalusien","isPartOf":{"@id":"https:\/\/www.fuertehoteles.com\/#website"},"primaryImageOfPage":{"@id":"https:\/\/www.fuertehoteles.com\/de\/reiseziele\/grazalema-urlaub\/altstadt\/#primaryimage"},"image":{"@id":"https:\/\/www.fuertehoteles.com\/de\/reiseziele\/grazalema-urlaub\/altstadt\/#primaryimage"},"thumbnailUrl":"https:\/\/www.fuertehoteles.com\/wp-content\/uploads\/2021\/11\/grazalema-casco-antiguo.jpg","datePublished":"2021-11-26T13:54:16+00:00","dateModified":"2021-12-21T11:05:08+00:00","description":"Grazalema ist nicht nur ein einzigartiges Naturgebiet in Spanien, sondern auch einer der sch\u00f6nsten Orte der Route der wei\u00dfen D\u00f6rfer. Altstadt von Grazalema.","breadcrumb":{"@id":"https:\/\/www.fuertehoteles.com\/de\/reiseziele\/grazalema-urlaub\/altstadt\/#breadcrumb"},"inLanguage":"de","potentialAction":[{"@type":"ReadAction","target":["https:\/\/www.fuertehoteles.com\/de\/reiseziele\/grazalema-urlaub\/altstadt\/"]}]},{"@type":"ImageObject","inLanguage":"de","@id":"https:\/\/www.fuertehoteles.com\/de\/reiseziele\/grazalema-urlaub\/altstadt\/#primaryimage","url":"https:\/\/www.fuertehoteles.com\/wp-content\/uploads\/2021\/11\/grazalema-casco-antiguo.jpg","contentUrl":"https:\/\/www.fuertehoteles.com\/wp-content\/uploads\/2021\/11\/grazalema-casco-antiguo.jpg","width":1920,"height":540,"caption":"Grazalema"},{"@type":"BreadcrumbList","@id":"https:\/\/www.fuertehoteles.com\/de\/reiseziele\/grazalema-urlaub\/altstadt\/#breadcrumb","itemListElement":[{"@type":"ListItem","position":1,"name":"Portada","item":"https:\/\/www.fuertehoteles.com\/de\/"},{"@type":"ListItem","position":2,"name":"Reiseziele","item":"https:\/\/www.fuertehoteles.com\/de\/reiseziele\/"},{"@type":"ListItem","position":3,"name":"Grazalema","item":"https:\/\/www.fuertehoteles.com\/de\/reiseziele\/grazalema-urlaub\/"},{"@type":"ListItem","position":4,"name":"Altstadt"}]},{"@type":"WebSite","@id":"https:\/\/www.fuertehoteles.com\/#website","url":"https:\/\/www.fuertehoteles.com\/","name":"Fuerte Hoteles","description":"","publisher":{"@id":"https:\/\/www.fuertehoteles.com\/#organization"},"potentialAction":[{"@type":"SearchAction","target":{"@type":"EntryPoint","urlTemplate":"https:\/\/www.fuertehoteles.com\/?s={search_term_string}"},"query-input":"required name=search_term_string"}],"inLanguage":"de"},{"@type":"Organization","@id":"https:\/\/www.fuertehoteles.com\/#organization","name":"Fuerte Hoteles","url":"https:\/\/www.fuertehoteles.com\/","logo":{"@type":"ImageObject","inLanguage":"de","@id":"https:\/\/www.fuertehoteles.com\/#\/schema\/logo\/image\/","url":"https:\/\/www.fuertehoteles.com\/wp-content\/uploads\/2022\/09\/logo-ffhh-1.jpg","contentUrl":"https:\/\/www.fuertehoteles.com\/wp-content\/uploads\/2022\/09\/logo-ffhh-1.jpg","width":500,"height":500,"caption":"Fuerte Hoteles"},"image":{"@id":"https:\/\/www.fuertehoteles.com\/#\/schema\/logo\/image\/"},"sameAs":["https:\/\/www.facebook.com\/HotelesFuerte","https:\/\/twitter.com\/fuertehoteles","https:\/\/www.instagram.com\/fuertehoteles\/","https:\/\/www.linkedin.com\/company\/fuerte-hoteles\/","https:\/\/www.youtube.com\/user\/fuertehoteles","https:\/\/en.wikipedia.org\/wiki\/Fuerte_Hotels"]}]}},"_links":{"self":[{"href":"https:\/\/www.fuertehoteles.com\/de\/wp-json\/wp\/v2\/pages\/4766","targetHints":{"allow":["GET"]}}],"collection":[{"href":"https:\/\/www.fuertehoteles.com\/de\/wp-json\/wp\/v2\/pages"}],"about":[{"href":"https:\/\/www.fuertehoteles.com\/de\/wp-json\/wp\/v2\/types\/page"}],"author":[{"embeddable":true,"href":"https:\/\/www.fuertehoteles.com\/de\/wp-json\/wp\/v2\/users\/6"}],"replies":[{"embeddable":true,"href":"https:\/\/www.fuertehoteles.com\/de\/wp-json\/wp\/v2\/comments?post=4766"}],"version-history":[{"count":0,"href":"https:\/\/www.fuertehoteles.com\/de\/wp-json\/wp\/v2\/pages\/4766\/revisions"}],"up":[{"embeddable":true,"href":"https:\/\/www.fuertehoteles.com\/de\/wp-json\/wp\/v2\/pages\/4744"}],"wp:featuredmedia":[{"embeddable":true,"href":"https:\/\/www.fuertehoteles.com\/de\/wp-json\/wp\/v2\/media\/1673"}],"wp:attachment":[{"href":"https:\/\/www.fuertehoteles.com\/de\/wp-json\/wp\/v2\/media?parent=4766"}],"curies":[{"name":"wp","href":"https:\/\/api.w.org\/{rel}","templated":true}]}}