{"id":4779,"date":"2021-11-26T15:01:53","date_gmt":"2021-11-26T14:01:53","guid":{"rendered":"https:\/\/www.fuertehoteles.com\/reiseziele\/grazalema-urlaub\/compras\/"},"modified":"2021-12-21T12:19:13","modified_gmt":"2021-12-21T11:19:13","slug":"einkaufsmoglichkeiten","status":"publish","type":"page","link":"https:\/\/www.fuertehoteles.com\/de\/reiseziele\/grazalema-urlaub\/einkaufsmoglichkeiten\/","title":{"rendered":"Einkaufen"},"content":{"rendered":"[vc_row][vc_column el_class=&#8220;destination-content&#8220;][vc_column_text]\n<h1>Die besten Einkaufsm\u00f6glichkeiten<\/h1>\n<p>Bei Ihrem Besuch der <strong>Sierra von Grazalema <\/strong>d\u00fcrfen Sie nicht abreisen, ohne die typischen Produkte der Region einzukaufen, die alle manuell hergestellt werden. Sowohl die verschiedenen K\u00e4sesorten wie die manuell hergestellten Textilien geh\u00f6ren beim Einkauf zum Pflichtprogramm der Besucher.<\/p>\n<h3>Grazalema (5 Minuten mit dem Auto und 30 Minuten zu Fu\u00df)<\/h3>\n<ul>\n<li>El Duende, Geschenkartikel und Accessoires<\/li>\n<li>La Alacena, Souvenirs aus der Sierra.<\/li>\n<li>Antojos, Holzspielzeug, Geschenke und Dekoration.<\/li>\n<li>Deckenfabrik.<\/li>\n<li>Horizon, Sportartikel f\u00fcr Wanderungen.<\/li>\n<li>Las Hazuelas, Spezialisten f\u00fcr <em>Papoyo<\/em> K\u00e4se.<\/li>\n<li>La Casa de la Abuela Augustina, bodenst\u00e4ndige Produkte.<\/li>\n<li>Todo Sierra, bodenst\u00e4ndige Produkte.<\/li>\n<li>Supermarkt Guillermo und Metzgerei Mercedes, Iberische Wurstwaren.<\/li>\n<\/ul>\n<h3>Ubrique (23 Minuten mit dem Auto)<\/h3>\n<p>Aufgrund der Handwerkstradition in Ubrique empfiehlt es sich hier vor allem, Lederwaren zu kaufen.<\/p>\n<ul>\n<li>Carla Sade<\/li>\n<li>El Potro<\/li>\n<li>Arte Piel<\/li>\n<li>Coronel Piel<\/li>\n<li>Piel Galv\u00e1n<\/li>\n<li>Maipe<\/li>\n<li>Miguel Dur\u00e1n<\/li>\n<li>Cuero Ubrique<br \/>\nAnago Piel<\/li>\n<li>Iloveleather<\/li>\n<li>Barada<\/li>\n<li>Piel de Ubrique<\/li>\n<li>Mari Paz<\/li>\n<\/ul>\n<h3>Ronda (30 Minuten mit dem Auto)<\/h3>\n<ul>\n<li>Offenes Einkaufszentrum in der Stra\u00dfe <em>de la Bola<\/em><\/li>\n<li>Zone um die Stierkampfarena<\/li>\n<\/ul>\n[\/vc_column_text][\/vc_column][\/vc_row]\n","protected":false},"excerpt":{"rendered":"<p>[vc_row][vc_column el_class=&#8220;destination-content&#8220;][vc_column_text] Die besten Einkaufsm\u00f6glichkeiten Bei Ihrem Besuch der Sierra von Grazalema d\u00fcrfen Sie nicht abreisen, ohne die typischen Produkte der Region einzukaufen, die alle manuell hergestellt werden. Sowohl die verschiedenen K\u00e4sesorten wie die manuell hergestellten Textilien geh\u00f6ren beim Einkauf zum Pflichtprogramm der Besucher. Grazalema (5 Minuten mit dem Auto und 30 Minuten zu Fu\u00df)<\/p>\n","protected":false},"author":6,"featured_media":1685,"parent":4744,"menu_order":0,"comment_status":"closed","ping_status":"closed","template":"templates\/destination-subpages.php","meta":{"footnotes":""},"class_list":["post-4779","page","type-page","status-publish","hentry"],"yoast_head":"<!-- This site is optimized with the Yoast SEO plugin v22.4 - https:\/\/yoast.com\/wordpress\/plugins\/seo\/ -->\n<title>Einkaufsm\u00f6glichkeiten in Grazalema, Urlaub in Grazalema<\/title>\n<meta name=\"description\" content=\"F\u00fcr ein tolles Shoppingerlebnis in Ihrem Urlaub haben wir f\u00fcr Sie eine \u00dcbersicht \u00fcber alle Einkaufsm\u00f6glichkeiten in Grazalema und der Umgebung erstellt.\" \/>\n<meta name=\"robots\" content=\"index, follow, max-snippet:-1, max-image-preview:large, max-video-preview:-1\" \/>\n<link rel=\"canonical\" href=\"https:\/\/www.fuertehoteles.com\/de\/reiseziele\/grazalema-urlaub\/einkaufsmoglichkeiten\/\" \/>\n<meta property=\"og:locale\" content=\"de_DE\" \/>\n<meta property=\"og:type\" content=\"article\" \/>\n<meta property=\"og:title\" content=\"Einkaufsm\u00f6glichkeiten in Grazalema, Urlaub in Grazalema\" \/>\n<meta property=\"og:description\" content=\"F\u00fcr ein tolles Shoppingerlebnis in Ihrem Urlaub haben wir f\u00fcr Sie eine \u00dcbersicht \u00fcber alle Einkaufsm\u00f6glichkeiten in Grazalema und der Umgebung erstellt.\" \/>\n<meta property=\"og:url\" content=\"https:\/\/www.fuertehoteles.com\/de\/reiseziele\/grazalema-urlaub\/einkaufsmoglichkeiten\/\" \/>\n<meta property=\"og:site_name\" content=\"Fuerte Hoteles\" \/>\n<meta property=\"article:publisher\" content=\"https:\/\/www.facebook.com\/HotelesFuerte\" \/>\n<meta property=\"article:modified_time\" content=\"2021-12-21T11:19:13+00:00\" \/>\n<meta property=\"og:image\" content=\"https:\/\/www.fuertehoteles.com\/wp-content\/uploads\/2021\/11\/grazalema-compras.jpg\" \/>\n\t<meta property=\"og:image:width\" content=\"1920\" \/>\n\t<meta property=\"og:image:height\" content=\"540\" \/>\n\t<meta property=\"og:image:type\" content=\"image\/jpeg\" \/>\n<meta name=\"twitter:card\" content=\"summary_large_image\" \/>\n<meta name=\"twitter:site\" content=\"@fuertehoteles\" \/>\n<meta name=\"twitter:label1\" content=\"Gesch\u00e4tzte Lesezeit\" \/>\n\t<meta name=\"twitter:data1\" content=\"1\u00a0Minute\" \/>\n<script type=\"application\/ld+json\" class=\"yoast-schema-graph\">{\"@context\":\"https:\/\/schema.org\",\"@graph\":[{\"@type\":\"WebPage\",\"@id\":\"https:\/\/www.fuertehoteles.com\/de\/reiseziele\/grazalema-urlaub\/einkaufsmoglichkeiten\/\",\"url\":\"https:\/\/www.fuertehoteles.com\/de\/reiseziele\/grazalema-urlaub\/einkaufsmoglichkeiten\/\",\"name\":\"Einkaufsm\u00f6glichkeiten in Grazalema, Urlaub in Grazalema\",\"isPartOf\":{\"@id\":\"https:\/\/www.fuertehoteles.com\/#website\"},\"primaryImageOfPage\":{\"@id\":\"https:\/\/www.fuertehoteles.com\/de\/reiseziele\/grazalema-urlaub\/einkaufsmoglichkeiten\/#primaryimage\"},\"image\":{\"@id\":\"https:\/\/www.fuertehoteles.com\/de\/reiseziele\/grazalema-urlaub\/einkaufsmoglichkeiten\/#primaryimage\"},\"thumbnailUrl\":\"https:\/\/www.fuertehoteles.com\/wp-content\/uploads\/2021\/11\/grazalema-compras.jpg\",\"datePublished\":\"2021-11-26T14:01:53+00:00\",\"dateModified\":\"2021-12-21T11:19:13+00:00\",\"description\":\"F\u00fcr ein tolles Shoppingerlebnis in Ihrem Urlaub haben wir f\u00fcr Sie eine \u00dcbersicht \u00fcber alle Einkaufsm\u00f6glichkeiten in Grazalema und der Umgebung erstellt.\",\"breadcrumb\":{\"@id\":\"https:\/\/www.fuertehoteles.com\/de\/reiseziele\/grazalema-urlaub\/einkaufsmoglichkeiten\/#breadcrumb\"},\"inLanguage\":\"de\",\"potentialAction\":[{\"@type\":\"ReadAction\",\"target\":[\"https:\/\/www.fuertehoteles.com\/de\/reiseziele\/grazalema-urlaub\/einkaufsmoglichkeiten\/\"]}]},{\"@type\":\"ImageObject\",\"inLanguage\":\"de\",\"@id\":\"https:\/\/www.fuertehoteles.com\/de\/reiseziele\/grazalema-urlaub\/einkaufsmoglichkeiten\/#primaryimage\",\"url\":\"https:\/\/www.fuertehoteles.com\/wp-content\/uploads\/2021\/11\/grazalema-compras.jpg\",\"contentUrl\":\"https:\/\/www.fuertehoteles.com\/wp-content\/uploads\/2021\/11\/grazalema-compras.jpg\",\"width\":1920,\"height\":540,\"caption\":\"ir de compras en Grazalema\"},{\"@type\":\"BreadcrumbList\",\"@id\":\"https:\/\/www.fuertehoteles.com\/de\/reiseziele\/grazalema-urlaub\/einkaufsmoglichkeiten\/#breadcrumb\",\"itemListElement\":[{\"@type\":\"ListItem\",\"position\":1,\"name\":\"Portada\",\"item\":\"https:\/\/www.fuertehoteles.com\/de\/\"},{\"@type\":\"ListItem\",\"position\":2,\"name\":\"Reiseziele\",\"item\":\"https:\/\/www.fuertehoteles.com\/de\/reiseziele\/\"},{\"@type\":\"ListItem\",\"position\":3,\"name\":\"Grazalema\",\"item\":\"https:\/\/www.fuertehoteles.com\/de\/reiseziele\/grazalema-urlaub\/\"},{\"@type\":\"ListItem\",\"position\":4,\"name\":\"Einkaufen\"}]},{\"@type\":\"WebSite\",\"@id\":\"https:\/\/www.fuertehoteles.com\/#website\",\"url\":\"https:\/\/www.fuertehoteles.com\/\",\"name\":\"Fuerte Hoteles\",\"description\":\"\",\"publisher\":{\"@id\":\"https:\/\/www.fuertehoteles.com\/#organization\"},\"potentialAction\":[{\"@type\":\"SearchAction\",\"target\":{\"@type\":\"EntryPoint\",\"urlTemplate\":\"https:\/\/www.fuertehoteles.com\/?s={search_term_string}\"},\"query-input\":\"required name=search_term_string\"}],\"inLanguage\":\"de\"},{\"@type\":\"Organization\",\"@id\":\"https:\/\/www.fuertehoteles.com\/#organization\",\"name\":\"Fuerte Hoteles\",\"url\":\"https:\/\/www.fuertehoteles.com\/\",\"logo\":{\"@type\":\"ImageObject\",\"inLanguage\":\"de\",\"@id\":\"https:\/\/www.fuertehoteles.com\/#\/schema\/logo\/image\/\",\"url\":\"https:\/\/www.fuertehoteles.com\/wp-content\/uploads\/2022\/09\/logo-ffhh-1.jpg\",\"contentUrl\":\"https:\/\/www.fuertehoteles.com\/wp-content\/uploads\/2022\/09\/logo-ffhh-1.jpg\",\"width\":500,\"height\":500,\"caption\":\"Fuerte Hoteles\"},\"image\":{\"@id\":\"https:\/\/www.fuertehoteles.com\/#\/schema\/logo\/image\/\"},\"sameAs\":[\"https:\/\/www.facebook.com\/HotelesFuerte\",\"https:\/\/twitter.com\/fuertehoteles\",\"https:\/\/www.instagram.com\/fuertehoteles\/\",\"https:\/\/www.linkedin.com\/company\/fuerte-hoteles\/\",\"https:\/\/www.youtube.com\/user\/fuertehoteles\",\"https:\/\/en.wikipedia.org\/wiki\/Fuerte_Hotels\"]}]}<\/script>\n<!-- \/ Yoast SEO plugin. -->","yoast_head_json":{"title":"Einkaufsm\u00f6glichkeiten in Grazalema, Urlaub in Grazalema","description":"F\u00fcr ein tolles Shoppingerlebnis in Ihrem Urlaub haben wir f\u00fcr Sie eine \u00dcbersicht \u00fcber alle Einkaufsm\u00f6glichkeiten in Grazalema und der Umgebung erstellt.","robots":{"index":"index","follow":"follow","max-snippet":"max-snippet:-1","max-image-preview":"max-image-preview:large","max-video-preview":"max-video-preview:-1"},"canonical":"https:\/\/www.fuertehoteles.com\/de\/reiseziele\/grazalema-urlaub\/einkaufsmoglichkeiten\/","og_locale":"de_DE","og_type":"article","og_title":"Einkaufsm\u00f6glichkeiten in Grazalema, Urlaub in Grazalema","og_description":"F\u00fcr ein tolles Shoppingerlebnis in Ihrem Urlaub haben wir f\u00fcr Sie eine \u00dcbersicht \u00fcber alle Einkaufsm\u00f6glichkeiten in Grazalema und der Umgebung erstellt.","og_url":"https:\/\/www.fuertehoteles.com\/de\/reiseziele\/grazalema-urlaub\/einkaufsmoglichkeiten\/","og_site_name":"Fuerte Hoteles","article_publisher":"https:\/\/www.facebook.com\/HotelesFuerte","article_modified_time":"2021-12-21T11:19:13+00:00","og_image":[{"width":1920,"height":540,"url":"https:\/\/www.fuertehoteles.com\/wp-content\/uploads\/2021\/11\/grazalema-compras.jpg","type":"image\/jpeg"}],"twitter_card":"summary_large_image","twitter_site":"@fuertehoteles","twitter_misc":{"Gesch\u00e4tzte Lesezeit":"1\u00a0Minute"},"schema":{"@context":"https:\/\/schema.org","@graph":[{"@type":"WebPage","@id":"https:\/\/www.fuertehoteles.com\/de\/reiseziele\/grazalema-urlaub\/einkaufsmoglichkeiten\/","url":"https:\/\/www.fuertehoteles.com\/de\/reiseziele\/grazalema-urlaub\/einkaufsmoglichkeiten\/","name":"Einkaufsm\u00f6glichkeiten in Grazalema, Urlaub in Grazalema","isPartOf":{"@id":"https:\/\/www.fuertehoteles.com\/#website"},"primaryImageOfPage":{"@id":"https:\/\/www.fuertehoteles.com\/de\/reiseziele\/grazalema-urlaub\/einkaufsmoglichkeiten\/#primaryimage"},"image":{"@id":"https:\/\/www.fuertehoteles.com\/de\/reiseziele\/grazalema-urlaub\/einkaufsmoglichkeiten\/#primaryimage"},"thumbnailUrl":"https:\/\/www.fuertehoteles.com\/wp-content\/uploads\/2021\/11\/grazalema-compras.jpg","datePublished":"2021-11-26T14:01:53+00:00","dateModified":"2021-12-21T11:19:13+00:00","description":"F\u00fcr ein tolles Shoppingerlebnis in Ihrem Urlaub haben wir f\u00fcr Sie eine \u00dcbersicht \u00fcber alle Einkaufsm\u00f6glichkeiten in Grazalema und der Umgebung erstellt.","breadcrumb":{"@id":"https:\/\/www.fuertehoteles.com\/de\/reiseziele\/grazalema-urlaub\/einkaufsmoglichkeiten\/#breadcrumb"},"inLanguage":"de","potentialAction":[{"@type":"ReadAction","target":["https:\/\/www.fuertehoteles.com\/de\/reiseziele\/grazalema-urlaub\/einkaufsmoglichkeiten\/"]}]},{"@type":"ImageObject","inLanguage":"de","@id":"https:\/\/www.fuertehoteles.com\/de\/reiseziele\/grazalema-urlaub\/einkaufsmoglichkeiten\/#primaryimage","url":"https:\/\/www.fuertehoteles.com\/wp-content\/uploads\/2021\/11\/grazalema-compras.jpg","contentUrl":"https:\/\/www.fuertehoteles.com\/wp-content\/uploads\/2021\/11\/grazalema-compras.jpg","width":1920,"height":540,"caption":"ir de compras en Grazalema"},{"@type":"BreadcrumbList","@id":"https:\/\/www.fuertehoteles.com\/de\/reiseziele\/grazalema-urlaub\/einkaufsmoglichkeiten\/#breadcrumb","itemListElement":[{"@type":"ListItem","position":1,"name":"Portada","item":"https:\/\/www.fuertehoteles.com\/de\/"},{"@type":"ListItem","position":2,"name":"Reiseziele","item":"https:\/\/www.fuertehoteles.com\/de\/reiseziele\/"},{"@type":"ListItem","position":3,"name":"Grazalema","item":"https:\/\/www.fuertehoteles.com\/de\/reiseziele\/grazalema-urlaub\/"},{"@type":"ListItem","position":4,"name":"Einkaufen"}]},{"@type":"WebSite","@id":"https:\/\/www.fuertehoteles.com\/#website","url":"https:\/\/www.fuertehoteles.com\/","name":"Fuerte Hoteles","description":"","publisher":{"@id":"https:\/\/www.fuertehoteles.com\/#organization"},"potentialAction":[{"@type":"SearchAction","target":{"@type":"EntryPoint","urlTemplate":"https:\/\/www.fuertehoteles.com\/?s={search_term_string}"},"query-input":"required name=search_term_string"}],"inLanguage":"de"},{"@type":"Organization","@id":"https:\/\/www.fuertehoteles.com\/#organization","name":"Fuerte Hoteles","url":"https:\/\/www.fuertehoteles.com\/","logo":{"@type":"ImageObject","inLanguage":"de","@id":"https:\/\/www.fuertehoteles.com\/#\/schema\/logo\/image\/","url":"https:\/\/www.fuertehoteles.com\/wp-content\/uploads\/2022\/09\/logo-ffhh-1.jpg","contentUrl":"https:\/\/www.fuertehoteles.com\/wp-content\/uploads\/2022\/09\/logo-ffhh-1.jpg","width":500,"height":500,"caption":"Fuerte Hoteles"},"image":{"@id":"https:\/\/www.fuertehoteles.com\/#\/schema\/logo\/image\/"},"sameAs":["https:\/\/www.facebook.com\/HotelesFuerte","https:\/\/twitter.com\/fuertehoteles","https:\/\/www.instagram.com\/fuertehoteles\/","https:\/\/www.linkedin.com\/company\/fuerte-hoteles\/","https:\/\/www.youtube.com\/user\/fuertehoteles","https:\/\/en.wikipedia.org\/wiki\/Fuerte_Hotels"]}]}},"_links":{"self":[{"href":"https:\/\/www.fuertehoteles.com\/de\/wp-json\/wp\/v2\/pages\/4779","targetHints":{"allow":["GET"]}}],"collection":[{"href":"https:\/\/www.fuertehoteles.com\/de\/wp-json\/wp\/v2\/pages"}],"about":[{"href":"https:\/\/www.fuertehoteles.com\/de\/wp-json\/wp\/v2\/types\/page"}],"author":[{"embeddable":true,"href":"https:\/\/www.fuertehoteles.com\/de\/wp-json\/wp\/v2\/users\/6"}],"replies":[{"embeddable":true,"href":"https:\/\/www.fuertehoteles.com\/de\/wp-json\/wp\/v2\/comments?post=4779"}],"version-history":[{"count":0,"href":"https:\/\/www.fuertehoteles.com\/de\/wp-json\/wp\/v2\/pages\/4779\/revisions"}],"up":[{"embeddable":true,"href":"https:\/\/www.fuertehoteles.com\/de\/wp-json\/wp\/v2\/pages\/4744"}],"wp:featuredmedia":[{"embeddable":true,"href":"https:\/\/www.fuertehoteles.com\/de\/wp-json\/wp\/v2\/media\/1685"}],"wp:attachment":[{"href":"https:\/\/www.fuertehoteles.com\/de\/wp-json\/wp\/v2\/media?parent=4779"}],"curies":[{"name":"wp","href":"https:\/\/api.w.org\/{rel}","templated":true}]}}