{"id":4787,"date":"2021-11-26T15:04:07","date_gmt":"2021-11-26T14:04:07","guid":{"rendered":"https:\/\/www.fuertehoteles.com\/reiseziele\/grazalema-urlaub\/excursiones\/"},"modified":"2021-12-21T12:28:58","modified_gmt":"2021-12-21T11:28:58","slug":"ausfluge","status":"publish","type":"page","link":"https:\/\/www.fuertehoteles.com\/de\/reiseziele\/grazalema-urlaub\/ausfluge\/","title":{"rendered":"Ausfl\u00fcge"},"content":{"rendered":"[vc_row][vc_column el_class=&#8220;destination-content&#8220;][vc_column_text]\n<h1>Lokale Touren und Ausfl\u00fcge in Grazalema<\/h1>\n<div class=\"inner-contenido--hotel\">\n<h2>Wanderungen und Fahrradtouren<\/h2>\n<h3>Nordic Walking, Wanderungen<\/h3>\n<ul>\n<li>Siehe route: <a title=\"Wanderungen\" href=\"http:\/\/de.wikiloc.com\/wikiloc\/view.do?id=4902728\" target=\"_blank\" rel=\"nofollow noopener\">Grazalema \u2013 Puerto de las Presillas \u2013 Boyar \u2013 Grazalema<\/a><\/li>\n<li>Siehe route: <a title=\"Wanderungen\" href=\"http:\/\/de.wikiloc.com\/wikiloc\/view.do?id=4823998\" target=\"_blank\" rel=\"nofollow noopener\">Hotel Fuerte Grazalema \u2013 Cueva de Dos Puertas<\/a><\/li>\n<li>Siehe route: <a title=\"Wanderungen\" href=\"http:\/\/de.wikiloc.com\/wikiloc\/view.do?id=4779501\" target=\"_blank\" rel=\"nofollow noopener\">Hotel Fuerte \u2013 Circular vistas m\u00e1s espetaculares Grazalema<\/a><\/li>\n<li>Siehe route: <a title=\"Wanderungen\" href=\"http:\/\/de.wikiloc.com\/wikiloc\/view.do?id=4779460\" target=\"_blank\" rel=\"nofollow noopener\">Circular Hotel El Fuerte Grazalema \u2013 Pantanillo del r\u00edo Gaduares<\/a><\/li>\n<li>Siehe route: <a title=\"Wanderungen\" href=\"http:\/\/de.wikiloc.com\/wikiloc\/view.do?id=4779330\" target=\"_blank\" rel=\"nofollow noopener\">Hotel Fuerte Grazalema \u2013 Grazalema<\/a><\/li>\n<\/ul>\n<h3>Fahrradtouren<\/h3>\n<ul>\n<li>Siehe route: <a title=\"Fahrradtouren\" href=\"http:\/\/de.wikiloc.com\/wikiloc\/view.do?id=5265581\" target=\"_blank\" rel=\"nofollow noopener\">Circular Hotel Fuerte Grazalema \u2013 Puerto del Boyar<\/a><\/li>\n<li>Siehe route: <a title=\"Fahrradtouren\" href=\"http:\/\/de.wikiloc.com\/wikiloc\/view.do?id=5265472\" target=\"_blank\" rel=\"nofollow noopener\">Circular Hotel Fuerte Grazalema \u2013 Puerto de las Palomas \u2013 El Bosque \u2013 Benamahoma \u2013 Puerto del Boyar<\/a><\/li>\n<li>Siehe route: <a title=\"Fahrradtouren\" href=\"http:\/\/de.wikiloc.com\/wikiloc\/view.do?id=5262458\" target=\"_blank\" rel=\"nofollow noopener\">Circular Hotel Fuerte Grazalema \u2013 Ubrique \u2013 Puerto del Berrueco \u2013 Cortes \u2013 Benaoj\u00e1n \u2013 Montejaque<\/a><\/li>\n<li>Siehe route: <a title=\"Fahrradtouren\" href=\"http:\/\/de.wikiloc.com\/wikiloc\/view.do?id=4822316\" target=\"_blank\" rel=\"nofollow noopener\">Vuelta del Puerto de la Ribera<\/a><\/li>\n<li>Siehe route: <a title=\"Fahrradtouren\" href=\"http:\/\/de.wikiloc.com\/wikiloc\/view.do?id=4779151\" target=\"_blank\" rel=\"nofollow noopener\">Hotel Fuerte Grazalema-Ubrique-Hotel Fuerte Grazalema<\/a><\/li>\n<li>Siehe route: <a title=\"Fahrradtouren\" href=\"http:\/\/de.wikiloc.com\/wikiloc\/view.do?id=4139791\" target=\"_blank\" rel=\"nofollow noopener\">Hotel Fuerte Grazalema \u2013 Villaluenga del Rosario \u2013 Hotel Fuerte Grazalema<\/a><\/li>\n<li>Siehe route: <a title=\"Fahrradtouren\" href=\"http:\/\/de.wikiloc.com\/wikiloc\/view.do?id=4139808\" target=\"_blank\" rel=\"nofollow noopener\">Hotel Fuerte Grazalema \u2013 Grazalema \u2013 Benamahoma \u2013 El Bosque \u2013 Hotel Fuerte Grazalema<\/a><\/li>\n<\/ul>\n<\/div>\n<div class=\"inner-contenido--hotel\">\n<h2>Halbtagsausfl\u00fcge<\/h2>\n<h3>Villaluenga del Rosario (10 Minuten mit dem Auto)<\/h3>\n<p>Villaluenga del Rosario, eine herrliche Enklave der Sierra von Grazalemas, beherbergt das <strong>Museum des <em>Payoyo<\/em> K\u00e4se<\/strong> und die gr\u00f6\u00dfte Fabrik, in der dieser k\u00f6stliche und schmackhafte K\u00e4se hergestellt wird.<\/p>\n<h3>Benamahoma (20 Minuten mit dem Auto)<\/h3>\n<p>In dem kleinen Ort Benamahoma mit seiner privilegierten Lage, muss man die Wasservorkommen erw\u00e4hnen, die der gr\u00f6\u00dfte Schatz der Gemeinde sind. Besuchen Sie unbedingt das <strong>Wassermuseum<\/strong> (in der alten M\u00fchle an der Quelle des Majaceite Fluss), die Fischzucht oder den <strong>Botanischen Garten <em>El Castillejo<\/em>.<\/strong><\/p>\n<p>Das wichtigste Datum auf dem Kalender von Benamahoma ist das erste Augustwochenende, an dem das<strong> Fest der Mauren und Christen stattfindet.<\/strong>Der Ort macht eine Zeitreise in die Epoche der arabischen Herrschaft und der R\u00fcckeroberung der Christen.<\/p>\n<h3>Ubrique (23 Minuten mit dem Auto)<\/h3>\n<p>Ubrique ist Teil der Route der wei\u00dfen D\u00f6rfer und liegt am Eingang des Naturparks von Grazalema und des Naturparks <em>Los Alcornocales<\/em>. Ein Besuch des Ledermuseums ist ein Muss. Hier  kann man auf einem Spaziergang durch die Geschichte die Lederwarenindustrie von ihren Anf\u00e4ngen in Ubrique bestaunen.<\/p>\n<p>Vergessen Sie die <strong>r\u00f6mische arch\u00e4ologische Fundst\u00e4tte Ocuris nicht<\/strong>, die an einem Ort liegt, der zwei Kilometer von Ubrique entfernt ist und unter dem Namen <em>Salto de Mora<\/em> bekannt ist. Von hier hat man einen Blick auf den nat\u00fcrlichen Durchgang nach Benaocaz und nach Villaluenga.<\/p>\n<h3>El Bosque (25 Minuten mit dem Auto)<\/h3>\n<p>Dieses wundersch\u00f6ne wei\u00dfe Dorf liegt am Ufer des Majaceite Flusses und am Fu\u00df des Albarrac\u00edn. Hier gibt es schwefelhaltige Quellen und dichte W\u00e4lder. Abgesehen vom Lederhandwerk und der Herstellung von manuell gefertigten M\u00f6beln, muss man die hiesigen Wurstwaren und K\u00e4sesorten erw\u00e4hnen.<\/p>\n<h3>Montejaque und Benaoj\u00e1n (40 Minuten mit dem Auto)<\/h3>\n<p>Die pr\u00e4historische H\u00f6hle <strong><em>Cueva de la Pileta<\/em><\/strong> wurde 1924 zum Nationaldenkmal erkl\u00e4rt und ist eines der herausragenden Beispiele der Kunst der Felsmalerei auf der Iberischen Halbinsel. Sie zieht jedes Jahr tausende von Besuchern aus der ganzen Welt an.<\/p>\n<h3>Setenil de las Bodegas (40 Minuten mit dem Auto)<\/h3>\n<p>Hauptattraktion dieses kleinen Dorfes sind die merkw\u00fcrdigen Wohnungen, die im Schutz des Felsen darunter gebaut wurden. Im Gegensatz zu anderen H\u00f6hlenbauten wurde der Felsen nicht ausgeh\u00f6hlt, sondern nur die Felswand geschlossen, wobei die Wohnungen l\u00e4ngs zum Felsen angelegt wurden.<\/p>\n<\/div>\n<h2>Tagesausfl\u00fcge<\/h2>\n<h3>Ronda (20 Minuten mit dem Auto)<\/h3>\n<p><strong>Ronda<\/strong> ist eine monumentale Stadt, die mit ihrer eindrucksvollen und bekannten Schlucht des <strong>Tajo<\/strong> als eine der sch\u00f6nsten St\u00e4dte Andalusiens gilt. Abgesehen von der Tajoschlucht \u00fcberrascht sie mit der Stierkampfarena, dem Bandolero Museum und ihren typischen Stra\u00dfen, durch die man mit der Kutsche fahren kann. Besuchen Sie die arch\u00e4ologische Fundst\u00e4tte von <strong>Acinipo, <\/strong>eine alte r\u00f6mische Stadt, die 20 Kilometer von Ronda entfernt ist)<\/p>\n<h3>Circuito Ascari (30 Minuten mit dem Auto)<\/h3>\n<p>Freunde der Geschwindigkeit und der Formel 1 kommen auf der Ascari Rennstrecke in Ronda auf ihre Kosten.<\/p>\n<h3>\u2018Playa\u2019 de Zahara de la Sierra (35 Minuten mit dem Auto)<\/h3>\n<p>Es handelt sich um einen k\u00fcnstlich angelegten Strand inmitten einer Naturgegend. Daf\u00fcr wurde der Flusslauf genutzt, an dem es zwischen Gem\u00fcseg\u00e4rten und Obstb\u00e4umen einen gro\u00dfen Bereich daf\u00fcr gibt. In diesem Ort werden auch unterhaltsame Kanufahrten angeboten.<\/p>\n<p><strong>Corpus de Zahara<\/strong> ist eine der bekanntesten Feste der Region und wurde zur Fiesta von nationalem touristischem Interesse erkl\u00e4rt. Wundersch\u00f6ne Blumen schm\u00fccken die Stra\u00dfen und Altare dieses typischen andalusischen wei\u00dfen Dorfs.<\/p>\n<h3>Arcos de la Frontera (45 Minuten mit dem Auto)<\/h3>\n<p>Arcos de la Frontera ist einer der sch\u00f6nsten und besonderen Orte auf der Route der wei\u00dfen D\u00f6rfer. Sein Name stammt <strong>von den B\u00f6gen<\/strong>, die in der hiesigen Architektur mit den engen und wei\u00df get\u00fcnchten Gassen voller Blumen vorkommen.  Au\u00dferdem gibt es eine interessante Sammlung von \u00dcberresten der Westgoten, R\u00f6mern und Arabern.<\/p>\n<h3>Jerez (1.30 Minuten mit dem Auto)<\/h3>\n<p>Jerez gilt in Andalusien als eine der <strong>Wiegen des Flamencos<\/strong> und bietet zus\u00e4tzlich faszinierende Pferdeshows in der<strong>K\u00f6niglich <\/strong><a title=\"Powered by Text-Enhance\" href=\"http:\/\/www.realescuela.org\/home.htm\" target=\"_blank\" rel=\"noopener\"><strong>Andalusischen<\/strong><\/a><strong> <\/strong><strong>Reitschule<\/strong> oder interessante <strong>Weinrouten<\/strong> durch die ber\u00fchmten Win- und <a href=\"http:\/\/www.rutadeljerezybrandy.es\/\" target=\"_blank\" rel=\"noopener\">Brandykellereien<\/a> von Jerez.<\/p>\n<h3>C\u00e1diz (1.49 Minuten mit dem Auto)<\/h3>\n<p>Der Charme von C\u00e1diz oder <em>\u201eLa tacita de plata\u201c<\/em> (Silbert\u00e4sschen), wie die Stadt im Volksmund genannt wird, ist aufgrund seiner wundersch\u00f6nen und einzigartigen Sehensw\u00fcrdigkeiten ohnegleichen. Dazu geh\u00f6ren z. B. das Falla Theater, in dem der Karnaval gefeiert wird, das Oratorium von San Felipe, der Marktplatz Plaza de Abastos, die Kathedrale, der <strong>Caleta Strand<\/strong> oder der Stadtteil <strong>La Vi\u00f1a<\/strong>.<\/p>\n<h3>Sevilla (1.50 Minuten mit dem Auto)<\/h3>\n<p>Es stimmt, dass Sevilla eine besondere Farbe hat und so stellen es auch die Sehensw\u00fcrdigkeiten unter Beweis. Besonders erw\u00e4hnenswert sind der <strong><em>Torre del Oro <\/em>(Goldene Turm)<\/strong>, die Giralda, die Alc\u00e1zar-Festungsanlage, das Indienarchiv, der San Telmo Palast oder die Tabakfabrik.<\/p>\n<p>Sevilla bietet auch einen der originellsten Abenteuerpark Andalusiens an, der in einem hundertj\u00e4hrigen Pinienhain liegt: <em>\u201e<strong>El Bosque suspendido<\/strong>\u201e<\/em> (der h\u00e4ngende Wald), wo Sie einen unterhaltsamen Tag verbringen k\u00f6nnen.<\/p>\n<h3>Granada (2.40 Minuten mit dem Auto)<\/h3>\n<p>In der zauberhaften Stadt von Granada befinden sich die Alhambra, die als Weltkulturerbe die meist besuchteste Sehensw\u00fcrdigkeit Spaniens ist. Die Stadtteile des Albaic\u00edn und Sacromonte verleihen der Stadt, die von den Gipfeln der  Sierra Nevada gekr\u00f6nt wird, ihre Farbenpracht und Charme.[\/vc_column_text][\/vc_column][\/vc_row]\n","protected":false},"excerpt":{"rendered":"<p>[vc_row][vc_column el_class=&#8220;destination-content&#8220;][vc_column_text] Lokale Touren und Ausfl\u00fcge in Grazalema Wanderungen und Fahrradtouren Nordic Walking, Wanderungen Siehe route: Grazalema \u2013 Puerto de las Presillas \u2013 Boyar \u2013 Grazalema Siehe route: Hotel Fuerte Grazalema \u2013 Cueva de Dos Puertas Siehe route: Hotel Fuerte \u2013 Circular vistas m\u00e1s espetaculares Grazalema Siehe route: Circular Hotel El Fuerte Grazalema \u2013 Pantanillo<\/p>\n","protected":false},"author":6,"featured_media":1689,"parent":4744,"menu_order":0,"comment_status":"closed","ping_status":"closed","template":"templates\/destination-subpages.php","meta":{"footnotes":""},"class_list":["post-4787","page","type-page","status-publish","hentry"],"yoast_head":"<!-- This site is optimized with the Yoast SEO plugin v22.4 - https:\/\/yoast.com\/wordpress\/plugins\/seo\/ -->\n<title>Lokale Touren und Ausfl\u00fcge in Grazalema, Andalusien<\/title>\n<meta name=\"description\" content=\"Informationen zu Ausfl\u00fcgen in Grazalema, Andalusien. Touristische, kulturelle, Wander- und Radausfl\u00fcge in der Sierra de Grazalema.\" \/>\n<meta name=\"robots\" content=\"index, follow, max-snippet:-1, max-image-preview:large, max-video-preview:-1\" \/>\n<link rel=\"canonical\" href=\"https:\/\/www.fuertehoteles.com\/de\/reiseziele\/grazalema-urlaub\/ausfluge\/\" \/>\n<meta property=\"og:locale\" content=\"de_DE\" \/>\n<meta property=\"og:type\" content=\"article\" \/>\n<meta property=\"og:title\" content=\"Lokale Touren und Ausfl\u00fcge in Grazalema, Andalusien\" \/>\n<meta property=\"og:description\" content=\"Informationen zu Ausfl\u00fcgen in Grazalema, Andalusien. Touristische, kulturelle, Wander- und Radausfl\u00fcge in der Sierra de Grazalema.\" \/>\n<meta property=\"og:url\" content=\"https:\/\/www.fuertehoteles.com\/de\/reiseziele\/grazalema-urlaub\/ausfluge\/\" \/>\n<meta property=\"og:site_name\" content=\"Fuerte Hoteles\" \/>\n<meta property=\"article:publisher\" content=\"https:\/\/www.facebook.com\/HotelesFuerte\" \/>\n<meta property=\"article:modified_time\" content=\"2021-12-21T11:28:58+00:00\" \/>\n<meta property=\"og:image\" content=\"https:\/\/www.fuertehoteles.com\/wp-content\/uploads\/2021\/11\/grazalema-excursiones.jpg\" \/>\n\t<meta property=\"og:image:width\" content=\"1920\" \/>\n\t<meta property=\"og:image:height\" content=\"540\" \/>\n\t<meta property=\"og:image:type\" content=\"image\/jpeg\" \/>\n<meta name=\"twitter:card\" content=\"summary_large_image\" \/>\n<meta name=\"twitter:site\" content=\"@fuertehoteles\" \/>\n<meta name=\"twitter:label1\" content=\"Gesch\u00e4tzte Lesezeit\" \/>\n\t<meta name=\"twitter:data1\" content=\"5\u00a0Minuten\" \/>\n<script type=\"application\/ld+json\" class=\"yoast-schema-graph\">{\"@context\":\"https:\/\/schema.org\",\"@graph\":[{\"@type\":\"WebPage\",\"@id\":\"https:\/\/www.fuertehoteles.com\/de\/reiseziele\/grazalema-urlaub\/ausfluge\/\",\"url\":\"https:\/\/www.fuertehoteles.com\/de\/reiseziele\/grazalema-urlaub\/ausfluge\/\",\"name\":\"Lokale Touren und Ausfl\u00fcge in Grazalema, Andalusien\",\"isPartOf\":{\"@id\":\"https:\/\/www.fuertehoteles.com\/#website\"},\"primaryImageOfPage\":{\"@id\":\"https:\/\/www.fuertehoteles.com\/de\/reiseziele\/grazalema-urlaub\/ausfluge\/#primaryimage\"},\"image\":{\"@id\":\"https:\/\/www.fuertehoteles.com\/de\/reiseziele\/grazalema-urlaub\/ausfluge\/#primaryimage\"},\"thumbnailUrl\":\"https:\/\/www.fuertehoteles.com\/wp-content\/uploads\/2021\/11\/grazalema-excursiones.jpg\",\"datePublished\":\"2021-11-26T14:04:07+00:00\",\"dateModified\":\"2021-12-21T11:28:58+00:00\",\"description\":\"Informationen zu Ausfl\u00fcgen in Grazalema, Andalusien. Touristische, kulturelle, Wander- und Radausfl\u00fcge in der Sierra de Grazalema.\",\"breadcrumb\":{\"@id\":\"https:\/\/www.fuertehoteles.com\/de\/reiseziele\/grazalema-urlaub\/ausfluge\/#breadcrumb\"},\"inLanguage\":\"de\",\"potentialAction\":[{\"@type\":\"ReadAction\",\"target\":[\"https:\/\/www.fuertehoteles.com\/de\/reiseziele\/grazalema-urlaub\/ausfluge\/\"]}]},{\"@type\":\"ImageObject\",\"inLanguage\":\"de\",\"@id\":\"https:\/\/www.fuertehoteles.com\/de\/reiseziele\/grazalema-urlaub\/ausfluge\/#primaryimage\",\"url\":\"https:\/\/www.fuertehoteles.com\/wp-content\/uploads\/2021\/11\/grazalema-excursiones.jpg\",\"contentUrl\":\"https:\/\/www.fuertehoteles.com\/wp-content\/uploads\/2021\/11\/grazalema-excursiones.jpg\",\"width\":1920,\"height\":540,\"caption\":\"Excursiones en la Sierra de Grazalema\"},{\"@type\":\"BreadcrumbList\",\"@id\":\"https:\/\/www.fuertehoteles.com\/de\/reiseziele\/grazalema-urlaub\/ausfluge\/#breadcrumb\",\"itemListElement\":[{\"@type\":\"ListItem\",\"position\":1,\"name\":\"Portada\",\"item\":\"https:\/\/www.fuertehoteles.com\/de\/\"},{\"@type\":\"ListItem\",\"position\":2,\"name\":\"Reiseziele\",\"item\":\"https:\/\/www.fuertehoteles.com\/de\/reiseziele\/\"},{\"@type\":\"ListItem\",\"position\":3,\"name\":\"Grazalema\",\"item\":\"https:\/\/www.fuertehoteles.com\/de\/reiseziele\/grazalema-urlaub\/\"},{\"@type\":\"ListItem\",\"position\":4,\"name\":\"Ausfl\u00fcge\"}]},{\"@type\":\"WebSite\",\"@id\":\"https:\/\/www.fuertehoteles.com\/#website\",\"url\":\"https:\/\/www.fuertehoteles.com\/\",\"name\":\"Fuerte Hoteles\",\"description\":\"\",\"publisher\":{\"@id\":\"https:\/\/www.fuertehoteles.com\/#organization\"},\"potentialAction\":[{\"@type\":\"SearchAction\",\"target\":{\"@type\":\"EntryPoint\",\"urlTemplate\":\"https:\/\/www.fuertehoteles.com\/?s={search_term_string}\"},\"query-input\":\"required name=search_term_string\"}],\"inLanguage\":\"de\"},{\"@type\":\"Organization\",\"@id\":\"https:\/\/www.fuertehoteles.com\/#organization\",\"name\":\"Fuerte Hoteles\",\"url\":\"https:\/\/www.fuertehoteles.com\/\",\"logo\":{\"@type\":\"ImageObject\",\"inLanguage\":\"de\",\"@id\":\"https:\/\/www.fuertehoteles.com\/#\/schema\/logo\/image\/\",\"url\":\"https:\/\/www.fuertehoteles.com\/wp-content\/uploads\/2022\/09\/logo-ffhh-1.jpg\",\"contentUrl\":\"https:\/\/www.fuertehoteles.com\/wp-content\/uploads\/2022\/09\/logo-ffhh-1.jpg\",\"width\":500,\"height\":500,\"caption\":\"Fuerte Hoteles\"},\"image\":{\"@id\":\"https:\/\/www.fuertehoteles.com\/#\/schema\/logo\/image\/\"},\"sameAs\":[\"https:\/\/www.facebook.com\/HotelesFuerte\",\"https:\/\/twitter.com\/fuertehoteles\",\"https:\/\/www.instagram.com\/fuertehoteles\/\",\"https:\/\/www.linkedin.com\/company\/fuerte-hoteles\/\",\"https:\/\/www.youtube.com\/user\/fuertehoteles\",\"https:\/\/en.wikipedia.org\/wiki\/Fuerte_Hotels\"]}]}<\/script>\n<!-- \/ Yoast SEO plugin. -->","yoast_head_json":{"title":"Lokale Touren und Ausfl\u00fcge in Grazalema, Andalusien","description":"Informationen zu Ausfl\u00fcgen in Grazalema, Andalusien. Touristische, kulturelle, Wander- und Radausfl\u00fcge in der Sierra de Grazalema.","robots":{"index":"index","follow":"follow","max-snippet":"max-snippet:-1","max-image-preview":"max-image-preview:large","max-video-preview":"max-video-preview:-1"},"canonical":"https:\/\/www.fuertehoteles.com\/de\/reiseziele\/grazalema-urlaub\/ausfluge\/","og_locale":"de_DE","og_type":"article","og_title":"Lokale Touren und Ausfl\u00fcge in Grazalema, Andalusien","og_description":"Informationen zu Ausfl\u00fcgen in Grazalema, Andalusien. Touristische, kulturelle, Wander- und Radausfl\u00fcge in der Sierra de Grazalema.","og_url":"https:\/\/www.fuertehoteles.com\/de\/reiseziele\/grazalema-urlaub\/ausfluge\/","og_site_name":"Fuerte Hoteles","article_publisher":"https:\/\/www.facebook.com\/HotelesFuerte","article_modified_time":"2021-12-21T11:28:58+00:00","og_image":[{"width":1920,"height":540,"url":"https:\/\/www.fuertehoteles.com\/wp-content\/uploads\/2021\/11\/grazalema-excursiones.jpg","type":"image\/jpeg"}],"twitter_card":"summary_large_image","twitter_site":"@fuertehoteles","twitter_misc":{"Gesch\u00e4tzte Lesezeit":"5\u00a0Minuten"},"schema":{"@context":"https:\/\/schema.org","@graph":[{"@type":"WebPage","@id":"https:\/\/www.fuertehoteles.com\/de\/reiseziele\/grazalema-urlaub\/ausfluge\/","url":"https:\/\/www.fuertehoteles.com\/de\/reiseziele\/grazalema-urlaub\/ausfluge\/","name":"Lokale Touren und Ausfl\u00fcge in Grazalema, Andalusien","isPartOf":{"@id":"https:\/\/www.fuertehoteles.com\/#website"},"primaryImageOfPage":{"@id":"https:\/\/www.fuertehoteles.com\/de\/reiseziele\/grazalema-urlaub\/ausfluge\/#primaryimage"},"image":{"@id":"https:\/\/www.fuertehoteles.com\/de\/reiseziele\/grazalema-urlaub\/ausfluge\/#primaryimage"},"thumbnailUrl":"https:\/\/www.fuertehoteles.com\/wp-content\/uploads\/2021\/11\/grazalema-excursiones.jpg","datePublished":"2021-11-26T14:04:07+00:00","dateModified":"2021-12-21T11:28:58+00:00","description":"Informationen zu Ausfl\u00fcgen in Grazalema, Andalusien. Touristische, kulturelle, Wander- und Radausfl\u00fcge in der Sierra de Grazalema.","breadcrumb":{"@id":"https:\/\/www.fuertehoteles.com\/de\/reiseziele\/grazalema-urlaub\/ausfluge\/#breadcrumb"},"inLanguage":"de","potentialAction":[{"@type":"ReadAction","target":["https:\/\/www.fuertehoteles.com\/de\/reiseziele\/grazalema-urlaub\/ausfluge\/"]}]},{"@type":"ImageObject","inLanguage":"de","@id":"https:\/\/www.fuertehoteles.com\/de\/reiseziele\/grazalema-urlaub\/ausfluge\/#primaryimage","url":"https:\/\/www.fuertehoteles.com\/wp-content\/uploads\/2021\/11\/grazalema-excursiones.jpg","contentUrl":"https:\/\/www.fuertehoteles.com\/wp-content\/uploads\/2021\/11\/grazalema-excursiones.jpg","width":1920,"height":540,"caption":"Excursiones en la Sierra de Grazalema"},{"@type":"BreadcrumbList","@id":"https:\/\/www.fuertehoteles.com\/de\/reiseziele\/grazalema-urlaub\/ausfluge\/#breadcrumb","itemListElement":[{"@type":"ListItem","position":1,"name":"Portada","item":"https:\/\/www.fuertehoteles.com\/de\/"},{"@type":"ListItem","position":2,"name":"Reiseziele","item":"https:\/\/www.fuertehoteles.com\/de\/reiseziele\/"},{"@type":"ListItem","position":3,"name":"Grazalema","item":"https:\/\/www.fuertehoteles.com\/de\/reiseziele\/grazalema-urlaub\/"},{"@type":"ListItem","position":4,"name":"Ausfl\u00fcge"}]},{"@type":"WebSite","@id":"https:\/\/www.fuertehoteles.com\/#website","url":"https:\/\/www.fuertehoteles.com\/","name":"Fuerte Hoteles","description":"","publisher":{"@id":"https:\/\/www.fuertehoteles.com\/#organization"},"potentialAction":[{"@type":"SearchAction","target":{"@type":"EntryPoint","urlTemplate":"https:\/\/www.fuertehoteles.com\/?s={search_term_string}"},"query-input":"required name=search_term_string"}],"inLanguage":"de"},{"@type":"Organization","@id":"https:\/\/www.fuertehoteles.com\/#organization","name":"Fuerte Hoteles","url":"https:\/\/www.fuertehoteles.com\/","logo":{"@type":"ImageObject","inLanguage":"de","@id":"https:\/\/www.fuertehoteles.com\/#\/schema\/logo\/image\/","url":"https:\/\/www.fuertehoteles.com\/wp-content\/uploads\/2022\/09\/logo-ffhh-1.jpg","contentUrl":"https:\/\/www.fuertehoteles.com\/wp-content\/uploads\/2022\/09\/logo-ffhh-1.jpg","width":500,"height":500,"caption":"Fuerte Hoteles"},"image":{"@id":"https:\/\/www.fuertehoteles.com\/#\/schema\/logo\/image\/"},"sameAs":["https:\/\/www.facebook.com\/HotelesFuerte","https:\/\/twitter.com\/fuertehoteles","https:\/\/www.instagram.com\/fuertehoteles\/","https:\/\/www.linkedin.com\/company\/fuerte-hoteles\/","https:\/\/www.youtube.com\/user\/fuertehoteles","https:\/\/en.wikipedia.org\/wiki\/Fuerte_Hotels"]}]}},"_links":{"self":[{"href":"https:\/\/www.fuertehoteles.com\/de\/wp-json\/wp\/v2\/pages\/4787","targetHints":{"allow":["GET"]}}],"collection":[{"href":"https:\/\/www.fuertehoteles.com\/de\/wp-json\/wp\/v2\/pages"}],"about":[{"href":"https:\/\/www.fuertehoteles.com\/de\/wp-json\/wp\/v2\/types\/page"}],"author":[{"embeddable":true,"href":"https:\/\/www.fuertehoteles.com\/de\/wp-json\/wp\/v2\/users\/6"}],"replies":[{"embeddable":true,"href":"https:\/\/www.fuertehoteles.com\/de\/wp-json\/wp\/v2\/comments?post=4787"}],"version-history":[{"count":0,"href":"https:\/\/www.fuertehoteles.com\/de\/wp-json\/wp\/v2\/pages\/4787\/revisions"}],"up":[{"embeddable":true,"href":"https:\/\/www.fuertehoteles.com\/de\/wp-json\/wp\/v2\/pages\/4744"}],"wp:featuredmedia":[{"embeddable":true,"href":"https:\/\/www.fuertehoteles.com\/de\/wp-json\/wp\/v2\/media\/1689"}],"wp:attachment":[{"href":"https:\/\/www.fuertehoteles.com\/de\/wp-json\/wp\/v2\/media?parent=4787"}],"curies":[{"name":"wp","href":"https:\/\/api.w.org\/{rel}","templated":true}]}}