{"id":4796,"date":"2021-11-26T14:59:38","date_gmt":"2021-11-26T13:59:38","guid":{"rendered":"https:\/\/www.fuertehoteles.com\/reiseziele\/grazalema-urlaub\/donde-comer\/"},"modified":"2023-06-06T13:13:27","modified_gmt":"2023-06-06T11:13:27","slug":"wo-essen-gehen","status":"publish","type":"page","link":"https:\/\/www.fuertehoteles.com\/de\/reiseziele\/grazalema-urlaub\/wo-essen-gehen\/","title":{"rendered":"Gastronomie"},"content":{"rendered":"[vc_row][vc_column el_class=&#8220;destination-content&#8220;][vc_column_text]\n<h1>Die besten Gerichte und Restaurants in Grazalema<\/h1>\n<h2>Grazalema (5 Minuten mit dem Auto und 30 Minuten zu Fu\u00df)<\/h2>\n<p>Grazalema bietet Ihnen eine reichhaltige Auswahl an Spezialit\u00e4ten, damit die kulinarischen Fans des traditionellen Geschmacks der Sierra mit ihren hochqualitativen Produkten auf ihre Kosten kommen.<\/p>\n<p><strong>Empfehlungen<\/strong>:<\/p>\n<p><strong>Payoyo K\u00e4se <\/strong>: Er wird aus der Milch der <em>Papoyo<\/em> Ziege hergestellt und ist einer der Protagonisten, wenn es um Tapas geht. Er K\u00e4se ist sehr schmackhaft und hat eine feine Textur.<br \/>\n<strong><br \/>\nSuppe aus Grazalema<\/strong>: Das Rezept beruht auf der Br\u00fche eines Eintopfs mit dem intensiven Geschmack der Chorizo und zarter Minze.<\/p>\n<p><strong>Fleischgerichte<\/strong>: Das gebackene Lamm und Wild mit So\u00dfe sind die Hauptgerichte auf dem Tisch.<\/p>\n<p><strong>S\u00fc\u00dfspeisen<\/strong>: Eichelkuchen, <em>Amarguillos<\/em> (Mandelgeb\u00e4ck mit Zimt) und die ber\u00fchmten <em>Cubiletes <\/em>sind die f\u00fcr Grazalema typischen s\u00fc\u00dfen St\u00fcckchen.<\/p>\n<p><strong>Tapas<\/strong>: Grazalema ist der ideale Ort, um einer der typischsten Br\u00e4uche Spaniens nachzugehen: <strong>eine Tapatour.<\/strong> Daf\u00fcr empfehlen wir Ihnen die folgende Bars:<\/p>\n<ul>\n<li><strong>Gastrobar La Maroma (5 Minuten mit dem Auto):<\/strong> Tapas und qualitativ hochwertige Lebensmittel.<\/li>\n<li><strong>La Posadilla (5 Minuten mit dem Auto):<\/strong> Hausgemachte Tapas und Gerichte, wo man im Winter die Suppe mit Schinkenw\u00fcrfeln und hart gekochtem Ei und im Sommer die Gazpacho nicht vergessen sollte.<\/li>\n<li><strong>Zulema (5 Minuten mit dem Auto):<\/strong> Hausgemachte Tapas und Gerichte, wo man im Winter die Suppe mit Schinkenw\u00fcrfeln und hart gekochtem Ei und im Sommer die Gazpacho nicht vergessen sollte.<\/li>\n<li><strong>Rumores (5 Minuten mit dem Auto):<\/strong> Sehr bekannte Bar auf Tapatouren, die mit Qualit\u00e4t und Vielfalt aufwartet.<\/li>\n<\/ul>\n<h2>Restaurantes<\/h2>\n<p>Im Bezug auf die besten Restaurants, k\u00f6nnen wir folgende hervorheben:<\/p>\n<h3>Grazalema<\/h3>\n<p>(5 Minuten mit dem Auto)<\/p>\n<ul>\n<li><strong>Casa Mart\u00edn 1920<\/strong> (5 Minuten mit dem Auto): Ein gastronomischer Raum, um guten Wein, guten K\u00e4se und lokale K\u00fcche zu genie\u00dfen.<\/li>\n<li><strong>El Simanc\u00f3n<\/strong> (5 Minuten mit dem Auto): Das Wirtshaus <em>El Simanc\u00f3n<\/em>bietet in einem rustikalen Ambiente die typischen Gerichte der Sierra an.<\/li>\n<li><strong>Torre\u00f3n<\/strong> (5 Minuten mit dem Auto): Ein auf Wildgerichte spezialisiertes Restaurant, in dem man auch tolle Weine trinken kann.<\/li>\n<li><strong>Casa de las Piedras<\/strong> (5 Minuten mit dem Auto): Restaurant mit traditionellen Gerichten.<\/li>\n<li><strong>C\u00e1diz El Chico<\/strong> (5 Minuten mit dem Auto): Dieses Restaurant bietet Gerichte wie Lamm oder Wild aus dem Holzkohleofen an sowie die Suppe aus Grazalema.<\/li>\n<\/ul>\n<h3>Villaluenga del Rosario<\/h3>\n<p>(11 Minuten mit dem Auto)<\/p>\n<ul>\n<li><strong>La Posada de Ana<\/strong><\/li>\n<\/ul>\n<h3>Benaocaz<\/h3>\n<p>(16 Minuten mit dem Auto)<\/p>\n<ul>\n<li><strong>El Refugio<\/strong><\/li>\n<\/ul>\n<h3>Ubrique<\/h3>\n<p>(23 Minuten mit dem Auto)<\/p>\n<ul>\n<li><strong>El Laurel<\/strong><\/li>\n<li><strong>La Herradura<\/strong><\/li>\n<\/ul>\n<h3>Ronda<\/h3>\n<p>(30 Minuten mit dem Auto)<\/p>\n<ul>\n<li><strong>El Tragabuches<\/strong><\/li>\n<li><strong>El Escudero<\/strong><\/li>\n<li><strong>Sol y Sombra<\/strong><\/li>\n<li><strong>Pedro Romero<\/strong><\/li>\n<li><strong>Tragatapas<\/strong><\/li>\n<\/ul>\n[\/vc_column_text][\/vc_column][\/vc_row]\n","protected":false},"excerpt":{"rendered":"<p>[vc_row][vc_column el_class=&#8220;destination-content&#8220;][vc_column_text] Die besten Gerichte und Restaurants in Grazalema Grazalema (5 Minuten mit dem Auto und 30 Minuten zu Fu\u00df) Grazalema bietet Ihnen eine reichhaltige Auswahl an Spezialit\u00e4ten, damit die kulinarischen Fans des traditionellen Geschmacks der Sierra mit ihren hochqualitativen Produkten auf ihre Kosten kommen. Empfehlungen: Payoyo K\u00e4se : Er wird aus der Milch der<\/p>\n","protected":false},"author":6,"featured_media":1681,"parent":4744,"menu_order":0,"comment_status":"closed","ping_status":"closed","template":"templates\/destination-subpages.php","meta":{"footnotes":""},"class_list":["post-4796","page","type-page","status-publish","hentry"],"yoast_head":"<!-- This site is optimized with the Yoast SEO plugin v22.4 - https:\/\/yoast.com\/wordpress\/plugins\/seo\/ -->\n<title>Restaurants in Grazalema Die besten Gerichte im Grazalema<\/title>\n<meta name=\"description\" content=\"Informieren Sie sich bei Fuerte Hoteles \u00fcber die besten Gerichte und Restaurants in Grazalema und Umgebung. Lassen Sie sich Ihren Urlaub schmecken!\" \/>\n<meta name=\"robots\" content=\"index, follow, max-snippet:-1, max-image-preview:large, max-video-preview:-1\" \/>\n<link rel=\"canonical\" href=\"https:\/\/www.fuertehoteles.com\/de\/reiseziele\/grazalema-urlaub\/wo-essen-gehen\/\" \/>\n<meta property=\"og:locale\" content=\"de_DE\" \/>\n<meta property=\"og:type\" content=\"article\" \/>\n<meta property=\"og:title\" content=\"Restaurants in Grazalema Die besten Gerichte im Grazalema\" \/>\n<meta property=\"og:description\" content=\"Informieren Sie sich bei Fuerte Hoteles \u00fcber die besten Gerichte und Restaurants in Grazalema und Umgebung. Lassen Sie sich Ihren Urlaub schmecken!\" \/>\n<meta property=\"og:url\" content=\"https:\/\/www.fuertehoteles.com\/de\/reiseziele\/grazalema-urlaub\/wo-essen-gehen\/\" \/>\n<meta property=\"og:site_name\" content=\"Fuerte Hoteles\" \/>\n<meta property=\"article:publisher\" content=\"https:\/\/www.facebook.com\/HotelesFuerte\" \/>\n<meta property=\"article:modified_time\" content=\"2023-06-06T11:13:27+00:00\" \/>\n<meta property=\"og:image\" content=\"https:\/\/www.fuertehoteles.com\/wp-content\/uploads\/2021\/11\/grazalema-gastronomia.jpg\" \/>\n\t<meta property=\"og:image:width\" content=\"1920\" \/>\n\t<meta property=\"og:image:height\" content=\"540\" \/>\n\t<meta property=\"og:image:type\" content=\"image\/jpeg\" \/>\n<meta name=\"twitter:card\" content=\"summary_large_image\" \/>\n<meta name=\"twitter:site\" content=\"@fuertehoteles\" \/>\n<meta name=\"twitter:label1\" content=\"Gesch\u00e4tzte Lesezeit\" \/>\n\t<meta name=\"twitter:data1\" content=\"2\u00a0Minuten\" \/>\n<script type=\"application\/ld+json\" class=\"yoast-schema-graph\">{\"@context\":\"https:\/\/schema.org\",\"@graph\":[{\"@type\":\"WebPage\",\"@id\":\"https:\/\/www.fuertehoteles.com\/de\/reiseziele\/grazalema-urlaub\/wo-essen-gehen\/\",\"url\":\"https:\/\/www.fuertehoteles.com\/de\/reiseziele\/grazalema-urlaub\/wo-essen-gehen\/\",\"name\":\"Restaurants in Grazalema Die besten Gerichte im Grazalema\",\"isPartOf\":{\"@id\":\"https:\/\/www.fuertehoteles.com\/#website\"},\"primaryImageOfPage\":{\"@id\":\"https:\/\/www.fuertehoteles.com\/de\/reiseziele\/grazalema-urlaub\/wo-essen-gehen\/#primaryimage\"},\"image\":{\"@id\":\"https:\/\/www.fuertehoteles.com\/de\/reiseziele\/grazalema-urlaub\/wo-essen-gehen\/#primaryimage\"},\"thumbnailUrl\":\"https:\/\/www.fuertehoteles.com\/wp-content\/uploads\/2021\/11\/grazalema-gastronomia.jpg\",\"datePublished\":\"2021-11-26T13:59:38+00:00\",\"dateModified\":\"2023-06-06T11:13:27+00:00\",\"description\":\"Informieren Sie sich bei Fuerte Hoteles \u00fcber die besten Gerichte und Restaurants in Grazalema und Umgebung. Lassen Sie sich Ihren Urlaub schmecken!\",\"breadcrumb\":{\"@id\":\"https:\/\/www.fuertehoteles.com\/de\/reiseziele\/grazalema-urlaub\/wo-essen-gehen\/#breadcrumb\"},\"inLanguage\":\"de\",\"potentialAction\":[{\"@type\":\"ReadAction\",\"target\":[\"https:\/\/www.fuertehoteles.com\/de\/reiseziele\/grazalema-urlaub\/wo-essen-gehen\/\"]}]},{\"@type\":\"ImageObject\",\"inLanguage\":\"de\",\"@id\":\"https:\/\/www.fuertehoteles.com\/de\/reiseziele\/grazalema-urlaub\/wo-essen-gehen\/#primaryimage\",\"url\":\"https:\/\/www.fuertehoteles.com\/wp-content\/uploads\/2021\/11\/grazalema-gastronomia.jpg\",\"contentUrl\":\"https:\/\/www.fuertehoteles.com\/wp-content\/uploads\/2021\/11\/grazalema-gastronomia.jpg\",\"width\":1920,\"height\":540,\"caption\":\"restaurantes de Grazalema\"},{\"@type\":\"BreadcrumbList\",\"@id\":\"https:\/\/www.fuertehoteles.com\/de\/reiseziele\/grazalema-urlaub\/wo-essen-gehen\/#breadcrumb\",\"itemListElement\":[{\"@type\":\"ListItem\",\"position\":1,\"name\":\"Portada\",\"item\":\"https:\/\/www.fuertehoteles.com\/de\/\"},{\"@type\":\"ListItem\",\"position\":2,\"name\":\"Reiseziele\",\"item\":\"https:\/\/www.fuertehoteles.com\/de\/reiseziele\/\"},{\"@type\":\"ListItem\",\"position\":3,\"name\":\"Grazalema\",\"item\":\"https:\/\/www.fuertehoteles.com\/de\/reiseziele\/grazalema-urlaub\/\"},{\"@type\":\"ListItem\",\"position\":4,\"name\":\"Gastronomie\"}]},{\"@type\":\"WebSite\",\"@id\":\"https:\/\/www.fuertehoteles.com\/#website\",\"url\":\"https:\/\/www.fuertehoteles.com\/\",\"name\":\"Fuerte Hoteles\",\"description\":\"\",\"publisher\":{\"@id\":\"https:\/\/www.fuertehoteles.com\/#organization\"},\"potentialAction\":[{\"@type\":\"SearchAction\",\"target\":{\"@type\":\"EntryPoint\",\"urlTemplate\":\"https:\/\/www.fuertehoteles.com\/?s={search_term_string}\"},\"query-input\":\"required name=search_term_string\"}],\"inLanguage\":\"de\"},{\"@type\":\"Organization\",\"@id\":\"https:\/\/www.fuertehoteles.com\/#organization\",\"name\":\"Fuerte Hoteles\",\"url\":\"https:\/\/www.fuertehoteles.com\/\",\"logo\":{\"@type\":\"ImageObject\",\"inLanguage\":\"de\",\"@id\":\"https:\/\/www.fuertehoteles.com\/#\/schema\/logo\/image\/\",\"url\":\"https:\/\/www.fuertehoteles.com\/wp-content\/uploads\/2022\/09\/logo-ffhh-1.jpg\",\"contentUrl\":\"https:\/\/www.fuertehoteles.com\/wp-content\/uploads\/2022\/09\/logo-ffhh-1.jpg\",\"width\":500,\"height\":500,\"caption\":\"Fuerte Hoteles\"},\"image\":{\"@id\":\"https:\/\/www.fuertehoteles.com\/#\/schema\/logo\/image\/\"},\"sameAs\":[\"https:\/\/www.facebook.com\/HotelesFuerte\",\"https:\/\/twitter.com\/fuertehoteles\",\"https:\/\/www.instagram.com\/fuertehoteles\/\",\"https:\/\/www.linkedin.com\/company\/fuerte-hoteles\/\",\"https:\/\/www.youtube.com\/user\/fuertehoteles\",\"https:\/\/en.wikipedia.org\/wiki\/Fuerte_Hotels\"]}]}<\/script>\n<!-- \/ Yoast SEO plugin. -->","yoast_head_json":{"title":"Restaurants in Grazalema Die besten Gerichte im Grazalema","description":"Informieren Sie sich bei Fuerte Hoteles \u00fcber die besten Gerichte und Restaurants in Grazalema und Umgebung. Lassen Sie sich Ihren Urlaub schmecken!","robots":{"index":"index","follow":"follow","max-snippet":"max-snippet:-1","max-image-preview":"max-image-preview:large","max-video-preview":"max-video-preview:-1"},"canonical":"https:\/\/www.fuertehoteles.com\/de\/reiseziele\/grazalema-urlaub\/wo-essen-gehen\/","og_locale":"de_DE","og_type":"article","og_title":"Restaurants in Grazalema Die besten Gerichte im Grazalema","og_description":"Informieren Sie sich bei Fuerte Hoteles \u00fcber die besten Gerichte und Restaurants in Grazalema und Umgebung. Lassen Sie sich Ihren Urlaub schmecken!","og_url":"https:\/\/www.fuertehoteles.com\/de\/reiseziele\/grazalema-urlaub\/wo-essen-gehen\/","og_site_name":"Fuerte Hoteles","article_publisher":"https:\/\/www.facebook.com\/HotelesFuerte","article_modified_time":"2023-06-06T11:13:27+00:00","og_image":[{"width":1920,"height":540,"url":"https:\/\/www.fuertehoteles.com\/wp-content\/uploads\/2021\/11\/grazalema-gastronomia.jpg","type":"image\/jpeg"}],"twitter_card":"summary_large_image","twitter_site":"@fuertehoteles","twitter_misc":{"Gesch\u00e4tzte Lesezeit":"2\u00a0Minuten"},"schema":{"@context":"https:\/\/schema.org","@graph":[{"@type":"WebPage","@id":"https:\/\/www.fuertehoteles.com\/de\/reiseziele\/grazalema-urlaub\/wo-essen-gehen\/","url":"https:\/\/www.fuertehoteles.com\/de\/reiseziele\/grazalema-urlaub\/wo-essen-gehen\/","name":"Restaurants in Grazalema Die besten Gerichte im Grazalema","isPartOf":{"@id":"https:\/\/www.fuertehoteles.com\/#website"},"primaryImageOfPage":{"@id":"https:\/\/www.fuertehoteles.com\/de\/reiseziele\/grazalema-urlaub\/wo-essen-gehen\/#primaryimage"},"image":{"@id":"https:\/\/www.fuertehoteles.com\/de\/reiseziele\/grazalema-urlaub\/wo-essen-gehen\/#primaryimage"},"thumbnailUrl":"https:\/\/www.fuertehoteles.com\/wp-content\/uploads\/2021\/11\/grazalema-gastronomia.jpg","datePublished":"2021-11-26T13:59:38+00:00","dateModified":"2023-06-06T11:13:27+00:00","description":"Informieren Sie sich bei Fuerte Hoteles \u00fcber die besten Gerichte und Restaurants in Grazalema und Umgebung. Lassen Sie sich Ihren Urlaub schmecken!","breadcrumb":{"@id":"https:\/\/www.fuertehoteles.com\/de\/reiseziele\/grazalema-urlaub\/wo-essen-gehen\/#breadcrumb"},"inLanguage":"de","potentialAction":[{"@type":"ReadAction","target":["https:\/\/www.fuertehoteles.com\/de\/reiseziele\/grazalema-urlaub\/wo-essen-gehen\/"]}]},{"@type":"ImageObject","inLanguage":"de","@id":"https:\/\/www.fuertehoteles.com\/de\/reiseziele\/grazalema-urlaub\/wo-essen-gehen\/#primaryimage","url":"https:\/\/www.fuertehoteles.com\/wp-content\/uploads\/2021\/11\/grazalema-gastronomia.jpg","contentUrl":"https:\/\/www.fuertehoteles.com\/wp-content\/uploads\/2021\/11\/grazalema-gastronomia.jpg","width":1920,"height":540,"caption":"restaurantes de Grazalema"},{"@type":"BreadcrumbList","@id":"https:\/\/www.fuertehoteles.com\/de\/reiseziele\/grazalema-urlaub\/wo-essen-gehen\/#breadcrumb","itemListElement":[{"@type":"ListItem","position":1,"name":"Portada","item":"https:\/\/www.fuertehoteles.com\/de\/"},{"@type":"ListItem","position":2,"name":"Reiseziele","item":"https:\/\/www.fuertehoteles.com\/de\/reiseziele\/"},{"@type":"ListItem","position":3,"name":"Grazalema","item":"https:\/\/www.fuertehoteles.com\/de\/reiseziele\/grazalema-urlaub\/"},{"@type":"ListItem","position":4,"name":"Gastronomie"}]},{"@type":"WebSite","@id":"https:\/\/www.fuertehoteles.com\/#website","url":"https:\/\/www.fuertehoteles.com\/","name":"Fuerte Hoteles","description":"","publisher":{"@id":"https:\/\/www.fuertehoteles.com\/#organization"},"potentialAction":[{"@type":"SearchAction","target":{"@type":"EntryPoint","urlTemplate":"https:\/\/www.fuertehoteles.com\/?s={search_term_string}"},"query-input":"required name=search_term_string"}],"inLanguage":"de"},{"@type":"Organization","@id":"https:\/\/www.fuertehoteles.com\/#organization","name":"Fuerte Hoteles","url":"https:\/\/www.fuertehoteles.com\/","logo":{"@type":"ImageObject","inLanguage":"de","@id":"https:\/\/www.fuertehoteles.com\/#\/schema\/logo\/image\/","url":"https:\/\/www.fuertehoteles.com\/wp-content\/uploads\/2022\/09\/logo-ffhh-1.jpg","contentUrl":"https:\/\/www.fuertehoteles.com\/wp-content\/uploads\/2022\/09\/logo-ffhh-1.jpg","width":500,"height":500,"caption":"Fuerte Hoteles"},"image":{"@id":"https:\/\/www.fuertehoteles.com\/#\/schema\/logo\/image\/"},"sameAs":["https:\/\/www.facebook.com\/HotelesFuerte","https:\/\/twitter.com\/fuertehoteles","https:\/\/www.instagram.com\/fuertehoteles\/","https:\/\/www.linkedin.com\/company\/fuerte-hoteles\/","https:\/\/www.youtube.com\/user\/fuertehoteles","https:\/\/en.wikipedia.org\/wiki\/Fuerte_Hotels"]}]}},"_links":{"self":[{"href":"https:\/\/www.fuertehoteles.com\/de\/wp-json\/wp\/v2\/pages\/4796","targetHints":{"allow":["GET"]}}],"collection":[{"href":"https:\/\/www.fuertehoteles.com\/de\/wp-json\/wp\/v2\/pages"}],"about":[{"href":"https:\/\/www.fuertehoteles.com\/de\/wp-json\/wp\/v2\/types\/page"}],"author":[{"embeddable":true,"href":"https:\/\/www.fuertehoteles.com\/de\/wp-json\/wp\/v2\/users\/6"}],"replies":[{"embeddable":true,"href":"https:\/\/www.fuertehoteles.com\/de\/wp-json\/wp\/v2\/comments?post=4796"}],"version-history":[{"count":4,"href":"https:\/\/www.fuertehoteles.com\/de\/wp-json\/wp\/v2\/pages\/4796\/revisions"}],"predecessor-version":[{"id":150245,"href":"https:\/\/www.fuertehoteles.com\/de\/wp-json\/wp\/v2\/pages\/4796\/revisions\/150245"}],"up":[{"embeddable":true,"href":"https:\/\/www.fuertehoteles.com\/de\/wp-json\/wp\/v2\/pages\/4744"}],"wp:featuredmedia":[{"embeddable":true,"href":"https:\/\/www.fuertehoteles.com\/de\/wp-json\/wp\/v2\/media\/1681"}],"wp:attachment":[{"href":"https:\/\/www.fuertehoteles.com\/de\/wp-json\/wp\/v2\/media?parent=4796"}],"curies":[{"name":"wp","href":"https:\/\/api.w.org\/{rel}","templated":true}]}}