{"id":4805,"date":"2021-11-26T14:57:15","date_gmt":"2021-11-26T13:57:15","guid":{"rendered":"https:\/\/www.fuertehoteles.com\/reiseziele\/grazalema-urlaub\/sierra-de-grazalema\/"},"modified":"2021-12-21T12:44:35","modified_gmt":"2021-12-21T11:44:35","slug":"sierra-de-grazalema","status":"publish","type":"page","link":"https:\/\/www.fuertehoteles.com\/de\/reiseziele\/grazalema-urlaub\/sierra-de-grazalema\/","title":{"rendered":"Sierra de Grazalema"},"content":{"rendered":"[vc_row][vc_column el_class=&#8220;destination-content&#8220;][vc_column_text]\n<h1>Das Beste der Sierra de Grazalema<\/h1>\n<p>Aufgrund ihrer Flora und Fauna und den herrlichen Landschaften gilt die <strong>Sierra von Grazalema<\/strong> im Herzen Andalusiens als eines der bedeutendsten Naturschutzgebiete Spaniens. Naturfreunde finden in diesem Gebiet, das von der <strong>UNESCO<\/strong> zum Biosph\u00e4renreservat erkl\u00e4rt wurde, unz\u00e4hlige Routen, bei denen f\u00fcr jeden das Passende dabei ist.<\/p>\n<h2>Wanderstrecken Sierra de Grazalema<\/h2>\n<p>(Entfernungen vom <strong><a href=\"https:\/\/www.fuertehoteles.com\/de\/hotels\/fuerte-grazalema\/das-hotel\/\">Hotel Fuerte Grazalema<\/a><\/strong>)<\/p>\n<h3>Wanderweg vom Hotel Fuerte Grazalema \u2013 Laguna del Rio Campobuche<\/h3>\n<p>10 Kilometer lange Strecke mit einem niedrigen bis mittleren Schwierigkeitsgrad. Sie ist \u00fcberwiegend flach und f\u00fchrt durch einen herrlichen Kork- und Bergeichenwald. W\u00e4hrend der zweieinhalb Stunden vom Fuerte Grazalema kreuzt die Strecke den Campobuche Fluss und f\u00fchrt an einer der gr\u00f6\u00dften Korkeichen des Naturparks vorbei, die den Namen \u201eKorkeiche des Abendgel\u00e4uts\u201c tr\u00e4gt.   F\u00fcr Wanderungen mit Kindern empfohlen.<\/p>\n<h3>Wanderweg Llanos del Republicano (Ausgangspunkt elf Minuten mit dem Auto)<\/h3>\n<p>F\u00fcnf Kilometer lange und einfache Strecke mit niedrigem Schwierigkeitsgrad, die zwei Stunden \u00fcber Weidefl\u00e4chen f\u00fchrt. Deshalb ist es durchaus m\u00f6glich, dass man hier auf Ziegen und K\u00fche trifft. Sie f\u00fchrt von Villaluenga del Rosario auf den Gipfel, wo man Raubv\u00f6gel beobachten oder bei der Ankunft im Tal die verschiedenen H\u00f6hlen erforschen kann, in denen es viele B\u00e4che gibt.<\/p>\n<h3>Wanderweg Calzada Romana (Ausgangspunkt 15 Minuten mit dem Auto)<\/h3>\n<p>Die zweist\u00fcndige Strecke beginnt am Aussichtspunkt von Benaocaz und f\u00fchrt auf einem alten r\u00f6mischen Weg, der restauriert wurde und deshalb noch gut erhalten ist, bis nach Ubrique. Sie ist f\u00fcnf Kilometer lang, hat einen niedrigen Schwierigkeitsgrad und f\u00fchrt durch ein Tal bis an die Quelle Los Diez Ca\u00f1os.<\/p>\n<h3>Wanderweg Pinsapar (Ausgangspunkt 15 Minuten mit dem Auto)<\/h3>\n<p>Sie ist eine der sch\u00f6nsten Strecken durch den weltweit gr\u00f6\u00dften Pinsapo-Tannenwald des Parks. Die Aussicht ist beeindruckend und es ist ganz normal, dass man hier G\u00e4nsegeier und Hirsche antrifft. Aufgrund ihrer zw\u00f6lf Kilometer L\u00e4nge und einer Dauer von f\u00fcnf Stunden, hat sie einen mittleren Schwierigkeitsgrad. Der Weg endet an der eindrucksvollen Quelle in Benamahoma.<\/p>\n<p>F\u00fcr diese Strecke ist eine Genehmigung erforderlich, die man per E-Mail 15 Tage im Voraus oder in einem der folgenden B\u00fcros beantragen kann: Besucherzentrum El Bosque (C\/Fco. Garc\u00eda Lorca s\/n. 11670, El Bosque Tel.: 956 70 97 33) oder im Fremdenverkehrsamt in Grazalema (von Dienstag bis Sonntag). Die Genehmigung wird je nach Verf\u00fcgbarkeit sofort ausgestellt.<\/p>\n<h3>Aufstieg zum Gipfel des El Torre\u00f3n (Ausgangspunkt 20 Minuten mit dem Auto)<\/h3>\n<p>Trotz des steilen Anstiegs bis zum 1654 Meter hohen Gipfel, lohnt es sich, die spektakul\u00e4re Aussicht zu genie\u00dfen (niedriger bis mittlerer Schwierigkeitsgrad). Der Ausgangspunkt liegt zwischen Benamahoma und Grazalema und w\u00e4hrend den zweieinhalb Stunden zwischen Bergeichen und B\u00fcschen kann man Bergziegen und Raubv\u00f6gel beobachten.<\/p>\n<p>F\u00fcr diese Strecke ist eine Genehmigung erforderlich, die man per E-Mail 15 Tage im Voraus oder in einem der folgenden B\u00fcros beantragen kann: Besucherzentrum El Bosque (C\/Fco. Garc\u00eda Lorca s\/n. 11670, El Bosque Tel.: 956 70 97 33) oder im Fremdenverkehrsamt in Grazalema (von Dienstag bis Sonntag). Die Genehmigung wird je nach Verf\u00fcgbarkeit sofort ausgestellt.<\/p>\n<h3>Wanderweg Ojo del Moro (Ausgangspunkt 20 Minuten mit dem Auto)<\/h3>\n<p>Diese Wanderstrecke f\u00fchrt am Pajaruco Bach bis zu einem Aussichtspunkt mit Blick auf den Tavizna Fluss und die Festung von Aznalmara. Es gibt eine Variante, die nach rechts abbiegt und zum Wanderweg Salto del Cabrero f\u00fchrt. Von dort geht es zur\u00fcck nach Benaocaz, wobei man auf einer sehenswerten alten Br\u00fccke erneut den Pajaruco Bach kreuzt. Die Variante hat eine L\u00e4nge von vier Kilometern, einen niedrigen bis mittleren Schwierigkeitsgrad und dauert eineinhalb Stunden.<\/p>\n<h3>Wanderweg Llanos del Rabel (Ausgangspunkt 25 Minuten mit dem Auto)<\/h3>\n<p>Einer der spektakul\u00e4rsten Wanderwege ist der acht Kilometer lange  Llano del Rabel, f\u00fcr den man vom Acebuches Pass (hin und zur\u00fcck) vier Stunden ben\u00f6tigt. Es ist eine fast flache Strecke, der es auch unge\u00fcbten Person erlaubt, das Herz des Naturparks von Grazalema kennenzulernen und den Pinsapo-Tannenwald anzuschauen. F\u00fcr Wanderungen mit Kindern empfohlen.<\/p>\n<p>F\u00fcr diese Strecke ist eine Genehmigung erforderlich, die man per E-Mail 15 Tage im Voraus oder in einem der folgenden B\u00fcros beantragen kann: Besucherzentrum El Bosque (C\/Fco. Garc\u00eda Lorca s\/n. 11670, El Bosque Tel.: 956 70 97 33) oder im Fremdenverkehrsamt in Grazalema (von Dienstag bis Sonntag). Die Genehmigung wird je nach Verf\u00fcgbarkeit sofort ausgestellt.<\/p>\n<h3>Wanderweg Garganta Verde (Ausgangspunkt 25 Minuten mit dem Auto)<\/h3>\n<p>Diese drei Kilometer lange Bergwanderung  hat einen mittleren bis hohen Schwierigkeitsgrad und bietet einen herrlichen Panoramablick der Schlucht, in der sich der Bocaleones Bach durchschl\u00e4ngelt. Es ist eine 400 Meter tiefe Schlucht mit einer riesigen H\u00f6hle  im Tal. Der Absteig ist sehr steil und dauert vom Ausgangspunkt in Zahara drei Stunden. Auf dieser herrlichen Strecke kann man die Geier aus unmittelbarer N\u00e4he beobachten.<\/p>\n<p>F\u00fcr diese Strecke ist eine Genehmigung erforderlich, die man per E-Mail 15 Tage im Voraus oder in einem der folgenden B\u00fcros beantragen kann: Besucherzentrum El Bosque (C\/Fco. Garc\u00eda Lorca s\/n. 11670, El Bosque Tel.: 956 70 97 33) oder im Fremdenverkehrsamt in Grazalema (von Dienstag bis Sonntag). Die Genehmigung wird je nach Verf\u00fcgbarkeit sofort ausgestellt.<\/p>\n<h3>Wanderweg Majaceite Fluss (Ausgangspunkt 25 Minuten mit dem Auto)<\/h3>\n<p>Dieser 5,3 Kilometer lange Wanderweg bietet die M\u00f6glichkeit, in zwei Stunden bequem am Majaceite Fluss von El Bosque nach Benamahoma zu wandern. Dieses Gebiet ist die Habitat der schreckhaften Biberratten und eines herrlichen Waldes mit Pappeln, Eschen und Ulmen. Die Strecke hat einen niedrigen Schwierigkeitsgrad und eignet sich f\u00fcr Kinder.<\/p>\n<h3>Wanderweg von Benaoj\u00e1n bis zur H\u00f6hle Cueva del Gato (Ausgangspunkt 30 Minuten)<\/h3>\n<p>Der Bahnhof von Benaoj\u00e1n ist der Startpunkt der f\u00fcnf Kilometer langen Strecke \u00fcber den Guadiaro Fluss bis zur Ca\u00f1ada Real im Campo de Gibraltar. Dieser Viehweg verbindet Ronda mit Algeciras und hat einen niedrigen Schwierigkeitsgrad. Der Wanderweg f\u00fchrt Sie bis zur eindrucksvollen H\u00f6hle Cueva del Gato, in der das Wasser eine wundervolle, unterirdische Welt geschaffen hat.<\/p>\n<h3>Wanderweg Las Angosturas von Benaoj\u00e1n nach Jimera de L\u00edbar(Ausgangspunkt 30 Minuten mit dem Auto)<\/h3>\n<p>Diese landschaftlich wundersch\u00f6ne Strecke beginnt am Bahnhof von Benaoj\u00e1n und f\u00fchrt zwischen Stein- und Bergeichen durch das Guadiaro-Tal bis zum acht Kilometer entfernten Bahnhof von Jimera del L\u00edbar. Die einfache Strecke empfiehlt sich f\u00fcr Familien, da man mit dem Zug zum Ausgangspunkt zur\u00fcckfahren kann.<\/p>\n<h2>Fahrradtouren<\/h2>\n<h3>Fahrradtour vom Hotel Fuerte Grazalema \u2013 Llanos del Republicano<\/h3>\n<p>Aufgrund ihres niedrigen Schwierigkeitsgrad und ihrer Sch\u00f6nheit, eignet sich die Strecke Llanos del Republicano (5 Kilometer lange Wanderstrecke) perfekt f\u00fcr Sportarten wie das Fahrradfahren mit dem Hotel Fuerte Grazalema als Ausgangspunkt.<\/p>\n<h3>V\u00eda Verde de la Sierra (Ausgangspunkt 40 Minuten mit dem Auto)<\/h3>\n<p>Diese <a href=\"https:\/\/www.fundacionviaverdedelasierra.es\/de\/\" target=\"_blank\" rel=\"noopener\">35 Kilometer lange Strecke<\/a> und mittlerem Schwierigkeitsgrad beginnt am Serrano Pass und verl\u00e4uft auf einer alten, stillgelegten Gleisanlage parallel zum Fluss. Drei Stunden lang kommen Sie an so spektakul\u00e4ren Pl\u00e4tzen vorbei wie der Zaframag\u00f3n Felsen, einem der besiedelsten Geierreservate Europas.<\/p>\n<h3>Pferdeausritte<\/h3>\n<p>Grazalema bietet zahlreiche Pferderouten an, auf denen man auf dem Pferder\u00fccken die Natur genie\u00dfen kann. Informieren Sie sich an der Rezeption.[\/vc_column_text][\/vc_column][\/vc_row]\n","protected":false},"excerpt":{"rendered":"<p>[vc_row][vc_column el_class=&#8220;destination-content&#8220;][vc_column_text] Das Beste der Sierra de Grazalema Aufgrund ihrer Flora und Fauna und den herrlichen Landschaften gilt die Sierra von Grazalema im Herzen Andalusiens als eines der bedeutendsten Naturschutzgebiete Spaniens. Naturfreunde finden in diesem Gebiet, das von der UNESCO zum Biosph\u00e4renreservat erkl\u00e4rt wurde, unz\u00e4hlige Routen, bei denen f\u00fcr jeden das Passende dabei ist. Wanderstrecken<\/p>\n","protected":false},"author":6,"featured_media":1677,"parent":4744,"menu_order":0,"comment_status":"closed","ping_status":"closed","template":"templates\/destination-subpages.php","meta":{"footnotes":""},"class_list":["post-4805","page","type-page","status-publish","hentry"],"yoast_head":"<!-- This site is optimized with the Yoast SEO plugin v22.4 - https:\/\/yoast.com\/wordpress\/plugins\/seo\/ -->\n<title>Das Beste der Sierra de Grazalema in Andalusien<\/title>\n<meta name=\"description\" content=\"Sierra de Grazalema gilt, aufgrund seiner reichhaltigen Flora &amp; Fauna sowie seinen herrlichen Landschaften, als einer der bedeutendsten Naturparks Spaniens\" \/>\n<meta name=\"robots\" content=\"index, follow, max-snippet:-1, max-image-preview:large, max-video-preview:-1\" \/>\n<link rel=\"canonical\" href=\"https:\/\/www.fuertehoteles.com\/de\/reiseziele\/grazalema-urlaub\/sierra-de-grazalema\/\" \/>\n<meta property=\"og:locale\" content=\"de_DE\" \/>\n<meta property=\"og:type\" content=\"article\" \/>\n<meta property=\"og:title\" content=\"Das Beste der Sierra de Grazalema in Andalusien\" \/>\n<meta property=\"og:description\" content=\"Sierra de Grazalema gilt, aufgrund seiner reichhaltigen Flora &amp; Fauna sowie seinen herrlichen Landschaften, als einer der bedeutendsten Naturparks Spaniens\" \/>\n<meta property=\"og:url\" content=\"https:\/\/www.fuertehoteles.com\/de\/reiseziele\/grazalema-urlaub\/sierra-de-grazalema\/\" \/>\n<meta property=\"og:site_name\" content=\"Fuerte Hoteles\" \/>\n<meta property=\"article:publisher\" content=\"https:\/\/www.facebook.com\/HotelesFuerte\" \/>\n<meta property=\"article:modified_time\" content=\"2021-12-21T11:44:35+00:00\" \/>\n<meta property=\"og:image\" content=\"https:\/\/www.fuertehoteles.com\/wp-content\/uploads\/2021\/11\/sierra-de-grazalema.jpg\" \/>\n\t<meta property=\"og:image:width\" content=\"1920\" \/>\n\t<meta property=\"og:image:height\" content=\"540\" \/>\n\t<meta property=\"og:image:type\" content=\"image\/jpeg\" \/>\n<meta name=\"twitter:card\" content=\"summary_large_image\" \/>\n<meta name=\"twitter:site\" content=\"@fuertehoteles\" \/>\n<meta name=\"twitter:label1\" content=\"Gesch\u00e4tzte Lesezeit\" \/>\n\t<meta name=\"twitter:data1\" content=\"5\u00a0Minuten\" \/>\n<script type=\"application\/ld+json\" class=\"yoast-schema-graph\">{\"@context\":\"https:\/\/schema.org\",\"@graph\":[{\"@type\":\"WebPage\",\"@id\":\"https:\/\/www.fuertehoteles.com\/de\/reiseziele\/grazalema-urlaub\/sierra-de-grazalema\/\",\"url\":\"https:\/\/www.fuertehoteles.com\/de\/reiseziele\/grazalema-urlaub\/sierra-de-grazalema\/\",\"name\":\"Das Beste der Sierra de Grazalema in Andalusien\",\"isPartOf\":{\"@id\":\"https:\/\/www.fuertehoteles.com\/#website\"},\"primaryImageOfPage\":{\"@id\":\"https:\/\/www.fuertehoteles.com\/de\/reiseziele\/grazalema-urlaub\/sierra-de-grazalema\/#primaryimage\"},\"image\":{\"@id\":\"https:\/\/www.fuertehoteles.com\/de\/reiseziele\/grazalema-urlaub\/sierra-de-grazalema\/#primaryimage\"},\"thumbnailUrl\":\"https:\/\/www.fuertehoteles.com\/wp-content\/uploads\/2021\/11\/sierra-de-grazalema.jpg\",\"datePublished\":\"2021-11-26T13:57:15+00:00\",\"dateModified\":\"2021-12-21T11:44:35+00:00\",\"description\":\"Sierra de Grazalema gilt, aufgrund seiner reichhaltigen Flora & Fauna sowie seinen herrlichen Landschaften, als einer der bedeutendsten Naturparks Spaniens\",\"breadcrumb\":{\"@id\":\"https:\/\/www.fuertehoteles.com\/de\/reiseziele\/grazalema-urlaub\/sierra-de-grazalema\/#breadcrumb\"},\"inLanguage\":\"de\",\"potentialAction\":[{\"@type\":\"ReadAction\",\"target\":[\"https:\/\/www.fuertehoteles.com\/de\/reiseziele\/grazalema-urlaub\/sierra-de-grazalema\/\"]}]},{\"@type\":\"ImageObject\",\"inLanguage\":\"de\",\"@id\":\"https:\/\/www.fuertehoteles.com\/de\/reiseziele\/grazalema-urlaub\/sierra-de-grazalema\/#primaryimage\",\"url\":\"https:\/\/www.fuertehoteles.com\/wp-content\/uploads\/2021\/11\/sierra-de-grazalema.jpg\",\"contentUrl\":\"https:\/\/www.fuertehoteles.com\/wp-content\/uploads\/2021\/11\/sierra-de-grazalema.jpg\",\"width\":1920,\"height\":540,\"caption\":\"Sierra de Grazalema\"},{\"@type\":\"BreadcrumbList\",\"@id\":\"https:\/\/www.fuertehoteles.com\/de\/reiseziele\/grazalema-urlaub\/sierra-de-grazalema\/#breadcrumb\",\"itemListElement\":[{\"@type\":\"ListItem\",\"position\":1,\"name\":\"Portada\",\"item\":\"https:\/\/www.fuertehoteles.com\/de\/\"},{\"@type\":\"ListItem\",\"position\":2,\"name\":\"Reiseziele\",\"item\":\"https:\/\/www.fuertehoteles.com\/de\/reiseziele\/\"},{\"@type\":\"ListItem\",\"position\":3,\"name\":\"Grazalema\",\"item\":\"https:\/\/www.fuertehoteles.com\/de\/reiseziele\/grazalema-urlaub\/\"},{\"@type\":\"ListItem\",\"position\":4,\"name\":\"Sierra de Grazalema\"}]},{\"@type\":\"WebSite\",\"@id\":\"https:\/\/www.fuertehoteles.com\/#website\",\"url\":\"https:\/\/www.fuertehoteles.com\/\",\"name\":\"Fuerte Hoteles\",\"description\":\"\",\"publisher\":{\"@id\":\"https:\/\/www.fuertehoteles.com\/#organization\"},\"potentialAction\":[{\"@type\":\"SearchAction\",\"target\":{\"@type\":\"EntryPoint\",\"urlTemplate\":\"https:\/\/www.fuertehoteles.com\/?s={search_term_string}\"},\"query-input\":\"required name=search_term_string\"}],\"inLanguage\":\"de\"},{\"@type\":\"Organization\",\"@id\":\"https:\/\/www.fuertehoteles.com\/#organization\",\"name\":\"Fuerte Hoteles\",\"url\":\"https:\/\/www.fuertehoteles.com\/\",\"logo\":{\"@type\":\"ImageObject\",\"inLanguage\":\"de\",\"@id\":\"https:\/\/www.fuertehoteles.com\/#\/schema\/logo\/image\/\",\"url\":\"https:\/\/www.fuertehoteles.com\/wp-content\/uploads\/2022\/09\/logo-ffhh-1.jpg\",\"contentUrl\":\"https:\/\/www.fuertehoteles.com\/wp-content\/uploads\/2022\/09\/logo-ffhh-1.jpg\",\"width\":500,\"height\":500,\"caption\":\"Fuerte Hoteles\"},\"image\":{\"@id\":\"https:\/\/www.fuertehoteles.com\/#\/schema\/logo\/image\/\"},\"sameAs\":[\"https:\/\/www.facebook.com\/HotelesFuerte\",\"https:\/\/twitter.com\/fuertehoteles\",\"https:\/\/www.instagram.com\/fuertehoteles\/\",\"https:\/\/www.linkedin.com\/company\/fuerte-hoteles\/\",\"https:\/\/www.youtube.com\/user\/fuertehoteles\",\"https:\/\/en.wikipedia.org\/wiki\/Fuerte_Hotels\"]}]}<\/script>\n<!-- \/ Yoast SEO plugin. -->","yoast_head_json":{"title":"Das Beste der Sierra de Grazalema in Andalusien","description":"Sierra de Grazalema gilt, aufgrund seiner reichhaltigen Flora & Fauna sowie seinen herrlichen Landschaften, als einer der bedeutendsten Naturparks Spaniens","robots":{"index":"index","follow":"follow","max-snippet":"max-snippet:-1","max-image-preview":"max-image-preview:large","max-video-preview":"max-video-preview:-1"},"canonical":"https:\/\/www.fuertehoteles.com\/de\/reiseziele\/grazalema-urlaub\/sierra-de-grazalema\/","og_locale":"de_DE","og_type":"article","og_title":"Das Beste der Sierra de Grazalema in Andalusien","og_description":"Sierra de Grazalema gilt, aufgrund seiner reichhaltigen Flora & Fauna sowie seinen herrlichen Landschaften, als einer der bedeutendsten Naturparks Spaniens","og_url":"https:\/\/www.fuertehoteles.com\/de\/reiseziele\/grazalema-urlaub\/sierra-de-grazalema\/","og_site_name":"Fuerte Hoteles","article_publisher":"https:\/\/www.facebook.com\/HotelesFuerte","article_modified_time":"2021-12-21T11:44:35+00:00","og_image":[{"width":1920,"height":540,"url":"https:\/\/www.fuertehoteles.com\/wp-content\/uploads\/2021\/11\/sierra-de-grazalema.jpg","type":"image\/jpeg"}],"twitter_card":"summary_large_image","twitter_site":"@fuertehoteles","twitter_misc":{"Gesch\u00e4tzte Lesezeit":"5\u00a0Minuten"},"schema":{"@context":"https:\/\/schema.org","@graph":[{"@type":"WebPage","@id":"https:\/\/www.fuertehoteles.com\/de\/reiseziele\/grazalema-urlaub\/sierra-de-grazalema\/","url":"https:\/\/www.fuertehoteles.com\/de\/reiseziele\/grazalema-urlaub\/sierra-de-grazalema\/","name":"Das Beste der Sierra de Grazalema in Andalusien","isPartOf":{"@id":"https:\/\/www.fuertehoteles.com\/#website"},"primaryImageOfPage":{"@id":"https:\/\/www.fuertehoteles.com\/de\/reiseziele\/grazalema-urlaub\/sierra-de-grazalema\/#primaryimage"},"image":{"@id":"https:\/\/www.fuertehoteles.com\/de\/reiseziele\/grazalema-urlaub\/sierra-de-grazalema\/#primaryimage"},"thumbnailUrl":"https:\/\/www.fuertehoteles.com\/wp-content\/uploads\/2021\/11\/sierra-de-grazalema.jpg","datePublished":"2021-11-26T13:57:15+00:00","dateModified":"2021-12-21T11:44:35+00:00","description":"Sierra de Grazalema gilt, aufgrund seiner reichhaltigen Flora & Fauna sowie seinen herrlichen Landschaften, als einer der bedeutendsten Naturparks Spaniens","breadcrumb":{"@id":"https:\/\/www.fuertehoteles.com\/de\/reiseziele\/grazalema-urlaub\/sierra-de-grazalema\/#breadcrumb"},"inLanguage":"de","potentialAction":[{"@type":"ReadAction","target":["https:\/\/www.fuertehoteles.com\/de\/reiseziele\/grazalema-urlaub\/sierra-de-grazalema\/"]}]},{"@type":"ImageObject","inLanguage":"de","@id":"https:\/\/www.fuertehoteles.com\/de\/reiseziele\/grazalema-urlaub\/sierra-de-grazalema\/#primaryimage","url":"https:\/\/www.fuertehoteles.com\/wp-content\/uploads\/2021\/11\/sierra-de-grazalema.jpg","contentUrl":"https:\/\/www.fuertehoteles.com\/wp-content\/uploads\/2021\/11\/sierra-de-grazalema.jpg","width":1920,"height":540,"caption":"Sierra de Grazalema"},{"@type":"BreadcrumbList","@id":"https:\/\/www.fuertehoteles.com\/de\/reiseziele\/grazalema-urlaub\/sierra-de-grazalema\/#breadcrumb","itemListElement":[{"@type":"ListItem","position":1,"name":"Portada","item":"https:\/\/www.fuertehoteles.com\/de\/"},{"@type":"ListItem","position":2,"name":"Reiseziele","item":"https:\/\/www.fuertehoteles.com\/de\/reiseziele\/"},{"@type":"ListItem","position":3,"name":"Grazalema","item":"https:\/\/www.fuertehoteles.com\/de\/reiseziele\/grazalema-urlaub\/"},{"@type":"ListItem","position":4,"name":"Sierra de Grazalema"}]},{"@type":"WebSite","@id":"https:\/\/www.fuertehoteles.com\/#website","url":"https:\/\/www.fuertehoteles.com\/","name":"Fuerte Hoteles","description":"","publisher":{"@id":"https:\/\/www.fuertehoteles.com\/#organization"},"potentialAction":[{"@type":"SearchAction","target":{"@type":"EntryPoint","urlTemplate":"https:\/\/www.fuertehoteles.com\/?s={search_term_string}"},"query-input":"required name=search_term_string"}],"inLanguage":"de"},{"@type":"Organization","@id":"https:\/\/www.fuertehoteles.com\/#organization","name":"Fuerte Hoteles","url":"https:\/\/www.fuertehoteles.com\/","logo":{"@type":"ImageObject","inLanguage":"de","@id":"https:\/\/www.fuertehoteles.com\/#\/schema\/logo\/image\/","url":"https:\/\/www.fuertehoteles.com\/wp-content\/uploads\/2022\/09\/logo-ffhh-1.jpg","contentUrl":"https:\/\/www.fuertehoteles.com\/wp-content\/uploads\/2022\/09\/logo-ffhh-1.jpg","width":500,"height":500,"caption":"Fuerte Hoteles"},"image":{"@id":"https:\/\/www.fuertehoteles.com\/#\/schema\/logo\/image\/"},"sameAs":["https:\/\/www.facebook.com\/HotelesFuerte","https:\/\/twitter.com\/fuertehoteles","https:\/\/www.instagram.com\/fuertehoteles\/","https:\/\/www.linkedin.com\/company\/fuerte-hoteles\/","https:\/\/www.youtube.com\/user\/fuertehoteles","https:\/\/en.wikipedia.org\/wiki\/Fuerte_Hotels"]}]}},"_links":{"self":[{"href":"https:\/\/www.fuertehoteles.com\/de\/wp-json\/wp\/v2\/pages\/4805","targetHints":{"allow":["GET"]}}],"collection":[{"href":"https:\/\/www.fuertehoteles.com\/de\/wp-json\/wp\/v2\/pages"}],"about":[{"href":"https:\/\/www.fuertehoteles.com\/de\/wp-json\/wp\/v2\/types\/page"}],"author":[{"embeddable":true,"href":"https:\/\/www.fuertehoteles.com\/de\/wp-json\/wp\/v2\/users\/6"}],"replies":[{"embeddable":true,"href":"https:\/\/www.fuertehoteles.com\/de\/wp-json\/wp\/v2\/comments?post=4805"}],"version-history":[{"count":0,"href":"https:\/\/www.fuertehoteles.com\/de\/wp-json\/wp\/v2\/pages\/4805\/revisions"}],"up":[{"embeddable":true,"href":"https:\/\/www.fuertehoteles.com\/de\/wp-json\/wp\/v2\/pages\/4744"}],"wp:featuredmedia":[{"embeddable":true,"href":"https:\/\/www.fuertehoteles.com\/de\/wp-json\/wp\/v2\/media\/1677"}],"wp:attachment":[{"href":"https:\/\/www.fuertehoteles.com\/de\/wp-json\/wp\/v2\/media?parent=4805"}],"curies":[{"name":"wp","href":"https:\/\/api.w.org\/{rel}","templated":true}]}}