{"id":4834,"date":"2021-11-26T15:08:36","date_gmt":"2021-11-26T14:08:36","guid":{"rendered":"https:\/\/www.fuertehoteles.com\/reiseziele\/marbella-urlaub\/casco-antiguo\/"},"modified":"2021-12-22T10:02:00","modified_gmt":"2021-12-22T09:02:00","slug":"altstadt","status":"publish","type":"page","link":"https:\/\/www.fuertehoteles.com\/de\/reiseziele\/marbella-urlaub\/altstadt\/","title":{"rendered":"Altstadt"},"content":{"rendered":"[vc_row][vc_column el_class=&#8220;destination-content&#8220;][vc_column_text]\n<h1 class=\"page-title2\">Das Beste aus der Altstadt von Marbella<\/h1>\n<p>Marbella ist vor allem f\u00fcr Liebhaber von Strand und Glamour ein Paradies. Weniger bekannt ist die Altstadt, die mit ihren engen, wei\u00dfen Gassen \u00fcberrascht. Etwas versteckt finden sich hier weitere wundersch\u00f6ne Sehensw\u00fcrdigkeiten in Marbella. Auf einem Spaziergang werden Sie den Charme des einst typisch andalusischen Dorfs entdecken. Sehr sehenswert sind im Stadtkern vor allem die alten Stadtmauern und Kirchen. Toll ist, dass Sie durch die g\u00fcnstige Lage unsere <strong><a href=\"https:\/\/www.fuertehoteles.com\/de\/hotels\/fuerte-marbella\/das-hotel\/\">Hotel Fuerte Marbella<\/a><\/strong> viele Sehensw\u00fcrdigkeiten in Marbella einfach zu Fu\u00df erreichen k\u00f6nnen.<\/p>\n<h3>Kirche La Encarnaci\u00f3n (5 Min. zu Fu\u00df)<\/h3>\n<p>Der Plaza de los Naranjos l\u00e4dt zum Verweilen ein. Mit seinem besonderen Brunnen aus der Renaissance, eingeh\u00fcllt im Duft der Orangenbl\u00fcten und umgeben von den typischen wei\u00dfen H\u00e4usern, wird hier die bodenst\u00e4ndige und zauberhafte \u201eAndalus\u00ed\u201c-Essenz zur Schau gestellt. Dieser lebhafte Platz l\u00e4dt dazu ein, im Schatten der Orangeb\u00e4ume Platz zu nehmen, um einen leckeren Aperitif zu genie\u00dfen.<\/p>\n<h3>Casa del Corregidor (Haus des Landvogts) (5 Min. zu Fu\u00df)<\/h3>\n<p>Sie wollen noch mehr Sehensw\u00fcrdigkeiten in Marbella besuchen? Dann bleiben Sie noch eine Weile auf dem Orangenplatz und sehen Sie sich eines der symboltr\u00e4chtigsten Geb\u00e4ude in Marbella an: zum Beispiel das Casa del Corregidor, das Haus des Landvogts. Achten Sie bei Ihrem Besuch besonders auf die Fassade des Herrschaftshauses aus dem XVI Jahrhundert. Hier vermischen sich die Stilrichtungen der Gotik, Renaissance und Mud\u00e9jar. Am Dach gibt es zus\u00e4tzlich verschiedene Mauerfresken zu bewundern. Es ist eines der symboltr\u00e4chtigsten Geb\u00e4ude der Stadt und befindet sich auf dem Orangenplatz.<\/p>\n<h3>Rathaus aus dem XVI Jahrhundert (5 Min. zu Fu\u00df)<\/h3>\n<p>Der Bau des heutigen Rathauses von Marbella wurde von den katholischen K\u00f6nigen in Auftrag gegeben. An einer seiner Fassaden kann man Gedenktafeln sehen, die an die Wiedereroberung der Stadt erinnern. Der Renaissance-Stil wird durch einen feierlich wirkenden Innenhof im Geb\u00e4ude repr\u00e4sentiert. Das geschichtstr\u00e4chtige Rathaus ist damit eine echte Sehensw\u00fcrdigkeit in Marbella.<\/p>\n<h3>Wallfahrtskirche von Santiago (5 Min. zu Fu\u00df)<\/h3>\n<p>Die Wallfahrtskirche von Santiago ist die erste christliche Kirche der Stadt. Sie wurde im XV. Jahrhundert erbaut und z\u00e4hlt zu den bekanntesten Sehensw\u00fcrdigkeiten in Marbella. Heute ist die Kirche der Sitz der Bruderschaft Sant\u00edsimo Cristo del Amor, Mar\u00eda Sant\u00edsima de la Caridad und Juan Evangelista. Auch Sie befindet sich auf dem Orangenplatz in der Altstadt, direkt neben dem Rathausgeb\u00e4ude.<\/p>\n<h3>Museum f\u00fcr zeitgen\u00f6ssische spanische Grafik (5 Min. zu Fu\u00df)<\/h3>\n<p>Wenn Sie au\u00dfergew\u00f6hnlichen Sehensw\u00fcrdigkeiten in Marbella suchen, dann lohnt sich ein Besuch im Museum f\u00fcr zeitgen\u00f6ssische spanische Grafik. Es besitzt eine Grafiksammlung von K\u00fcnstlern des XX. Jahrhunderts wie u. a. Picasso, Mir\u00f3, Dal\u00ed, Tapies und Chillida sowie einen Saal, der einer didaktischen Ausstellung \u00fcber Grafiktechniken gewidmet ist. Tauchen Sie hier ein in die Welt der spanischen Kunst.<\/p>\n<h3>\u00dcberreste der arabischen Stadtmauer und der Festung (7 Min. zu Fu\u00df)<\/h3>\n<p>Einen Sprung in die vergangene Zeit unternehmen Sie beim Besuch der \u00dcberreste der arabischen Stadtmauer und der Festung. Die Stadtmauer verlief um die gesamte arabische Stadt von Marbella. In der Festung k\u00f6nnen Sie als Besucher noch \u00dcberreste r\u00f6mischer Kapitele sehen, die aus den anderen Geb\u00e4uden entfernt wurden, um die existierenden Mauern zu nutzen. Eine Besichtigung dieser Sehensw\u00fcrdigkeit in Marbella versetzt die Besucher in die arabische Epoche des K\u00fcstenortes zur\u00fcck.<\/p>\n<h3>Skulpturen von Dal\u00ed (2 Min. zu Fu\u00df)<\/h3>\n<p>Sie interessieren sich f\u00fcr Skulpturen von Dal\u00ed? Dann ist die Ausstellung der Skulpturen auf der Avenida del Mar die perfekte Sehensw\u00fcrdigkeit in Marbella f\u00fcr Sie. Unter freiem Himmel k\u00f6nnen Sie hier bekannte Werke von Salvador Dal\u00ed bewundern. Der sitzende Don Quijote, Mercurio oder die Gala Gradiva, die auf den Horizont Marbellas blicken, sind nur einige der Werke dieses spanischen Genies.[\/vc_column_text][\/vc_column][\/vc_row]\n","protected":false},"excerpt":{"rendered":"<p>[vc_row][vc_column el_class=&#8220;destination-content&#8220;][vc_column_text] Das Beste aus der Altstadt von Marbella Marbella ist vor allem f\u00fcr Liebhaber von Strand und Glamour ein Paradies. Weniger bekannt ist die Altstadt, die mit ihren engen, wei\u00dfen Gassen \u00fcberrascht. Etwas versteckt finden sich hier weitere wundersch\u00f6ne Sehensw\u00fcrdigkeiten in Marbella. Auf einem Spaziergang werden Sie den Charme des einst typisch andalusischen Dorfs<\/p>\n","protected":false},"author":6,"featured_media":1541,"parent":4815,"menu_order":0,"comment_status":"closed","ping_status":"closed","template":"templates\/destination-subpages.php","meta":{"footnotes":""},"class_list":["post-4834","page","type-page","status-publish","hentry"],"yoast_head":"<!-- This site is optimized with the Yoast SEO plugin v22.4 - https:\/\/yoast.com\/wordpress\/plugins\/seo\/ -->\n<title>Altstadt von Marbella, Tourismus in Marbella, Costa del Sol<\/title>\n<meta name=\"description\" content=\"Wenn Sie sich entlang der Altstadt von Marbella wundern, werden Sie den Charme des typisch andalusischen Dorfes entdecken, das einst war.\" \/>\n<meta name=\"robots\" content=\"index, follow, max-snippet:-1, max-image-preview:large, max-video-preview:-1\" \/>\n<link rel=\"canonical\" href=\"https:\/\/www.fuertehoteles.com\/de\/reiseziele\/marbella-urlaub\/altstadt\/\" \/>\n<meta property=\"og:locale\" content=\"de_DE\" \/>\n<meta property=\"og:type\" content=\"article\" \/>\n<meta property=\"og:title\" content=\"Altstadt von Marbella, Tourismus in Marbella, Costa del Sol\" \/>\n<meta property=\"og:description\" content=\"Wenn Sie sich entlang der Altstadt von Marbella wundern, werden Sie den Charme des typisch andalusischen Dorfes entdecken, das einst war.\" \/>\n<meta property=\"og:url\" content=\"https:\/\/www.fuertehoteles.com\/de\/reiseziele\/marbella-urlaub\/altstadt\/\" \/>\n<meta property=\"og:site_name\" content=\"Fuerte Hoteles\" \/>\n<meta property=\"article:publisher\" content=\"https:\/\/www.facebook.com\/HotelesFuerte\" \/>\n<meta property=\"article:modified_time\" content=\"2021-12-22T09:02:00+00:00\" \/>\n<meta property=\"og:image\" content=\"https:\/\/www.fuertehoteles.com\/wp-content\/uploads\/2021\/11\/marbella-casco-antiguo.jpg\" \/>\n\t<meta property=\"og:image:width\" content=\"1920\" \/>\n\t<meta property=\"og:image:height\" content=\"540\" \/>\n\t<meta property=\"og:image:type\" content=\"image\/jpeg\" \/>\n<meta name=\"twitter:card\" content=\"summary_large_image\" \/>\n<meta name=\"twitter:site\" content=\"@fuertehoteles\" \/>\n<meta name=\"twitter:label1\" content=\"Gesch\u00e4tzte Lesezeit\" \/>\n\t<meta name=\"twitter:data1\" content=\"3\u00a0Minuten\" \/>\n<script type=\"application\/ld+json\" class=\"yoast-schema-graph\">{\"@context\":\"https:\/\/schema.org\",\"@graph\":[{\"@type\":\"WebPage\",\"@id\":\"https:\/\/www.fuertehoteles.com\/de\/reiseziele\/marbella-urlaub\/altstadt\/\",\"url\":\"https:\/\/www.fuertehoteles.com\/de\/reiseziele\/marbella-urlaub\/altstadt\/\",\"name\":\"Altstadt von Marbella, Tourismus in Marbella, Costa del Sol\",\"isPartOf\":{\"@id\":\"https:\/\/www.fuertehoteles.com\/#website\"},\"primaryImageOfPage\":{\"@id\":\"https:\/\/www.fuertehoteles.com\/de\/reiseziele\/marbella-urlaub\/altstadt\/#primaryimage\"},\"image\":{\"@id\":\"https:\/\/www.fuertehoteles.com\/de\/reiseziele\/marbella-urlaub\/altstadt\/#primaryimage\"},\"thumbnailUrl\":\"https:\/\/www.fuertehoteles.com\/wp-content\/uploads\/2021\/11\/marbella-casco-antiguo.jpg\",\"datePublished\":\"2021-11-26T14:08:36+00:00\",\"dateModified\":\"2021-12-22T09:02:00+00:00\",\"description\":\"Wenn Sie sich entlang der Altstadt von Marbella wundern, werden Sie den Charme des typisch andalusischen Dorfes entdecken, das einst war.\",\"breadcrumb\":{\"@id\":\"https:\/\/www.fuertehoteles.com\/de\/reiseziele\/marbella-urlaub\/altstadt\/#breadcrumb\"},\"inLanguage\":\"de\",\"potentialAction\":[{\"@type\":\"ReadAction\",\"target\":[\"https:\/\/www.fuertehoteles.com\/de\/reiseziele\/marbella-urlaub\/altstadt\/\"]}]},{\"@type\":\"ImageObject\",\"inLanguage\":\"de\",\"@id\":\"https:\/\/www.fuertehoteles.com\/de\/reiseziele\/marbella-urlaub\/altstadt\/#primaryimage\",\"url\":\"https:\/\/www.fuertehoteles.com\/wp-content\/uploads\/2021\/11\/marbella-casco-antiguo.jpg\",\"contentUrl\":\"https:\/\/www.fuertehoteles.com\/wp-content\/uploads\/2021\/11\/marbella-casco-antiguo.jpg\",\"width\":1920,\"height\":540,\"caption\":\"Casco antiguo de Marbella\"},{\"@type\":\"BreadcrumbList\",\"@id\":\"https:\/\/www.fuertehoteles.com\/de\/reiseziele\/marbella-urlaub\/altstadt\/#breadcrumb\",\"itemListElement\":[{\"@type\":\"ListItem\",\"position\":1,\"name\":\"Portada\",\"item\":\"https:\/\/www.fuertehoteles.com\/de\/\"},{\"@type\":\"ListItem\",\"position\":2,\"name\":\"Reiseziele\",\"item\":\"https:\/\/www.fuertehoteles.com\/de\/reiseziele\/\"},{\"@type\":\"ListItem\",\"position\":3,\"name\":\"Marbella\",\"item\":\"https:\/\/www.fuertehoteles.com\/de\/reiseziele\/marbella-urlaub\/\"},{\"@type\":\"ListItem\",\"position\":4,\"name\":\"Altstadt\"}]},{\"@type\":\"WebSite\",\"@id\":\"https:\/\/www.fuertehoteles.com\/#website\",\"url\":\"https:\/\/www.fuertehoteles.com\/\",\"name\":\"Fuerte Hoteles\",\"description\":\"\",\"publisher\":{\"@id\":\"https:\/\/www.fuertehoteles.com\/#organization\"},\"potentialAction\":[{\"@type\":\"SearchAction\",\"target\":{\"@type\":\"EntryPoint\",\"urlTemplate\":\"https:\/\/www.fuertehoteles.com\/?s={search_term_string}\"},\"query-input\":\"required name=search_term_string\"}],\"inLanguage\":\"de\"},{\"@type\":\"Organization\",\"@id\":\"https:\/\/www.fuertehoteles.com\/#organization\",\"name\":\"Fuerte Hoteles\",\"url\":\"https:\/\/www.fuertehoteles.com\/\",\"logo\":{\"@type\":\"ImageObject\",\"inLanguage\":\"de\",\"@id\":\"https:\/\/www.fuertehoteles.com\/#\/schema\/logo\/image\/\",\"url\":\"https:\/\/www.fuertehoteles.com\/wp-content\/uploads\/2022\/09\/logo-ffhh-1.jpg\",\"contentUrl\":\"https:\/\/www.fuertehoteles.com\/wp-content\/uploads\/2022\/09\/logo-ffhh-1.jpg\",\"width\":500,\"height\":500,\"caption\":\"Fuerte Hoteles\"},\"image\":{\"@id\":\"https:\/\/www.fuertehoteles.com\/#\/schema\/logo\/image\/\"},\"sameAs\":[\"https:\/\/www.facebook.com\/HotelesFuerte\",\"https:\/\/twitter.com\/fuertehoteles\",\"https:\/\/www.instagram.com\/fuertehoteles\/\",\"https:\/\/www.linkedin.com\/company\/fuerte-hoteles\/\",\"https:\/\/www.youtube.com\/user\/fuertehoteles\",\"https:\/\/en.wikipedia.org\/wiki\/Fuerte_Hotels\"]}]}<\/script>\n<!-- \/ Yoast SEO plugin. -->","yoast_head_json":{"title":"Altstadt von Marbella, Tourismus in Marbella, Costa del Sol","description":"Wenn Sie sich entlang der Altstadt von Marbella wundern, werden Sie den Charme des typisch andalusischen Dorfes entdecken, das einst war.","robots":{"index":"index","follow":"follow","max-snippet":"max-snippet:-1","max-image-preview":"max-image-preview:large","max-video-preview":"max-video-preview:-1"},"canonical":"https:\/\/www.fuertehoteles.com\/de\/reiseziele\/marbella-urlaub\/altstadt\/","og_locale":"de_DE","og_type":"article","og_title":"Altstadt von Marbella, Tourismus in Marbella, Costa del Sol","og_description":"Wenn Sie sich entlang der Altstadt von Marbella wundern, werden Sie den Charme des typisch andalusischen Dorfes entdecken, das einst war.","og_url":"https:\/\/www.fuertehoteles.com\/de\/reiseziele\/marbella-urlaub\/altstadt\/","og_site_name":"Fuerte Hoteles","article_publisher":"https:\/\/www.facebook.com\/HotelesFuerte","article_modified_time":"2021-12-22T09:02:00+00:00","og_image":[{"width":1920,"height":540,"url":"https:\/\/www.fuertehoteles.com\/wp-content\/uploads\/2021\/11\/marbella-casco-antiguo.jpg","type":"image\/jpeg"}],"twitter_card":"summary_large_image","twitter_site":"@fuertehoteles","twitter_misc":{"Gesch\u00e4tzte Lesezeit":"3\u00a0Minuten"},"schema":{"@context":"https:\/\/schema.org","@graph":[{"@type":"WebPage","@id":"https:\/\/www.fuertehoteles.com\/de\/reiseziele\/marbella-urlaub\/altstadt\/","url":"https:\/\/www.fuertehoteles.com\/de\/reiseziele\/marbella-urlaub\/altstadt\/","name":"Altstadt von Marbella, Tourismus in Marbella, Costa del Sol","isPartOf":{"@id":"https:\/\/www.fuertehoteles.com\/#website"},"primaryImageOfPage":{"@id":"https:\/\/www.fuertehoteles.com\/de\/reiseziele\/marbella-urlaub\/altstadt\/#primaryimage"},"image":{"@id":"https:\/\/www.fuertehoteles.com\/de\/reiseziele\/marbella-urlaub\/altstadt\/#primaryimage"},"thumbnailUrl":"https:\/\/www.fuertehoteles.com\/wp-content\/uploads\/2021\/11\/marbella-casco-antiguo.jpg","datePublished":"2021-11-26T14:08:36+00:00","dateModified":"2021-12-22T09:02:00+00:00","description":"Wenn Sie sich entlang der Altstadt von Marbella wundern, werden Sie den Charme des typisch andalusischen Dorfes entdecken, das einst war.","breadcrumb":{"@id":"https:\/\/www.fuertehoteles.com\/de\/reiseziele\/marbella-urlaub\/altstadt\/#breadcrumb"},"inLanguage":"de","potentialAction":[{"@type":"ReadAction","target":["https:\/\/www.fuertehoteles.com\/de\/reiseziele\/marbella-urlaub\/altstadt\/"]}]},{"@type":"ImageObject","inLanguage":"de","@id":"https:\/\/www.fuertehoteles.com\/de\/reiseziele\/marbella-urlaub\/altstadt\/#primaryimage","url":"https:\/\/www.fuertehoteles.com\/wp-content\/uploads\/2021\/11\/marbella-casco-antiguo.jpg","contentUrl":"https:\/\/www.fuertehoteles.com\/wp-content\/uploads\/2021\/11\/marbella-casco-antiguo.jpg","width":1920,"height":540,"caption":"Casco antiguo de Marbella"},{"@type":"BreadcrumbList","@id":"https:\/\/www.fuertehoteles.com\/de\/reiseziele\/marbella-urlaub\/altstadt\/#breadcrumb","itemListElement":[{"@type":"ListItem","position":1,"name":"Portada","item":"https:\/\/www.fuertehoteles.com\/de\/"},{"@type":"ListItem","position":2,"name":"Reiseziele","item":"https:\/\/www.fuertehoteles.com\/de\/reiseziele\/"},{"@type":"ListItem","position":3,"name":"Marbella","item":"https:\/\/www.fuertehoteles.com\/de\/reiseziele\/marbella-urlaub\/"},{"@type":"ListItem","position":4,"name":"Altstadt"}]},{"@type":"WebSite","@id":"https:\/\/www.fuertehoteles.com\/#website","url":"https:\/\/www.fuertehoteles.com\/","name":"Fuerte Hoteles","description":"","publisher":{"@id":"https:\/\/www.fuertehoteles.com\/#organization"},"potentialAction":[{"@type":"SearchAction","target":{"@type":"EntryPoint","urlTemplate":"https:\/\/www.fuertehoteles.com\/?s={search_term_string}"},"query-input":"required name=search_term_string"}],"inLanguage":"de"},{"@type":"Organization","@id":"https:\/\/www.fuertehoteles.com\/#organization","name":"Fuerte Hoteles","url":"https:\/\/www.fuertehoteles.com\/","logo":{"@type":"ImageObject","inLanguage":"de","@id":"https:\/\/www.fuertehoteles.com\/#\/schema\/logo\/image\/","url":"https:\/\/www.fuertehoteles.com\/wp-content\/uploads\/2022\/09\/logo-ffhh-1.jpg","contentUrl":"https:\/\/www.fuertehoteles.com\/wp-content\/uploads\/2022\/09\/logo-ffhh-1.jpg","width":500,"height":500,"caption":"Fuerte Hoteles"},"image":{"@id":"https:\/\/www.fuertehoteles.com\/#\/schema\/logo\/image\/"},"sameAs":["https:\/\/www.facebook.com\/HotelesFuerte","https:\/\/twitter.com\/fuertehoteles","https:\/\/www.instagram.com\/fuertehoteles\/","https:\/\/www.linkedin.com\/company\/fuerte-hoteles\/","https:\/\/www.youtube.com\/user\/fuertehoteles","https:\/\/en.wikipedia.org\/wiki\/Fuerte_Hotels"]}]}},"_links":{"self":[{"href":"https:\/\/www.fuertehoteles.com\/de\/wp-json\/wp\/v2\/pages\/4834","targetHints":{"allow":["GET"]}}],"collection":[{"href":"https:\/\/www.fuertehoteles.com\/de\/wp-json\/wp\/v2\/pages"}],"about":[{"href":"https:\/\/www.fuertehoteles.com\/de\/wp-json\/wp\/v2\/types\/page"}],"author":[{"embeddable":true,"href":"https:\/\/www.fuertehoteles.com\/de\/wp-json\/wp\/v2\/users\/6"}],"replies":[{"embeddable":true,"href":"https:\/\/www.fuertehoteles.com\/de\/wp-json\/wp\/v2\/comments?post=4834"}],"version-history":[{"count":0,"href":"https:\/\/www.fuertehoteles.com\/de\/wp-json\/wp\/v2\/pages\/4834\/revisions"}],"up":[{"embeddable":true,"href":"https:\/\/www.fuertehoteles.com\/de\/wp-json\/wp\/v2\/pages\/4815"}],"wp:featuredmedia":[{"embeddable":true,"href":"https:\/\/www.fuertehoteles.com\/de\/wp-json\/wp\/v2\/media\/1541"}],"wp:attachment":[{"href":"https:\/\/www.fuertehoteles.com\/de\/wp-json\/wp\/v2\/media?parent=4834"}],"curies":[{"name":"wp","href":"https:\/\/api.w.org\/{rel}","templated":true}]}}