{"id":4843,"date":"2021-11-26T15:10:36","date_gmt":"2021-11-26T14:10:36","guid":{"rendered":"https:\/\/www.fuertehoteles.com\/reiseziele\/marbella-urlaub\/compras\/"},"modified":"2021-12-22T10:10:14","modified_gmt":"2021-12-22T09:10:14","slug":"einkaufsmoeglichkeiten","status":"publish","type":"page","link":"https:\/\/www.fuertehoteles.com\/de\/reiseziele\/marbella-urlaub\/einkaufsmoeglichkeiten\/","title":{"rendered":"Einkaufen"},"content":{"rendered":"[vc_row][vc_column el_class=&#8220;destination-content&#8220;][vc_column_text]\n<h1>Die besten Einkaufsm\u00f6glichkeiten in Marbella<\/h1>\n<p>In <strong>Marbella<\/strong> finden Sie Gesch\u00e4fte aller Art mit sowohl exklusiven als auch traditionellen Waren und Produkten. Hier bietet sich das Einkaufen als tolle Alternative zu einem Tag am Strand an. Wir geben Ihnen ein paar Tipps, um in <strong>Marbella<\/strong> zu richtig zu shoppen:<\/p>\n<p>Die Einkaufsm\u00f6glichkeiten in Marbella sind unweit von den <strong><a href=\"https:\/\/www.fuertehoteles.com\/de\/hotels\/fuerte-marbella\/das-hotel\/\">Hotel Fuerte Marbella<\/a><\/strong> entfernt und k\u00f6nnen teilweise auch leicht zu Fu\u00df erreicht werden.<\/p>\n<h3>Altstadt mit den Hauptstra\u00dfen Avda. Ram\u00f3n y Cajal und Ricardo Soriano (5 Min. zu Fu\u00df)<\/h3>\n<p>Die Altstadt ist der perfekte Ort, wenn Sie auf der Suche nach angesagter Mode, Accessoires oder Souvenirs sind, und das entspannte Ambiente der <strong>Altstadt<\/strong>suchen. Wer es lieber etwas lebendiger hat, sollte die Gesch\u00e4fte an der Hauptstra\u00dfen Avenida Ricardo Soriano und Avenida Ram\u00f3n y Cajal erkunden.<\/p>\n<h3>Einkaufszentrum La Ca\u00f1ada (5 Min. mit dem Auto)<\/h3>\n<p>Ein riesiges Einkaufszentrum in <strong>Marbella<\/strong>, in dem Sie alle Eink\u00e4ufe erledigen k\u00f6nnen ist das La Ca\u00f1ada. Hier finden Sie von Mode- und Schuhboutiquen, bis hin zu Gesch\u00e4ften mit Accessoires und Haushaltswaren die unterschiedlichsten L\u00e4den. Technik, B\u00fccher und Musik erhalten Sie in dem bekannten Gesch\u00e4ft FNAC.<\/p>\n<h3>Puerto Ban\u00fas (15 Min. mit dem Auto)<\/h3>\n<p><strong>Puerto Banus<\/strong> ist der ber\u00fchmteste Jachthafen und Touristentreffpunkt S\u00fcdeuropas. Als eines der gr\u00f6\u00dften Unterhaltungszentren der <strong>Costa del Sol<\/strong> ist der luxuri\u00f6se Hafen perfekt geeignet f\u00fcr eine Shoppingtour \u2013 besonders f\u00fcr alle, die Fans exklusiver Marken- und Luxusartikel sind.<\/p>\n<p>Hier befindet sich auch das Einkaufszentrum <strong>Marina Ban\u00fas<\/strong>, eines der bekanntesten Einkaufszentren von Marbella sowie das <strong>Corte Ingl\u00e9s von Puerto Ban\u00fas<\/strong>.<\/p>\n<h3>Wochenmarkt<\/h3>\n<p>Die in Spanien typischen Wochenm\u00e4rkte sind die preiswertesten Einkaufsm\u00f6glichkeiten in Marbella und der Umgebung. Der Wochenmarkt findet in <strong>Marbella am Montag, in San Pedro de Alc\u00e1ntara am Donnerstag und in Puerto Ban\u00fas am Samstag<\/strong> statt.[\/vc_column_text][\/vc_column][\/vc_row]\n","protected":false},"excerpt":{"rendered":"<p>[vc_row][vc_column el_class=&#8220;destination-content&#8220;][vc_column_text] Die besten Einkaufsm\u00f6glichkeiten in Marbella In Marbella finden Sie Gesch\u00e4fte aller Art mit sowohl exklusiven als auch traditionellen Waren und Produkten. Hier bietet sich das Einkaufen als tolle Alternative zu einem Tag am Strand an. Wir geben Ihnen ein paar Tipps, um in Marbella zu richtig zu shoppen: Die Einkaufsm\u00f6glichkeiten in Marbella sind<\/p>\n","protected":false},"author":6,"featured_media":1545,"parent":4815,"menu_order":0,"comment_status":"closed","ping_status":"closed","template":"templates\/destination-subpages.php","meta":{"footnotes":""},"class_list":["post-4843","page","type-page","status-publish","hentry"],"yoast_head":"<!-- This site is optimized with the Yoast SEO plugin v22.4 - https:\/\/yoast.com\/wordpress\/plugins\/seo\/ -->\n<title>Einkaufsm\u00f6glichkeiten in Marbella, Tourismus in Marbella, Costa del Sol<\/title>\n<meta name=\"description\" content=\"Entdecken Sie die tollen Einkaufsm\u00f6glichkeiten in Marbella, die sich hervorragend f\u00fcr eine Shoppingtour oder das Kaufen sch\u00f6ner Souvenirs eignen.\" \/>\n<meta name=\"robots\" content=\"index, follow, max-snippet:-1, max-image-preview:large, max-video-preview:-1\" \/>\n<link rel=\"canonical\" href=\"https:\/\/www.fuertehoteles.com\/de\/reiseziele\/marbella-urlaub\/einkaufsmoeglichkeiten\/\" \/>\n<meta property=\"og:locale\" content=\"de_DE\" \/>\n<meta property=\"og:type\" content=\"article\" \/>\n<meta property=\"og:title\" content=\"Einkaufsm\u00f6glichkeiten in Marbella, Tourismus in Marbella, Costa del Sol\" \/>\n<meta property=\"og:description\" content=\"Entdecken Sie die tollen Einkaufsm\u00f6glichkeiten in Marbella, die sich hervorragend f\u00fcr eine Shoppingtour oder das Kaufen sch\u00f6ner Souvenirs eignen.\" \/>\n<meta property=\"og:url\" content=\"https:\/\/www.fuertehoteles.com\/de\/reiseziele\/marbella-urlaub\/einkaufsmoeglichkeiten\/\" \/>\n<meta property=\"og:site_name\" content=\"Fuerte Hoteles\" \/>\n<meta property=\"article:publisher\" content=\"https:\/\/www.facebook.com\/HotelesFuerte\" \/>\n<meta property=\"article:modified_time\" content=\"2021-12-22T09:10:14+00:00\" \/>\n<meta property=\"og:image\" content=\"https:\/\/www.fuertehoteles.com\/wp-content\/uploads\/2021\/11\/tiendas-de-marbella.jpg\" \/>\n\t<meta property=\"og:image:width\" content=\"1920\" \/>\n\t<meta property=\"og:image:height\" content=\"540\" \/>\n\t<meta property=\"og:image:type\" content=\"image\/jpeg\" \/>\n<meta name=\"twitter:card\" content=\"summary_large_image\" \/>\n<meta name=\"twitter:site\" content=\"@fuertehoteles\" \/>\n<meta name=\"twitter:label1\" content=\"Gesch\u00e4tzte Lesezeit\" \/>\n\t<meta name=\"twitter:data1\" content=\"2\u00a0Minuten\" \/>\n<script type=\"application\/ld+json\" class=\"yoast-schema-graph\">{\"@context\":\"https:\/\/schema.org\",\"@graph\":[{\"@type\":\"WebPage\",\"@id\":\"https:\/\/www.fuertehoteles.com\/de\/reiseziele\/marbella-urlaub\/einkaufsmoeglichkeiten\/\",\"url\":\"https:\/\/www.fuertehoteles.com\/de\/reiseziele\/marbella-urlaub\/einkaufsmoeglichkeiten\/\",\"name\":\"Einkaufsm\u00f6glichkeiten in Marbella, Tourismus in Marbella, Costa del Sol\",\"isPartOf\":{\"@id\":\"https:\/\/www.fuertehoteles.com\/#website\"},\"primaryImageOfPage\":{\"@id\":\"https:\/\/www.fuertehoteles.com\/de\/reiseziele\/marbella-urlaub\/einkaufsmoeglichkeiten\/#primaryimage\"},\"image\":{\"@id\":\"https:\/\/www.fuertehoteles.com\/de\/reiseziele\/marbella-urlaub\/einkaufsmoeglichkeiten\/#primaryimage\"},\"thumbnailUrl\":\"https:\/\/www.fuertehoteles.com\/wp-content\/uploads\/2021\/11\/tiendas-de-marbella.jpg\",\"datePublished\":\"2021-11-26T14:10:36+00:00\",\"dateModified\":\"2021-12-22T09:10:14+00:00\",\"description\":\"Entdecken Sie die tollen Einkaufsm\u00f6glichkeiten in Marbella, die sich hervorragend f\u00fcr eine Shoppingtour oder das Kaufen sch\u00f6ner Souvenirs eignen.\",\"breadcrumb\":{\"@id\":\"https:\/\/www.fuertehoteles.com\/de\/reiseziele\/marbella-urlaub\/einkaufsmoeglichkeiten\/#breadcrumb\"},\"inLanguage\":\"de\",\"potentialAction\":[{\"@type\":\"ReadAction\",\"target\":[\"https:\/\/www.fuertehoteles.com\/de\/reiseziele\/marbella-urlaub\/einkaufsmoeglichkeiten\/\"]}]},{\"@type\":\"ImageObject\",\"inLanguage\":\"de\",\"@id\":\"https:\/\/www.fuertehoteles.com\/de\/reiseziele\/marbella-urlaub\/einkaufsmoeglichkeiten\/#primaryimage\",\"url\":\"https:\/\/www.fuertehoteles.com\/wp-content\/uploads\/2021\/11\/tiendas-de-marbella.jpg\",\"contentUrl\":\"https:\/\/www.fuertehoteles.com\/wp-content\/uploads\/2021\/11\/tiendas-de-marbella.jpg\",\"width\":1920,\"height\":540,\"caption\":\"tiendas en Marbella\"},{\"@type\":\"BreadcrumbList\",\"@id\":\"https:\/\/www.fuertehoteles.com\/de\/reiseziele\/marbella-urlaub\/einkaufsmoeglichkeiten\/#breadcrumb\",\"itemListElement\":[{\"@type\":\"ListItem\",\"position\":1,\"name\":\"Portada\",\"item\":\"https:\/\/www.fuertehoteles.com\/de\/\"},{\"@type\":\"ListItem\",\"position\":2,\"name\":\"Reiseziele\",\"item\":\"https:\/\/www.fuertehoteles.com\/de\/reiseziele\/\"},{\"@type\":\"ListItem\",\"position\":3,\"name\":\"Marbella\",\"item\":\"https:\/\/www.fuertehoteles.com\/de\/reiseziele\/marbella-urlaub\/\"},{\"@type\":\"ListItem\",\"position\":4,\"name\":\"Einkaufen\"}]},{\"@type\":\"WebSite\",\"@id\":\"https:\/\/www.fuertehoteles.com\/#website\",\"url\":\"https:\/\/www.fuertehoteles.com\/\",\"name\":\"Fuerte Hoteles\",\"description\":\"\",\"publisher\":{\"@id\":\"https:\/\/www.fuertehoteles.com\/#organization\"},\"potentialAction\":[{\"@type\":\"SearchAction\",\"target\":{\"@type\":\"EntryPoint\",\"urlTemplate\":\"https:\/\/www.fuertehoteles.com\/?s={search_term_string}\"},\"query-input\":\"required name=search_term_string\"}],\"inLanguage\":\"de\"},{\"@type\":\"Organization\",\"@id\":\"https:\/\/www.fuertehoteles.com\/#organization\",\"name\":\"Fuerte Hoteles\",\"url\":\"https:\/\/www.fuertehoteles.com\/\",\"logo\":{\"@type\":\"ImageObject\",\"inLanguage\":\"de\",\"@id\":\"https:\/\/www.fuertehoteles.com\/#\/schema\/logo\/image\/\",\"url\":\"https:\/\/www.fuertehoteles.com\/wp-content\/uploads\/2022\/09\/logo-ffhh-1.jpg\",\"contentUrl\":\"https:\/\/www.fuertehoteles.com\/wp-content\/uploads\/2022\/09\/logo-ffhh-1.jpg\",\"width\":500,\"height\":500,\"caption\":\"Fuerte Hoteles\"},\"image\":{\"@id\":\"https:\/\/www.fuertehoteles.com\/#\/schema\/logo\/image\/\"},\"sameAs\":[\"https:\/\/www.facebook.com\/HotelesFuerte\",\"https:\/\/twitter.com\/fuertehoteles\",\"https:\/\/www.instagram.com\/fuertehoteles\/\",\"https:\/\/www.linkedin.com\/company\/fuerte-hoteles\/\",\"https:\/\/www.youtube.com\/user\/fuertehoteles\",\"https:\/\/en.wikipedia.org\/wiki\/Fuerte_Hotels\"]}]}<\/script>\n<!-- \/ Yoast SEO plugin. -->","yoast_head_json":{"title":"Einkaufsm\u00f6glichkeiten in Marbella, Tourismus in Marbella, Costa del Sol","description":"Entdecken Sie die tollen Einkaufsm\u00f6glichkeiten in Marbella, die sich hervorragend f\u00fcr eine Shoppingtour oder das Kaufen sch\u00f6ner Souvenirs eignen.","robots":{"index":"index","follow":"follow","max-snippet":"max-snippet:-1","max-image-preview":"max-image-preview:large","max-video-preview":"max-video-preview:-1"},"canonical":"https:\/\/www.fuertehoteles.com\/de\/reiseziele\/marbella-urlaub\/einkaufsmoeglichkeiten\/","og_locale":"de_DE","og_type":"article","og_title":"Einkaufsm\u00f6glichkeiten in Marbella, Tourismus in Marbella, Costa del Sol","og_description":"Entdecken Sie die tollen Einkaufsm\u00f6glichkeiten in Marbella, die sich hervorragend f\u00fcr eine Shoppingtour oder das Kaufen sch\u00f6ner Souvenirs eignen.","og_url":"https:\/\/www.fuertehoteles.com\/de\/reiseziele\/marbella-urlaub\/einkaufsmoeglichkeiten\/","og_site_name":"Fuerte Hoteles","article_publisher":"https:\/\/www.facebook.com\/HotelesFuerte","article_modified_time":"2021-12-22T09:10:14+00:00","og_image":[{"width":1920,"height":540,"url":"https:\/\/www.fuertehoteles.com\/wp-content\/uploads\/2021\/11\/tiendas-de-marbella.jpg","type":"image\/jpeg"}],"twitter_card":"summary_large_image","twitter_site":"@fuertehoteles","twitter_misc":{"Gesch\u00e4tzte Lesezeit":"2\u00a0Minuten"},"schema":{"@context":"https:\/\/schema.org","@graph":[{"@type":"WebPage","@id":"https:\/\/www.fuertehoteles.com\/de\/reiseziele\/marbella-urlaub\/einkaufsmoeglichkeiten\/","url":"https:\/\/www.fuertehoteles.com\/de\/reiseziele\/marbella-urlaub\/einkaufsmoeglichkeiten\/","name":"Einkaufsm\u00f6glichkeiten in Marbella, Tourismus in Marbella, Costa del Sol","isPartOf":{"@id":"https:\/\/www.fuertehoteles.com\/#website"},"primaryImageOfPage":{"@id":"https:\/\/www.fuertehoteles.com\/de\/reiseziele\/marbella-urlaub\/einkaufsmoeglichkeiten\/#primaryimage"},"image":{"@id":"https:\/\/www.fuertehoteles.com\/de\/reiseziele\/marbella-urlaub\/einkaufsmoeglichkeiten\/#primaryimage"},"thumbnailUrl":"https:\/\/www.fuertehoteles.com\/wp-content\/uploads\/2021\/11\/tiendas-de-marbella.jpg","datePublished":"2021-11-26T14:10:36+00:00","dateModified":"2021-12-22T09:10:14+00:00","description":"Entdecken Sie die tollen Einkaufsm\u00f6glichkeiten in Marbella, die sich hervorragend f\u00fcr eine Shoppingtour oder das Kaufen sch\u00f6ner Souvenirs eignen.","breadcrumb":{"@id":"https:\/\/www.fuertehoteles.com\/de\/reiseziele\/marbella-urlaub\/einkaufsmoeglichkeiten\/#breadcrumb"},"inLanguage":"de","potentialAction":[{"@type":"ReadAction","target":["https:\/\/www.fuertehoteles.com\/de\/reiseziele\/marbella-urlaub\/einkaufsmoeglichkeiten\/"]}]},{"@type":"ImageObject","inLanguage":"de","@id":"https:\/\/www.fuertehoteles.com\/de\/reiseziele\/marbella-urlaub\/einkaufsmoeglichkeiten\/#primaryimage","url":"https:\/\/www.fuertehoteles.com\/wp-content\/uploads\/2021\/11\/tiendas-de-marbella.jpg","contentUrl":"https:\/\/www.fuertehoteles.com\/wp-content\/uploads\/2021\/11\/tiendas-de-marbella.jpg","width":1920,"height":540,"caption":"tiendas en Marbella"},{"@type":"BreadcrumbList","@id":"https:\/\/www.fuertehoteles.com\/de\/reiseziele\/marbella-urlaub\/einkaufsmoeglichkeiten\/#breadcrumb","itemListElement":[{"@type":"ListItem","position":1,"name":"Portada","item":"https:\/\/www.fuertehoteles.com\/de\/"},{"@type":"ListItem","position":2,"name":"Reiseziele","item":"https:\/\/www.fuertehoteles.com\/de\/reiseziele\/"},{"@type":"ListItem","position":3,"name":"Marbella","item":"https:\/\/www.fuertehoteles.com\/de\/reiseziele\/marbella-urlaub\/"},{"@type":"ListItem","position":4,"name":"Einkaufen"}]},{"@type":"WebSite","@id":"https:\/\/www.fuertehoteles.com\/#website","url":"https:\/\/www.fuertehoteles.com\/","name":"Fuerte Hoteles","description":"","publisher":{"@id":"https:\/\/www.fuertehoteles.com\/#organization"},"potentialAction":[{"@type":"SearchAction","target":{"@type":"EntryPoint","urlTemplate":"https:\/\/www.fuertehoteles.com\/?s={search_term_string}"},"query-input":"required name=search_term_string"}],"inLanguage":"de"},{"@type":"Organization","@id":"https:\/\/www.fuertehoteles.com\/#organization","name":"Fuerte Hoteles","url":"https:\/\/www.fuertehoteles.com\/","logo":{"@type":"ImageObject","inLanguage":"de","@id":"https:\/\/www.fuertehoteles.com\/#\/schema\/logo\/image\/","url":"https:\/\/www.fuertehoteles.com\/wp-content\/uploads\/2022\/09\/logo-ffhh-1.jpg","contentUrl":"https:\/\/www.fuertehoteles.com\/wp-content\/uploads\/2022\/09\/logo-ffhh-1.jpg","width":500,"height":500,"caption":"Fuerte Hoteles"},"image":{"@id":"https:\/\/www.fuertehoteles.com\/#\/schema\/logo\/image\/"},"sameAs":["https:\/\/www.facebook.com\/HotelesFuerte","https:\/\/twitter.com\/fuertehoteles","https:\/\/www.instagram.com\/fuertehoteles\/","https:\/\/www.linkedin.com\/company\/fuerte-hoteles\/","https:\/\/www.youtube.com\/user\/fuertehoteles","https:\/\/en.wikipedia.org\/wiki\/Fuerte_Hotels"]}]}},"_links":{"self":[{"href":"https:\/\/www.fuertehoteles.com\/de\/wp-json\/wp\/v2\/pages\/4843","targetHints":{"allow":["GET"]}}],"collection":[{"href":"https:\/\/www.fuertehoteles.com\/de\/wp-json\/wp\/v2\/pages"}],"about":[{"href":"https:\/\/www.fuertehoteles.com\/de\/wp-json\/wp\/v2\/types\/page"}],"author":[{"embeddable":true,"href":"https:\/\/www.fuertehoteles.com\/de\/wp-json\/wp\/v2\/users\/6"}],"replies":[{"embeddable":true,"href":"https:\/\/www.fuertehoteles.com\/de\/wp-json\/wp\/v2\/comments?post=4843"}],"version-history":[{"count":0,"href":"https:\/\/www.fuertehoteles.com\/de\/wp-json\/wp\/v2\/pages\/4843\/revisions"}],"up":[{"embeddable":true,"href":"https:\/\/www.fuertehoteles.com\/de\/wp-json\/wp\/v2\/pages\/4815"}],"wp:featuredmedia":[{"embeddable":true,"href":"https:\/\/www.fuertehoteles.com\/de\/wp-json\/wp\/v2\/media\/1545"}],"wp:attachment":[{"href":"https:\/\/www.fuertehoteles.com\/de\/wp-json\/wp\/v2\/media?parent=4843"}],"curies":[{"name":"wp","href":"https:\/\/api.w.org\/{rel}","templated":true}]}}