{"id":4852,"date":"2021-11-26T15:15:41","date_gmt":"2021-11-26T14:15:41","guid":{"rendered":"https:\/\/www.fuertehoteles.com\/reiseziele\/marbella-urlaub\/excursiones\/"},"modified":"2021-12-22T10:14:52","modified_gmt":"2021-12-22T09:14:52","slug":"ausfluge","status":"publish","type":"page","link":"https:\/\/www.fuertehoteles.com\/de\/reiseziele\/marbella-urlaub\/ausfluge\/","title":{"rendered":"Ausfl\u00fcge"},"content":{"rendered":"[vc_row][vc_column el_class=&#8220;destination-content&#8220;][vc_column_text]\n<div class=\"inner-contenido--hotel\">\n<h1>Die sch\u00f6nsten Ausfl\u00fcge in Marbella<\/h1>\n<h2>Zu Fu\u00df oder mit dem Fahrrad<\/h2>\n<h3>Marbella Puerto Ban\u00fas<\/h3>\n<p>(Start auf der Strandpromenade neben das <strong><a href=\"https:\/\/www.fuertehoteles.com\/de\/hotels\/fuerte-marbella\/das-hotel\/\">Hotel Fuerte Marbella<\/a><\/strong>)<\/p>\n<p>Ein herrlicher Ausflug mit einer L\u00e4nge von 12 Kilometern (hin und zur\u00fcck), bei dem Sie zu Fu\u00df drei Stunden oder eine Stunde <strong>mit dem Fahrrad<\/strong> unterwegs sind. Die Strecke hat einen niedrigen Schwierigkeitsgrad, da sie \u00fcber die gerade Strandpromenade f\u00fchrt, die den gr\u00f6\u00dften Teil des K\u00fcstenstreifens von <strong>Marbella <\/strong>abdeckt.<\/p>\n<h3>Refugio del Juanar (Ausgangspunkt 20 Minuten vom Hotel)<\/h3>\n<p>Das <strong>Refugio del Juanar<\/strong> ist eine herrliche Naturlandschaft, von der aus Sie einen unglaublichen Blick auf das Mittelmeer und die dichten W\u00e4lder haben. Hier beginnen mehrere Strecken, die sich f\u00fcr Wanderfans anbieten.<\/p>\n<p>Besonders erw\u00e4hnenswert ist die Strecke vom <strong>Pass Rico Bajo<\/strong> bis zum Aussichtspunkt <strong>Mirador del Juanar<\/strong>. Der Weg ist acht Kilometer lang und hat einen niedrigen bis mittleren Schwierigkeitsgrad. Sie k\u00f6nnen den Weg auch abk\u00fcrzen und mit dem Auto bis zum Refugio del Juanar fahren. Von hier ist es ein einst\u00fcndiger Spaziergang mit einem niedrigen Schwierigkeitsgrad.<\/p>\n<p>Wenn Sie aber bis zum Ende des Wanderweges gehen wollen, folgen Sie den acht Kilometern bis zum <strong>Cruz del Juanar<\/strong>. Bei einem mittleren bis hohen Schwierigkeitsgrad ben\u00f6tigen Sie vier Stunden.<\/p>\n<p>Eine weitere beliebte Strecke am Refugio del Juanar ist ein 14 Kilometer langer, f\u00fcnfst\u00fcndiger Wanderweg, der bis zum <strong>Gipfel der La Concha<\/strong> f\u00fchrt. Genie\u00dfen Sie den <strong>spektakul\u00e4ren Blick vom h\u00f6chsten Punkt der Sierra Blanca<\/strong>.<\/p>\n<h3>Wanderweg Jos\u00e9 Lima (Ausgangsort 20 Min. vom Hotel)<\/h3>\n<p>Diese Rundstrecke f\u00fchrt auf dem Wanderweg entlang, der nach dem ehemaligen Guarda Mayor (Aufseher) dieser Gegend benannt ist. Sie beginnt ca. 500 Meter vor dem <strong>Refugio del Juanar<\/strong>, hat einen mittleren Schwierigkeitsgrad und dauert drei Stunden. Sie erstreckt sich durch idyllische Pinsapo Pinienhaine und an der Quelle <strong>Fuente del Pozuelo<\/strong> entlang.<\/p>\n<p>Wir pr\u00e4sentieren Ihnen in Marbella und Umgebung Touren unterschiedlicher Schwierigkeitsgrade, die Sie zu Fu\u00df oder mit dem Fahrrad unternehmen k\u00f6nnen.<\/p>\n<h3>Wanderungen<\/h3>\n<ul>\n<li>Siehe Route: <a title=\"Wanderungen\" href=\"http:\/\/de.wikiloc.com\/wikiloc\/view.do?id=5657596\" target=\"_blank\" rel=\"noopener\">Fuerte Marbella-Casco Antiguo<\/a><\/li>\n<li>Siehe Route: <a title=\"Wanderungen\" href=\"http:\/\/de.wikiloc.com\/wikiloc\/view.do?id=2421949\" target=\"_blank\" rel=\"noopener\">Marbella-Puerto Ban\u00fas<\/a><\/li>\n<li>Siehe Route: <a title=\"Wanderungen\" href=\"http:\/\/de.wikiloc.com\/wikiloc\/view.do?id=2696949\" target=\"_blank\" rel=\"noopener\">Marbella-Cruz del Juanar<\/a><\/li>\n<li>Siehe Route: <a title=\"Wanderungen\" href=\"http:\/\/de.wikiloc.com\/wikiloc\/view.do?id=2247421\" target=\"_blank\" rel=\"noopener\">Marbella-Los Monjes-Mina de Buenavista-Marbella<\/a><\/li>\n<li>Siehe Route: <a title=\"Wanderungen\" href=\"http:\/\/de.wikiloc.com\/wikiloc\/view.do?id=823682\" target=\"_blank\" rel=\"noopener\">Marbella-Ist\u00e1n<\/a><\/li>\n<li>Siehe Route: <a title=\"Wanderungen\" href=\"http:\/\/de.wikiloc.com\/wikiloc\/view.do?id=1348951\" target=\"_blank\" rel=\"noopener\">Marbella-Casa de Pino-Cruz de Juanar-Marbella<\/a><\/li>\n<\/ul>\n<h3>Fahrradtouren<\/h3>\n<ul>\n<li>Siehe Route: <a title=\"Fahrradtouren\" href=\"http:\/\/de.wikiloc.com\/wikiloc\/view.do?id=2409841\" target=\"_blank\" rel=\"noopener\">Marbella-Paseo Mar\u00edtimo<\/a><\/li>\n<li>Siehe Route: <a title=\"Fahrradtouren\" href=\"http:\/\/de.wikiloc.com\/wikiloc\/view.do?id=2357101\" target=\"_blank\" rel=\"noopener\">Marbella-Ist\u00e1n<\/a><\/li>\n<li>Siehe Route: <a title=\"Fahrradtouren\" href=\"http:\/\/de.wikiloc.com\/wikiloc\/view.do?id=2686051\" target=\"_blank\" rel=\"noopener\">Marbella-Los Altos de los Monteros<\/a><\/li>\n<li>Siehe Route: <a title=\"Fahrradtouren\" href=\"http:\/\/de.wikiloc.com\/wikiloc\/view.do?id=3207706\" target=\"_blank\" rel=\"noopener\">Marbella-Puerto Ban\u00fas<\/a><\/li>\n<li>Siehe Route: <a title=\"Fahrradtouren\" href=\"http:\/\/de.wikiloc.com\/wikiloc\/view.do?id=342114\" target=\"_blank\" rel=\"noopener\">Marbella-Los Altos de Marbella-Oj\u00e9n-Trialeras<\/a><\/li>\n<\/ul>\n<h2>Die sch\u00f6nsten Halbtagesausfl\u00fcge ausgehend von Marbella<\/h2>\n<p>Damit Sie genau wissen, wie viel Zeit Sie f\u00fcr die <strong>Halbtagesausfl\u00fcge<\/strong> einplanen m\u00fcssen, geben wir die Entfernungen von das <strong><a href=\"https:\/\/www.fuertehoteles.com\/de\/hotels\/fuerte-marbella\/das-hotel\/\">Hotel Fuerte Marbella<\/a><\/strong> zum Ausflugsziel zus\u00e4tzlich an.<\/p>\n<h3>Puerto Ban\u00fas (15 Min. mit dem Auto)<\/h3>\n<p><strong>Puerto Ban\u00fas<\/strong> ist ein luxuri\u00f6ser Jachthafen. Das glamour\u00f6se Flair und die extravaganten Partys locken die internationale High-Class an diesen einzigartigen Ort. Liebhaber exklusiver Produkte und Marken kommen hier auf ihre Kosten.<\/p>\n<h3>Oj\u00e9n (20 Min. mit dem Auto)<\/h3>\n<p>Das kleine Dorf <strong>Oj\u00e9n liegt in den Bergen<\/strong> in der N\u00e4he des Bachs Almad\u00e1n, zehn Kilometer von <strong>Marbella<\/strong> entfernt. Es ist eines der wei\u00dfen D\u00f6rfer mit eigenem Charme und liegt inmitten des Biosph\u00e4renreservats der <strong>Sierra de las Nieves<\/strong>. Das Wasser spielt eine besondere Rolle, denn zahlreiche Fl\u00fcsse, Quellen und Wasserl\u00e4ufe, die durch die <strong>Sierra Blanca<\/strong> flie\u00dfen, sind hier zu entdecken.<\/p>\n<h3>Mijas (25 Min. mit dem Auto)<\/h3>\n<p>Das Dorf mit den wei\u00df get\u00fcnchten Gassen liegt an der <strong>Costa del Sol<\/strong> und geh\u00f6rt zum Pflichtprogramm eines jeden Reisenden. Die Eseltaxis sind die originellste Touristenattraktion des Dorfes. Hier k\u00f6nnen Sie die Wallfahrtskirche<strong>Virgen de la Pe\u00f1a<\/strong> (Schutzpatronin der Gemeinde), die G\u00e4rten der Stadtmauer und den Aussichtspunkt der Stadt, von dem Sie die ganze <strong>Costa del Sol<\/strong> und das Mittelmeer \u00fcberblicken, besuchen.<\/p>\n<p>Etwas ganz Spezielles in diesem Ort ist eine Besichtigung des Museums Carromato de Max, dem weltweit ersten Museum f\u00fcr Miniaturen. Schauen Sie vorbei, ein Besuch lohnt sich!<\/p>\n<h3>Casares (45 Min. mit dem Auto)<\/h3>\n<p>Das Dorf mit seinen wei\u00dfen H\u00e4usern liegt an einem Berg in einer wundersch\u00f6nen andalusischen Landschaften der Provinz <strong>M\u00e1laga<\/strong>. Die typischen Geranien schm\u00fccken die Balkons inmitten eines l\u00e4ndlichen Ambientes voller Ruhe und Natur. Hier wurde der als \u201eVater Andalusiens\u201c geltende Politiker <strong>Blas Infante<\/strong> geboren.<\/p>\n<h3>Ronda (50 Min. mit dem Auto)<\/h3>\n<p><strong>Ronda ist eine monumentale Stadt<\/strong>, die mit ihrer eindrucksvollen und bekannten Schlucht des <strong>Tajo<\/strong> als eine der sch\u00f6nsten St\u00e4dte Andalusiens gilt. Abgesehen von der Schlucht Tajo \u00fcberrascht sie mit der Stierkampfarena, dem Bandolero Museum und ihren malerischen Stra\u00dfen, durch die man mit der Kutsche fahren kann. Besuchen Sie au\u00dferdem die arch\u00e4ologische Fundst\u00e4tte von <strong>Acinipo<\/strong>, eine alte r\u00f6mische Stadt, die 20 Kilometer von <strong>Ronda<\/strong> entfernt ist.<\/p>\n<h2>Die sch\u00f6nsten Ausflugsziele von Marbella<\/h2>\n<p>Nutzen Sie die Chance und entdecken Sie die Umgebung! F\u00fcr spannende <strong>Ausflugsziele von Marbella<\/strong> aus eigenen sich zahlreiche Orte. Die Entfernungen der Ausflugsziele von <strong>Marbella<\/strong> aus finden Sie ebenfalls anbei.<\/p>\n<h3>M\u00e1laga (50 Min. mit dem Auto)<\/h3>\n<p><strong>M\u00e1laga<\/strong> bietet, als Hauptstadt der <strong>Costa del Sol<\/strong>, nicht nur Sonne und Strand, sondern mit zwei bedeutenden Museen auch Kultur: das Picasso-Museum und das Thyssen-Museum. Das Geburtshaus des Malers <strong>Pablo Picasso<\/strong> befindet sich in der Stadt, die au\u00dferdem ein r\u00f6misches Theater und die Alcazaba Festung zu bieten hat. Die Altstadt sticht mit ihren Einkaufsstra\u00dfen und einer herrlichen Fu\u00dfg\u00e4ngerzone, der <strong>Calle Larios<\/strong>, hervor.<\/p>\n<h3>Gibraltar (1 Stunde und 15 Min. mit dem Auto)<\/h3>\n<p>Das britische Territorium an der Meerenge zwischen dem Mittelmeer und dem Atlantik ist weltweit aufgrund seines \u201ePe\u00f1on\u201c (Felsen) bekannt. Die Stadt gilt als Freihafen, wodurch Alkohol und Tabak wesentlich g\u00fcnstiger angeboten werden. Wenn Sie dieses <strong>Ausflugsziel von Marbella<\/strong> erkunden m\u00f6chten, bitte denken Sie daran, dass Sie einen Reisepass ben\u00f6tigen.<\/p>\n<h3>Granada (2 Stunden mit dem Auto)<\/h3>\n<p>In der zauberhaften Stadt <strong>Granada<\/strong> befindet sich die Stadtburg <strong>Alhambra<\/strong>, die als Weltkulturerbe die meist besuchte Sehensw\u00fcrdigkeit Spaniens ist. Die Stadtteile <strong>Albaic\u00edn und Sacromonte<\/strong> verleihen der Stadt eine besondere Farbenpracht und ihren Charme. Gekr\u00f6nt wird die Region von den Gipfeln der<strong>Sierra Nevada<\/strong>, dem h\u00f6chsten Gebirge der iberischen Halbinsel, das sich ebenfalls als eines der Ausflugsziele von <strong>Marbella<\/strong> aus eignet \u2013 allerdings nur f\u00fcr ge\u00fcbte Bergsteiger.<\/p>\n<h3>C\u00f3rdoba (2 Stunden und 20 Min. mit dem Auto)<\/h3>\n<p>Weiteres Ausflugsziel von <strong>Marbella<\/strong> aus ist zum Beispiel <strong>C\u00f3rdoba<\/strong>. Der Ort war zu Zeiten des Al-Andalus die <strong>Hauptstadt des Kalifats<\/strong>. Eines der bedeutendsten Monumente hier ist die Moschee, die von den Christen sp\u00e4ter zur Basilika umgebaut wurde. Die Altstadt ist die zweitgr\u00f6\u00dfte Europas und die r\u00f6mische Br\u00fccke \u00fcber den <strong>Guadalquivir<\/strong> ist eine weitere au\u00dfergew\u00f6hnliche<strong>Sehensw\u00fcrdigkeit von C\u00f3rdoba<\/strong>.<\/p>\n<h3>Tanger, Marokko (1 Stunde und 25 Minuten mit dem Auto bis zum Hafen in Tarifa + 1 Stunde mit dem Schiff)<\/h3>\n<p>Lediglich eine Entfernung von 14 Kilometern trennen <strong>Afrika<\/strong> von der s\u00fcdspanischen K\u00fcste. Sie k\u00f6nnen von <strong>Tarifa<\/strong> in einer Stunde auf einen vollkommen anderen Kontinent \u00fcbersetzen. Damit ist sogar Marokko eines der m\u00f6glichen Ausflugsziele von Marbella aus. Genie\u00dfen Sie dort die einzigartige orientalische Kultur und die traditionelle marokkanische K\u00fcche.<\/p>\n<div class=\"contenido wysiwyg\"><\/div>\n<\/div>\n[\/vc_column_text][\/vc_column][\/vc_row]\n","protected":false},"excerpt":{"rendered":"<p>[vc_row][vc_column el_class=&#8220;destination-content&#8220;][vc_column_text] Die sch\u00f6nsten Ausfl\u00fcge in Marbella Zu Fu\u00df oder mit dem Fahrrad Marbella Puerto Ban\u00fas (Start auf der Strandpromenade neben das Hotel Fuerte Marbella) Ein herrlicher Ausflug mit einer L\u00e4nge von 12 Kilometern (hin und zur\u00fcck), bei dem Sie zu Fu\u00df drei Stunden oder eine Stunde mit dem Fahrrad unterwegs sind. Die Strecke hat<\/p>\n","protected":false},"author":6,"featured_media":1553,"parent":4815,"menu_order":0,"comment_status":"closed","ping_status":"closed","template":"templates\/destination-subpages.php","meta":{"footnotes":""},"class_list":["post-4852","page","type-page","status-publish","hentry"],"yoast_head":"<!-- This site is optimized with the Yoast SEO plugin v22.4 - https:\/\/yoast.com\/wordpress\/plugins\/seo\/ -->\n<title>Die sch\u00f6nsten Ausfl\u00fcge in Marbella, Tourismus in Marbella Sol<\/title>\n<meta name=\"description\" content=\"Marbella bietet wunderbare M\u00f6glichkeiten f\u00fcr Touren, Ausfl\u00fcge und Attraktionen f\u00fcr alle, schauen Sie hier. Die sch\u00f6nsten Ausfl\u00fcge in Marbella.\" \/>\n<meta name=\"robots\" content=\"index, follow, max-snippet:-1, max-image-preview:large, max-video-preview:-1\" \/>\n<link rel=\"canonical\" href=\"https:\/\/www.fuertehoteles.com\/de\/reiseziele\/marbella-urlaub\/ausfluge\/\" \/>\n<meta property=\"og:locale\" content=\"de_DE\" \/>\n<meta property=\"og:type\" content=\"article\" \/>\n<meta property=\"og:title\" content=\"Die sch\u00f6nsten Ausfl\u00fcge in Marbella, Tourismus in Marbella Sol\" \/>\n<meta property=\"og:description\" content=\"Marbella bietet wunderbare M\u00f6glichkeiten f\u00fcr Touren, Ausfl\u00fcge und Attraktionen f\u00fcr alle, schauen Sie hier. Die sch\u00f6nsten Ausfl\u00fcge in Marbella.\" \/>\n<meta property=\"og:url\" content=\"https:\/\/www.fuertehoteles.com\/de\/reiseziele\/marbella-urlaub\/ausfluge\/\" \/>\n<meta property=\"og:site_name\" content=\"Fuerte Hoteles\" \/>\n<meta property=\"article:publisher\" content=\"https:\/\/www.facebook.com\/HotelesFuerte\" \/>\n<meta property=\"article:modified_time\" content=\"2021-12-22T09:14:52+00:00\" \/>\n<meta property=\"og:image\" content=\"https:\/\/www.fuertehoteles.com\/wp-content\/uploads\/2021\/11\/excursiones-en-marbella.jpg\" \/>\n\t<meta property=\"og:image:width\" content=\"1920\" \/>\n\t<meta property=\"og:image:height\" content=\"540\" \/>\n\t<meta property=\"og:image:type\" content=\"image\/jpeg\" \/>\n<meta name=\"twitter:card\" content=\"summary_large_image\" \/>\n<meta name=\"twitter:site\" content=\"@fuertehoteles\" \/>\n<meta name=\"twitter:label1\" content=\"Gesch\u00e4tzte Lesezeit\" \/>\n\t<meta name=\"twitter:data1\" content=\"6\u00a0Minuten\" \/>\n<script type=\"application\/ld+json\" class=\"yoast-schema-graph\">{\"@context\":\"https:\/\/schema.org\",\"@graph\":[{\"@type\":\"WebPage\",\"@id\":\"https:\/\/www.fuertehoteles.com\/de\/reiseziele\/marbella-urlaub\/ausfluge\/\",\"url\":\"https:\/\/www.fuertehoteles.com\/de\/reiseziele\/marbella-urlaub\/ausfluge\/\",\"name\":\"Die sch\u00f6nsten Ausfl\u00fcge in Marbella, Tourismus in Marbella Sol\",\"isPartOf\":{\"@id\":\"https:\/\/www.fuertehoteles.com\/#website\"},\"primaryImageOfPage\":{\"@id\":\"https:\/\/www.fuertehoteles.com\/de\/reiseziele\/marbella-urlaub\/ausfluge\/#primaryimage\"},\"image\":{\"@id\":\"https:\/\/www.fuertehoteles.com\/de\/reiseziele\/marbella-urlaub\/ausfluge\/#primaryimage\"},\"thumbnailUrl\":\"https:\/\/www.fuertehoteles.com\/wp-content\/uploads\/2021\/11\/excursiones-en-marbella.jpg\",\"datePublished\":\"2021-11-26T14:15:41+00:00\",\"dateModified\":\"2021-12-22T09:14:52+00:00\",\"description\":\"Marbella bietet wunderbare M\u00f6glichkeiten f\u00fcr Touren, Ausfl\u00fcge und Attraktionen f\u00fcr alle, schauen Sie hier. Die sch\u00f6nsten Ausfl\u00fcge in Marbella.\",\"breadcrumb\":{\"@id\":\"https:\/\/www.fuertehoteles.com\/de\/reiseziele\/marbella-urlaub\/ausfluge\/#breadcrumb\"},\"inLanguage\":\"de\",\"potentialAction\":[{\"@type\":\"ReadAction\",\"target\":[\"https:\/\/www.fuertehoteles.com\/de\/reiseziele\/marbella-urlaub\/ausfluge\/\"]}]},{\"@type\":\"ImageObject\",\"inLanguage\":\"de\",\"@id\":\"https:\/\/www.fuertehoteles.com\/de\/reiseziele\/marbella-urlaub\/ausfluge\/#primaryimage\",\"url\":\"https:\/\/www.fuertehoteles.com\/wp-content\/uploads\/2021\/11\/excursiones-en-marbella.jpg\",\"contentUrl\":\"https:\/\/www.fuertehoteles.com\/wp-content\/uploads\/2021\/11\/excursiones-en-marbella.jpg\",\"width\":1920,\"height\":540,\"caption\":\"Excursiones en Marbella\"},{\"@type\":\"BreadcrumbList\",\"@id\":\"https:\/\/www.fuertehoteles.com\/de\/reiseziele\/marbella-urlaub\/ausfluge\/#breadcrumb\",\"itemListElement\":[{\"@type\":\"ListItem\",\"position\":1,\"name\":\"Portada\",\"item\":\"https:\/\/www.fuertehoteles.com\/de\/\"},{\"@type\":\"ListItem\",\"position\":2,\"name\":\"Reiseziele\",\"item\":\"https:\/\/www.fuertehoteles.com\/de\/reiseziele\/\"},{\"@type\":\"ListItem\",\"position\":3,\"name\":\"Marbella\",\"item\":\"https:\/\/www.fuertehoteles.com\/de\/reiseziele\/marbella-urlaub\/\"},{\"@type\":\"ListItem\",\"position\":4,\"name\":\"Ausfl\u00fcge\"}]},{\"@type\":\"WebSite\",\"@id\":\"https:\/\/www.fuertehoteles.com\/#website\",\"url\":\"https:\/\/www.fuertehoteles.com\/\",\"name\":\"Fuerte Hoteles\",\"description\":\"\",\"publisher\":{\"@id\":\"https:\/\/www.fuertehoteles.com\/#organization\"},\"potentialAction\":[{\"@type\":\"SearchAction\",\"target\":{\"@type\":\"EntryPoint\",\"urlTemplate\":\"https:\/\/www.fuertehoteles.com\/?s={search_term_string}\"},\"query-input\":\"required name=search_term_string\"}],\"inLanguage\":\"de\"},{\"@type\":\"Organization\",\"@id\":\"https:\/\/www.fuertehoteles.com\/#organization\",\"name\":\"Fuerte Hoteles\",\"url\":\"https:\/\/www.fuertehoteles.com\/\",\"logo\":{\"@type\":\"ImageObject\",\"inLanguage\":\"de\",\"@id\":\"https:\/\/www.fuertehoteles.com\/#\/schema\/logo\/image\/\",\"url\":\"https:\/\/www.fuertehoteles.com\/wp-content\/uploads\/2022\/09\/logo-ffhh-1.jpg\",\"contentUrl\":\"https:\/\/www.fuertehoteles.com\/wp-content\/uploads\/2022\/09\/logo-ffhh-1.jpg\",\"width\":500,\"height\":500,\"caption\":\"Fuerte Hoteles\"},\"image\":{\"@id\":\"https:\/\/www.fuertehoteles.com\/#\/schema\/logo\/image\/\"},\"sameAs\":[\"https:\/\/www.facebook.com\/HotelesFuerte\",\"https:\/\/twitter.com\/fuertehoteles\",\"https:\/\/www.instagram.com\/fuertehoteles\/\",\"https:\/\/www.linkedin.com\/company\/fuerte-hoteles\/\",\"https:\/\/www.youtube.com\/user\/fuertehoteles\",\"https:\/\/en.wikipedia.org\/wiki\/Fuerte_Hotels\"]}]}<\/script>\n<!-- \/ Yoast SEO plugin. -->","yoast_head_json":{"title":"Die sch\u00f6nsten Ausfl\u00fcge in Marbella, Tourismus in Marbella Sol","description":"Marbella bietet wunderbare M\u00f6glichkeiten f\u00fcr Touren, Ausfl\u00fcge und Attraktionen f\u00fcr alle, schauen Sie hier. Die sch\u00f6nsten Ausfl\u00fcge in Marbella.","robots":{"index":"index","follow":"follow","max-snippet":"max-snippet:-1","max-image-preview":"max-image-preview:large","max-video-preview":"max-video-preview:-1"},"canonical":"https:\/\/www.fuertehoteles.com\/de\/reiseziele\/marbella-urlaub\/ausfluge\/","og_locale":"de_DE","og_type":"article","og_title":"Die sch\u00f6nsten Ausfl\u00fcge in Marbella, Tourismus in Marbella Sol","og_description":"Marbella bietet wunderbare M\u00f6glichkeiten f\u00fcr Touren, Ausfl\u00fcge und Attraktionen f\u00fcr alle, schauen Sie hier. Die sch\u00f6nsten Ausfl\u00fcge in Marbella.","og_url":"https:\/\/www.fuertehoteles.com\/de\/reiseziele\/marbella-urlaub\/ausfluge\/","og_site_name":"Fuerte Hoteles","article_publisher":"https:\/\/www.facebook.com\/HotelesFuerte","article_modified_time":"2021-12-22T09:14:52+00:00","og_image":[{"width":1920,"height":540,"url":"https:\/\/www.fuertehoteles.com\/wp-content\/uploads\/2021\/11\/excursiones-en-marbella.jpg","type":"image\/jpeg"}],"twitter_card":"summary_large_image","twitter_site":"@fuertehoteles","twitter_misc":{"Gesch\u00e4tzte Lesezeit":"6\u00a0Minuten"},"schema":{"@context":"https:\/\/schema.org","@graph":[{"@type":"WebPage","@id":"https:\/\/www.fuertehoteles.com\/de\/reiseziele\/marbella-urlaub\/ausfluge\/","url":"https:\/\/www.fuertehoteles.com\/de\/reiseziele\/marbella-urlaub\/ausfluge\/","name":"Die sch\u00f6nsten Ausfl\u00fcge in Marbella, Tourismus in Marbella Sol","isPartOf":{"@id":"https:\/\/www.fuertehoteles.com\/#website"},"primaryImageOfPage":{"@id":"https:\/\/www.fuertehoteles.com\/de\/reiseziele\/marbella-urlaub\/ausfluge\/#primaryimage"},"image":{"@id":"https:\/\/www.fuertehoteles.com\/de\/reiseziele\/marbella-urlaub\/ausfluge\/#primaryimage"},"thumbnailUrl":"https:\/\/www.fuertehoteles.com\/wp-content\/uploads\/2021\/11\/excursiones-en-marbella.jpg","datePublished":"2021-11-26T14:15:41+00:00","dateModified":"2021-12-22T09:14:52+00:00","description":"Marbella bietet wunderbare M\u00f6glichkeiten f\u00fcr Touren, Ausfl\u00fcge und Attraktionen f\u00fcr alle, schauen Sie hier. Die sch\u00f6nsten Ausfl\u00fcge in Marbella.","breadcrumb":{"@id":"https:\/\/www.fuertehoteles.com\/de\/reiseziele\/marbella-urlaub\/ausfluge\/#breadcrumb"},"inLanguage":"de","potentialAction":[{"@type":"ReadAction","target":["https:\/\/www.fuertehoteles.com\/de\/reiseziele\/marbella-urlaub\/ausfluge\/"]}]},{"@type":"ImageObject","inLanguage":"de","@id":"https:\/\/www.fuertehoteles.com\/de\/reiseziele\/marbella-urlaub\/ausfluge\/#primaryimage","url":"https:\/\/www.fuertehoteles.com\/wp-content\/uploads\/2021\/11\/excursiones-en-marbella.jpg","contentUrl":"https:\/\/www.fuertehoteles.com\/wp-content\/uploads\/2021\/11\/excursiones-en-marbella.jpg","width":1920,"height":540,"caption":"Excursiones en Marbella"},{"@type":"BreadcrumbList","@id":"https:\/\/www.fuertehoteles.com\/de\/reiseziele\/marbella-urlaub\/ausfluge\/#breadcrumb","itemListElement":[{"@type":"ListItem","position":1,"name":"Portada","item":"https:\/\/www.fuertehoteles.com\/de\/"},{"@type":"ListItem","position":2,"name":"Reiseziele","item":"https:\/\/www.fuertehoteles.com\/de\/reiseziele\/"},{"@type":"ListItem","position":3,"name":"Marbella","item":"https:\/\/www.fuertehoteles.com\/de\/reiseziele\/marbella-urlaub\/"},{"@type":"ListItem","position":4,"name":"Ausfl\u00fcge"}]},{"@type":"WebSite","@id":"https:\/\/www.fuertehoteles.com\/#website","url":"https:\/\/www.fuertehoteles.com\/","name":"Fuerte Hoteles","description":"","publisher":{"@id":"https:\/\/www.fuertehoteles.com\/#organization"},"potentialAction":[{"@type":"SearchAction","target":{"@type":"EntryPoint","urlTemplate":"https:\/\/www.fuertehoteles.com\/?s={search_term_string}"},"query-input":"required name=search_term_string"}],"inLanguage":"de"},{"@type":"Organization","@id":"https:\/\/www.fuertehoteles.com\/#organization","name":"Fuerte Hoteles","url":"https:\/\/www.fuertehoteles.com\/","logo":{"@type":"ImageObject","inLanguage":"de","@id":"https:\/\/www.fuertehoteles.com\/#\/schema\/logo\/image\/","url":"https:\/\/www.fuertehoteles.com\/wp-content\/uploads\/2022\/09\/logo-ffhh-1.jpg","contentUrl":"https:\/\/www.fuertehoteles.com\/wp-content\/uploads\/2022\/09\/logo-ffhh-1.jpg","width":500,"height":500,"caption":"Fuerte Hoteles"},"image":{"@id":"https:\/\/www.fuertehoteles.com\/#\/schema\/logo\/image\/"},"sameAs":["https:\/\/www.facebook.com\/HotelesFuerte","https:\/\/twitter.com\/fuertehoteles","https:\/\/www.instagram.com\/fuertehoteles\/","https:\/\/www.linkedin.com\/company\/fuerte-hoteles\/","https:\/\/www.youtube.com\/user\/fuertehoteles","https:\/\/en.wikipedia.org\/wiki\/Fuerte_Hotels"]}]}},"_links":{"self":[{"href":"https:\/\/www.fuertehoteles.com\/de\/wp-json\/wp\/v2\/pages\/4852","targetHints":{"allow":["GET"]}}],"collection":[{"href":"https:\/\/www.fuertehoteles.com\/de\/wp-json\/wp\/v2\/pages"}],"about":[{"href":"https:\/\/www.fuertehoteles.com\/de\/wp-json\/wp\/v2\/types\/page"}],"author":[{"embeddable":true,"href":"https:\/\/www.fuertehoteles.com\/de\/wp-json\/wp\/v2\/users\/6"}],"replies":[{"embeddable":true,"href":"https:\/\/www.fuertehoteles.com\/de\/wp-json\/wp\/v2\/comments?post=4852"}],"version-history":[{"count":0,"href":"https:\/\/www.fuertehoteles.com\/de\/wp-json\/wp\/v2\/pages\/4852\/revisions"}],"up":[{"embeddable":true,"href":"https:\/\/www.fuertehoteles.com\/de\/wp-json\/wp\/v2\/pages\/4815"}],"wp:featuredmedia":[{"embeddable":true,"href":"https:\/\/www.fuertehoteles.com\/de\/wp-json\/wp\/v2\/media\/1553"}],"wp:attachment":[{"href":"https:\/\/www.fuertehoteles.com\/de\/wp-json\/wp\/v2\/media?parent=4852"}],"curies":[{"name":"wp","href":"https:\/\/api.w.org\/{rel}","templated":true}]}}