{"id":4870,"date":"2021-11-26T15:06:55","date_gmt":"2021-11-26T14:06:55","guid":{"rendered":"https:\/\/www.fuertehoteles.com\/reiseziele\/marbella-urlaub\/playas\/"},"modified":"2021-12-22T10:25:49","modified_gmt":"2021-12-22T09:25:49","slug":"strande","status":"publish","type":"page","link":"https:\/\/www.fuertehoteles.com\/de\/reiseziele\/marbella-urlaub\/strande\/","title":{"rendered":"Str\u00e4nde"},"content":{"rendered":"[vc_row][vc_column el_class=&#8220;destination-content&#8220;][vc_column_text]\n<h1>Sch\u00f6nste Marbella Str\u00e4nde<\/h1>\n<p>Sand, Sonne und Meer! Es sind sch\u00f6nste Str\u00e4nde in Marbella zu finden, an denen man das lebhafte Treiben hautnah miterleben oder inmitten idyllischer Natur die Ruhe genie\u00dfen kann. Dazu kommt ein einzigartiges Mikroklima, das das ganze Jahr \u00fcber f\u00fcr angenehme Temperaturen sorgt. An der 27 Kilometer langen K\u00fcste k\u00f6nnen Sie entscheiden, welche Facette der Costa del Sol Sie entdecken m\u00f6chten!.<\/p>\n<p>Die Entfernungen von <strong><a href=\"https:\/\/www.fuertehoteles.com\/de\/hotels\/fuerte-marbella\/das-hotel\/\">Hotel Fuerte Marbella<\/a><\/strong> aus.<\/p>\n<h3>Strand El Fuerte oder Strand der Venus (neben den Hotels)<\/h3>\n<p>Der zentral gelegene Strand verf\u00fcgt \u00fcber Strandbars und andere Serviceeinrichtungen, wie einen Zugang f\u00fcr Gehbehinderte. An dem belebten Strand zwischen dem Jacht- und Fischerhafen von Marbella werden auch Sonnenliegen vermietet.<\/p>\n<h3>Strand La Fontanilla (5 Min. vom Hotel Fuerte Marbella)<\/h3>\n<p>Dieser von Molen gesch\u00fctzte Stadtstrand befindet sich hinter dem Jachthafen von Marbella. Er verf\u00fcgt \u00fcber Duschen, Sonnenliegen und Strandbars. Au\u00dferdem k\u00f6nnen Sie hier verschiedenen Wassersportaktivit\u00e4ten nachgehen.<\/p>\n<h3>Strand La Bajadilla (5 Min. vom Hotel Fuerte Miramar)<\/h3>\n<p>Neben dem Fischerhafen liegt der Strand La Bajadilla. Er geh\u00f6rt zu den sch\u00f6nsten Str\u00e4nden nahe Marbella und ist mit seinen 700 Metern L\u00e4nge sehr beliebt und wird oft von Familien besucht. Ein idealer Ort, um sich an einem warmen Tag zu sonnen und Spa\u00df zu haben!<\/p>\n<h3>Strand von Puerto Ban\u00fas (15 Min. mit dem Auto)<\/h3>\n<p>Der Strand liegt in Puerto Ban\u00fas neben dem Fluss Rio Verde und hat einen feinen und goldfarbenen Sand. Aufgrund seiner N\u00e4he zum Jachthafen bietet er Restaurants, Bars, Gesch\u00e4fte und andere Annehmlichkeiten von einer hohen Qualit\u00e4t.<\/p>\n<h3>Playa Los Monteros (15 Min. mit dem Auto)<\/h3>\n<p>Sch\u00f6nste Str\u00e4nde von Marbella gesucht? Dann muss auch der Playa Los Monteros genannt werden! Dieser malerische Strand mit D\u00fcnen verf\u00fcgt \u00fcber eine Vielzahl an Serviceeinrichtungen, wie Strandbars oder Duschen, und geh\u00f6rt damit zu den sch\u00f6nsten Str\u00e4nden in Marbella. Hier werden dar\u00fcber hinaus Wassersportaktivit\u00e4ten, wie z. B. Windsurfen, angeboten, weshalb man hier eher ein junges Publikum antrifft.<\/p>\n<h3>Strand von Cabopino (17 Min. mit dem Auto)<\/h3>\n<p>Der Strand liegt in einer gesch\u00fctzten D\u00fcnenlandschaft in der N\u00e4he Marbellas, die als \u201eLas Dunas de Artola\u201c bekannt ist. Es ist ein FKK-Strand. Der Sand ist fein und goldfarben, das Wasser ist absolut sauber. Somit ist dies ein toller Platz, um die Natur und FKK zu genie\u00dfen.[\/vc_column_text][\/vc_column][\/vc_row]\n","protected":false},"excerpt":{"rendered":"<p>[vc_row][vc_column el_class=&#8220;destination-content&#8220;][vc_column_text] Sch\u00f6nste Marbella Str\u00e4nde Sand, Sonne und Meer! Es sind sch\u00f6nste Str\u00e4nde in Marbella zu finden, an denen man das lebhafte Treiben hautnah miterleben oder inmitten idyllischer Natur die Ruhe genie\u00dfen kann. Dazu kommt ein einzigartiges Mikroklima, das das ganze Jahr \u00fcber f\u00fcr angenehme Temperaturen sorgt. An der 27 Kilometer langen K\u00fcste k\u00f6nnen Sie<\/p>\n","protected":false},"author":6,"featured_media":1537,"parent":4815,"menu_order":0,"comment_status":"closed","ping_status":"closed","template":"templates\/destination-subpages.php","meta":{"footnotes":""},"class_list":["post-4870","page","type-page","status-publish","hentry"],"yoast_head":"<!-- This site is optimized with the Yoast SEO plugin v22.4 - https:\/\/yoast.com\/wordpress\/plugins\/seo\/ -->\n<title>Marbella Str\u00e4nde - Ein Leitfaden zu den besten Str\u00e4nden in Marbella<\/title>\n<meta name=\"description\" content=\"Von malerischen D\u00fcnen bis zum belebten Stadtstrand: Informieren Sie sich online bei uns \u00fcber sch\u00f6nste Marbella Str\u00e4nde nahe Ihrem Reiseziel.\" \/>\n<meta name=\"robots\" content=\"index, follow, max-snippet:-1, max-image-preview:large, max-video-preview:-1\" \/>\n<link rel=\"canonical\" href=\"https:\/\/www.fuertehoteles.com\/de\/reiseziele\/marbella-urlaub\/strande\/\" \/>\n<meta property=\"og:locale\" content=\"de_DE\" \/>\n<meta property=\"og:type\" content=\"article\" \/>\n<meta property=\"og:title\" content=\"Marbella Str\u00e4nde - Ein Leitfaden zu den besten Str\u00e4nden in Marbella\" \/>\n<meta property=\"og:description\" content=\"Von malerischen D\u00fcnen bis zum belebten Stadtstrand: Informieren Sie sich online bei uns \u00fcber sch\u00f6nste Marbella Str\u00e4nde nahe Ihrem Reiseziel.\" \/>\n<meta property=\"og:url\" content=\"https:\/\/www.fuertehoteles.com\/de\/reiseziele\/marbella-urlaub\/strande\/\" \/>\n<meta property=\"og:site_name\" content=\"Fuerte Hoteles\" \/>\n<meta property=\"article:publisher\" content=\"https:\/\/www.facebook.com\/HotelesFuerte\" \/>\n<meta property=\"article:modified_time\" content=\"2021-12-22T09:25:49+00:00\" \/>\n<meta property=\"og:image\" content=\"https:\/\/www.fuertehoteles.com\/wp-content\/uploads\/2021\/11\/marbella-playas.jpg\" \/>\n\t<meta property=\"og:image:width\" content=\"1920\" \/>\n\t<meta property=\"og:image:height\" content=\"540\" \/>\n\t<meta property=\"og:image:type\" content=\"image\/jpeg\" \/>\n<meta name=\"twitter:card\" content=\"summary_large_image\" \/>\n<meta name=\"twitter:site\" content=\"@fuertehoteles\" \/>\n<meta name=\"twitter:label1\" content=\"Gesch\u00e4tzte Lesezeit\" \/>\n\t<meta name=\"twitter:data1\" content=\"2\u00a0Minuten\" \/>\n<script type=\"application\/ld+json\" class=\"yoast-schema-graph\">{\"@context\":\"https:\/\/schema.org\",\"@graph\":[{\"@type\":\"WebPage\",\"@id\":\"https:\/\/www.fuertehoteles.com\/de\/reiseziele\/marbella-urlaub\/strande\/\",\"url\":\"https:\/\/www.fuertehoteles.com\/de\/reiseziele\/marbella-urlaub\/strande\/\",\"name\":\"Marbella Str\u00e4nde - Ein Leitfaden zu den besten Str\u00e4nden in Marbella\",\"isPartOf\":{\"@id\":\"https:\/\/www.fuertehoteles.com\/#website\"},\"primaryImageOfPage\":{\"@id\":\"https:\/\/www.fuertehoteles.com\/de\/reiseziele\/marbella-urlaub\/strande\/#primaryimage\"},\"image\":{\"@id\":\"https:\/\/www.fuertehoteles.com\/de\/reiseziele\/marbella-urlaub\/strande\/#primaryimage\"},\"thumbnailUrl\":\"https:\/\/www.fuertehoteles.com\/wp-content\/uploads\/2021\/11\/marbella-playas.jpg\",\"datePublished\":\"2021-11-26T14:06:55+00:00\",\"dateModified\":\"2021-12-22T09:25:49+00:00\",\"description\":\"Von malerischen D\u00fcnen bis zum belebten Stadtstrand: Informieren Sie sich online bei uns \u00fcber sch\u00f6nste Marbella Str\u00e4nde nahe Ihrem Reiseziel.\",\"breadcrumb\":{\"@id\":\"https:\/\/www.fuertehoteles.com\/de\/reiseziele\/marbella-urlaub\/strande\/#breadcrumb\"},\"inLanguage\":\"de\",\"potentialAction\":[{\"@type\":\"ReadAction\",\"target\":[\"https:\/\/www.fuertehoteles.com\/de\/reiseziele\/marbella-urlaub\/strande\/\"]}]},{\"@type\":\"ImageObject\",\"inLanguage\":\"de\",\"@id\":\"https:\/\/www.fuertehoteles.com\/de\/reiseziele\/marbella-urlaub\/strande\/#primaryimage\",\"url\":\"https:\/\/www.fuertehoteles.com\/wp-content\/uploads\/2021\/11\/marbella-playas.jpg\",\"contentUrl\":\"https:\/\/www.fuertehoteles.com\/wp-content\/uploads\/2021\/11\/marbella-playas.jpg\",\"width\":1920,\"height\":540,\"caption\":\"Playas de Marbella\"},{\"@type\":\"BreadcrumbList\",\"@id\":\"https:\/\/www.fuertehoteles.com\/de\/reiseziele\/marbella-urlaub\/strande\/#breadcrumb\",\"itemListElement\":[{\"@type\":\"ListItem\",\"position\":1,\"name\":\"Portada\",\"item\":\"https:\/\/www.fuertehoteles.com\/de\/\"},{\"@type\":\"ListItem\",\"position\":2,\"name\":\"Reiseziele\",\"item\":\"https:\/\/www.fuertehoteles.com\/de\/reiseziele\/\"},{\"@type\":\"ListItem\",\"position\":3,\"name\":\"Marbella\",\"item\":\"https:\/\/www.fuertehoteles.com\/de\/reiseziele\/marbella-urlaub\/\"},{\"@type\":\"ListItem\",\"position\":4,\"name\":\"Str\u00e4nde\"}]},{\"@type\":\"WebSite\",\"@id\":\"https:\/\/www.fuertehoteles.com\/#website\",\"url\":\"https:\/\/www.fuertehoteles.com\/\",\"name\":\"Fuerte Hoteles\",\"description\":\"\",\"publisher\":{\"@id\":\"https:\/\/www.fuertehoteles.com\/#organization\"},\"potentialAction\":[{\"@type\":\"SearchAction\",\"target\":{\"@type\":\"EntryPoint\",\"urlTemplate\":\"https:\/\/www.fuertehoteles.com\/?s={search_term_string}\"},\"query-input\":\"required name=search_term_string\"}],\"inLanguage\":\"de\"},{\"@type\":\"Organization\",\"@id\":\"https:\/\/www.fuertehoteles.com\/#organization\",\"name\":\"Fuerte Hoteles\",\"url\":\"https:\/\/www.fuertehoteles.com\/\",\"logo\":{\"@type\":\"ImageObject\",\"inLanguage\":\"de\",\"@id\":\"https:\/\/www.fuertehoteles.com\/#\/schema\/logo\/image\/\",\"url\":\"https:\/\/www.fuertehoteles.com\/wp-content\/uploads\/2022\/09\/logo-ffhh-1.jpg\",\"contentUrl\":\"https:\/\/www.fuertehoteles.com\/wp-content\/uploads\/2022\/09\/logo-ffhh-1.jpg\",\"width\":500,\"height\":500,\"caption\":\"Fuerte Hoteles\"},\"image\":{\"@id\":\"https:\/\/www.fuertehoteles.com\/#\/schema\/logo\/image\/\"},\"sameAs\":[\"https:\/\/www.facebook.com\/HotelesFuerte\",\"https:\/\/twitter.com\/fuertehoteles\",\"https:\/\/www.instagram.com\/fuertehoteles\/\",\"https:\/\/www.linkedin.com\/company\/fuerte-hoteles\/\",\"https:\/\/www.youtube.com\/user\/fuertehoteles\",\"https:\/\/en.wikipedia.org\/wiki\/Fuerte_Hotels\"]}]}<\/script>\n<!-- \/ Yoast SEO plugin. -->","yoast_head_json":{"title":"Marbella Str\u00e4nde - Ein Leitfaden zu den besten Str\u00e4nden in Marbella","description":"Von malerischen D\u00fcnen bis zum belebten Stadtstrand: Informieren Sie sich online bei uns \u00fcber sch\u00f6nste Marbella Str\u00e4nde nahe Ihrem Reiseziel.","robots":{"index":"index","follow":"follow","max-snippet":"max-snippet:-1","max-image-preview":"max-image-preview:large","max-video-preview":"max-video-preview:-1"},"canonical":"https:\/\/www.fuertehoteles.com\/de\/reiseziele\/marbella-urlaub\/strande\/","og_locale":"de_DE","og_type":"article","og_title":"Marbella Str\u00e4nde - Ein Leitfaden zu den besten Str\u00e4nden in Marbella","og_description":"Von malerischen D\u00fcnen bis zum belebten Stadtstrand: Informieren Sie sich online bei uns \u00fcber sch\u00f6nste Marbella Str\u00e4nde nahe Ihrem Reiseziel.","og_url":"https:\/\/www.fuertehoteles.com\/de\/reiseziele\/marbella-urlaub\/strande\/","og_site_name":"Fuerte Hoteles","article_publisher":"https:\/\/www.facebook.com\/HotelesFuerte","article_modified_time":"2021-12-22T09:25:49+00:00","og_image":[{"width":1920,"height":540,"url":"https:\/\/www.fuertehoteles.com\/wp-content\/uploads\/2021\/11\/marbella-playas.jpg","type":"image\/jpeg"}],"twitter_card":"summary_large_image","twitter_site":"@fuertehoteles","twitter_misc":{"Gesch\u00e4tzte Lesezeit":"2\u00a0Minuten"},"schema":{"@context":"https:\/\/schema.org","@graph":[{"@type":"WebPage","@id":"https:\/\/www.fuertehoteles.com\/de\/reiseziele\/marbella-urlaub\/strande\/","url":"https:\/\/www.fuertehoteles.com\/de\/reiseziele\/marbella-urlaub\/strande\/","name":"Marbella Str\u00e4nde - Ein Leitfaden zu den besten Str\u00e4nden in Marbella","isPartOf":{"@id":"https:\/\/www.fuertehoteles.com\/#website"},"primaryImageOfPage":{"@id":"https:\/\/www.fuertehoteles.com\/de\/reiseziele\/marbella-urlaub\/strande\/#primaryimage"},"image":{"@id":"https:\/\/www.fuertehoteles.com\/de\/reiseziele\/marbella-urlaub\/strande\/#primaryimage"},"thumbnailUrl":"https:\/\/www.fuertehoteles.com\/wp-content\/uploads\/2021\/11\/marbella-playas.jpg","datePublished":"2021-11-26T14:06:55+00:00","dateModified":"2021-12-22T09:25:49+00:00","description":"Von malerischen D\u00fcnen bis zum belebten Stadtstrand: Informieren Sie sich online bei uns \u00fcber sch\u00f6nste Marbella Str\u00e4nde nahe Ihrem Reiseziel.","breadcrumb":{"@id":"https:\/\/www.fuertehoteles.com\/de\/reiseziele\/marbella-urlaub\/strande\/#breadcrumb"},"inLanguage":"de","potentialAction":[{"@type":"ReadAction","target":["https:\/\/www.fuertehoteles.com\/de\/reiseziele\/marbella-urlaub\/strande\/"]}]},{"@type":"ImageObject","inLanguage":"de","@id":"https:\/\/www.fuertehoteles.com\/de\/reiseziele\/marbella-urlaub\/strande\/#primaryimage","url":"https:\/\/www.fuertehoteles.com\/wp-content\/uploads\/2021\/11\/marbella-playas.jpg","contentUrl":"https:\/\/www.fuertehoteles.com\/wp-content\/uploads\/2021\/11\/marbella-playas.jpg","width":1920,"height":540,"caption":"Playas de Marbella"},{"@type":"BreadcrumbList","@id":"https:\/\/www.fuertehoteles.com\/de\/reiseziele\/marbella-urlaub\/strande\/#breadcrumb","itemListElement":[{"@type":"ListItem","position":1,"name":"Portada","item":"https:\/\/www.fuertehoteles.com\/de\/"},{"@type":"ListItem","position":2,"name":"Reiseziele","item":"https:\/\/www.fuertehoteles.com\/de\/reiseziele\/"},{"@type":"ListItem","position":3,"name":"Marbella","item":"https:\/\/www.fuertehoteles.com\/de\/reiseziele\/marbella-urlaub\/"},{"@type":"ListItem","position":4,"name":"Str\u00e4nde"}]},{"@type":"WebSite","@id":"https:\/\/www.fuertehoteles.com\/#website","url":"https:\/\/www.fuertehoteles.com\/","name":"Fuerte Hoteles","description":"","publisher":{"@id":"https:\/\/www.fuertehoteles.com\/#organization"},"potentialAction":[{"@type":"SearchAction","target":{"@type":"EntryPoint","urlTemplate":"https:\/\/www.fuertehoteles.com\/?s={search_term_string}"},"query-input":"required name=search_term_string"}],"inLanguage":"de"},{"@type":"Organization","@id":"https:\/\/www.fuertehoteles.com\/#organization","name":"Fuerte Hoteles","url":"https:\/\/www.fuertehoteles.com\/","logo":{"@type":"ImageObject","inLanguage":"de","@id":"https:\/\/www.fuertehoteles.com\/#\/schema\/logo\/image\/","url":"https:\/\/www.fuertehoteles.com\/wp-content\/uploads\/2022\/09\/logo-ffhh-1.jpg","contentUrl":"https:\/\/www.fuertehoteles.com\/wp-content\/uploads\/2022\/09\/logo-ffhh-1.jpg","width":500,"height":500,"caption":"Fuerte Hoteles"},"image":{"@id":"https:\/\/www.fuertehoteles.com\/#\/schema\/logo\/image\/"},"sameAs":["https:\/\/www.facebook.com\/HotelesFuerte","https:\/\/twitter.com\/fuertehoteles","https:\/\/www.instagram.com\/fuertehoteles\/","https:\/\/www.linkedin.com\/company\/fuerte-hoteles\/","https:\/\/www.youtube.com\/user\/fuertehoteles","https:\/\/en.wikipedia.org\/wiki\/Fuerte_Hotels"]}]}},"_links":{"self":[{"href":"https:\/\/www.fuertehoteles.com\/de\/wp-json\/wp\/v2\/pages\/4870","targetHints":{"allow":["GET"]}}],"collection":[{"href":"https:\/\/www.fuertehoteles.com\/de\/wp-json\/wp\/v2\/pages"}],"about":[{"href":"https:\/\/www.fuertehoteles.com\/de\/wp-json\/wp\/v2\/types\/page"}],"author":[{"embeddable":true,"href":"https:\/\/www.fuertehoteles.com\/de\/wp-json\/wp\/v2\/users\/6"}],"replies":[{"embeddable":true,"href":"https:\/\/www.fuertehoteles.com\/de\/wp-json\/wp\/v2\/comments?post=4870"}],"version-history":[{"count":0,"href":"https:\/\/www.fuertehoteles.com\/de\/wp-json\/wp\/v2\/pages\/4870\/revisions"}],"up":[{"embeddable":true,"href":"https:\/\/www.fuertehoteles.com\/de\/wp-json\/wp\/v2\/pages\/4815"}],"wp:featuredmedia":[{"embeddable":true,"href":"https:\/\/www.fuertehoteles.com\/de\/wp-json\/wp\/v2\/media\/1537"}],"wp:attachment":[{"href":"https:\/\/www.fuertehoteles.com\/de\/wp-json\/wp\/v2\/media?parent=4870"}],"curies":[{"name":"wp","href":"https:\/\/api.w.org\/{rel}","templated":true}]}}