{"id":4933,"date":"2021-12-01T12:48:50","date_gmt":"2021-12-01T11:48:50","guid":{"rendered":"https:\/\/www.fuertehoteles.com\/resort-fuerte-conil-costaluz\/exclusive\/"},"modified":"2025-05-19T08:43:02","modified_gmt":"2025-05-19T06:43:02","slug":"exclusive","status":"publish","type":"page","link":"https:\/\/www.fuertehoteles.com\/de\/fuerte-conil-resort\/exclusive\/","title":{"rendered":"Exclusive"},"content":{"rendered":"[vc_section full_width=&#8220;stretch_row&#8220; css_animation=&#8220;none&#8220; css=&#8220;.vc_custom_1612343650561{background-position: center !important;background-repeat: no-repeat !important;background-size: cover !important;}&#8220;][vc_row full_width=&#8220;stretch_row_content_no_spaces&#8220; equal_height=&#8220;yes&#8220; content_placement=&#8220;middle&#8220; css_animation=&#8220;none&#8220; el_class=&#8220;fh-exclusive-content-row&#8220;][vc_column width=&#8220;1\/2&#8243; css=&#8220;.vc_custom_1640244803099{background-image: url(https:\/\/www.fuertehoteles.com\/wp-content\/uploads\/2021\/12\/fcr-exclusive-main.jpg?id=2280) !important;background-position: center !important;background-repeat: no-repeat !important;background-size: cover !important;}&#8220; el_class=&#8220;fh-exclusive-image&#8220;][vc_empty_space height=&#8220;0&#8243; el_class=&#8220;fh-exclusive-emblem&#8220;][vc_single_image image=&#8220;2280&#8243; img_size=&#8220;full&#8220; alignment=&#8220;center&#8220; el_class=&#8220;only-mobile&#8220;][vc_column_text el_class=&#8220;fh-button-gallery-icon to-right&#8220;]<a id=\"fcr-exclusive\" class=\"open_gallery\" href=\"#\"><span class=\"fh-button-gallery-icon-text\">Ver galer\u00eda<\/span><\/a>[\/vc_column_text][vc_column_text]<span class=\"rl-gallery-container rl-loading\" id=\"rl-gallery-container-1\" data-gallery_id=\"2286\"> <span class=\"rl-gallery rl-hidden-gallery rl-hidden-text \" id=\"rl-gallery-1\" data-gallery_no=\"1\"><a href=\"https:\/\/www.fuertehoteles.com\/wp-content\/uploads\/2021\/12\/fcr-gallery-9-1.jpg\" class=\"fcr-exclusive rl-gallery-link\" title=\"\" data-rl_title=\"\" data-rl_caption=\"\" data-rel=\"lightbox-gallery-1\">Gallery<img decoding=\"async\" src=\"https:\/\/www.fuertehoteles.com\/wp-content\/uploads\/2021\/12\/fcr-gallery-9-1-300x169.jpg\" alt=\"\" style=\"display: none;\" \/><\/a> <a href=\"https:\/\/www.fuertehoteles.com\/wp-content\/uploads\/2021\/12\/exclusive-01.jpg\" title=\"\" data-rl_title=\"\" class=\"rl-gallery-link\" data-rl_caption=\"\" data-rel=\"lightbox-gallery-1\" style=\"display: none;\"><img decoding=\"async\" src=\"https:\/\/www.fuertehoteles.com\/wp-content\/uploads\/2021\/12\/exclusive-01-300x169.jpg\" width=\"300\" height=\"169\" \/><span class=\"rl-gallery-caption\"><span class=\"rl-gallery-item-title\">exclusive-01<\/span><\/span><\/a><a href=\"https:\/\/www.fuertehoteles.com\/wp-content\/uploads\/2021\/12\/exclusive-02.jpg\" title=\"\" data-rl_title=\"\" class=\"rl-gallery-link\" data-rl_caption=\"\" data-rel=\"lightbox-gallery-1\" style=\"display: none;\"><img decoding=\"async\" src=\"https:\/\/www.fuertehoteles.com\/wp-content\/uploads\/2021\/12\/exclusive-02-300x169.jpg\" width=\"300\" height=\"169\" \/><span class=\"rl-gallery-caption\"><span class=\"rl-gallery-item-title\">exclusive-02<\/span><\/span><\/a><a href=\"https:\/\/www.fuertehoteles.com\/wp-content\/uploads\/2021\/12\/exclusive-03.jpg\" title=\"\" data-rl_title=\"\" class=\"rl-gallery-link\" data-rl_caption=\"\" data-rel=\"lightbox-gallery-1\" style=\"display: none;\"><img decoding=\"async\" src=\"https:\/\/www.fuertehoteles.com\/wp-content\/uploads\/2021\/12\/exclusive-03-300x169.jpg\" width=\"300\" height=\"169\" \/><span class=\"rl-gallery-caption\"><span class=\"rl-gallery-item-title\">exclusive-03<\/span><\/span><\/a> <\/span> <\/span>[\/vc_column_text][\/vc_column][vc_column width=&#8220;1\/2&#8243; el_class=&#8220;fh-exclusive-content&#8220;][vc_column_text css_animation=&#8220;fadeInUp&#8220; el_class=&#8220;fh-exclusive-content-supertitle&#8220;]\n<p style=\"text-align: right;\">EXKLUSIVE<\/p>\n[\/vc_column_text][vc_column_text css_animation=&#8220;fadeInUp&#8220; el_class=&#8220;fh-exclusive-content-title&#8220;]\n<h3 style=\"text-align: right;\">Eine unvergleichliche Erfahrung<\/h3>\n[\/vc_column_text][vc_column_text css_animation=&#8220;fadeInUp&#8220; el_class=&#8220;fh-exclusive-content-divider&#8220;]\n<hr class=\"separator_2c\" \/>\n[\/vc_column_text][vc_column_text css_animation=&#8220;fadeInUp&#8220; el_class=&#8220;fh-exclusive-content-text&#8220;]\n<p class=\"p1\" style=\"text-align: right;\">Wir haben es geschafft, die <strong>privilegierte Lage<\/strong> des <strong>Hotels Fuerte Conil-Resort <\/strong>mit dem besten Service und Einrichtungen zu kombinieren. Wenn Sie <strong>Exclusive<\/strong> sind, werden Sie ein einmaliges Erlebnis genie\u00dfen.<\/p>\n[\/vc_column_text][vc_empty_space height=&#8220;25px&#8220;][vc_column_text el_class=&#8220;fh-button fh-hotel-rooms-button&#8220; el_id=&#8220;exclusive-in-room&#8220;]\n<p style=\"text-align: right;\"><a href=\"#\">SIEHE EINZELHEITEN<\/a><\/p>\n[\/vc_column_text]<div id=\"modal-trg-txt-wrap-6631\" class=\"ult-modal-input-wrapper ult-adjust-bottom-margin    \" data-keypress-control=\"keypress-control-enable\" data-overlay-control=\"overlay-control-enable\"><span data-class-id=\"content-69ebd47a786455-64771472\"><\/span>\r\n\t\t\t\t<script type=\"text\/javascript\">\r\n\t\t\t\t(function($){\r\n\t\t\t\t\t$(document).ready(function(){\r\n\t\t\t\t\t\tvar selector = \"#exclusive-in-room\";\r\n\t\t\t\t\t\t$(selector).addClass(\"custom-ult-modal overlay-show\");\r\n\t\t\t\t\t\t$(selector).attr(\"data-class-id\", \"content-69ebd47a786455-64771472\");\r\n\t\t\t\t\t\t$(selector).attr(\"data-overlay-class\", \"overlay-slideup\");\r\n\t\t\t\t\t\t$(selector).attr(\"data-keypress-control\", \"keypress-control-enable\");\r\n\t\t\t\t\t\t$(selector).attr(\"data-overlay-control\", \"overlay-control-enable\");\r\n\t\t\t\t\t});\r\n\t\t\t\t})(jQuery);\r\n\t\t\t\t<\/script><\/div>\n<div class=\"ult-overlay content-69ebd47a786455-64771472 fh-exclusive-modal-content\" data-class=\"content-69ebd47a786455-64771472\" id=\"button-click-overlay\" style=\"background:rgba(51,51,51,0.8); display:none;\">\n\t<div class=\"ult_modal ult-fade ult-medium\">\n\t\t<div id=\"ult-modal-wrap-3706\" class=\"ult_modal-content ult-hide\" style=\"border-style:solid;border-width:2px;border-radius:0px;border-color:#333333;\">\n\t\t\t<div class=\"ult_modal-header\" style=\"background:#7fbc03;color:#ffffff;border-color:#333333;\">\n\t\t\t\t<h3  data-ultimate-target='#ult-modal-wrap-3706 .ult_modal-title'  data-responsive-json-new='{\"font-size\":\"\",\"line-height\":\"\"}'  class=\"ult_modal-title ult-responsive\">Zimmer<\/h3>\n\t\t\t<\/div>\n\t\t\t<div  data-ultimate-target='#ult-modal-wrap-3706 .ult_modal-body'  data-responsive-json-new='{\"font-size\":\"\",\"line-height\":\"\"}'  class=\"ult_modal-body ult-responsive ult-html\" style=\"\">\n\t\t\t\n<ul>\n<li>Obst mit Schockolade zur Begr\u00fc\u00dfung.<\/li>\n<li>Sekt Flasche in der Bar.<\/li>\n<li>T\u00e4gliche Wasserflasche (0,50 cl.).<\/li>\n<li>Safe.<\/li>\n<li>Tiefgarage.<\/li>\n<li>Hydrotherapie\/Wasserrundgang im SPA-Zentrum, je nach Verf\u00fcgbarkeit und nach Vereinbarung (eine Rundgang pro Person und Aufenthalt, nur f\u00fcr \u00fcber 13 Jahre alt).<\/li>\n<li>\u00d6l Flasche als heimisches Willkommensgeschenk.<\/li>\n<li>Service f\u00fcr Bettabdeckung (t\u00e4glich).<\/li>\n<li>TV 42 Zoll LED.<\/li>\n<li>Exclusives Lounge mit Speisen* und Getr\u00e4nkeservice von 11:00 Uhr bis 20:00 Uhr.<\/li>\n<li>Exklusiver Bereich f\u00fcr Liegest\u00fchle am Pool von Costa Luz<br \/>\nBadem\u00e4ntel, Poolt\u00fccher und Hausschuhe.<\/li>\n<li>Nespresso Kaffeemaschine mit 4 Nespresso Kapseln (t\u00e4gliche Nachf\u00fcllung) und Wasserkocher.<\/li>\n<li>Kostenlose Minibar (ohne Nachf\u00fcllung).<\/li>\n<li>Sp\u00e4tabreise bis 15 Uhr (je nach Verf\u00fcgbarkeit, bitte best\u00e4tigen Sie einen Tag vor Ihrer Abreise mit der Rezeption).<\/li>\n<li>Abschiedsgeschenk.<\/li>\n<\/ul>\n\n\t\t\t<\/div>\n\t<\/div>\n\t<\/div>\n\t<div class=\"ult-overlay-close top-right\" style=\"width:80px;height:80px; \"><div class=\"ult-overlay-close-inside\">Close<\/div><\/div>\n<\/div>[\/vc_column][\/vc_row][vc_row full_width=&#8220;stretch_row&#8220; css=&#8220;.vc_custom_1640244586013{background: #f5f7f0 url(https:\/\/www.fuertehoteles.com\/wp-content\/uploads\/2020\/01\/bg-ffhh.jpg?id=124830) !important;background-position: center !important;background-repeat: no-repeat !important;background-size: cover !important;}&#8220; el_class=&#8220;fh-exclusive-services-row&#8220;][vc_column][vc_custom_heading text=&#8220;Exklusive-Service&#8220; font_container=&#8220;tag:h3|text_align:center&#8220; use_theme_fonts=&#8220;yes&#8220;][vc_empty_space height=&#8220;20px&#8220;][vc_column_text css_animation=&#8220;none&#8220; el_class=&#8220;fh-exclusive-divider&#8220;]\n<hr \/>\n[\/vc_column_text][vc_empty_space][vc_row_inner equal_height=&#8220;yes&#8220; content_placement=&#8220;middle&#8220;][vc_column_inner css=&#8220;.vc_custom_1612366030275{padding-top: 60px !important;padding-right: 60px !important;padding-bottom: 60px !important;padding-left: 60px !important;}&#8220; offset=&#8220;vc_col-lg-6 vc_col-md-6&#8243;][vc_column_text]\n<ul>\n<li>Kostenloser Hydrotherapie-Parcours im SPA-Zentrum, je nach Verf\u00fcgbarkeit und nach Vereinbarung (eine Schaltung pro Person und Aufenthalt, <strong>nur f\u00fcr \u00fcber 13 Jahre alt<\/strong>).<\/li>\n<li>Kostenlose Parkpl\u00e4tze.<\/li>\n<li>Exklusiver Solarium-Bereich<\/li>\n<li><strong>Getr\u00e4nkeservice<\/strong> (auch alkoholische) von 11:00 bis 20:00 Uhr.<\/li>\n<li><strong>Essensservice<\/strong> von 11:00 bis 12:00 Uhr, von 13:00 bis 15:00 Uhr, von 16:00 bis 18:00 Uhr und von 19:00 bis 20:00 Uhr. <strong>Tapas-Service \u201eExclusive\u201c<\/strong> zu den angegebenen Uhrzeiten.<\/li>\n<\/ul>\n[\/vc_column_text][vc_column_text el_class=&#8220;fh-exclusive-services-notice&#8220;]<em>* Die ExclusiveDienstleistungen werden in Fuerte Costa Luz angeboten.<\/em><br \/>\n<em>** Um den Exclusive-Service genie\u00dfen zu k\u00f6nnen, ist es erforderlich, ein Zimmer der Kategorie Exclusive zu buchen.<\/em><br \/>\n<em>*** Der Zugang zum Spa ist auf Personen \u00fcber 13 Jahre beschr\u00e4nkt. Minderj\u00e4hrigen wird der Zugang verwehrt, auch wenn sie von einem Erwachsenen begleitet werden.<\/em><br \/>\n<em>**** Der Zutritt zur Exclusive Lounge ist auf G\u00e4ste \u00fcber 16 Jahre beschr\u00e4nkt. Minderj\u00e4hrige d\u00fcrfen noch nicht von einem Erwachsenen begleitet werden.<\/em><br \/>\n<em>***** Essens- und Getr\u00e4nkedienste m\u00fcssen im exklusiven Bereich genossen werden. Das an der Rezeption ausgeh\u00e4ndigte Identifikationsarmband muss in diesem Bereich verwendet werden.<\/em>[\/vc_column_text][\/vc_column_inner][vc_column_inner offset=&#8220;vc_col-lg-6 vc_col-md-6&#8243;]<div class=\"mpc-carousel__wrapper mpc-waypoint\"><div id=\"mpc_carousel_image-4369ebd47a78705\" class=\"mpc-carousel-image mpc-init mpc-layout--classic mpc-effect--none fh-exclusive-services-slider\"  data-mpcslick='{\"infinite\":true,\"autoplay\":true,\"slidesToShow\":1,\"slidesToScroll\":1,\"centerMode\":false,\"initialSlide\":0,\"autoplaySpeed\":2000,\"fade\":true,\"speed\":500}' data-slick-cols=\"1\"><div target=\"\"class=\"mpc-carousel__item-wrapper\" data-height=\"768\"><div onclick=\"\" class=\"mpc-item mpc-transition\"><div class=\"mpc-border\"><\/div><img decoding=\"async\" width=\"1440\" height=\"1080\" src=\"https:\/\/www.fuertehoteles.com\/wp-content\/uploads\/2023\/10\/exclusive-lounge.jpg\" class=\"mpc-transition attachment-full\" alt=\"Exclusive Lounge\" srcset=\"https:\/\/www.fuertehoteles.com\/wp-content\/uploads\/2023\/10\/exclusive-lounge.jpg 1440w, https:\/\/www.fuertehoteles.com\/wp-content\/uploads\/2023\/10\/exclusive-lounge-300x225.jpg 300w, https:\/\/www.fuertehoteles.com\/wp-content\/uploads\/2023\/10\/exclusive-lounge-1024x768.jpg 1024w, https:\/\/www.fuertehoteles.com\/wp-content\/uploads\/2023\/10\/exclusive-lounge-768x576.jpg 768w\" sizes=\"(max-width: 1440px) 100vw, 1440px\" \/><\/div><\/div><div target=\"\"class=\"mpc-carousel__item-wrapper\" data-height=\"768\"><div onclick=\"\" class=\"mpc-item mpc-transition\"><div class=\"mpc-border\"><\/div><img decoding=\"async\" width=\"1440\" height=\"1080\" src=\"https:\/\/www.fuertehoteles.com\/wp-content\/uploads\/2023\/10\/exclusive-lounge-2.jpg\" class=\"mpc-transition attachment-full\" alt=\"Exclusive Lounge\" srcset=\"https:\/\/www.fuertehoteles.com\/wp-content\/uploads\/2023\/10\/exclusive-lounge-2.jpg 1440w, https:\/\/www.fuertehoteles.com\/wp-content\/uploads\/2023\/10\/exclusive-lounge-2-300x225.jpg 300w, https:\/\/www.fuertehoteles.com\/wp-content\/uploads\/2023\/10\/exclusive-lounge-2-1024x768.jpg 1024w, https:\/\/www.fuertehoteles.com\/wp-content\/uploads\/2023\/10\/exclusive-lounge-2-768x576.jpg 768w\" sizes=\"(max-width: 1440px) 100vw, 1440px\" \/><\/div><\/div><div target=\"\"class=\"mpc-carousel__item-wrapper\" data-height=\"768\"><div onclick=\"\" class=\"mpc-item mpc-transition\"><div class=\"mpc-border\"><\/div><img decoding=\"async\" width=\"1440\" height=\"1080\" src=\"https:\/\/www.fuertehoteles.com\/wp-content\/uploads\/2021\/12\/fcr-exclusive-01.jpg\" class=\"mpc-transition attachment-full\" alt=\"\" srcset=\"https:\/\/www.fuertehoteles.com\/wp-content\/uploads\/2021\/12\/fcr-exclusive-01.jpg 1440w, https:\/\/www.fuertehoteles.com\/wp-content\/uploads\/2021\/12\/fcr-exclusive-01-300x225.jpg 300w, https:\/\/www.fuertehoteles.com\/wp-content\/uploads\/2021\/12\/fcr-exclusive-01-1024x768.jpg 1024w, https:\/\/www.fuertehoteles.com\/wp-content\/uploads\/2021\/12\/fcr-exclusive-01-768x576.jpg 768w\" sizes=\"(max-width: 1440px) 100vw, 1440px\" \/><\/div><\/div><\/div><div class=\"mpc-navigation mpc-init mpc-align--right mpc-navigation--style_1  mpc-nav-preset--default\" data-mpcslider=\"mpc_carousel_image-4369ebd47a78705\"><div class=\"mpc-nav__arrow mpcslick-prev\"><div class=\"mpc-nav__icon mpc-transition\"><i class=\" eti eti_arrow_carrot-left\"><div class=\"mpc-nav__background mpc-transition mpc-effect-type--slide mpc-effect-side--top\"><\/div><\/i><\/div><\/div><div class=\"mpc-nav__arrow mpcslick-next\"><div class=\"mpc-nav__icon mpc-transition\"><i class=\" eti eti_arrow_carrot-right\"><div class=\"mpc-nav__background mpc-transition mpc-effect-type--slide mpc-effect-side--top\"><\/div><\/i><\/div><\/div><\/div><\/div>[\/vc_column_inner][\/vc_row_inner][vc_empty_space height=&#8220;200px&#8220;][\/vc_column][\/vc_row][\/vc_section]\n","protected":false},"excerpt":{"rendered":"<p>[vc_section full_width=&#8220;stretch_row&#8220; css_animation=&#8220;none&#8220; css=&#8220;.vc_custom_1612343650561{background-position: center !important;background-repeat: no-repeat !important;background-size: cover !important;}&#8220;][vc_row full_width=&#8220;stretch_row_content_no_spaces&#8220; equal_height=&#8220;yes&#8220; content_placement=&#8220;middle&#8220; css_animation=&#8220;none&#8220; el_class=&#8220;fh-exclusive-content-row&#8220;][vc_column width=&#8220;1\/2&#8243; css=&#8220;.vc_custom_1640244803099{background-image: url(https:\/\/www.fuertehoteles.com\/wp-content\/uploads\/2021\/12\/fcr-exclusive-main.jpg?id=2280) !important;background-position: center !important;background-repeat: no-repeat !important;background-size: cover !important;}&#8220; el_class=&#8220;fh-exclusive-image&#8220;][vc_empty_space height=&#8220;0&#8243; el_class=&#8220;fh-exclusive-emblem&#8220;][vc_single_image image=&#8220;2280&#8243; img_size=&#8220;full&#8220; alignment=&#8220;center&#8220; el_class=&#8220;only-mobile&#8220;][vc_column_text el_class=&#8220;fh-button-gallery-icon to-right&#8220;]Ver galer\u00eda[\/vc_column_text][vc_column_text][\/vc_column_text][\/vc_column][vc_column width=&#8220;1\/2&#8243; el_class=&#8220;fh-exclusive-content&#8220;][vc_column_text css_animation=&#8220;fadeInUp&#8220; el_class=&#8220;fh-exclusive-content-supertitle&#8220;] EXKLUSIVE [\/vc_column_text][vc_column_text css_animation=&#8220;fadeInUp&#8220; el_class=&#8220;fh-exclusive-content-title&#8220;] Eine unvergleichliche Erfahrung [\/vc_column_text][vc_column_text css_animation=&#8220;fadeInUp&#8220; el_class=&#8220;fh-exclusive-content-divider&#8220;] [\/vc_column_text][vc_column_text css_animation=&#8220;fadeInUp&#8220; el_class=&#8220;fh-exclusive-content-text&#8220;] Wir haben es<\/p>\n","protected":false},"author":6,"featured_media":2264,"parent":4275,"menu_order":0,"comment_status":"closed","ping_status":"closed","template":"templates\/hotel-exclusive.php","meta":{"footnotes":""},"class_list":["post-4933","page","type-page","status-publish","hentry"],"yoast_head":"<!-- This site is optimized with the Yoast SEO plugin v22.4 - https:\/\/yoast.com\/wordpress\/plugins\/seo\/ -->\n<title>Exklusive-Service Hotel Fuerte Conil-Resort<\/title>\n<meta name=\"description\" content=\"Eleganz und Luxus mit einem au\u00dfergew\u00f6hnlichen Service und mehr als 60 Jahre Erfahrung. Exklusive-Service Hotel Fuerte Conil-Resort.\" \/>\n<meta name=\"robots\" content=\"index, follow, max-snippet:-1, max-image-preview:large, max-video-preview:-1\" \/>\n<link rel=\"canonical\" href=\"https:\/\/www.fuertehoteles.com\/de\/fuerte-conil-resort\/exclusive\/\" \/>\n<meta property=\"og:locale\" content=\"de_DE\" \/>\n<meta property=\"og:type\" content=\"article\" \/>\n<meta property=\"og:title\" content=\"Exklusive-Service Hotel Fuerte Conil-Resort\" \/>\n<meta property=\"og:description\" content=\"Eleganz und Luxus mit einem au\u00dfergew\u00f6hnlichen Service und mehr als 60 Jahre Erfahrung. Exklusive-Service Hotel Fuerte Conil-Resort.\" \/>\n<meta property=\"og:url\" content=\"https:\/\/www.fuertehoteles.com\/de\/fuerte-conil-resort\/exclusive\/\" \/>\n<meta property=\"og:site_name\" content=\"Fuerte Hoteles\" \/>\n<meta property=\"article:publisher\" content=\"https:\/\/www.facebook.com\/HotelesFuerte\" \/>\n<meta property=\"article:modified_time\" content=\"2025-05-19T06:43:02+00:00\" \/>\n<meta property=\"og:image\" content=\"https:\/\/www.fuertehoteles.com\/wp-content\/uploads\/2021\/12\/exclusive-header.jpg\" \/>\n\t<meta property=\"og:image:width\" content=\"1920\" \/>\n\t<meta property=\"og:image:height\" content=\"540\" \/>\n\t<meta property=\"og:image:type\" content=\"image\/jpeg\" \/>\n<meta name=\"twitter:card\" content=\"summary_large_image\" \/>\n<meta name=\"twitter:site\" content=\"@fuertehoteles\" \/>\n<meta name=\"twitter:label1\" content=\"Gesch\u00e4tzte Lesezeit\" \/>\n\t<meta name=\"twitter:data1\" content=\"2\u00a0Minuten\" \/>\n<script type=\"application\/ld+json\" class=\"yoast-schema-graph\">{\"@context\":\"https:\/\/schema.org\",\"@graph\":[{\"@type\":\"WebPage\",\"@id\":\"https:\/\/www.fuertehoteles.com\/de\/fuerte-conil-resort\/exclusive\/\",\"url\":\"https:\/\/www.fuertehoteles.com\/de\/fuerte-conil-resort\/exclusive\/\",\"name\":\"Exklusive-Service Hotel Fuerte Conil-Resort\",\"isPartOf\":{\"@id\":\"https:\/\/www.fuertehoteles.com\/#website\"},\"primaryImageOfPage\":{\"@id\":\"https:\/\/www.fuertehoteles.com\/de\/fuerte-conil-resort\/exclusive\/#primaryimage\"},\"image\":{\"@id\":\"https:\/\/www.fuertehoteles.com\/de\/fuerte-conil-resort\/exclusive\/#primaryimage\"},\"thumbnailUrl\":\"https:\/\/www.fuertehoteles.com\/wp-content\/uploads\/2021\/12\/exclusive-header.jpg\",\"datePublished\":\"2021-12-01T11:48:50+00:00\",\"dateModified\":\"2025-05-19T06:43:02+00:00\",\"description\":\"Eleganz und Luxus mit einem au\u00dfergew\u00f6hnlichen Service und mehr als 60 Jahre Erfahrung. Exklusive-Service Hotel Fuerte Conil-Resort.\",\"breadcrumb\":{\"@id\":\"https:\/\/www.fuertehoteles.com\/de\/fuerte-conil-resort\/exclusive\/#breadcrumb\"},\"inLanguage\":\"de\",\"potentialAction\":[{\"@type\":\"ReadAction\",\"target\":[\"https:\/\/www.fuertehoteles.com\/de\/fuerte-conil-resort\/exclusive\/\"]}]},{\"@type\":\"ImageObject\",\"inLanguage\":\"de\",\"@id\":\"https:\/\/www.fuertehoteles.com\/de\/fuerte-conil-resort\/exclusive\/#primaryimage\",\"url\":\"https:\/\/www.fuertehoteles.com\/wp-content\/uploads\/2021\/12\/exclusive-header.jpg\",\"contentUrl\":\"https:\/\/www.fuertehoteles.com\/wp-content\/uploads\/2021\/12\/exclusive-header.jpg\",\"width\":1920,\"height\":540},{\"@type\":\"BreadcrumbList\",\"@id\":\"https:\/\/www.fuertehoteles.com\/de\/fuerte-conil-resort\/exclusive\/#breadcrumb\",\"itemListElement\":[{\"@type\":\"ListItem\",\"position\":1,\"name\":\"Portada\",\"item\":\"https:\/\/www.fuertehoteles.com\/de\/\"},{\"@type\":\"ListItem\",\"position\":2,\"name\":\"Fuerte Conil-Resort\",\"item\":\"https:\/\/www.fuertehoteles.com\/de\/fuerte-conil-resort\/\"},{\"@type\":\"ListItem\",\"position\":3,\"name\":\"Exclusive\"}]},{\"@type\":\"WebSite\",\"@id\":\"https:\/\/www.fuertehoteles.com\/#website\",\"url\":\"https:\/\/www.fuertehoteles.com\/\",\"name\":\"Fuerte Hoteles\",\"description\":\"\",\"publisher\":{\"@id\":\"https:\/\/www.fuertehoteles.com\/#organization\"},\"potentialAction\":[{\"@type\":\"SearchAction\",\"target\":{\"@type\":\"EntryPoint\",\"urlTemplate\":\"https:\/\/www.fuertehoteles.com\/?s={search_term_string}\"},\"query-input\":\"required name=search_term_string\"}],\"inLanguage\":\"de\"},{\"@type\":\"Organization\",\"@id\":\"https:\/\/www.fuertehoteles.com\/#organization\",\"name\":\"Fuerte Hoteles\",\"url\":\"https:\/\/www.fuertehoteles.com\/\",\"logo\":{\"@type\":\"ImageObject\",\"inLanguage\":\"de\",\"@id\":\"https:\/\/www.fuertehoteles.com\/#\/schema\/logo\/image\/\",\"url\":\"https:\/\/www.fuertehoteles.com\/wp-content\/uploads\/2022\/09\/logo-ffhh-1.jpg\",\"contentUrl\":\"https:\/\/www.fuertehoteles.com\/wp-content\/uploads\/2022\/09\/logo-ffhh-1.jpg\",\"width\":500,\"height\":500,\"caption\":\"Fuerte Hoteles\"},\"image\":{\"@id\":\"https:\/\/www.fuertehoteles.com\/#\/schema\/logo\/image\/\"},\"sameAs\":[\"https:\/\/www.facebook.com\/HotelesFuerte\",\"https:\/\/twitter.com\/fuertehoteles\",\"https:\/\/www.instagram.com\/fuertehoteles\/\",\"https:\/\/www.linkedin.com\/company\/fuerte-hoteles\/\",\"https:\/\/www.youtube.com\/user\/fuertehoteles\",\"https:\/\/en.wikipedia.org\/wiki\/Fuerte_Hotels\"]}]}<\/script>\n<!-- \/ Yoast SEO plugin. -->","yoast_head_json":{"title":"Exklusive-Service Hotel Fuerte Conil-Resort","description":"Eleganz und Luxus mit einem au\u00dfergew\u00f6hnlichen Service und mehr als 60 Jahre Erfahrung. Exklusive-Service Hotel Fuerte Conil-Resort.","robots":{"index":"index","follow":"follow","max-snippet":"max-snippet:-1","max-image-preview":"max-image-preview:large","max-video-preview":"max-video-preview:-1"},"canonical":"https:\/\/www.fuertehoteles.com\/de\/fuerte-conil-resort\/exclusive\/","og_locale":"de_DE","og_type":"article","og_title":"Exklusive-Service Hotel Fuerte Conil-Resort","og_description":"Eleganz und Luxus mit einem au\u00dfergew\u00f6hnlichen Service und mehr als 60 Jahre Erfahrung. Exklusive-Service Hotel Fuerte Conil-Resort.","og_url":"https:\/\/www.fuertehoteles.com\/de\/fuerte-conil-resort\/exclusive\/","og_site_name":"Fuerte Hoteles","article_publisher":"https:\/\/www.facebook.com\/HotelesFuerte","article_modified_time":"2025-05-19T06:43:02+00:00","og_image":[{"width":1920,"height":540,"url":"https:\/\/www.fuertehoteles.com\/wp-content\/uploads\/2021\/12\/exclusive-header.jpg","type":"image\/jpeg"}],"twitter_card":"summary_large_image","twitter_site":"@fuertehoteles","twitter_misc":{"Gesch\u00e4tzte Lesezeit":"2\u00a0Minuten"},"schema":{"@context":"https:\/\/schema.org","@graph":[{"@type":"WebPage","@id":"https:\/\/www.fuertehoteles.com\/de\/fuerte-conil-resort\/exclusive\/","url":"https:\/\/www.fuertehoteles.com\/de\/fuerte-conil-resort\/exclusive\/","name":"Exklusive-Service Hotel Fuerte Conil-Resort","isPartOf":{"@id":"https:\/\/www.fuertehoteles.com\/#website"},"primaryImageOfPage":{"@id":"https:\/\/www.fuertehoteles.com\/de\/fuerte-conil-resort\/exclusive\/#primaryimage"},"image":{"@id":"https:\/\/www.fuertehoteles.com\/de\/fuerte-conil-resort\/exclusive\/#primaryimage"},"thumbnailUrl":"https:\/\/www.fuertehoteles.com\/wp-content\/uploads\/2021\/12\/exclusive-header.jpg","datePublished":"2021-12-01T11:48:50+00:00","dateModified":"2025-05-19T06:43:02+00:00","description":"Eleganz und Luxus mit einem au\u00dfergew\u00f6hnlichen Service und mehr als 60 Jahre Erfahrung. Exklusive-Service Hotel Fuerte Conil-Resort.","breadcrumb":{"@id":"https:\/\/www.fuertehoteles.com\/de\/fuerte-conil-resort\/exclusive\/#breadcrumb"},"inLanguage":"de","potentialAction":[{"@type":"ReadAction","target":["https:\/\/www.fuertehoteles.com\/de\/fuerte-conil-resort\/exclusive\/"]}]},{"@type":"ImageObject","inLanguage":"de","@id":"https:\/\/www.fuertehoteles.com\/de\/fuerte-conil-resort\/exclusive\/#primaryimage","url":"https:\/\/www.fuertehoteles.com\/wp-content\/uploads\/2021\/12\/exclusive-header.jpg","contentUrl":"https:\/\/www.fuertehoteles.com\/wp-content\/uploads\/2021\/12\/exclusive-header.jpg","width":1920,"height":540},{"@type":"BreadcrumbList","@id":"https:\/\/www.fuertehoteles.com\/de\/fuerte-conil-resort\/exclusive\/#breadcrumb","itemListElement":[{"@type":"ListItem","position":1,"name":"Portada","item":"https:\/\/www.fuertehoteles.com\/de\/"},{"@type":"ListItem","position":2,"name":"Fuerte Conil-Resort","item":"https:\/\/www.fuertehoteles.com\/de\/fuerte-conil-resort\/"},{"@type":"ListItem","position":3,"name":"Exclusive"}]},{"@type":"WebSite","@id":"https:\/\/www.fuertehoteles.com\/#website","url":"https:\/\/www.fuertehoteles.com\/","name":"Fuerte Hoteles","description":"","publisher":{"@id":"https:\/\/www.fuertehoteles.com\/#organization"},"potentialAction":[{"@type":"SearchAction","target":{"@type":"EntryPoint","urlTemplate":"https:\/\/www.fuertehoteles.com\/?s={search_term_string}"},"query-input":"required name=search_term_string"}],"inLanguage":"de"},{"@type":"Organization","@id":"https:\/\/www.fuertehoteles.com\/#organization","name":"Fuerte Hoteles","url":"https:\/\/www.fuertehoteles.com\/","logo":{"@type":"ImageObject","inLanguage":"de","@id":"https:\/\/www.fuertehoteles.com\/#\/schema\/logo\/image\/","url":"https:\/\/www.fuertehoteles.com\/wp-content\/uploads\/2022\/09\/logo-ffhh-1.jpg","contentUrl":"https:\/\/www.fuertehoteles.com\/wp-content\/uploads\/2022\/09\/logo-ffhh-1.jpg","width":500,"height":500,"caption":"Fuerte Hoteles"},"image":{"@id":"https:\/\/www.fuertehoteles.com\/#\/schema\/logo\/image\/"},"sameAs":["https:\/\/www.facebook.com\/HotelesFuerte","https:\/\/twitter.com\/fuertehoteles","https:\/\/www.instagram.com\/fuertehoteles\/","https:\/\/www.linkedin.com\/company\/fuerte-hoteles\/","https:\/\/www.youtube.com\/user\/fuertehoteles","https:\/\/en.wikipedia.org\/wiki\/Fuerte_Hotels"]}]}},"_links":{"self":[{"href":"https:\/\/www.fuertehoteles.com\/de\/wp-json\/wp\/v2\/pages\/4933","targetHints":{"allow":["GET"]}}],"collection":[{"href":"https:\/\/www.fuertehoteles.com\/de\/wp-json\/wp\/v2\/pages"}],"about":[{"href":"https:\/\/www.fuertehoteles.com\/de\/wp-json\/wp\/v2\/types\/page"}],"author":[{"embeddable":true,"href":"https:\/\/www.fuertehoteles.com\/de\/wp-json\/wp\/v2\/users\/6"}],"replies":[{"embeddable":true,"href":"https:\/\/www.fuertehoteles.com\/de\/wp-json\/wp\/v2\/comments?post=4933"}],"version-history":[{"count":15,"href":"https:\/\/www.fuertehoteles.com\/de\/wp-json\/wp\/v2\/pages\/4933\/revisions"}],"predecessor-version":[{"id":155864,"href":"https:\/\/www.fuertehoteles.com\/de\/wp-json\/wp\/v2\/pages\/4933\/revisions\/155864"}],"up":[{"embeddable":true,"href":"https:\/\/www.fuertehoteles.com\/de\/wp-json\/wp\/v2\/pages\/4275"}],"wp:featuredmedia":[{"embeddable":true,"href":"https:\/\/www.fuertehoteles.com\/de\/wp-json\/wp\/v2\/media\/2264"}],"wp:attachment":[{"href":"https:\/\/www.fuertehoteles.com\/de\/wp-json\/wp\/v2\/media?parent=4933"}],"curies":[{"name":"wp","href":"https:\/\/api.w.org\/{rel}","templated":true}]}}