{"id":5230,"date":"2021-12-03T08:57:30","date_gmt":"2021-12-03T07:57:30","guid":{"rendered":"https:\/\/www.fuertehoteles.com\/hotel-fuerte-grazalema\/bienestar\/"},"modified":"2023-05-03T14:56:34","modified_gmt":"2023-05-03T12:56:34","slug":"wellness","status":"publish","type":"page","link":"https:\/\/www.fuertehoteles.com\/de\/hotel-fuerte-grazalema\/wellness\/","title":{"rendered":"Wellness"},"content":{"rendered":"[vc_section full_width=&#8220;stretch_row&#8220; css_animation=&#8220;none&#8220; el_class=&#8220;fh-spa-section-icons&#8220;][vc_row el_class=&#8220;fh-spa-intro&#8220;][vc_column][vc_column_text css_animation=&#8220;fadeInUp&#8220; el_class=&#8220;fh-spa-intro-title centered&#8220;]\n<h3 style=\"text-align: center;\">DIE BERGLUFT F\u00dcHLT SICH GUT AN<\/h3>\n[\/vc_column_text][vc_column_text]\n<p style=\"text-align: center;\">Nichts ist besser, um abzuschalten, Kraft zu erneuern und K\u00f6rper und Geist zu reinigen, als ein Ausflug in die Berge. In Fuerte Grazalema finden Sie die idyllische Umgebung, um die Natur zu sp\u00fcren, Sport zu treiben und sich ausgewogen zu ern\u00e4hren. Und warum nicht, entspannen Sie sich in einem Spa, nur 5 Minuten vom Hotel entfernt.<\/p>\n[\/vc_column_text][\/vc_column][\/vc_row][\/vc_section][vc_section full_width=&#8220;stretch_row&#8220; css_animation=&#8220;none&#8220; el_class=&#8220;fh-spa-section&#8220;][vc_row full_width=&#8220;stretch_row_content&#8220; equal_height=&#8220;yes&#8220; content_placement=&#8220;middle&#8220; css_animation=&#8220;none&#8220; el_class=&#8220;fh-spa-row text-to-right&#8220; css=&#8220;.vc_custom_1641304109963{background-image: url(https:\/\/www.fuertehoteles.com\/wp-content\/uploads\/2021\/11\/background-ca-1.jpg?id=2089) !important;background-position: center !important;background-repeat: no-repeat !important;background-size: cover !important;}&#8220;][vc_column css_animation=&#8220;none&#8220; width=&#8220;1\/2&#8243; css=&#8220;.vc_custom_1641304382136{background-image: url(https:\/\/www.fuertehoteles.com\/wp-content\/uploads\/2021\/12\/fg-spa-01-1.jpg?id=3287) !important;background-position: center !important;background-repeat: no-repeat !important;background-size: cover !important;}&#8220; el_class=&#8220;fh-spa-row-image&#8220;][vc_single_image image=&#8220;3287&#8243; img_size=&#8220;full&#8220; alignment=&#8220;center&#8220; el_class=&#8220;only-mobile&#8220;][\/vc_column][vc_column width=&#8220;1\/2&#8243; el_class=&#8220;fh-spa-row-content&#8220;][vc_column_text css_animation=&#8220;fadeInUp&#8220; el_class=&#8220;fh-spa-content-supertitle&#8220;]\n<p style=\"text-align: right;\">EINZIGARTIGE LANDSCHAFTEN<\/p>\n[\/vc_column_text][vc_column_text css_animation=&#8220;fadeInUp&#8220; el_class=&#8220;fh-spa-content-title&#8220;]\n<h3 style=\"text-align: right;\">Umgebung<\/h3>\n[\/vc_column_text][vc_column_text css_animation=&#8220;fadeInUp&#8220; el_class=&#8220;fh-spa-content-divider&#8220;]\n<hr \/>\n[\/vc_column_text][vc_column_text css_animation=&#8220;fadeInUp&#8220; el_class=&#8220;fh-spa-content-text&#8220;]\n<p style=\"text-align: right;\">Im Fuerte Grazalema k\u00f6nnen Sie die unvergleichliche Natur erleben. Machen Sie einen Ausflug in das Herz des <strong>Naturparks Sierra de Grazalema,<\/strong> der von der UNESCO zum Biosph\u00e4renreservat erkl\u00e4rt wurde und genie\u00dfen Sie die herrlichen <strong>Wanderwege oder Mountain-Bike Touren,<\/strong> Routen f\u00fcr Ornithologen, Kanufahrten oder Ausritte. Lernen Sie den Charme von <a href=\"https:\/\/www.fuertehoteles.com\/de\/reiseziele\/grazalema-urlaub\/\"><strong>Grazalema<\/strong> <\/a>kennen und erkunden Sie die sch\u00f6nsten D\u00f6rfer, die die <strong>Route der Wei\u00dfen D\u00f6rfer<\/strong> bilden.<\/p>\n[\/vc_column_text][\/vc_column][\/vc_row][vc_row full_width=&#8220;stretch_row_content_no_spaces&#8220; equal_height=&#8220;yes&#8220; content_placement=&#8220;middle&#8220; css_animation=&#8220;none&#8220; el_class=&#8220;fh-spa-row text-to-left&#8220; css=&#8220;.vc_custom_1587637238642{background-color: #e6f1f4 !important;}&#8220;][vc_column width=&#8220;1\/2&#8243; css=&#8220;.vc_custom_1584110957534{padding-top: 0px !important;}&#8220; el_class=&#8220;fh-spa-row-content leftside&#8220;][vc_column_text css_animation=&#8220;fadeInUp&#8220; el_class=&#8220;fh-spa-content-supertitle&#8220;]<span style=\"font-weight: 400;\">&#8222;KM. 0&#8220; UND GESUNDE PRODUKTE<\/span>[\/vc_column_text][vc_column_text css_animation=&#8220;fadeInUp&#8220; el_class=&#8220;fh-spa-content-title&#8220;]\n<h3>Gesunde Ern\u00e4hrung<\/h3>\n[\/vc_column_text][vc_column_text css_animation=&#8220;fadeInUp&#8220; el_class=&#8220;fh-spa-content-divider&#8220;]\n<hr \/>\n[\/vc_column_text][vc_column_text css_animation=&#8220;fadeInUp&#8220; el_class=&#8220;fh-spa-content-text&#8220;]\n<p style=\"text-align: left;\">Eine <strong>reichhaltige und ausgeglichene Ern\u00e4hrung<\/strong> ist eine Angewohnheit, die Ihnen Lebensqualit\u00e4t schenkt. Deshalb haben wir auf den Karten unserer Restaurants und Bars die <strong>gesunden Gerichte<\/strong> mit ihrem Kalorienwert gekennzeichnet, sowie die, die mit Zutaten voller N\u00e4hrstoffe zubereitet werden, die aus der Region stammen. Au\u00dferdem finden Sie Informationen zu Allergenen.<\/p>\n[\/vc_column_text][vc_column_text el_class=&#8220;fh-button tablet&#8220;]\n<p style=\"text-align: left;\"><a id=\"yoga\" class=\"fh-button\" href=\"https:\/\/www.fuertehoteles.com\/de\/hotel-fuerte-grazalema\/restaurants\/\">Restaurants<\/a><\/p>\n[\/vc_column_text][\/vc_column][vc_column css_animation=&#8220;none&#8220; width=&#8220;1\/2&#8243; css=&#8220;.vc_custom_1641304471753{padding-top: 0px !important;background-image: url(https:\/\/www.fuertehoteles.com\/wp-content\/uploads\/2021\/12\/fg-spa-02-1.jpg?id=3291) !important;background-position: center !important;background-repeat: no-repeat !important;background-size: cover !important;}&#8220; el_class=&#8220;fh-spa-row-image&#8220;][vc_empty_space height=&#8220;0&#8243; el_class=&#8220;fh-spa-emblem&#8220;][vc_single_image image=&#8220;3291&#8243; img_size=&#8220;full&#8220; alignment=&#8220;center&#8220; el_class=&#8220;only-mobile&#8220;][\/vc_column][\/vc_row][vc_row full_width=&#8220;stretch_row_content&#8220; equal_height=&#8220;yes&#8220; content_placement=&#8220;middle&#8220; css_animation=&#8220;none&#8220; el_class=&#8220;fh-spa-row text-to-right&#8220; css=&#8220;.vc_custom_1641304200673{background-image: url(https:\/\/www.fuertehoteles.com\/wp-content\/uploads\/2019\/07\/background-ca-1.jpg?id=115627) !important;}&#8220;][vc_column css_animation=&#8220;none&#8220; width=&#8220;1\/2&#8243; css=&#8220;.vc_custom_1641304591443{background-image: url(https:\/\/www.fuertehoteles.com\/wp-content\/uploads\/2021\/12\/fg-spa-03-1.jpg?id=3295) !important;background-position: center !important;background-repeat: no-repeat !important;background-size: cover !important;}&#8220; el_class=&#8220;fh-spa-row-image&#8220;][vc_single_image image=&#8220;3295&#8243; img_size=&#8220;full&#8220; alignment=&#8220;center&#8220; el_class=&#8220;only-mobile&#8220;][\/vc_column][vc_column width=&#8220;1\/2&#8243; el_class=&#8220;fh-spa-row-content&#8220;][vc_column_text css_animation=&#8220;fadeInUp&#8220; el_class=&#8220;fh-spa-content-supertitle&#8220;]\n<p style=\"text-align: right;\">WIR RESERVIEREN F\u00dcR SIE<\/p>\n[\/vc_column_text][vc_column_text css_animation=&#8220;fadeInUp&#8220; el_class=&#8220;fh-spa-content-title&#8220;]\n<h3 style=\"text-align: right;\">Spa in Grazalema<\/h3>\n[\/vc_column_text][vc_column_text css_animation=&#8220;fadeInUp&#8220; el_class=&#8220;fh-spa-content-divider&#8220;]\n<hr \/>\n[\/vc_column_text][vc_column_text css_animation=&#8220;fadeInUp&#8220; el_class=&#8220;fh-spa-content-text&#8220;]\n<p style=\"text-align: right;\">G\u00f6nnen Sie sich <strong>Sch\u00f6nheit und Gesundheit<\/strong> mit den besten Spa-Behandlungen von Grazalema<br \/>\nWir verwalten Ihre Reservierung und geben Ihnen alle notwendigen Informationen f\u00fcr den Wellnesszentrum in Grazalema, das nur 5 Minuten mit dem Auto vom Hotel <strong>Fuerte Grazalema<\/strong> entfernt liegt.<\/p>\n[\/vc_column_text][vc_separator color=&#8220;custom&#8220; accent_color=&#8220;rgba(0,0,0,0.01)&#8220;][vc_column_text el_class=&#8220;fh-button&#8220;]\n<p style=\"text-align: right;\"><a href=\"https:\/\/www.fuertehoteles.com\/de\/kontakt\/\">Kontakt<\/a><\/p>\n[\/vc_column_text][\/vc_column][\/vc_row][vc_row css=&#8220;.vc_custom_1585566023828{padding-top: 20px !important;}&#8220;][vc_column css=&#8220;.vc_custom_1585565884772{padding-top: 0px !important;}&#8220;][vc_column_text css_animation=&#8220;fadeInUp&#8220; el_class=&#8220;fh-spa-content-title centered&#8220;]\n<h3 style=\"text-align: center;\">Unsere Umgebung<\/h3>\n[\/vc_column_text][vc_column_text css_animation=&#8220;fadeInUp&#8220; el_class=&#8220;fh-spa-content-divider center&#8220;]\n<hr \/>\n[\/vc_column_text][\/vc_column][\/vc_row][vc_row full_width=&#8220;stretch_row_content_no_spaces&#8220; equal_height=&#8220;yes&#8220; content_placement=&#8220;top&#8220; css_animation=&#8220;fadeInUp&#8220;][vc_column css=&#8220;.vc_custom_1585309539535{margin-top: 0px !important;padding-top: 0px !important;}&#8220;]<div class=\"mpc-carousel__wrapper mpc-waypoint\"><div id=\"mpc_carousel_image-8769d34e3aa96ea\" class=\"mpc-carousel-image mpc-init mpc-animation mpc-layout--fluid mpc-effect--none mpc-force-height \"  data-animation-in=\"transition.fadeIn||2300||350||51\" data-mpcslick='{\"infinite\":true,\"autoplay\":true,\"slidesToShow\":3,\"slidesToScroll\":1,\"centerMode\":false,\"initialSlide\":0,\"rows\":1,\"autoplaySpeed\":1000,\"variableWidth\":true,\"speed\":2000}' data-slick-cols=\"3\"><div target=\"\"class=\"mpc-carousel__item-wrapper\" data-height=\"576\"><div onclick=\"\" class=\"mpc-item mpc-transition\"><div class=\"mpc-border\"><\/div><img decoding=\"async\" width=\"1920\" height=\"1080\" src=\"https:\/\/www.fuertehoteles.com\/wp-content\/uploads\/2021\/12\/fg-spa-gallery-02-1.jpg\" class=\"mpc-transition attachment-full\" alt=\"\" srcset=\"https:\/\/www.fuertehoteles.com\/wp-content\/uploads\/2021\/12\/fg-spa-gallery-02-1.jpg 1920w, https:\/\/www.fuertehoteles.com\/wp-content\/uploads\/2021\/12\/fg-spa-gallery-02-1-300x169.jpg 300w, https:\/\/www.fuertehoteles.com\/wp-content\/uploads\/2021\/12\/fg-spa-gallery-02-1-1024x576.jpg 1024w, https:\/\/www.fuertehoteles.com\/wp-content\/uploads\/2021\/12\/fg-spa-gallery-02-1-768x432.jpg 768w, https:\/\/www.fuertehoteles.com\/wp-content\/uploads\/2021\/12\/fg-spa-gallery-02-1-1536x864.jpg 1536w\" sizes=\"(max-width: 1920px) 100vw, 1920px\" \/><\/div><\/div><div target=\"\"class=\"mpc-carousel__item-wrapper\" data-height=\"576\"><div onclick=\"\" class=\"mpc-item mpc-transition\"><div class=\"mpc-border\"><\/div><img decoding=\"async\" width=\"1920\" height=\"1080\" src=\"https:\/\/www.fuertehoteles.com\/wp-content\/uploads\/2021\/12\/fg-spa-gallery-03.jpg\" class=\"mpc-transition attachment-full\" alt=\"\" srcset=\"https:\/\/www.fuertehoteles.com\/wp-content\/uploads\/2021\/12\/fg-spa-gallery-03.jpg 1920w, https:\/\/www.fuertehoteles.com\/wp-content\/uploads\/2021\/12\/fg-spa-gallery-03-300x169.jpg 300w, https:\/\/www.fuertehoteles.com\/wp-content\/uploads\/2021\/12\/fg-spa-gallery-03-1024x576.jpg 1024w, https:\/\/www.fuertehoteles.com\/wp-content\/uploads\/2021\/12\/fg-spa-gallery-03-768x432.jpg 768w, https:\/\/www.fuertehoteles.com\/wp-content\/uploads\/2021\/12\/fg-spa-gallery-03-1536x864.jpg 1536w\" sizes=\"(max-width: 1920px) 100vw, 1920px\" \/><\/div><\/div><div target=\"\"class=\"mpc-carousel__item-wrapper\" data-height=\"576\"><div onclick=\"\" class=\"mpc-item mpc-transition\"><div class=\"mpc-border\"><\/div><img decoding=\"async\" width=\"1920\" height=\"1080\" src=\"https:\/\/www.fuertehoteles.com\/wp-content\/uploads\/2021\/12\/fg-spa-gallery-01-1.jpg\" class=\"mpc-transition attachment-full\" alt=\"\" srcset=\"https:\/\/www.fuertehoteles.com\/wp-content\/uploads\/2021\/12\/fg-spa-gallery-01-1.jpg 1920w, https:\/\/www.fuertehoteles.com\/wp-content\/uploads\/2021\/12\/fg-spa-gallery-01-1-300x169.jpg 300w, https:\/\/www.fuertehoteles.com\/wp-content\/uploads\/2021\/12\/fg-spa-gallery-01-1-1024x576.jpg 1024w, https:\/\/www.fuertehoteles.com\/wp-content\/uploads\/2021\/12\/fg-spa-gallery-01-1-768x432.jpg 768w, https:\/\/www.fuertehoteles.com\/wp-content\/uploads\/2021\/12\/fg-spa-gallery-01-1-1536x864.jpg 1536w\" sizes=\"(max-width: 1920px) 100vw, 1920px\" \/><\/div><\/div><div target=\"\"class=\"mpc-carousel__item-wrapper\" data-height=\"512\"><div onclick=\"\" class=\"mpc-item mpc-transition\"><div class=\"mpc-border\"><\/div><img decoding=\"async\" width=\"1300\" height=\"650\" src=\"https:\/\/www.fuertehoteles.com\/wp-content\/uploads\/2021\/12\/fg-activities-gallery-03.jpg\" class=\"mpc-transition attachment-full\" alt=\"\" srcset=\"https:\/\/www.fuertehoteles.com\/wp-content\/uploads\/2021\/12\/fg-activities-gallery-03.jpg 1300w, https:\/\/www.fuertehoteles.com\/wp-content\/uploads\/2021\/12\/fg-activities-gallery-03-300x150.jpg 300w, https:\/\/www.fuertehoteles.com\/wp-content\/uploads\/2021\/12\/fg-activities-gallery-03-1024x512.jpg 1024w, https:\/\/www.fuertehoteles.com\/wp-content\/uploads\/2021\/12\/fg-activities-gallery-03-768x384.jpg 768w\" sizes=\"(max-width: 1300px) 100vw, 1300px\" \/><\/div><\/div><div target=\"\"class=\"mpc-carousel__item-wrapper\" data-height=\"512\"><div onclick=\"\" class=\"mpc-item mpc-transition\"><div class=\"mpc-border\"><\/div><img decoding=\"async\" width=\"1300\" height=\"650\" src=\"https:\/\/www.fuertehoteles.com\/wp-content\/uploads\/2021\/12\/fg-activities-gallery-06.jpg\" class=\"mpc-transition attachment-full\" alt=\"\" srcset=\"https:\/\/www.fuertehoteles.com\/wp-content\/uploads\/2021\/12\/fg-activities-gallery-06.jpg 1300w, https:\/\/www.fuertehoteles.com\/wp-content\/uploads\/2021\/12\/fg-activities-gallery-06-300x150.jpg 300w, https:\/\/www.fuertehoteles.com\/wp-content\/uploads\/2021\/12\/fg-activities-gallery-06-1024x512.jpg 1024w, https:\/\/www.fuertehoteles.com\/wp-content\/uploads\/2021\/12\/fg-activities-gallery-06-768x384.jpg 768w\" sizes=\"(max-width: 1300px) 100vw, 1300px\" \/><\/div><\/div><\/div><div class=\"mpc-navigation mpc-init mpc-align--left mpc-navigation--style_1  mpc-nav-preset--\" data-mpcslider=\"mpc_carousel_image-8769d34e3aa96ea\"><div class=\"mpc-nav__arrow mpcslick-prev\"><div class=\"mpc-nav__icon mpc-transition\"><i class=\"\"><div class=\"mpc-nav__background mpc-transition mpc-effect-type--fade mpc-effect-side--in\"><\/div><\/i><\/div><\/div><div class=\"mpc-nav__arrow mpcslick-next\"><div class=\"mpc-nav__icon mpc-transition\"><i class=\"\"><div class=\"mpc-nav__background mpc-transition mpc-effect-type--fade mpc-effect-side--in\"><\/div><\/i><\/div><\/div><\/div><\/div>[\/vc_column][\/vc_row][\/vc_section][vc_row el_class=&#8220;fh-spa-pre-footer&#8220;][vc_column][vc_empty_space height=&#8220;200px&#8220;][\/vc_column][\/vc_row]\n","protected":false},"excerpt":{"rendered":"<p>[vc_section full_width=&#8220;stretch_row&#8220; css_animation=&#8220;none&#8220; el_class=&#8220;fh-spa-section-icons&#8220;][vc_row el_class=&#8220;fh-spa-intro&#8220;][vc_column][vc_column_text css_animation=&#8220;fadeInUp&#8220; el_class=&#8220;fh-spa-intro-title centered&#8220;] DIE BERGLUFT F\u00dcHLT SICH GUT AN [\/vc_column_text][vc_column_text] Nichts ist besser, um abzuschalten, Kraft zu erneuern und K\u00f6rper und Geist zu reinigen, als ein Ausflug in die Berge. In Fuerte Grazalema finden Sie die idyllische Umgebung, um die Natur zu sp\u00fcren, Sport zu treiben und sich ausgewogen zu<\/p>\n","protected":false},"author":6,"featured_media":3299,"parent":4360,"menu_order":0,"comment_status":"closed","ping_status":"closed","template":"templates\/hotel-spa.php","meta":{"footnotes":""},"class_list":["post-5230","page","type-page","status-publish","hentry"],"yoast_head":"<!-- This site is optimized with the Yoast SEO plugin v22.4 - https:\/\/yoast.com\/wordpress\/plugins\/seo\/ -->\n<title>Wellness und Spa in Grazalema, Hotel Fuerte Grazalema<\/title>\n<meta name=\"description\" content=\"Unsere G\u00e4ste kommen in das beste Spa in Grazalema in den Genuss exklusiver Verg\u00fcnstigungen. Es liegt nur wenige Minuten vom Hotel entfernt.\" \/>\n<meta name=\"robots\" content=\"index, follow, max-snippet:-1, max-image-preview:large, max-video-preview:-1\" \/>\n<link rel=\"canonical\" href=\"https:\/\/www.fuertehoteles.com\/de\/hotel-fuerte-grazalema\/wellness\/\" \/>\n<meta property=\"og:locale\" content=\"de_DE\" \/>\n<meta property=\"og:type\" content=\"article\" \/>\n<meta property=\"og:title\" content=\"Wellness und Spa in Grazalema, Hotel Fuerte Grazalema\" \/>\n<meta property=\"og:description\" content=\"Unsere G\u00e4ste kommen in das beste Spa in Grazalema in den Genuss exklusiver Verg\u00fcnstigungen. Es liegt nur wenige Minuten vom Hotel entfernt.\" \/>\n<meta property=\"og:url\" content=\"https:\/\/www.fuertehoteles.com\/de\/hotel-fuerte-grazalema\/wellness\/\" \/>\n<meta property=\"og:site_name\" content=\"Fuerte Hoteles\" \/>\n<meta property=\"article:publisher\" content=\"https:\/\/www.facebook.com\/HotelesFuerte\" \/>\n<meta property=\"article:modified_time\" content=\"2023-05-03T12:56:34+00:00\" \/>\n<meta property=\"og:image\" content=\"https:\/\/www.fuertehoteles.com\/wp-content\/uploads\/2021\/12\/header-spa-grazalema-3-1.jpg\" \/>\n\t<meta property=\"og:image:width\" content=\"1920\" \/>\n\t<meta property=\"og:image:height\" content=\"540\" \/>\n\t<meta property=\"og:image:type\" content=\"image\/jpeg\" \/>\n<meta name=\"twitter:card\" content=\"summary_large_image\" \/>\n<meta name=\"twitter:site\" content=\"@fuertehoteles\" \/>\n<meta name=\"twitter:label1\" content=\"Gesch\u00e4tzte Lesezeit\" \/>\n\t<meta name=\"twitter:data1\" content=\"5\u00a0Minuten\" \/>\n<script type=\"application\/ld+json\" class=\"yoast-schema-graph\">{\"@context\":\"https:\/\/schema.org\",\"@graph\":[{\"@type\":\"WebPage\",\"@id\":\"https:\/\/www.fuertehoteles.com\/de\/hotel-fuerte-grazalema\/wellness\/\",\"url\":\"https:\/\/www.fuertehoteles.com\/de\/hotel-fuerte-grazalema\/wellness\/\",\"name\":\"Wellness und Spa in Grazalema, Hotel Fuerte Grazalema\",\"isPartOf\":{\"@id\":\"https:\/\/www.fuertehoteles.com\/#website\"},\"primaryImageOfPage\":{\"@id\":\"https:\/\/www.fuertehoteles.com\/de\/hotel-fuerte-grazalema\/wellness\/#primaryimage\"},\"image\":{\"@id\":\"https:\/\/www.fuertehoteles.com\/de\/hotel-fuerte-grazalema\/wellness\/#primaryimage\"},\"thumbnailUrl\":\"https:\/\/www.fuertehoteles.com\/wp-content\/uploads\/2021\/12\/header-spa-grazalema-3-1.jpg\",\"datePublished\":\"2021-12-03T07:57:30+00:00\",\"dateModified\":\"2023-05-03T12:56:34+00:00\",\"description\":\"Unsere G\u00e4ste kommen in das beste Spa in Grazalema in den Genuss exklusiver Verg\u00fcnstigungen. Es liegt nur wenige Minuten vom Hotel entfernt.\",\"breadcrumb\":{\"@id\":\"https:\/\/www.fuertehoteles.com\/de\/hotel-fuerte-grazalema\/wellness\/#breadcrumb\"},\"inLanguage\":\"de\",\"potentialAction\":[{\"@type\":\"ReadAction\",\"target\":[\"https:\/\/www.fuertehoteles.com\/de\/hotel-fuerte-grazalema\/wellness\/\"]}]},{\"@type\":\"ImageObject\",\"inLanguage\":\"de\",\"@id\":\"https:\/\/www.fuertehoteles.com\/de\/hotel-fuerte-grazalema\/wellness\/#primaryimage\",\"url\":\"https:\/\/www.fuertehoteles.com\/wp-content\/uploads\/2021\/12\/header-spa-grazalema-3-1.jpg\",\"contentUrl\":\"https:\/\/www.fuertehoteles.com\/wp-content\/uploads\/2021\/12\/header-spa-grazalema-3-1.jpg\",\"width\":1920,\"height\":540,\"caption\":\"Bienestar, Naturaleza y Spa Grazalema,\"},{\"@type\":\"BreadcrumbList\",\"@id\":\"https:\/\/www.fuertehoteles.com\/de\/hotel-fuerte-grazalema\/wellness\/#breadcrumb\",\"itemListElement\":[{\"@type\":\"ListItem\",\"position\":1,\"name\":\"Portada\",\"item\":\"https:\/\/www.fuertehoteles.com\/de\/\"},{\"@type\":\"ListItem\",\"position\":2,\"name\":\"Fuerte Grazalema\",\"item\":\"https:\/\/www.fuertehoteles.com\/de\/hotel-fuerte-grazalema\/\"},{\"@type\":\"ListItem\",\"position\":3,\"name\":\"Wellness\"}]},{\"@type\":\"WebSite\",\"@id\":\"https:\/\/www.fuertehoteles.com\/#website\",\"url\":\"https:\/\/www.fuertehoteles.com\/\",\"name\":\"Fuerte Hoteles\",\"description\":\"\",\"publisher\":{\"@id\":\"https:\/\/www.fuertehoteles.com\/#organization\"},\"potentialAction\":[{\"@type\":\"SearchAction\",\"target\":{\"@type\":\"EntryPoint\",\"urlTemplate\":\"https:\/\/www.fuertehoteles.com\/?s={search_term_string}\"},\"query-input\":\"required name=search_term_string\"}],\"inLanguage\":\"de\"},{\"@type\":\"Organization\",\"@id\":\"https:\/\/www.fuertehoteles.com\/#organization\",\"name\":\"Fuerte Hoteles\",\"url\":\"https:\/\/www.fuertehoteles.com\/\",\"logo\":{\"@type\":\"ImageObject\",\"inLanguage\":\"de\",\"@id\":\"https:\/\/www.fuertehoteles.com\/#\/schema\/logo\/image\/\",\"url\":\"https:\/\/www.fuertehoteles.com\/wp-content\/uploads\/2022\/09\/logo-ffhh-1.jpg\",\"contentUrl\":\"https:\/\/www.fuertehoteles.com\/wp-content\/uploads\/2022\/09\/logo-ffhh-1.jpg\",\"width\":500,\"height\":500,\"caption\":\"Fuerte Hoteles\"},\"image\":{\"@id\":\"https:\/\/www.fuertehoteles.com\/#\/schema\/logo\/image\/\"},\"sameAs\":[\"https:\/\/www.facebook.com\/HotelesFuerte\",\"https:\/\/twitter.com\/fuertehoteles\",\"https:\/\/www.instagram.com\/fuertehoteles\/\",\"https:\/\/www.linkedin.com\/company\/fuerte-hoteles\/\",\"https:\/\/www.youtube.com\/user\/fuertehoteles\",\"https:\/\/en.wikipedia.org\/wiki\/Fuerte_Hotels\"]}]}<\/script>\n<!-- \/ Yoast SEO plugin. -->","yoast_head_json":{"title":"Wellness und Spa in Grazalema, Hotel Fuerte Grazalema","description":"Unsere G\u00e4ste kommen in das beste Spa in Grazalema in den Genuss exklusiver Verg\u00fcnstigungen. Es liegt nur wenige Minuten vom Hotel entfernt.","robots":{"index":"index","follow":"follow","max-snippet":"max-snippet:-1","max-image-preview":"max-image-preview:large","max-video-preview":"max-video-preview:-1"},"canonical":"https:\/\/www.fuertehoteles.com\/de\/hotel-fuerte-grazalema\/wellness\/","og_locale":"de_DE","og_type":"article","og_title":"Wellness und Spa in Grazalema, Hotel Fuerte Grazalema","og_description":"Unsere G\u00e4ste kommen in das beste Spa in Grazalema in den Genuss exklusiver Verg\u00fcnstigungen. Es liegt nur wenige Minuten vom Hotel entfernt.","og_url":"https:\/\/www.fuertehoteles.com\/de\/hotel-fuerte-grazalema\/wellness\/","og_site_name":"Fuerte Hoteles","article_publisher":"https:\/\/www.facebook.com\/HotelesFuerte","article_modified_time":"2023-05-03T12:56:34+00:00","og_image":[{"width":1920,"height":540,"url":"https:\/\/www.fuertehoteles.com\/wp-content\/uploads\/2021\/12\/header-spa-grazalema-3-1.jpg","type":"image\/jpeg"}],"twitter_card":"summary_large_image","twitter_site":"@fuertehoteles","twitter_misc":{"Gesch\u00e4tzte Lesezeit":"5\u00a0Minuten"},"schema":{"@context":"https:\/\/schema.org","@graph":[{"@type":"WebPage","@id":"https:\/\/www.fuertehoteles.com\/de\/hotel-fuerte-grazalema\/wellness\/","url":"https:\/\/www.fuertehoteles.com\/de\/hotel-fuerte-grazalema\/wellness\/","name":"Wellness und Spa in Grazalema, Hotel Fuerte Grazalema","isPartOf":{"@id":"https:\/\/www.fuertehoteles.com\/#website"},"primaryImageOfPage":{"@id":"https:\/\/www.fuertehoteles.com\/de\/hotel-fuerte-grazalema\/wellness\/#primaryimage"},"image":{"@id":"https:\/\/www.fuertehoteles.com\/de\/hotel-fuerte-grazalema\/wellness\/#primaryimage"},"thumbnailUrl":"https:\/\/www.fuertehoteles.com\/wp-content\/uploads\/2021\/12\/header-spa-grazalema-3-1.jpg","datePublished":"2021-12-03T07:57:30+00:00","dateModified":"2023-05-03T12:56:34+00:00","description":"Unsere G\u00e4ste kommen in das beste Spa in Grazalema in den Genuss exklusiver Verg\u00fcnstigungen. Es liegt nur wenige Minuten vom Hotel entfernt.","breadcrumb":{"@id":"https:\/\/www.fuertehoteles.com\/de\/hotel-fuerte-grazalema\/wellness\/#breadcrumb"},"inLanguage":"de","potentialAction":[{"@type":"ReadAction","target":["https:\/\/www.fuertehoteles.com\/de\/hotel-fuerte-grazalema\/wellness\/"]}]},{"@type":"ImageObject","inLanguage":"de","@id":"https:\/\/www.fuertehoteles.com\/de\/hotel-fuerte-grazalema\/wellness\/#primaryimage","url":"https:\/\/www.fuertehoteles.com\/wp-content\/uploads\/2021\/12\/header-spa-grazalema-3-1.jpg","contentUrl":"https:\/\/www.fuertehoteles.com\/wp-content\/uploads\/2021\/12\/header-spa-grazalema-3-1.jpg","width":1920,"height":540,"caption":"Bienestar, Naturaleza y Spa Grazalema,"},{"@type":"BreadcrumbList","@id":"https:\/\/www.fuertehoteles.com\/de\/hotel-fuerte-grazalema\/wellness\/#breadcrumb","itemListElement":[{"@type":"ListItem","position":1,"name":"Portada","item":"https:\/\/www.fuertehoteles.com\/de\/"},{"@type":"ListItem","position":2,"name":"Fuerte Grazalema","item":"https:\/\/www.fuertehoteles.com\/de\/hotel-fuerte-grazalema\/"},{"@type":"ListItem","position":3,"name":"Wellness"}]},{"@type":"WebSite","@id":"https:\/\/www.fuertehoteles.com\/#website","url":"https:\/\/www.fuertehoteles.com\/","name":"Fuerte Hoteles","description":"","publisher":{"@id":"https:\/\/www.fuertehoteles.com\/#organization"},"potentialAction":[{"@type":"SearchAction","target":{"@type":"EntryPoint","urlTemplate":"https:\/\/www.fuertehoteles.com\/?s={search_term_string}"},"query-input":"required name=search_term_string"}],"inLanguage":"de"},{"@type":"Organization","@id":"https:\/\/www.fuertehoteles.com\/#organization","name":"Fuerte Hoteles","url":"https:\/\/www.fuertehoteles.com\/","logo":{"@type":"ImageObject","inLanguage":"de","@id":"https:\/\/www.fuertehoteles.com\/#\/schema\/logo\/image\/","url":"https:\/\/www.fuertehoteles.com\/wp-content\/uploads\/2022\/09\/logo-ffhh-1.jpg","contentUrl":"https:\/\/www.fuertehoteles.com\/wp-content\/uploads\/2022\/09\/logo-ffhh-1.jpg","width":500,"height":500,"caption":"Fuerte Hoteles"},"image":{"@id":"https:\/\/www.fuertehoteles.com\/#\/schema\/logo\/image\/"},"sameAs":["https:\/\/www.facebook.com\/HotelesFuerte","https:\/\/twitter.com\/fuertehoteles","https:\/\/www.instagram.com\/fuertehoteles\/","https:\/\/www.linkedin.com\/company\/fuerte-hoteles\/","https:\/\/www.youtube.com\/user\/fuertehoteles","https:\/\/en.wikipedia.org\/wiki\/Fuerte_Hotels"]}]}},"_links":{"self":[{"href":"https:\/\/www.fuertehoteles.com\/de\/wp-json\/wp\/v2\/pages\/5230","targetHints":{"allow":["GET"]}}],"collection":[{"href":"https:\/\/www.fuertehoteles.com\/de\/wp-json\/wp\/v2\/pages"}],"about":[{"href":"https:\/\/www.fuertehoteles.com\/de\/wp-json\/wp\/v2\/types\/page"}],"author":[{"embeddable":true,"href":"https:\/\/www.fuertehoteles.com\/de\/wp-json\/wp\/v2\/users\/6"}],"replies":[{"embeddable":true,"href":"https:\/\/www.fuertehoteles.com\/de\/wp-json\/wp\/v2\/comments?post=5230"}],"version-history":[{"count":0,"href":"https:\/\/www.fuertehoteles.com\/de\/wp-json\/wp\/v2\/pages\/5230\/revisions"}],"up":[{"embeddable":true,"href":"https:\/\/www.fuertehoteles.com\/de\/wp-json\/wp\/v2\/pages\/4360"}],"wp:featuredmedia":[{"embeddable":true,"href":"https:\/\/www.fuertehoteles.com\/de\/wp-json\/wp\/v2\/media\/3299"}],"wp:attachment":[{"href":"https:\/\/www.fuertehoteles.com\/de\/wp-json\/wp\/v2\/media?parent=5230"}],"curies":[{"name":"wp","href":"https:\/\/api.w.org\/{rel}","templated":true}]}}