{"id":154570,"date":"2024-08-30T11:00:34","date_gmt":"2024-08-30T09:00:34","guid":{"rendered":"https:\/\/www.fuertehoteles.com\/?page_id=154570"},"modified":"2025-07-21T10:31:04","modified_gmt":"2025-07-21T08:31:04","slug":"mentions-legales","status":"publish","type":"page","link":"https:\/\/www.fuertehoteles.com\/fr\/mentions-legales\/","title":{"rendered":"Mentions l\u00e9gales"},"content":{"rendered":"[vc_section full_width=\u00a0\u00bbstretch_row\u00a0\u00bb css=\u00a0\u00bb.vc_custom_1725013802177{background-image: url(https:\/\/www.fuertehoteles.com\/wp-content\/uploads\/2024\/08\/aviso-legal-cabecera.jpg?id=154608) !important;background-position: center !important;background-repeat: no-repeat !important;background-size: cover !important;}\u00a0\u00bb el_class=\u00a0\u00bbfh_legal-notice_header\u00a0\u00bb el_id=\u00a0\u00bbtop\u00a0\u00bb][vc_row full_width=\u00a0\u00bbstretch_row\u00a0\u00bb][vc_column][vc_column_text el_class=\u00a0\u00bbfh_legal-notice_title-header\u00a0\u00bb]\n<h2 id=\"mentions-legales\" style=\"text-align: center;\">Mentions l\u00e9gales<\/h2>\n[\/vc_column_text][\/vc_column][\/vc_row][\/vc_section][vc_section el_class=\u00a0\u00bbfh_legal-notice_info-text\u00a0\u00bb][vc_row][vc_column][vc_column_text]\n<h3 id=\"mentions-legales\" style=\"text-align: left;\">Mentions l\u00e9gales<\/h3>\n<p><strong>RECOMMANDATION PR\u00c9LIMINAIRE<\/strong> :<\/p>\n<p>Veuillez lire toutes les sections de cet avis l\u00e9gal ainsi que notre politique de confidentialit\u00e9 avant d&rsquo;utiliser ce site web. Les conditions suivantes sont contraignantes pour tout utilisateur du site.<\/p>\n<p>Conform\u00e9ment au devoir d&rsquo;information pr\u00e9vu par la Loi 34\/2002 sur les services de la soci\u00e9t\u00e9 de l&rsquo;information et le commerce \u00e9lectronique (LSSI-CE) du 11 juillet, les informations g\u00e9n\u00e9rales suivantes concernant ce site web sont fournies.<\/p>\n<ol>\n<li><strong>INTRODUCTION ; DONN\u00c9ES D&rsquo;IDENTIFICATION ET UTILISATEURS<\/strong> : Cet avis l\u00e9gal et notre politique de confidentialit\u00e9 r\u00e9gissent l&rsquo;utilisation du PORTAIL Internet <a href=\"https:\/\/www.fuertehoteles.com\/\">fuertehoteles.com<\/a>, vous informant en conformit\u00e9 avec la Loi 34\/2002, du 11 juillet, comme suit :<\/li>\n<\/ol>\n<p><strong>\u00a0<\/strong><\/p>\n<ul>\n<li><strong>D\u00e9nomination sociale\u00a0:<\/strong> FUERTEGROUP S.L. (ci-apr\u00e8s FUERTE HOTELES)<\/li>\n<li><strong>CIF\/NIF\u00a0:<\/strong> B-92120237<\/li>\n<li><strong>Si\u00e8ge social\u00a0:<\/strong> Severo Ochoa, 28, 9\u00ba A, 29603 Marbella (M\u00e1laga). Soci\u00e9t\u00e9 immatricul\u00e9e aupr\u00e8s du Registre du Commerce et des Soci\u00e9t\u00e9s de Malaga au Tome\u00a02500, Livre-registre\u00a01413, folio\u00a0132, section\u00a08, feuille\u00a0MA-40981.<\/li>\n<li><strong>Courrier \u00e9lectronique\u00a0:\u00a0<\/strong><a href=\"mailto:infogrupo@fuerte-group.com\"><strong>infogrupo@fuerte-group.com<\/strong><\/a><\/li>\n<li><strong>T\u00e9l\u00e9phone\u00a0: <\/strong>+34 917 941 284<\/li>\n<li><strong>D\u00e9l\u00e9gu\u00e9 \u00e0 la protection des donn\u00e9es\u00a0:<\/strong><a href=\"mailto:dpo@fuerte-group.com\">dpo@fuerte-group.com<\/a><\/li>\n<li><strong>Activit\u00e9\u00a0:<\/strong> Tourisme et h\u00f4tellerie.<\/li>\n<li><strong>Objet du site :<\/strong> nous contacter, solliciter de notre part un devis ou des r\u00e9servations, faire conna\u00eetre notre activit\u00e9.<\/li>\n<\/ul>\n<p><strong>Fuerte Grazalema<\/strong><\/p>\n<ul>\n<li><strong>Genre<\/strong> : H\u00f4tel<\/li>\n<li><strong>Cat\u00e9gorie<\/strong> : 4****<\/li>\n<li><strong>Num\u00e9ro d\u2019enregistrement\u00a0: <\/strong>H\/CA\/01027<\/li>\n<li><strong>D\u00e9nomination Sociale\u00a0: <\/strong>HOTELES CON ENCANTO, S.L.<\/li>\n<li><strong>Si\u00e8ge social\u00a0: <\/strong> Severo Ochoa N.\u00ba 28 9\u00ba A 29603 Marbella M\u00e1laga<\/li>\n<li><strong>NIF:<\/strong> B29731965<\/li>\n<li><strong>Donn\u00e9es d\u2019enregistrement\u00a0: <\/strong>Hoja MA-21644 Tomo 1704 Folio 141<\/li>\n<\/ul>\n<p><strong>Fuerte El Rompido<\/strong><\/p>\n<ul>\n<li><strong>Genre<\/strong> : H\u00f4tel<\/li>\n<li><strong>Cat\u00e9gorie<\/strong> : 4****<\/li>\n<li><strong>Num\u00e9ro d\u2019enregistrement\u00a0: <\/strong>H\/HU\/00617<\/li>\n<li><strong>D\u00e9nomination Sociale\u00a0: <\/strong>FUERTE EL ROMPIDO, S.L.<\/li>\n<li><strong>Si\u00e8ge social\u00a0: <\/strong> Severo Ochoa N.\u00ba 28 9\u00ba A 29603 Marbella M\u00e1laga<\/li>\n<li><strong>NIF:<\/strong> B92135359<\/li>\n<li><strong>Donn\u00e9es d\u2019enregistrement\u00a0: <\/strong>Hoja MA-42041 Tomo 2540 Libro 1453 Folio 77.<\/li>\n<\/ul>\n<p><strong>Fuerte Conil Resort<\/strong><\/p>\n<ul>\n<li><strong>Genre<\/strong> : H\u00f4tel<\/li>\n<li><strong>Cat\u00e9gorie<\/strong> : 4****<\/li>\n<li><strong>Num\u00e9ro d\u2019enregistrement\u00a0: <\/strong>H\/CA\/01475<\/li>\n<li><strong>D\u00e9nomination Sociale\u00a0: <\/strong>EVERPLANE, S.L.<\/li>\n<li><strong>Si\u00e8ge social\u00a0: <\/strong> Severo Ochoa N.\u00ba 28 9\u00ba A 29603 Marbella M\u00e1laga<\/li>\n<li><strong>NIF:<\/strong> B81175192<\/li>\n<li><strong>Donn\u00e9es d\u2019enregistrement\u00a0: <\/strong>Hoja MA-46966 Tomo 2719 Libro 1632 Folio 119<\/li>\n<\/ul>\n<p>Ce document a pour objet d&rsquo;\u00e9tablir les conditions g\u00e9n\u00e9rales d&rsquo;utilisation du PORTAIL, qui sont obligatoires pour toutes les personnes, professionnels et entreprises (ci-apr\u00e8s l&rsquo;UTILISATEUR) qui souhaitent l&rsquo;utiliser (services actuels ou nouveaux que FUERTE HOTELES pourra fournir \u00e0 l&rsquo;avenir via le PORTAIL).<\/p>\n<ol start=\"2\">\n<li><strong>OBLIGATIONS DE L&rsquo;UTILISATEUR, UTILISATION DU SITE WEB, DE SES SERVICES ET CONTENUS<\/strong> : L&rsquo;utilisateur s&rsquo;engage \u00e0 utiliser le portail, les contenus et les services sans contrevenir \u00e0 la l\u00e9gislation en vigueur, aux pratiques g\u00e9n\u00e9ralement accept\u00e9es et \u00e0 l&rsquo;ordre public. L&rsquo;utilisation du Web \u00e0 des fins ill\u00e9gales ou nuisibles \u00e0 FUERTE HOTELES ou \u00e0 des tiers, pouvant endommager ou emp\u00eacher l&rsquo;utilisation normale du PORTAIL, est interdite.<\/li>\n<\/ol>\n<p>FUERTE HOTELES garantit que les contenus et services offerts par le portail respectent le principe de dignit\u00e9 humaine, la protection de la jeunesse et de l&rsquo;enfance, et la non-discrimination fond\u00e9e sur la race, le sexe, la religion, l&rsquo;opinion, la nationalit\u00e9, le handicap ou tout autre aspect personnel et social. FUERTE HOTELES se r\u00e9serve le droit de supprimer tout commentaire et contribution qui enfreignent la loi ou ne respectent pas les principes \u00e9nonc\u00e9s.<\/p>\n<p>Ces Conditions G\u00e9n\u00e9rales d&rsquo;Utilisation du PORTAIL ne conf\u00e8rent \u00e0 l&rsquo;UTILISATEUR aucun autre droit d&rsquo;utiliser, de modifier, d&rsquo;exploiter, de reproduire, de distribuer ou de communiquer publiquement le Portail et\/ou ses Contenus, sauf disposition expresse pr\u00e9vue aux pr\u00e9sentes. Les contenus (informations, fichiers son et\/ou image, photographies, dessins, etc.) sur le portail sont la propri\u00e9t\u00e9 de FUERTE HOTELES ou sont d\u00fbment autoris\u00e9s pour leur diffusion par leurs l\u00e9gitimes propri\u00e9taires. FUERTE HOTELES s&rsquo;engage \u00e0 ne pas pratiquer de publicit\u00e9 trompeuse, et par cons\u00e9quent, les actions suivantes sont interdites :<\/p>\n<ul>\n<li>Utilisation \u00e0 des fins commerciales ou publicitaires, autres que celles strictement permises.<\/li>\n<li>Reproduction, publication, distribution ou modification, en tout ou en partie, sauf autorisation pr\u00e9alable \u00e9crite des l\u00e9gitimes propri\u00e9taires ou autorisation l\u00e9gale.<\/li>\n<li>Toute atteinte aux droits de FUERTE HOTELES ou de ses l\u00e9gitimes propri\u00e9taires.<\/li>\n<\/ul>\n<ol start=\"3\">\n<li><strong>PROPRI\u00c9T\u00c9 INTELLECTUELLE ET INDUSTRIELLE<\/strong> : L&rsquo;UTILISATEUR reconna\u00eet et accepte que tous les droits de propri\u00e9t\u00e9 industrielle et intellectuelle sur les Contenus et\/ou tout autre \u00e9l\u00e9ment ins\u00e9r\u00e9 dans le portail appartiennent \u00e0 FUERTE HOTELES ou sont d\u00fbment autoris\u00e9s pour leur diffusion sur ce PORTAIL. Si un utilisateur ou un tiers consid\u00e8re que ses droits de propri\u00e9t\u00e9 intellectuelle l\u00e9gitimes ont \u00e9t\u00e9 viol\u00e9s par l&rsquo;introduction de certains contenus sur le Web, il doit notifier FUERTE HOTELES en fournissant :\n<ul>\n<li>Les donn\u00e9es personnelles du propri\u00e9taire affect\u00e9 des droits pr\u00e9tendument viol\u00e9s, ou indiquer la repr\u00e9sentation avec laquelle il agit si la r\u00e9clamation est pr\u00e9sent\u00e9e par un tiers autre que l&rsquo;int\u00e9ress\u00e9.<\/li>\n<li>Identifier les contenus prot\u00e9g\u00e9s par des droits de propri\u00e9t\u00e9 intellectuelle et leur emplacement sur le Web, accr\u00e9ditant les droits de propri\u00e9t\u00e9 intellectuelle mentionn\u00e9s, et fournissant une d\u00e9claration expresse dans laquelle l&rsquo;int\u00e9ress\u00e9 assume la responsabilit\u00e9 de l&rsquo;exactitude des informations fournies dans la notification.<\/li>\n<\/ul>\n<\/li>\n<\/ol>\n<ol start=\"4\">\n<li><strong>LIENS<\/strong> : Le PORTAIL fournit des liens vers d&rsquo;autres sites web et contenus appartenant \u00e0 des tiers. Le seul objectif de ces liens est de fournir \u00e0 l&rsquo;utilisateur l&rsquo;acc\u00e8s \u00e0 ces liens. FUERTE HOTELES n&rsquo;est en aucun cas responsable des r\u00e9sultats pouvant d\u00e9couler de l&rsquo;acc\u00e8s de l&rsquo;utilisateur \u00e0 ces liens.<\/li>\n<\/ol>\n<p>L&rsquo;utilisateur qui souhaite \u00e9tablir un lien technique depuis son site web vers le portail <a href=\"https:\/\/www.fuertehoteles.com\/\">www.fuertehoteles.com<\/a> doit obtenir l&rsquo;autorisation pr\u00e9alable \u00e9crite de FUERTE HOTELES. L&rsquo;\u00e9tablissement du lien n&rsquo;implique en aucun cas l&rsquo;existence de relations entre le PORTAIL et le propri\u00e9taire du site o\u00f9 le lien est \u00e9tabli, ni l&rsquo;acceptation ou l&rsquo;approbation par <a href=\"https:\/\/www.fuertehoteles.com\/\">www.fuertehoteles.com<\/a> de ses contenus ou services.<\/p>\n<ol start=\"5\">\n<li><strong>MODIFICATION UNILAT\u00c9RALE ET DUR\u00c9E<\/strong> : FUERTE HOTELES se r\u00e9serve le droit de modifier, \u00e0 tout moment et sans pr\u00e9avis, la pr\u00e9sentation et la configuration du portail web <a href=\"https:\/\/www.fuertehoteles.com\/\">fuertehoteles.com<\/a>, ainsi que cet avis l\u00e9gal.<\/li>\n<\/ol>\n<ol start=\"6\">\n<li><strong>EXON\u00c9RATION DE GARANTIES ET RESPONSABILIT\u00c9<\/strong> : FUERTE HOTELES ne donne aucune garantie et n&rsquo;est en aucun cas responsable des dommages de toute nature pouvant d\u00e9couler de :\n<ul>\n<li>L&rsquo;absence de disponibilit\u00e9, de maintenance et de bon fonctionnement du Web et\/ou de ses services ou contenus.<\/li>\n<li>L&rsquo;existence de virus, de programmes malveillants ou nuisibles dans les contenus.<\/li>\n<li>L&rsquo;utilisation ill\u00e9gale, n\u00e9gligente, frauduleuse, contraire aux pr\u00e9sentes Conditions G\u00e9n\u00e9rales, \u00e0 la bonne foi, aux pratiques g\u00e9n\u00e9ralement accept\u00e9es ou \u00e0 l&rsquo;ordre public, du site web, de ses services ou de ses contenus par les utilisateurs.<\/li>\n<\/ul>\n<\/li>\n<\/ol>\n<ol start=\"7\">\n<li><strong>TRAITEMENT DES DONN\u00c9ES PERSONNELLES<\/strong> : FUERTE HOTELES, comme indiqu\u00e9 dans sa \u00ab\u00a0POLITIQUE DE CONFIDENTIALIT\u00c9\u00a0\u00bb, que vous pouvez consulter sur notre site web, a adopt\u00e9 les niveaux de s\u00e9curit\u00e9 appropri\u00e9s pour les donn\u00e9es qu&rsquo;elle traite et g\u00e8re, int\u00e9grant tous les moyens techniques et mesures \u00e0 sa disposition pour garantir la confidentialit\u00e9, pr\u00e9venir l&rsquo;utilisation abusive, la perte, l&rsquo;alt\u00e9ration, l&rsquo;acc\u00e8s non autoris\u00e9 et le vol.<\/li>\n<\/ol>\n<ol start=\"8\">\n<li><strong>LOI APPLICABLE ET JURIDICTION<\/strong> : L&rsquo;utilisation et les politiques de protection des donn\u00e9es du site web sont r\u00e9gies par la loi espagnole. En cas de litige concernant leur validit\u00e9, ex\u00e9cution, respect ou r\u00e9solution, FUERTEGROUP et les CLIENTS\/UTILISATEURS\/CANDIDATS renoncent express\u00e9ment \u00e0 leur juridiction ou \u00e0 toute autre qui pourrait leur correspondre et se soumettent \u00e0 la juridiction des tribunaux de Marbella, o\u00f9 le propri\u00e9taire de ce site web est domicili\u00e9, et donc, le lieu o\u00f9 sont remplies les obligations li\u00e9es \u00e0 la politique d&rsquo;utilisation et de protection des donn\u00e9es. Ce contrat constitue l&rsquo;accord complet et entier entre FUERTEGROUP et le CLIENT\/UTILISATEUR\/CANDIDAT et remplace tous les accords, engagements, repr\u00e9sentations ou conventions ant\u00e9rieurs, qu&rsquo;ils soient \u00e9crits ou oraux, qui auraient pu exister ant\u00e9rieurement entre eux.<\/li>\n<\/ol>\n<p>En ce qui concerne tout litige d\u00e9coulant de l&rsquo;ex\u00e9cution et du respect du contrat ou des services offerts sur ce site web qui ne peuvent \u00eatre r\u00e9solus de mani\u00e8re extrajudiciaire, les tribunaux correspondant \u00e0 la localit\u00e9 o\u00f9 se trouve l&rsquo;\u00e9tablissement touristique mentionn\u00e9 sur ce site web seront comp\u00e9tents, car c&rsquo;est le lieu o\u00f9 se r\u00e9alise l&rsquo;obligation donnant lieu au litige.<\/p>\n<ol start=\"9\">\n<li><strong>PLATEFORME DE R\u00c9SOLUTION DES LITIGES EN LIGNE<\/strong> :<br \/>\n<strong>R\u00e9solution alternative des litiges en mati\u00e8re de consommation<br \/>\n<\/strong><br \/>\nIl est port\u00e9 \u00e0 la connaissance des consommateurs qu\u2019ils peuvent faire appel \u00e0 des organismes de r\u00e9solution alternative des litiges (RAL) pour r\u00e9soudre d\u2019\u00e9ventuels conflits li\u00e9s \u00e0 la consommation. Parmi ces organismes figure la Commission d\u2019Arbitrage de la Consommation de la Communaut\u00e9 Autonome d\u2019Andalousie, dont les coordonn\u00e9es sont les suivantes :<\/p>\n<ul>\n<li>T\u00e9l\u00e9phone : +34 955 006 300<\/li>\n<li>Site web : <a href=\"http:\/\/www.consumoresponde.es\/temas\/arbitraje_de_consumo\">consumoresponde.es\/temas\/arbitraje_de_consumo<\/a><\/li>\n<li>Courriel : <a href=\"mailto:juntaarbitralconsumo.csalud@juntadeandalucia.es\">csalud@juntadeandalucia.es<\/a><\/li>\n<\/ul>\n<\/li>\n<\/ol>\n<ol start=\"10\">\n<li><strong>INFORMATIONS SUR LE DROIT DE R\u00c9TRACTATION<\/strong> : Conform\u00e9ment \u00e0 l&rsquo;article 103, l) du D\u00e9cret L\u00e9gislatif Royal 1\/2007, du 16 novembre, portant loi g\u00e9n\u00e9rale pour la d\u00e9fense des consommateurs et utilisateurs, il vous est inform\u00e9 que le service d&rsquo;h\u00e9bergement h\u00f4telier, en pr\u00e9voyant une date ou une p\u00e9riode d&rsquo;ex\u00e9cution sp\u00e9cifique, n&rsquo;admet pas le droit de r\u00e9tractation du contrat d&rsquo;h\u00e9bergement une fois qu&rsquo;il a commenc\u00e9 \u00e0 \u00eatre ex\u00e9cut\u00e9.<\/li>\n<\/ol>\n<p><strong>CONTACT<\/strong> : Si un Utilisateur a des questions concernant cet avis l\u00e9gal ou des commentaires sur le site web, il peut contacter infogrupo@fuerte-group.com.[\/vc_column_text][\/vc_column][\/vc_row][\/vc_section]\n","protected":false},"excerpt":{"rendered":"<p>[vc_section full_width=\u00a0\u00bbstretch_row\u00a0\u00bb css=\u00a0\u00bb.vc_custom_1725013802177{background-image: url(https:\/\/www.fuertehoteles.com\/wp-content\/uploads\/2024\/08\/aviso-legal-cabecera.jpg?id=154608) !important;background-position: center !important;background-repeat: no-repeat !important;background-size: cover !important;}\u00a0\u00bb el_class=\u00a0\u00bbfh_legal-notice_header\u00a0\u00bb el_id=\u00a0\u00bbtop\u00a0\u00bb][vc_row full_width=\u00a0\u00bbstretch_row\u00a0\u00bb][vc_column][vc_column_text el_class=\u00a0\u00bbfh_legal-notice_title-header\u00a0\u00bb] Mentions l\u00e9gales [\/vc_column_text][\/vc_column][\/vc_row][\/vc_section][vc_section el_class=\u00a0\u00bbfh_legal-notice_info-text\u00a0\u00bb][vc_row][vc_column][vc_column_text] Mentions l\u00e9gales RECOMMANDATION PR\u00c9LIMINAIRE : Veuillez lire toutes les sections de cet avis l\u00e9gal ainsi que notre politique de confidentialit\u00e9 avant d&rsquo;utiliser ce site web. Les conditions suivantes sont contraignantes pour tout utilisateur du site. Conform\u00e9ment<\/p>\n","protected":false},"author":6,"featured_media":0,"parent":0,"menu_order":0,"comment_status":"closed","ping_status":"closed","template":"templates\/landings.php","meta":{"footnotes":""},"class_list":["post-154570","page","type-page","status-publish","hentry"],"yoast_head":"<!-- This site is optimized with the Yoast SEO plugin v22.4 - https:\/\/yoast.com\/wordpress\/plugins\/seo\/ -->\n<title>Mentions l\u00e9gales Fuerte Hoteles Andalousie<\/title>\n<meta name=\"description\" content=\"Mentions l\u00e9gales Fuerte Hoteles Andalousie\" \/>\n<meta name=\"robots\" content=\"index, follow, max-snippet:-1, max-image-preview:large, max-video-preview:-1\" \/>\n<link rel=\"canonical\" href=\"https:\/\/www.fuertehoteles.com\/fr\/mentions-legales\/\" \/>\n<meta property=\"og:locale\" content=\"fr_FR\" \/>\n<meta property=\"og:type\" content=\"article\" \/>\n<meta property=\"og:title\" content=\"Mentions l\u00e9gales Fuerte Hoteles Andalousie\" \/>\n<meta property=\"og:description\" content=\"Mentions l\u00e9gales Fuerte Hoteles Andalousie\" \/>\n<meta property=\"og:url\" content=\"https:\/\/www.fuertehoteles.com\/fr\/mentions-legales\/\" \/>\n<meta property=\"og:site_name\" content=\"Fuerte Hoteles\" \/>\n<meta property=\"article:publisher\" content=\"https:\/\/www.facebook.com\/HotelesFuerte\" \/>\n<meta property=\"article:modified_time\" content=\"2025-07-21T08:31:04+00:00\" \/>\n<meta name=\"twitter:card\" content=\"summary_large_image\" \/>\n<meta name=\"twitter:site\" content=\"@fuertehoteles\" \/>\n<meta name=\"twitter:label1\" content=\"Dur\u00e9e de lecture estim\u00e9e\" \/>\n\t<meta name=\"twitter:data1\" content=\"27 minutes\" \/>\n<script type=\"application\/ld+json\" class=\"yoast-schema-graph\">{\"@context\":\"https:\/\/schema.org\",\"@graph\":[{\"@type\":\"WebPage\",\"@id\":\"https:\/\/www.fuertehoteles.com\/fr\/mentions-legales\/\",\"url\":\"https:\/\/www.fuertehoteles.com\/fr\/mentions-legales\/\",\"name\":\"Mentions l\u00e9gales Fuerte Hoteles Andalousie\",\"isPartOf\":{\"@id\":\"https:\/\/www.fuertehoteles.com\/#website\"},\"datePublished\":\"2024-08-30T09:00:34+00:00\",\"dateModified\":\"2025-07-21T08:31:04+00:00\",\"description\":\"Mentions l\u00e9gales Fuerte Hoteles Andalousie\",\"breadcrumb\":{\"@id\":\"https:\/\/www.fuertehoteles.com\/fr\/mentions-legales\/#breadcrumb\"},\"inLanguage\":\"fr-FR\",\"potentialAction\":[{\"@type\":\"ReadAction\",\"target\":[\"https:\/\/www.fuertehoteles.com\/fr\/mentions-legales\/\"]}]},{\"@type\":\"BreadcrumbList\",\"@id\":\"https:\/\/www.fuertehoteles.com\/fr\/mentions-legales\/#breadcrumb\",\"itemListElement\":[{\"@type\":\"ListItem\",\"position\":1,\"name\":\"Portada\",\"item\":\"https:\/\/www.fuertehoteles.com\/fr\/\"},{\"@type\":\"ListItem\",\"position\":2,\"name\":\"Mentions l\u00e9gales\"}]},{\"@type\":\"WebSite\",\"@id\":\"https:\/\/www.fuertehoteles.com\/#website\",\"url\":\"https:\/\/www.fuertehoteles.com\/\",\"name\":\"Fuerte Hoteles\",\"description\":\"\",\"publisher\":{\"@id\":\"https:\/\/www.fuertehoteles.com\/#organization\"},\"potentialAction\":[{\"@type\":\"SearchAction\",\"target\":{\"@type\":\"EntryPoint\",\"urlTemplate\":\"https:\/\/www.fuertehoteles.com\/?s={search_term_string}\"},\"query-input\":\"required name=search_term_string\"}],\"inLanguage\":\"fr-FR\"},{\"@type\":\"Organization\",\"@id\":\"https:\/\/www.fuertehoteles.com\/#organization\",\"name\":\"Fuerte Hoteles\",\"url\":\"https:\/\/www.fuertehoteles.com\/\",\"logo\":{\"@type\":\"ImageObject\",\"inLanguage\":\"fr-FR\",\"@id\":\"https:\/\/www.fuertehoteles.com\/#\/schema\/logo\/image\/\",\"url\":\"https:\/\/www.fuertehoteles.com\/wp-content\/uploads\/2022\/09\/logo-ffhh-1.jpg\",\"contentUrl\":\"https:\/\/www.fuertehoteles.com\/wp-content\/uploads\/2022\/09\/logo-ffhh-1.jpg\",\"width\":500,\"height\":500,\"caption\":\"Fuerte Hoteles\"},\"image\":{\"@id\":\"https:\/\/www.fuertehoteles.com\/#\/schema\/logo\/image\/\"},\"sameAs\":[\"https:\/\/www.facebook.com\/HotelesFuerte\",\"https:\/\/twitter.com\/fuertehoteles\",\"https:\/\/www.instagram.com\/fuertehoteles\/\",\"https:\/\/www.linkedin.com\/company\/fuerte-hoteles\/\",\"https:\/\/www.youtube.com\/user\/fuertehoteles\",\"https:\/\/en.wikipedia.org\/wiki\/Fuerte_Hotels\"]}]}<\/script>\n<!-- \/ Yoast SEO plugin. -->","yoast_head_json":{"title":"Mentions l\u00e9gales Fuerte Hoteles Andalousie","description":"Mentions l\u00e9gales Fuerte Hoteles Andalousie","robots":{"index":"index","follow":"follow","max-snippet":"max-snippet:-1","max-image-preview":"max-image-preview:large","max-video-preview":"max-video-preview:-1"},"canonical":"https:\/\/www.fuertehoteles.com\/fr\/mentions-legales\/","og_locale":"fr_FR","og_type":"article","og_title":"Mentions l\u00e9gales Fuerte Hoteles Andalousie","og_description":"Mentions l\u00e9gales Fuerte Hoteles Andalousie","og_url":"https:\/\/www.fuertehoteles.com\/fr\/mentions-legales\/","og_site_name":"Fuerte Hoteles","article_publisher":"https:\/\/www.facebook.com\/HotelesFuerte","article_modified_time":"2025-07-21T08:31:04+00:00","twitter_card":"summary_large_image","twitter_site":"@fuertehoteles","twitter_misc":{"Dur\u00e9e de lecture estim\u00e9e":"27 minutes"},"schema":{"@context":"https:\/\/schema.org","@graph":[{"@type":"WebPage","@id":"https:\/\/www.fuertehoteles.com\/fr\/mentions-legales\/","url":"https:\/\/www.fuertehoteles.com\/fr\/mentions-legales\/","name":"Mentions l\u00e9gales Fuerte Hoteles Andalousie","isPartOf":{"@id":"https:\/\/www.fuertehoteles.com\/#website"},"datePublished":"2024-08-30T09:00:34+00:00","dateModified":"2025-07-21T08:31:04+00:00","description":"Mentions l\u00e9gales Fuerte Hoteles Andalousie","breadcrumb":{"@id":"https:\/\/www.fuertehoteles.com\/fr\/mentions-legales\/#breadcrumb"},"inLanguage":"fr-FR","potentialAction":[{"@type":"ReadAction","target":["https:\/\/www.fuertehoteles.com\/fr\/mentions-legales\/"]}]},{"@type":"BreadcrumbList","@id":"https:\/\/www.fuertehoteles.com\/fr\/mentions-legales\/#breadcrumb","itemListElement":[{"@type":"ListItem","position":1,"name":"Portada","item":"https:\/\/www.fuertehoteles.com\/fr\/"},{"@type":"ListItem","position":2,"name":"Mentions l\u00e9gales"}]},{"@type":"WebSite","@id":"https:\/\/www.fuertehoteles.com\/#website","url":"https:\/\/www.fuertehoteles.com\/","name":"Fuerte Hoteles","description":"","publisher":{"@id":"https:\/\/www.fuertehoteles.com\/#organization"},"potentialAction":[{"@type":"SearchAction","target":{"@type":"EntryPoint","urlTemplate":"https:\/\/www.fuertehoteles.com\/?s={search_term_string}"},"query-input":"required name=search_term_string"}],"inLanguage":"fr-FR"},{"@type":"Organization","@id":"https:\/\/www.fuertehoteles.com\/#organization","name":"Fuerte Hoteles","url":"https:\/\/www.fuertehoteles.com\/","logo":{"@type":"ImageObject","inLanguage":"fr-FR","@id":"https:\/\/www.fuertehoteles.com\/#\/schema\/logo\/image\/","url":"https:\/\/www.fuertehoteles.com\/wp-content\/uploads\/2022\/09\/logo-ffhh-1.jpg","contentUrl":"https:\/\/www.fuertehoteles.com\/wp-content\/uploads\/2022\/09\/logo-ffhh-1.jpg","width":500,"height":500,"caption":"Fuerte Hoteles"},"image":{"@id":"https:\/\/www.fuertehoteles.com\/#\/schema\/logo\/image\/"},"sameAs":["https:\/\/www.facebook.com\/HotelesFuerte","https:\/\/twitter.com\/fuertehoteles","https:\/\/www.instagram.com\/fuertehoteles\/","https:\/\/www.linkedin.com\/company\/fuerte-hoteles\/","https:\/\/www.youtube.com\/user\/fuertehoteles","https:\/\/en.wikipedia.org\/wiki\/Fuerte_Hotels"]}]}},"_links":{"self":[{"href":"https:\/\/www.fuertehoteles.com\/fr\/wp-json\/wp\/v2\/pages\/154570","targetHints":{"allow":["GET"]}}],"collection":[{"href":"https:\/\/www.fuertehoteles.com\/fr\/wp-json\/wp\/v2\/pages"}],"about":[{"href":"https:\/\/www.fuertehoteles.com\/fr\/wp-json\/wp\/v2\/types\/page"}],"author":[{"embeddable":true,"href":"https:\/\/www.fuertehoteles.com\/fr\/wp-json\/wp\/v2\/users\/6"}],"replies":[{"embeddable":true,"href":"https:\/\/www.fuertehoteles.com\/fr\/wp-json\/wp\/v2\/comments?post=154570"}],"version-history":[{"count":7,"href":"https:\/\/www.fuertehoteles.com\/fr\/wp-json\/wp\/v2\/pages\/154570\/revisions"}],"predecessor-version":[{"id":156225,"href":"https:\/\/www.fuertehoteles.com\/fr\/wp-json\/wp\/v2\/pages\/154570\/revisions\/156225"}],"wp:attachment":[{"href":"https:\/\/www.fuertehoteles.com\/fr\/wp-json\/wp\/v2\/media?parent=154570"}],"curies":[{"name":"wp","href":"https:\/\/api.w.org\/{rel}","templated":true}]}}