{"id":157636,"date":"2026-04-14T09:30:25","date_gmt":"2026-04-14T07:30:25","guid":{"rendered":"https:\/\/www.fuertehoteles.com\/hotel-fuerte-grazalema\/day-pass\/"},"modified":"2026-04-23T16:12:06","modified_gmt":"2026-04-23T14:12:06","slug":"day-pass","status":"publish","type":"page","link":"https:\/\/www.fuertehoteles.com\/fr\/hotel-fuerte-grazalema\/day-pass\/","title":{"rendered":"Day Pass"},"content":{"rendered":"[vc_section full_width=\u00a0\u00bbstretch_row\u00a0\u00bb css=\u00a0\u00bb.vc_custom_1776152095379{background-image: url(https:\/\/www.fuertehoteles.com\/wp-content\/uploads\/2026\/04\/hero-day-pass-fuerte-grazalema.jpg?id=157628) !important;background-position: center !important;background-repeat: no-repeat !important;background-size: cover !important;}\u00a0\u00bb el_class=\u00a0\u00bbfh_day-pass_header\u00a0\u00bb][vc_row full_width=\u00a0\u00bbstretch_row\u00a0\u00bb el_class=\u00a0\u00bbfh_day-pass_header_row\u00a0\u00bb][vc_column][vc_single_image image=\u00a0\u00bb157585&Prime; img_size=\u00a0\u00bb\u00a0\u00bb alignment=\u00a0\u00bbcenter\u00a0\u00bb css=\u00a0\u00bb.vc_custom_1776151984716{background-position: center !important;background-repeat: no-repeat !important;background-size: contain !important;}\u00a0\u00bb][\/vc_column][\/vc_row][\/vc_section][vc_section el_class=\u00a0\u00bbfh_day-pass_intro\u00a0\u00bb][vc_row][vc_column][vc_column_text css_animation=\u00a0\u00bbfadeInUp\u00a0\u00bb el_class=\u00a0\u00bbfh_day-pass_intro_title\u00a0\u00bb]\n<h1 style=\"text-align: center;\">Day Pass<\/h1>\n[\/vc_column_text][vc_column_text css_animation=\u00a0\u00bbfadeInUp\u00a0\u00bb el_class=\u00a0\u00bbfh_day-pass_intro_divider center\u00a0\u00bb]\n<hr \/>\n[\/vc_column_text][vc_column_text el_class=\u00a0\u00bbfh_day-pass_intro_text\u00a0\u00bb]\n<p style=\"text-align: center;\">Profitez d&rsquo;une journ\u00e9e inoubliable en pleine nature avec notre Day Pass au <strong>Fuerte Grazalema<\/strong>. D\u00e9tendez-vous au bord de notre piscine avec vue sur les montagnes et d\u00e9connectez compl\u00e8tement dans un cadre exceptionnel. Ce pass comprend un cr\u00e9dit de 25\u20ac pour savourer notre d\u00e9licieuse offre de restauration et de boissons lors de votre visite. Le plan parfait pour respirer l&rsquo;air pur et vivre des moments uniques en famille ou en couple.<\/p>\n[\/vc_column_text][\/vc_column][\/vc_row][\/vc_section][vc_section el_class=\u00a0\u00bbfh_day-pass_content\u00a0\u00bb][vc_row][vc_column width=\u00a0\u00bb5\/12&Prime; el_class=\u00a0\u00bbfh_day-pass_content_calendar\u00a0\u00bb offset=\u00a0\u00bbvc_col-lg-4&Prime;][vc_raw_html]JTNDc2NyaXB0JTIwc3JjJTNEJTIyaHR0cHMlM0ElMkYlMkZ3d3cudHJhbnNmZXJzYW5kZXhwZXJpZW5jZXMuY29tJTJGYWRkaXRpb25hbC1zZXJ2aWNlcyUyRmlmcmFtZS10eWUtc2NyaXB0LmpzJTIyJTNFJTNDJTJGc2NyaXB0JTNFJTNDaWZyYW1lJTIwaWQlM0QlMjJpZnJhbWVfYm9va2luZyUyMiUyMHNyYyUzRCUyMmh0dHBzJTNBJTJGJTJGd3d3LnRyYW5zZmVyc2FuZGV4cGVyaWVuY2VzLmNvbSUyRmFkZGl0aW9uYWwtc2VydmljZXMlMkZ2aWV3JTNGcHJvZHVjdF9pZCUzRDE2MyUyNmFtcCUzQnR5cGUlM0RzaWRlYmFyLXByb2R1Y3QlMjZhbXAlM0Jtb2RlJTNEcG9ydHJhaXQlMjZhbXAlM0Jjb2RlJTNEVlpwWFR2NHN6MDNEJTI2YW1wJTNCbGFuZyUzRGZyJTIyJTIwd2lkdGglM0QlMjIxMDAlMjUlMjIlMjBoZWlnaHQlM0QlMjI2MDBweCUyMiUyMGZyYW1lYm9yZGVyJTNEJTIyMCUyMiUyMGFsbG93ZnVsbHNjcmVlbiUzRCUyMmFsbG93ZnVsbHNjcmVlbiUyMiUzRSUzQyUyRmlmcmFtZSUzRQ==[\/vc_raw_html][\/vc_column][vc_column width=\u00a0\u00bb7\/12&Prime; el_class=\u00a0\u00bbfh_day-pass_content_list-condition\u00a0\u00bb offset=\u00a0\u00bbvc_col-lg-8&Prime;]<div class=\"uavc-list-icon uavc-list-icon-wrapper ult-adjust-bottom-margin   \"><ul class=\"uavc-list\"><li><div class=\"uavc-list-content\" id=\"list-icon-wrap-2211\">\n<div class=\"uavc-list-icon  \" data-animation=\"\" data-animation-delay=\"03\" style=\"margin-right:8px;\"><div class=\"ult-just-icon-wrapper  \"><div class=\"align-icon\" style=\"text-align:center;\">\n<div class=\"aio-icon none \"  style=\"color:#333333;font-size:24px;display:inline-block;\">\n\t<i class=\"Defaults-clock-o\"><\/i>\n<\/div><\/div><\/div>\n<\/div><span  data-ultimate-target='#list-icon-wrap-2211 .uavc-list-desc'  data-responsive-json-new='{\"font-size\":\"\",\"line-height\":\"\"}'  class=\"uavc-list-desc ult-responsive\" style=\"\"><strong>Horaires:<\/strong> de 11h00 \u00e0 19h00.<\/span><\/div><\/li><li><div class=\"uavc-list-content\" id=\"list-icon-wrap-1016\">\n<div class=\"uavc-list-icon  \" data-animation=\"\" data-animation-delay=\"03\" style=\"margin-right:8px;\"><div class=\"ult-just-icon-wrapper  \"><div class=\"align-icon\" style=\"text-align:center;\">\n<div class=\"aio-icon none \"  style=\"color:#333333;font-size:24px;display:inline-block;\">\n\t<i class=\"Defaults-ticket\"><\/i>\n<\/div><\/div><\/div>\n<\/div><span  data-ultimate-target='#list-icon-wrap-1016 .uavc-list-desc'  data-responsive-json-new='{\"font-size\":\"\",\"line-height\":\"\"}'  class=\"uavc-list-desc ult-responsive\" style=\"\"><strong>Consommation:<\/strong> Comprend un cr\u00e9dit de 25\u20ac valable pour la nourriture et les boissons dans les points de vente de l&rsquo;h\u00f4tel.<\/span><\/div><\/li><li><div class=\"uavc-list-content\" id=\"list-icon-wrap-8599\">\n<div class=\"uavc-list-icon  \" data-animation=\"\" data-animation-delay=\"03\" style=\"margin-right:8px;\"><div class=\"ult-just-icon-wrapper  \"><div class=\"align-icon\" style=\"text-align:center;\">\n<div class=\"aio-icon none \"  style=\"color:#333333;font-size:24px;display:inline-block;\">\n\t<i class=\"Defaults-user\"><\/i>\n<\/div><\/div><\/div>\n<\/div><span  data-ultimate-target='#list-icon-wrap-8599 .uavc-list-desc'  data-responsive-json-new='{\"font-size\":\"\",\"line-height\":\"\"}'  class=\"uavc-list-desc ult-responsive\" style=\"\"><strong>Disponible pour les clients non r\u00e9sidents.<\/strong><\/span><\/div><\/li><li><div class=\"uavc-list-content\" id=\"list-icon-wrap-6038\">\n<div class=\"uavc-list-icon  \" data-animation=\"\" data-animation-delay=\"03\" style=\"margin-right:8px;\"><div class=\"ult-just-icon-wrapper  \"><div class=\"align-icon\" style=\"text-align:center;\">\n<div class=\"aio-icon-img \" style=\"font-size:24px;display:inline-block;\" >\n\t<img decoding=\"async\" class=\"img-icon\" alt=\"null\" src=\"https:\/\/www.fuertehoteles.com\/wp-content\/uploads\/2026\/04\/couple-xl.png\"\/>\n<\/div><\/div><\/div>\n<\/div><span  data-ultimate-target='#list-icon-wrap-6038 .uavc-list-desc'  data-responsive-json-new='{\"font-size\":\"\",\"line-height\":\"\"}'  class=\"uavc-list-desc ult-responsive\" style=\"\">\u00c0 partir de 50\u20ac par couple.<\/span><\/div><\/li><\/ul><\/div>[\/vc_column][\/vc_row][\/vc_section][vc_section el_class=\u00a0\u00bbfh_day-pass_carousel-images\u00a0\u00bb][vc_row full_width=\u00a0\u00bbstretch_row_content_no_spaces\u00a0\u00bb equal_height=\u00a0\u00bbyes\u00a0\u00bb content_placement=\u00a0\u00bbtop\u00a0\u00bb css_animation=\u00a0\u00bbfadeInUp\u00a0\u00bb][vc_column css=\u00a0\u00bb.vc_custom_1585309539535{margin-top: 0px !important;padding-top: 0px !important;}\u00a0\u00bb]<div class=\"mpc-carousel__wrapper mpc-waypoint\"><div id=\"mpc_carousel_image-3169ea49a801b74\" class=\"mpc-carousel-image mpc-init mpc-animation mpc-layout--fluid mpc-effect--none mpc-force-height \"  data-animation-in=\"transition.fadeIn||300||0||100\" data-mpcslick='{\"infinite\":true,\"autoplay\":false,\"slidesToShow\":3,\"slidesToScroll\":1,\"centerMode\":false,\"initialSlide\":0,\"rows\":1,\"variableWidth\":true,\"speed\":2000}' data-slick-cols=\"3\"><div target=\"\"class=\"mpc-carousel__item-wrapper\" data-height=\"683\"><div onclick=\"\" class=\"mpc-item mpc-transition\"><div class=\"mpc-border\"><\/div><img decoding=\"async\" width=\"1200\" height=\"800\" src=\"https:\/\/www.fuertehoteles.com\/wp-content\/uploads\/2026\/04\/day-pass-fuerte-grazalema-3.jpg\" class=\"mpc-transition attachment-full\" alt=\"\" srcset=\"https:\/\/www.fuertehoteles.com\/wp-content\/uploads\/2026\/04\/day-pass-fuerte-grazalema-3.jpg 1200w, https:\/\/www.fuertehoteles.com\/wp-content\/uploads\/2026\/04\/day-pass-fuerte-grazalema-3-300x200.jpg 300w, https:\/\/www.fuertehoteles.com\/wp-content\/uploads\/2026\/04\/day-pass-fuerte-grazalema-3-1024x683.jpg 1024w, https:\/\/www.fuertehoteles.com\/wp-content\/uploads\/2026\/04\/day-pass-fuerte-grazalema-3-768x512.jpg 768w\" sizes=\"(max-width: 1200px) 100vw, 1200px\" \/><\/div><\/div><div target=\"\"class=\"mpc-carousel__item-wrapper\" data-height=\"683\"><div onclick=\"\" class=\"mpc-item mpc-transition\"><div class=\"mpc-border\"><\/div><img decoding=\"async\" width=\"1200\" height=\"800\" src=\"https:\/\/www.fuertehoteles.com\/wp-content\/uploads\/2026\/04\/day-pass-fuerte-grazalema-4.jpg\" class=\"mpc-transition attachment-full\" alt=\"\" srcset=\"https:\/\/www.fuertehoteles.com\/wp-content\/uploads\/2026\/04\/day-pass-fuerte-grazalema-4.jpg 1200w, https:\/\/www.fuertehoteles.com\/wp-content\/uploads\/2026\/04\/day-pass-fuerte-grazalema-4-300x200.jpg 300w, https:\/\/www.fuertehoteles.com\/wp-content\/uploads\/2026\/04\/day-pass-fuerte-grazalema-4-1024x683.jpg 1024w, https:\/\/www.fuertehoteles.com\/wp-content\/uploads\/2026\/04\/day-pass-fuerte-grazalema-4-768x512.jpg 768w\" sizes=\"(max-width: 1200px) 100vw, 1200px\" \/><\/div><\/div><div target=\"\"class=\"mpc-carousel__item-wrapper\" data-height=\"683\"><div onclick=\"\" class=\"mpc-item mpc-transition\"><div class=\"mpc-border\"><\/div><img decoding=\"async\" width=\"1200\" height=\"800\" src=\"https:\/\/www.fuertehoteles.com\/wp-content\/uploads\/2026\/04\/day-pass-fuerte-grazalema-2.jpg\" class=\"mpc-transition attachment-full\" alt=\"\" srcset=\"https:\/\/www.fuertehoteles.com\/wp-content\/uploads\/2026\/04\/day-pass-fuerte-grazalema-2.jpg 1200w, https:\/\/www.fuertehoteles.com\/wp-content\/uploads\/2026\/04\/day-pass-fuerte-grazalema-2-300x200.jpg 300w, https:\/\/www.fuertehoteles.com\/wp-content\/uploads\/2026\/04\/day-pass-fuerte-grazalema-2-1024x683.jpg 1024w, https:\/\/www.fuertehoteles.com\/wp-content\/uploads\/2026\/04\/day-pass-fuerte-grazalema-2-768x512.jpg 768w\" sizes=\"(max-width: 1200px) 100vw, 1200px\" \/><\/div><\/div><div target=\"\"class=\"mpc-carousel__item-wrapper\" data-height=\"684\"><div onclick=\"\" class=\"mpc-item mpc-transition\"><div class=\"mpc-border\"><\/div><img decoding=\"async\" width=\"1200\" height=\"802\" src=\"https:\/\/www.fuertehoteles.com\/wp-content\/uploads\/2026\/04\/day-pass-fuerte-grazalema-5.jpg\" class=\"mpc-transition attachment-full\" alt=\"\" srcset=\"https:\/\/www.fuertehoteles.com\/wp-content\/uploads\/2026\/04\/day-pass-fuerte-grazalema-5.jpg 1200w, https:\/\/www.fuertehoteles.com\/wp-content\/uploads\/2026\/04\/day-pass-fuerte-grazalema-5-300x201.jpg 300w, https:\/\/www.fuertehoteles.com\/wp-content\/uploads\/2026\/04\/day-pass-fuerte-grazalema-5-1024x684.jpg 1024w, https:\/\/www.fuertehoteles.com\/wp-content\/uploads\/2026\/04\/day-pass-fuerte-grazalema-5-768x513.jpg 768w\" sizes=\"(max-width: 1200px) 100vw, 1200px\" \/><\/div><\/div><div target=\"\"class=\"mpc-carousel__item-wrapper\" data-height=\"683\"><div onclick=\"\" class=\"mpc-item mpc-transition\"><div class=\"mpc-border\"><\/div><img decoding=\"async\" width=\"1200\" height=\"800\" src=\"https:\/\/www.fuertehoteles.com\/wp-content\/uploads\/2026\/04\/day-pass-fuerte-grazalema-1.jpg\" class=\"mpc-transition attachment-full\" alt=\"\" srcset=\"https:\/\/www.fuertehoteles.com\/wp-content\/uploads\/2026\/04\/day-pass-fuerte-grazalema-1.jpg 1200w, https:\/\/www.fuertehoteles.com\/wp-content\/uploads\/2026\/04\/day-pass-fuerte-grazalema-1-300x200.jpg 300w, https:\/\/www.fuertehoteles.com\/wp-content\/uploads\/2026\/04\/day-pass-fuerte-grazalema-1-1024x683.jpg 1024w, https:\/\/www.fuertehoteles.com\/wp-content\/uploads\/2026\/04\/day-pass-fuerte-grazalema-1-768x512.jpg 768w\" sizes=\"(max-width: 1200px) 100vw, 1200px\" \/><\/div><\/div><\/div><div class=\"mpc-navigation mpc-init mpc-align--left mpc-navigation--style_1  mpc-nav-preset--\" data-mpcslider=\"mpc_carousel_image-3169ea49a801b74\"><div class=\"mpc-nav__arrow mpcslick-prev\"><div class=\"mpc-nav__icon mpc-transition\"><i class=\"\"><div class=\"mpc-nav__background mpc-transition mpc-effect-type--fade mpc-effect-side--in\"><\/div><\/i><\/div><\/div><div class=\"mpc-nav__arrow mpcslick-next\"><div class=\"mpc-nav__icon mpc-transition\"><i class=\"\"><div class=\"mpc-nav__background mpc-transition mpc-effect-type--fade mpc-effect-side--in\"><\/div><\/i><\/div><\/div><\/div><\/div>[\/vc_column][\/vc_row][\/vc_section]\n","protected":false},"excerpt":{"rendered":"<p>[vc_section full_width=\u00a0\u00bbstretch_row\u00a0\u00bb css=\u00a0\u00bb.vc_custom_1776152095379{background-image: url(https:\/\/www.fuertehoteles.com\/wp-content\/uploads\/2026\/04\/hero-day-pass-fuerte-grazalema.jpg?id=157628) !important;background-position: center !important;background-repeat: no-repeat !important;background-size: cover !important;}\u00a0\u00bb el_class=\u00a0\u00bbfh_day-pass_header\u00a0\u00bb][vc_row full_width=\u00a0\u00bbstretch_row\u00a0\u00bb el_class=\u00a0\u00bbfh_day-pass_header_row\u00a0\u00bb][vc_column][vc_single_image image=\u00a0\u00bb157585&Prime; img_size=\u00a0\u00bb\u00a0\u00bb alignment=\u00a0\u00bbcenter\u00a0\u00bb css=\u00a0\u00bb.vc_custom_1776151984716{background-position: center !important;background-repeat: no-repeat !important;background-size: contain !important;}\u00a0\u00bb][\/vc_column][\/vc_row][\/vc_section][vc_section el_class=\u00a0\u00bbfh_day-pass_intro\u00a0\u00bb][vc_row][vc_column][vc_column_text css_animation=\u00a0\u00bbfadeInUp\u00a0\u00bb el_class=\u00a0\u00bbfh_day-pass_intro_title\u00a0\u00bb] Day Pass [\/vc_column_text][vc_column_text css_animation=\u00a0\u00bbfadeInUp\u00a0\u00bb el_class=\u00a0\u00bbfh_day-pass_intro_divider center\u00a0\u00bb] [\/vc_column_text][vc_column_text el_class=\u00a0\u00bbfh_day-pass_intro_text\u00a0\u00bb] Profitez d&rsquo;une journ\u00e9e inoubliable en pleine nature avec notre Day Pass au Fuerte Grazalema. D\u00e9tendez-vous au bord de notre piscine<\/p>\n","protected":false},"author":2,"featured_media":0,"parent":4359,"menu_order":0,"comment_status":"closed","ping_status":"closed","template":"templates\/landings.php","meta":{"footnotes":""},"class_list":["post-157636","page","type-page","status-publish","hentry"],"yoast_head":"<!-- This site is optimized with the Yoast SEO plugin v22.4 - https:\/\/yoast.com\/wordpress\/plugins\/seo\/ -->\n<title>Day Pass Hotel Fuerte Grazalema : piscine &amp; vues<\/title>\n<meta name=\"description\" content=\"D\u00e9tendez-vous avec un day pass \u00e0 l\u2019Hotel Fuerte Grazalema. Piscine, vues sur la montagne et cadre paisible en Sierra de Grazalema.\" \/>\n<meta name=\"robots\" content=\"index, follow, max-snippet:-1, max-image-preview:large, max-video-preview:-1\" \/>\n<link rel=\"canonical\" href=\"https:\/\/www.fuertehoteles.com\/fr\/hotel-fuerte-grazalema\/day-pass\/\" \/>\n<meta property=\"og:locale\" content=\"fr_FR\" \/>\n<meta property=\"og:type\" content=\"article\" \/>\n<meta property=\"og:title\" content=\"Day Pass Hotel Fuerte Grazalema : piscine &amp; vues\" \/>\n<meta property=\"og:description\" content=\"D\u00e9tendez-vous avec un day pass \u00e0 l\u2019Hotel Fuerte Grazalema. Piscine, vues sur la montagne et cadre paisible en Sierra de Grazalema.\" \/>\n<meta property=\"og:url\" content=\"https:\/\/www.fuertehoteles.com\/fr\/hotel-fuerte-grazalema\/day-pass\/\" \/>\n<meta property=\"og:site_name\" content=\"Fuerte Hoteles\" \/>\n<meta property=\"article:publisher\" content=\"https:\/\/www.facebook.com\/HotelesFuerte\" \/>\n<meta property=\"article:modified_time\" content=\"2026-04-23T14:12:06+00:00\" \/>\n<meta name=\"twitter:card\" content=\"summary_large_image\" \/>\n<meta name=\"twitter:site\" content=\"@fuertehoteles\" \/>\n<meta name=\"twitter:label1\" content=\"Dur\u00e9e de lecture estim\u00e9e\" \/>\n\t<meta name=\"twitter:data1\" content=\"3 minutes\" \/>\n<script type=\"application\/ld+json\" class=\"yoast-schema-graph\">{\"@context\":\"https:\/\/schema.org\",\"@graph\":[{\"@type\":\"WebPage\",\"@id\":\"https:\/\/www.fuertehoteles.com\/fr\/hotel-fuerte-grazalema\/day-pass\/\",\"url\":\"https:\/\/www.fuertehoteles.com\/fr\/hotel-fuerte-grazalema\/day-pass\/\",\"name\":\"Day Pass Hotel Fuerte Grazalema : piscine & vues\",\"isPartOf\":{\"@id\":\"https:\/\/www.fuertehoteles.com\/#website\"},\"datePublished\":\"2026-04-14T07:30:25+00:00\",\"dateModified\":\"2026-04-23T14:12:06+00:00\",\"description\":\"D\u00e9tendez-vous avec un day pass \u00e0 l\u2019Hotel Fuerte Grazalema. Piscine, vues sur la montagne et cadre paisible en Sierra de Grazalema.\",\"breadcrumb\":{\"@id\":\"https:\/\/www.fuertehoteles.com\/fr\/hotel-fuerte-grazalema\/day-pass\/#breadcrumb\"},\"inLanguage\":\"fr-FR\",\"potentialAction\":[{\"@type\":\"ReadAction\",\"target\":[\"https:\/\/www.fuertehoteles.com\/fr\/hotel-fuerte-grazalema\/day-pass\/\"]}]},{\"@type\":\"BreadcrumbList\",\"@id\":\"https:\/\/www.fuertehoteles.com\/fr\/hotel-fuerte-grazalema\/day-pass\/#breadcrumb\",\"itemListElement\":[{\"@type\":\"ListItem\",\"position\":1,\"name\":\"Portada\",\"item\":\"https:\/\/www.fuertehoteles.com\/fr\/\"},{\"@type\":\"ListItem\",\"position\":2,\"name\":\"Fuerte Grazalema\",\"item\":\"https:\/\/www.fuertehoteles.com\/fr\/hotel-fuerte-grazalema\/\"},{\"@type\":\"ListItem\",\"position\":3,\"name\":\"Day Pass\"}]},{\"@type\":\"WebSite\",\"@id\":\"https:\/\/www.fuertehoteles.com\/#website\",\"url\":\"https:\/\/www.fuertehoteles.com\/\",\"name\":\"Fuerte Hoteles\",\"description\":\"\",\"publisher\":{\"@id\":\"https:\/\/www.fuertehoteles.com\/#organization\"},\"potentialAction\":[{\"@type\":\"SearchAction\",\"target\":{\"@type\":\"EntryPoint\",\"urlTemplate\":\"https:\/\/www.fuertehoteles.com\/?s={search_term_string}\"},\"query-input\":\"required name=search_term_string\"}],\"inLanguage\":\"fr-FR\"},{\"@type\":\"Organization\",\"@id\":\"https:\/\/www.fuertehoteles.com\/#organization\",\"name\":\"Fuerte Hoteles\",\"url\":\"https:\/\/www.fuertehoteles.com\/\",\"logo\":{\"@type\":\"ImageObject\",\"inLanguage\":\"fr-FR\",\"@id\":\"https:\/\/www.fuertehoteles.com\/#\/schema\/logo\/image\/\",\"url\":\"https:\/\/www.fuertehoteles.com\/wp-content\/uploads\/2022\/09\/logo-ffhh-1.jpg\",\"contentUrl\":\"https:\/\/www.fuertehoteles.com\/wp-content\/uploads\/2022\/09\/logo-ffhh-1.jpg\",\"width\":500,\"height\":500,\"caption\":\"Fuerte Hoteles\"},\"image\":{\"@id\":\"https:\/\/www.fuertehoteles.com\/#\/schema\/logo\/image\/\"},\"sameAs\":[\"https:\/\/www.facebook.com\/HotelesFuerte\",\"https:\/\/twitter.com\/fuertehoteles\",\"https:\/\/www.instagram.com\/fuertehoteles\/\",\"https:\/\/www.linkedin.com\/company\/fuerte-hoteles\/\",\"https:\/\/www.youtube.com\/user\/fuertehoteles\",\"https:\/\/en.wikipedia.org\/wiki\/Fuerte_Hotels\"]}]}<\/script>\n<!-- \/ Yoast SEO plugin. -->","yoast_head_json":{"title":"Day Pass Hotel Fuerte Grazalema : piscine & vues","description":"D\u00e9tendez-vous avec un day pass \u00e0 l\u2019Hotel Fuerte Grazalema. Piscine, vues sur la montagne et cadre paisible en Sierra de Grazalema.","robots":{"index":"index","follow":"follow","max-snippet":"max-snippet:-1","max-image-preview":"max-image-preview:large","max-video-preview":"max-video-preview:-1"},"canonical":"https:\/\/www.fuertehoteles.com\/fr\/hotel-fuerte-grazalema\/day-pass\/","og_locale":"fr_FR","og_type":"article","og_title":"Day Pass Hotel Fuerte Grazalema : piscine & vues","og_description":"D\u00e9tendez-vous avec un day pass \u00e0 l\u2019Hotel Fuerte Grazalema. Piscine, vues sur la montagne et cadre paisible en Sierra de Grazalema.","og_url":"https:\/\/www.fuertehoteles.com\/fr\/hotel-fuerte-grazalema\/day-pass\/","og_site_name":"Fuerte Hoteles","article_publisher":"https:\/\/www.facebook.com\/HotelesFuerte","article_modified_time":"2026-04-23T14:12:06+00:00","twitter_card":"summary_large_image","twitter_site":"@fuertehoteles","twitter_misc":{"Dur\u00e9e de lecture estim\u00e9e":"3 minutes"},"schema":{"@context":"https:\/\/schema.org","@graph":[{"@type":"WebPage","@id":"https:\/\/www.fuertehoteles.com\/fr\/hotel-fuerte-grazalema\/day-pass\/","url":"https:\/\/www.fuertehoteles.com\/fr\/hotel-fuerte-grazalema\/day-pass\/","name":"Day Pass Hotel Fuerte Grazalema : piscine & vues","isPartOf":{"@id":"https:\/\/www.fuertehoteles.com\/#website"},"datePublished":"2026-04-14T07:30:25+00:00","dateModified":"2026-04-23T14:12:06+00:00","description":"D\u00e9tendez-vous avec un day pass \u00e0 l\u2019Hotel Fuerte Grazalema. Piscine, vues sur la montagne et cadre paisible en Sierra de Grazalema.","breadcrumb":{"@id":"https:\/\/www.fuertehoteles.com\/fr\/hotel-fuerte-grazalema\/day-pass\/#breadcrumb"},"inLanguage":"fr-FR","potentialAction":[{"@type":"ReadAction","target":["https:\/\/www.fuertehoteles.com\/fr\/hotel-fuerte-grazalema\/day-pass\/"]}]},{"@type":"BreadcrumbList","@id":"https:\/\/www.fuertehoteles.com\/fr\/hotel-fuerte-grazalema\/day-pass\/#breadcrumb","itemListElement":[{"@type":"ListItem","position":1,"name":"Portada","item":"https:\/\/www.fuertehoteles.com\/fr\/"},{"@type":"ListItem","position":2,"name":"Fuerte Grazalema","item":"https:\/\/www.fuertehoteles.com\/fr\/hotel-fuerte-grazalema\/"},{"@type":"ListItem","position":3,"name":"Day Pass"}]},{"@type":"WebSite","@id":"https:\/\/www.fuertehoteles.com\/#website","url":"https:\/\/www.fuertehoteles.com\/","name":"Fuerte Hoteles","description":"","publisher":{"@id":"https:\/\/www.fuertehoteles.com\/#organization"},"potentialAction":[{"@type":"SearchAction","target":{"@type":"EntryPoint","urlTemplate":"https:\/\/www.fuertehoteles.com\/?s={search_term_string}"},"query-input":"required name=search_term_string"}],"inLanguage":"fr-FR"},{"@type":"Organization","@id":"https:\/\/www.fuertehoteles.com\/#organization","name":"Fuerte Hoteles","url":"https:\/\/www.fuertehoteles.com\/","logo":{"@type":"ImageObject","inLanguage":"fr-FR","@id":"https:\/\/www.fuertehoteles.com\/#\/schema\/logo\/image\/","url":"https:\/\/www.fuertehoteles.com\/wp-content\/uploads\/2022\/09\/logo-ffhh-1.jpg","contentUrl":"https:\/\/www.fuertehoteles.com\/wp-content\/uploads\/2022\/09\/logo-ffhh-1.jpg","width":500,"height":500,"caption":"Fuerte Hoteles"},"image":{"@id":"https:\/\/www.fuertehoteles.com\/#\/schema\/logo\/image\/"},"sameAs":["https:\/\/www.facebook.com\/HotelesFuerte","https:\/\/twitter.com\/fuertehoteles","https:\/\/www.instagram.com\/fuertehoteles\/","https:\/\/www.linkedin.com\/company\/fuerte-hoteles\/","https:\/\/www.youtube.com\/user\/fuertehoteles","https:\/\/en.wikipedia.org\/wiki\/Fuerte_Hotels"]}]}},"_links":{"self":[{"href":"https:\/\/www.fuertehoteles.com\/fr\/wp-json\/wp\/v2\/pages\/157636","targetHints":{"allow":["GET"]}}],"collection":[{"href":"https:\/\/www.fuertehoteles.com\/fr\/wp-json\/wp\/v2\/pages"}],"about":[{"href":"https:\/\/www.fuertehoteles.com\/fr\/wp-json\/wp\/v2\/types\/page"}],"author":[{"embeddable":true,"href":"https:\/\/www.fuertehoteles.com\/fr\/wp-json\/wp\/v2\/users\/2"}],"replies":[{"embeddable":true,"href":"https:\/\/www.fuertehoteles.com\/fr\/wp-json\/wp\/v2\/comments?post=157636"}],"version-history":[{"count":5,"href":"https:\/\/www.fuertehoteles.com\/fr\/wp-json\/wp\/v2\/pages\/157636\/revisions"}],"predecessor-version":[{"id":157739,"href":"https:\/\/www.fuertehoteles.com\/fr\/wp-json\/wp\/v2\/pages\/157636\/revisions\/157739"}],"up":[{"embeddable":true,"href":"https:\/\/www.fuertehoteles.com\/fr\/wp-json\/wp\/v2\/pages\/4359"}],"wp:attachment":[{"href":"https:\/\/www.fuertehoteles.com\/fr\/wp-json\/wp\/v2\/media?parent=157636"}],"curies":[{"name":"wp","href":"https:\/\/api.w.org\/{rel}","templated":true}]}}