{"id":4232,"date":"2021-11-26T12:07:11","date_gmt":"2021-11-26T11:07:11","guid":{"rendered":"https:\/\/www.fuertehoteles.com\/nuestros-destinos\/"},"modified":"2022-08-29T10:22:32","modified_gmt":"2022-08-29T08:22:32","slug":"destinations","status":"publish","type":"page","link":"https:\/\/www.fuertehoteles.com\/fr\/destinations\/","title":{"rendered":"Nos Destinations"},"content":{"rendered":"[vc_row full_width=\u00a0\u00bbstretch_row_content_no_spaces\u00a0\u00bb content_placement=\u00a0\u00bbtop\u00a0\u00bb el_class=\u00a0\u00bbfh-destinations-header\u00a0\u00bb][vc_column][vc_single_image image=\u00a0\u00bb1498&Prime; img_size=\u00a0\u00bbfull\u00a0\u00bb alignment=\u00a0\u00bbcenter\u00a0\u00bb el_class=\u00a0\u00bbfh-destinations-header-image\u00a0\u00bb][vc_single_image image=\u00a0\u00bb1494&Prime; img_size=\u00a0\u00bbfull\u00a0\u00bb alignment=\u00a0\u00bbcenter\u00a0\u00bb el_class=\u00a0\u00bbfh-destinations-header-image only-mobile\u00a0\u00bb][vc_column_text el_class=\u00a0\u00bbfh-destinations-header-name\u00a0\u00bb]\n<h3><span class=\"\">Nos destinations<\/span><\/h3>\n[\/vc_column_text][vc_column_text el_class=\u00a0\u00bbfh-destinations-header-booking-mask\u00a0\u00bb]\n<div class=\"buscador-reservas-horizontal\"><span class=\"fh-hotel-header-booking-mask-text\">Reservar<\/span><\/div>\n[\/vc_column_text][\/vc_column][\/vc_row][vc_row full_width=\u00a0\u00bbstretch_row\u00a0\u00bb el_class=\u00a0\u00bbfh-destinations-intro\u00a0\u00bb][vc_column][vc_column_text el_class=\u00a0\u00bbfh-destinations-intro-supertitle\u00a0\u00bb]\n<p style=\"text-align: center;\">EMPLACEMENTS PRIVIL\u00c9GI\u00c9S<\/p>\n[\/vc_column_text][vc_column_text el_class=\u00a0\u00bbfh-destinations-intro-title\u00a0\u00bb]\n<h1 style=\"text-align: center;\">LES MEILLEURES DESTINATIONS TOURISTIQUES EN <span class=\"fh-home-intro-title\">ANDALOUSIE<\/span><\/h1>\n[\/vc_column_text][vc_column_text]\n<p style=\"text-align: center;\">Soleil, plage, nature, gastronomie vari\u00e9e appr\u00e9ci\u00e9e dans le monde entier et caract\u00e8re ouvert et joyeux des Andalous : voici quelques-unes des principales raisons de visiter les diff\u00e9rentes destinations de Fuerte Hoteles, <strong>un v\u00e9ritable paradis pour vos vacances en Andalousie<\/strong>.<\/p>\n<p style=\"text-align: center;\">Fuerte Hoteles surprend avec ses sites exceptionnels et c\u2019est pourquoi <strong>nous vous invitons<\/strong> \u00e0 d\u00e9couvrir nos destinations, o\u00f9 nous vous offrons une exp\u00e9rience de vacances sur mesure, que vous veniez en famille, en couple ou en groupe.<\/p>\n[\/vc_column_text][\/vc_column][\/vc_row][vc_section full_width=\u00a0\u00bbstretch_row\u00a0\u00bb css=\u00a0\u00bb.vc_custom_1639646770597{background-image: url(https:\/\/www.fuertehoteles.com\/wp-content\/uploads\/2021\/11\/multi-purpose-2.jpg?id=2112) !important;background-position: center !important;background-repeat: no-repeat !important;background-size: cover !important;}\u00a0\u00bb el_class=\u00a0\u00bbfh-destinations-section-hotels-map-select-hotel\u00a0\u00bb][vc_row full_width=\u00a0\u00bbstretch_row_content_no_spaces\u00a0\u00bb el_class=\u00a0\u00bbfh-destinations-row-hotels-map\u00a0\u00bb][vc_column offset=\u00a0\u00bbvc_hidden-xs\u00a0\u00bb][vc_column_text]\n<div class=\"fh-destinations-hotels-map\"><img decoding=\"async\" class=\"fh-map-large-desktop alignnone size-full wp-image-119182\" src=\"https:\/\/www.fuertehoteles.com\/wp-content\/uploads\/2021\/12\/fh-map-lg-fr.png\" alt=\"\" \/><img decoding=\"async\" class=\"fh-map-normal-desktop alignnone size-full wp-image-119182\" src=\"https:\/\/www.fuertehoteles.com\/wp-content\/uploads\/2021\/12\/fh-map-fr.png\" alt=\"\" \/><span class=\"marker fh-fer\"><a href=\"https:\/\/www.fuertehoteles.com\/fr\/hotel\/fuerte-rompido-cartaya\/lhotel\/\">El Rompido<svg id=\"Capa_2\" data-name=\"Capa 2\" xmlns=\"http:\/\/www.w3.org\/2000\/svg\" viewBox=\"0 0 196.46 190\"><defs><style>.cls-1{fill:#1d1d1b;}<\/style><\/defs><title>splendid<\/title><path class=\"cls-1\" d=\"M129.25,91.84c-10.1-3.15-17.16-6-22.24-9.08a40.37,40.37,0,0,1-22-36c0-1.2.06-2.5.2-4v-.4l-3.87-1.3-.21.33A41.28,41.28,0,0,0,75,63.66c0,26,16.47,36.16,46.85,45.78,17.44,5.5,26.63,10.3,31.75,16.58a34.14,34.14,0,0,1,10.52,24.46,33.13,33.13,0,0,1-3.65,14.8,41.82,41.82,0,0,1-7.69,8.78,33.47,33.47,0,0,1-23.52,9.77c-1.07,0-2.14-.07-3.2-.18l-.91-.1c-17.32-2.17-30.39-17.65-30.39-36a38.49,38.49,0,0,1,.62-6.52l.13-.76-.75.19a40.34,40.34,0,0,1-10.25,1.29,41,41,0,0,1-8.7-1l-.74-.16.14.74v.19a2,2,0,0,0,0,.35c2.17,25.51,16.88,42.09,41.41,46.71A45.3,45.3,0,0,0,127.35,190a50.06,50.06,0,0,0,7.43-.59h0l.47-.06c27.46-3.34,43.86-20.87,43.86-46.89C179.12,120.52,170.75,104.38,129.25,91.84Z\"\/><path class=\"cls-1\" d=\"M196.3,104.43c-1.55-19.53-10.08-33.29-47.79-41.49-11.3-2.58-18.48-5.09-23.31-8.16-8.77-4.42-14.44-12.47-15.15-21.52a3,3,0,0,1,0-.6V31c0-13.72,13-24.89,29-24.89s29,11.17,29,24.89c0,.79-.07,1.55-.13,2.19l-.07.65.65-.11a23.18,23.18,0,0,1,4.16-.4,22.52,22.52,0,0,1,7.58,1.28l.75.26-.1-1v-.4c-.95-12.43-7.29-22.08-17.82-27.13a45,45,0,0,0-23-6.37,43.23,43.23,0,0,0-27.59,10.09C102.32,17.63,97.31,29,98.35,42.15c1.83,23.14,17.15,31,44.77,37.39,14.65,3.37,23,6.77,28.06,11.4a39.36,39.36,0,0,1,13.57,40.19l-.1.4,3.72,1.78.25-.32C194.5,125.25,197.17,115.37,196.3,104.43Z\"\/><rect class=\"cls-1\" y=\"11.6\" width=\"10.84\" height=\"167.06\"\/><\/svg><\/a><\/span><span class=\"marker fh-fm\"><a href=\"https:\/\/www.fuertehoteles.com\/fr\/hotel\/fuerte-marbella\/lhotel\/\">Marbella<\/a><\/span><span class=\"marker fh-fccl\"><a href=\"https:\/\/www.fuertehoteles.com\/fr\/hotel\/resort-fuerte-conil-costaluz\/lhotel\/\">Conil<svg id=\"Capa_2\" data-name=\"Capa 2\" xmlns=\"http:\/\/www.w3.org\/2000\/svg\" viewBox=\"0 0 196.46 190\"><defs><style>.cls-1{fill:#1d1d1b;}<\/style><\/defs><title>splendid<\/title><path class=\"cls-1\" d=\"M129.25,91.84c-10.1-3.15-17.16-6-22.24-9.08a40.37,40.37,0,0,1-22-36c0-1.2.06-2.5.2-4v-.4l-3.87-1.3-.21.33A41.28,41.28,0,0,0,75,63.66c0,26,16.47,36.16,46.85,45.78,17.44,5.5,26.63,10.3,31.75,16.58a34.14,34.14,0,0,1,10.52,24.46,33.13,33.13,0,0,1-3.65,14.8,41.82,41.82,0,0,1-7.69,8.78,33.47,33.47,0,0,1-23.52,9.77c-1.07,0-2.14-.07-3.2-.18l-.91-.1c-17.32-2.17-30.39-17.65-30.39-36a38.49,38.49,0,0,1,.62-6.52l.13-.76-.75.19a40.34,40.34,0,0,1-10.25,1.29,41,41,0,0,1-8.7-1l-.74-.16.14.74v.19a2,2,0,0,0,0,.35c2.17,25.51,16.88,42.09,41.41,46.71A45.3,45.3,0,0,0,127.35,190a50.06,50.06,0,0,0,7.43-.59h0l.47-.06c27.46-3.34,43.86-20.87,43.86-46.89C179.12,120.52,170.75,104.38,129.25,91.84Z\"\/><path class=\"cls-1\" d=\"M196.3,104.43c-1.55-19.53-10.08-33.29-47.79-41.49-11.3-2.58-18.48-5.09-23.31-8.16-8.77-4.42-14.44-12.47-15.15-21.52a3,3,0,0,1,0-.6V31c0-13.72,13-24.89,29-24.89s29,11.17,29,24.89c0,.79-.07,1.55-.13,2.19l-.07.65.65-.11a23.18,23.18,0,0,1,4.16-.4,22.52,22.52,0,0,1,7.58,1.28l.75.26-.1-1v-.4c-.95-12.43-7.29-22.08-17.82-27.13a45,45,0,0,0-23-6.37,43.23,43.23,0,0,0-27.59,10.09C102.32,17.63,97.31,29,98.35,42.15c1.83,23.14,17.15,31,44.77,37.39,14.65,3.37,23,6.77,28.06,11.4a39.36,39.36,0,0,1,13.57,40.19l-.1.4,3.72,1.78.25-.32C194.5,125.25,197.17,115.37,196.3,104.43Z\"\/><rect class=\"cls-1\" y=\"11.6\" width=\"10.84\" height=\"167.06\"\/><\/svg><\/a><\/span><span class=\"marker fh-fg\"><a href=\"https:\/\/www.fuertehoteles.com\/fr\/hotel\/fuerte-grazalema\/lhotel\/\">Grazalema<\/a><\/span><\/div>\n[\/vc_column_text][\/vc_column][\/vc_row][\/vc_section][vc_section full_width=\u00a0\u00bbstretch_row\u00a0\u00bb el_class=\u00a0\u00bb.fh-destinations-select-destination\u00a0\u00bb][vc_row gap=\u00a0\u00bb10&Prime; equal_height=\u00a0\u00bbyes\u00a0\u00bb][vc_column width=\u00a0\u00bb1\/2&Prime; url=\u00a0\u00bburl:https%3A%2F%2Fwww.fuertehoteles.com%2Ffr%2Fdestinations-de-vacances%2Fvacances-a-marbella%2F|||\u00a0\u00bb css=\u00a0\u00bb.vc_custom_1639646510198{background-image: url(https:\/\/www.fuertehoteles.com\/wp-content\/uploads\/2021\/11\/destination-marbella.jpg?id=1486) !important;background-position: center !important;background-repeat: no-repeat !important;background-size: cover !important;}\u00a0\u00bb el_class=\u00a0\u00bbfh-destinations-home-hotel destination\u00a0\u00bb][vc_column_text]\n<h2>Marbella<\/h2>\n<hr \/>\n<p>Marbella est un paradis pour les amateurs de plage et de glamour, mais nous ne pouvons pas oublier de mentionner son quartier historique et la c\u00e9l\u00e8bre Plaza de los Naranjos.[\/vc_column_text][\/vc_column][vc_column width=\u00a0\u00bb1\/2&Prime; url=\u00a0\u00bburl:https%3A%2F%2Fwww.fuertehoteles.com%2Ffr%2Fdestinations-de-vacances%2Fvacances-a-conil%2F|||\u00a0\u00bb css=\u00a0\u00bb.vc_custom_1639646524908{background-image: url(https:\/\/www.fuertehoteles.com\/wp-content\/uploads\/2021\/11\/destination-conil-2.jpg?id=1478) !important;background-position: center !important;background-repeat: no-repeat !important;background-size: cover !important;}\u00a0\u00bb el_class=\u00a0\u00bbfh-destinations-home-hotel destination\u00a0\u00bb][vc_column_text el_class=\u00a0\u00bbfh-destinations-home-hotel\u00a0\u00bb]\n<h2>Conil<\/h2>\n<hr \/>\n<p>Le plus grand attrait touristique de Conil de la Frontera c\u2019est ses 14 kilom\u00e8tres de longues plages de sable dor\u00e9 et eaux cristallines, r\u00e9partis sur 6 sites diff\u00e9rents.[\/vc_column_text][\/vc_column][\/vc_row][vc_row gap=\u00a0\u00bb10&Prime; equal_height=\u00a0\u00bbyes\u00a0\u00bb][vc_column width=\u00a0\u00bb1\/2&Prime; url=\u00a0\u00bburl:https%3A%2F%2Fwww.fuertehoteles.com%2Ffr%2Fdestinations-de-vacances%2Fvacances-el-rompido%2F|||\u00a0\u00bb css=\u00a0\u00bb.vc_custom_1639646540236{background-image: url(https:\/\/www.fuertehoteles.com\/wp-content\/uploads\/2021\/11\/destination-rompido.jpg?id=1490) !important;background-position: center !important;background-repeat: no-repeat !important;background-size: cover !important;}\u00a0\u00bb el_class=\u00a0\u00bbfh-destinations-home-hotel destination\u00a0\u00bb][vc_column_text]\n<h2>El Rompido<\/h2>\n<hr \/>\n<p>Situ\u00e9e dans la province de Huelva sur la c\u00f4te la plus \u00e0 l\u2019ouest d\u2019Andalousie, El Rompido est l\u2019une des localit\u00e9s les plus calmes et naturelles de la Costa de la Luz.[\/vc_column_text][\/vc_column][vc_column width=\u00a0\u00bb1\/2&Prime; url=\u00a0\u00bburl:https%3A%2F%2Fwww.fuertehoteles.com%2Ffr%2Fdestinations-de-vacances%2Fvacances-grazalema%2F|||\u00a0\u00bb css=\u00a0\u00bb.vc_custom_1639646554828{background-image: url(https:\/\/www.fuertehoteles.com\/wp-content\/uploads\/2021\/11\/destination-grazalema-2-1.jpg?id=1482) !important;background-position: center !important;background-repeat: no-repeat !important;background-size: cover !important;}\u00a0\u00bb el_class=\u00a0\u00bbfh-destinations-home-hotel destination\u00a0\u00bb][vc_column_text]\n<h2>Grazalema<\/h2>\n<hr \/>\n<p>En plus de sa valeur environnementale, ce site jouit d\u2019une \u00e9norme tradition et cultureet o\u00f9 d\u00e9couvrir certains des plus beaux villages blancs d\u2019Andalousie.[\/vc_column_text][\/vc_column][\/vc_row][\/vc_section][vc_section full_width=\u00a0\u00bbstretch_row\u00a0\u00bb css=\u00a0\u00bb.vc_custom_1610709195945{background-image: url(https:\/\/www.fuertehoteles.com\/wp-content\/uploads\/2019\/07\/multi-purpose.jpg?id=116794) !important;background-position: center !important;background-repeat: no-repeat !important;background-size: cover !important;}\u00a0\u00bb][vc_row css=\u00a0\u00bb.vc_custom_1610709020497{background-position: center !important;background-repeat: no-repeat !important;background-size: cover !important;}\u00a0\u00bb el_class=\u00a0\u00bbfh-destinations-row-content\u00a0\u00bb][vc_column][vc_row_inner equal_height=\u00a0\u00bbyes\u00a0\u00bb][vc_column_inner el_class=\u00a0\u00bbfh-destinations-home-destination-text\u00a0\u00bb width=\u00a0\u00bb1\/2&Prime;][vc_column_text el_class=\u00a0\u00bbfh-destinations-content-text\u00a0\u00bb]\n<h3><a href=\"https:\/\/www.fuertehoteles.com\/fr\/destinations-de-vacances\/vacances-a-marbella\/\">Marbella<\/a> (M\u00e1laga)<\/h3>\n<h4>La capitale du glamour<\/h4>\n<p>Marbella est un monde \u00e0 part au sein de la Costa del Sol, une ville qui est synonyme de luxe, de d\u00e9tente, de golf, de magnifiques plages et d\u2019une succulente gastronomie. Marbella allie \u00e0 la perfection modernit\u00e9 et tradition\u2009; les jardins subtropicaux luxuriants et les plages de sable fin c\u00f4toient le glamour de Puerto Ban\u00fas et de son Triangle d\u2019or. Marbella n\u2019est pas une destination cinq \u00e9toiles sans raison[\/vc_column_text][\/vc_column_inner][vc_column_inner el_class=\u00a0\u00bbfh-destinations-home-destination-text\u00a0\u00bb width=\u00a0\u00bb1\/2&Prime;][vc_column_text el_class=\u00a0\u00bbfh-destinations-content-text\u00a0\u00bb]\n<h3><a href=\"https:\/\/www.fuertehoteles.com\/fr\/destinations-de-vacances\/vacances-a-conil\/\">Conil de la Frontera<\/a> (C\u00e1diz)<\/h3>\n<h4>Le sortil\u00e8ge andalou des villages blancs<\/h4>\n<p>Conil est un monde ouvert aussi bien aux sports nautiques qu\u2019\u00e0 la d\u00e9tente en d\u00e9gustant un pesca\u00edto frito (friture) des fruits de mer et du vin de X\u00e9r\u00e8s sur des plages aussi c\u00e9l\u00e8bres que celle de La Fontanilla, o\u00f9 les visiteurs attendent le cr\u00e9puscule pour applaudir l\u2019un des plus beaux couchers de soleil de la Costa de la Luz.[\/vc_column_text][\/vc_column_inner][\/vc_row_inner][vc_row_inner equal_height=\u00a0\u00bbyes\u00a0\u00bb][vc_column_inner el_class=\u00a0\u00bbfh-destinations-home-destination-text\u00a0\u00bb width=\u00a0\u00bb1\/2&Prime;][vc_column_text el_class=\u00a0\u00bbfh-destinations-content-text\u00a0\u00bb]\n<h3><a href=\"https:\/\/www.fuertehoteles.com\/fr\/destinations-de-vacances\/vacances-el-rompido\/\">El Rompido<\/a> (Huelva)<\/h3>\n<h4>La nature, le soleil et le calme \u00e0 l\u2019\u00e9tat pur<\/h4>\n<p>\u00c0 El Rompido, vous pouvez explorer les merveilles culturelles et naturelles de la Costa de la Luz, une r\u00e9gion \u00e0 d\u00e9couvrir, parfaite pour profiter d\u2019une partie de golf, d\u2019un coucher de soleil, d\u2019un soin Spa ou d\u2019un bon verre de vin en savourant la p\u00eache du jour.<\/p>\n<h3><\/h3>\n[\/vc_column_text][\/vc_column_inner][vc_column_inner el_class=\u00a0\u00bbfh-destinations-home-destination-text\u00a0\u00bb width=\u00a0\u00bb1\/2&Prime;][vc_column_text el_class=\u00a0\u00bbfh-destinations-content-text\u00a0\u00bb]\n<h3><a href=\"https:\/\/www.fuertehoteles.com\/fr\/destinations-de-vacances\/vacances-grazalema\/\">Grazalema<\/a> (C\u00e1diz)<\/h3>\n<h4>Le bijou blanc de Cadix.<\/h4>\n<p>Grazalema est le lieu id\u00e9al pour se d\u00e9tendre en contemplant la vue incroyable sur le parc naturel ou pour profiter de merveilleux itin\u00e9raires afin de faire du sport en plein air tout en respirant la nature dans toute sa splendeur.<\/p>\n<h3><\/h3>\n[\/vc_column_text][\/vc_column_inner][\/vc_row_inner][\/vc_column][\/vc_row][vc_row full_width=\u00a0\u00bbstretch_row\u00a0\u00bb el_class=\u00a0\u00bbfh-hotels-pre-footer\u00a0\u00bb][vc_column][vc_empty_space height=\u00a0\u00bb120px\u00a0\u00bb][\/vc_column][\/vc_row][\/vc_section]\n","protected":false},"excerpt":{"rendered":"<p>[vc_row full_width=\u00a0\u00bbstretch_row_content_no_spaces\u00a0\u00bb content_placement=\u00a0\u00bbtop\u00a0\u00bb el_class=\u00a0\u00bbfh-destinations-header\u00a0\u00bb][vc_column][vc_single_image image=\u00a0\u00bb1498&Prime; img_size=\u00a0\u00bbfull\u00a0\u00bb alignment=\u00a0\u00bbcenter\u00a0\u00bb el_class=\u00a0\u00bbfh-destinations-header-image\u00a0\u00bb][vc_single_image image=\u00a0\u00bb1494&Prime; img_size=\u00a0\u00bbfull\u00a0\u00bb alignment=\u00a0\u00bbcenter\u00a0\u00bb el_class=\u00a0\u00bbfh-destinations-header-image only-mobile\u00a0\u00bb][vc_column_text el_class=\u00a0\u00bbfh-destinations-header-name\u00a0\u00bb] Nos destinations [\/vc_column_text][vc_column_text el_class=\u00a0\u00bbfh-destinations-header-booking-mask\u00a0\u00bb] Reservar [\/vc_column_text][\/vc_column][\/vc_row][vc_row full_width=\u00a0\u00bbstretch_row\u00a0\u00bb el_class=\u00a0\u00bbfh-destinations-intro\u00a0\u00bb][vc_column][vc_column_text el_class=\u00a0\u00bbfh-destinations-intro-supertitle\u00a0\u00bb] EMPLACEMENTS PRIVIL\u00c9GI\u00c9S [\/vc_column_text][vc_column_text el_class=\u00a0\u00bbfh-destinations-intro-title\u00a0\u00bb] LES MEILLEURES DESTINATIONS TOURISTIQUES EN ANDALOUSIE [\/vc_column_text][vc_column_text] Soleil, plage, nature, gastronomie vari\u00e9e appr\u00e9ci\u00e9e dans le monde entier et caract\u00e8re ouvert et joyeux des Andalous : voici quelques-unes des<\/p>\n","protected":false},"author":6,"featured_media":0,"parent":0,"menu_order":0,"comment_status":"closed","ping_status":"closed","template":"templates\/destinations.php","meta":{"footnotes":""},"class_list":["post-4232","page","type-page","status-publish","hentry"],"yoast_head":"<!-- This site is optimized with the Yoast SEO plugin v22.4 - https:\/\/yoast.com\/wordpress\/plugins\/seo\/ -->\n<title>Destination touristique Andalousie, Vacances en Andalousie<\/title>\n<meta name=\"description\" content=\"Si vous cherchez les vacances parfaites, ne pas cherchez plus, Andalousie a tout pour vous offrir un logement deluxe. Destination touristique Andalousie.\" \/>\n<meta name=\"robots\" content=\"index, follow, max-snippet:-1, max-image-preview:large, max-video-preview:-1\" \/>\n<link rel=\"canonical\" href=\"https:\/\/www.fuertehoteles.com\/fr\/destinations\/\" \/>\n<meta property=\"og:locale\" content=\"fr_FR\" \/>\n<meta property=\"og:type\" content=\"article\" \/>\n<meta property=\"og:title\" content=\"Destination touristique Andalousie, Vacances en Andalousie\" \/>\n<meta property=\"og:description\" content=\"Si vous cherchez les vacances parfaites, ne pas cherchez plus, Andalousie a tout pour vous offrir un logement deluxe. Destination touristique Andalousie.\" \/>\n<meta property=\"og:url\" content=\"https:\/\/www.fuertehoteles.com\/fr\/destinations\/\" \/>\n<meta property=\"og:site_name\" content=\"Fuerte Hoteles\" \/>\n<meta property=\"article:publisher\" content=\"https:\/\/www.facebook.com\/HotelesFuerte\" \/>\n<meta property=\"article:modified_time\" content=\"2022-08-29T08:22:32+00:00\" \/>\n<meta property=\"og:image\" content=\"https:\/\/www.fuertehoteles.com\/wp-content\/uploads\/2021\/12\/fh-map-lg-fr.png\" \/>\n<meta name=\"twitter:card\" content=\"summary_large_image\" \/>\n<meta name=\"twitter:site\" content=\"@fuertehoteles\" \/>\n<meta name=\"twitter:label1\" content=\"Dur\u00e9e de lecture estim\u00e9e\" \/>\n\t<meta name=\"twitter:data1\" content=\"4 minutes\" \/>\n<script type=\"application\/ld+json\" class=\"yoast-schema-graph\">{\"@context\":\"https:\/\/schema.org\",\"@graph\":[{\"@type\":\"WebPage\",\"@id\":\"https:\/\/www.fuertehoteles.com\/fr\/destinations\/\",\"url\":\"https:\/\/www.fuertehoteles.com\/fr\/destinations\/\",\"name\":\"Destination touristique Andalousie, Vacances en Andalousie\",\"isPartOf\":{\"@id\":\"https:\/\/www.fuertehoteles.com\/#website\"},\"primaryImageOfPage\":{\"@id\":\"https:\/\/www.fuertehoteles.com\/fr\/destinations\/#primaryimage\"},\"image\":{\"@id\":\"https:\/\/www.fuertehoteles.com\/fr\/destinations\/#primaryimage\"},\"thumbnailUrl\":\"https:\/\/www.fuertehoteles.com\/wp-content\/uploads\/2021\/12\/fh-map-lg-fr.png\",\"datePublished\":\"2021-11-26T11:07:11+00:00\",\"dateModified\":\"2022-08-29T08:22:32+00:00\",\"description\":\"Si vous cherchez les vacances parfaites, ne pas cherchez plus, Andalousie a tout pour vous offrir un logement deluxe. Destination touristique Andalousie.\",\"breadcrumb\":{\"@id\":\"https:\/\/www.fuertehoteles.com\/fr\/destinations\/#breadcrumb\"},\"inLanguage\":\"fr-FR\",\"potentialAction\":[{\"@type\":\"ReadAction\",\"target\":[\"https:\/\/www.fuertehoteles.com\/fr\/destinations\/\"]}]},{\"@type\":\"ImageObject\",\"inLanguage\":\"fr-FR\",\"@id\":\"https:\/\/www.fuertehoteles.com\/fr\/destinations\/#primaryimage\",\"url\":\"https:\/\/www.fuertehoteles.com\/wp-content\/uploads\/2021\/12\/fh-map-lg-fr.png\",\"contentUrl\":\"https:\/\/www.fuertehoteles.com\/wp-content\/uploads\/2021\/12\/fh-map-lg-fr.png\"},{\"@type\":\"BreadcrumbList\",\"@id\":\"https:\/\/www.fuertehoteles.com\/fr\/destinations\/#breadcrumb\",\"itemListElement\":[{\"@type\":\"ListItem\",\"position\":1,\"name\":\"Portada\",\"item\":\"https:\/\/www.fuertehoteles.com\/fr\/\"},{\"@type\":\"ListItem\",\"position\":2,\"name\":\"Nos Destinations\"}]},{\"@type\":\"WebSite\",\"@id\":\"https:\/\/www.fuertehoteles.com\/#website\",\"url\":\"https:\/\/www.fuertehoteles.com\/\",\"name\":\"Fuerte Hoteles\",\"description\":\"\",\"publisher\":{\"@id\":\"https:\/\/www.fuertehoteles.com\/#organization\"},\"potentialAction\":[{\"@type\":\"SearchAction\",\"target\":{\"@type\":\"EntryPoint\",\"urlTemplate\":\"https:\/\/www.fuertehoteles.com\/?s={search_term_string}\"},\"query-input\":\"required name=search_term_string\"}],\"inLanguage\":\"fr-FR\"},{\"@type\":\"Organization\",\"@id\":\"https:\/\/www.fuertehoteles.com\/#organization\",\"name\":\"Fuerte Hoteles\",\"url\":\"https:\/\/www.fuertehoteles.com\/\",\"logo\":{\"@type\":\"ImageObject\",\"inLanguage\":\"fr-FR\",\"@id\":\"https:\/\/www.fuertehoteles.com\/#\/schema\/logo\/image\/\",\"url\":\"https:\/\/www.fuertehoteles.com\/wp-content\/uploads\/2022\/09\/logo-ffhh-1.jpg\",\"contentUrl\":\"https:\/\/www.fuertehoteles.com\/wp-content\/uploads\/2022\/09\/logo-ffhh-1.jpg\",\"width\":500,\"height\":500,\"caption\":\"Fuerte Hoteles\"},\"image\":{\"@id\":\"https:\/\/www.fuertehoteles.com\/#\/schema\/logo\/image\/\"},\"sameAs\":[\"https:\/\/www.facebook.com\/HotelesFuerte\",\"https:\/\/twitter.com\/fuertehoteles\",\"https:\/\/www.instagram.com\/fuertehoteles\/\",\"https:\/\/www.linkedin.com\/company\/fuerte-hoteles\/\",\"https:\/\/www.youtube.com\/user\/fuertehoteles\",\"https:\/\/en.wikipedia.org\/wiki\/Fuerte_Hotels\"]}]}<\/script>\n<!-- \/ Yoast SEO plugin. -->","yoast_head_json":{"title":"Destination touristique Andalousie, Vacances en Andalousie","description":"Si vous cherchez les vacances parfaites, ne pas cherchez plus, Andalousie a tout pour vous offrir un logement deluxe. Destination touristique Andalousie.","robots":{"index":"index","follow":"follow","max-snippet":"max-snippet:-1","max-image-preview":"max-image-preview:large","max-video-preview":"max-video-preview:-1"},"canonical":"https:\/\/www.fuertehoteles.com\/fr\/destinations\/","og_locale":"fr_FR","og_type":"article","og_title":"Destination touristique Andalousie, Vacances en Andalousie","og_description":"Si vous cherchez les vacances parfaites, ne pas cherchez plus, Andalousie a tout pour vous offrir un logement deluxe. Destination touristique Andalousie.","og_url":"https:\/\/www.fuertehoteles.com\/fr\/destinations\/","og_site_name":"Fuerte Hoteles","article_publisher":"https:\/\/www.facebook.com\/HotelesFuerte","article_modified_time":"2022-08-29T08:22:32+00:00","og_image":[{"url":"https:\/\/www.fuertehoteles.com\/wp-content\/uploads\/2021\/12\/fh-map-lg-fr.png"}],"twitter_card":"summary_large_image","twitter_site":"@fuertehoteles","twitter_misc":{"Dur\u00e9e de lecture estim\u00e9e":"4 minutes"},"schema":{"@context":"https:\/\/schema.org","@graph":[{"@type":"WebPage","@id":"https:\/\/www.fuertehoteles.com\/fr\/destinations\/","url":"https:\/\/www.fuertehoteles.com\/fr\/destinations\/","name":"Destination touristique Andalousie, Vacances en Andalousie","isPartOf":{"@id":"https:\/\/www.fuertehoteles.com\/#website"},"primaryImageOfPage":{"@id":"https:\/\/www.fuertehoteles.com\/fr\/destinations\/#primaryimage"},"image":{"@id":"https:\/\/www.fuertehoteles.com\/fr\/destinations\/#primaryimage"},"thumbnailUrl":"https:\/\/www.fuertehoteles.com\/wp-content\/uploads\/2021\/12\/fh-map-lg-fr.png","datePublished":"2021-11-26T11:07:11+00:00","dateModified":"2022-08-29T08:22:32+00:00","description":"Si vous cherchez les vacances parfaites, ne pas cherchez plus, Andalousie a tout pour vous offrir un logement deluxe. Destination touristique Andalousie.","breadcrumb":{"@id":"https:\/\/www.fuertehoteles.com\/fr\/destinations\/#breadcrumb"},"inLanguage":"fr-FR","potentialAction":[{"@type":"ReadAction","target":["https:\/\/www.fuertehoteles.com\/fr\/destinations\/"]}]},{"@type":"ImageObject","inLanguage":"fr-FR","@id":"https:\/\/www.fuertehoteles.com\/fr\/destinations\/#primaryimage","url":"https:\/\/www.fuertehoteles.com\/wp-content\/uploads\/2021\/12\/fh-map-lg-fr.png","contentUrl":"https:\/\/www.fuertehoteles.com\/wp-content\/uploads\/2021\/12\/fh-map-lg-fr.png"},{"@type":"BreadcrumbList","@id":"https:\/\/www.fuertehoteles.com\/fr\/destinations\/#breadcrumb","itemListElement":[{"@type":"ListItem","position":1,"name":"Portada","item":"https:\/\/www.fuertehoteles.com\/fr\/"},{"@type":"ListItem","position":2,"name":"Nos Destinations"}]},{"@type":"WebSite","@id":"https:\/\/www.fuertehoteles.com\/#website","url":"https:\/\/www.fuertehoteles.com\/","name":"Fuerte Hoteles","description":"","publisher":{"@id":"https:\/\/www.fuertehoteles.com\/#organization"},"potentialAction":[{"@type":"SearchAction","target":{"@type":"EntryPoint","urlTemplate":"https:\/\/www.fuertehoteles.com\/?s={search_term_string}"},"query-input":"required name=search_term_string"}],"inLanguage":"fr-FR"},{"@type":"Organization","@id":"https:\/\/www.fuertehoteles.com\/#organization","name":"Fuerte Hoteles","url":"https:\/\/www.fuertehoteles.com\/","logo":{"@type":"ImageObject","inLanguage":"fr-FR","@id":"https:\/\/www.fuertehoteles.com\/#\/schema\/logo\/image\/","url":"https:\/\/www.fuertehoteles.com\/wp-content\/uploads\/2022\/09\/logo-ffhh-1.jpg","contentUrl":"https:\/\/www.fuertehoteles.com\/wp-content\/uploads\/2022\/09\/logo-ffhh-1.jpg","width":500,"height":500,"caption":"Fuerte Hoteles"},"image":{"@id":"https:\/\/www.fuertehoteles.com\/#\/schema\/logo\/image\/"},"sameAs":["https:\/\/www.facebook.com\/HotelesFuerte","https:\/\/twitter.com\/fuertehoteles","https:\/\/www.instagram.com\/fuertehoteles\/","https:\/\/www.linkedin.com\/company\/fuerte-hoteles\/","https:\/\/www.youtube.com\/user\/fuertehoteles","https:\/\/en.wikipedia.org\/wiki\/Fuerte_Hotels"]}]}},"_links":{"self":[{"href":"https:\/\/www.fuertehoteles.com\/fr\/wp-json\/wp\/v2\/pages\/4232","targetHints":{"allow":["GET"]}}],"collection":[{"href":"https:\/\/www.fuertehoteles.com\/fr\/wp-json\/wp\/v2\/pages"}],"about":[{"href":"https:\/\/www.fuertehoteles.com\/fr\/wp-json\/wp\/v2\/types\/page"}],"author":[{"embeddable":true,"href":"https:\/\/www.fuertehoteles.com\/fr\/wp-json\/wp\/v2\/users\/6"}],"replies":[{"embeddable":true,"href":"https:\/\/www.fuertehoteles.com\/fr\/wp-json\/wp\/v2\/comments?post=4232"}],"version-history":[{"count":0,"href":"https:\/\/www.fuertehoteles.com\/fr\/wp-json\/wp\/v2\/pages\/4232\/revisions"}],"wp:attachment":[{"href":"https:\/\/www.fuertehoteles.com\/fr\/wp-json\/wp\/v2\/media?parent=4232"}],"curies":[{"name":"wp","href":"https:\/\/api.w.org\/{rel}","templated":true}]}}