{"id":4524,"date":"2021-11-26T14:26:32","date_gmt":"2021-11-26T13:26:32","guid":{"rendered":"https:\/\/www.fuertehoteles.com\/nos-destinations\/vacances-a-conil\/casco-antiguo\/"},"modified":"2021-12-20T14:32:37","modified_gmt":"2021-12-20T13:32:37","slug":"centre-historique","status":"publish","type":"page","link":"https:\/\/www.fuertehoteles.com\/fr\/destinations\/vacances-a-conil\/centre-historique\/","title":{"rendered":"Centre historique"},"content":{"rendered":"[vc_row][vc_column el_class=\u00a0\u00bbdestination-content\u00a0\u00bb][vc_column_text]\n<h1>Le centre historique de Conil de la Frontera<\/h1>\n<p>Conil de la Frontera en Espagne a bien plus \u00e0 offrir que la plage et la f\u00eate, <strong>ses ruelles renferment de nombreuses histoires \u00e0 travers ses anciennes tours et \u00e9glises<\/strong> qui s\u2019\u00e9l\u00e8vent sur l\u2019uniformit\u00e9 de ses typiques maisons blanches. Conil de la Frontera est un lieu id\u00e9al pour pratiquer le tourisme !<\/p>\n<p><strong>Points d\u2019int\u00e9r\u00eat <\/strong>: (Distances depuis l\u2019<a href=\"https:\/\/www.fuertehoteles.com\/fr\/hotel\/resort-fuerte-conil-costaluz\/lhotel\/\"><strong>h\u00f4tel Fuerte Conil-Resort<\/strong><\/a>)<\/p>\n<h3>Porte de la Ville (\u00e0 10 min \u00e0 pied)<\/h3>\n<p>L\u2019Arc de la Porte de la Ville donnait lieu \u00e0 l\u2019enceinte fortifi\u00e9e qui aujourd\u2019hui est devenue l\u2019un des lieux les plus embl\u00e9matiques de la ville ; c\u2019est en effet le pr\u00e9lude d\u2019un d\u00e9dale de ruelles \u00e9troites au trac\u00e9 m\u00e9di\u00e9val, o\u00f9 survivent encore les traditions ancestrales gaditanes.<\/p>\n<h3>\u00c9glise Santa Catalina (\u00e0 15 min \u00e0 pied)<\/h3>\n<p>Cette \u00e9glise originaire du XVIe si\u00e8cle et reconstruite au XIXe si\u00e8cle, offre une curieuse combinaison de styles. Actuellement, elle pr\u00e9side la place et les jardins qui portent son nom. Elle est \u00e0 pr\u00e9sent reconvertie en salle d\u2019expositions.<\/p>\n<h3>Torre (Tour) Guzm\u00e1n (\u00e0 15 min \u00e0 pied)<\/h3>\n<p>Symbole de Conil et partie essentielle de son blason ; il s\u2019agit l\u00e0 d\u2019une ancienne Tour du XIVe si\u00e8cle qui s\u2019\u00e9l\u00e8ve en plein c\u0153ur du village et qui fut construite sous Guzm\u00e1n El Bueno (Guzman Le Bon).<\/p>\n<h3>Puerta (Porte) de C\u00e1diz (a 15 min \u00e0 pie)<\/h3>\n<p>Populairement connue sous le nom de \u00ab Puerta Cai \u00bb ; elle occupait jadis une des quatre sorties et entr\u00e9es de l\u2019ancienne enceinte fortifi\u00e9e.<\/p>\n<h3>Port de p\u00eache (\u00e0 1h30 \u00e0 pied, 40 min en v\u00e9lo et \u00e0 10 min en voiture)<\/h3>\n<p>Dans le port de Conil, vous pourrez observer les bateaux utilis\u00e9s pour la p\u00eache au thon \u00e0 la madrague. Ne manquez pas d\u2019assister \u00e0 la vente aux ench\u00e8res des poissons.<\/p>\n<h3>Mus\u00e9e Municipal Ethnographique de Conil de la Frontera (15 min \u00e0 pied)<\/h3>\n<p>Un mus\u00e9e qui retrace l\u2019histoire, les coutumes et les traditions locales de la ville de Conil de la Frontera en Espagne.[\/vc_column_text][\/vc_column][\/vc_row]\n","protected":false},"excerpt":{"rendered":"<p>[vc_row][vc_column el_class=\u00a0\u00bbdestination-content\u00a0\u00bb][vc_column_text] Le centre historique de Conil de la Frontera Conil de la Frontera en Espagne a bien plus \u00e0 offrir que la plage et la f\u00eate, ses ruelles renferment de nombreuses histoires \u00e0 travers ses anciennes tours et \u00e9glises qui s\u2019\u00e9l\u00e8vent sur l\u2019uniformit\u00e9 de ses typiques maisons blanches. Conil de la Frontera est un<\/p>\n","protected":false},"author":6,"featured_media":1582,"parent":4515,"menu_order":0,"comment_status":"closed","ping_status":"closed","template":"templates\/destination-subpages.php","meta":{"footnotes":""},"class_list":["post-4524","page","type-page","status-publish","hentry"],"yoast_head":"<!-- This site is optimized with the Yoast SEO plugin v22.4 - https:\/\/yoast.com\/wordpress\/plugins\/seo\/ -->\n<title>Le Centre historique de Conil de la Frontera, Cadix<\/title>\n<meta name=\"description\" content=\"Visitez le centre historique de Conil de la Frontera en Espagne - ville blanche emprunte d&#039;histoire peupl\u00e9e de monuments rappelant ses origines musulmanes.\" \/>\n<meta name=\"robots\" content=\"index, follow, max-snippet:-1, max-image-preview:large, max-video-preview:-1\" \/>\n<link rel=\"canonical\" href=\"https:\/\/www.fuertehoteles.com\/fr\/destinations\/vacances-a-conil\/centre-historique\/\" \/>\n<meta property=\"og:locale\" content=\"fr_FR\" \/>\n<meta property=\"og:type\" content=\"article\" \/>\n<meta property=\"og:title\" content=\"Le Centre historique de Conil de la Frontera, Cadix\" \/>\n<meta property=\"og:description\" content=\"Visitez le centre historique de Conil de la Frontera en Espagne - ville blanche emprunte d&#039;histoire peupl\u00e9e de monuments rappelant ses origines musulmanes.\" \/>\n<meta property=\"og:url\" content=\"https:\/\/www.fuertehoteles.com\/fr\/destinations\/vacances-a-conil\/centre-historique\/\" \/>\n<meta property=\"og:site_name\" content=\"Fuerte Hoteles\" \/>\n<meta property=\"article:publisher\" content=\"https:\/\/www.facebook.com\/HotelesFuerte\" \/>\n<meta property=\"article:modified_time\" content=\"2021-12-20T13:32:37+00:00\" \/>\n<meta property=\"og:image\" content=\"https:\/\/www.fuertehoteles.com\/wp-content\/uploads\/2021\/11\/vista-casco-antiguo-conil.jpg\" \/>\n\t<meta property=\"og:image:width\" content=\"1920\" \/>\n\t<meta property=\"og:image:height\" content=\"540\" \/>\n\t<meta property=\"og:image:type\" content=\"image\/jpeg\" \/>\n<meta name=\"twitter:card\" content=\"summary_large_image\" \/>\n<meta name=\"twitter:site\" content=\"@fuertehoteles\" \/>\n<meta name=\"twitter:label1\" content=\"Dur\u00e9e de lecture estim\u00e9e\" \/>\n\t<meta name=\"twitter:data1\" content=\"2 minutes\" \/>\n<script type=\"application\/ld+json\" class=\"yoast-schema-graph\">{\"@context\":\"https:\/\/schema.org\",\"@graph\":[{\"@type\":\"WebPage\",\"@id\":\"https:\/\/www.fuertehoteles.com\/fr\/destinations\/vacances-a-conil\/centre-historique\/\",\"url\":\"https:\/\/www.fuertehoteles.com\/fr\/destinations\/vacances-a-conil\/centre-historique\/\",\"name\":\"Le Centre historique de Conil de la Frontera, Cadix\",\"isPartOf\":{\"@id\":\"https:\/\/www.fuertehoteles.com\/#website\"},\"primaryImageOfPage\":{\"@id\":\"https:\/\/www.fuertehoteles.com\/fr\/destinations\/vacances-a-conil\/centre-historique\/#primaryimage\"},\"image\":{\"@id\":\"https:\/\/www.fuertehoteles.com\/fr\/destinations\/vacances-a-conil\/centre-historique\/#primaryimage\"},\"thumbnailUrl\":\"https:\/\/www.fuertehoteles.com\/wp-content\/uploads\/2021\/11\/vista-casco-antiguo-conil.jpg\",\"datePublished\":\"2021-11-26T13:26:32+00:00\",\"dateModified\":\"2021-12-20T13:32:37+00:00\",\"description\":\"Visitez le centre historique de Conil de la Frontera en Espagne - ville blanche emprunte d'histoire peupl\u00e9e de monuments rappelant ses origines musulmanes.\",\"breadcrumb\":{\"@id\":\"https:\/\/www.fuertehoteles.com\/fr\/destinations\/vacances-a-conil\/centre-historique\/#breadcrumb\"},\"inLanguage\":\"fr-FR\",\"potentialAction\":[{\"@type\":\"ReadAction\",\"target\":[\"https:\/\/www.fuertehoteles.com\/fr\/destinations\/vacances-a-conil\/centre-historique\/\"]}]},{\"@type\":\"ImageObject\",\"inLanguage\":\"fr-FR\",\"@id\":\"https:\/\/www.fuertehoteles.com\/fr\/destinations\/vacances-a-conil\/centre-historique\/#primaryimage\",\"url\":\"https:\/\/www.fuertehoteles.com\/wp-content\/uploads\/2021\/11\/vista-casco-antiguo-conil.jpg\",\"contentUrl\":\"https:\/\/www.fuertehoteles.com\/wp-content\/uploads\/2021\/11\/vista-casco-antiguo-conil.jpg\",\"width\":1920,\"height\":540,\"caption\":\"Casco Antiguo de Conil\"},{\"@type\":\"BreadcrumbList\",\"@id\":\"https:\/\/www.fuertehoteles.com\/fr\/destinations\/vacances-a-conil\/centre-historique\/#breadcrumb\",\"itemListElement\":[{\"@type\":\"ListItem\",\"position\":1,\"name\":\"Portada\",\"item\":\"https:\/\/www.fuertehoteles.com\/fr\/\"},{\"@type\":\"ListItem\",\"position\":2,\"name\":\"Nos Destinations\",\"item\":\"https:\/\/www.fuertehoteles.com\/fr\/destinations\/\"},{\"@type\":\"ListItem\",\"position\":3,\"name\":\"Conil de la Frontera\",\"item\":\"https:\/\/www.fuertehoteles.com\/fr\/destinations\/vacances-a-conil\/\"},{\"@type\":\"ListItem\",\"position\":4,\"name\":\"Centre historique\"}]},{\"@type\":\"WebSite\",\"@id\":\"https:\/\/www.fuertehoteles.com\/#website\",\"url\":\"https:\/\/www.fuertehoteles.com\/\",\"name\":\"Fuerte Hoteles\",\"description\":\"\",\"publisher\":{\"@id\":\"https:\/\/www.fuertehoteles.com\/#organization\"},\"potentialAction\":[{\"@type\":\"SearchAction\",\"target\":{\"@type\":\"EntryPoint\",\"urlTemplate\":\"https:\/\/www.fuertehoteles.com\/?s={search_term_string}\"},\"query-input\":\"required name=search_term_string\"}],\"inLanguage\":\"fr-FR\"},{\"@type\":\"Organization\",\"@id\":\"https:\/\/www.fuertehoteles.com\/#organization\",\"name\":\"Fuerte Hoteles\",\"url\":\"https:\/\/www.fuertehoteles.com\/\",\"logo\":{\"@type\":\"ImageObject\",\"inLanguage\":\"fr-FR\",\"@id\":\"https:\/\/www.fuertehoteles.com\/#\/schema\/logo\/image\/\",\"url\":\"https:\/\/www.fuertehoteles.com\/wp-content\/uploads\/2022\/09\/logo-ffhh-1.jpg\",\"contentUrl\":\"https:\/\/www.fuertehoteles.com\/wp-content\/uploads\/2022\/09\/logo-ffhh-1.jpg\",\"width\":500,\"height\":500,\"caption\":\"Fuerte Hoteles\"},\"image\":{\"@id\":\"https:\/\/www.fuertehoteles.com\/#\/schema\/logo\/image\/\"},\"sameAs\":[\"https:\/\/www.facebook.com\/HotelesFuerte\",\"https:\/\/twitter.com\/fuertehoteles\",\"https:\/\/www.instagram.com\/fuertehoteles\/\",\"https:\/\/www.linkedin.com\/company\/fuerte-hoteles\/\",\"https:\/\/www.youtube.com\/user\/fuertehoteles\",\"https:\/\/en.wikipedia.org\/wiki\/Fuerte_Hotels\"]}]}<\/script>\n<!-- \/ Yoast SEO plugin. -->","yoast_head_json":{"title":"Le Centre historique de Conil de la Frontera, Cadix","description":"Visitez le centre historique de Conil de la Frontera en Espagne - ville blanche emprunte d'histoire peupl\u00e9e de monuments rappelant ses origines musulmanes.","robots":{"index":"index","follow":"follow","max-snippet":"max-snippet:-1","max-image-preview":"max-image-preview:large","max-video-preview":"max-video-preview:-1"},"canonical":"https:\/\/www.fuertehoteles.com\/fr\/destinations\/vacances-a-conil\/centre-historique\/","og_locale":"fr_FR","og_type":"article","og_title":"Le Centre historique de Conil de la Frontera, Cadix","og_description":"Visitez le centre historique de Conil de la Frontera en Espagne - ville blanche emprunte d'histoire peupl\u00e9e de monuments rappelant ses origines musulmanes.","og_url":"https:\/\/www.fuertehoteles.com\/fr\/destinations\/vacances-a-conil\/centre-historique\/","og_site_name":"Fuerte Hoteles","article_publisher":"https:\/\/www.facebook.com\/HotelesFuerte","article_modified_time":"2021-12-20T13:32:37+00:00","og_image":[{"width":1920,"height":540,"url":"https:\/\/www.fuertehoteles.com\/wp-content\/uploads\/2021\/11\/vista-casco-antiguo-conil.jpg","type":"image\/jpeg"}],"twitter_card":"summary_large_image","twitter_site":"@fuertehoteles","twitter_misc":{"Dur\u00e9e de lecture estim\u00e9e":"2 minutes"},"schema":{"@context":"https:\/\/schema.org","@graph":[{"@type":"WebPage","@id":"https:\/\/www.fuertehoteles.com\/fr\/destinations\/vacances-a-conil\/centre-historique\/","url":"https:\/\/www.fuertehoteles.com\/fr\/destinations\/vacances-a-conil\/centre-historique\/","name":"Le Centre historique de Conil de la Frontera, Cadix","isPartOf":{"@id":"https:\/\/www.fuertehoteles.com\/#website"},"primaryImageOfPage":{"@id":"https:\/\/www.fuertehoteles.com\/fr\/destinations\/vacances-a-conil\/centre-historique\/#primaryimage"},"image":{"@id":"https:\/\/www.fuertehoteles.com\/fr\/destinations\/vacances-a-conil\/centre-historique\/#primaryimage"},"thumbnailUrl":"https:\/\/www.fuertehoteles.com\/wp-content\/uploads\/2021\/11\/vista-casco-antiguo-conil.jpg","datePublished":"2021-11-26T13:26:32+00:00","dateModified":"2021-12-20T13:32:37+00:00","description":"Visitez le centre historique de Conil de la Frontera en Espagne - ville blanche emprunte d'histoire peupl\u00e9e de monuments rappelant ses origines musulmanes.","breadcrumb":{"@id":"https:\/\/www.fuertehoteles.com\/fr\/destinations\/vacances-a-conil\/centre-historique\/#breadcrumb"},"inLanguage":"fr-FR","potentialAction":[{"@type":"ReadAction","target":["https:\/\/www.fuertehoteles.com\/fr\/destinations\/vacances-a-conil\/centre-historique\/"]}]},{"@type":"ImageObject","inLanguage":"fr-FR","@id":"https:\/\/www.fuertehoteles.com\/fr\/destinations\/vacances-a-conil\/centre-historique\/#primaryimage","url":"https:\/\/www.fuertehoteles.com\/wp-content\/uploads\/2021\/11\/vista-casco-antiguo-conil.jpg","contentUrl":"https:\/\/www.fuertehoteles.com\/wp-content\/uploads\/2021\/11\/vista-casco-antiguo-conil.jpg","width":1920,"height":540,"caption":"Casco Antiguo de Conil"},{"@type":"BreadcrumbList","@id":"https:\/\/www.fuertehoteles.com\/fr\/destinations\/vacances-a-conil\/centre-historique\/#breadcrumb","itemListElement":[{"@type":"ListItem","position":1,"name":"Portada","item":"https:\/\/www.fuertehoteles.com\/fr\/"},{"@type":"ListItem","position":2,"name":"Nos Destinations","item":"https:\/\/www.fuertehoteles.com\/fr\/destinations\/"},{"@type":"ListItem","position":3,"name":"Conil de la Frontera","item":"https:\/\/www.fuertehoteles.com\/fr\/destinations\/vacances-a-conil\/"},{"@type":"ListItem","position":4,"name":"Centre historique"}]},{"@type":"WebSite","@id":"https:\/\/www.fuertehoteles.com\/#website","url":"https:\/\/www.fuertehoteles.com\/","name":"Fuerte Hoteles","description":"","publisher":{"@id":"https:\/\/www.fuertehoteles.com\/#organization"},"potentialAction":[{"@type":"SearchAction","target":{"@type":"EntryPoint","urlTemplate":"https:\/\/www.fuertehoteles.com\/?s={search_term_string}"},"query-input":"required name=search_term_string"}],"inLanguage":"fr-FR"},{"@type":"Organization","@id":"https:\/\/www.fuertehoteles.com\/#organization","name":"Fuerte Hoteles","url":"https:\/\/www.fuertehoteles.com\/","logo":{"@type":"ImageObject","inLanguage":"fr-FR","@id":"https:\/\/www.fuertehoteles.com\/#\/schema\/logo\/image\/","url":"https:\/\/www.fuertehoteles.com\/wp-content\/uploads\/2022\/09\/logo-ffhh-1.jpg","contentUrl":"https:\/\/www.fuertehoteles.com\/wp-content\/uploads\/2022\/09\/logo-ffhh-1.jpg","width":500,"height":500,"caption":"Fuerte Hoteles"},"image":{"@id":"https:\/\/www.fuertehoteles.com\/#\/schema\/logo\/image\/"},"sameAs":["https:\/\/www.facebook.com\/HotelesFuerte","https:\/\/twitter.com\/fuertehoteles","https:\/\/www.instagram.com\/fuertehoteles\/","https:\/\/www.linkedin.com\/company\/fuerte-hoteles\/","https:\/\/www.youtube.com\/user\/fuertehoteles","https:\/\/en.wikipedia.org\/wiki\/Fuerte_Hotels"]}]}},"_links":{"self":[{"href":"https:\/\/www.fuertehoteles.com\/fr\/wp-json\/wp\/v2\/pages\/4524","targetHints":{"allow":["GET"]}}],"collection":[{"href":"https:\/\/www.fuertehoteles.com\/fr\/wp-json\/wp\/v2\/pages"}],"about":[{"href":"https:\/\/www.fuertehoteles.com\/fr\/wp-json\/wp\/v2\/types\/page"}],"author":[{"embeddable":true,"href":"https:\/\/www.fuertehoteles.com\/fr\/wp-json\/wp\/v2\/users\/6"}],"replies":[{"embeddable":true,"href":"https:\/\/www.fuertehoteles.com\/fr\/wp-json\/wp\/v2\/comments?post=4524"}],"version-history":[{"count":0,"href":"https:\/\/www.fuertehoteles.com\/fr\/wp-json\/wp\/v2\/pages\/4524\/revisions"}],"up":[{"embeddable":true,"href":"https:\/\/www.fuertehoteles.com\/fr\/wp-json\/wp\/v2\/pages\/4515"}],"wp:featuredmedia":[{"embeddable":true,"href":"https:\/\/www.fuertehoteles.com\/fr\/wp-json\/wp\/v2\/media\/1582"}],"wp:attachment":[{"href":"https:\/\/www.fuertehoteles.com\/fr\/wp-json\/wp\/v2\/media?parent=4524"}],"curies":[{"name":"wp","href":"https:\/\/api.w.org\/{rel}","templated":true}]}}