{"id":4533,"date":"2021-11-26T14:29:14","date_gmt":"2021-11-26T13:29:14","guid":{"rendered":"https:\/\/www.fuertehoteles.com\/nos-destinations\/vacances-a-conil\/compras\/"},"modified":"2021-12-20T14:39:36","modified_gmt":"2021-12-20T13:39:36","slug":"achats","status":"publish","type":"page","link":"https:\/\/www.fuertehoteles.com\/fr\/destinations\/vacances-a-conil\/achats\/","title":{"rendered":"Achats"},"content":{"rendered":"[vc_row][vc_column el_class=\u00a0\u00bbdestination-content\u00a0\u00bb][vc_column_text]\n<h1>Les meilleurs achats \u00e0 Conil de la Frontera<\/h1>\n<h3>Centre de Conil (*\u00e0 15 min \u00e0 pied)<\/h3>\n<p>Le centre historique de Conil est une excellente option pour faire vos courses ; nous vous recommandons plus sp\u00e9cialement la boutique \u2018Caur\u2019 qui propose les produits typiques de la r\u00e9gion, comme le vin et le vinaigre de x\u00e9r\u00e8s.<\/p>\n<p>Vous pouvez \u00e9galement vous rendre au<strong> march\u00e9 de la semaine<\/strong> qui a lieu tous les vendredis sur le Parking \u2018Playa Los Bateles\u2019 ; un march\u00e9 de 150 stands parmi lesquels vous trouverez une grande vari\u00e9t\u00e9 de produits r\u00e9gionaux \u00e0 tr\u00e8s bon prix.<\/p>\n<h3>Centre Commercial Bahia Sur, San Fernando (*\u00e0 20 min en voiture)<\/h3>\n<p>Id\u00e9al pour le shopping, ce magnifique centre commercial offre un grand nombre de boutiques de tous types de marques de textiles, chaussures et accessoires de mode ; vous y trouverez les grandes enseignes de la mode, des boutiques de souvenirs et plusieurs endroits pour vous restaurer.<\/p>\n<h3>Centre de Cadix (*\u00e0 30 min en voiture)<\/h3>\n<p>La ville de Cadix, capitale de la province du m\u00eame nom, dispose d\u2019un centre commercial dans son centre historique, avec une vaste gamme de produits au go\u00fbt de chacun.<\/p>\n<p>(*Distances calcul\u00e9es depuis l\u2019<strong><a href=\"https:\/\/www.fuertehoteles.com\/fr\/hotel\/resort-fuerte-conil-costaluz\/lhotel\/\">h\u00f4tel Fuerte Conil\u2013Resort<\/a>)<\/strong>[\/vc_column_text][\/vc_column][\/vc_row]\n","protected":false},"excerpt":{"rendered":"<p>[vc_row][vc_column el_class=\u00a0\u00bbdestination-content\u00a0\u00bb][vc_column_text] Les meilleurs achats \u00e0 Conil de la Frontera Centre de Conil (*\u00e0 15 min \u00e0 pied) Le centre historique de Conil est une excellente option pour faire vos courses ; nous vous recommandons plus sp\u00e9cialement la boutique \u2018Caur\u2019 qui propose les produits typiques de la r\u00e9gion, comme le vin et le vinaigre de<\/p>\n","protected":false},"author":6,"featured_media":1586,"parent":4515,"menu_order":0,"comment_status":"closed","ping_status":"closed","template":"templates\/destination-subpages.php","meta":{"footnotes":""},"class_list":["post-4533","page","type-page","status-publish","hentry"],"yoast_head":"<!-- This site is optimized with the Yoast SEO plugin v22.4 - https:\/\/yoast.com\/wordpress\/plugins\/seo\/ -->\n<title>Les meilleurs achats \u00e0 Conil, Shopping Conil de la Frontera<\/title>\n<meta name=\"description\" content=\"Le centre de Conil est id\u00e9al pour le shopping - achetez \u00e9galement des produits locaux et visitez le march\u00e9 hebdomadaire. Les meilleurs achats \u00e0 Conil.\" \/>\n<meta name=\"robots\" content=\"index, follow, max-snippet:-1, max-image-preview:large, max-video-preview:-1\" \/>\n<link rel=\"canonical\" href=\"https:\/\/www.fuertehoteles.com\/fr\/destinations\/vacances-a-conil\/achats\/\" \/>\n<meta property=\"og:locale\" content=\"fr_FR\" \/>\n<meta property=\"og:type\" content=\"article\" \/>\n<meta property=\"og:title\" content=\"Les meilleurs achats \u00e0 Conil, Shopping Conil de la Frontera\" \/>\n<meta property=\"og:description\" content=\"Le centre de Conil est id\u00e9al pour le shopping - achetez \u00e9galement des produits locaux et visitez le march\u00e9 hebdomadaire. Les meilleurs achats \u00e0 Conil.\" \/>\n<meta property=\"og:url\" content=\"https:\/\/www.fuertehoteles.com\/fr\/destinations\/vacances-a-conil\/achats\/\" \/>\n<meta property=\"og:site_name\" content=\"Fuerte Hoteles\" \/>\n<meta property=\"article:publisher\" content=\"https:\/\/www.facebook.com\/HotelesFuerte\" \/>\n<meta property=\"article:modified_time\" content=\"2021-12-20T13:39:36+00:00\" \/>\n<meta property=\"og:image\" content=\"https:\/\/www.fuertehoteles.com\/wp-content\/uploads\/2021\/11\/tiendas-de-conil.jpg\" \/>\n\t<meta property=\"og:image:width\" content=\"1920\" \/>\n\t<meta property=\"og:image:height\" content=\"540\" \/>\n\t<meta property=\"og:image:type\" content=\"image\/jpeg\" \/>\n<meta name=\"twitter:card\" content=\"summary_large_image\" \/>\n<meta name=\"twitter:site\" content=\"@fuertehoteles\" \/>\n<meta name=\"twitter:label1\" content=\"Dur\u00e9e de lecture estim\u00e9e\" \/>\n\t<meta name=\"twitter:data1\" content=\"1 minute\" \/>\n<script type=\"application\/ld+json\" class=\"yoast-schema-graph\">{\"@context\":\"https:\/\/schema.org\",\"@graph\":[{\"@type\":\"WebPage\",\"@id\":\"https:\/\/www.fuertehoteles.com\/fr\/destinations\/vacances-a-conil\/achats\/\",\"url\":\"https:\/\/www.fuertehoteles.com\/fr\/destinations\/vacances-a-conil\/achats\/\",\"name\":\"Les meilleurs achats \u00e0 Conil, Shopping Conil de la Frontera\",\"isPartOf\":{\"@id\":\"https:\/\/www.fuertehoteles.com\/#website\"},\"primaryImageOfPage\":{\"@id\":\"https:\/\/www.fuertehoteles.com\/fr\/destinations\/vacances-a-conil\/achats\/#primaryimage\"},\"image\":{\"@id\":\"https:\/\/www.fuertehoteles.com\/fr\/destinations\/vacances-a-conil\/achats\/#primaryimage\"},\"thumbnailUrl\":\"https:\/\/www.fuertehoteles.com\/wp-content\/uploads\/2021\/11\/tiendas-de-conil.jpg\",\"datePublished\":\"2021-11-26T13:29:14+00:00\",\"dateModified\":\"2021-12-20T13:39:36+00:00\",\"description\":\"Le centre de Conil est id\u00e9al pour le shopping - achetez \u00e9galement des produits locaux et visitez le march\u00e9 hebdomadaire. Les meilleurs achats \u00e0 Conil.\",\"breadcrumb\":{\"@id\":\"https:\/\/www.fuertehoteles.com\/fr\/destinations\/vacances-a-conil\/achats\/#breadcrumb\"},\"inLanguage\":\"fr-FR\",\"potentialAction\":[{\"@type\":\"ReadAction\",\"target\":[\"https:\/\/www.fuertehoteles.com\/fr\/destinations\/vacances-a-conil\/achats\/\"]}]},{\"@type\":\"ImageObject\",\"inLanguage\":\"fr-FR\",\"@id\":\"https:\/\/www.fuertehoteles.com\/fr\/destinations\/vacances-a-conil\/achats\/#primaryimage\",\"url\":\"https:\/\/www.fuertehoteles.com\/wp-content\/uploads\/2021\/11\/tiendas-de-conil.jpg\",\"contentUrl\":\"https:\/\/www.fuertehoteles.com\/wp-content\/uploads\/2021\/11\/tiendas-de-conil.jpg\",\"width\":1920,\"height\":540,\"caption\":\"tiendas de Conil\"},{\"@type\":\"BreadcrumbList\",\"@id\":\"https:\/\/www.fuertehoteles.com\/fr\/destinations\/vacances-a-conil\/achats\/#breadcrumb\",\"itemListElement\":[{\"@type\":\"ListItem\",\"position\":1,\"name\":\"Portada\",\"item\":\"https:\/\/www.fuertehoteles.com\/fr\/\"},{\"@type\":\"ListItem\",\"position\":2,\"name\":\"Nos Destinations\",\"item\":\"https:\/\/www.fuertehoteles.com\/fr\/destinations\/\"},{\"@type\":\"ListItem\",\"position\":3,\"name\":\"Conil de la Frontera\",\"item\":\"https:\/\/www.fuertehoteles.com\/fr\/destinations\/vacances-a-conil\/\"},{\"@type\":\"ListItem\",\"position\":4,\"name\":\"Achats\"}]},{\"@type\":\"WebSite\",\"@id\":\"https:\/\/www.fuertehoteles.com\/#website\",\"url\":\"https:\/\/www.fuertehoteles.com\/\",\"name\":\"Fuerte Hoteles\",\"description\":\"\",\"publisher\":{\"@id\":\"https:\/\/www.fuertehoteles.com\/#organization\"},\"potentialAction\":[{\"@type\":\"SearchAction\",\"target\":{\"@type\":\"EntryPoint\",\"urlTemplate\":\"https:\/\/www.fuertehoteles.com\/?s={search_term_string}\"},\"query-input\":\"required name=search_term_string\"}],\"inLanguage\":\"fr-FR\"},{\"@type\":\"Organization\",\"@id\":\"https:\/\/www.fuertehoteles.com\/#organization\",\"name\":\"Fuerte Hoteles\",\"url\":\"https:\/\/www.fuertehoteles.com\/\",\"logo\":{\"@type\":\"ImageObject\",\"inLanguage\":\"fr-FR\",\"@id\":\"https:\/\/www.fuertehoteles.com\/#\/schema\/logo\/image\/\",\"url\":\"https:\/\/www.fuertehoteles.com\/wp-content\/uploads\/2022\/09\/logo-ffhh-1.jpg\",\"contentUrl\":\"https:\/\/www.fuertehoteles.com\/wp-content\/uploads\/2022\/09\/logo-ffhh-1.jpg\",\"width\":500,\"height\":500,\"caption\":\"Fuerte Hoteles\"},\"image\":{\"@id\":\"https:\/\/www.fuertehoteles.com\/#\/schema\/logo\/image\/\"},\"sameAs\":[\"https:\/\/www.facebook.com\/HotelesFuerte\",\"https:\/\/twitter.com\/fuertehoteles\",\"https:\/\/www.instagram.com\/fuertehoteles\/\",\"https:\/\/www.linkedin.com\/company\/fuerte-hoteles\/\",\"https:\/\/www.youtube.com\/user\/fuertehoteles\",\"https:\/\/en.wikipedia.org\/wiki\/Fuerte_Hotels\"]}]}<\/script>\n<!-- \/ Yoast SEO plugin. -->","yoast_head_json":{"title":"Les meilleurs achats \u00e0 Conil, Shopping Conil de la Frontera","description":"Le centre de Conil est id\u00e9al pour le shopping - achetez \u00e9galement des produits locaux et visitez le march\u00e9 hebdomadaire. Les meilleurs achats \u00e0 Conil.","robots":{"index":"index","follow":"follow","max-snippet":"max-snippet:-1","max-image-preview":"max-image-preview:large","max-video-preview":"max-video-preview:-1"},"canonical":"https:\/\/www.fuertehoteles.com\/fr\/destinations\/vacances-a-conil\/achats\/","og_locale":"fr_FR","og_type":"article","og_title":"Les meilleurs achats \u00e0 Conil, Shopping Conil de la Frontera","og_description":"Le centre de Conil est id\u00e9al pour le shopping - achetez \u00e9galement des produits locaux et visitez le march\u00e9 hebdomadaire. Les meilleurs achats \u00e0 Conil.","og_url":"https:\/\/www.fuertehoteles.com\/fr\/destinations\/vacances-a-conil\/achats\/","og_site_name":"Fuerte Hoteles","article_publisher":"https:\/\/www.facebook.com\/HotelesFuerte","article_modified_time":"2021-12-20T13:39:36+00:00","og_image":[{"width":1920,"height":540,"url":"https:\/\/www.fuertehoteles.com\/wp-content\/uploads\/2021\/11\/tiendas-de-conil.jpg","type":"image\/jpeg"}],"twitter_card":"summary_large_image","twitter_site":"@fuertehoteles","twitter_misc":{"Dur\u00e9e de lecture estim\u00e9e":"1 minute"},"schema":{"@context":"https:\/\/schema.org","@graph":[{"@type":"WebPage","@id":"https:\/\/www.fuertehoteles.com\/fr\/destinations\/vacances-a-conil\/achats\/","url":"https:\/\/www.fuertehoteles.com\/fr\/destinations\/vacances-a-conil\/achats\/","name":"Les meilleurs achats \u00e0 Conil, Shopping Conil de la Frontera","isPartOf":{"@id":"https:\/\/www.fuertehoteles.com\/#website"},"primaryImageOfPage":{"@id":"https:\/\/www.fuertehoteles.com\/fr\/destinations\/vacances-a-conil\/achats\/#primaryimage"},"image":{"@id":"https:\/\/www.fuertehoteles.com\/fr\/destinations\/vacances-a-conil\/achats\/#primaryimage"},"thumbnailUrl":"https:\/\/www.fuertehoteles.com\/wp-content\/uploads\/2021\/11\/tiendas-de-conil.jpg","datePublished":"2021-11-26T13:29:14+00:00","dateModified":"2021-12-20T13:39:36+00:00","description":"Le centre de Conil est id\u00e9al pour le shopping - achetez \u00e9galement des produits locaux et visitez le march\u00e9 hebdomadaire. Les meilleurs achats \u00e0 Conil.","breadcrumb":{"@id":"https:\/\/www.fuertehoteles.com\/fr\/destinations\/vacances-a-conil\/achats\/#breadcrumb"},"inLanguage":"fr-FR","potentialAction":[{"@type":"ReadAction","target":["https:\/\/www.fuertehoteles.com\/fr\/destinations\/vacances-a-conil\/achats\/"]}]},{"@type":"ImageObject","inLanguage":"fr-FR","@id":"https:\/\/www.fuertehoteles.com\/fr\/destinations\/vacances-a-conil\/achats\/#primaryimage","url":"https:\/\/www.fuertehoteles.com\/wp-content\/uploads\/2021\/11\/tiendas-de-conil.jpg","contentUrl":"https:\/\/www.fuertehoteles.com\/wp-content\/uploads\/2021\/11\/tiendas-de-conil.jpg","width":1920,"height":540,"caption":"tiendas de Conil"},{"@type":"BreadcrumbList","@id":"https:\/\/www.fuertehoteles.com\/fr\/destinations\/vacances-a-conil\/achats\/#breadcrumb","itemListElement":[{"@type":"ListItem","position":1,"name":"Portada","item":"https:\/\/www.fuertehoteles.com\/fr\/"},{"@type":"ListItem","position":2,"name":"Nos Destinations","item":"https:\/\/www.fuertehoteles.com\/fr\/destinations\/"},{"@type":"ListItem","position":3,"name":"Conil de la Frontera","item":"https:\/\/www.fuertehoteles.com\/fr\/destinations\/vacances-a-conil\/"},{"@type":"ListItem","position":4,"name":"Achats"}]},{"@type":"WebSite","@id":"https:\/\/www.fuertehoteles.com\/#website","url":"https:\/\/www.fuertehoteles.com\/","name":"Fuerte Hoteles","description":"","publisher":{"@id":"https:\/\/www.fuertehoteles.com\/#organization"},"potentialAction":[{"@type":"SearchAction","target":{"@type":"EntryPoint","urlTemplate":"https:\/\/www.fuertehoteles.com\/?s={search_term_string}"},"query-input":"required name=search_term_string"}],"inLanguage":"fr-FR"},{"@type":"Organization","@id":"https:\/\/www.fuertehoteles.com\/#organization","name":"Fuerte Hoteles","url":"https:\/\/www.fuertehoteles.com\/","logo":{"@type":"ImageObject","inLanguage":"fr-FR","@id":"https:\/\/www.fuertehoteles.com\/#\/schema\/logo\/image\/","url":"https:\/\/www.fuertehoteles.com\/wp-content\/uploads\/2022\/09\/logo-ffhh-1.jpg","contentUrl":"https:\/\/www.fuertehoteles.com\/wp-content\/uploads\/2022\/09\/logo-ffhh-1.jpg","width":500,"height":500,"caption":"Fuerte Hoteles"},"image":{"@id":"https:\/\/www.fuertehoteles.com\/#\/schema\/logo\/image\/"},"sameAs":["https:\/\/www.facebook.com\/HotelesFuerte","https:\/\/twitter.com\/fuertehoteles","https:\/\/www.instagram.com\/fuertehoteles\/","https:\/\/www.linkedin.com\/company\/fuerte-hoteles\/","https:\/\/www.youtube.com\/user\/fuertehoteles","https:\/\/en.wikipedia.org\/wiki\/Fuerte_Hotels"]}]}},"_links":{"self":[{"href":"https:\/\/www.fuertehoteles.com\/fr\/wp-json\/wp\/v2\/pages\/4533","targetHints":{"allow":["GET"]}}],"collection":[{"href":"https:\/\/www.fuertehoteles.com\/fr\/wp-json\/wp\/v2\/pages"}],"about":[{"href":"https:\/\/www.fuertehoteles.com\/fr\/wp-json\/wp\/v2\/types\/page"}],"author":[{"embeddable":true,"href":"https:\/\/www.fuertehoteles.com\/fr\/wp-json\/wp\/v2\/users\/6"}],"replies":[{"embeddable":true,"href":"https:\/\/www.fuertehoteles.com\/fr\/wp-json\/wp\/v2\/comments?post=4533"}],"version-history":[{"count":0,"href":"https:\/\/www.fuertehoteles.com\/fr\/wp-json\/wp\/v2\/pages\/4533\/revisions"}],"up":[{"embeddable":true,"href":"https:\/\/www.fuertehoteles.com\/fr\/wp-json\/wp\/v2\/pages\/4515"}],"wp:featuredmedia":[{"embeddable":true,"href":"https:\/\/www.fuertehoteles.com\/fr\/wp-json\/wp\/v2\/media\/1586"}],"wp:attachment":[{"href":"https:\/\/www.fuertehoteles.com\/fr\/wp-json\/wp\/v2\/media?parent=4533"}],"curies":[{"name":"wp","href":"https:\/\/api.w.org\/{rel}","templated":true}]}}