{"id":4542,"date":"2021-11-26T14:34:37","date_gmt":"2021-11-26T13:34:37","guid":{"rendered":"https:\/\/www.fuertehoteles.com\/nos-destinations\/vacances-a-conil\/excursiones\/"},"modified":"2021-12-20T14:45:02","modified_gmt":"2021-12-20T13:45:02","slug":"excursions","status":"publish","type":"page","link":"https:\/\/www.fuertehoteles.com\/fr\/destinations\/vacances-a-conil\/excursions\/","title":{"rendered":"Excursions"},"content":{"rendered":"[vc_row][vc_column el_class=\u00a0\u00bbdestination-content\u00a0\u00bb][vc_column_text]\n<h1>Tours locaux et Excursions \u00e0 Conil de la Frontera<\/h1>\n<h2>Randonn\u00e9es \u00e0 pied et \u00e0 v\u00e9lo<\/h2>\n<p>Nous vous proposons quelques itin\u00e9raires, \u00e0 Conil et ses environs, que vous pouvez faire \u00e0 pied ou \u00e0 v\u00e9lo avec diff\u00e9rents degr\u00e9s de difficult\u00e9.<\/p>\n<h3>Randonn\u00e9es \u00e0 pied<\/h3>\n<ul>\n<li>Voir randonn\u00e9e: <a title=\"Rutas a pie: Fuerte Conil-Costa Luz-Torre de Castilnovo\" href=\"http:\/\/fr.wikiloc.com\/wikiloc\/view.do?id=4187271\" target=\"_blank\" rel=\"nofollow noopener\">Fuerte Conil-Costa Luz-Torre de Castilnovo<\/a><\/li>\n<li>Voir randonn\u00e9e: <a title=\"Rutas a pie: Fuerte Conil-Costa Luz-Cala del Aceite\" href=\"http:\/\/fr.wikiloc.com\/wikiloc\/view.do?id=4487729\" target=\"_blank\" rel=\"nofollow noopener\">Fuerte Conil-Costa Luz-Cala del Aceite<\/a><\/li>\n<li>Voir randonn\u00e9e: <a title=\"Rutas a pie: Conil-El Palmar-Conil\" href=\"http:\/\/fr.wikiloc.com\/wikiloc\/view.do?id=3298310\" target=\"_blank\" rel=\"nofollow noopener\">Conil-El Palmar-Conil<\/a><\/li>\n<li>Voir randonn\u00e9e: <a title=\"Rutas a pie: Conil-Barbate\" href=\"http:\/\/fr.wikiloc.com\/wikiloc\/view.do?id=329423\" target=\"_blank\" rel=\"nofollow noopener\">Conil-Barbate<\/a><\/li>\n<li>Voir randonn\u00e9e: <a title=\"Rutas a pie: Conil-Novo Sancti Petri\" href=\"http:\/\/fr.wikiloc.com\/wikiloc\/view.do?id=383731\" target=\"_blank\" rel=\"nofollow noopener\">Conil-Novo Sancti Petri<\/a><\/li>\n<li>Voir randonn\u00e9e: <a title=\"Rutas a pie: Conil-Vejer por los Molinos de Santa Luc\u00cca\" href=\"http:\/\/fr.wikiloc.com\/wikiloc\/view.do?id=1184501\" target=\"_blank\" rel=\"nofollow noopener\">Conil-Vejer por los Molinos de Santa Luc\u00cca<\/a><\/li>\n<\/ul>\n<h3>Randonn\u00e9es \u00e0 v\u00e9lo<\/h3>\n<ul>\n<li>Voir randonn\u00e9e: <a title=\"Rutas en bicicleta: Conil-La Barrosa-Conil\" href=\"http:\/\/fr.wikiloc.com\/wikiloc\/view.do?id=3149087\" target=\"_blank\" rel=\"nofollow noopener\">Conil-La Barrosa-Conil<\/a><\/li>\n<li>Voir randonn\u00e9e: <a title=\"Rutas en bicicleta: Conil-Pinar de Roche-Conil\" href=\"http:\/\/fr.wikiloc.com\/wikiloc\/view.do?id=110432\" target=\"_blank\" rel=\"nofollow noopener\">Conil-Pinar de Roche-Conil<\/a><\/li>\n<li>Voir randonn\u00e9e: <a title=\"Rutas en bicicleta: Conil-Cabo Roche-Conil\" href=\"http:\/\/fr.wikiloc.com\/wikiloc\/view.do?id=3085734\" target=\"_blank\" rel=\"nofollow noopener\">Conil-Cabo Roche-Conil<\/a><\/li>\n<li>Voir randonn\u00e9e: <a title=\"Rutas en bicicleta: Conil-Playas de Conil\" href=\"http:\/\/fr.wikiloc.com\/wikiloc\/view.do?id=3175530\" target=\"_blank\" rel=\"nofollow noopener\">Conil-Plages de Conil<\/a><\/li>\n<\/ul>\n<h2>Tours locaux et Excursions d\u00b4une demi-journ\u00e9e<\/h2>\n<h3>Route des Villages Blancs<\/h3>\n<p>La province de Cadix offre un merveilleux parcours touristique : la route des \u2018villages blancs\u2019, des sites d\u2019une incroyable beaut\u00e9 qui ont su conserver le charme et les traditions les plus ancestrales d\u2019Andalousie.<\/p>\n<p>(*Distances depuis l\u2019h\u00f4tel<strong> Fuerte Conil\u2013Costa Luz<\/strong>)<\/p>\n<h3>Vejer de la Frontera (\u00e0 20 min en voiture)<\/h3>\n<p>Vejer de la Frontera est l\u2019un des plus charmants villages blancs et le plus mauresque de la province de Cadix. Il offre le typique paysage andalou avec ses rues \u00e9troites, ses murs blanchis \u00e0 la chaux et ses patios d\u00e9cor\u00e9s de fleurs. Vejer de la Frontera dispose \u00e9galement de l\u2019une des plus belles et des plus sauvages des plages du Sud de l\u2019Espagne : El Palmar.<\/p>\n<h3>Barbate (\u00e0 20 min en voiture, 1 heure en v\u00e9lo et 2h30 \u00e0 pied)<\/h3>\n<p>L\u2019un des plus petits parcs naturels d\u2019Andalousie, d\u2019une superficie de 5 000 hectares. Le Parc Naturel de \u00ab la Bre\u00f1a et de las Marismas de Barbate \u00bb s\u2019\u00e9tend de Barbate jusqu\u2019\u00e0 Ca\u00f1os de Meca, en passant par Vejer de la Frontera dans les terres. On y trouve jusqu\u2019\u00e0 cinq \u00e9cosyst\u00e8mes diff\u00e9rents : marin, falaise, pin\u00e8de, marais et syst\u00e8mes dunaires ; dunes desquelles on peut profiter de longues \u00e9tendues de plage avec des paysages uniques. Un autre endroit \u00e0 visiter, \u2018le Phare de Trafalgar\u2019 se situe sur un petit \u00eelot entre les \u00e9chancrures de Conil et de Barbate. Reli\u00e9 au continent par une langue de sable, cet ilot est l\u2019h\u00f4te d\u2019un phare et des vestiges d\u2019un site arch\u00e9ologique romain. Il est facilement accessible m\u00eame aux enfants et l\u2019on y peut y admirer de magnifiques couchers de soleil.<\/p>\n<h3>Medina Sidonia (\u00e0 35 min en voiture)<\/h3>\n<p>Medina Sidonia est une ville charg\u00e9e de beaut\u00e9 de par ses caract\u00e9ristiques ruelles blanches, ses balcons grillag\u00e9s et ses fen\u00eatres d\u00e9cor\u00e9es de fleurs, sans oublier bien entendu sa riche gastronomie.<\/p>\n<h3>Chiclana de la Frontera (\u00e0 30 min en voiture)<\/h3>\n<p>Une ville de 75 000 habitants, typique des villages blancs de la province de Cadix. Chiclana de la Frontera est un lieu anim\u00e9 avec des march\u00e9s et des monuments historiques \u00e0 visiter, comme par exemple \u2018San Telmo\u2019 son \u00e9glise du XVIIIe si\u00e8cle.<\/p>\n<h2>Tours locaux et Excursions journ\u00e9e compl\u00e8te<\/h2>\n<h3>D\u00e9couvrez la province de Cadix<\/h3>\n<p>(Distances depuis Fuerte Conil \u2013 Costa de la Luz)<\/p>\n<h3>Tarifa (\u00e0 40 min en voiture)<\/h3>\n<p>Tarifa et ses <strong>dix kilom\u00e8tres de plages de sable blanc<\/strong>, d\u2019une beaut\u00e9 naturelle et aux vagues id\u00e9ales pour le suf, s\u00e9duit aussi bien les surfeurs que les amoureux de nature. Les plages de Tarifa ne se trouvent qu\u2019\u00e0 14 kilom\u00e8tres des c\u00f4tes africaines ; parmi elles on souligne notamment la plage \u2018<strong>Playa de Bolonia<\/strong>\u2019, une plage majestueuse pr\u00e9c\u00e9d\u00e9e par les ruines de \u2018Baelo Claudia\u2019, une<strong> ancienne cit\u00e9 romaine<\/strong>. Elle est le r\u00eave des amateurs de soleil, et un paradis pour les nudistes. Ses dunes de sable blanc sont l\u2019un des<strong> plus importants attraits touristiques de la province de Cadix<\/strong>, elles ont d\u2019ailleurs \u00e9t\u00e9 d\u00e9clar\u00e9es <strong>monument naturel<\/strong>. Quelque soit le type de vacances que vous recherchiez, vous avez la garantie que les plages de Tarifa plairont \u00e0 toute la famille. Pour les mordus de sport elles offrent la possibilit\u00e9 de pratiquer le surf, le kitesurf, l\u2019escalade, la plong\u00e9e et le deltaplane, tandis que les moins sportifs d\u2019entre vous pourront s\u2019adonner \u00e0 la bronzette et \u00e0 l\u2019observation des dauphins.<\/p>\n<h3>Jerez (\u00e0 40 min en voiture)<\/h3>\n<p>L\u2019histoire de Jerez (X\u00e9r\u00e8s en fran\u00e7ais) a \u00e9t\u00e9 fortement marqu\u00e9e et influenc\u00e9e par les diff\u00e9rentes cultures qui s\u2019\u00e9tablirent sur ses terres ; ces cultures se refl\u00e8tent dans la <strong>richesse de son patrimoine<\/strong>. Cinqui\u00e8me plus grande ville d\u2019Andalousie, X\u00e9r\u00e8s est la<strong> ville plus importante de la province de Cadix<\/strong> ; elle est consid\u00e9r\u00e9e comme le berceau du flamenco en Andalousie, propose de merveilleux spectacles de chevaux organis\u00e9s par la \u2018Real Escuela Andaluza del Arte Ecuestre\u2019 (\u00c9cole Royale Andalouse d\u2019Art \u00c9questre), et est c\u00e9l\u00e8bre pour ses vignes et sa <strong>production de vin x\u00e9r\u00e8s<\/strong> (vin blanc mut\u00e9 \u00e0 l\u2019eau de vie), de vinaigre (vinaigre de x\u00e9r\u00e8s) et d\u2019eau de vie.<\/p>\n<h3>Arcos de la Frontera (\u00e0 1h en voiture)<\/h3>\n<p>Arcos de la Frontera est <strong>l\u2019un des plus beaux villages blancs de la Sierra de Cadix<\/strong>. Situ\u00e9e sur un \u00e9peron rocheux sur la rive droite du fleuve Guadalate, la ville d\u2019Arcos de la Frontera domine les collines environnantes et constitue la porte d\u2019entr\u00e9e \u00e0 la Sierra de Cadix, comarque parmi laquelle on distingue notamment le merveilleux site naturel de la <a title=\"la Sierra de Grazalema\" href=\"https:\/\/www.fuertehoteles.com\/fr\/destinations\/grazalema\/vacances\/\">Sierra de Grazalema .<\/a><\/p>\n<h3>Cadix (\u00e0 30 min en voiture)<\/h3>\n<p>Faisant partie des plus anciennes villes d\u2019Europe, la ville de Cadix a \u00e9t\u00e9 depuis 1104 avant JC le t\u00e9moin et la sc\u00e8ne de grands \u00e9v\u00e8nements tout au long de son histoire ; elle en conserve <strong>de nombreux vestiges et un patrimoine architectonique absolument remarquable.<\/strong> Cadix (Cadiz en Espagnol) est aujourd\u2019hui la deuxi\u00e8me plus grande ville de la province de Cadix. La ville de Cadix surplombe la mer qui l\u2019entoure par trois c\u00f4t\u00e9s, ne manquez de visiter, la plage de la Caleta, le Th\u00e9\u00e2tre Falla (style n\u00e9o mud\u00e9jar, recouvert de briques rouges), l\u2019Oratoire de San Felipe Neri, la Cath\u00e9drale (m\u00e9lange baroque &amp; n\u00e9oclassique) et la vielle cath\u00e9drale (XVIIe si\u00e8cle), le March\u00e9, l\u2019h\u00f4pital des femmes, et le quartier de La Vi\u00f1a. Avec sa d\u00e9licieuse cuisine \u00e0 base de produits de la mer, des conditions id\u00e9ales pour le surf, ses innombrables \u00e9glises et mus\u00e9es \u00e0 visiter, <strong>Cadix vous en mettra r\u00e9ellement plein la vue<\/strong> \u2013 n\u2019oubliez pas de prendre votre appareil photo!<\/p>\n<h3>Tanger, Maroc (\u00e0 1h15 de voiture et ferry-boat)<\/h3>\n<p>Seulement 14 kilom\u00e8tres s\u00e9parent les c\u00f4tes africaines de celles de Cadix. Vous pourrez partir de Tarifa et vous rendre sur un continent totalement diff\u00e9rent, et ce en une demi-heure \u00e0 bord d\u2019un ferry, et profiter du charme du Maroc et de sa gastronomie. Tanger est une passerelle ouverte sur l\u2019Afrique et un<strong> lieu id\u00e9al pour d\u00e9couvrir la culture et les d\u00e9lices culinaires que le Maroc a \u00e0 offrir<\/strong>, des traditions et des saveurs totalement diff\u00e9rentes que celles du D\u00e9troit de Gibraltar. Embarquez de Tarifa et partez en excursion vers un autre continent, \u00e0 seulement 30 min de bateau !<\/p>\n<h2><span lang=\"ES-TRAD\">Randonn\u00e9es pour les enfants<\/span><\/h2>\n<h3>Zoo-botanique de Jerez (\u00e0 45 min en voiture)<\/h3>\n<p>Le \u2018Parc Zoologique et le Jardin Botanique de Jerez\u2019 est l\u2019un des plus anciens d\u2019Espagne. Vos enfants s\u2019amuseront comme des fous en d\u00e9couvrant la <strong>grande vari\u00e9t\u00e9 d\u2019esp\u00e8ces animales et v\u00e9g\u00e9tales<\/strong> qui y vivent.<\/p>\n<h3>Ferme aux crocodiles (\u00e0 45 min en voiture)<\/h3>\n<p>Cette ferme dispose de plus de <strong>1 300 reptiles<\/strong> qui \u00e9veilleront la curiosit\u00e9 des plus jeunes.<\/p>\n<p>Aqualand (\u00e0 50 min en voiture) Pour se baigner et s\u2019\u00e9lancer sur des toboggans g\u00e9ants, rien de mieux que le Parc Aquatique \u2018Aqualand Bahia de C\u00e1diz\u2019, une exp\u00e9rience tr\u00e8s amusante pour toute la famille.[\/vc_column_text][\/vc_column][\/vc_row]\n","protected":false},"excerpt":{"rendered":"<p>[vc_row][vc_column el_class=\u00a0\u00bbdestination-content\u00a0\u00bb][vc_column_text] Tours locaux et Excursions \u00e0 Conil de la Frontera Randonn\u00e9es \u00e0 pied et \u00e0 v\u00e9lo Nous vous proposons quelques itin\u00e9raires, \u00e0 Conil et ses environs, que vous pouvez faire \u00e0 pied ou \u00e0 v\u00e9lo avec diff\u00e9rents degr\u00e9s de difficult\u00e9. Randonn\u00e9es \u00e0 pied Voir randonn\u00e9e: Fuerte Conil-Costa Luz-Torre de Castilnovo Voir randonn\u00e9e: Fuerte Conil-Costa<\/p>\n","protected":false},"author":6,"featured_media":1594,"parent":4515,"menu_order":0,"comment_status":"closed","ping_status":"closed","template":"templates\/destination-subpages.php","meta":{"footnotes":""},"class_list":["post-4542","page","type-page","status-publish","hentry"],"yoast_head":"<!-- This site is optimized with the Yoast SEO plugin v22.4 - https:\/\/yoast.com\/wordpress\/plugins\/seo\/ -->\n<title>Tours locaux et Excursions \u00e0 Conil De La Frontera, Cadix<\/title>\n<meta name=\"description\" content=\"La province de Cadix offre merveilleux activit\u00e9s et parcours touristiques. Tours locaux et excursions \u00e0 Conil De La Frontera, Cadix\" \/>\n<meta name=\"robots\" content=\"index, follow, max-snippet:-1, max-image-preview:large, max-video-preview:-1\" \/>\n<link rel=\"canonical\" href=\"https:\/\/www.fuertehoteles.com\/fr\/destinations\/vacances-a-conil\/excursions\/\" \/>\n<meta property=\"og:locale\" content=\"fr_FR\" \/>\n<meta property=\"og:type\" content=\"article\" \/>\n<meta property=\"og:title\" content=\"Tours locaux et Excursions \u00e0 Conil De La Frontera, Cadix\" \/>\n<meta property=\"og:description\" content=\"La province de Cadix offre merveilleux activit\u00e9s et parcours touristiques. Tours locaux et excursions \u00e0 Conil De La Frontera, Cadix\" \/>\n<meta property=\"og:url\" content=\"https:\/\/www.fuertehoteles.com\/fr\/destinations\/vacances-a-conil\/excursions\/\" \/>\n<meta property=\"og:site_name\" content=\"Fuerte Hoteles\" \/>\n<meta property=\"article:publisher\" content=\"https:\/\/www.facebook.com\/HotelesFuerte\" \/>\n<meta property=\"article:modified_time\" content=\"2021-12-20T13:45:02+00:00\" \/>\n<meta property=\"og:image\" content=\"https:\/\/www.fuertehoteles.com\/wp-content\/uploads\/2021\/11\/excursiones-en-conil.jpg\" \/>\n\t<meta property=\"og:image:width\" content=\"1920\" \/>\n\t<meta property=\"og:image:height\" content=\"540\" \/>\n\t<meta property=\"og:image:type\" content=\"image\/jpeg\" \/>\n<meta name=\"twitter:card\" content=\"summary_large_image\" \/>\n<meta name=\"twitter:site\" content=\"@fuertehoteles\" \/>\n<meta name=\"twitter:label1\" content=\"Dur\u00e9e de lecture estim\u00e9e\" \/>\n\t<meta name=\"twitter:data1\" content=\"7 minutes\" \/>\n<script type=\"application\/ld+json\" class=\"yoast-schema-graph\">{\"@context\":\"https:\/\/schema.org\",\"@graph\":[{\"@type\":\"WebPage\",\"@id\":\"https:\/\/www.fuertehoteles.com\/fr\/destinations\/vacances-a-conil\/excursions\/\",\"url\":\"https:\/\/www.fuertehoteles.com\/fr\/destinations\/vacances-a-conil\/excursions\/\",\"name\":\"Tours locaux et Excursions \u00e0 Conil De La Frontera, Cadix\",\"isPartOf\":{\"@id\":\"https:\/\/www.fuertehoteles.com\/#website\"},\"primaryImageOfPage\":{\"@id\":\"https:\/\/www.fuertehoteles.com\/fr\/destinations\/vacances-a-conil\/excursions\/#primaryimage\"},\"image\":{\"@id\":\"https:\/\/www.fuertehoteles.com\/fr\/destinations\/vacances-a-conil\/excursions\/#primaryimage\"},\"thumbnailUrl\":\"https:\/\/www.fuertehoteles.com\/wp-content\/uploads\/2021\/11\/excursiones-en-conil.jpg\",\"datePublished\":\"2021-11-26T13:34:37+00:00\",\"dateModified\":\"2021-12-20T13:45:02+00:00\",\"description\":\"La province de Cadix offre merveilleux activit\u00e9s et parcours touristiques. Tours locaux et excursions \u00e0 Conil De La Frontera, Cadix\",\"breadcrumb\":{\"@id\":\"https:\/\/www.fuertehoteles.com\/fr\/destinations\/vacances-a-conil\/excursions\/#breadcrumb\"},\"inLanguage\":\"fr-FR\",\"potentialAction\":[{\"@type\":\"ReadAction\",\"target\":[\"https:\/\/www.fuertehoteles.com\/fr\/destinations\/vacances-a-conil\/excursions\/\"]}]},{\"@type\":\"ImageObject\",\"inLanguage\":\"fr-FR\",\"@id\":\"https:\/\/www.fuertehoteles.com\/fr\/destinations\/vacances-a-conil\/excursions\/#primaryimage\",\"url\":\"https:\/\/www.fuertehoteles.com\/wp-content\/uploads\/2021\/11\/excursiones-en-conil.jpg\",\"contentUrl\":\"https:\/\/www.fuertehoteles.com\/wp-content\/uploads\/2021\/11\/excursiones-en-conil.jpg\",\"width\":1920,\"height\":540,\"caption\":\"Excursiones en Conil\"},{\"@type\":\"BreadcrumbList\",\"@id\":\"https:\/\/www.fuertehoteles.com\/fr\/destinations\/vacances-a-conil\/excursions\/#breadcrumb\",\"itemListElement\":[{\"@type\":\"ListItem\",\"position\":1,\"name\":\"Portada\",\"item\":\"https:\/\/www.fuertehoteles.com\/fr\/\"},{\"@type\":\"ListItem\",\"position\":2,\"name\":\"Nos Destinations\",\"item\":\"https:\/\/www.fuertehoteles.com\/fr\/destinations\/\"},{\"@type\":\"ListItem\",\"position\":3,\"name\":\"Conil de la Frontera\",\"item\":\"https:\/\/www.fuertehoteles.com\/fr\/destinations\/vacances-a-conil\/\"},{\"@type\":\"ListItem\",\"position\":4,\"name\":\"Excursions\"}]},{\"@type\":\"WebSite\",\"@id\":\"https:\/\/www.fuertehoteles.com\/#website\",\"url\":\"https:\/\/www.fuertehoteles.com\/\",\"name\":\"Fuerte Hoteles\",\"description\":\"\",\"publisher\":{\"@id\":\"https:\/\/www.fuertehoteles.com\/#organization\"},\"potentialAction\":[{\"@type\":\"SearchAction\",\"target\":{\"@type\":\"EntryPoint\",\"urlTemplate\":\"https:\/\/www.fuertehoteles.com\/?s={search_term_string}\"},\"query-input\":\"required name=search_term_string\"}],\"inLanguage\":\"fr-FR\"},{\"@type\":\"Organization\",\"@id\":\"https:\/\/www.fuertehoteles.com\/#organization\",\"name\":\"Fuerte Hoteles\",\"url\":\"https:\/\/www.fuertehoteles.com\/\",\"logo\":{\"@type\":\"ImageObject\",\"inLanguage\":\"fr-FR\",\"@id\":\"https:\/\/www.fuertehoteles.com\/#\/schema\/logo\/image\/\",\"url\":\"https:\/\/www.fuertehoteles.com\/wp-content\/uploads\/2022\/09\/logo-ffhh-1.jpg\",\"contentUrl\":\"https:\/\/www.fuertehoteles.com\/wp-content\/uploads\/2022\/09\/logo-ffhh-1.jpg\",\"width\":500,\"height\":500,\"caption\":\"Fuerte Hoteles\"},\"image\":{\"@id\":\"https:\/\/www.fuertehoteles.com\/#\/schema\/logo\/image\/\"},\"sameAs\":[\"https:\/\/www.facebook.com\/HotelesFuerte\",\"https:\/\/twitter.com\/fuertehoteles\",\"https:\/\/www.instagram.com\/fuertehoteles\/\",\"https:\/\/www.linkedin.com\/company\/fuerte-hoteles\/\",\"https:\/\/www.youtube.com\/user\/fuertehoteles\",\"https:\/\/en.wikipedia.org\/wiki\/Fuerte_Hotels\"]}]}<\/script>\n<!-- \/ Yoast SEO plugin. -->","yoast_head_json":{"title":"Tours locaux et Excursions \u00e0 Conil De La Frontera, Cadix","description":"La province de Cadix offre merveilleux activit\u00e9s et parcours touristiques. Tours locaux et excursions \u00e0 Conil De La Frontera, Cadix","robots":{"index":"index","follow":"follow","max-snippet":"max-snippet:-1","max-image-preview":"max-image-preview:large","max-video-preview":"max-video-preview:-1"},"canonical":"https:\/\/www.fuertehoteles.com\/fr\/destinations\/vacances-a-conil\/excursions\/","og_locale":"fr_FR","og_type":"article","og_title":"Tours locaux et Excursions \u00e0 Conil De La Frontera, Cadix","og_description":"La province de Cadix offre merveilleux activit\u00e9s et parcours touristiques. Tours locaux et excursions \u00e0 Conil De La Frontera, Cadix","og_url":"https:\/\/www.fuertehoteles.com\/fr\/destinations\/vacances-a-conil\/excursions\/","og_site_name":"Fuerte Hoteles","article_publisher":"https:\/\/www.facebook.com\/HotelesFuerte","article_modified_time":"2021-12-20T13:45:02+00:00","og_image":[{"width":1920,"height":540,"url":"https:\/\/www.fuertehoteles.com\/wp-content\/uploads\/2021\/11\/excursiones-en-conil.jpg","type":"image\/jpeg"}],"twitter_card":"summary_large_image","twitter_site":"@fuertehoteles","twitter_misc":{"Dur\u00e9e de lecture estim\u00e9e":"7 minutes"},"schema":{"@context":"https:\/\/schema.org","@graph":[{"@type":"WebPage","@id":"https:\/\/www.fuertehoteles.com\/fr\/destinations\/vacances-a-conil\/excursions\/","url":"https:\/\/www.fuertehoteles.com\/fr\/destinations\/vacances-a-conil\/excursions\/","name":"Tours locaux et Excursions \u00e0 Conil De La Frontera, Cadix","isPartOf":{"@id":"https:\/\/www.fuertehoteles.com\/#website"},"primaryImageOfPage":{"@id":"https:\/\/www.fuertehoteles.com\/fr\/destinations\/vacances-a-conil\/excursions\/#primaryimage"},"image":{"@id":"https:\/\/www.fuertehoteles.com\/fr\/destinations\/vacances-a-conil\/excursions\/#primaryimage"},"thumbnailUrl":"https:\/\/www.fuertehoteles.com\/wp-content\/uploads\/2021\/11\/excursiones-en-conil.jpg","datePublished":"2021-11-26T13:34:37+00:00","dateModified":"2021-12-20T13:45:02+00:00","description":"La province de Cadix offre merveilleux activit\u00e9s et parcours touristiques. Tours locaux et excursions \u00e0 Conil De La Frontera, Cadix","breadcrumb":{"@id":"https:\/\/www.fuertehoteles.com\/fr\/destinations\/vacances-a-conil\/excursions\/#breadcrumb"},"inLanguage":"fr-FR","potentialAction":[{"@type":"ReadAction","target":["https:\/\/www.fuertehoteles.com\/fr\/destinations\/vacances-a-conil\/excursions\/"]}]},{"@type":"ImageObject","inLanguage":"fr-FR","@id":"https:\/\/www.fuertehoteles.com\/fr\/destinations\/vacances-a-conil\/excursions\/#primaryimage","url":"https:\/\/www.fuertehoteles.com\/wp-content\/uploads\/2021\/11\/excursiones-en-conil.jpg","contentUrl":"https:\/\/www.fuertehoteles.com\/wp-content\/uploads\/2021\/11\/excursiones-en-conil.jpg","width":1920,"height":540,"caption":"Excursiones en Conil"},{"@type":"BreadcrumbList","@id":"https:\/\/www.fuertehoteles.com\/fr\/destinations\/vacances-a-conil\/excursions\/#breadcrumb","itemListElement":[{"@type":"ListItem","position":1,"name":"Portada","item":"https:\/\/www.fuertehoteles.com\/fr\/"},{"@type":"ListItem","position":2,"name":"Nos Destinations","item":"https:\/\/www.fuertehoteles.com\/fr\/destinations\/"},{"@type":"ListItem","position":3,"name":"Conil de la Frontera","item":"https:\/\/www.fuertehoteles.com\/fr\/destinations\/vacances-a-conil\/"},{"@type":"ListItem","position":4,"name":"Excursions"}]},{"@type":"WebSite","@id":"https:\/\/www.fuertehoteles.com\/#website","url":"https:\/\/www.fuertehoteles.com\/","name":"Fuerte Hoteles","description":"","publisher":{"@id":"https:\/\/www.fuertehoteles.com\/#organization"},"potentialAction":[{"@type":"SearchAction","target":{"@type":"EntryPoint","urlTemplate":"https:\/\/www.fuertehoteles.com\/?s={search_term_string}"},"query-input":"required name=search_term_string"}],"inLanguage":"fr-FR"},{"@type":"Organization","@id":"https:\/\/www.fuertehoteles.com\/#organization","name":"Fuerte Hoteles","url":"https:\/\/www.fuertehoteles.com\/","logo":{"@type":"ImageObject","inLanguage":"fr-FR","@id":"https:\/\/www.fuertehoteles.com\/#\/schema\/logo\/image\/","url":"https:\/\/www.fuertehoteles.com\/wp-content\/uploads\/2022\/09\/logo-ffhh-1.jpg","contentUrl":"https:\/\/www.fuertehoteles.com\/wp-content\/uploads\/2022\/09\/logo-ffhh-1.jpg","width":500,"height":500,"caption":"Fuerte Hoteles"},"image":{"@id":"https:\/\/www.fuertehoteles.com\/#\/schema\/logo\/image\/"},"sameAs":["https:\/\/www.facebook.com\/HotelesFuerte","https:\/\/twitter.com\/fuertehoteles","https:\/\/www.instagram.com\/fuertehoteles\/","https:\/\/www.linkedin.com\/company\/fuerte-hoteles\/","https:\/\/www.youtube.com\/user\/fuertehoteles","https:\/\/en.wikipedia.org\/wiki\/Fuerte_Hotels"]}]}},"_links":{"self":[{"href":"https:\/\/www.fuertehoteles.com\/fr\/wp-json\/wp\/v2\/pages\/4542","targetHints":{"allow":["GET"]}}],"collection":[{"href":"https:\/\/www.fuertehoteles.com\/fr\/wp-json\/wp\/v2\/pages"}],"about":[{"href":"https:\/\/www.fuertehoteles.com\/fr\/wp-json\/wp\/v2\/types\/page"}],"author":[{"embeddable":true,"href":"https:\/\/www.fuertehoteles.com\/fr\/wp-json\/wp\/v2\/users\/6"}],"replies":[{"embeddable":true,"href":"https:\/\/www.fuertehoteles.com\/fr\/wp-json\/wp\/v2\/comments?post=4542"}],"version-history":[{"count":0,"href":"https:\/\/www.fuertehoteles.com\/fr\/wp-json\/wp\/v2\/pages\/4542\/revisions"}],"up":[{"embeddable":true,"href":"https:\/\/www.fuertehoteles.com\/fr\/wp-json\/wp\/v2\/pages\/4515"}],"wp:featuredmedia":[{"embeddable":true,"href":"https:\/\/www.fuertehoteles.com\/fr\/wp-json\/wp\/v2\/media\/1594"}],"wp:attachment":[{"href":"https:\/\/www.fuertehoteles.com\/fr\/wp-json\/wp\/v2\/media?parent=4542"}],"curies":[{"name":"wp","href":"https:\/\/api.w.org\/{rel}","templated":true}]}}