{"id":4560,"date":"2021-11-26T14:37:33","date_gmt":"2021-11-26T13:37:33","guid":{"rendered":"https:\/\/www.fuertehoteles.com\/playas\/"},"modified":"2021-12-20T15:25:15","modified_gmt":"2021-12-20T14:25:15","slug":"plages","status":"publish","type":"page","link":"https:\/\/www.fuertehoteles.com\/fr\/destinations\/vacances-el-rompido\/plages\/","title":{"rendered":"Plages"},"content":{"rendered":"[vc_row][vc_column el_class=\u00a0\u00bbdestination-content\u00a0\u00bb][vc_column_text]\n<h1>Les meilleures plages de El Rompido (Huelva)<\/h1>\n<p>Les dunes, les pin\u00e8des et les grandes et longues plages avec une vue sans fin sur la mer, forment, sans aucun doute, l\u2019un des plus beaux paysages de la Costa de la Luz. Le littoral de Cartaya offre une v\u00e9g\u00e9tation vierge dans un site incomparable de par sa tranquillit\u00e9 et le contact avec la nature \u00e0 l\u2019\u00e9tat pur.<\/p>\n<p>Distances depuis l\u2019<a href=\"https:\/\/www.fuertehoteles.com\/fr\/hotel\/fuerte-rompido-cartaya\/lhotel\/\"><strong>H\u00f4tel Fuerte El Rompido<\/strong><\/a><\/p>\n<h3>Plage d\u2019El Rompido (\u00e0 3 min \u00e0 pied)<\/h3>\n<p>Au levant du Site Naturel des Marais du fleuve Piedras et Flecha d\u2019El Rompido, se trouve la plage d\u2019El Rompido pr\u00e8s de l\u2019estuaire du Fleuve Piedras et entour\u00e9e d\u2019un merveilleux port de p\u00eache.<\/p>\n<h3>Plage de la Flecha d\u2019El Rompido (\u00e0 10 min \u2013 5 min \u00e0 pied jusqu\u2019\u00e0 la sortie et 5 min en bateau)<\/h3>\n<p>La fameuse Flecha d\u2019El Rompido est une formation g\u00e9ologique de sable singuli\u00e8re qui s\u2019ouvre vers l\u2019oc\u00e9an Atlantique depuis une plage vierge \u00e0 laquelle il est possible d\u2019acc\u00e9der en barque depuis les plages de la rivi\u00e8re.<\/p>\n<h3>Plage de Nueva Umbr\u00eda (\u00e0 15 min \u2013 5 min \u00e0 pie jusqu\u2019\u00e0 la sortie et 10 min en bateau)<\/h3>\n<p>Baign\u00e9e par l\u2019Atlantique, la plage de Nueva Umbr\u00eda, o\u00f9 commence la Flecha D\u2019El Rompido pr\u00e8s du port du Terr\u00f3n. Sa nature vierge et sauvage \u00e9voque la tranquillit\u00e9 en plein c\u0153ur du site naturel de La Flecha, une langue de sable qui s\u2019\u00e9tend entre l\u2019oc\u00e9an et la rivi\u00e8re Piedras. La v\u00e9g\u00e9tation, constitu\u00e9e principalement de pins parasols, linarias et gen\u00e9vriers c\u00f4tiers sp\u00e9cialement prot\u00e9g\u00e9s, abrite de remarquables esp\u00e8ces faunistiques, comme par exemple le cam\u00e9l\u00e9on. Plage nudiste.<\/p>\n<p>Cette plage, \u00e0 laquelle on acc\u00e8de facilement apr\u00e8s une courte travers\u00e9e en bateau (\u00e0 15 min) ou une passerelle qui traverse un merveilleux \u00e9cosyst\u00e8me de dunes, met \u00e0 disposition des visiteurs un service de chaises longues.<\/p>\n<h3>Plage Ca\u00f1o de la Culata (\u00e0 10 min en voiture et \u00e0 50 min \u00e0 pied)<\/h3>\n<p>La plage Ca\u00f1o de la Culata forme un paysage unique et privil\u00e9gi\u00e9, avec des dunes et des pin\u00e8des, entour\u00e9 par la v\u00e9g\u00e9tation typique des rives et des bancs de sable. Los Ca\u00f1os \u00e9taient les anciens lits des ruisseaux, les bras ou les affluents des rivi\u00e8res qui traversent les syst\u00e8mes de dunes pour se jeter dans la mer en formant des bancs de sable \u00e9lev\u00e9s.<\/p>\n<h3>Plage de San Miguel (\u00e0 8 min en voiture et \u00e0 40 min \u00e0 pied)<\/h3>\n<p>Ce petit coin de paradis aux eaux cristallines fut abandonn\u00e9 au XVIe si\u00e8cle apr\u00e8s l\u2019incursion de pirates barbaresques. Plus de 500 ans plus tard, il conserve cette tranquillit\u00e9 puisque sa plage, de sable fin et grandes dunes, est tr\u00e8s peu fr\u00e9quent\u00e9e. Entre les pin\u00e8des et les gen\u00e9vriers, on y trouve un beau point de vue pour contempler son paysage et ses couchers de soleil.<\/p>\n<h3>Plage du Nuevo Portil (\u00e0 5 min en voiture et \u00e0 20 min \u00e0 pied)<\/h3>\n<p>Les dunes, les pin\u00e8des et les tr\u00e8s longues plages o\u00f9 se perd le regard forment sans aucun doute l\u2019un des paysages les plus envo\u00fbtants de la Costa de la Luz. Fiers d\u2019arborer une des densit\u00e9s urbaines les plus basses d\u2019Espagne, les sites presque vierges de la Plage del Nuevo Portil et de la Plage de San Miguel vous permettront de retrouver le plaisir de la nature \u00e0 l\u2019\u00e9tat pur.[\/vc_column_text][\/vc_column][\/vc_row]\n","protected":false},"excerpt":{"rendered":"<p>[vc_row][vc_column el_class=\u00a0\u00bbdestination-content\u00a0\u00bb][vc_column_text] Les meilleures plages de El Rompido (Huelva) Les dunes, les pin\u00e8des et les grandes et longues plages avec une vue sans fin sur la mer, forment, sans aucun doute, l\u2019un des plus beaux paysages de la Costa de la Luz. Le littoral de Cartaya offre une v\u00e9g\u00e9tation vierge dans un site incomparable de<\/p>\n","protected":false},"author":6,"featured_media":1633,"parent":4578,"menu_order":0,"comment_status":"closed","ping_status":"closed","template":"templates\/destination-subpages.php","meta":{"footnotes":""},"class_list":["post-4560","page","type-page","status-publish","hentry"],"yoast_head":"<!-- This site is optimized with the Yoast SEO plugin v22.4 - https:\/\/yoast.com\/wordpress\/plugins\/seo\/ -->\n<title>Meilleures plages de El Rompido, Huelva, Plages Costa de la Luz<\/title>\n<meta name=\"description\" content=\"Dunes, pin\u00e8des, mer \u00e0 perte de vue, les plages de El Rompido font partie des plus belles plages de la Costa de la Luz - Vacances Hotel de plage Huelva.\" \/>\n<meta name=\"robots\" content=\"index, follow, max-snippet:-1, max-image-preview:large, max-video-preview:-1\" \/>\n<link rel=\"canonical\" href=\"https:\/\/www.fuertehoteles.com\/fr\/destinations\/vacances-el-rompido\/plages\/\" \/>\n<meta property=\"og:locale\" content=\"fr_FR\" \/>\n<meta property=\"og:type\" content=\"article\" \/>\n<meta property=\"og:title\" content=\"Meilleures plages de El Rompido, Huelva, Plages Costa de la Luz\" \/>\n<meta property=\"og:description\" content=\"Dunes, pin\u00e8des, mer \u00e0 perte de vue, les plages de El Rompido font partie des plus belles plages de la Costa de la Luz - Vacances Hotel de plage Huelva.\" \/>\n<meta property=\"og:url\" content=\"https:\/\/www.fuertehoteles.com\/fr\/destinations\/vacances-el-rompido\/plages\/\" \/>\n<meta property=\"og:site_name\" content=\"Fuerte Hoteles\" \/>\n<meta property=\"article:publisher\" content=\"https:\/\/www.facebook.com\/HotelesFuerte\" \/>\n<meta property=\"article:modified_time\" content=\"2021-12-20T14:25:15+00:00\" \/>\n<meta property=\"og:image\" content=\"https:\/\/www.fuertehoteles.com\/wp-content\/uploads\/2021\/11\/el-rompido-playas.jpg\" \/>\n\t<meta property=\"og:image:width\" content=\"1920\" \/>\n\t<meta property=\"og:image:height\" content=\"540\" \/>\n\t<meta property=\"og:image:type\" content=\"image\/jpeg\" \/>\n<meta name=\"twitter:card\" content=\"summary_large_image\" \/>\n<meta name=\"twitter:site\" content=\"@fuertehoteles\" \/>\n<meta name=\"twitter:label1\" content=\"Dur\u00e9e de lecture estim\u00e9e\" \/>\n\t<meta name=\"twitter:data1\" content=\"3 minutes\" \/>\n<script type=\"application\/ld+json\" class=\"yoast-schema-graph\">{\"@context\":\"https:\/\/schema.org\",\"@graph\":[{\"@type\":\"WebPage\",\"@id\":\"https:\/\/www.fuertehoteles.com\/fr\/destinations\/vacances-el-rompido\/plages\/\",\"url\":\"https:\/\/www.fuertehoteles.com\/fr\/destinations\/vacances-el-rompido\/plages\/\",\"name\":\"Meilleures plages de El Rompido, Huelva, Plages Costa de la Luz\",\"isPartOf\":{\"@id\":\"https:\/\/www.fuertehoteles.com\/#website\"},\"primaryImageOfPage\":{\"@id\":\"https:\/\/www.fuertehoteles.com\/fr\/destinations\/vacances-el-rompido\/plages\/#primaryimage\"},\"image\":{\"@id\":\"https:\/\/www.fuertehoteles.com\/fr\/destinations\/vacances-el-rompido\/plages\/#primaryimage\"},\"thumbnailUrl\":\"https:\/\/www.fuertehoteles.com\/wp-content\/uploads\/2021\/11\/el-rompido-playas.jpg\",\"datePublished\":\"2021-11-26T13:37:33+00:00\",\"dateModified\":\"2021-12-20T14:25:15+00:00\",\"description\":\"Dunes, pin\u00e8des, mer \u00e0 perte de vue, les plages de El Rompido font partie des plus belles plages de la Costa de la Luz - Vacances Hotel de plage Huelva.\",\"breadcrumb\":{\"@id\":\"https:\/\/www.fuertehoteles.com\/fr\/destinations\/vacances-el-rompido\/plages\/#breadcrumb\"},\"inLanguage\":\"fr-FR\",\"potentialAction\":[{\"@type\":\"ReadAction\",\"target\":[\"https:\/\/www.fuertehoteles.com\/fr\/destinations\/vacances-el-rompido\/plages\/\"]}]},{\"@type\":\"ImageObject\",\"inLanguage\":\"fr-FR\",\"@id\":\"https:\/\/www.fuertehoteles.com\/fr\/destinations\/vacances-el-rompido\/plages\/#primaryimage\",\"url\":\"https:\/\/www.fuertehoteles.com\/wp-content\/uploads\/2021\/11\/el-rompido-playas.jpg\",\"contentUrl\":\"https:\/\/www.fuertehoteles.com\/wp-content\/uploads\/2021\/11\/el-rompido-playas.jpg\",\"width\":1920,\"height\":540,\"caption\":\"Playas de El Rompido\"},{\"@type\":\"BreadcrumbList\",\"@id\":\"https:\/\/www.fuertehoteles.com\/fr\/destinations\/vacances-el-rompido\/plages\/#breadcrumb\",\"itemListElement\":[{\"@type\":\"ListItem\",\"position\":1,\"name\":\"Portada\",\"item\":\"https:\/\/www.fuertehoteles.com\/fr\/\"},{\"@type\":\"ListItem\",\"position\":2,\"name\":\"Nos Destinations\",\"item\":\"https:\/\/www.fuertehoteles.com\/fr\/destinations\/\"},{\"@type\":\"ListItem\",\"position\":3,\"name\":\"El Rompido\",\"item\":\"https:\/\/www.fuertehoteles.com\/fr\/destinations\/vacances-el-rompido\/\"},{\"@type\":\"ListItem\",\"position\":4,\"name\":\"Plages\"}]},{\"@type\":\"WebSite\",\"@id\":\"https:\/\/www.fuertehoteles.com\/#website\",\"url\":\"https:\/\/www.fuertehoteles.com\/\",\"name\":\"Fuerte Hoteles\",\"description\":\"\",\"publisher\":{\"@id\":\"https:\/\/www.fuertehoteles.com\/#organization\"},\"potentialAction\":[{\"@type\":\"SearchAction\",\"target\":{\"@type\":\"EntryPoint\",\"urlTemplate\":\"https:\/\/www.fuertehoteles.com\/?s={search_term_string}\"},\"query-input\":\"required name=search_term_string\"}],\"inLanguage\":\"fr-FR\"},{\"@type\":\"Organization\",\"@id\":\"https:\/\/www.fuertehoteles.com\/#organization\",\"name\":\"Fuerte Hoteles\",\"url\":\"https:\/\/www.fuertehoteles.com\/\",\"logo\":{\"@type\":\"ImageObject\",\"inLanguage\":\"fr-FR\",\"@id\":\"https:\/\/www.fuertehoteles.com\/#\/schema\/logo\/image\/\",\"url\":\"https:\/\/www.fuertehoteles.com\/wp-content\/uploads\/2022\/09\/logo-ffhh-1.jpg\",\"contentUrl\":\"https:\/\/www.fuertehoteles.com\/wp-content\/uploads\/2022\/09\/logo-ffhh-1.jpg\",\"width\":500,\"height\":500,\"caption\":\"Fuerte Hoteles\"},\"image\":{\"@id\":\"https:\/\/www.fuertehoteles.com\/#\/schema\/logo\/image\/\"},\"sameAs\":[\"https:\/\/www.facebook.com\/HotelesFuerte\",\"https:\/\/twitter.com\/fuertehoteles\",\"https:\/\/www.instagram.com\/fuertehoteles\/\",\"https:\/\/www.linkedin.com\/company\/fuerte-hoteles\/\",\"https:\/\/www.youtube.com\/user\/fuertehoteles\",\"https:\/\/en.wikipedia.org\/wiki\/Fuerte_Hotels\"]}]}<\/script>\n<!-- \/ Yoast SEO plugin. -->","yoast_head_json":{"title":"Meilleures plages de El Rompido, Huelva, Plages Costa de la Luz","description":"Dunes, pin\u00e8des, mer \u00e0 perte de vue, les plages de El Rompido font partie des plus belles plages de la Costa de la Luz - Vacances Hotel de plage Huelva.","robots":{"index":"index","follow":"follow","max-snippet":"max-snippet:-1","max-image-preview":"max-image-preview:large","max-video-preview":"max-video-preview:-1"},"canonical":"https:\/\/www.fuertehoteles.com\/fr\/destinations\/vacances-el-rompido\/plages\/","og_locale":"fr_FR","og_type":"article","og_title":"Meilleures plages de El Rompido, Huelva, Plages Costa de la Luz","og_description":"Dunes, pin\u00e8des, mer \u00e0 perte de vue, les plages de El Rompido font partie des plus belles plages de la Costa de la Luz - Vacances Hotel de plage Huelva.","og_url":"https:\/\/www.fuertehoteles.com\/fr\/destinations\/vacances-el-rompido\/plages\/","og_site_name":"Fuerte Hoteles","article_publisher":"https:\/\/www.facebook.com\/HotelesFuerte","article_modified_time":"2021-12-20T14:25:15+00:00","og_image":[{"width":1920,"height":540,"url":"https:\/\/www.fuertehoteles.com\/wp-content\/uploads\/2021\/11\/el-rompido-playas.jpg","type":"image\/jpeg"}],"twitter_card":"summary_large_image","twitter_site":"@fuertehoteles","twitter_misc":{"Dur\u00e9e de lecture estim\u00e9e":"3 minutes"},"schema":{"@context":"https:\/\/schema.org","@graph":[{"@type":"WebPage","@id":"https:\/\/www.fuertehoteles.com\/fr\/destinations\/vacances-el-rompido\/plages\/","url":"https:\/\/www.fuertehoteles.com\/fr\/destinations\/vacances-el-rompido\/plages\/","name":"Meilleures plages de El Rompido, Huelva, Plages Costa de la Luz","isPartOf":{"@id":"https:\/\/www.fuertehoteles.com\/#website"},"primaryImageOfPage":{"@id":"https:\/\/www.fuertehoteles.com\/fr\/destinations\/vacances-el-rompido\/plages\/#primaryimage"},"image":{"@id":"https:\/\/www.fuertehoteles.com\/fr\/destinations\/vacances-el-rompido\/plages\/#primaryimage"},"thumbnailUrl":"https:\/\/www.fuertehoteles.com\/wp-content\/uploads\/2021\/11\/el-rompido-playas.jpg","datePublished":"2021-11-26T13:37:33+00:00","dateModified":"2021-12-20T14:25:15+00:00","description":"Dunes, pin\u00e8des, mer \u00e0 perte de vue, les plages de El Rompido font partie des plus belles plages de la Costa de la Luz - Vacances Hotel de plage Huelva.","breadcrumb":{"@id":"https:\/\/www.fuertehoteles.com\/fr\/destinations\/vacances-el-rompido\/plages\/#breadcrumb"},"inLanguage":"fr-FR","potentialAction":[{"@type":"ReadAction","target":["https:\/\/www.fuertehoteles.com\/fr\/destinations\/vacances-el-rompido\/plages\/"]}]},{"@type":"ImageObject","inLanguage":"fr-FR","@id":"https:\/\/www.fuertehoteles.com\/fr\/destinations\/vacances-el-rompido\/plages\/#primaryimage","url":"https:\/\/www.fuertehoteles.com\/wp-content\/uploads\/2021\/11\/el-rompido-playas.jpg","contentUrl":"https:\/\/www.fuertehoteles.com\/wp-content\/uploads\/2021\/11\/el-rompido-playas.jpg","width":1920,"height":540,"caption":"Playas de El Rompido"},{"@type":"BreadcrumbList","@id":"https:\/\/www.fuertehoteles.com\/fr\/destinations\/vacances-el-rompido\/plages\/#breadcrumb","itemListElement":[{"@type":"ListItem","position":1,"name":"Portada","item":"https:\/\/www.fuertehoteles.com\/fr\/"},{"@type":"ListItem","position":2,"name":"Nos Destinations","item":"https:\/\/www.fuertehoteles.com\/fr\/destinations\/"},{"@type":"ListItem","position":3,"name":"El Rompido","item":"https:\/\/www.fuertehoteles.com\/fr\/destinations\/vacances-el-rompido\/"},{"@type":"ListItem","position":4,"name":"Plages"}]},{"@type":"WebSite","@id":"https:\/\/www.fuertehoteles.com\/#website","url":"https:\/\/www.fuertehoteles.com\/","name":"Fuerte Hoteles","description":"","publisher":{"@id":"https:\/\/www.fuertehoteles.com\/#organization"},"potentialAction":[{"@type":"SearchAction","target":{"@type":"EntryPoint","urlTemplate":"https:\/\/www.fuertehoteles.com\/?s={search_term_string}"},"query-input":"required name=search_term_string"}],"inLanguage":"fr-FR"},{"@type":"Organization","@id":"https:\/\/www.fuertehoteles.com\/#organization","name":"Fuerte Hoteles","url":"https:\/\/www.fuertehoteles.com\/","logo":{"@type":"ImageObject","inLanguage":"fr-FR","@id":"https:\/\/www.fuertehoteles.com\/#\/schema\/logo\/image\/","url":"https:\/\/www.fuertehoteles.com\/wp-content\/uploads\/2022\/09\/logo-ffhh-1.jpg","contentUrl":"https:\/\/www.fuertehoteles.com\/wp-content\/uploads\/2022\/09\/logo-ffhh-1.jpg","width":500,"height":500,"caption":"Fuerte Hoteles"},"image":{"@id":"https:\/\/www.fuertehoteles.com\/#\/schema\/logo\/image\/"},"sameAs":["https:\/\/www.facebook.com\/HotelesFuerte","https:\/\/twitter.com\/fuertehoteles","https:\/\/www.instagram.com\/fuertehoteles\/","https:\/\/www.linkedin.com\/company\/fuerte-hoteles\/","https:\/\/www.youtube.com\/user\/fuertehoteles","https:\/\/en.wikipedia.org\/wiki\/Fuerte_Hotels"]}]}},"_links":{"self":[{"href":"https:\/\/www.fuertehoteles.com\/fr\/wp-json\/wp\/v2\/pages\/4560","targetHints":{"allow":["GET"]}}],"collection":[{"href":"https:\/\/www.fuertehoteles.com\/fr\/wp-json\/wp\/v2\/pages"}],"about":[{"href":"https:\/\/www.fuertehoteles.com\/fr\/wp-json\/wp\/v2\/types\/page"}],"author":[{"embeddable":true,"href":"https:\/\/www.fuertehoteles.com\/fr\/wp-json\/wp\/v2\/users\/6"}],"replies":[{"embeddable":true,"href":"https:\/\/www.fuertehoteles.com\/fr\/wp-json\/wp\/v2\/comments?post=4560"}],"version-history":[{"count":1,"href":"https:\/\/www.fuertehoteles.com\/fr\/wp-json\/wp\/v2\/pages\/4560\/revisions"}],"predecessor-version":[{"id":151072,"href":"https:\/\/www.fuertehoteles.com\/fr\/wp-json\/wp\/v2\/pages\/4560\/revisions\/151072"}],"up":[{"embeddable":true,"href":"https:\/\/www.fuertehoteles.com\/fr\/wp-json\/wp\/v2\/pages\/4578"}],"wp:featuredmedia":[{"embeddable":true,"href":"https:\/\/www.fuertehoteles.com\/fr\/wp-json\/wp\/v2\/media\/1633"}],"wp:attachment":[{"href":"https:\/\/www.fuertehoteles.com\/fr\/wp-json\/wp\/v2\/media?parent=4560"}],"curies":[{"name":"wp","href":"https:\/\/api.w.org\/{rel}","templated":true}]}}