{"id":4667,"date":"2021-11-26T14:39:33","date_gmt":"2021-11-26T13:39:33","guid":{"rendered":"https:\/\/www.fuertehoteles.com\/nos-destinations\/vacances-el-rompido\/casco-antiguo\/"},"modified":"2021-12-21T10:21:10","modified_gmt":"2021-12-21T09:21:10","slug":"centre-historique","status":"publish","type":"page","link":"https:\/\/www.fuertehoteles.com\/fr\/destinations\/vacances-el-rompido\/centre-historique\/","title":{"rendered":"Centre historique"},"content":{"rendered":"[vc_row][vc_column el_class=\u00a0\u00bbdestination-content\u00a0\u00bb][vc_column_text]\n<h1>Le charme du centre historique D\u2019El Rompido<\/h1>\n<p>Les maisons de p\u00eacheurs D\u2019El Rompido, (Cartaya), fa\u00e7onnent l\u2019un des paysages urbains les plus autochtones d\u2019Andalousie. La simplicit\u00e9 de ses parfaites fa\u00e7ades blanches couronn\u00e9es de tuiles rouge\u00e2tres contraste avec l\u2019\u00e9l\u00e9gance des b\u00e2timents nobles.<\/p>\n<p>Vous pourrez vivre une exp\u00e9rience absolument remarquable dans ce beau petit village de Huelva, dont on souligne plus particuli\u00e8rement sa gastronomie, de m\u00eame que son architecture typiquement andalouse.<\/p>\n<p>Distances depuis l\u2019<a href=\"https:\/\/www.fuertehoteles.com\/fr\/hotel\/fuerte-rompido-cartaya\/lhotel\/\"><strong>H\u00f4tel Fuerte El Rompido<\/strong><\/a><\/p>\n<h3>Phares d\u2019El Rompido (\u00e0 2 min \u00e0 pied)<\/h3>\n<p>Deux phares surveillent cette c\u00f4te, bien qu\u2019actuellement seulement l\u2019un d\u2019eux soit en fonctionnement. Son phare a toujours guid\u00e9 les p\u00eacheurs de l\u2019Atlantique et ils sont consid\u00e9r\u00e9s l\u2019embl\u00e8me de ce petit village de p\u00eache.<\/p>\n<h3>Chapelle de Nuestra Se\u00f1ora de Consolaci\u00f3n (\u00e0 6 min \u00e0 pied)<\/h3>\n<p>Situ\u00e9e aux alentours du village, cette chapelle est un exemple de baroque andalou avec des apports mud\u00e9jars. La simplicit\u00e9 architecturale acquiert des proportions magiques, en un jeu de lignes droites et courbes fines. La chapelle h\u00e9berge la Vierge de la Consolation \u00e0 laquelle les cartayeros expriment toute leur d\u00e9votion.[\/vc_column_text][\/vc_column][\/vc_row]\n","protected":false},"excerpt":{"rendered":"<p>[vc_row][vc_column el_class=\u00a0\u00bbdestination-content\u00a0\u00bb][vc_column_text] Le charme du centre historique D\u2019El Rompido Les maisons de p\u00eacheurs D\u2019El Rompido, (Cartaya), fa\u00e7onnent l\u2019un des paysages urbains les plus autochtones d\u2019Andalousie. La simplicit\u00e9 de ses parfaites fa\u00e7ades blanches couronn\u00e9es de tuiles rouge\u00e2tres contraste avec l\u2019\u00e9l\u00e9gance des b\u00e2timents nobles. Vous pourrez vivre une exp\u00e9rience absolument remarquable dans ce beau petit village de<\/p>\n","protected":false},"author":6,"featured_media":1637,"parent":4578,"menu_order":0,"comment_status":"closed","ping_status":"closed","template":"templates\/destination-subpages.php","meta":{"footnotes":""},"class_list":["post-4667","page","type-page","status-publish","hentry"],"yoast_head":"<!-- This site is optimized with the Yoast SEO plugin v22.4 - https:\/\/yoast.com\/wordpress\/plugins\/seo\/ -->\n<title>El Rompido centre historique (Huelva), Costa de la Luz tourisme<\/title>\n<meta name=\"description\" content=\"Le village de p\u00eache d&#039;El Rompido est l&#039;un des lieux les plus typiques de la Costa de la Luz. El Rompido centre historique, Huelva.\" \/>\n<meta name=\"robots\" content=\"index, follow, max-snippet:-1, max-image-preview:large, max-video-preview:-1\" \/>\n<link rel=\"canonical\" href=\"https:\/\/www.fuertehoteles.com\/fr\/destinations\/vacances-el-rompido\/centre-historique\/\" \/>\n<meta property=\"og:locale\" content=\"fr_FR\" \/>\n<meta property=\"og:type\" content=\"article\" \/>\n<meta property=\"og:title\" content=\"El Rompido centre historique (Huelva), Costa de la Luz tourisme\" \/>\n<meta property=\"og:description\" content=\"Le village de p\u00eache d&#039;El Rompido est l&#039;un des lieux les plus typiques de la Costa de la Luz. El Rompido centre historique, Huelva.\" \/>\n<meta property=\"og:url\" content=\"https:\/\/www.fuertehoteles.com\/fr\/destinations\/vacances-el-rompido\/centre-historique\/\" \/>\n<meta property=\"og:site_name\" content=\"Fuerte Hoteles\" \/>\n<meta property=\"article:publisher\" content=\"https:\/\/www.facebook.com\/HotelesFuerte\" \/>\n<meta property=\"article:modified_time\" content=\"2021-12-21T09:21:10+00:00\" \/>\n<meta property=\"og:image\" content=\"https:\/\/www.fuertehoteles.com\/wp-content\/uploads\/2021\/11\/el-rompido-casco-antiguo.jpg\" \/>\n\t<meta property=\"og:image:width\" content=\"1920\" \/>\n\t<meta property=\"og:image:height\" content=\"540\" \/>\n\t<meta property=\"og:image:type\" content=\"image\/jpeg\" \/>\n<meta name=\"twitter:card\" content=\"summary_large_image\" \/>\n<meta name=\"twitter:site\" content=\"@fuertehoteles\" \/>\n<meta name=\"twitter:label1\" content=\"Dur\u00e9e de lecture estim\u00e9e\" \/>\n\t<meta name=\"twitter:data1\" content=\"1 minute\" \/>\n<script type=\"application\/ld+json\" class=\"yoast-schema-graph\">{\"@context\":\"https:\/\/schema.org\",\"@graph\":[{\"@type\":\"WebPage\",\"@id\":\"https:\/\/www.fuertehoteles.com\/fr\/destinations\/vacances-el-rompido\/centre-historique\/\",\"url\":\"https:\/\/www.fuertehoteles.com\/fr\/destinations\/vacances-el-rompido\/centre-historique\/\",\"name\":\"El Rompido centre historique (Huelva), Costa de la Luz tourisme\",\"isPartOf\":{\"@id\":\"https:\/\/www.fuertehoteles.com\/#website\"},\"primaryImageOfPage\":{\"@id\":\"https:\/\/www.fuertehoteles.com\/fr\/destinations\/vacances-el-rompido\/centre-historique\/#primaryimage\"},\"image\":{\"@id\":\"https:\/\/www.fuertehoteles.com\/fr\/destinations\/vacances-el-rompido\/centre-historique\/#primaryimage\"},\"thumbnailUrl\":\"https:\/\/www.fuertehoteles.com\/wp-content\/uploads\/2021\/11\/el-rompido-casco-antiguo.jpg\",\"datePublished\":\"2021-11-26T13:39:33+00:00\",\"dateModified\":\"2021-12-21T09:21:10+00:00\",\"description\":\"Le village de p\u00eache d'El Rompido est l'un des lieux les plus typiques de la Costa de la Luz. El Rompido centre historique, Huelva.\",\"breadcrumb\":{\"@id\":\"https:\/\/www.fuertehoteles.com\/fr\/destinations\/vacances-el-rompido\/centre-historique\/#breadcrumb\"},\"inLanguage\":\"fr-FR\",\"potentialAction\":[{\"@type\":\"ReadAction\",\"target\":[\"https:\/\/www.fuertehoteles.com\/fr\/destinations\/vacances-el-rompido\/centre-historique\/\"]}]},{\"@type\":\"ImageObject\",\"inLanguage\":\"fr-FR\",\"@id\":\"https:\/\/www.fuertehoteles.com\/fr\/destinations\/vacances-el-rompido\/centre-historique\/#primaryimage\",\"url\":\"https:\/\/www.fuertehoteles.com\/wp-content\/uploads\/2021\/11\/el-rompido-casco-antiguo.jpg\",\"contentUrl\":\"https:\/\/www.fuertehoteles.com\/wp-content\/uploads\/2021\/11\/el-rompido-casco-antiguo.jpg\",\"width\":1920,\"height\":540,\"caption\":\"El Rompido\"},{\"@type\":\"BreadcrumbList\",\"@id\":\"https:\/\/www.fuertehoteles.com\/fr\/destinations\/vacances-el-rompido\/centre-historique\/#breadcrumb\",\"itemListElement\":[{\"@type\":\"ListItem\",\"position\":1,\"name\":\"Portada\",\"item\":\"https:\/\/www.fuertehoteles.com\/fr\/\"},{\"@type\":\"ListItem\",\"position\":2,\"name\":\"Nos Destinations\",\"item\":\"https:\/\/www.fuertehoteles.com\/fr\/destinations\/\"},{\"@type\":\"ListItem\",\"position\":3,\"name\":\"El Rompido\",\"item\":\"https:\/\/www.fuertehoteles.com\/fr\/destinations\/vacances-el-rompido\/\"},{\"@type\":\"ListItem\",\"position\":4,\"name\":\"Centre historique\"}]},{\"@type\":\"WebSite\",\"@id\":\"https:\/\/www.fuertehoteles.com\/#website\",\"url\":\"https:\/\/www.fuertehoteles.com\/\",\"name\":\"Fuerte Hoteles\",\"description\":\"\",\"publisher\":{\"@id\":\"https:\/\/www.fuertehoteles.com\/#organization\"},\"potentialAction\":[{\"@type\":\"SearchAction\",\"target\":{\"@type\":\"EntryPoint\",\"urlTemplate\":\"https:\/\/www.fuertehoteles.com\/?s={search_term_string}\"},\"query-input\":\"required name=search_term_string\"}],\"inLanguage\":\"fr-FR\"},{\"@type\":\"Organization\",\"@id\":\"https:\/\/www.fuertehoteles.com\/#organization\",\"name\":\"Fuerte Hoteles\",\"url\":\"https:\/\/www.fuertehoteles.com\/\",\"logo\":{\"@type\":\"ImageObject\",\"inLanguage\":\"fr-FR\",\"@id\":\"https:\/\/www.fuertehoteles.com\/#\/schema\/logo\/image\/\",\"url\":\"https:\/\/www.fuertehoteles.com\/wp-content\/uploads\/2022\/09\/logo-ffhh-1.jpg\",\"contentUrl\":\"https:\/\/www.fuertehoteles.com\/wp-content\/uploads\/2022\/09\/logo-ffhh-1.jpg\",\"width\":500,\"height\":500,\"caption\":\"Fuerte Hoteles\"},\"image\":{\"@id\":\"https:\/\/www.fuertehoteles.com\/#\/schema\/logo\/image\/\"},\"sameAs\":[\"https:\/\/www.facebook.com\/HotelesFuerte\",\"https:\/\/twitter.com\/fuertehoteles\",\"https:\/\/www.instagram.com\/fuertehoteles\/\",\"https:\/\/www.linkedin.com\/company\/fuerte-hoteles\/\",\"https:\/\/www.youtube.com\/user\/fuertehoteles\",\"https:\/\/en.wikipedia.org\/wiki\/Fuerte_Hotels\"]}]}<\/script>\n<!-- \/ Yoast SEO plugin. -->","yoast_head_json":{"title":"El Rompido centre historique (Huelva), Costa de la Luz tourisme","description":"Le village de p\u00eache d'El Rompido est l'un des lieux les plus typiques de la Costa de la Luz. El Rompido centre historique, Huelva.","robots":{"index":"index","follow":"follow","max-snippet":"max-snippet:-1","max-image-preview":"max-image-preview:large","max-video-preview":"max-video-preview:-1"},"canonical":"https:\/\/www.fuertehoteles.com\/fr\/destinations\/vacances-el-rompido\/centre-historique\/","og_locale":"fr_FR","og_type":"article","og_title":"El Rompido centre historique (Huelva), Costa de la Luz tourisme","og_description":"Le village de p\u00eache d'El Rompido est l'un des lieux les plus typiques de la Costa de la Luz. El Rompido centre historique, Huelva.","og_url":"https:\/\/www.fuertehoteles.com\/fr\/destinations\/vacances-el-rompido\/centre-historique\/","og_site_name":"Fuerte Hoteles","article_publisher":"https:\/\/www.facebook.com\/HotelesFuerte","article_modified_time":"2021-12-21T09:21:10+00:00","og_image":[{"width":1920,"height":540,"url":"https:\/\/www.fuertehoteles.com\/wp-content\/uploads\/2021\/11\/el-rompido-casco-antiguo.jpg","type":"image\/jpeg"}],"twitter_card":"summary_large_image","twitter_site":"@fuertehoteles","twitter_misc":{"Dur\u00e9e de lecture estim\u00e9e":"1 minute"},"schema":{"@context":"https:\/\/schema.org","@graph":[{"@type":"WebPage","@id":"https:\/\/www.fuertehoteles.com\/fr\/destinations\/vacances-el-rompido\/centre-historique\/","url":"https:\/\/www.fuertehoteles.com\/fr\/destinations\/vacances-el-rompido\/centre-historique\/","name":"El Rompido centre historique (Huelva), Costa de la Luz tourisme","isPartOf":{"@id":"https:\/\/www.fuertehoteles.com\/#website"},"primaryImageOfPage":{"@id":"https:\/\/www.fuertehoteles.com\/fr\/destinations\/vacances-el-rompido\/centre-historique\/#primaryimage"},"image":{"@id":"https:\/\/www.fuertehoteles.com\/fr\/destinations\/vacances-el-rompido\/centre-historique\/#primaryimage"},"thumbnailUrl":"https:\/\/www.fuertehoteles.com\/wp-content\/uploads\/2021\/11\/el-rompido-casco-antiguo.jpg","datePublished":"2021-11-26T13:39:33+00:00","dateModified":"2021-12-21T09:21:10+00:00","description":"Le village de p\u00eache d'El Rompido est l'un des lieux les plus typiques de la Costa de la Luz. El Rompido centre historique, Huelva.","breadcrumb":{"@id":"https:\/\/www.fuertehoteles.com\/fr\/destinations\/vacances-el-rompido\/centre-historique\/#breadcrumb"},"inLanguage":"fr-FR","potentialAction":[{"@type":"ReadAction","target":["https:\/\/www.fuertehoteles.com\/fr\/destinations\/vacances-el-rompido\/centre-historique\/"]}]},{"@type":"ImageObject","inLanguage":"fr-FR","@id":"https:\/\/www.fuertehoteles.com\/fr\/destinations\/vacances-el-rompido\/centre-historique\/#primaryimage","url":"https:\/\/www.fuertehoteles.com\/wp-content\/uploads\/2021\/11\/el-rompido-casco-antiguo.jpg","contentUrl":"https:\/\/www.fuertehoteles.com\/wp-content\/uploads\/2021\/11\/el-rompido-casco-antiguo.jpg","width":1920,"height":540,"caption":"El Rompido"},{"@type":"BreadcrumbList","@id":"https:\/\/www.fuertehoteles.com\/fr\/destinations\/vacances-el-rompido\/centre-historique\/#breadcrumb","itemListElement":[{"@type":"ListItem","position":1,"name":"Portada","item":"https:\/\/www.fuertehoteles.com\/fr\/"},{"@type":"ListItem","position":2,"name":"Nos Destinations","item":"https:\/\/www.fuertehoteles.com\/fr\/destinations\/"},{"@type":"ListItem","position":3,"name":"El Rompido","item":"https:\/\/www.fuertehoteles.com\/fr\/destinations\/vacances-el-rompido\/"},{"@type":"ListItem","position":4,"name":"Centre historique"}]},{"@type":"WebSite","@id":"https:\/\/www.fuertehoteles.com\/#website","url":"https:\/\/www.fuertehoteles.com\/","name":"Fuerte Hoteles","description":"","publisher":{"@id":"https:\/\/www.fuertehoteles.com\/#organization"},"potentialAction":[{"@type":"SearchAction","target":{"@type":"EntryPoint","urlTemplate":"https:\/\/www.fuertehoteles.com\/?s={search_term_string}"},"query-input":"required name=search_term_string"}],"inLanguage":"fr-FR"},{"@type":"Organization","@id":"https:\/\/www.fuertehoteles.com\/#organization","name":"Fuerte Hoteles","url":"https:\/\/www.fuertehoteles.com\/","logo":{"@type":"ImageObject","inLanguage":"fr-FR","@id":"https:\/\/www.fuertehoteles.com\/#\/schema\/logo\/image\/","url":"https:\/\/www.fuertehoteles.com\/wp-content\/uploads\/2022\/09\/logo-ffhh-1.jpg","contentUrl":"https:\/\/www.fuertehoteles.com\/wp-content\/uploads\/2022\/09\/logo-ffhh-1.jpg","width":500,"height":500,"caption":"Fuerte Hoteles"},"image":{"@id":"https:\/\/www.fuertehoteles.com\/#\/schema\/logo\/image\/"},"sameAs":["https:\/\/www.facebook.com\/HotelesFuerte","https:\/\/twitter.com\/fuertehoteles","https:\/\/www.instagram.com\/fuertehoteles\/","https:\/\/www.linkedin.com\/company\/fuerte-hoteles\/","https:\/\/www.youtube.com\/user\/fuertehoteles","https:\/\/en.wikipedia.org\/wiki\/Fuerte_Hotels"]}]}},"_links":{"self":[{"href":"https:\/\/www.fuertehoteles.com\/fr\/wp-json\/wp\/v2\/pages\/4667","targetHints":{"allow":["GET"]}}],"collection":[{"href":"https:\/\/www.fuertehoteles.com\/fr\/wp-json\/wp\/v2\/pages"}],"about":[{"href":"https:\/\/www.fuertehoteles.com\/fr\/wp-json\/wp\/v2\/types\/page"}],"author":[{"embeddable":true,"href":"https:\/\/www.fuertehoteles.com\/fr\/wp-json\/wp\/v2\/users\/6"}],"replies":[{"embeddable":true,"href":"https:\/\/www.fuertehoteles.com\/fr\/wp-json\/wp\/v2\/comments?post=4667"}],"version-history":[{"count":0,"href":"https:\/\/www.fuertehoteles.com\/fr\/wp-json\/wp\/v2\/pages\/4667\/revisions"}],"up":[{"embeddable":true,"href":"https:\/\/www.fuertehoteles.com\/fr\/wp-json\/wp\/v2\/pages\/4578"}],"wp:featuredmedia":[{"embeddable":true,"href":"https:\/\/www.fuertehoteles.com\/fr\/wp-json\/wp\/v2\/media\/1637"}],"wp:attachment":[{"href":"https:\/\/www.fuertehoteles.com\/fr\/wp-json\/wp\/v2\/media?parent=4667"}],"curies":[{"name":"wp","href":"https:\/\/api.w.org\/{rel}","templated":true}]}}