{"id":4676,"date":"2021-11-26T14:45:13","date_gmt":"2021-11-26T13:45:13","guid":{"rendered":"https:\/\/www.fuertehoteles.com\/nos-destinations\/vacances-el-rompido\/compras\/"},"modified":"2021-12-21T10:31:20","modified_gmt":"2021-12-21T09:31:20","slug":"achats","status":"publish","type":"page","link":"https:\/\/www.fuertehoteles.com\/fr\/destinations\/vacances-el-rompido\/achats\/","title":{"rendered":"Achats"},"content":{"rendered":"[vc_row][vc_column el_class=\u00a0\u00bbdestination-content\u00a0\u00bb][vc_column_text]\n<h1>Les meilleurs achats \u00e0 El Rompido, Huelva<\/h1>\n<p>(Distances depuis l\u2019<a href=\"https:\/\/www.fuertehoteles.com\/fr\/hotel\/fuerte-rompido-cartaya\/lhotel\/\"><strong>H\u00f4tel Fuerte El Rompido<\/strong><\/a>)<\/p>\n<h2>El Rompido<\/h2>\n<p>El Rompido est un endroit tr\u00e8s pratique pour faire du shopping, vous y trouverez tous types d\u2019articles, aussi bien des produits r\u00e9gionaux que des souvenirs ou des boutiques de mode. Le Centre Commercial El Faro est un tr\u00e8s bon endroit pour faire du shopping.<\/p>\n<h3>Le jambon, de Jabugo<\/h3>\n<p>Le jambon de Jabugo est connu dans le monde entier par sa qualit\u00e9 et sa saveur. Les <strong>porcs ib\u00e9riques sont aliment\u00e9s \u00e0 base de glands<\/strong>, ce qui permet de produire une <strong>viande de jambon de tr\u00e8s haute qualit\u00e9<\/strong>. Pour acheter le meilleur jambon de Jabugo, rendez-vous \u00e0 :<\/p>\n<ul>\n<li>Centre Commercial El Faro \u2013 Supermarch\u00e9 El Jam\u00f3n (\u00e0 3 min \u00e0 pied)<\/li>\n<li>La Serran\u00eda (\u00e0 15 min en voiture), Cartaya<\/li>\n<\/ul>\n<h3>Pour les douceurs, el \u2018Pi\u00f1onate\u2019 (p\u00e2tisseries \u00e0 la pigne de pin)<\/h3>\n<p>Les plus gourmands auront du mal \u00e0 ne pas se laisser tenter par les recettes typiques du terroir, transmises de g\u00e9n\u00e9ration en g\u00e9n\u00e9ration : les <strong>petits fours aux pignons<\/strong> et la <strong>Tarte Royale.<\/strong> Pour acheter des p\u00e2tisseries rendez-vous \u00e0 :<\/p>\n<ul>\n<li>La Flor de la Canela, Cartaya (\u00e0 15 min en voiture ou \u00e0 15 min \u00e0 pied)<\/li>\n<li>Boulangerie Consolaci\u00f3n, Cartaya (\u00e0 15 min en voiture)<\/li>\n<\/ul>\n<h3>Cadeaux et souvenirs<\/h3>\n<p>El Rompido vous offre un grand choix d\u2019\u00e9tablissements de vente de cadeaux et de souvenirs, avec les articles et les produits caract\u00e9ristiques et typiques de cette ville.<\/p>\n<ul>\n<li>Artisanat Ram\u00e1iz (\u00e0 15 min en voiture), Cartaya<\/li>\n<li>Acaparra (\u00e0 15 min en voiture), Cartaya Inicio<\/li>\n<\/ul>\n<h2>Ayamonte (\u00e0 30 min en voiture)<\/h2>\n<p>Ayamonte est un village de <strong>tradition commerciale<\/strong> de par sa <strong>localisation frontali\u00e8re avec le Portugal,<\/strong> nous vous recommandons fortement de le visiter pour y faire de bons achats.<\/p>\n<h2>Villa Real \u2013 Portugal (\u00e0 35 min en voiture) Portugal<\/h2>\n<p>Le Portugal est une excellente destination pour acheter des produits artisanaux, en soulignant tout particuli\u00e8rement le secteur textile, de m\u00eame que les produits gastronomiques.<\/p>\n<h2>Huelva (\u00e0 35 min en voiture)<\/h2>\n<p>Huelva dispose d\u2019une vaste offre commerciale gr\u00e2ce au Centre Commercial Abierto, o\u00f9 r\u00e9aliser tout type de shopping. On aime aussi ses <strong>petits march\u00e9s et centres commerciaux,<\/strong> dont on souligne tout particuli\u00e8rement le Centre Commercial Aqual\u00f3n Puerto ou le Centre Commercial Costa Luz.[\/vc_column_text][\/vc_column][\/vc_row]\n","protected":false},"excerpt":{"rendered":"<p>[vc_row][vc_column el_class=\u00a0\u00bbdestination-content\u00a0\u00bb][vc_column_text] Les meilleurs achats \u00e0 El Rompido, Huelva (Distances depuis l\u2019H\u00f4tel Fuerte El Rompido) El Rompido El Rompido est un endroit tr\u00e8s pratique pour faire du shopping, vous y trouverez tous types d\u2019articles, aussi bien des produits r\u00e9gionaux que des souvenirs ou des boutiques de mode. Le Centre Commercial El Faro est un tr\u00e8s<\/p>\n","protected":false},"author":6,"featured_media":1641,"parent":4578,"menu_order":0,"comment_status":"closed","ping_status":"closed","template":"templates\/destination-subpages.php","meta":{"footnotes":""},"class_list":["post-4676","page","type-page","status-publish","hentry"],"yoast_head":"<!-- This site is optimized with the Yoast SEO plugin v22.4 - https:\/\/yoast.com\/wordpress\/plugins\/seo\/ -->\n<title>Les meilleurs achats \u00e0 El Rompido, Huelva shopping<\/title>\n<meta name=\"description\" content=\"Souvenirs, mode, produits, locaux, El Rompido (Huelva) est un lieu id\u00e9al pour le shopping. Les meilleurs achats \u00e0 El Rompido, Huelva.\" \/>\n<meta name=\"robots\" content=\"index, follow, max-snippet:-1, max-image-preview:large, max-video-preview:-1\" \/>\n<link rel=\"canonical\" href=\"https:\/\/www.fuertehoteles.com\/fr\/destinations\/vacances-el-rompido\/achats\/\" \/>\n<meta property=\"og:locale\" content=\"fr_FR\" \/>\n<meta property=\"og:type\" content=\"article\" \/>\n<meta property=\"og:title\" content=\"Les meilleurs achats \u00e0 El Rompido, Huelva shopping\" \/>\n<meta property=\"og:description\" content=\"Souvenirs, mode, produits, locaux, El Rompido (Huelva) est un lieu id\u00e9al pour le shopping. Les meilleurs achats \u00e0 El Rompido, Huelva.\" \/>\n<meta property=\"og:url\" content=\"https:\/\/www.fuertehoteles.com\/fr\/destinations\/vacances-el-rompido\/achats\/\" \/>\n<meta property=\"og:site_name\" content=\"Fuerte Hoteles\" \/>\n<meta property=\"article:publisher\" content=\"https:\/\/www.facebook.com\/HotelesFuerte\" \/>\n<meta property=\"article:modified_time\" content=\"2021-12-21T09:31:20+00:00\" \/>\n<meta property=\"og:image\" content=\"https:\/\/www.fuertehoteles.com\/wp-content\/uploads\/2021\/11\/el-rompido-compras-1.jpg\" \/>\n\t<meta property=\"og:image:width\" content=\"1920\" \/>\n\t<meta property=\"og:image:height\" content=\"540\" \/>\n\t<meta property=\"og:image:type\" content=\"image\/jpeg\" \/>\n<meta name=\"twitter:card\" content=\"summary_large_image\" \/>\n<meta name=\"twitter:site\" content=\"@fuertehoteles\" \/>\n<meta name=\"twitter:label1\" content=\"Dur\u00e9e de lecture estim\u00e9e\" \/>\n\t<meta name=\"twitter:data1\" content=\"2 minutes\" \/>\n<script type=\"application\/ld+json\" class=\"yoast-schema-graph\">{\"@context\":\"https:\/\/schema.org\",\"@graph\":[{\"@type\":\"WebPage\",\"@id\":\"https:\/\/www.fuertehoteles.com\/fr\/destinations\/vacances-el-rompido\/achats\/\",\"url\":\"https:\/\/www.fuertehoteles.com\/fr\/destinations\/vacances-el-rompido\/achats\/\",\"name\":\"Les meilleurs achats \u00e0 El Rompido, Huelva shopping\",\"isPartOf\":{\"@id\":\"https:\/\/www.fuertehoteles.com\/#website\"},\"primaryImageOfPage\":{\"@id\":\"https:\/\/www.fuertehoteles.com\/fr\/destinations\/vacances-el-rompido\/achats\/#primaryimage\"},\"image\":{\"@id\":\"https:\/\/www.fuertehoteles.com\/fr\/destinations\/vacances-el-rompido\/achats\/#primaryimage\"},\"thumbnailUrl\":\"https:\/\/www.fuertehoteles.com\/wp-content\/uploads\/2021\/11\/el-rompido-compras-1.jpg\",\"datePublished\":\"2021-11-26T13:45:13+00:00\",\"dateModified\":\"2021-12-21T09:31:20+00:00\",\"description\":\"Souvenirs, mode, produits, locaux, El Rompido (Huelva) est un lieu id\u00e9al pour le shopping. Les meilleurs achats \u00e0 El Rompido, Huelva.\",\"breadcrumb\":{\"@id\":\"https:\/\/www.fuertehoteles.com\/fr\/destinations\/vacances-el-rompido\/achats\/#breadcrumb\"},\"inLanguage\":\"fr-FR\",\"potentialAction\":[{\"@type\":\"ReadAction\",\"target\":[\"https:\/\/www.fuertehoteles.com\/fr\/destinations\/vacances-el-rompido\/achats\/\"]}]},{\"@type\":\"ImageObject\",\"inLanguage\":\"fr-FR\",\"@id\":\"https:\/\/www.fuertehoteles.com\/fr\/destinations\/vacances-el-rompido\/achats\/#primaryimage\",\"url\":\"https:\/\/www.fuertehoteles.com\/wp-content\/uploads\/2021\/11\/el-rompido-compras-1.jpg\",\"contentUrl\":\"https:\/\/www.fuertehoteles.com\/wp-content\/uploads\/2021\/11\/el-rompido-compras-1.jpg\",\"width\":1920,\"height\":540,\"caption\":\"Ir de compra en El Rompido\"},{\"@type\":\"BreadcrumbList\",\"@id\":\"https:\/\/www.fuertehoteles.com\/fr\/destinations\/vacances-el-rompido\/achats\/#breadcrumb\",\"itemListElement\":[{\"@type\":\"ListItem\",\"position\":1,\"name\":\"Portada\",\"item\":\"https:\/\/www.fuertehoteles.com\/fr\/\"},{\"@type\":\"ListItem\",\"position\":2,\"name\":\"Nos Destinations\",\"item\":\"https:\/\/www.fuertehoteles.com\/fr\/destinations\/\"},{\"@type\":\"ListItem\",\"position\":3,\"name\":\"El Rompido\",\"item\":\"https:\/\/www.fuertehoteles.com\/fr\/destinations\/vacances-el-rompido\/\"},{\"@type\":\"ListItem\",\"position\":4,\"name\":\"Achats\"}]},{\"@type\":\"WebSite\",\"@id\":\"https:\/\/www.fuertehoteles.com\/#website\",\"url\":\"https:\/\/www.fuertehoteles.com\/\",\"name\":\"Fuerte Hoteles\",\"description\":\"\",\"publisher\":{\"@id\":\"https:\/\/www.fuertehoteles.com\/#organization\"},\"potentialAction\":[{\"@type\":\"SearchAction\",\"target\":{\"@type\":\"EntryPoint\",\"urlTemplate\":\"https:\/\/www.fuertehoteles.com\/?s={search_term_string}\"},\"query-input\":\"required name=search_term_string\"}],\"inLanguage\":\"fr-FR\"},{\"@type\":\"Organization\",\"@id\":\"https:\/\/www.fuertehoteles.com\/#organization\",\"name\":\"Fuerte Hoteles\",\"url\":\"https:\/\/www.fuertehoteles.com\/\",\"logo\":{\"@type\":\"ImageObject\",\"inLanguage\":\"fr-FR\",\"@id\":\"https:\/\/www.fuertehoteles.com\/#\/schema\/logo\/image\/\",\"url\":\"https:\/\/www.fuertehoteles.com\/wp-content\/uploads\/2022\/09\/logo-ffhh-1.jpg\",\"contentUrl\":\"https:\/\/www.fuertehoteles.com\/wp-content\/uploads\/2022\/09\/logo-ffhh-1.jpg\",\"width\":500,\"height\":500,\"caption\":\"Fuerte Hoteles\"},\"image\":{\"@id\":\"https:\/\/www.fuertehoteles.com\/#\/schema\/logo\/image\/\"},\"sameAs\":[\"https:\/\/www.facebook.com\/HotelesFuerte\",\"https:\/\/twitter.com\/fuertehoteles\",\"https:\/\/www.instagram.com\/fuertehoteles\/\",\"https:\/\/www.linkedin.com\/company\/fuerte-hoteles\/\",\"https:\/\/www.youtube.com\/user\/fuertehoteles\",\"https:\/\/en.wikipedia.org\/wiki\/Fuerte_Hotels\"]}]}<\/script>\n<!-- \/ Yoast SEO plugin. -->","yoast_head_json":{"title":"Les meilleurs achats \u00e0 El Rompido, Huelva shopping","description":"Souvenirs, mode, produits, locaux, El Rompido (Huelva) est un lieu id\u00e9al pour le shopping. Les meilleurs achats \u00e0 El Rompido, Huelva.","robots":{"index":"index","follow":"follow","max-snippet":"max-snippet:-1","max-image-preview":"max-image-preview:large","max-video-preview":"max-video-preview:-1"},"canonical":"https:\/\/www.fuertehoteles.com\/fr\/destinations\/vacances-el-rompido\/achats\/","og_locale":"fr_FR","og_type":"article","og_title":"Les meilleurs achats \u00e0 El Rompido, Huelva shopping","og_description":"Souvenirs, mode, produits, locaux, El Rompido (Huelva) est un lieu id\u00e9al pour le shopping. Les meilleurs achats \u00e0 El Rompido, Huelva.","og_url":"https:\/\/www.fuertehoteles.com\/fr\/destinations\/vacances-el-rompido\/achats\/","og_site_name":"Fuerte Hoteles","article_publisher":"https:\/\/www.facebook.com\/HotelesFuerte","article_modified_time":"2021-12-21T09:31:20+00:00","og_image":[{"width":1920,"height":540,"url":"https:\/\/www.fuertehoteles.com\/wp-content\/uploads\/2021\/11\/el-rompido-compras-1.jpg","type":"image\/jpeg"}],"twitter_card":"summary_large_image","twitter_site":"@fuertehoteles","twitter_misc":{"Dur\u00e9e de lecture estim\u00e9e":"2 minutes"},"schema":{"@context":"https:\/\/schema.org","@graph":[{"@type":"WebPage","@id":"https:\/\/www.fuertehoteles.com\/fr\/destinations\/vacances-el-rompido\/achats\/","url":"https:\/\/www.fuertehoteles.com\/fr\/destinations\/vacances-el-rompido\/achats\/","name":"Les meilleurs achats \u00e0 El Rompido, Huelva shopping","isPartOf":{"@id":"https:\/\/www.fuertehoteles.com\/#website"},"primaryImageOfPage":{"@id":"https:\/\/www.fuertehoteles.com\/fr\/destinations\/vacances-el-rompido\/achats\/#primaryimage"},"image":{"@id":"https:\/\/www.fuertehoteles.com\/fr\/destinations\/vacances-el-rompido\/achats\/#primaryimage"},"thumbnailUrl":"https:\/\/www.fuertehoteles.com\/wp-content\/uploads\/2021\/11\/el-rompido-compras-1.jpg","datePublished":"2021-11-26T13:45:13+00:00","dateModified":"2021-12-21T09:31:20+00:00","description":"Souvenirs, mode, produits, locaux, El Rompido (Huelva) est un lieu id\u00e9al pour le shopping. Les meilleurs achats \u00e0 El Rompido, Huelva.","breadcrumb":{"@id":"https:\/\/www.fuertehoteles.com\/fr\/destinations\/vacances-el-rompido\/achats\/#breadcrumb"},"inLanguage":"fr-FR","potentialAction":[{"@type":"ReadAction","target":["https:\/\/www.fuertehoteles.com\/fr\/destinations\/vacances-el-rompido\/achats\/"]}]},{"@type":"ImageObject","inLanguage":"fr-FR","@id":"https:\/\/www.fuertehoteles.com\/fr\/destinations\/vacances-el-rompido\/achats\/#primaryimage","url":"https:\/\/www.fuertehoteles.com\/wp-content\/uploads\/2021\/11\/el-rompido-compras-1.jpg","contentUrl":"https:\/\/www.fuertehoteles.com\/wp-content\/uploads\/2021\/11\/el-rompido-compras-1.jpg","width":1920,"height":540,"caption":"Ir de compra en El Rompido"},{"@type":"BreadcrumbList","@id":"https:\/\/www.fuertehoteles.com\/fr\/destinations\/vacances-el-rompido\/achats\/#breadcrumb","itemListElement":[{"@type":"ListItem","position":1,"name":"Portada","item":"https:\/\/www.fuertehoteles.com\/fr\/"},{"@type":"ListItem","position":2,"name":"Nos Destinations","item":"https:\/\/www.fuertehoteles.com\/fr\/destinations\/"},{"@type":"ListItem","position":3,"name":"El Rompido","item":"https:\/\/www.fuertehoteles.com\/fr\/destinations\/vacances-el-rompido\/"},{"@type":"ListItem","position":4,"name":"Achats"}]},{"@type":"WebSite","@id":"https:\/\/www.fuertehoteles.com\/#website","url":"https:\/\/www.fuertehoteles.com\/","name":"Fuerte Hoteles","description":"","publisher":{"@id":"https:\/\/www.fuertehoteles.com\/#organization"},"potentialAction":[{"@type":"SearchAction","target":{"@type":"EntryPoint","urlTemplate":"https:\/\/www.fuertehoteles.com\/?s={search_term_string}"},"query-input":"required name=search_term_string"}],"inLanguage":"fr-FR"},{"@type":"Organization","@id":"https:\/\/www.fuertehoteles.com\/#organization","name":"Fuerte Hoteles","url":"https:\/\/www.fuertehoteles.com\/","logo":{"@type":"ImageObject","inLanguage":"fr-FR","@id":"https:\/\/www.fuertehoteles.com\/#\/schema\/logo\/image\/","url":"https:\/\/www.fuertehoteles.com\/wp-content\/uploads\/2022\/09\/logo-ffhh-1.jpg","contentUrl":"https:\/\/www.fuertehoteles.com\/wp-content\/uploads\/2022\/09\/logo-ffhh-1.jpg","width":500,"height":500,"caption":"Fuerte Hoteles"},"image":{"@id":"https:\/\/www.fuertehoteles.com\/#\/schema\/logo\/image\/"},"sameAs":["https:\/\/www.facebook.com\/HotelesFuerte","https:\/\/twitter.com\/fuertehoteles","https:\/\/www.instagram.com\/fuertehoteles\/","https:\/\/www.linkedin.com\/company\/fuerte-hoteles\/","https:\/\/www.youtube.com\/user\/fuertehoteles","https:\/\/en.wikipedia.org\/wiki\/Fuerte_Hotels"]}]}},"_links":{"self":[{"href":"https:\/\/www.fuertehoteles.com\/fr\/wp-json\/wp\/v2\/pages\/4676","targetHints":{"allow":["GET"]}}],"collection":[{"href":"https:\/\/www.fuertehoteles.com\/fr\/wp-json\/wp\/v2\/pages"}],"about":[{"href":"https:\/\/www.fuertehoteles.com\/fr\/wp-json\/wp\/v2\/types\/page"}],"author":[{"embeddable":true,"href":"https:\/\/www.fuertehoteles.com\/fr\/wp-json\/wp\/v2\/users\/6"}],"replies":[{"embeddable":true,"href":"https:\/\/www.fuertehoteles.com\/fr\/wp-json\/wp\/v2\/comments?post=4676"}],"version-history":[{"count":0,"href":"https:\/\/www.fuertehoteles.com\/fr\/wp-json\/wp\/v2\/pages\/4676\/revisions"}],"up":[{"embeddable":true,"href":"https:\/\/www.fuertehoteles.com\/fr\/wp-json\/wp\/v2\/pages\/4578"}],"wp:featuredmedia":[{"embeddable":true,"href":"https:\/\/www.fuertehoteles.com\/fr\/wp-json\/wp\/v2\/media\/1641"}],"wp:attachment":[{"href":"https:\/\/www.fuertehoteles.com\/fr\/wp-json\/wp\/v2\/media?parent=4676"}],"curies":[{"name":"wp","href":"https:\/\/api.w.org\/{rel}","templated":true}]}}