{"id":4730,"date":"2021-11-26T14:47:11","date_gmt":"2021-11-26T13:47:11","guid":{"rendered":"https:\/\/www.fuertehoteles.com\/nos-destinations\/vacances-el-rompido\/donde-comer\/"},"modified":"2021-12-21T11:24:30","modified_gmt":"2021-12-21T10:24:30","slug":"ou-manger","status":"publish","type":"page","link":"https:\/\/www.fuertehoteles.com\/fr\/destinations\/vacances-el-rompido\/ou-manger\/","title":{"rendered":"Gastronomie"},"content":{"rendered":"[vc_row][vc_column el_class=\u00a0\u00bbdestination-content\u00a0\u00bb][vc_column_text]\n<h1>La meilleure cousine et restaurants El Rompido (Huelva)<\/h1>\n<p>La fra\u00eecheur des produits de la mer et la saveur intense de sa charcuterie constituent les deux \u00e9toiles par excellence de la gastronomie d\u2019El Rompido.<\/p>\n<h2>La Cuisine<\/h2>\n<p>Les crevettes roses, les gambas, les langoustines, les \u00ab ca\u00f1a\u00edllas \u00bb, les <strong>fruits de mer tout frais,<\/strong> les \u00ab pavias \u00bb et le poulpe arrivent sur votre table, sous diff\u00e9rentes pr\u00e9sentations capables de satisfaire les palais les plus exigeants. N\u2019oublions pas les<strong> poissons brais\u00e9s, gratin\u00e9s ou marin\u00e9s<\/strong> aux piments, tels que le thon, la morue, la raie, le maquereau, <strong>la fameuse seiche aux f\u00e8ves<\/strong> ainsi que l\u2019exquis jambon de Jabugo, produit typique des montagnes de Huelva.<\/p>\n<h2>Les fruits frais<\/h2>\n<p>Fraises des bois, melons, past\u00e8ques, p\u00eaches et coings s\u2019appr\u00e9cient <strong>frais ou en desserts<\/strong> (g\u00e2teaux et tartes).<\/p>\n<h2>Vins fruit\u00e9s<\/h2>\n<p>Ne manquez pas de d\u00e9guster les vins fruit\u00e9s de cette r\u00e9gion, de m\u00eame que ses fameux \u00ab brandys de La Palma \u00bb ou son eau-de-vie anis\u00e9e.<\/p>\n<h2>Les meilleures restaurants d\u2019El Rompido (Huelva)<\/h2>\n<p>(Distances depuis l\u2019<strong><a href=\"https:\/\/www.fuertehoteles.com\/fr\/hotel\/fuerte-rompido-cartaya\/lhotel\/\">H\u00f4tel Fuerte El Rompido<\/a><\/strong>)<\/p>\n<p><strong>Les restaurants les plus remarquables de la r\u00e9gion :<\/strong><\/p>\n<h2>El Rompido<\/h2>\n<h3>Restaurant Casa El Palo (\u00e0 4 min \u00e0 pied)<\/h3>\n<p>Ce restaurant est situ\u00e9 \u00e0 quelques m\u00e8tres de l\u2019h\u00f4tel et est <strong>sp\u00e9cialis\u00e9 dans les plats de poisson et de riz<\/strong>.<\/p>\n<h3>Restaurant Caribe II (\u00e0 5 min \u00e0 pied)<\/h3>\n<p>Ce restaurant se situe proche de l\u2019h\u00f4tel Fuerte El Rompido, il est <strong>sp\u00e9cialis\u00e9 en fritures de poissons et fruits de mer frais.<\/strong><\/p>\n<h3>Restaurant Do\u00f1a Gamba (\u00e0 7 min \u00e0 pied)<\/h3>\n<p>Le restaurant id\u00e9al pour<strong> grignoter des tapas \u00e0 bon prix<\/strong> et d\u00e9guster les d\u00e9licieux fruits de mer du coin, au bord de la rivi\u00e8re Piedras.<\/p>\n<h3>Restaurant La Parra (\u00e0 5 min \u00e0 pied)<\/h3>\n<p>Le restaurant La Parra offre \u00e0 ses convives, une ambiance reposante et marine. Ils sont sp\u00e9cialis\u00e9s en poissons et fruits de mer frais, surtout <strong>les crevettes et la seiche<\/strong>, sans oublier une <strong>carte de desserts faits maison.<\/strong><\/p>\n<h3>Restaurant El Rinc\u00f3n de Pescadores (le coin des p\u00eacheurs) (\u00e0 5 min \u00e0 pied)<\/h3>\n<p>Il re\u00e7oit tous les jours le<strong> poisson de la Halle<\/strong>, les mets les plus succulents sont le m\u00e9rou \u00e0 la marini\u00e8re, les calamars farcis et la morue gratin\u00e9e aux quatre fromages.<\/p>\n<h3>Restaurant Paseo Mar\u00edtimo (5 min on foot)<\/h3>\n<p>Situ\u00e9 sur la promenade d\u2019El Rompido, le restaurant Paseo Mar\u00edtimo offre de magnifiques vues sur la mer. <strong>Sp\u00e9cialistes du fait maison<\/strong>, les plats en vedette sont le <strong>ventre de thon et les \u0153ufs brouill\u00e9s aux champignons.<\/strong><\/p>\n<h2>Cartaya<\/h2>\n<h3>Restaurant C\u00e9sar (15 Min. \u00e0 pied)<\/h3>\n<p>Le bar-restaurant C\u00e9sar vous propose de d\u00e9guster les plats typiques d\u2019une <strong>cuisine imaginative qui fusionne avec une cuisine traditionnelle<\/strong>, en pla\u00e7ant le poisson \u00e0 l\u2019honneur de sa carte.<\/p>\n<h2>Huelva<\/h2>\n<h3>Cuisine Restaurante Acanthum (\u00e0 30 min en voiture)<\/h3>\n<p>C\u00e9l\u00e8bre restaurant de Huelva qui propose une <strong>gastronomie de qualit\u00e9<\/strong> et traditionnelle avec une touche de cr\u00e9ativit\u00e9.[\/vc_column_text][\/vc_column][\/vc_row]\n","protected":false},"excerpt":{"rendered":"<p>[vc_row][vc_column el_class=\u00a0\u00bbdestination-content\u00a0\u00bb][vc_column_text] La meilleure cousine et restaurants El Rompido (Huelva) La fra\u00eecheur des produits de la mer et la saveur intense de sa charcuterie constituent les deux \u00e9toiles par excellence de la gastronomie d\u2019El Rompido. La Cuisine Les crevettes roses, les gambas, les langoustines, les \u00ab ca\u00f1a\u00edllas \u00bb, les fruits de mer tout frais, les<\/p>\n","protected":false},"author":6,"featured_media":1645,"parent":4578,"menu_order":0,"comment_status":"closed","ping_status":"closed","template":"templates\/destination-subpages.php","meta":{"footnotes":""},"class_list":["post-4730","page","type-page","status-publish","hentry"],"yoast_head":"<!-- This site is optimized with the Yoast SEO plugin v22.4 - https:\/\/yoast.com\/wordpress\/plugins\/seo\/ -->\n<title>La meilleure cousine et restaurants El Rompido, Huelva<\/title>\n<meta name=\"description\" content=\"La fra\u00eecheur des fruits de mer et la saveur intense du jambon cru sont les deux stars de la cuisine d&#039;El Rompido. La cousine et restaurants El Rompido\" \/>\n<meta name=\"robots\" content=\"index, follow, max-snippet:-1, max-image-preview:large, max-video-preview:-1\" \/>\n<link rel=\"canonical\" href=\"https:\/\/www.fuertehoteles.com\/fr\/destinations\/vacances-el-rompido\/ou-manger\/\" \/>\n<meta property=\"og:locale\" content=\"fr_FR\" \/>\n<meta property=\"og:type\" content=\"article\" \/>\n<meta property=\"og:title\" content=\"La meilleure cousine et restaurants El Rompido, Huelva\" \/>\n<meta property=\"og:description\" content=\"La fra\u00eecheur des fruits de mer et la saveur intense du jambon cru sont les deux stars de la cuisine d&#039;El Rompido. La cousine et restaurants El Rompido\" \/>\n<meta property=\"og:url\" content=\"https:\/\/www.fuertehoteles.com\/fr\/destinations\/vacances-el-rompido\/ou-manger\/\" \/>\n<meta property=\"og:site_name\" content=\"Fuerte Hoteles\" \/>\n<meta property=\"article:publisher\" content=\"https:\/\/www.facebook.com\/HotelesFuerte\" \/>\n<meta property=\"article:modified_time\" content=\"2021-12-21T10:24:30+00:00\" \/>\n<meta property=\"og:image\" content=\"https:\/\/www.fuertehoteles.com\/wp-content\/uploads\/2021\/11\/donde-comer-el-rompido-2.jpg\" \/>\n\t<meta property=\"og:image:width\" content=\"1920\" \/>\n\t<meta property=\"og:image:height\" content=\"540\" \/>\n\t<meta property=\"og:image:type\" content=\"image\/jpeg\" \/>\n<meta name=\"twitter:card\" content=\"summary_large_image\" \/>\n<meta name=\"twitter:site\" content=\"@fuertehoteles\" \/>\n<meta name=\"twitter:label1\" content=\"Dur\u00e9e de lecture estim\u00e9e\" \/>\n\t<meta name=\"twitter:data1\" content=\"3 minutes\" \/>\n<script type=\"application\/ld+json\" class=\"yoast-schema-graph\">{\"@context\":\"https:\/\/schema.org\",\"@graph\":[{\"@type\":\"WebPage\",\"@id\":\"https:\/\/www.fuertehoteles.com\/fr\/destinations\/vacances-el-rompido\/ou-manger\/\",\"url\":\"https:\/\/www.fuertehoteles.com\/fr\/destinations\/vacances-el-rompido\/ou-manger\/\",\"name\":\"La meilleure cousine et restaurants El Rompido, Huelva\",\"isPartOf\":{\"@id\":\"https:\/\/www.fuertehoteles.com\/#website\"},\"primaryImageOfPage\":{\"@id\":\"https:\/\/www.fuertehoteles.com\/fr\/destinations\/vacances-el-rompido\/ou-manger\/#primaryimage\"},\"image\":{\"@id\":\"https:\/\/www.fuertehoteles.com\/fr\/destinations\/vacances-el-rompido\/ou-manger\/#primaryimage\"},\"thumbnailUrl\":\"https:\/\/www.fuertehoteles.com\/wp-content\/uploads\/2021\/11\/donde-comer-el-rompido-2.jpg\",\"datePublished\":\"2021-11-26T13:47:11+00:00\",\"dateModified\":\"2021-12-21T10:24:30+00:00\",\"description\":\"La fra\u00eecheur des fruits de mer et la saveur intense du jambon cru sont les deux stars de la cuisine d'El Rompido. La cousine et restaurants El Rompido\",\"breadcrumb\":{\"@id\":\"https:\/\/www.fuertehoteles.com\/fr\/destinations\/vacances-el-rompido\/ou-manger\/#breadcrumb\"},\"inLanguage\":\"fr-FR\",\"potentialAction\":[{\"@type\":\"ReadAction\",\"target\":[\"https:\/\/www.fuertehoteles.com\/fr\/destinations\/vacances-el-rompido\/ou-manger\/\"]}]},{\"@type\":\"ImageObject\",\"inLanguage\":\"fr-FR\",\"@id\":\"https:\/\/www.fuertehoteles.com\/fr\/destinations\/vacances-el-rompido\/ou-manger\/#primaryimage\",\"url\":\"https:\/\/www.fuertehoteles.com\/wp-content\/uploads\/2021\/11\/donde-comer-el-rompido-2.jpg\",\"contentUrl\":\"https:\/\/www.fuertehoteles.com\/wp-content\/uploads\/2021\/11\/donde-comer-el-rompido-2.jpg\",\"width\":1920,\"height\":540,\"caption\":\"Donde comer en El Rompido\"},{\"@type\":\"BreadcrumbList\",\"@id\":\"https:\/\/www.fuertehoteles.com\/fr\/destinations\/vacances-el-rompido\/ou-manger\/#breadcrumb\",\"itemListElement\":[{\"@type\":\"ListItem\",\"position\":1,\"name\":\"Portada\",\"item\":\"https:\/\/www.fuertehoteles.com\/fr\/\"},{\"@type\":\"ListItem\",\"position\":2,\"name\":\"Nos Destinations\",\"item\":\"https:\/\/www.fuertehoteles.com\/fr\/destinations\/\"},{\"@type\":\"ListItem\",\"position\":3,\"name\":\"El Rompido\",\"item\":\"https:\/\/www.fuertehoteles.com\/fr\/destinations\/vacances-el-rompido\/\"},{\"@type\":\"ListItem\",\"position\":4,\"name\":\"Gastronomie\"}]},{\"@type\":\"WebSite\",\"@id\":\"https:\/\/www.fuertehoteles.com\/#website\",\"url\":\"https:\/\/www.fuertehoteles.com\/\",\"name\":\"Fuerte Hoteles\",\"description\":\"\",\"publisher\":{\"@id\":\"https:\/\/www.fuertehoteles.com\/#organization\"},\"potentialAction\":[{\"@type\":\"SearchAction\",\"target\":{\"@type\":\"EntryPoint\",\"urlTemplate\":\"https:\/\/www.fuertehoteles.com\/?s={search_term_string}\"},\"query-input\":\"required name=search_term_string\"}],\"inLanguage\":\"fr-FR\"},{\"@type\":\"Organization\",\"@id\":\"https:\/\/www.fuertehoteles.com\/#organization\",\"name\":\"Fuerte Hoteles\",\"url\":\"https:\/\/www.fuertehoteles.com\/\",\"logo\":{\"@type\":\"ImageObject\",\"inLanguage\":\"fr-FR\",\"@id\":\"https:\/\/www.fuertehoteles.com\/#\/schema\/logo\/image\/\",\"url\":\"https:\/\/www.fuertehoteles.com\/wp-content\/uploads\/2022\/09\/logo-ffhh-1.jpg\",\"contentUrl\":\"https:\/\/www.fuertehoteles.com\/wp-content\/uploads\/2022\/09\/logo-ffhh-1.jpg\",\"width\":500,\"height\":500,\"caption\":\"Fuerte Hoteles\"},\"image\":{\"@id\":\"https:\/\/www.fuertehoteles.com\/#\/schema\/logo\/image\/\"},\"sameAs\":[\"https:\/\/www.facebook.com\/HotelesFuerte\",\"https:\/\/twitter.com\/fuertehoteles\",\"https:\/\/www.instagram.com\/fuertehoteles\/\",\"https:\/\/www.linkedin.com\/company\/fuerte-hoteles\/\",\"https:\/\/www.youtube.com\/user\/fuertehoteles\",\"https:\/\/en.wikipedia.org\/wiki\/Fuerte_Hotels\"]}]}<\/script>\n<!-- \/ Yoast SEO plugin. -->","yoast_head_json":{"title":"La meilleure cousine et restaurants El Rompido, Huelva","description":"La fra\u00eecheur des fruits de mer et la saveur intense du jambon cru sont les deux stars de la cuisine d'El Rompido. La cousine et restaurants El Rompido","robots":{"index":"index","follow":"follow","max-snippet":"max-snippet:-1","max-image-preview":"max-image-preview:large","max-video-preview":"max-video-preview:-1"},"canonical":"https:\/\/www.fuertehoteles.com\/fr\/destinations\/vacances-el-rompido\/ou-manger\/","og_locale":"fr_FR","og_type":"article","og_title":"La meilleure cousine et restaurants El Rompido, Huelva","og_description":"La fra\u00eecheur des fruits de mer et la saveur intense du jambon cru sont les deux stars de la cuisine d'El Rompido. La cousine et restaurants El Rompido","og_url":"https:\/\/www.fuertehoteles.com\/fr\/destinations\/vacances-el-rompido\/ou-manger\/","og_site_name":"Fuerte Hoteles","article_publisher":"https:\/\/www.facebook.com\/HotelesFuerte","article_modified_time":"2021-12-21T10:24:30+00:00","og_image":[{"width":1920,"height":540,"url":"https:\/\/www.fuertehoteles.com\/wp-content\/uploads\/2021\/11\/donde-comer-el-rompido-2.jpg","type":"image\/jpeg"}],"twitter_card":"summary_large_image","twitter_site":"@fuertehoteles","twitter_misc":{"Dur\u00e9e de lecture estim\u00e9e":"3 minutes"},"schema":{"@context":"https:\/\/schema.org","@graph":[{"@type":"WebPage","@id":"https:\/\/www.fuertehoteles.com\/fr\/destinations\/vacances-el-rompido\/ou-manger\/","url":"https:\/\/www.fuertehoteles.com\/fr\/destinations\/vacances-el-rompido\/ou-manger\/","name":"La meilleure cousine et restaurants El Rompido, Huelva","isPartOf":{"@id":"https:\/\/www.fuertehoteles.com\/#website"},"primaryImageOfPage":{"@id":"https:\/\/www.fuertehoteles.com\/fr\/destinations\/vacances-el-rompido\/ou-manger\/#primaryimage"},"image":{"@id":"https:\/\/www.fuertehoteles.com\/fr\/destinations\/vacances-el-rompido\/ou-manger\/#primaryimage"},"thumbnailUrl":"https:\/\/www.fuertehoteles.com\/wp-content\/uploads\/2021\/11\/donde-comer-el-rompido-2.jpg","datePublished":"2021-11-26T13:47:11+00:00","dateModified":"2021-12-21T10:24:30+00:00","description":"La fra\u00eecheur des fruits de mer et la saveur intense du jambon cru sont les deux stars de la cuisine d'El Rompido. La cousine et restaurants El Rompido","breadcrumb":{"@id":"https:\/\/www.fuertehoteles.com\/fr\/destinations\/vacances-el-rompido\/ou-manger\/#breadcrumb"},"inLanguage":"fr-FR","potentialAction":[{"@type":"ReadAction","target":["https:\/\/www.fuertehoteles.com\/fr\/destinations\/vacances-el-rompido\/ou-manger\/"]}]},{"@type":"ImageObject","inLanguage":"fr-FR","@id":"https:\/\/www.fuertehoteles.com\/fr\/destinations\/vacances-el-rompido\/ou-manger\/#primaryimage","url":"https:\/\/www.fuertehoteles.com\/wp-content\/uploads\/2021\/11\/donde-comer-el-rompido-2.jpg","contentUrl":"https:\/\/www.fuertehoteles.com\/wp-content\/uploads\/2021\/11\/donde-comer-el-rompido-2.jpg","width":1920,"height":540,"caption":"Donde comer en El Rompido"},{"@type":"BreadcrumbList","@id":"https:\/\/www.fuertehoteles.com\/fr\/destinations\/vacances-el-rompido\/ou-manger\/#breadcrumb","itemListElement":[{"@type":"ListItem","position":1,"name":"Portada","item":"https:\/\/www.fuertehoteles.com\/fr\/"},{"@type":"ListItem","position":2,"name":"Nos Destinations","item":"https:\/\/www.fuertehoteles.com\/fr\/destinations\/"},{"@type":"ListItem","position":3,"name":"El Rompido","item":"https:\/\/www.fuertehoteles.com\/fr\/destinations\/vacances-el-rompido\/"},{"@type":"ListItem","position":4,"name":"Gastronomie"}]},{"@type":"WebSite","@id":"https:\/\/www.fuertehoteles.com\/#website","url":"https:\/\/www.fuertehoteles.com\/","name":"Fuerte Hoteles","description":"","publisher":{"@id":"https:\/\/www.fuertehoteles.com\/#organization"},"potentialAction":[{"@type":"SearchAction","target":{"@type":"EntryPoint","urlTemplate":"https:\/\/www.fuertehoteles.com\/?s={search_term_string}"},"query-input":"required name=search_term_string"}],"inLanguage":"fr-FR"},{"@type":"Organization","@id":"https:\/\/www.fuertehoteles.com\/#organization","name":"Fuerte Hoteles","url":"https:\/\/www.fuertehoteles.com\/","logo":{"@type":"ImageObject","inLanguage":"fr-FR","@id":"https:\/\/www.fuertehoteles.com\/#\/schema\/logo\/image\/","url":"https:\/\/www.fuertehoteles.com\/wp-content\/uploads\/2022\/09\/logo-ffhh-1.jpg","contentUrl":"https:\/\/www.fuertehoteles.com\/wp-content\/uploads\/2022\/09\/logo-ffhh-1.jpg","width":500,"height":500,"caption":"Fuerte Hoteles"},"image":{"@id":"https:\/\/www.fuertehoteles.com\/#\/schema\/logo\/image\/"},"sameAs":["https:\/\/www.facebook.com\/HotelesFuerte","https:\/\/twitter.com\/fuertehoteles","https:\/\/www.instagram.com\/fuertehoteles\/","https:\/\/www.linkedin.com\/company\/fuerte-hoteles\/","https:\/\/www.youtube.com\/user\/fuertehoteles","https:\/\/en.wikipedia.org\/wiki\/Fuerte_Hotels"]}]}},"_links":{"self":[{"href":"https:\/\/www.fuertehoteles.com\/fr\/wp-json\/wp\/v2\/pages\/4730","targetHints":{"allow":["GET"]}}],"collection":[{"href":"https:\/\/www.fuertehoteles.com\/fr\/wp-json\/wp\/v2\/pages"}],"about":[{"href":"https:\/\/www.fuertehoteles.com\/fr\/wp-json\/wp\/v2\/types\/page"}],"author":[{"embeddable":true,"href":"https:\/\/www.fuertehoteles.com\/fr\/wp-json\/wp\/v2\/users\/6"}],"replies":[{"embeddable":true,"href":"https:\/\/www.fuertehoteles.com\/fr\/wp-json\/wp\/v2\/comments?post=4730"}],"version-history":[{"count":0,"href":"https:\/\/www.fuertehoteles.com\/fr\/wp-json\/wp\/v2\/pages\/4730\/revisions"}],"up":[{"embeddable":true,"href":"https:\/\/www.fuertehoteles.com\/fr\/wp-json\/wp\/v2\/pages\/4578"}],"wp:featuredmedia":[{"embeddable":true,"href":"https:\/\/www.fuertehoteles.com\/fr\/wp-json\/wp\/v2\/media\/1645"}],"wp:attachment":[{"href":"https:\/\/www.fuertehoteles.com\/fr\/wp-json\/wp\/v2\/media?parent=4730"}],"curies":[{"name":"wp","href":"https:\/\/api.w.org\/{rel}","templated":true}]}}