{"id":4765,"date":"2021-11-26T14:54:16","date_gmt":"2021-11-26T13:54:16","guid":{"rendered":"https:\/\/www.fuertehoteles.com\/nos-destinations\/vacances-grazalema\/casco-antiguo\/"},"modified":"2021-12-21T12:03:55","modified_gmt":"2021-12-21T11:03:55","slug":"centre-historique","status":"publish","type":"page","link":"https:\/\/www.fuertehoteles.com\/fr\/destinations\/vacances-grazalema\/centre-historique\/","title":{"rendered":"Centre historique"},"content":{"rendered":"[vc_row][vc_column el_class=\u00a0\u00bbdestination-content\u00a0\u00bb][vc_column_text]\n<h1>Le meilleur du la vieille ville de Grazalema<\/h1>\n<p>Grazalema est bien plus qu\u2019un site naturel unique en Espagne, c\u2019est aussi l\u2019un des plus beaux villages de la Route des Villages Blancs. Il a re\u00e7u le Prix National d\u2019Embellissement et d\u2019Am\u00e9nagement, et sa visite est \u00ab obligatoire \u00bb si vous visitez la r\u00e9gion! Ne manquez pas de vous perdre parmi ses ruelles \u00e9troites empierr\u00e9es et d\u2019admirer ses maisons aux fa\u00e7ades blanchies \u00e0 la chaux, d\u00e9cor\u00e9es de g\u00e9raniums et de bougainvill\u00e9es.<\/p>\n<p><strong>Visites<\/strong> (Distances depuis l\u2018<a href=\"https:\/\/www.fuertehoteles.com\/fr\/hotel\/fuerte-grazalema\/lhotel\/\"><strong>H\u00f4tel Fuerte Grazalema<\/strong><\/a>)<\/p>\n<h3>Place d\u2018Espagne et H\u00f4tel de Ville  (\u00e0 5 min en voiture)<\/h3>\n<p>Les rues de Grazalema, au trac\u00e9 mauresque, vous m\u00e8nent au centre n\u00e9vralgique de la ville, la Place d\u2018Espagne, o\u00f9 s\u2019\u00e9l\u00e8ve encore de nos jours l\u2019embl\u00e8me d\u2019une ancienne splendeur, l\u2018<em>\u00c9glise de Nuestra<\/em> <em>Se\u00f1ora de la Aurora<\/em>. On y trouve \u00e9galement <em>l\u2019H\u00f4tel de Ville,<\/em> avec ses arcades couronn\u00e9es et les typiques balcons andalous offrant leur charme si caract\u00e9ristique.<\/p>\n<h3>\u00c9glise Nuestra Se\u00f1ora de la Aurora  (\u00e0 5 min en voiture)<\/h3>\n<p>Ce monument \u00e0 caract\u00e8re religieux, datant du XVIIIe si\u00e8cle, est remarquable de par sa structure octogonale et sa coupole tambour. C\u2019est sans aucun doute le monument le plus important de tout l\u2019ensemble historique de Grazalema. Ne manquez pas de visiter \u00e9galement <em>l\u2019\u00c9glise de San Juan<\/em> construite au XVIIIe si\u00e8cle sur une ancienne mosqu\u00e9e, et <em>l\u2019\u00c9glise San Jos\u00e9<\/em> avec de magnifiques peintures m\u00e9di\u00e9vales.<\/p>\n<h3>Miradors \u2013 Point de vue<em> (\u00e0 5 min en voiture)<\/em><\/h3>\n<p>Les diff\u00e9rents miradors (points de vue panoramiques) du village (<em>le Mirador des Asomaderos, le Mirador El Tajo, Los Pe\u00f1ascos et la Ville Touristique<\/em>) vous permettront de d\u00e9couvrir le patrimoine historique de Grazalema, c\u2019est-\u00e0-dire la splendeur de son Parc Naturel R\u00e9gional.<\/p>\n<h3>Mus\u00e9e du Textile (\u00e0 5 min en voiture)<\/h3>\n<p>Il expose d\u2019anciens outils qui s\u2019utilisaient pour travailler le textile ; Grazalema eut son apog\u00e9e au XVIIe si\u00e8cle notamment gr\u00e2ce \u00e0 son industrie textile et plus particuli\u00e8rement \u00e0 ses fameuses couvertures.<\/p>\n<h2>Autres visites<\/h2>\n<h3>Spa (\u00e0 5 min en voiture)<\/h3>\n<p>Si vous pr\u00e9f\u00e9rez vous ressourcer en pleine nature, Grazalema vous offre la possibilit\u00e9 de profiter d\u2019un spa dans un environnement privil\u00e9gi\u00e9.<\/p>\n<h3>Fabrique de couvertures (\u00e0 5 min en voiture)<\/h3>\n<p>Une sortie curieuse \u00e0 Grazalema : la visite de la traditionnelle fabrique de couvertures, qui sont r\u00e9alis\u00e9es de fa\u00e7on enti\u00e8rement artisanale.[\/vc_column_text][\/vc_column][\/vc_row]\n","protected":false},"excerpt":{"rendered":"<p>[vc_row][vc_column el_class=\u00a0\u00bbdestination-content\u00a0\u00bb][vc_column_text] Le meilleur du la vieille ville de Grazalema Grazalema est bien plus qu\u2019un site naturel unique en Espagne, c\u2019est aussi l\u2019un des plus beaux villages de la Route des Villages Blancs. Il a re\u00e7u le Prix National d\u2019Embellissement et d\u2019Am\u00e9nagement, et sa visite est \u00ab obligatoire \u00bb si vous visitez la r\u00e9gion! Ne<\/p>\n","protected":false},"author":6,"featured_media":1672,"parent":4743,"menu_order":0,"comment_status":"closed","ping_status":"closed","template":"templates\/destination-subpages.php","meta":{"footnotes":""},"class_list":["post-4765","page","type-page","status-publish","hentry"],"yoast_head":"<!-- This site is optimized with the Yoast SEO plugin v22.4 - https:\/\/yoast.com\/wordpress\/plugins\/seo\/ -->\n<title>La vieille ville de Grazalema, le Village blanc de Grazalema<\/title>\n<meta name=\"description\" content=\"Grazalema est bien plus qu\u2019un site naturel unique en Espagne, c\u2019est aussi l\u2019un des plus beaux villages de la Route des Villages Blancs.\" \/>\n<meta name=\"robots\" content=\"index, follow, max-snippet:-1, max-image-preview:large, max-video-preview:-1\" \/>\n<link rel=\"canonical\" href=\"https:\/\/www.fuertehoteles.com\/fr\/destinations\/vacances-grazalema\/centre-historique\/\" \/>\n<meta property=\"og:locale\" content=\"fr_FR\" \/>\n<meta property=\"og:type\" content=\"article\" \/>\n<meta property=\"og:title\" content=\"La vieille ville de Grazalema, le Village blanc de Grazalema\" \/>\n<meta property=\"og:description\" content=\"Grazalema est bien plus qu\u2019un site naturel unique en Espagne, c\u2019est aussi l\u2019un des plus beaux villages de la Route des Villages Blancs.\" \/>\n<meta property=\"og:url\" content=\"https:\/\/www.fuertehoteles.com\/fr\/destinations\/vacances-grazalema\/centre-historique\/\" \/>\n<meta property=\"og:site_name\" content=\"Fuerte Hoteles\" \/>\n<meta property=\"article:publisher\" content=\"https:\/\/www.facebook.com\/HotelesFuerte\" \/>\n<meta property=\"article:modified_time\" content=\"2021-12-21T11:03:55+00:00\" \/>\n<meta property=\"og:image\" content=\"https:\/\/www.fuertehoteles.com\/wp-content\/uploads\/2021\/11\/grazalema-casco-antiguo.jpg\" \/>\n\t<meta property=\"og:image:width\" content=\"1920\" \/>\n\t<meta property=\"og:image:height\" content=\"540\" \/>\n\t<meta property=\"og:image:type\" content=\"image\/jpeg\" \/>\n<meta name=\"twitter:card\" content=\"summary_large_image\" \/>\n<meta name=\"twitter:site\" content=\"@fuertehoteles\" \/>\n<meta name=\"twitter:label1\" content=\"Dur\u00e9e de lecture estim\u00e9e\" \/>\n\t<meta name=\"twitter:data1\" content=\"2 minutes\" \/>\n<script type=\"application\/ld+json\" class=\"yoast-schema-graph\">{\"@context\":\"https:\/\/schema.org\",\"@graph\":[{\"@type\":\"WebPage\",\"@id\":\"https:\/\/www.fuertehoteles.com\/fr\/destinations\/vacances-grazalema\/centre-historique\/\",\"url\":\"https:\/\/www.fuertehoteles.com\/fr\/destinations\/vacances-grazalema\/centre-historique\/\",\"name\":\"La vieille ville de Grazalema, le Village blanc de Grazalema\",\"isPartOf\":{\"@id\":\"https:\/\/www.fuertehoteles.com\/#website\"},\"primaryImageOfPage\":{\"@id\":\"https:\/\/www.fuertehoteles.com\/fr\/destinations\/vacances-grazalema\/centre-historique\/#primaryimage\"},\"image\":{\"@id\":\"https:\/\/www.fuertehoteles.com\/fr\/destinations\/vacances-grazalema\/centre-historique\/#primaryimage\"},\"thumbnailUrl\":\"https:\/\/www.fuertehoteles.com\/wp-content\/uploads\/2021\/11\/grazalema-casco-antiguo.jpg\",\"datePublished\":\"2021-11-26T13:54:16+00:00\",\"dateModified\":\"2021-12-21T11:03:55+00:00\",\"description\":\"Grazalema est bien plus qu\u2019un site naturel unique en Espagne, c\u2019est aussi l\u2019un des plus beaux villages de la Route des Villages Blancs.\",\"breadcrumb\":{\"@id\":\"https:\/\/www.fuertehoteles.com\/fr\/destinations\/vacances-grazalema\/centre-historique\/#breadcrumb\"},\"inLanguage\":\"fr-FR\",\"potentialAction\":[{\"@type\":\"ReadAction\",\"target\":[\"https:\/\/www.fuertehoteles.com\/fr\/destinations\/vacances-grazalema\/centre-historique\/\"]}]},{\"@type\":\"ImageObject\",\"inLanguage\":\"fr-FR\",\"@id\":\"https:\/\/www.fuertehoteles.com\/fr\/destinations\/vacances-grazalema\/centre-historique\/#primaryimage\",\"url\":\"https:\/\/www.fuertehoteles.com\/wp-content\/uploads\/2021\/11\/grazalema-casco-antiguo.jpg\",\"contentUrl\":\"https:\/\/www.fuertehoteles.com\/wp-content\/uploads\/2021\/11\/grazalema-casco-antiguo.jpg\",\"width\":1920,\"height\":540,\"caption\":\"Grazalema\"},{\"@type\":\"BreadcrumbList\",\"@id\":\"https:\/\/www.fuertehoteles.com\/fr\/destinations\/vacances-grazalema\/centre-historique\/#breadcrumb\",\"itemListElement\":[{\"@type\":\"ListItem\",\"position\":1,\"name\":\"Portada\",\"item\":\"https:\/\/www.fuertehoteles.com\/fr\/\"},{\"@type\":\"ListItem\",\"position\":2,\"name\":\"Nos Destinations\",\"item\":\"https:\/\/www.fuertehoteles.com\/fr\/destinations\/\"},{\"@type\":\"ListItem\",\"position\":3,\"name\":\"Grazalema\",\"item\":\"https:\/\/www.fuertehoteles.com\/fr\/destinations\/vacances-grazalema\/\"},{\"@type\":\"ListItem\",\"position\":4,\"name\":\"Centre historique\"}]},{\"@type\":\"WebSite\",\"@id\":\"https:\/\/www.fuertehoteles.com\/#website\",\"url\":\"https:\/\/www.fuertehoteles.com\/\",\"name\":\"Fuerte Hoteles\",\"description\":\"\",\"publisher\":{\"@id\":\"https:\/\/www.fuertehoteles.com\/#organization\"},\"potentialAction\":[{\"@type\":\"SearchAction\",\"target\":{\"@type\":\"EntryPoint\",\"urlTemplate\":\"https:\/\/www.fuertehoteles.com\/?s={search_term_string}\"},\"query-input\":\"required name=search_term_string\"}],\"inLanguage\":\"fr-FR\"},{\"@type\":\"Organization\",\"@id\":\"https:\/\/www.fuertehoteles.com\/#organization\",\"name\":\"Fuerte Hoteles\",\"url\":\"https:\/\/www.fuertehoteles.com\/\",\"logo\":{\"@type\":\"ImageObject\",\"inLanguage\":\"fr-FR\",\"@id\":\"https:\/\/www.fuertehoteles.com\/#\/schema\/logo\/image\/\",\"url\":\"https:\/\/www.fuertehoteles.com\/wp-content\/uploads\/2022\/09\/logo-ffhh-1.jpg\",\"contentUrl\":\"https:\/\/www.fuertehoteles.com\/wp-content\/uploads\/2022\/09\/logo-ffhh-1.jpg\",\"width\":500,\"height\":500,\"caption\":\"Fuerte Hoteles\"},\"image\":{\"@id\":\"https:\/\/www.fuertehoteles.com\/#\/schema\/logo\/image\/\"},\"sameAs\":[\"https:\/\/www.facebook.com\/HotelesFuerte\",\"https:\/\/twitter.com\/fuertehoteles\",\"https:\/\/www.instagram.com\/fuertehoteles\/\",\"https:\/\/www.linkedin.com\/company\/fuerte-hoteles\/\",\"https:\/\/www.youtube.com\/user\/fuertehoteles\",\"https:\/\/en.wikipedia.org\/wiki\/Fuerte_Hotels\"]}]}<\/script>\n<!-- \/ Yoast SEO plugin. -->","yoast_head_json":{"title":"La vieille ville de Grazalema, le Village blanc de Grazalema","description":"Grazalema est bien plus qu\u2019un site naturel unique en Espagne, c\u2019est aussi l\u2019un des plus beaux villages de la Route des Villages Blancs.","robots":{"index":"index","follow":"follow","max-snippet":"max-snippet:-1","max-image-preview":"max-image-preview:large","max-video-preview":"max-video-preview:-1"},"canonical":"https:\/\/www.fuertehoteles.com\/fr\/destinations\/vacances-grazalema\/centre-historique\/","og_locale":"fr_FR","og_type":"article","og_title":"La vieille ville de Grazalema, le Village blanc de Grazalema","og_description":"Grazalema est bien plus qu\u2019un site naturel unique en Espagne, c\u2019est aussi l\u2019un des plus beaux villages de la Route des Villages Blancs.","og_url":"https:\/\/www.fuertehoteles.com\/fr\/destinations\/vacances-grazalema\/centre-historique\/","og_site_name":"Fuerte Hoteles","article_publisher":"https:\/\/www.facebook.com\/HotelesFuerte","article_modified_time":"2021-12-21T11:03:55+00:00","og_image":[{"width":1920,"height":540,"url":"https:\/\/www.fuertehoteles.com\/wp-content\/uploads\/2021\/11\/grazalema-casco-antiguo.jpg","type":"image\/jpeg"}],"twitter_card":"summary_large_image","twitter_site":"@fuertehoteles","twitter_misc":{"Dur\u00e9e de lecture estim\u00e9e":"2 minutes"},"schema":{"@context":"https:\/\/schema.org","@graph":[{"@type":"WebPage","@id":"https:\/\/www.fuertehoteles.com\/fr\/destinations\/vacances-grazalema\/centre-historique\/","url":"https:\/\/www.fuertehoteles.com\/fr\/destinations\/vacances-grazalema\/centre-historique\/","name":"La vieille ville de Grazalema, le Village blanc de Grazalema","isPartOf":{"@id":"https:\/\/www.fuertehoteles.com\/#website"},"primaryImageOfPage":{"@id":"https:\/\/www.fuertehoteles.com\/fr\/destinations\/vacances-grazalema\/centre-historique\/#primaryimage"},"image":{"@id":"https:\/\/www.fuertehoteles.com\/fr\/destinations\/vacances-grazalema\/centre-historique\/#primaryimage"},"thumbnailUrl":"https:\/\/www.fuertehoteles.com\/wp-content\/uploads\/2021\/11\/grazalema-casco-antiguo.jpg","datePublished":"2021-11-26T13:54:16+00:00","dateModified":"2021-12-21T11:03:55+00:00","description":"Grazalema est bien plus qu\u2019un site naturel unique en Espagne, c\u2019est aussi l\u2019un des plus beaux villages de la Route des Villages Blancs.","breadcrumb":{"@id":"https:\/\/www.fuertehoteles.com\/fr\/destinations\/vacances-grazalema\/centre-historique\/#breadcrumb"},"inLanguage":"fr-FR","potentialAction":[{"@type":"ReadAction","target":["https:\/\/www.fuertehoteles.com\/fr\/destinations\/vacances-grazalema\/centre-historique\/"]}]},{"@type":"ImageObject","inLanguage":"fr-FR","@id":"https:\/\/www.fuertehoteles.com\/fr\/destinations\/vacances-grazalema\/centre-historique\/#primaryimage","url":"https:\/\/www.fuertehoteles.com\/wp-content\/uploads\/2021\/11\/grazalema-casco-antiguo.jpg","contentUrl":"https:\/\/www.fuertehoteles.com\/wp-content\/uploads\/2021\/11\/grazalema-casco-antiguo.jpg","width":1920,"height":540,"caption":"Grazalema"},{"@type":"BreadcrumbList","@id":"https:\/\/www.fuertehoteles.com\/fr\/destinations\/vacances-grazalema\/centre-historique\/#breadcrumb","itemListElement":[{"@type":"ListItem","position":1,"name":"Portada","item":"https:\/\/www.fuertehoteles.com\/fr\/"},{"@type":"ListItem","position":2,"name":"Nos Destinations","item":"https:\/\/www.fuertehoteles.com\/fr\/destinations\/"},{"@type":"ListItem","position":3,"name":"Grazalema","item":"https:\/\/www.fuertehoteles.com\/fr\/destinations\/vacances-grazalema\/"},{"@type":"ListItem","position":4,"name":"Centre historique"}]},{"@type":"WebSite","@id":"https:\/\/www.fuertehoteles.com\/#website","url":"https:\/\/www.fuertehoteles.com\/","name":"Fuerte Hoteles","description":"","publisher":{"@id":"https:\/\/www.fuertehoteles.com\/#organization"},"potentialAction":[{"@type":"SearchAction","target":{"@type":"EntryPoint","urlTemplate":"https:\/\/www.fuertehoteles.com\/?s={search_term_string}"},"query-input":"required name=search_term_string"}],"inLanguage":"fr-FR"},{"@type":"Organization","@id":"https:\/\/www.fuertehoteles.com\/#organization","name":"Fuerte Hoteles","url":"https:\/\/www.fuertehoteles.com\/","logo":{"@type":"ImageObject","inLanguage":"fr-FR","@id":"https:\/\/www.fuertehoteles.com\/#\/schema\/logo\/image\/","url":"https:\/\/www.fuertehoteles.com\/wp-content\/uploads\/2022\/09\/logo-ffhh-1.jpg","contentUrl":"https:\/\/www.fuertehoteles.com\/wp-content\/uploads\/2022\/09\/logo-ffhh-1.jpg","width":500,"height":500,"caption":"Fuerte Hoteles"},"image":{"@id":"https:\/\/www.fuertehoteles.com\/#\/schema\/logo\/image\/"},"sameAs":["https:\/\/www.facebook.com\/HotelesFuerte","https:\/\/twitter.com\/fuertehoteles","https:\/\/www.instagram.com\/fuertehoteles\/","https:\/\/www.linkedin.com\/company\/fuerte-hoteles\/","https:\/\/www.youtube.com\/user\/fuertehoteles","https:\/\/en.wikipedia.org\/wiki\/Fuerte_Hotels"]}]}},"_links":{"self":[{"href":"https:\/\/www.fuertehoteles.com\/fr\/wp-json\/wp\/v2\/pages\/4765","targetHints":{"allow":["GET"]}}],"collection":[{"href":"https:\/\/www.fuertehoteles.com\/fr\/wp-json\/wp\/v2\/pages"}],"about":[{"href":"https:\/\/www.fuertehoteles.com\/fr\/wp-json\/wp\/v2\/types\/page"}],"author":[{"embeddable":true,"href":"https:\/\/www.fuertehoteles.com\/fr\/wp-json\/wp\/v2\/users\/6"}],"replies":[{"embeddable":true,"href":"https:\/\/www.fuertehoteles.com\/fr\/wp-json\/wp\/v2\/comments?post=4765"}],"version-history":[{"count":0,"href":"https:\/\/www.fuertehoteles.com\/fr\/wp-json\/wp\/v2\/pages\/4765\/revisions"}],"up":[{"embeddable":true,"href":"https:\/\/www.fuertehoteles.com\/fr\/wp-json\/wp\/v2\/pages\/4743"}],"wp:featuredmedia":[{"embeddable":true,"href":"https:\/\/www.fuertehoteles.com\/fr\/wp-json\/wp\/v2\/media\/1672"}],"wp:attachment":[{"href":"https:\/\/www.fuertehoteles.com\/fr\/wp-json\/wp\/v2\/media?parent=4765"}],"curies":[{"name":"wp","href":"https:\/\/api.w.org\/{rel}","templated":true}]}}