{"id":4778,"date":"2021-11-26T15:01:53","date_gmt":"2021-11-26T14:01:53","guid":{"rendered":"https:\/\/www.fuertehoteles.com\/nos-destinations\/vacances-grazalema\/compras\/"},"modified":"2021-12-21T12:18:21","modified_gmt":"2021-12-21T11:18:21","slug":"achats","status":"publish","type":"page","link":"https:\/\/www.fuertehoteles.com\/fr\/destinations\/vacances-grazalema\/achats\/","title":{"rendered":"Achats"},"content":{"rendered":"[vc_row][vc_column el_class=\u00a0\u00bbdestination-content\u00a0\u00bb][vc_column_text]\n<h1>Les meilleurs achats \u00e0 Grazalema<\/h1>\n<p>Si vous visitez la <strong>Sierra de Grazalema<\/strong> en Espagne, vous ne pourrez pas partir sans acheter les produits artisanaux typiques de la r\u00e9gion. Aussi bien les fromages que l\u2019artisanat textile et le cuir, sont des achats \u00ab obligatoires \u00bb pour tous ceux qui visiteront cette r\u00e9gion.<\/p>\n<h3>Grazalema (\u00e0 5 min en voiture et \u00e0 30 min \u00e0 pied)<\/h3>\n<ul>\n<li>El Duende : articles cadeaux et accessoires.<\/li>\n<li>La Alacena : souvenirs de la sierra.<\/li>\n<li>Antojos : jouets en bois, cadeaux et d\u00e9coration.<\/li>\n<li>Horizon : \u00e9quipements sportifs pour la randonn\u00e9e.<\/li>\n<li>La Casa de Abuela Augustina : produits du terroir.<\/li>\n<li>Todo Sierra : produits du terroir.<\/li>\n<li>Supermarch\u00e9 Guillermo et Boucherie Mercedes : charcuterie ib\u00e9riques.<\/li>\n<\/ul>\n<h3>Ubrique (\u00e0 23 min en voiture)<\/h3>\n<p>La tradition artisanale d\u2019Ubrique s\u2019oriente plus particuli\u00e8rement sur les articles en cuir.<\/p>\n<ul>\n<li>Carla Sade<\/li>\n<li>El Potro<\/li>\n<li>Arte Piel<\/li>\n<li>Coronel Piel<\/li>\n<li>Piel Galv\u00e1n<\/li>\n<li>Maipe<\/li>\n<li>Miguel Dur\u00e1n<\/li>\n<li>Anago Piel<\/li>\n<li>Iloveleather<\/li>\n<li>Barada<\/li>\n<li>Piel de Ubrique<\/li>\n<li>Mari Paz<\/li>\n<\/ul>\n<h3>Ronda (\u00e0 30 min en voiture)<\/h3>\n<ul>\n<li>Centre commercial \u00e0 ciel ouvert dans la rue de la Bola<\/li>\n<li>Boutiques situ\u00e9es autour de la Place des Ar\u00e8nes<\/li>\n<\/ul>\n[\/vc_column_text][\/vc_column][\/vc_row]\n","protected":false},"excerpt":{"rendered":"<p>[vc_row][vc_column el_class=\u00a0\u00bbdestination-content\u00a0\u00bb][vc_column_text] Les meilleurs achats \u00e0 Grazalema Si vous visitez la Sierra de Grazalema en Espagne, vous ne pourrez pas partir sans acheter les produits artisanaux typiques de la r\u00e9gion. Aussi bien les fromages que l\u2019artisanat textile et le cuir, sont des achats \u00ab obligatoires \u00bb pour tous ceux qui visiteront cette r\u00e9gion. Grazalema (\u00e0<\/p>\n","protected":false},"author":6,"featured_media":1684,"parent":4743,"menu_order":0,"comment_status":"closed","ping_status":"closed","template":"templates\/destination-subpages.php","meta":{"footnotes":""},"class_list":["post-4778","page","type-page","status-publish","hentry"],"yoast_head":"<!-- This site is optimized with the Yoast SEO plugin v22.4 - https:\/\/yoast.com\/wordpress\/plugins\/seo\/ -->\n<title>Les meilleurs achats \u00e0 Grazalema - le guide de shopping \u00e0 Grazalema<\/title>\n<meta name=\"description\" content=\"Si vous visitez la Sierra de Grazalema, ne partez pas sans acheter les produits artisanaux typiques de la r\u00e9gion. Les meilleurs achats \u00e0 Grazalema\" \/>\n<meta name=\"robots\" content=\"index, follow, max-snippet:-1, max-image-preview:large, max-video-preview:-1\" \/>\n<link rel=\"canonical\" href=\"https:\/\/www.fuertehoteles.com\/fr\/destinations\/vacances-grazalema\/achats\/\" \/>\n<meta property=\"og:locale\" content=\"fr_FR\" \/>\n<meta property=\"og:type\" content=\"article\" \/>\n<meta property=\"og:title\" content=\"Les meilleurs achats \u00e0 Grazalema - le guide de shopping \u00e0 Grazalema\" \/>\n<meta property=\"og:description\" content=\"Si vous visitez la Sierra de Grazalema, ne partez pas sans acheter les produits artisanaux typiques de la r\u00e9gion. Les meilleurs achats \u00e0 Grazalema\" \/>\n<meta property=\"og:url\" content=\"https:\/\/www.fuertehoteles.com\/fr\/destinations\/vacances-grazalema\/achats\/\" \/>\n<meta property=\"og:site_name\" content=\"Fuerte Hoteles\" \/>\n<meta property=\"article:publisher\" content=\"https:\/\/www.facebook.com\/HotelesFuerte\" \/>\n<meta property=\"article:modified_time\" content=\"2021-12-21T11:18:21+00:00\" \/>\n<meta property=\"og:image\" content=\"https:\/\/www.fuertehoteles.com\/wp-content\/uploads\/2021\/11\/grazalema-compras.jpg\" \/>\n\t<meta property=\"og:image:width\" content=\"1920\" \/>\n\t<meta property=\"og:image:height\" content=\"540\" \/>\n\t<meta property=\"og:image:type\" content=\"image\/jpeg\" \/>\n<meta name=\"twitter:card\" content=\"summary_large_image\" \/>\n<meta name=\"twitter:site\" content=\"@fuertehoteles\" \/>\n<meta name=\"twitter:label1\" content=\"Dur\u00e9e de lecture estim\u00e9e\" \/>\n\t<meta name=\"twitter:data1\" content=\"1 minute\" \/>\n<script type=\"application\/ld+json\" class=\"yoast-schema-graph\">{\"@context\":\"https:\/\/schema.org\",\"@graph\":[{\"@type\":\"WebPage\",\"@id\":\"https:\/\/www.fuertehoteles.com\/fr\/destinations\/vacances-grazalema\/achats\/\",\"url\":\"https:\/\/www.fuertehoteles.com\/fr\/destinations\/vacances-grazalema\/achats\/\",\"name\":\"Les meilleurs achats \u00e0 Grazalema - le guide de shopping \u00e0 Grazalema\",\"isPartOf\":{\"@id\":\"https:\/\/www.fuertehoteles.com\/#website\"},\"primaryImageOfPage\":{\"@id\":\"https:\/\/www.fuertehoteles.com\/fr\/destinations\/vacances-grazalema\/achats\/#primaryimage\"},\"image\":{\"@id\":\"https:\/\/www.fuertehoteles.com\/fr\/destinations\/vacances-grazalema\/achats\/#primaryimage\"},\"thumbnailUrl\":\"https:\/\/www.fuertehoteles.com\/wp-content\/uploads\/2021\/11\/grazalema-compras.jpg\",\"datePublished\":\"2021-11-26T14:01:53+00:00\",\"dateModified\":\"2021-12-21T11:18:21+00:00\",\"description\":\"Si vous visitez la Sierra de Grazalema, ne partez pas sans acheter les produits artisanaux typiques de la r\u00e9gion. Les meilleurs achats \u00e0 Grazalema\",\"breadcrumb\":{\"@id\":\"https:\/\/www.fuertehoteles.com\/fr\/destinations\/vacances-grazalema\/achats\/#breadcrumb\"},\"inLanguage\":\"fr-FR\",\"potentialAction\":[{\"@type\":\"ReadAction\",\"target\":[\"https:\/\/www.fuertehoteles.com\/fr\/destinations\/vacances-grazalema\/achats\/\"]}]},{\"@type\":\"ImageObject\",\"inLanguage\":\"fr-FR\",\"@id\":\"https:\/\/www.fuertehoteles.com\/fr\/destinations\/vacances-grazalema\/achats\/#primaryimage\",\"url\":\"https:\/\/www.fuertehoteles.com\/wp-content\/uploads\/2021\/11\/grazalema-compras.jpg\",\"contentUrl\":\"https:\/\/www.fuertehoteles.com\/wp-content\/uploads\/2021\/11\/grazalema-compras.jpg\",\"width\":1920,\"height\":540,\"caption\":\"ir de compras en Grazalema\"},{\"@type\":\"BreadcrumbList\",\"@id\":\"https:\/\/www.fuertehoteles.com\/fr\/destinations\/vacances-grazalema\/achats\/#breadcrumb\",\"itemListElement\":[{\"@type\":\"ListItem\",\"position\":1,\"name\":\"Portada\",\"item\":\"https:\/\/www.fuertehoteles.com\/fr\/\"},{\"@type\":\"ListItem\",\"position\":2,\"name\":\"Nos Destinations\",\"item\":\"https:\/\/www.fuertehoteles.com\/fr\/destinations\/\"},{\"@type\":\"ListItem\",\"position\":3,\"name\":\"Grazalema\",\"item\":\"https:\/\/www.fuertehoteles.com\/fr\/destinations\/vacances-grazalema\/\"},{\"@type\":\"ListItem\",\"position\":4,\"name\":\"Achats\"}]},{\"@type\":\"WebSite\",\"@id\":\"https:\/\/www.fuertehoteles.com\/#website\",\"url\":\"https:\/\/www.fuertehoteles.com\/\",\"name\":\"Fuerte Hoteles\",\"description\":\"\",\"publisher\":{\"@id\":\"https:\/\/www.fuertehoteles.com\/#organization\"},\"potentialAction\":[{\"@type\":\"SearchAction\",\"target\":{\"@type\":\"EntryPoint\",\"urlTemplate\":\"https:\/\/www.fuertehoteles.com\/?s={search_term_string}\"},\"query-input\":\"required name=search_term_string\"}],\"inLanguage\":\"fr-FR\"},{\"@type\":\"Organization\",\"@id\":\"https:\/\/www.fuertehoteles.com\/#organization\",\"name\":\"Fuerte Hoteles\",\"url\":\"https:\/\/www.fuertehoteles.com\/\",\"logo\":{\"@type\":\"ImageObject\",\"inLanguage\":\"fr-FR\",\"@id\":\"https:\/\/www.fuertehoteles.com\/#\/schema\/logo\/image\/\",\"url\":\"https:\/\/www.fuertehoteles.com\/wp-content\/uploads\/2022\/09\/logo-ffhh-1.jpg\",\"contentUrl\":\"https:\/\/www.fuertehoteles.com\/wp-content\/uploads\/2022\/09\/logo-ffhh-1.jpg\",\"width\":500,\"height\":500,\"caption\":\"Fuerte Hoteles\"},\"image\":{\"@id\":\"https:\/\/www.fuertehoteles.com\/#\/schema\/logo\/image\/\"},\"sameAs\":[\"https:\/\/www.facebook.com\/HotelesFuerte\",\"https:\/\/twitter.com\/fuertehoteles\",\"https:\/\/www.instagram.com\/fuertehoteles\/\",\"https:\/\/www.linkedin.com\/company\/fuerte-hoteles\/\",\"https:\/\/www.youtube.com\/user\/fuertehoteles\",\"https:\/\/en.wikipedia.org\/wiki\/Fuerte_Hotels\"]}]}<\/script>\n<!-- \/ Yoast SEO plugin. -->","yoast_head_json":{"title":"Les meilleurs achats \u00e0 Grazalema - le guide de shopping \u00e0 Grazalema","description":"Si vous visitez la Sierra de Grazalema, ne partez pas sans acheter les produits artisanaux typiques de la r\u00e9gion. Les meilleurs achats \u00e0 Grazalema","robots":{"index":"index","follow":"follow","max-snippet":"max-snippet:-1","max-image-preview":"max-image-preview:large","max-video-preview":"max-video-preview:-1"},"canonical":"https:\/\/www.fuertehoteles.com\/fr\/destinations\/vacances-grazalema\/achats\/","og_locale":"fr_FR","og_type":"article","og_title":"Les meilleurs achats \u00e0 Grazalema - le guide de shopping \u00e0 Grazalema","og_description":"Si vous visitez la Sierra de Grazalema, ne partez pas sans acheter les produits artisanaux typiques de la r\u00e9gion. Les meilleurs achats \u00e0 Grazalema","og_url":"https:\/\/www.fuertehoteles.com\/fr\/destinations\/vacances-grazalema\/achats\/","og_site_name":"Fuerte Hoteles","article_publisher":"https:\/\/www.facebook.com\/HotelesFuerte","article_modified_time":"2021-12-21T11:18:21+00:00","og_image":[{"width":1920,"height":540,"url":"https:\/\/www.fuertehoteles.com\/wp-content\/uploads\/2021\/11\/grazalema-compras.jpg","type":"image\/jpeg"}],"twitter_card":"summary_large_image","twitter_site":"@fuertehoteles","twitter_misc":{"Dur\u00e9e de lecture estim\u00e9e":"1 minute"},"schema":{"@context":"https:\/\/schema.org","@graph":[{"@type":"WebPage","@id":"https:\/\/www.fuertehoteles.com\/fr\/destinations\/vacances-grazalema\/achats\/","url":"https:\/\/www.fuertehoteles.com\/fr\/destinations\/vacances-grazalema\/achats\/","name":"Les meilleurs achats \u00e0 Grazalema - le guide de shopping \u00e0 Grazalema","isPartOf":{"@id":"https:\/\/www.fuertehoteles.com\/#website"},"primaryImageOfPage":{"@id":"https:\/\/www.fuertehoteles.com\/fr\/destinations\/vacances-grazalema\/achats\/#primaryimage"},"image":{"@id":"https:\/\/www.fuertehoteles.com\/fr\/destinations\/vacances-grazalema\/achats\/#primaryimage"},"thumbnailUrl":"https:\/\/www.fuertehoteles.com\/wp-content\/uploads\/2021\/11\/grazalema-compras.jpg","datePublished":"2021-11-26T14:01:53+00:00","dateModified":"2021-12-21T11:18:21+00:00","description":"Si vous visitez la Sierra de Grazalema, ne partez pas sans acheter les produits artisanaux typiques de la r\u00e9gion. Les meilleurs achats \u00e0 Grazalema","breadcrumb":{"@id":"https:\/\/www.fuertehoteles.com\/fr\/destinations\/vacances-grazalema\/achats\/#breadcrumb"},"inLanguage":"fr-FR","potentialAction":[{"@type":"ReadAction","target":["https:\/\/www.fuertehoteles.com\/fr\/destinations\/vacances-grazalema\/achats\/"]}]},{"@type":"ImageObject","inLanguage":"fr-FR","@id":"https:\/\/www.fuertehoteles.com\/fr\/destinations\/vacances-grazalema\/achats\/#primaryimage","url":"https:\/\/www.fuertehoteles.com\/wp-content\/uploads\/2021\/11\/grazalema-compras.jpg","contentUrl":"https:\/\/www.fuertehoteles.com\/wp-content\/uploads\/2021\/11\/grazalema-compras.jpg","width":1920,"height":540,"caption":"ir de compras en Grazalema"},{"@type":"BreadcrumbList","@id":"https:\/\/www.fuertehoteles.com\/fr\/destinations\/vacances-grazalema\/achats\/#breadcrumb","itemListElement":[{"@type":"ListItem","position":1,"name":"Portada","item":"https:\/\/www.fuertehoteles.com\/fr\/"},{"@type":"ListItem","position":2,"name":"Nos Destinations","item":"https:\/\/www.fuertehoteles.com\/fr\/destinations\/"},{"@type":"ListItem","position":3,"name":"Grazalema","item":"https:\/\/www.fuertehoteles.com\/fr\/destinations\/vacances-grazalema\/"},{"@type":"ListItem","position":4,"name":"Achats"}]},{"@type":"WebSite","@id":"https:\/\/www.fuertehoteles.com\/#website","url":"https:\/\/www.fuertehoteles.com\/","name":"Fuerte Hoteles","description":"","publisher":{"@id":"https:\/\/www.fuertehoteles.com\/#organization"},"potentialAction":[{"@type":"SearchAction","target":{"@type":"EntryPoint","urlTemplate":"https:\/\/www.fuertehoteles.com\/?s={search_term_string}"},"query-input":"required name=search_term_string"}],"inLanguage":"fr-FR"},{"@type":"Organization","@id":"https:\/\/www.fuertehoteles.com\/#organization","name":"Fuerte Hoteles","url":"https:\/\/www.fuertehoteles.com\/","logo":{"@type":"ImageObject","inLanguage":"fr-FR","@id":"https:\/\/www.fuertehoteles.com\/#\/schema\/logo\/image\/","url":"https:\/\/www.fuertehoteles.com\/wp-content\/uploads\/2022\/09\/logo-ffhh-1.jpg","contentUrl":"https:\/\/www.fuertehoteles.com\/wp-content\/uploads\/2022\/09\/logo-ffhh-1.jpg","width":500,"height":500,"caption":"Fuerte Hoteles"},"image":{"@id":"https:\/\/www.fuertehoteles.com\/#\/schema\/logo\/image\/"},"sameAs":["https:\/\/www.facebook.com\/HotelesFuerte","https:\/\/twitter.com\/fuertehoteles","https:\/\/www.instagram.com\/fuertehoteles\/","https:\/\/www.linkedin.com\/company\/fuerte-hoteles\/","https:\/\/www.youtube.com\/user\/fuertehoteles","https:\/\/en.wikipedia.org\/wiki\/Fuerte_Hotels"]}]}},"_links":{"self":[{"href":"https:\/\/www.fuertehoteles.com\/fr\/wp-json\/wp\/v2\/pages\/4778","targetHints":{"allow":["GET"]}}],"collection":[{"href":"https:\/\/www.fuertehoteles.com\/fr\/wp-json\/wp\/v2\/pages"}],"about":[{"href":"https:\/\/www.fuertehoteles.com\/fr\/wp-json\/wp\/v2\/types\/page"}],"author":[{"embeddable":true,"href":"https:\/\/www.fuertehoteles.com\/fr\/wp-json\/wp\/v2\/users\/6"}],"replies":[{"embeddable":true,"href":"https:\/\/www.fuertehoteles.com\/fr\/wp-json\/wp\/v2\/comments?post=4778"}],"version-history":[{"count":0,"href":"https:\/\/www.fuertehoteles.com\/fr\/wp-json\/wp\/v2\/pages\/4778\/revisions"}],"up":[{"embeddable":true,"href":"https:\/\/www.fuertehoteles.com\/fr\/wp-json\/wp\/v2\/pages\/4743"}],"wp:featuredmedia":[{"embeddable":true,"href":"https:\/\/www.fuertehoteles.com\/fr\/wp-json\/wp\/v2\/media\/1684"}],"wp:attachment":[{"href":"https:\/\/www.fuertehoteles.com\/fr\/wp-json\/wp\/v2\/media?parent=4778"}],"curies":[{"name":"wp","href":"https:\/\/api.w.org\/{rel}","templated":true}]}}