{"id":4786,"date":"2021-11-26T15:04:07","date_gmt":"2021-11-26T14:04:07","guid":{"rendered":"https:\/\/www.fuertehoteles.com\/nos-destinations\/vacances-grazalema\/excursiones\/"},"modified":"2021-12-21T12:27:10","modified_gmt":"2021-12-21T11:27:10","slug":"excursions","status":"publish","type":"page","link":"https:\/\/www.fuertehoteles.com\/fr\/destinations\/vacances-grazalema\/excursions\/","title":{"rendered":"Excursions"},"content":{"rendered":"[vc_row][vc_column el_class=\u00a0\u00bbdestination-content\u00a0\u00bb][vc_column_text]\n<h1>Tours locaux et Excursions d\u00e8s Grazalema<\/h1>\n<h2>Randonn\u00e9es \u00e0 pied et \u00e0 v\u00e9lo<\/h2>\n<h3>Randonn\u00e9es \u00e0 pied<\/h3>\n<ul>\n<li>Voir randon\u00e9e: <a title=\"Randonn\u00e9es\" href=\"http:\/\/fr.wikiloc.com\/wikiloc\/view.do?id=4902728\" target=\"_blank\" rel=\"nofollow noopener\">Grazalema \u2013 Puerto de las Presillas \u2013 Boyar \u2013 Grazalema<\/a><\/li>\n<li>Voir randon\u00e9e: <a title=\"Randonn\u00e9es\" href=\"http:\/\/fr.wikiloc.com\/wikiloc\/view.do?id=4823998\" target=\"_blank\" rel=\"nofollow noopener\">Hotel Fuerte Grazalema \u2013 Cueva de Dos Puertas<\/a><\/li>\n<li>Voir randon\u00e9e: <a title=\"Randonn\u00e9es\" href=\"http:\/\/fr.wikiloc.com\/wikiloc\/view.do?id=4779501\" target=\"_blank\" rel=\"nofollow noopener\">Hotel Fuerte \u2013 Circular vistas m\u00e1s espetaculares Grazalema<\/a><\/li>\n<li>Voir randon\u00e9e: <a title=\"Randonn\u00e9es\" href=\"http:\/\/fr.wikiloc.com\/wikiloc\/view.do?id=4779460\" target=\"_blank\" rel=\"nofollow noopener\">Circular Hotel El Fuerte Grazalema \u2013 Pantanillo del r\u00edo Gaduares<\/a><\/li>\n<li>Voir randon\u00e9e: <a title=\"Randonn\u00e9es\" href=\"http:\/\/fr.wikiloc.com\/wikiloc\/view.do?id=4779330\" target=\"_blank\" rel=\"nofollow noopener\">Hotel Fuerte Grazalema \u2013 Grazalema<\/a><\/li>\n<\/ul>\n<h3>Randonn\u00e9es \u00e0 v\u00e9lo<\/h3>\n<ul>\n<li>Voir randon\u00e9e: <a title=\"Randonn\u00e9es\" href=\"http:\/\/fr.wikiloc.com\/wikiloc\/view.do?id=5265581\" target=\"_blank\" rel=\"nofollow noopener\">Circular Hotel Fuerte Grazalema \u2013 Puerto del Boyar<\/a><\/li>\n<li>Voir randon\u00e9e: <a title=\"Randonn\u00e9es\" href=\"http:\/\/fr.wikiloc.com\/wikiloc\/view.do?id=5265472\" target=\"_blank\" rel=\"nofollow noopener\">Circular Hotel Fuerte Grazalema \u2013 Puerto de las Palomas \u2013 El Bosque \u2013 Benamahoma \u2013 Puerto del Boyar<\/a><\/li>\n<li>Voir randon\u00e9e: <a title=\"Randonn\u00e9es\" href=\"http:\/\/fr.wikiloc.com\/wikiloc\/view.do?id=5262458\" target=\"_blank\" rel=\"nofollow noopener\">Circular Hotel Fuerte Grazalema \u2013 Ubrique \u2013 Puerto del Berrueco \u2013 Cortes \u2013 Benaoj\u00e1n \u2013 Montejaque<\/a><\/li>\n<li>Voir randon\u00e9e: <a title=\"Randonn\u00e9es\" href=\"http:\/\/fr.wikiloc.com\/wikiloc\/view.do?id=4822316\" target=\"_blank\" rel=\"nofollow noopener\">Vuelta del Puerto de la Ribera<\/a><\/li>\n<li>Voir randon\u00e9e: <a title=\"Randonn\u00e9es\" href=\"http:\/\/fr.wikiloc.com\/wikiloc\/view.do?id=4779151\" target=\"_blank\" rel=\"nofollow noopener\">Hotel Fuerte Grazalema-Ubrique-Hotel Fuerte Grazalema<\/a><\/li>\n<li>Voir randon\u00e9e: <a title=\"Randonn\u00e9es\" href=\"http:\/\/fr.wikiloc.com\/wikiloc\/view.do?id=4139791\" target=\"_blank\" rel=\"nofollow noopener\">Hotel Fuerte Grazalema \u2013 Villaluenga del Rosario \u2013 Hotel Fuerte Grazalema<\/a><\/li>\n<li>Voir randon\u00e9e: <a title=\"Randonn\u00e9es\" href=\"http:\/\/fr.wikiloc.com\/wikiloc\/view.do?id=4139808\" target=\"_blank\" rel=\"nofollow noopener\">Hotel Fuerte Grazalema \u2013 Grazalema \u2013 Benamahoma \u2013 El Bosque \u2013 Hotel Fuerte Grazalema<\/a><\/li>\n<\/ul>\n<h2>Excursions d\u2019une demi-journ\u00e9e<\/h2>\n<p>Grazalema est une petite ville espagnole au centre de l\u2019Andalousie. Elle se situe en plein c\u0153ur d\u2019un Parc Naturel tr\u00e8s c\u00e9l\u00e8bre pour sa faune, sa flore, et ses paysages uniques ; elle est proche de certains des plus beaux villages blancs \u00e0 visiter en Espagne.<\/p>\n<h3>Villaluenga del Rosario (10 min en voiture)<\/h3>\n<p>Un merveilleux site de la<span class=\"Apple-converted-space\"> <\/span><strong>Sierra de Grazalema<\/strong>,<span class=\"Apple-converted-space\"> <\/span><em>Villaluenga del Rosario<\/em><span class=\"Apple-converted-space\"> <\/span>h\u00e9berge<em><strong>le Mus\u00e9e du Fromage Payoyo<\/strong><\/em><span class=\"Apple-converted-space\"> <\/span>et la plus grande fabrique de cet exquis fromage traditionnel fabriqu\u00e9 \u00e0 la ferme de mani\u00e8re artisanale avec du lait de brebis Merina de Grazalema et du lait de ch\u00e8vre Papoya.<\/p>\n<h3>Benamahoma (20 minutes en voiture)<\/h3>\n<p>Le hameau de <strong>Benamahoma<\/strong> est situ\u00e9 dans un endroit privil\u00e9gi\u00e9 dont il faut souligner la forte pr\u00e9sence de l\u2019eau, son bien le plus pr\u00e9cieux. Ne manquez pas de visiter le Mus\u00e9e de<span class=\"Apple-converted-space\"> <\/span><strong>l\u2019Eau<\/strong> (situ\u00e9 dans l\u2019ancien moulin \u00e0 la source de la rivi\u00e8re Majaceite), l\u2019exploitation piscicole ou le Jardin botanique El Castillejo.<\/p>\n<p>La date la plus importante du calendrier de Benamahoma est sans aucun doute le premier week-end du mois d\u2019ao\u00fbt. \u00c0 l\u2019occasion de son <strong>festival<\/strong> des Maures et des Chr\u00e9tiens, le village comm\u00e9more et revit l\u2019\u00e9poque de la domination musulmane et de la Reconqu\u00eate chr\u00e9tienne..<\/p>\n<h3>Ubrique (23 min en voiture)<\/h3>\n<p>Ubrique fait partie de la <strong>Route des Villages Blancs<\/strong>, \u00e0 l\u2019entr\u00e9e du Parc Naturel de Grazalema et du Parc Naturel Los Alcornocales. Visite obligatoire au Mus\u00e9e du Cuir, une balade \u00e0 travers l\u2019histoire de la maroquinerie d\u2019Ubrique depuis ses origines.<\/p>\n<p>Ne manquez pas de visiter le site arch\u00e9ologique romain d\u2019Ocuri qui se trouve \u00e0 2 km d\u2019Ubrique dans un endroit connu sous le nom de<span class=\"Apple-converted-space\"> <\/span><em>\u00ab Salto de la Mora \u00bb,<\/em> d\u2019o\u00f9 il est possible d\u2019observer <em>le passage naturel de Benaocaz <\/em>et <em>la manche de Villaluenga<\/em>.<\/p>\n<h3>El Bosque (25 min en voiture)<\/h3>\n<p>Situ\u00e9 sur la rive du fleuve Majaceite et aux pieds de la montagne Albarrac\u00edn, ce merveilleux <strong>village blanc<\/strong> offre des sources d\u2019eaux sulfureuses et des bois touffus. Une mention particuli\u00e8re \u00e0 sa <strong>charcuterie et ses fromages<\/strong>, de m\u00eame que sa d\u00e9dication \u00e0 l\u2019art de la maroquinerie et la fabrication de meubles artisanaux..<\/p>\n<h3>Montejaque et Benaoj\u00e1n (40 min en voiture)<\/h3>\n<p>Le site rupestre <em><strong>Cueva de la Pileta<\/strong><\/em> est une grotte pr\u00e9historique qui fut d\u00e9clar\u00e9e Monument National en 1924 et est l\u2019un des exemples les plus remarquables d\u2019<strong>Art rupestre de la P\u00e9ninsule Ib\u00e9rique<\/strong>. Ce site attire tous les ans de nombreux visiteurs d\u2019Espagne et du monde entier.<\/p>\n<h3>Setenil de las Bodegas ( 40 min en voiture)<\/h3>\n<p>Le principal attrait de ce petit village sont ses dr\u00f4les de maisons, construites sous la roche, qui \u00e0 la diff\u00e9rence d\u2019autres<span class=\"Apple-converted-space\"> <\/span><strong>constructions semi troglodytes<\/strong>, ne creusent pas la roche puisqu\u2019elles se limite \u00e0 fermer les parois rocheuses en fabriquant un logement \u00e0 la forme longitudinale.<\/p>\n<h2>Excursions d\u2019une journ\u00e9e compl\u00e8te<\/h2>\n<p>Un s\u00e9jour dans notre h\u00f4tel au c\u0153ur de l\u2019un des plus beaux parcs naturel d\u2019Espagne (la Sierra Grazalema), vous offre une situation id\u00e9ale si vous voulez partir explorer les villes et les villages du sud de l\u2019Espagne.<\/p>\n<h3>Ronda (\u00e0 20 min en voiture)<\/h3>\n<p><strong>Ronda <\/strong>est consid\u00e9r\u00e9e l\u2019une des plus belles villes d\u2019<strong>Espagne<\/strong> et d\u2019Andalousie de par sa grande richesse monumentale, dont on en souligne plus particuli\u00e8rement le fameux Tajo (ravin) de Ronda.<\/p>\n<p>A visiter \u00e0 Ronda :<\/p>\n<ul>\n<li>Puerto Nuevo, l\u2019imposant pont qui enjambe la gorge<\/li>\n<li>La place des Ar\u00e8nes<\/li>\n<li>Le Mus\u00e9e des Bandits<\/li>\n<li>Parcourez sa rue \u00e0 bord d\u2019une cal\u00e8che<\/li>\n<li>Le vieux quartier, ses rues sinueuses et \u00e9troites, et son palais mauresque<\/li>\n<li>Le site arch\u00e9ologique d\u2019Acinipo (une ancienne ville romaine \u00e0 20 kilom\u00e8tres de la ville)<\/li>\n<\/ul>\n<h3>Circuit Ascari (\u00e0 30 min en voiture)<\/h3>\n<p>Le Circcuit Ascari situ\u00e9 juste \u00e0 la sortie de<strong> Ronda<\/strong>, est un incontournable pour les amateurs de vitesse et de Formule 1 qui pourront vivre l\u2019exp\u00e9rience de conduire une voiture de course sur circuit.<\/p>\n<h3>Zahara de la Sierra (\u00e0  35 min en voiture)<\/h3>\n<p>Zahara de la Sierra est une \u00ab<strong>ville blanche<\/strong>\u00bb typique d\u2019Andalousie. Nich\u00e9e dans les montagnes de la Sierra, elle surplombe une vall\u00e9e et le lac. Les choses populaires \u00e0 voir \u00e0 Zahara sont:<\/p>\n<ul>\n<li>La plage artificielle de Zahara : cr\u00e9\u00e9e en plein site naturel elle profite du cours de la rivi\u00e8re dans un vaste espace entre vergers et arbres fruitiers.<\/li>\n<li>Cette localit\u00e9 offre \u00e9galement des balades tr\u00e8s sympas en cano\u00eb\/kayak.<\/li>\n<li>Ne manquez pas de visiter Zahara pendant <em>le <strong>festival Corpus Christi<\/strong> <\/em>: d\u00e9clar\u00e9e F\u00eate d\u2019Int\u00e9r\u00eat Touristique National, on souligne particuli\u00e8rement la beaut\u00e9 des d\u00e9corations florales de ses rues et des autels de ce typique village blanc andalou.<\/li>\n<\/ul>\n<h3>Arcos de la Frontera (\u00e0 45 min en voiture)<\/h3>\n<p><strong>Arcos de la Frontera<\/strong> est l\u2019un des plus beaux et c\u00e9l\u00e8bres villages de la Route des Villages Blancs.<\/p>\n<p>Il se distingue par:<\/p>\n<ul>\n<li>Les nombreuses arches qui composent son architecture, auxquelles il doit son nom \u00ab Arcos \u00bb<\/li>\n<li>Ses ruelles \u00e9troites aux fa\u00e7ades blanchies \u00e0 la chaux et d\u00e9cor\u00e9es de fleurs<\/li>\n<li>Son ch\u00e2teau du 15\u00e8me si\u00e8cle<\/li>\n<li>Sa magnifique collection de vestiges Wisigothiques, Romains et Arabes<\/li>\n<\/ul>\n<h3>Jerez (\u00e0 1h30 en voiture)<\/h3>\n<p>La <strong>ville de Jerez <\/strong>(X\u00e9r\u00e8s en fran\u00e7ais) est consid\u00e9r\u00e9e l\u2019un des berceaux du Flamenco en Andalousie, et est c\u00e9l\u00e8bre pour son vin brandy et son vinaigre.<\/p>\n<p>A faire \u00e0 Jerrez :<\/p>\n<ul>\n<li>Aller voir les merveilleux spectacles \u00e9questres organis\u00e9s par \u2018l\u2018\u00c9cole Royale Andalouse d\u2019Art \u00c9questre\u2019<\/li>\n<li>D\u00e9couvrir les diverses routes vinicoles \u00e0 travers les fameuses caves \u00e0 vin et de brandy de Jerez<\/li>\n<li>Visiter le mus\u00e9e arch\u00e9ologique<\/li>\n<\/ul>\n<h3>Cadix (\u00e0 1h49 en voiture)<\/h3>\n<p>Le charme de <strong>Cadix<\/strong>, surnomm\u00e9e populairement \u00ab La tacita de plata \u00bb (la petite tasse d\u2019argent), est in\u00e9galable de par la beaut\u00e9 architecturale de ses monuments.<\/p>\n<p>\u00c0 voir \u00e0 Cadix :<\/p>\n<ul>\n<li>Le Th\u00e9\u00e2tre Manuel de Falla o\u00f9 a lieu le <strong>carnaval de Cadix<\/strong>.<\/li>\n<li>Plaza San Antonio, une superbe place du 19\u00e8me si\u00e8cle<\/li>\n<li>La cath\u00e9drale baroque<\/li>\n<li>Le th\u00e9\u00e2tre romain<\/li>\n<li>L\u2019Oratoire de San Felipe<\/li>\n<li>La March\u00e9 Central<\/li>\n<li>Le quartier de La Vi\u00f1a.<\/li>\n<\/ul>\n<h3>S\u00e9ville (\u00e0 1h50 en voiture)<\/h3>\n<p>Comme le dit la chanson : <em>S<strong>\u00e9ville a une couleur sp\u00e9ciale<\/strong><\/em>, Les monuments de cette ville captivante pleine de lieux int\u00e9ressants \u00e0 explorer, refl\u00e9tant la richesse de son histoire en sont la preuve.<\/p>\n<p>\u00c0 voir \u00e0 S\u00e9ville :<\/p>\n<ul>\n<li><strong>L\u2019Alcazar <\/strong>: un palais m\u00e9di\u00e9val class\u00e9 au <strong>Patrimoine Mondial de l\u2019UNESCO<\/strong><\/li>\n<li><strong>La cath\u00e9drale et la Giralda <\/strong>: ancien minaret de la grande mosqu\u00e9e de S\u00e9ville devenu le clocher la cath\u00e9drale<\/li>\n<li><strong>La Torre del Oro (la Tour de l\u2019Or)<\/strong> : tour d\u2019observation mauresque datant du XIIIe si\u00e8cle<\/li>\n<li>Le Palais de San Telmo de style baroque<\/li>\n<li>El Archivo de Indias (les Archives g\u00e9n\u00e9rales des Indes)<\/li>\n<li>L\u2019ancienne fabrique royale de tabac<\/li>\n<li>De tr\u00e8s beaux jardins, dont ceux d\u00e9velopp\u00e9s pour l\u2019Expo 92<\/li>\n<li>\u2018El Bosque Suspendido\u2019 (la For\u00eat suspendue) : parcs \u00e0 th\u00e8me original situ\u00e9 dans une for\u00eat de pins centenaires<\/li>\n<li>Les mus\u00e9es et les galeries d\u2019art<\/li>\n<\/ul>\n<h3>Granada (\u00e0 2h40 en voiture)<\/h3>\n<p>La charmante ville de Granada abrite<span class=\"Apple-converted-space\"> <\/span><strong>L\u2018Alhambra<\/strong>, site class\u00e9 Patrimoine de l\u2018Humanit\u00e9 c\u2019est le monument le plus visit\u00e9 et embl\u00e9matique d\u2019Espagne. Les quartiers d\u2018<strong>Albaic\u00edn et Sacromonte<\/strong> couronnent les sommets de Sierra Nevada en apportant leurs touches de couleurs et de charme.[\/vc_column_text][\/vc_column][\/vc_row]\n","protected":false},"excerpt":{"rendered":"<p>[vc_row][vc_column el_class=\u00a0\u00bbdestination-content\u00a0\u00bb][vc_column_text] Tours locaux et Excursions d\u00e8s Grazalema Randonn\u00e9es \u00e0 pied et \u00e0 v\u00e9lo Randonn\u00e9es \u00e0 pied Voir randon\u00e9e: Grazalema \u2013 Puerto de las Presillas \u2013 Boyar \u2013 Grazalema Voir randon\u00e9e: Hotel Fuerte Grazalema \u2013 Cueva de Dos Puertas Voir randon\u00e9e: Hotel Fuerte \u2013 Circular vistas m\u00e1s espetaculares Grazalema Voir randon\u00e9e: Circular Hotel El Fuerte<\/p>\n","protected":false},"author":6,"featured_media":1688,"parent":4743,"menu_order":0,"comment_status":"closed","ping_status":"closed","template":"templates\/destination-subpages.php","meta":{"footnotes":""},"class_list":["post-4786","page","type-page","status-publish","hentry"],"yoast_head":"<!-- This site is optimized with the Yoast SEO plugin v22.4 - https:\/\/yoast.com\/wordpress\/plugins\/seo\/ -->\n<title>Tours locaux et Excursions Sierra de Grazalema, Andalousie<\/title>\n<meta name=\"description\" content=\"Informations sur les excursions et les visites touristiques \u00e0 Grazalema, Andalousie. Tours locaux et excursions autour de la Sierra de Grazalema.\" \/>\n<meta name=\"robots\" content=\"index, follow, max-snippet:-1, max-image-preview:large, max-video-preview:-1\" \/>\n<link rel=\"canonical\" href=\"https:\/\/www.fuertehoteles.com\/fr\/destinations\/vacances-grazalema\/excursions\/\" \/>\n<meta property=\"og:locale\" content=\"fr_FR\" \/>\n<meta property=\"og:type\" content=\"article\" \/>\n<meta property=\"og:title\" content=\"Tours locaux et Excursions Sierra de Grazalema, Andalousie\" \/>\n<meta property=\"og:description\" content=\"Informations sur les excursions et les visites touristiques \u00e0 Grazalema, Andalousie. Tours locaux et excursions autour de la Sierra de Grazalema.\" \/>\n<meta property=\"og:url\" content=\"https:\/\/www.fuertehoteles.com\/fr\/destinations\/vacances-grazalema\/excursions\/\" \/>\n<meta property=\"og:site_name\" content=\"Fuerte Hoteles\" \/>\n<meta property=\"article:publisher\" content=\"https:\/\/www.facebook.com\/HotelesFuerte\" \/>\n<meta property=\"article:modified_time\" content=\"2021-12-21T11:27:10+00:00\" \/>\n<meta property=\"og:image\" content=\"https:\/\/www.fuertehoteles.com\/wp-content\/uploads\/2021\/11\/grazalema-excursiones.jpg\" \/>\n\t<meta property=\"og:image:width\" content=\"1920\" \/>\n\t<meta property=\"og:image:height\" content=\"540\" \/>\n\t<meta property=\"og:image:type\" content=\"image\/jpeg\" \/>\n<meta name=\"twitter:card\" content=\"summary_large_image\" \/>\n<meta name=\"twitter:site\" content=\"@fuertehoteles\" \/>\n<meta name=\"twitter:label1\" content=\"Dur\u00e9e de lecture estim\u00e9e\" \/>\n\t<meta name=\"twitter:data1\" content=\"7 minutes\" \/>\n<script type=\"application\/ld+json\" class=\"yoast-schema-graph\">{\"@context\":\"https:\/\/schema.org\",\"@graph\":[{\"@type\":\"WebPage\",\"@id\":\"https:\/\/www.fuertehoteles.com\/fr\/destinations\/vacances-grazalema\/excursions\/\",\"url\":\"https:\/\/www.fuertehoteles.com\/fr\/destinations\/vacances-grazalema\/excursions\/\",\"name\":\"Tours locaux et Excursions Sierra de Grazalema, Andalousie\",\"isPartOf\":{\"@id\":\"https:\/\/www.fuertehoteles.com\/#website\"},\"primaryImageOfPage\":{\"@id\":\"https:\/\/www.fuertehoteles.com\/fr\/destinations\/vacances-grazalema\/excursions\/#primaryimage\"},\"image\":{\"@id\":\"https:\/\/www.fuertehoteles.com\/fr\/destinations\/vacances-grazalema\/excursions\/#primaryimage\"},\"thumbnailUrl\":\"https:\/\/www.fuertehoteles.com\/wp-content\/uploads\/2021\/11\/grazalema-excursiones.jpg\",\"datePublished\":\"2021-11-26T14:04:07+00:00\",\"dateModified\":\"2021-12-21T11:27:10+00:00\",\"description\":\"Informations sur les excursions et les visites touristiques \u00e0 Grazalema, Andalousie. Tours locaux et excursions autour de la Sierra de Grazalema.\",\"breadcrumb\":{\"@id\":\"https:\/\/www.fuertehoteles.com\/fr\/destinations\/vacances-grazalema\/excursions\/#breadcrumb\"},\"inLanguage\":\"fr-FR\",\"potentialAction\":[{\"@type\":\"ReadAction\",\"target\":[\"https:\/\/www.fuertehoteles.com\/fr\/destinations\/vacances-grazalema\/excursions\/\"]}]},{\"@type\":\"ImageObject\",\"inLanguage\":\"fr-FR\",\"@id\":\"https:\/\/www.fuertehoteles.com\/fr\/destinations\/vacances-grazalema\/excursions\/#primaryimage\",\"url\":\"https:\/\/www.fuertehoteles.com\/wp-content\/uploads\/2021\/11\/grazalema-excursiones.jpg\",\"contentUrl\":\"https:\/\/www.fuertehoteles.com\/wp-content\/uploads\/2021\/11\/grazalema-excursiones.jpg\",\"width\":1920,\"height\":540,\"caption\":\"Excursiones en la Sierra de Grazalema\"},{\"@type\":\"BreadcrumbList\",\"@id\":\"https:\/\/www.fuertehoteles.com\/fr\/destinations\/vacances-grazalema\/excursions\/#breadcrumb\",\"itemListElement\":[{\"@type\":\"ListItem\",\"position\":1,\"name\":\"Portada\",\"item\":\"https:\/\/www.fuertehoteles.com\/fr\/\"},{\"@type\":\"ListItem\",\"position\":2,\"name\":\"Nos Destinations\",\"item\":\"https:\/\/www.fuertehoteles.com\/fr\/destinations\/\"},{\"@type\":\"ListItem\",\"position\":3,\"name\":\"Grazalema\",\"item\":\"https:\/\/www.fuertehoteles.com\/fr\/destinations\/vacances-grazalema\/\"},{\"@type\":\"ListItem\",\"position\":4,\"name\":\"Excursions\"}]},{\"@type\":\"WebSite\",\"@id\":\"https:\/\/www.fuertehoteles.com\/#website\",\"url\":\"https:\/\/www.fuertehoteles.com\/\",\"name\":\"Fuerte Hoteles\",\"description\":\"\",\"publisher\":{\"@id\":\"https:\/\/www.fuertehoteles.com\/#organization\"},\"potentialAction\":[{\"@type\":\"SearchAction\",\"target\":{\"@type\":\"EntryPoint\",\"urlTemplate\":\"https:\/\/www.fuertehoteles.com\/?s={search_term_string}\"},\"query-input\":\"required name=search_term_string\"}],\"inLanguage\":\"fr-FR\"},{\"@type\":\"Organization\",\"@id\":\"https:\/\/www.fuertehoteles.com\/#organization\",\"name\":\"Fuerte Hoteles\",\"url\":\"https:\/\/www.fuertehoteles.com\/\",\"logo\":{\"@type\":\"ImageObject\",\"inLanguage\":\"fr-FR\",\"@id\":\"https:\/\/www.fuertehoteles.com\/#\/schema\/logo\/image\/\",\"url\":\"https:\/\/www.fuertehoteles.com\/wp-content\/uploads\/2022\/09\/logo-ffhh-1.jpg\",\"contentUrl\":\"https:\/\/www.fuertehoteles.com\/wp-content\/uploads\/2022\/09\/logo-ffhh-1.jpg\",\"width\":500,\"height\":500,\"caption\":\"Fuerte Hoteles\"},\"image\":{\"@id\":\"https:\/\/www.fuertehoteles.com\/#\/schema\/logo\/image\/\"},\"sameAs\":[\"https:\/\/www.facebook.com\/HotelesFuerte\",\"https:\/\/twitter.com\/fuertehoteles\",\"https:\/\/www.instagram.com\/fuertehoteles\/\",\"https:\/\/www.linkedin.com\/company\/fuerte-hoteles\/\",\"https:\/\/www.youtube.com\/user\/fuertehoteles\",\"https:\/\/en.wikipedia.org\/wiki\/Fuerte_Hotels\"]}]}<\/script>\n<!-- \/ Yoast SEO plugin. -->","yoast_head_json":{"title":"Tours locaux et Excursions Sierra de Grazalema, Andalousie","description":"Informations sur les excursions et les visites touristiques \u00e0 Grazalema, Andalousie. Tours locaux et excursions autour de la Sierra de Grazalema.","robots":{"index":"index","follow":"follow","max-snippet":"max-snippet:-1","max-image-preview":"max-image-preview:large","max-video-preview":"max-video-preview:-1"},"canonical":"https:\/\/www.fuertehoteles.com\/fr\/destinations\/vacances-grazalema\/excursions\/","og_locale":"fr_FR","og_type":"article","og_title":"Tours locaux et Excursions Sierra de Grazalema, Andalousie","og_description":"Informations sur les excursions et les visites touristiques \u00e0 Grazalema, Andalousie. Tours locaux et excursions autour de la Sierra de Grazalema.","og_url":"https:\/\/www.fuertehoteles.com\/fr\/destinations\/vacances-grazalema\/excursions\/","og_site_name":"Fuerte Hoteles","article_publisher":"https:\/\/www.facebook.com\/HotelesFuerte","article_modified_time":"2021-12-21T11:27:10+00:00","og_image":[{"width":1920,"height":540,"url":"https:\/\/www.fuertehoteles.com\/wp-content\/uploads\/2021\/11\/grazalema-excursiones.jpg","type":"image\/jpeg"}],"twitter_card":"summary_large_image","twitter_site":"@fuertehoteles","twitter_misc":{"Dur\u00e9e de lecture estim\u00e9e":"7 minutes"},"schema":{"@context":"https:\/\/schema.org","@graph":[{"@type":"WebPage","@id":"https:\/\/www.fuertehoteles.com\/fr\/destinations\/vacances-grazalema\/excursions\/","url":"https:\/\/www.fuertehoteles.com\/fr\/destinations\/vacances-grazalema\/excursions\/","name":"Tours locaux et Excursions Sierra de Grazalema, Andalousie","isPartOf":{"@id":"https:\/\/www.fuertehoteles.com\/#website"},"primaryImageOfPage":{"@id":"https:\/\/www.fuertehoteles.com\/fr\/destinations\/vacances-grazalema\/excursions\/#primaryimage"},"image":{"@id":"https:\/\/www.fuertehoteles.com\/fr\/destinations\/vacances-grazalema\/excursions\/#primaryimage"},"thumbnailUrl":"https:\/\/www.fuertehoteles.com\/wp-content\/uploads\/2021\/11\/grazalema-excursiones.jpg","datePublished":"2021-11-26T14:04:07+00:00","dateModified":"2021-12-21T11:27:10+00:00","description":"Informations sur les excursions et les visites touristiques \u00e0 Grazalema, Andalousie. Tours locaux et excursions autour de la Sierra de Grazalema.","breadcrumb":{"@id":"https:\/\/www.fuertehoteles.com\/fr\/destinations\/vacances-grazalema\/excursions\/#breadcrumb"},"inLanguage":"fr-FR","potentialAction":[{"@type":"ReadAction","target":["https:\/\/www.fuertehoteles.com\/fr\/destinations\/vacances-grazalema\/excursions\/"]}]},{"@type":"ImageObject","inLanguage":"fr-FR","@id":"https:\/\/www.fuertehoteles.com\/fr\/destinations\/vacances-grazalema\/excursions\/#primaryimage","url":"https:\/\/www.fuertehoteles.com\/wp-content\/uploads\/2021\/11\/grazalema-excursiones.jpg","contentUrl":"https:\/\/www.fuertehoteles.com\/wp-content\/uploads\/2021\/11\/grazalema-excursiones.jpg","width":1920,"height":540,"caption":"Excursiones en la Sierra de Grazalema"},{"@type":"BreadcrumbList","@id":"https:\/\/www.fuertehoteles.com\/fr\/destinations\/vacances-grazalema\/excursions\/#breadcrumb","itemListElement":[{"@type":"ListItem","position":1,"name":"Portada","item":"https:\/\/www.fuertehoteles.com\/fr\/"},{"@type":"ListItem","position":2,"name":"Nos Destinations","item":"https:\/\/www.fuertehoteles.com\/fr\/destinations\/"},{"@type":"ListItem","position":3,"name":"Grazalema","item":"https:\/\/www.fuertehoteles.com\/fr\/destinations\/vacances-grazalema\/"},{"@type":"ListItem","position":4,"name":"Excursions"}]},{"@type":"WebSite","@id":"https:\/\/www.fuertehoteles.com\/#website","url":"https:\/\/www.fuertehoteles.com\/","name":"Fuerte Hoteles","description":"","publisher":{"@id":"https:\/\/www.fuertehoteles.com\/#organization"},"potentialAction":[{"@type":"SearchAction","target":{"@type":"EntryPoint","urlTemplate":"https:\/\/www.fuertehoteles.com\/?s={search_term_string}"},"query-input":"required name=search_term_string"}],"inLanguage":"fr-FR"},{"@type":"Organization","@id":"https:\/\/www.fuertehoteles.com\/#organization","name":"Fuerte Hoteles","url":"https:\/\/www.fuertehoteles.com\/","logo":{"@type":"ImageObject","inLanguage":"fr-FR","@id":"https:\/\/www.fuertehoteles.com\/#\/schema\/logo\/image\/","url":"https:\/\/www.fuertehoteles.com\/wp-content\/uploads\/2022\/09\/logo-ffhh-1.jpg","contentUrl":"https:\/\/www.fuertehoteles.com\/wp-content\/uploads\/2022\/09\/logo-ffhh-1.jpg","width":500,"height":500,"caption":"Fuerte Hoteles"},"image":{"@id":"https:\/\/www.fuertehoteles.com\/#\/schema\/logo\/image\/"},"sameAs":["https:\/\/www.facebook.com\/HotelesFuerte","https:\/\/twitter.com\/fuertehoteles","https:\/\/www.instagram.com\/fuertehoteles\/","https:\/\/www.linkedin.com\/company\/fuerte-hoteles\/","https:\/\/www.youtube.com\/user\/fuertehoteles","https:\/\/en.wikipedia.org\/wiki\/Fuerte_Hotels"]}]}},"_links":{"self":[{"href":"https:\/\/www.fuertehoteles.com\/fr\/wp-json\/wp\/v2\/pages\/4786","targetHints":{"allow":["GET"]}}],"collection":[{"href":"https:\/\/www.fuertehoteles.com\/fr\/wp-json\/wp\/v2\/pages"}],"about":[{"href":"https:\/\/www.fuertehoteles.com\/fr\/wp-json\/wp\/v2\/types\/page"}],"author":[{"embeddable":true,"href":"https:\/\/www.fuertehoteles.com\/fr\/wp-json\/wp\/v2\/users\/6"}],"replies":[{"embeddable":true,"href":"https:\/\/www.fuertehoteles.com\/fr\/wp-json\/wp\/v2\/comments?post=4786"}],"version-history":[{"count":0,"href":"https:\/\/www.fuertehoteles.com\/fr\/wp-json\/wp\/v2\/pages\/4786\/revisions"}],"up":[{"embeddable":true,"href":"https:\/\/www.fuertehoteles.com\/fr\/wp-json\/wp\/v2\/pages\/4743"}],"wp:featuredmedia":[{"embeddable":true,"href":"https:\/\/www.fuertehoteles.com\/fr\/wp-json\/wp\/v2\/media\/1688"}],"wp:attachment":[{"href":"https:\/\/www.fuertehoteles.com\/fr\/wp-json\/wp\/v2\/media?parent=4786"}],"curies":[{"name":"wp","href":"https:\/\/api.w.org\/{rel}","templated":true}]}}