{"id":4795,"date":"2021-11-26T14:59:38","date_gmt":"2021-11-26T13:59:38","guid":{"rendered":"https:\/\/www.fuertehoteles.com\/nos-destinations\/vacances-grazalema\/donde-comer\/"},"modified":"2023-06-06T13:13:07","modified_gmt":"2023-06-06T11:13:07","slug":"ou-manger","status":"publish","type":"page","link":"https:\/\/www.fuertehoteles.com\/fr\/destinations\/vacances-grazalema\/ou-manger\/","title":{"rendered":"Gastronomie"},"content":{"rendered":"[vc_row][vc_column el_class=\u00a0\u00bbdestination-content\u00a0\u00bb][vc_column_text]\n<h1>Ou manger \u00e0 Grazalema<\/h1>\n<h3>Grazalema<\/h3>\n<p>(\u00e0 5 min en voiture et \u00e0 30 min \u00e0 pied)<\/p>\n<p align=\"JUSTIFY\">Grazalema conna\u00eet un grand succ\u00e8s gr\u00e2ce \u00e0 la qualit\u00e9 de ses produits et propose un \u00e9ventail de sp\u00e9cialit\u00e9s aux amateurs des saveurs traditionnelles de la Sierra.<\/p>\n<h3>Suggestions:<\/h3>\n<p><strong>Fromage de ch\u00e8vre payoyo<\/strong>: \u00c9labor\u00e9 avec du lait de <em>ch\u00e8vre payoya<\/em>, c\u2019est l\u2019ingr\u00e9dient principal des fameuses tapas de par sa saveur exceptionnelle et sa texture d\u00e9licate.<\/p>\n<p><strong>Soupe de Grazalema<\/strong>: \u00c9labor\u00e9e \u00e0 base de <em>bouillon de<\/em> <em>puchero andaluz<\/em> (sorte de pot-au-feu) m\u00e9lang\u00e9 avec la saveur intense du chorizo et la d\u00e9licatesse de la menthe.<\/p>\n<p><strong>Viandes<\/strong>: L\u2019agneau r\u00f4ti au four et le r\u00f4ti de cerf \u00e0 la sauce sont les plats principaux de la r\u00e9gion.<\/p>\n<p><strong>P\u00e2tisseries<\/strong>: La tarte aux glands, <em>les amarguillos<\/em> (p\u00e2tisserie \u00e0 base d\u2019amande pil\u00e9e, d\u2019\u0153uf, de sucre et de citron) et les fameux <em>cubiletes<\/em> (p\u00e2tisserie \u00e0 base de saindoux, de farine, de cannelle, et de cheveux d\u2019ange), sont les douceurs les plus typiques de Grazalema.<\/p>\n<p><strong>Tapas (amuse bouche):<\/strong>Grazalema est le lieu id\u00e9al pour pratiquer la culture gastronomique la plus r\u00e9pandue en Espagne: <strong>faire la tourn\u00e9e des tapas<\/strong>. Pour vous ouvrir l\u2019app\u00e9tit, nous vous recommandons certains \u00e9tablissements :<\/p>\n<ul>\n<li><strong>Gastrobar la Maroma: <\/strong><em><strong>(\u00e0 5 min en voiture depuis l\u2019h\u00f6tel)<\/strong> <\/em>Tapas et de la nourriture de haute qualit\u00e9<\/li>\n<li><strong>La Posadilla <\/strong><em><strong>(\u00e0 5 min en voiture depuis l\u2019h\u00f6tel)<\/strong> <\/em>Cuisine maison o\u00f9 vous pourrez d\u00e9guster aussi bien des tapas (amuse bouche) que des assiettes vari\u00e9es, sans oublier sa soupe julienne en hiver et le gaspacho en \u00e9t\u00e9.<\/li>\n<li><strong>Zulema <em>(\u00e0 5 min en voiture depuis l\u2019h\u00f4tel) <\/em><\/strong>Un charmant bar \u00e0 tapas o\u00f9 d\u00e9guster de bons petits plats ou simplement boire un verre.<\/li>\n<li><strong>Rumores <em>(\u00e0 5 min en voiture depuis l\u2019h\u00f4tel) <\/em><\/strong>Ce bar est une r\u00e9f\u00e9rence de la route des tapas, gr\u00e2ce \u00e0 la qualit\u00e9 et \u00e0 la vari\u00e9t\u00e9 de ses produits.<\/li>\n<\/ul>\n<h2>Restaurants<\/h2>\n<p>Quant aux meilleurs restaurants, nous vous proposons:<\/p>\n<h3>Grazalema<\/h3>\n<p><em>(\u00e0 5 min en voiture depuis l\u2019h\u00f4tel)<\/em><\/p>\n<ul>\n<li><strong>Casa Mart\u00edn 1920<\/strong> <em>(\u00e0 5 min en voiture depuis l\u2019h\u00f4tel)<\/em> : Un espace gastronomique pour profiter d&rsquo;un bon vin, d&rsquo;un bon fromage et de la cuisine locale.<\/li>\n<li><strong>El Simanc\u00f3n <\/strong><em>(\u00e0 5 min en voiture depuis l\u2019h\u00f4tel) : <\/em>Le Meson El Simanc\u00f3n propose un bon repas typique de la Sierra dans une ambiance rustique.<\/li>\n<li><strong>Torre\u00f3n <\/strong><em>(\u00e0 5 min en voiture depuis l\u2019h\u00f4tel) : <\/em>Restaurant sp\u00e9cialis\u00e9 en gibiers o\u00f9 d\u00e9guster de bons vins.<\/li>\n<li><strong>Casa de las Piedras<\/strong> <em>(\u00e0 5 min en voiture depuis l\u2019h\u00f4tel) : <\/em>Restaurant de cuisine traditionnelle.<\/li>\n<li><strong>C\u00e1diz El Chico <\/strong><em>(\u00e0 5 min en voiture depuis l\u2019h\u00f4tel) : <\/em>Ce restaurant offre des plats comme l\u2019agneau ou le cerf r\u00f4tis au four \u00e0 bois, et la soupe de Grazalema.<\/li>\n<\/ul>\n<h3>Villaluenga del Rosario<\/h3>\n<p><em>(\u00e0 11 min en voiture depuis l\u2019h\u00f4tel)<\/em><\/p>\n<ul>\n<li><strong>La Posada de Ana<\/strong><\/li>\n<\/ul>\n<h3>Benaocaz<\/h3>\n<p><em>(\u00e0 16 min en voiture depuis l\u2019h\u00f4tel)<\/em><\/p>\n<ul>\n<li><strong>El Refugio<\/strong><\/li>\n<\/ul>\n<h3>Ubrique<\/h3>\n<p>(<em>\u00e0 23 min en voiture depuis l\u2019h\u00f4tel)<\/em><\/p>\n<ul>\n<li><strong>El Laurel<\/strong><\/li>\n<li><strong>La Herradura<\/strong><\/li>\n<\/ul>\n<h3>Ronda<\/h3>\n<p><em>(\u00e0 30 min en voiture depuis l\u2019h\u00f4tel)<\/em><\/p>\n<ul>\n<li><strong>El Tragabuches<\/strong><\/li>\n<li><strong>El Escudero<\/strong><\/li>\n<li><strong>Sol y Sombra <\/strong><\/li>\n<li><strong>Pedro Romero<\/strong><\/li>\n<li><strong>Tragatapas<\/strong><\/li>\n<\/ul>\n[\/vc_column_text][\/vc_column][\/vc_row]\n","protected":false},"excerpt":{"rendered":"<p>[vc_row][vc_column el_class=\u00a0\u00bbdestination-content\u00a0\u00bb][vc_column_text] Ou manger \u00e0 Grazalema Grazalema (\u00e0 5 min en voiture et \u00e0 30 min \u00e0 pied) Grazalema conna\u00eet un grand succ\u00e8s gr\u00e2ce \u00e0 la qualit\u00e9 de ses produits et propose un \u00e9ventail de sp\u00e9cialit\u00e9s aux amateurs des saveurs traditionnelles de la Sierra. Suggestions: Fromage de ch\u00e8vre payoyo: \u00c9labor\u00e9 avec du lait de ch\u00e8vre<\/p>\n","protected":false},"author":6,"featured_media":1680,"parent":4743,"menu_order":0,"comment_status":"closed","ping_status":"closed","template":"templates\/destination-subpages.php","meta":{"footnotes":""},"class_list":["post-4795","page","type-page","status-publish","hentry"],"yoast_head":"<!-- This site is optimized with the Yoast SEO plugin v22.4 - https:\/\/yoast.com\/wordpress\/plugins\/seo\/ -->\n<title>Ou manger \u00e0 Grazalema, la meilleure cuisine de Grazalema<\/title>\n<meta name=\"description\" content=\"Grazalema se situe \u00e0 5 min de note h\u00f4tel, Ronda \u00e0 30 min - Sur cette page tous les meilleurs restaurants de la Sierra de Grazalema. Ou manger \u00e0 Grazalema\" \/>\n<meta name=\"robots\" content=\"index, follow, max-snippet:-1, max-image-preview:large, max-video-preview:-1\" \/>\n<link rel=\"canonical\" href=\"https:\/\/www.fuertehoteles.com\/fr\/destinations\/vacances-grazalema\/ou-manger\/\" \/>\n<meta property=\"og:locale\" content=\"fr_FR\" \/>\n<meta property=\"og:type\" content=\"article\" \/>\n<meta property=\"og:title\" content=\"Ou manger \u00e0 Grazalema, la meilleure cuisine de Grazalema\" \/>\n<meta property=\"og:description\" content=\"Grazalema se situe \u00e0 5 min de note h\u00f4tel, Ronda \u00e0 30 min - Sur cette page tous les meilleurs restaurants de la Sierra de Grazalema. Ou manger \u00e0 Grazalema\" \/>\n<meta property=\"og:url\" content=\"https:\/\/www.fuertehoteles.com\/fr\/destinations\/vacances-grazalema\/ou-manger\/\" \/>\n<meta property=\"og:site_name\" content=\"Fuerte Hoteles\" \/>\n<meta property=\"article:publisher\" content=\"https:\/\/www.facebook.com\/HotelesFuerte\" \/>\n<meta property=\"article:modified_time\" content=\"2023-06-06T11:13:07+00:00\" \/>\n<meta property=\"og:image\" content=\"https:\/\/www.fuertehoteles.com\/wp-content\/uploads\/2021\/11\/grazalema-gastronomia.jpg\" \/>\n\t<meta property=\"og:image:width\" content=\"1920\" \/>\n\t<meta property=\"og:image:height\" content=\"540\" \/>\n\t<meta property=\"og:image:type\" content=\"image\/jpeg\" \/>\n<meta name=\"twitter:card\" content=\"summary_large_image\" \/>\n<meta name=\"twitter:site\" content=\"@fuertehoteles\" \/>\n<meta name=\"twitter:label1\" content=\"Dur\u00e9e de lecture estim\u00e9e\" \/>\n\t<meta name=\"twitter:data1\" content=\"3 minutes\" \/>\n<script type=\"application\/ld+json\" class=\"yoast-schema-graph\">{\"@context\":\"https:\/\/schema.org\",\"@graph\":[{\"@type\":\"WebPage\",\"@id\":\"https:\/\/www.fuertehoteles.com\/fr\/destinations\/vacances-grazalema\/ou-manger\/\",\"url\":\"https:\/\/www.fuertehoteles.com\/fr\/destinations\/vacances-grazalema\/ou-manger\/\",\"name\":\"Ou manger \u00e0 Grazalema, la meilleure cuisine de Grazalema\",\"isPartOf\":{\"@id\":\"https:\/\/www.fuertehoteles.com\/#website\"},\"primaryImageOfPage\":{\"@id\":\"https:\/\/www.fuertehoteles.com\/fr\/destinations\/vacances-grazalema\/ou-manger\/#primaryimage\"},\"image\":{\"@id\":\"https:\/\/www.fuertehoteles.com\/fr\/destinations\/vacances-grazalema\/ou-manger\/#primaryimage\"},\"thumbnailUrl\":\"https:\/\/www.fuertehoteles.com\/wp-content\/uploads\/2021\/11\/grazalema-gastronomia.jpg\",\"datePublished\":\"2021-11-26T13:59:38+00:00\",\"dateModified\":\"2023-06-06T11:13:07+00:00\",\"description\":\"Grazalema se situe \u00e0 5 min de note h\u00f4tel, Ronda \u00e0 30 min - Sur cette page tous les meilleurs restaurants de la Sierra de Grazalema. Ou manger \u00e0 Grazalema\",\"breadcrumb\":{\"@id\":\"https:\/\/www.fuertehoteles.com\/fr\/destinations\/vacances-grazalema\/ou-manger\/#breadcrumb\"},\"inLanguage\":\"fr-FR\",\"potentialAction\":[{\"@type\":\"ReadAction\",\"target\":[\"https:\/\/www.fuertehoteles.com\/fr\/destinations\/vacances-grazalema\/ou-manger\/\"]}]},{\"@type\":\"ImageObject\",\"inLanguage\":\"fr-FR\",\"@id\":\"https:\/\/www.fuertehoteles.com\/fr\/destinations\/vacances-grazalema\/ou-manger\/#primaryimage\",\"url\":\"https:\/\/www.fuertehoteles.com\/wp-content\/uploads\/2021\/11\/grazalema-gastronomia.jpg\",\"contentUrl\":\"https:\/\/www.fuertehoteles.com\/wp-content\/uploads\/2021\/11\/grazalema-gastronomia.jpg\",\"width\":1920,\"height\":540,\"caption\":\"restaurantes de Grazalema\"},{\"@type\":\"BreadcrumbList\",\"@id\":\"https:\/\/www.fuertehoteles.com\/fr\/destinations\/vacances-grazalema\/ou-manger\/#breadcrumb\",\"itemListElement\":[{\"@type\":\"ListItem\",\"position\":1,\"name\":\"Portada\",\"item\":\"https:\/\/www.fuertehoteles.com\/fr\/\"},{\"@type\":\"ListItem\",\"position\":2,\"name\":\"Nos Destinations\",\"item\":\"https:\/\/www.fuertehoteles.com\/fr\/destinations\/\"},{\"@type\":\"ListItem\",\"position\":3,\"name\":\"Grazalema\",\"item\":\"https:\/\/www.fuertehoteles.com\/fr\/destinations\/vacances-grazalema\/\"},{\"@type\":\"ListItem\",\"position\":4,\"name\":\"Gastronomie\"}]},{\"@type\":\"WebSite\",\"@id\":\"https:\/\/www.fuertehoteles.com\/#website\",\"url\":\"https:\/\/www.fuertehoteles.com\/\",\"name\":\"Fuerte Hoteles\",\"description\":\"\",\"publisher\":{\"@id\":\"https:\/\/www.fuertehoteles.com\/#organization\"},\"potentialAction\":[{\"@type\":\"SearchAction\",\"target\":{\"@type\":\"EntryPoint\",\"urlTemplate\":\"https:\/\/www.fuertehoteles.com\/?s={search_term_string}\"},\"query-input\":\"required name=search_term_string\"}],\"inLanguage\":\"fr-FR\"},{\"@type\":\"Organization\",\"@id\":\"https:\/\/www.fuertehoteles.com\/#organization\",\"name\":\"Fuerte Hoteles\",\"url\":\"https:\/\/www.fuertehoteles.com\/\",\"logo\":{\"@type\":\"ImageObject\",\"inLanguage\":\"fr-FR\",\"@id\":\"https:\/\/www.fuertehoteles.com\/#\/schema\/logo\/image\/\",\"url\":\"https:\/\/www.fuertehoteles.com\/wp-content\/uploads\/2022\/09\/logo-ffhh-1.jpg\",\"contentUrl\":\"https:\/\/www.fuertehoteles.com\/wp-content\/uploads\/2022\/09\/logo-ffhh-1.jpg\",\"width\":500,\"height\":500,\"caption\":\"Fuerte Hoteles\"},\"image\":{\"@id\":\"https:\/\/www.fuertehoteles.com\/#\/schema\/logo\/image\/\"},\"sameAs\":[\"https:\/\/www.facebook.com\/HotelesFuerte\",\"https:\/\/twitter.com\/fuertehoteles\",\"https:\/\/www.instagram.com\/fuertehoteles\/\",\"https:\/\/www.linkedin.com\/company\/fuerte-hoteles\/\",\"https:\/\/www.youtube.com\/user\/fuertehoteles\",\"https:\/\/en.wikipedia.org\/wiki\/Fuerte_Hotels\"]}]}<\/script>\n<!-- \/ Yoast SEO plugin. -->","yoast_head_json":{"title":"Ou manger \u00e0 Grazalema, la meilleure cuisine de Grazalema","description":"Grazalema se situe \u00e0 5 min de note h\u00f4tel, Ronda \u00e0 30 min - Sur cette page tous les meilleurs restaurants de la Sierra de Grazalema. Ou manger \u00e0 Grazalema","robots":{"index":"index","follow":"follow","max-snippet":"max-snippet:-1","max-image-preview":"max-image-preview:large","max-video-preview":"max-video-preview:-1"},"canonical":"https:\/\/www.fuertehoteles.com\/fr\/destinations\/vacances-grazalema\/ou-manger\/","og_locale":"fr_FR","og_type":"article","og_title":"Ou manger \u00e0 Grazalema, la meilleure cuisine de Grazalema","og_description":"Grazalema se situe \u00e0 5 min de note h\u00f4tel, Ronda \u00e0 30 min - Sur cette page tous les meilleurs restaurants de la Sierra de Grazalema. Ou manger \u00e0 Grazalema","og_url":"https:\/\/www.fuertehoteles.com\/fr\/destinations\/vacances-grazalema\/ou-manger\/","og_site_name":"Fuerte Hoteles","article_publisher":"https:\/\/www.facebook.com\/HotelesFuerte","article_modified_time":"2023-06-06T11:13:07+00:00","og_image":[{"width":1920,"height":540,"url":"https:\/\/www.fuertehoteles.com\/wp-content\/uploads\/2021\/11\/grazalema-gastronomia.jpg","type":"image\/jpeg"}],"twitter_card":"summary_large_image","twitter_site":"@fuertehoteles","twitter_misc":{"Dur\u00e9e de lecture estim\u00e9e":"3 minutes"},"schema":{"@context":"https:\/\/schema.org","@graph":[{"@type":"WebPage","@id":"https:\/\/www.fuertehoteles.com\/fr\/destinations\/vacances-grazalema\/ou-manger\/","url":"https:\/\/www.fuertehoteles.com\/fr\/destinations\/vacances-grazalema\/ou-manger\/","name":"Ou manger \u00e0 Grazalema, la meilleure cuisine de Grazalema","isPartOf":{"@id":"https:\/\/www.fuertehoteles.com\/#website"},"primaryImageOfPage":{"@id":"https:\/\/www.fuertehoteles.com\/fr\/destinations\/vacances-grazalema\/ou-manger\/#primaryimage"},"image":{"@id":"https:\/\/www.fuertehoteles.com\/fr\/destinations\/vacances-grazalema\/ou-manger\/#primaryimage"},"thumbnailUrl":"https:\/\/www.fuertehoteles.com\/wp-content\/uploads\/2021\/11\/grazalema-gastronomia.jpg","datePublished":"2021-11-26T13:59:38+00:00","dateModified":"2023-06-06T11:13:07+00:00","description":"Grazalema se situe \u00e0 5 min de note h\u00f4tel, Ronda \u00e0 30 min - Sur cette page tous les meilleurs restaurants de la Sierra de Grazalema. Ou manger \u00e0 Grazalema","breadcrumb":{"@id":"https:\/\/www.fuertehoteles.com\/fr\/destinations\/vacances-grazalema\/ou-manger\/#breadcrumb"},"inLanguage":"fr-FR","potentialAction":[{"@type":"ReadAction","target":["https:\/\/www.fuertehoteles.com\/fr\/destinations\/vacances-grazalema\/ou-manger\/"]}]},{"@type":"ImageObject","inLanguage":"fr-FR","@id":"https:\/\/www.fuertehoteles.com\/fr\/destinations\/vacances-grazalema\/ou-manger\/#primaryimage","url":"https:\/\/www.fuertehoteles.com\/wp-content\/uploads\/2021\/11\/grazalema-gastronomia.jpg","contentUrl":"https:\/\/www.fuertehoteles.com\/wp-content\/uploads\/2021\/11\/grazalema-gastronomia.jpg","width":1920,"height":540,"caption":"restaurantes de Grazalema"},{"@type":"BreadcrumbList","@id":"https:\/\/www.fuertehoteles.com\/fr\/destinations\/vacances-grazalema\/ou-manger\/#breadcrumb","itemListElement":[{"@type":"ListItem","position":1,"name":"Portada","item":"https:\/\/www.fuertehoteles.com\/fr\/"},{"@type":"ListItem","position":2,"name":"Nos Destinations","item":"https:\/\/www.fuertehoteles.com\/fr\/destinations\/"},{"@type":"ListItem","position":3,"name":"Grazalema","item":"https:\/\/www.fuertehoteles.com\/fr\/destinations\/vacances-grazalema\/"},{"@type":"ListItem","position":4,"name":"Gastronomie"}]},{"@type":"WebSite","@id":"https:\/\/www.fuertehoteles.com\/#website","url":"https:\/\/www.fuertehoteles.com\/","name":"Fuerte Hoteles","description":"","publisher":{"@id":"https:\/\/www.fuertehoteles.com\/#organization"},"potentialAction":[{"@type":"SearchAction","target":{"@type":"EntryPoint","urlTemplate":"https:\/\/www.fuertehoteles.com\/?s={search_term_string}"},"query-input":"required name=search_term_string"}],"inLanguage":"fr-FR"},{"@type":"Organization","@id":"https:\/\/www.fuertehoteles.com\/#organization","name":"Fuerte Hoteles","url":"https:\/\/www.fuertehoteles.com\/","logo":{"@type":"ImageObject","inLanguage":"fr-FR","@id":"https:\/\/www.fuertehoteles.com\/#\/schema\/logo\/image\/","url":"https:\/\/www.fuertehoteles.com\/wp-content\/uploads\/2022\/09\/logo-ffhh-1.jpg","contentUrl":"https:\/\/www.fuertehoteles.com\/wp-content\/uploads\/2022\/09\/logo-ffhh-1.jpg","width":500,"height":500,"caption":"Fuerte Hoteles"},"image":{"@id":"https:\/\/www.fuertehoteles.com\/#\/schema\/logo\/image\/"},"sameAs":["https:\/\/www.facebook.com\/HotelesFuerte","https:\/\/twitter.com\/fuertehoteles","https:\/\/www.instagram.com\/fuertehoteles\/","https:\/\/www.linkedin.com\/company\/fuerte-hoteles\/","https:\/\/www.youtube.com\/user\/fuertehoteles","https:\/\/en.wikipedia.org\/wiki\/Fuerte_Hotels"]}]}},"_links":{"self":[{"href":"https:\/\/www.fuertehoteles.com\/fr\/wp-json\/wp\/v2\/pages\/4795","targetHints":{"allow":["GET"]}}],"collection":[{"href":"https:\/\/www.fuertehoteles.com\/fr\/wp-json\/wp\/v2\/pages"}],"about":[{"href":"https:\/\/www.fuertehoteles.com\/fr\/wp-json\/wp\/v2\/types\/page"}],"author":[{"embeddable":true,"href":"https:\/\/www.fuertehoteles.com\/fr\/wp-json\/wp\/v2\/users\/6"}],"replies":[{"embeddable":true,"href":"https:\/\/www.fuertehoteles.com\/fr\/wp-json\/wp\/v2\/comments?post=4795"}],"version-history":[{"count":4,"href":"https:\/\/www.fuertehoteles.com\/fr\/wp-json\/wp\/v2\/pages\/4795\/revisions"}],"predecessor-version":[{"id":150244,"href":"https:\/\/www.fuertehoteles.com\/fr\/wp-json\/wp\/v2\/pages\/4795\/revisions\/150244"}],"up":[{"embeddable":true,"href":"https:\/\/www.fuertehoteles.com\/fr\/wp-json\/wp\/v2\/pages\/4743"}],"wp:featuredmedia":[{"embeddable":true,"href":"https:\/\/www.fuertehoteles.com\/fr\/wp-json\/wp\/v2\/media\/1680"}],"wp:attachment":[{"href":"https:\/\/www.fuertehoteles.com\/fr\/wp-json\/wp\/v2\/media?parent=4795"}],"curies":[{"name":"wp","href":"https:\/\/api.w.org\/{rel}","templated":true}]}}