{"id":4833,"date":"2021-11-26T15:08:36","date_gmt":"2021-11-26T14:08:36","guid":{"rendered":"https:\/\/www.fuertehoteles.com\/nos-destinations\/vacances-a-marbella\/casco-antiguo\/"},"modified":"2021-12-22T10:01:07","modified_gmt":"2021-12-22T09:01:07","slug":"centre-historique","status":"publish","type":"page","link":"https:\/\/www.fuertehoteles.com\/fr\/destinations\/vacances-a-marbella\/centre-historique\/","title":{"rendered":"Centre historique"},"content":{"rendered":"[vc_row][vc_column el_class=\u00a0\u00bbdestination-content\u00a0\u00bb][vc_column_text]\n<h1>Le meilleur du centre historique de Marbella<\/h1>\n<p>Marbella est un paradis pour les amateurs de plage et de glamour, son centre historique est cependant moins connu, il vaut pourtant la peine d\u2019\u00eatre visit\u00e9. Vous serez surpris par la beaut\u00e9 de ses \u00e9troites ruelles blanches ; en les parcourant vous d\u00e9couvrirez le charme du petit village typiquement andalou qu\u2019elle fut jadis. Pour visiter Marbella ne manquez pas d\u2019aller voir ses anciens remparts et ses \u00e9glises.<\/p>\n<p>Distances calcul\u00e9es depuis l\u2019<strong><a href=\"https:\/\/www.fuertehoteles.com\/fr\/hotel\/fuerte-marbella\/lhotel\/\">h\u00f4tel Fuerte Marbella<\/a><\/strong><\/p>\n<h3>\u00c9glise de l\u2019Incarnation <i>(\u00e0 5 min \u00e0 pied)<\/i><\/h3>\n<p>Une visite incontournable de Marbella, la <i>\u00ab Iglesia de Nuestra Se\u00f1ora de la Encarnaci\u00f3n \u00bb<\/i> se distingue par ses dimensions bien proportionn\u00e9es et surtout par la hauteur de ses nefs et de sa coupole centrale, ce qui lui donne une sensation de magnificence. Cette \u00e9glise poss\u00e9dait des ch\u0153urs avec un orgue et une tour de clocher de 33 m\u00e8tres de haut. Elle poss\u00e8de de nombreux autels et chapelles, et elle abrite l\u2019un des plus grands orgues d\u2019Espagne. Il s\u2019agit de l\u2019un des temples les plus chers au c\u0153ur des habitants de Marbella, dont elle est le monument principal.<\/p>\n<h3>Plaza de los Naranjos <i>(\u00e0 6 min \u00e0 pied)<\/i><\/h3>\n<p>Son \u00e9trange fontaine renaissance, envelopp\u00e9e par l\u2019odeur des agrumes et entour\u00e9e de maisons blanches typiques, repr\u00e9sente le c\u00f4t\u00e9 le plus authentique et enchanteur de l\u2019essence andalouse de la Costa del Sol. Cet endroit plein de vie est id\u00e9al pour s\u2019asseoir \u00e0 l\u2019ombre de ses arbres, pour prendre un ap\u00e9ritif en plein air.<\/p>\n<h3>Mairie du XVIe si\u00e8cle <i>(\u00e0 5 min \u00e0 pied)<\/i><\/h3>\n<p>L\u2019actuelle mairie de Marbella fut construite sur ordre des Rois Catholiques. Sur l\u2019une de ses fa\u00e7ades, on peut apercevoir des plaques comm\u00e9moratives qui comm\u00e9morent la reconqu\u00eate de la ville et qui pr\u00e9servent le style renaissance qui donne \u00e0 cet \u00e9difice un aspect solennel.<\/p>\n<h3>Casa del Corregidor <i>(\u00e0 5 min \u00e0 pied)<\/i><\/h3>\n<p>Situ\u00e9 sur la \u00ab<i>Plaza de los Naranjos \u00bb<\/i> la maison de ma\u00eetre du XVIe si\u00e8cle r\u00e9unit sur sa fa\u00e7ade les styles gothique, renaissance et mud\u00e9jar. Sur le toit de style n\u00e9o-mud\u00e9jar, on peut apercevoir des peintures et des fresques, et il s\u2019agit de l\u2019un des \u00e9difices les plus symboliques \u00e0 visiter \u00e0 Marbella.<\/p>\n<h3>Ermitage de Saint-Jacques <i>(\u00e0 5 min \u00e0 pied)<\/i><\/h3>\n<p>Premi\u00e8re \u00e9glise chr\u00e9tienne de la ville construite au XVe si\u00e8cle. Elle sert actuellement de si\u00e8ge de la confr\u00e9rie du Tr\u00e8s Saint Christ de l\u2019Amour, de la Tr\u00e8s Sainte Vierge Marie de la Charit\u00e9 et de Saint Jean l\u2019\u00c9vang\u00e9liste. Elle est situ\u00e9e dans la vieille ville, \u00ab<i>Plaza de los Naranjos \u00bb<\/i>, non loin de la mairie.<\/p>\n<h3>Mus\u00e9e de la Gravure espagnole contemporaine <i>(\u00e0 5 min \u00e0 pied)<\/i><\/h3>\n<p>Il abrite une collection de gravures d\u2019artistes du XXe si\u00e8cle tels que Picasso, Mir\u00f3, Dal\u00ed, Tapies et Chillida, ainsi qu\u2019une salle consacr\u00e9e \u00e0 l\u2019exposition didactique sur les techniques de la gravure.<\/p>\n<h3>Vestiges des remparts arabes et ch\u00e2teau (<i>\u00e0 7 min \u00e0 pied)<\/i><\/h3>\n<p>Les remparts entouraient l\u2019ancienne cit\u00e9 musulmane de Marbella. Dans le ch\u00e2teau arabe, on peut observer les vestiges de chapiteaux romains qui furent pris sur d\u2019autres b\u00e2timents pour compl\u00e9ter les murs existants. La visite de ce monument nous \u00e9voque la p\u00e9riode arabe de la cit\u00e9 c\u00f4ti\u00e8re de Marbella.<\/p>\n<h3>Sculptures de Dal\u00ed <i>(\u00e0 2 min \u00e0 pied)<\/i><\/h3>\n<p>En dehors du quartier historique, mais toujours dans le centre sur l\u2019Avenida del Mar \u00e0 Marbella, on peut admirer une exposition en plein air de sculptures de Salvador Dal\u00ed. Don Quichotte assis, Mercure et Gala Gradiva qui regardent l\u2019horizon de Marbella, sont quelques-unes des \u0153uvres de ce g\u00e9nie espagnol.[\/vc_column_text][\/vc_column][\/vc_row]\n","protected":false},"excerpt":{"rendered":"<p>[vc_row][vc_column el_class=\u00a0\u00bbdestination-content\u00a0\u00bb][vc_column_text] Le meilleur du centre historique de Marbella Marbella est un paradis pour les amateurs de plage et de glamour, son centre historique est cependant moins connu, il vaut pourtant la peine d\u2019\u00eatre visit\u00e9. Vous serez surpris par la beaut\u00e9 de ses \u00e9troites ruelles blanches ; en les parcourant vous d\u00e9couvrirez le charme du<\/p>\n","protected":false},"author":6,"featured_media":1540,"parent":4814,"menu_order":0,"comment_status":"closed","ping_status":"closed","template":"templates\/destination-subpages.php","meta":{"footnotes":""},"class_list":["post-4833","page","type-page","status-publish","hentry"],"yoast_head":"<!-- This site is optimized with the Yoast SEO plugin v22.4 - https:\/\/yoast.com\/wordpress\/plugins\/seo\/ -->\n<title>Le centre historique de Marbella, visiter Marbella Costa del Sol<\/title>\n<meta name=\"description\" content=\"En vous \u00e9merveillant le long le centre historique de Marbella, vous d\u00e9couvrirez le charme du village andalou typique qui \u00e9tait autrefois.\" \/>\n<meta name=\"robots\" content=\"index, follow, max-snippet:-1, max-image-preview:large, max-video-preview:-1\" \/>\n<link rel=\"canonical\" href=\"https:\/\/www.fuertehoteles.com\/fr\/destinations\/vacances-a-marbella\/centre-historique\/\" \/>\n<meta property=\"og:locale\" content=\"fr_FR\" \/>\n<meta property=\"og:type\" content=\"article\" \/>\n<meta property=\"og:title\" content=\"Le centre historique de Marbella, visiter Marbella Costa del Sol\" \/>\n<meta property=\"og:description\" content=\"En vous \u00e9merveillant le long le centre historique de Marbella, vous d\u00e9couvrirez le charme du village andalou typique qui \u00e9tait autrefois.\" \/>\n<meta property=\"og:url\" content=\"https:\/\/www.fuertehoteles.com\/fr\/destinations\/vacances-a-marbella\/centre-historique\/\" \/>\n<meta property=\"og:site_name\" content=\"Fuerte Hoteles\" \/>\n<meta property=\"article:publisher\" content=\"https:\/\/www.facebook.com\/HotelesFuerte\" \/>\n<meta property=\"article:modified_time\" content=\"2021-12-22T09:01:07+00:00\" \/>\n<meta property=\"og:image\" content=\"https:\/\/www.fuertehoteles.com\/wp-content\/uploads\/2021\/11\/marbella-casco-antiguo.jpg\" \/>\n\t<meta property=\"og:image:width\" content=\"1920\" \/>\n\t<meta property=\"og:image:height\" content=\"540\" \/>\n\t<meta property=\"og:image:type\" content=\"image\/jpeg\" \/>\n<meta name=\"twitter:card\" content=\"summary_large_image\" \/>\n<meta name=\"twitter:site\" content=\"@fuertehoteles\" \/>\n<meta name=\"twitter:label1\" content=\"Dur\u00e9e de lecture estim\u00e9e\" \/>\n\t<meta name=\"twitter:data1\" content=\"3 minutes\" \/>\n<script type=\"application\/ld+json\" class=\"yoast-schema-graph\">{\"@context\":\"https:\/\/schema.org\",\"@graph\":[{\"@type\":\"WebPage\",\"@id\":\"https:\/\/www.fuertehoteles.com\/fr\/destinations\/vacances-a-marbella\/centre-historique\/\",\"url\":\"https:\/\/www.fuertehoteles.com\/fr\/destinations\/vacances-a-marbella\/centre-historique\/\",\"name\":\"Le centre historique de Marbella, visiter Marbella Costa del Sol\",\"isPartOf\":{\"@id\":\"https:\/\/www.fuertehoteles.com\/#website\"},\"primaryImageOfPage\":{\"@id\":\"https:\/\/www.fuertehoteles.com\/fr\/destinations\/vacances-a-marbella\/centre-historique\/#primaryimage\"},\"image\":{\"@id\":\"https:\/\/www.fuertehoteles.com\/fr\/destinations\/vacances-a-marbella\/centre-historique\/#primaryimage\"},\"thumbnailUrl\":\"https:\/\/www.fuertehoteles.com\/wp-content\/uploads\/2021\/11\/marbella-casco-antiguo.jpg\",\"datePublished\":\"2021-11-26T14:08:36+00:00\",\"dateModified\":\"2021-12-22T09:01:07+00:00\",\"description\":\"En vous \u00e9merveillant le long le centre historique de Marbella, vous d\u00e9couvrirez le charme du village andalou typique qui \u00e9tait autrefois.\",\"breadcrumb\":{\"@id\":\"https:\/\/www.fuertehoteles.com\/fr\/destinations\/vacances-a-marbella\/centre-historique\/#breadcrumb\"},\"inLanguage\":\"fr-FR\",\"potentialAction\":[{\"@type\":\"ReadAction\",\"target\":[\"https:\/\/www.fuertehoteles.com\/fr\/destinations\/vacances-a-marbella\/centre-historique\/\"]}]},{\"@type\":\"ImageObject\",\"inLanguage\":\"fr-FR\",\"@id\":\"https:\/\/www.fuertehoteles.com\/fr\/destinations\/vacances-a-marbella\/centre-historique\/#primaryimage\",\"url\":\"https:\/\/www.fuertehoteles.com\/wp-content\/uploads\/2021\/11\/marbella-casco-antiguo.jpg\",\"contentUrl\":\"https:\/\/www.fuertehoteles.com\/wp-content\/uploads\/2021\/11\/marbella-casco-antiguo.jpg\",\"width\":1920,\"height\":540,\"caption\":\"Casco antiguo de Marbella\"},{\"@type\":\"BreadcrumbList\",\"@id\":\"https:\/\/www.fuertehoteles.com\/fr\/destinations\/vacances-a-marbella\/centre-historique\/#breadcrumb\",\"itemListElement\":[{\"@type\":\"ListItem\",\"position\":1,\"name\":\"Portada\",\"item\":\"https:\/\/www.fuertehoteles.com\/fr\/\"},{\"@type\":\"ListItem\",\"position\":2,\"name\":\"Nos Destinations\",\"item\":\"https:\/\/www.fuertehoteles.com\/fr\/destinations\/\"},{\"@type\":\"ListItem\",\"position\":3,\"name\":\"Marbella\",\"item\":\"https:\/\/www.fuertehoteles.com\/fr\/destinations\/vacances-a-marbella\/\"},{\"@type\":\"ListItem\",\"position\":4,\"name\":\"Centre historique\"}]},{\"@type\":\"WebSite\",\"@id\":\"https:\/\/www.fuertehoteles.com\/#website\",\"url\":\"https:\/\/www.fuertehoteles.com\/\",\"name\":\"Fuerte Hoteles\",\"description\":\"\",\"publisher\":{\"@id\":\"https:\/\/www.fuertehoteles.com\/#organization\"},\"potentialAction\":[{\"@type\":\"SearchAction\",\"target\":{\"@type\":\"EntryPoint\",\"urlTemplate\":\"https:\/\/www.fuertehoteles.com\/?s={search_term_string}\"},\"query-input\":\"required name=search_term_string\"}],\"inLanguage\":\"fr-FR\"},{\"@type\":\"Organization\",\"@id\":\"https:\/\/www.fuertehoteles.com\/#organization\",\"name\":\"Fuerte Hoteles\",\"url\":\"https:\/\/www.fuertehoteles.com\/\",\"logo\":{\"@type\":\"ImageObject\",\"inLanguage\":\"fr-FR\",\"@id\":\"https:\/\/www.fuertehoteles.com\/#\/schema\/logo\/image\/\",\"url\":\"https:\/\/www.fuertehoteles.com\/wp-content\/uploads\/2022\/09\/logo-ffhh-1.jpg\",\"contentUrl\":\"https:\/\/www.fuertehoteles.com\/wp-content\/uploads\/2022\/09\/logo-ffhh-1.jpg\",\"width\":500,\"height\":500,\"caption\":\"Fuerte Hoteles\"},\"image\":{\"@id\":\"https:\/\/www.fuertehoteles.com\/#\/schema\/logo\/image\/\"},\"sameAs\":[\"https:\/\/www.facebook.com\/HotelesFuerte\",\"https:\/\/twitter.com\/fuertehoteles\",\"https:\/\/www.instagram.com\/fuertehoteles\/\",\"https:\/\/www.linkedin.com\/company\/fuerte-hoteles\/\",\"https:\/\/www.youtube.com\/user\/fuertehoteles\",\"https:\/\/en.wikipedia.org\/wiki\/Fuerte_Hotels\"]}]}<\/script>\n<!-- \/ Yoast SEO plugin. -->","yoast_head_json":{"title":"Le centre historique de Marbella, visiter Marbella Costa del Sol","description":"En vous \u00e9merveillant le long le centre historique de Marbella, vous d\u00e9couvrirez le charme du village andalou typique qui \u00e9tait autrefois.","robots":{"index":"index","follow":"follow","max-snippet":"max-snippet:-1","max-image-preview":"max-image-preview:large","max-video-preview":"max-video-preview:-1"},"canonical":"https:\/\/www.fuertehoteles.com\/fr\/destinations\/vacances-a-marbella\/centre-historique\/","og_locale":"fr_FR","og_type":"article","og_title":"Le centre historique de Marbella, visiter Marbella Costa del Sol","og_description":"En vous \u00e9merveillant le long le centre historique de Marbella, vous d\u00e9couvrirez le charme du village andalou typique qui \u00e9tait autrefois.","og_url":"https:\/\/www.fuertehoteles.com\/fr\/destinations\/vacances-a-marbella\/centre-historique\/","og_site_name":"Fuerte Hoteles","article_publisher":"https:\/\/www.facebook.com\/HotelesFuerte","article_modified_time":"2021-12-22T09:01:07+00:00","og_image":[{"width":1920,"height":540,"url":"https:\/\/www.fuertehoteles.com\/wp-content\/uploads\/2021\/11\/marbella-casco-antiguo.jpg","type":"image\/jpeg"}],"twitter_card":"summary_large_image","twitter_site":"@fuertehoteles","twitter_misc":{"Dur\u00e9e de lecture estim\u00e9e":"3 minutes"},"schema":{"@context":"https:\/\/schema.org","@graph":[{"@type":"WebPage","@id":"https:\/\/www.fuertehoteles.com\/fr\/destinations\/vacances-a-marbella\/centre-historique\/","url":"https:\/\/www.fuertehoteles.com\/fr\/destinations\/vacances-a-marbella\/centre-historique\/","name":"Le centre historique de Marbella, visiter Marbella Costa del Sol","isPartOf":{"@id":"https:\/\/www.fuertehoteles.com\/#website"},"primaryImageOfPage":{"@id":"https:\/\/www.fuertehoteles.com\/fr\/destinations\/vacances-a-marbella\/centre-historique\/#primaryimage"},"image":{"@id":"https:\/\/www.fuertehoteles.com\/fr\/destinations\/vacances-a-marbella\/centre-historique\/#primaryimage"},"thumbnailUrl":"https:\/\/www.fuertehoteles.com\/wp-content\/uploads\/2021\/11\/marbella-casco-antiguo.jpg","datePublished":"2021-11-26T14:08:36+00:00","dateModified":"2021-12-22T09:01:07+00:00","description":"En vous \u00e9merveillant le long le centre historique de Marbella, vous d\u00e9couvrirez le charme du village andalou typique qui \u00e9tait autrefois.","breadcrumb":{"@id":"https:\/\/www.fuertehoteles.com\/fr\/destinations\/vacances-a-marbella\/centre-historique\/#breadcrumb"},"inLanguage":"fr-FR","potentialAction":[{"@type":"ReadAction","target":["https:\/\/www.fuertehoteles.com\/fr\/destinations\/vacances-a-marbella\/centre-historique\/"]}]},{"@type":"ImageObject","inLanguage":"fr-FR","@id":"https:\/\/www.fuertehoteles.com\/fr\/destinations\/vacances-a-marbella\/centre-historique\/#primaryimage","url":"https:\/\/www.fuertehoteles.com\/wp-content\/uploads\/2021\/11\/marbella-casco-antiguo.jpg","contentUrl":"https:\/\/www.fuertehoteles.com\/wp-content\/uploads\/2021\/11\/marbella-casco-antiguo.jpg","width":1920,"height":540,"caption":"Casco antiguo de Marbella"},{"@type":"BreadcrumbList","@id":"https:\/\/www.fuertehoteles.com\/fr\/destinations\/vacances-a-marbella\/centre-historique\/#breadcrumb","itemListElement":[{"@type":"ListItem","position":1,"name":"Portada","item":"https:\/\/www.fuertehoteles.com\/fr\/"},{"@type":"ListItem","position":2,"name":"Nos Destinations","item":"https:\/\/www.fuertehoteles.com\/fr\/destinations\/"},{"@type":"ListItem","position":3,"name":"Marbella","item":"https:\/\/www.fuertehoteles.com\/fr\/destinations\/vacances-a-marbella\/"},{"@type":"ListItem","position":4,"name":"Centre historique"}]},{"@type":"WebSite","@id":"https:\/\/www.fuertehoteles.com\/#website","url":"https:\/\/www.fuertehoteles.com\/","name":"Fuerte Hoteles","description":"","publisher":{"@id":"https:\/\/www.fuertehoteles.com\/#organization"},"potentialAction":[{"@type":"SearchAction","target":{"@type":"EntryPoint","urlTemplate":"https:\/\/www.fuertehoteles.com\/?s={search_term_string}"},"query-input":"required name=search_term_string"}],"inLanguage":"fr-FR"},{"@type":"Organization","@id":"https:\/\/www.fuertehoteles.com\/#organization","name":"Fuerte Hoteles","url":"https:\/\/www.fuertehoteles.com\/","logo":{"@type":"ImageObject","inLanguage":"fr-FR","@id":"https:\/\/www.fuertehoteles.com\/#\/schema\/logo\/image\/","url":"https:\/\/www.fuertehoteles.com\/wp-content\/uploads\/2022\/09\/logo-ffhh-1.jpg","contentUrl":"https:\/\/www.fuertehoteles.com\/wp-content\/uploads\/2022\/09\/logo-ffhh-1.jpg","width":500,"height":500,"caption":"Fuerte Hoteles"},"image":{"@id":"https:\/\/www.fuertehoteles.com\/#\/schema\/logo\/image\/"},"sameAs":["https:\/\/www.facebook.com\/HotelesFuerte","https:\/\/twitter.com\/fuertehoteles","https:\/\/www.instagram.com\/fuertehoteles\/","https:\/\/www.linkedin.com\/company\/fuerte-hoteles\/","https:\/\/www.youtube.com\/user\/fuertehoteles","https:\/\/en.wikipedia.org\/wiki\/Fuerte_Hotels"]}]}},"_links":{"self":[{"href":"https:\/\/www.fuertehoteles.com\/fr\/wp-json\/wp\/v2\/pages\/4833","targetHints":{"allow":["GET"]}}],"collection":[{"href":"https:\/\/www.fuertehoteles.com\/fr\/wp-json\/wp\/v2\/pages"}],"about":[{"href":"https:\/\/www.fuertehoteles.com\/fr\/wp-json\/wp\/v2\/types\/page"}],"author":[{"embeddable":true,"href":"https:\/\/www.fuertehoteles.com\/fr\/wp-json\/wp\/v2\/users\/6"}],"replies":[{"embeddable":true,"href":"https:\/\/www.fuertehoteles.com\/fr\/wp-json\/wp\/v2\/comments?post=4833"}],"version-history":[{"count":0,"href":"https:\/\/www.fuertehoteles.com\/fr\/wp-json\/wp\/v2\/pages\/4833\/revisions"}],"up":[{"embeddable":true,"href":"https:\/\/www.fuertehoteles.com\/fr\/wp-json\/wp\/v2\/pages\/4814"}],"wp:featuredmedia":[{"embeddable":true,"href":"https:\/\/www.fuertehoteles.com\/fr\/wp-json\/wp\/v2\/media\/1540"}],"wp:attachment":[{"href":"https:\/\/www.fuertehoteles.com\/fr\/wp-json\/wp\/v2\/media?parent=4833"}],"curies":[{"name":"wp","href":"https:\/\/api.w.org\/{rel}","templated":true}]}}