{"id":4842,"date":"2021-11-26T15:10:36","date_gmt":"2021-11-26T14:10:36","guid":{"rendered":"https:\/\/www.fuertehoteles.com\/nos-destinations\/vacances-a-marbella\/compras\/"},"modified":"2021-12-22T10:09:26","modified_gmt":"2021-12-22T09:09:26","slug":"achats","status":"publish","type":"page","link":"https:\/\/www.fuertehoteles.com\/fr\/destinations\/vacances-a-marbella\/achats\/","title":{"rendered":"Achats"},"content":{"rendered":"[vc_row][vc_column el_class=\u00a0\u00bbdestination-content\u00a0\u00bb][vc_column_text]\n<h1>Les meilleurs achats \u00e0 Marbella<\/h1>\n<p>Dans la ville de Marbella, vous trouverez tous types de boutiques et de produits, allant des articles exclusifs aux produits traditionnels. \u00c0 Marbella le shopping est une activit\u00e9 compl\u00e9mentaire \u00e0 celle des jours de plage. Notre guide de Marbella vous donne les pistes qui vont vous permettre d\u2019optimiser au mieux votre shopping \u00e0 Marbella :<\/p>\n<p>Distances calcul\u00e9es depuis l\u2019h\u00f4tel <strong><a href=\"https:\/\/www.fuertehoteles.com\/fr\/hotel\/fuerte-marbella\/lhotel\/\">h\u00f4tel Fuerte Marbella<\/a><\/strong><\/p>\n<h3>Quartier historique et Avenues Ram\u00f3n y Cajal et Ricardo Soriano <i>(\u00e0 5 min \u00e0 pied)<\/i><\/h3>\n<p>La vieille ville de Marbella est l\u2019endroit id\u00e9al pour ceux qui sont \u00e0 la recherche de mode, d\u2019accessoires ou de souvenirs, le tout dans l\u2019ambiance d\u00e9tendue de son centre commercial ouvert. Ceux qui pr\u00e9f\u00e8rent une ambiance plus anim\u00e9e pourront visiter toutes les boutiques de l\u2019Avenida Ricardo Soriano et celle de l\u2019Avenida Ram\u00f3n y Cajal.<\/p>\n<h3>Centre commercial La Ca\u00f1ada <i>(\u00e0 5 min en voiture)<\/i><\/h3>\n<p>C\u2019est le plus grand centre commercial de Marbella, on peut y faire toutes sortes d\u2019achats. Vous pourrez y trouver plus de 150 boutiques de v\u00eatements (Desigual, Mango, Zara\u2026), de chaussures, d\u2019accessoires, d\u2019articles pour la maison, ou la FNAC qui propose produits technologiques, livres et musique.<\/p>\n<h3>Puerto Ban\u00fas <i>(\u00e0 15 min en voiture)<\/i><\/h3>\n<p>Puerto Ban\u00fas est le complexe de plaisance et touristique le plus c\u00e9l\u00e8bre du sud de l\u2019Europe. Ce port de plaisance de grand luxe est l\u2019un des plus grands centres de loisirs de la Costa del Sol. On y trouve des boutiques de marque et des produits exclusifs de luxe.<\/p>\n<p>Vous trouverez aussi dans les environs le centre commercial Marina Ban\u00fas, l\u2019un des centres commerciaux les plus renomm\u00e9s de Marbella ainsi que le centre commercial Corte Ingl\u00e9s de Puerto Ban\u00fas.<\/p>\n<h3>March\u00e9<\/h3>\n<p>Le march\u00e9 se tient les lundis \u00e0 Marbella, les jeudis \u00e0 San Pedro de Alc\u00e1ntara, et les samedis \u00e0 Puerto Ban\u00fas, vous pouvez y faire vos achats \u00e0 des prix plus \u00e9conomiques.[\/vc_column_text][\/vc_column][\/vc_row]\n","protected":false},"excerpt":{"rendered":"<p>[vc_row][vc_column el_class=\u00a0\u00bbdestination-content\u00a0\u00bb][vc_column_text] Les meilleurs achats \u00e0 Marbella Dans la ville de Marbella, vous trouverez tous types de boutiques et de produits, allant des articles exclusifs aux produits traditionnels. \u00c0 Marbella le shopping est une activit\u00e9 compl\u00e9mentaire \u00e0 celle des jours de plage. Notre guide de Marbella vous donne les pistes qui vont vous permettre d\u2019optimiser<\/p>\n","protected":false},"author":6,"featured_media":1544,"parent":4814,"menu_order":0,"comment_status":"closed","ping_status":"closed","template":"templates\/destination-subpages.php","meta":{"footnotes":""},"class_list":["post-4842","page","type-page","status-publish","hentry"],"yoast_head":"<!-- This site is optimized with the Yoast SEO plugin v22.4 - https:\/\/yoast.com\/wordpress\/plugins\/seo\/ -->\n<title>Les meilleurs achats \u00e0 Marbella, Shopping \u00e0 Marbella<\/title>\n<meta name=\"description\" content=\"Le shopping \u00e0 Marbella est une activit\u00e9 \u00e0 part enti\u00e8re. Boutiques mode &amp; produits locaux, march\u00e9, centre commercial - Les meilleurs achats \u00e0 Marbella\" \/>\n<meta name=\"robots\" content=\"index, follow, max-snippet:-1, max-image-preview:large, max-video-preview:-1\" \/>\n<link rel=\"canonical\" href=\"https:\/\/www.fuertehoteles.com\/fr\/destinations\/vacances-a-marbella\/achats\/\" \/>\n<meta property=\"og:locale\" content=\"fr_FR\" \/>\n<meta property=\"og:type\" content=\"article\" \/>\n<meta property=\"og:title\" content=\"Les meilleurs achats \u00e0 Marbella, Shopping \u00e0 Marbella\" \/>\n<meta property=\"og:description\" content=\"Le shopping \u00e0 Marbella est une activit\u00e9 \u00e0 part enti\u00e8re. Boutiques mode &amp; produits locaux, march\u00e9, centre commercial - Les meilleurs achats \u00e0 Marbella\" \/>\n<meta property=\"og:url\" content=\"https:\/\/www.fuertehoteles.com\/fr\/destinations\/vacances-a-marbella\/achats\/\" \/>\n<meta property=\"og:site_name\" content=\"Fuerte Hoteles\" \/>\n<meta property=\"article:publisher\" content=\"https:\/\/www.facebook.com\/HotelesFuerte\" \/>\n<meta property=\"article:modified_time\" content=\"2021-12-22T09:09:26+00:00\" \/>\n<meta property=\"og:image\" content=\"https:\/\/www.fuertehoteles.com\/wp-content\/uploads\/2021\/11\/tiendas-de-marbella.jpg\" \/>\n\t<meta property=\"og:image:width\" content=\"1920\" \/>\n\t<meta property=\"og:image:height\" content=\"540\" \/>\n\t<meta property=\"og:image:type\" content=\"image\/jpeg\" \/>\n<meta name=\"twitter:card\" content=\"summary_large_image\" \/>\n<meta name=\"twitter:site\" content=\"@fuertehoteles\" \/>\n<meta name=\"twitter:label1\" content=\"Dur\u00e9e de lecture estim\u00e9e\" \/>\n\t<meta name=\"twitter:data1\" content=\"2 minutes\" \/>\n<script type=\"application\/ld+json\" class=\"yoast-schema-graph\">{\"@context\":\"https:\/\/schema.org\",\"@graph\":[{\"@type\":\"WebPage\",\"@id\":\"https:\/\/www.fuertehoteles.com\/fr\/destinations\/vacances-a-marbella\/achats\/\",\"url\":\"https:\/\/www.fuertehoteles.com\/fr\/destinations\/vacances-a-marbella\/achats\/\",\"name\":\"Les meilleurs achats \u00e0 Marbella, Shopping \u00e0 Marbella\",\"isPartOf\":{\"@id\":\"https:\/\/www.fuertehoteles.com\/#website\"},\"primaryImageOfPage\":{\"@id\":\"https:\/\/www.fuertehoteles.com\/fr\/destinations\/vacances-a-marbella\/achats\/#primaryimage\"},\"image\":{\"@id\":\"https:\/\/www.fuertehoteles.com\/fr\/destinations\/vacances-a-marbella\/achats\/#primaryimage\"},\"thumbnailUrl\":\"https:\/\/www.fuertehoteles.com\/wp-content\/uploads\/2021\/11\/tiendas-de-marbella.jpg\",\"datePublished\":\"2021-11-26T14:10:36+00:00\",\"dateModified\":\"2021-12-22T09:09:26+00:00\",\"description\":\"Le shopping \u00e0 Marbella est une activit\u00e9 \u00e0 part enti\u00e8re. Boutiques mode & produits locaux, march\u00e9, centre commercial - Les meilleurs achats \u00e0 Marbella\",\"breadcrumb\":{\"@id\":\"https:\/\/www.fuertehoteles.com\/fr\/destinations\/vacances-a-marbella\/achats\/#breadcrumb\"},\"inLanguage\":\"fr-FR\",\"potentialAction\":[{\"@type\":\"ReadAction\",\"target\":[\"https:\/\/www.fuertehoteles.com\/fr\/destinations\/vacances-a-marbella\/achats\/\"]}]},{\"@type\":\"ImageObject\",\"inLanguage\":\"fr-FR\",\"@id\":\"https:\/\/www.fuertehoteles.com\/fr\/destinations\/vacances-a-marbella\/achats\/#primaryimage\",\"url\":\"https:\/\/www.fuertehoteles.com\/wp-content\/uploads\/2021\/11\/tiendas-de-marbella.jpg\",\"contentUrl\":\"https:\/\/www.fuertehoteles.com\/wp-content\/uploads\/2021\/11\/tiendas-de-marbella.jpg\",\"width\":1920,\"height\":540,\"caption\":\"tiendas en Marbella\"},{\"@type\":\"BreadcrumbList\",\"@id\":\"https:\/\/www.fuertehoteles.com\/fr\/destinations\/vacances-a-marbella\/achats\/#breadcrumb\",\"itemListElement\":[{\"@type\":\"ListItem\",\"position\":1,\"name\":\"Portada\",\"item\":\"https:\/\/www.fuertehoteles.com\/fr\/\"},{\"@type\":\"ListItem\",\"position\":2,\"name\":\"Nos Destinations\",\"item\":\"https:\/\/www.fuertehoteles.com\/fr\/destinations\/\"},{\"@type\":\"ListItem\",\"position\":3,\"name\":\"Marbella\",\"item\":\"https:\/\/www.fuertehoteles.com\/fr\/destinations\/vacances-a-marbella\/\"},{\"@type\":\"ListItem\",\"position\":4,\"name\":\"Achats\"}]},{\"@type\":\"WebSite\",\"@id\":\"https:\/\/www.fuertehoteles.com\/#website\",\"url\":\"https:\/\/www.fuertehoteles.com\/\",\"name\":\"Fuerte Hoteles\",\"description\":\"\",\"publisher\":{\"@id\":\"https:\/\/www.fuertehoteles.com\/#organization\"},\"potentialAction\":[{\"@type\":\"SearchAction\",\"target\":{\"@type\":\"EntryPoint\",\"urlTemplate\":\"https:\/\/www.fuertehoteles.com\/?s={search_term_string}\"},\"query-input\":\"required name=search_term_string\"}],\"inLanguage\":\"fr-FR\"},{\"@type\":\"Organization\",\"@id\":\"https:\/\/www.fuertehoteles.com\/#organization\",\"name\":\"Fuerte Hoteles\",\"url\":\"https:\/\/www.fuertehoteles.com\/\",\"logo\":{\"@type\":\"ImageObject\",\"inLanguage\":\"fr-FR\",\"@id\":\"https:\/\/www.fuertehoteles.com\/#\/schema\/logo\/image\/\",\"url\":\"https:\/\/www.fuertehoteles.com\/wp-content\/uploads\/2022\/09\/logo-ffhh-1.jpg\",\"contentUrl\":\"https:\/\/www.fuertehoteles.com\/wp-content\/uploads\/2022\/09\/logo-ffhh-1.jpg\",\"width\":500,\"height\":500,\"caption\":\"Fuerte Hoteles\"},\"image\":{\"@id\":\"https:\/\/www.fuertehoteles.com\/#\/schema\/logo\/image\/\"},\"sameAs\":[\"https:\/\/www.facebook.com\/HotelesFuerte\",\"https:\/\/twitter.com\/fuertehoteles\",\"https:\/\/www.instagram.com\/fuertehoteles\/\",\"https:\/\/www.linkedin.com\/company\/fuerte-hoteles\/\",\"https:\/\/www.youtube.com\/user\/fuertehoteles\",\"https:\/\/en.wikipedia.org\/wiki\/Fuerte_Hotels\"]}]}<\/script>\n<!-- \/ Yoast SEO plugin. -->","yoast_head_json":{"title":"Les meilleurs achats \u00e0 Marbella, Shopping \u00e0 Marbella","description":"Le shopping \u00e0 Marbella est une activit\u00e9 \u00e0 part enti\u00e8re. Boutiques mode & produits locaux, march\u00e9, centre commercial - Les meilleurs achats \u00e0 Marbella","robots":{"index":"index","follow":"follow","max-snippet":"max-snippet:-1","max-image-preview":"max-image-preview:large","max-video-preview":"max-video-preview:-1"},"canonical":"https:\/\/www.fuertehoteles.com\/fr\/destinations\/vacances-a-marbella\/achats\/","og_locale":"fr_FR","og_type":"article","og_title":"Les meilleurs achats \u00e0 Marbella, Shopping \u00e0 Marbella","og_description":"Le shopping \u00e0 Marbella est une activit\u00e9 \u00e0 part enti\u00e8re. Boutiques mode & produits locaux, march\u00e9, centre commercial - Les meilleurs achats \u00e0 Marbella","og_url":"https:\/\/www.fuertehoteles.com\/fr\/destinations\/vacances-a-marbella\/achats\/","og_site_name":"Fuerte Hoteles","article_publisher":"https:\/\/www.facebook.com\/HotelesFuerte","article_modified_time":"2021-12-22T09:09:26+00:00","og_image":[{"width":1920,"height":540,"url":"https:\/\/www.fuertehoteles.com\/wp-content\/uploads\/2021\/11\/tiendas-de-marbella.jpg","type":"image\/jpeg"}],"twitter_card":"summary_large_image","twitter_site":"@fuertehoteles","twitter_misc":{"Dur\u00e9e de lecture estim\u00e9e":"2 minutes"},"schema":{"@context":"https:\/\/schema.org","@graph":[{"@type":"WebPage","@id":"https:\/\/www.fuertehoteles.com\/fr\/destinations\/vacances-a-marbella\/achats\/","url":"https:\/\/www.fuertehoteles.com\/fr\/destinations\/vacances-a-marbella\/achats\/","name":"Les meilleurs achats \u00e0 Marbella, Shopping \u00e0 Marbella","isPartOf":{"@id":"https:\/\/www.fuertehoteles.com\/#website"},"primaryImageOfPage":{"@id":"https:\/\/www.fuertehoteles.com\/fr\/destinations\/vacances-a-marbella\/achats\/#primaryimage"},"image":{"@id":"https:\/\/www.fuertehoteles.com\/fr\/destinations\/vacances-a-marbella\/achats\/#primaryimage"},"thumbnailUrl":"https:\/\/www.fuertehoteles.com\/wp-content\/uploads\/2021\/11\/tiendas-de-marbella.jpg","datePublished":"2021-11-26T14:10:36+00:00","dateModified":"2021-12-22T09:09:26+00:00","description":"Le shopping \u00e0 Marbella est une activit\u00e9 \u00e0 part enti\u00e8re. Boutiques mode & produits locaux, march\u00e9, centre commercial - Les meilleurs achats \u00e0 Marbella","breadcrumb":{"@id":"https:\/\/www.fuertehoteles.com\/fr\/destinations\/vacances-a-marbella\/achats\/#breadcrumb"},"inLanguage":"fr-FR","potentialAction":[{"@type":"ReadAction","target":["https:\/\/www.fuertehoteles.com\/fr\/destinations\/vacances-a-marbella\/achats\/"]}]},{"@type":"ImageObject","inLanguage":"fr-FR","@id":"https:\/\/www.fuertehoteles.com\/fr\/destinations\/vacances-a-marbella\/achats\/#primaryimage","url":"https:\/\/www.fuertehoteles.com\/wp-content\/uploads\/2021\/11\/tiendas-de-marbella.jpg","contentUrl":"https:\/\/www.fuertehoteles.com\/wp-content\/uploads\/2021\/11\/tiendas-de-marbella.jpg","width":1920,"height":540,"caption":"tiendas en Marbella"},{"@type":"BreadcrumbList","@id":"https:\/\/www.fuertehoteles.com\/fr\/destinations\/vacances-a-marbella\/achats\/#breadcrumb","itemListElement":[{"@type":"ListItem","position":1,"name":"Portada","item":"https:\/\/www.fuertehoteles.com\/fr\/"},{"@type":"ListItem","position":2,"name":"Nos Destinations","item":"https:\/\/www.fuertehoteles.com\/fr\/destinations\/"},{"@type":"ListItem","position":3,"name":"Marbella","item":"https:\/\/www.fuertehoteles.com\/fr\/destinations\/vacances-a-marbella\/"},{"@type":"ListItem","position":4,"name":"Achats"}]},{"@type":"WebSite","@id":"https:\/\/www.fuertehoteles.com\/#website","url":"https:\/\/www.fuertehoteles.com\/","name":"Fuerte Hoteles","description":"","publisher":{"@id":"https:\/\/www.fuertehoteles.com\/#organization"},"potentialAction":[{"@type":"SearchAction","target":{"@type":"EntryPoint","urlTemplate":"https:\/\/www.fuertehoteles.com\/?s={search_term_string}"},"query-input":"required name=search_term_string"}],"inLanguage":"fr-FR"},{"@type":"Organization","@id":"https:\/\/www.fuertehoteles.com\/#organization","name":"Fuerte Hoteles","url":"https:\/\/www.fuertehoteles.com\/","logo":{"@type":"ImageObject","inLanguage":"fr-FR","@id":"https:\/\/www.fuertehoteles.com\/#\/schema\/logo\/image\/","url":"https:\/\/www.fuertehoteles.com\/wp-content\/uploads\/2022\/09\/logo-ffhh-1.jpg","contentUrl":"https:\/\/www.fuertehoteles.com\/wp-content\/uploads\/2022\/09\/logo-ffhh-1.jpg","width":500,"height":500,"caption":"Fuerte Hoteles"},"image":{"@id":"https:\/\/www.fuertehoteles.com\/#\/schema\/logo\/image\/"},"sameAs":["https:\/\/www.facebook.com\/HotelesFuerte","https:\/\/twitter.com\/fuertehoteles","https:\/\/www.instagram.com\/fuertehoteles\/","https:\/\/www.linkedin.com\/company\/fuerte-hoteles\/","https:\/\/www.youtube.com\/user\/fuertehoteles","https:\/\/en.wikipedia.org\/wiki\/Fuerte_Hotels"]}]}},"_links":{"self":[{"href":"https:\/\/www.fuertehoteles.com\/fr\/wp-json\/wp\/v2\/pages\/4842","targetHints":{"allow":["GET"]}}],"collection":[{"href":"https:\/\/www.fuertehoteles.com\/fr\/wp-json\/wp\/v2\/pages"}],"about":[{"href":"https:\/\/www.fuertehoteles.com\/fr\/wp-json\/wp\/v2\/types\/page"}],"author":[{"embeddable":true,"href":"https:\/\/www.fuertehoteles.com\/fr\/wp-json\/wp\/v2\/users\/6"}],"replies":[{"embeddable":true,"href":"https:\/\/www.fuertehoteles.com\/fr\/wp-json\/wp\/v2\/comments?post=4842"}],"version-history":[{"count":0,"href":"https:\/\/www.fuertehoteles.com\/fr\/wp-json\/wp\/v2\/pages\/4842\/revisions"}],"up":[{"embeddable":true,"href":"https:\/\/www.fuertehoteles.com\/fr\/wp-json\/wp\/v2\/pages\/4814"}],"wp:featuredmedia":[{"embeddable":true,"href":"https:\/\/www.fuertehoteles.com\/fr\/wp-json\/wp\/v2\/media\/1544"}],"wp:attachment":[{"href":"https:\/\/www.fuertehoteles.com\/fr\/wp-json\/wp\/v2\/media?parent=4842"}],"curies":[{"name":"wp","href":"https:\/\/api.w.org\/{rel}","templated":true}]}}