{"id":4851,"date":"2021-11-26T15:15:41","date_gmt":"2021-11-26T14:15:41","guid":{"rendered":"https:\/\/www.fuertehoteles.com\/nos-destinations\/vacances-a-marbella\/excursiones\/"},"modified":"2021-12-22T10:14:05","modified_gmt":"2021-12-22T09:14:05","slug":"excursions","status":"publish","type":"page","link":"https:\/\/www.fuertehoteles.com\/fr\/destinations\/vacances-a-marbella\/excursions\/","title":{"rendered":"Excursions"},"content":{"rendered":"[vc_row][vc_column el_class=\u00a0\u00bbdestination-content\u00a0\u00bb][vc_column_text]\n<div class=\"inner-contenido--hotel\">\n<div class=\"contenido wysiwyg\">\n<h1>Tours locaux et Excursions \u00e0 Marbella<\/h1>\n<h2>\u00c0 pied ou \u00e0 v\u00e9lo<\/h2>\n<p>D\u00e9couvrez les excursions \u00e0 r\u00e9aliser \u00e0 pied ou v\u00e9lo lors de vos vacances \u00e0 Marbella. Marbella en Espagne est une ville de bord de mer situ\u00e9e dans la province de la Malaga sur la Costa del Sol, elle profite de l\u2019un des meilleurs climats d\u2019Europe ce qui ouvre \u00e9norm\u00e9ment de possibilit\u00e9s de promenades, activit\u00e9s et d\u00e9couvertes en ext\u00e9rieur.<\/p>\n<h3>Marbella \u2013 Puerto Ban\u00fas<\/h3>\n<p>(en partant de la promenade maritime \u00e0 proximit\u00e9 l&rsquo;<strong><a href=\"https:\/\/www.fuertehoteles.com\/fr\/hotel\/fuerte-marbella\/lhotel\/\">h\u00f4tel Fuerte Marbella<\/a><\/strong>).<\/p>\n<p>Il s\u2019agit d\u2019une magnifique excursion de 12 km (aller-retour) \u00e0 faire \u00e0 pied (environ 3 heures), en courant, ou en v\u00e9lo (1 heure). Elle est de faible difficult\u00e9 car elle suit la promenade maritime qui parcourt une grande partie du littoral de Marbella.<\/p>\n<h3>Refuge de Juanar (\u00e0 20 minutes de route de l\u2019h\u00f4tel)<\/h3>\n<p>Le refuge de Juanar est un splendide site naturel depuis lequel on peut b\u00e9n\u00e9ficier d\u2019une vue magnifique sur la mer ainsi que sur ses for\u00eats luxuriantes. Diff\u00e9rents itin\u00e9raires partent de cet endroit, ils sont parfaits pour les amateurs de randonn\u00e9e en vacances \u00e0 Marbella.<\/p>\n<p>Parmi ceux-ci, le principal est l\u2019itin\u00e9raire de Puerto Rico Bajo jusqu\u2019\u00e0 Mirador del Juanar, de 8 km et de difficult\u00e9 moyenne \u00e0 faible. On peut commencer cette randonn\u00e9e plus loin et l\u2019on peut monter en voiture jusqu\u2019au refuge de Juanar, ce qui r\u00e9duit le temps de randonn\u00e9e \u00e0 une 1 heure avec une difficult\u00e9 faible.<\/p>\n<p>Si au contraire, vous souhaitez continuer jusqu\u2019\u00e0 la fin de ce sentier, vous pourrez parcourir les 8 kilom\u00e8tres qui le s\u00e9parent de la Cruz del Juanar, une randonn\u00e9 de difficult\u00e9 moyenne-\u00e9lev\u00e9e et qui dure quatre heures.<\/p>\n<p>Un autre itin\u00e9raire tr\u00e8s populaire du refuge de Juanar est celui qui part du refuge jusqu\u2019\u00e0 La Concha, le sommet le plus haut de la Sierra Blanca, qui prot\u00e8ge Marbella des vents du Nord. Il s\u2019agit d\u2019un sentier de 14 km que l\u2019on parcourt en cinq heures, de difficult\u00e9 \u00e9lev\u00e9e il arrive jusqu\u2019au sommet de La Concha, o\u00f9 la vue est spectaculaire.<\/p>\n<h3>Sentier de Jos\u00e9 Lima (trajet de 20 min en voiture depuis l\u2019h\u00f4tel)<\/h3>\n<p>Cet itin\u00e9raire circulaire de 8 km parcourt le sentier qui porte le nom de l\u2019ancien garde forestier de la r\u00e9gion. Il commence \u00e0 500 m du refuge del Juanar et est de difficult\u00e9 moyenne. Durant 3 heures, il s\u2019\u00e9tend entre les sapins d\u2019Andalousie et la Source del Pozuelo.<\/p>\n<p>Nous \u200evous indiquons plusieurs itin\u00e9raires, \u00e0 Estepona et dans les environs, que vous pourrez r\u00e9aliser \u00e0 pied ou \u00e0 v\u00e9lo avec diff\u00e9rents degr\u00e9s de difficult\u00e9.<\/p>\n<h3>Randonn\u00e9es \u00e0 pied<\/h3>\n<ul>\n<li>Voir randon\u00e9e: <a title=\"Randonn\u00e9e \u00e0 pied: Fuerte Marbella-Vieille ville\" href=\"http:\/\/fr.wikiloc.com\/wikiloc\/view.do?id=5657596\" target=\"_blank\" rel=\"noopener\">Fuerte Marbella-Vieille ville<\/a><\/li>\n<li>Voir randon\u00e9e: <a title=\"Rutas a pie: Marbella-Puerto Ban\u00fas\" href=\"http:\/\/fr.wikiloc.com\/wikiloc\/view.do?id=2421949\" target=\"_blank\" rel=\"noopener\">Marbella-Puerto Ban\u00fas<\/a><\/li>\n<li>Voir randon\u00e9e: <a title=\"Rutas a pie: Marbella - Cruz del Ju\u00e1nar\" href=\"http:\/\/fr.wikiloc.com\/wikiloc\/view.do?id=2696949\" target=\"_blank\" rel=\"noopener\">Marbella-Cruz del Juanar<\/a><\/li>\n<li>Voir randon\u00e9e: <a title=\"Rutas a pie: Marbella - Los Monjes - Mina de Buenavista - Marbella\" href=\"http:\/\/fr.wikiloc.com\/wikiloc\/view.do?id=2247421\" target=\"_blank\" rel=\"noopener\">Marbella-Los Monjes-Mina de Buenavista-Marbella<\/a><\/li>\n<li>Voir randon\u00e9e: <a title=\"Rutas a pie: Marbella - Ist\u00e1n\" href=\"http:\/\/fr.wikiloc.com\/wikiloc\/view.do?id=823682\" target=\"_blank\" rel=\"noopener\">Marbella-Ist\u00e1n<\/a><\/li>\n<li>Voir randon\u00e9e: <a title=\"Rutas a pie: Marbella - Casa de Pino - Cruz de Juanar - Marbella\" href=\"http:\/\/fr.wikiloc.com\/wikiloc\/view.do?id=1348951\" target=\"_blank\" rel=\"noopener\">Marbella-Casa de Pino-Cruz de Juanar-Marbella<\/a><\/li>\n<\/ul>\n<h3>Randonn\u00e9es \u00e0 v\u00e9lo<\/h3>\n<ul>\n<li>Voir randon\u00e9e: <a title=\"Paseos en bicicleta: Marbella-Paseo Mar\u00edtimo\" href=\"http:\/\/fr.wikiloc.com\/wikiloc\/view.do?id=2409841\" target=\"_blank\" rel=\"noopener\">Marbella-Paseo Mar\u00edtimo<\/a><\/li>\n<li>Voir randon\u00e9e: <a title=\"Ruta en bicicleta: Marbella-Istan\" href=\"http:\/\/fr.wikiloc.com\/wikiloc\/view.do?id=2357101\" target=\"_blank\" rel=\"noopener\">Marbella-Ist\u00e1n<\/a><\/li>\n<li>Voir randon\u00e9e: <a title=\"Rutas en bicicleta: Marbella-Los Altos de los Monteros\" href=\"http:\/\/fr.wikiloc.com\/wikiloc\/view.do?id=2686051\" target=\"_blank\" rel=\"noopener\">Marbella-Los Altos de los Monteros<\/a><\/li>\n<li>Voir randon\u00e9e: <a title=\"Rutas en bicicleta: Marbella - Puerto Ban\u00fas\" href=\"http:\/\/fr.wikiloc.com\/wikiloc\/view.do?id=3207706\" target=\"_blank\" rel=\"noopener\">Marbella-Puerto Ban\u00fas<\/a><\/li>\n<li>Voir randon\u00e9e: <a title=\"Rutas en bicicleta: Marbella-Altos de Marbella-Oj\u00e9n-Trialeras\" href=\"http:\/\/fr.wikiloc.com\/wikiloc\/view.do?id=342114\" target=\"_blank\" rel=\"noopener\">Marbella-Los Altos de Marbella-Oj\u00e9n-Trialeras<\/a><\/li>\n<\/ul>\n<h2>D\u00b4une demi-journ\u00e9e<\/h2>\n<p>Que faire \u00e0 Marbella ? Marbella est une ville c\u00f4ti\u00e8re du sud de l\u2019Espagne dont le charme des ruelles blanchies \u00e0 la chaux refl\u00e8te \u00e0 la perfection l\u2019essence type de l\u2019Andalousie. Marbella est une ville anim\u00e9e et ensoleill\u00e9e c\u00e9l\u00e8bre pour ses plages! Lors de votre s\u00e9jour \u00e0 Marbella ne manquez pas non plus d\u2019aller visiter les villages alentours et les paysages \u00e0 couper le souffle de la Costa del Sol.<\/p>\n<h3>Puerto Ban\u00fas (\u00e0 15 min en voiture)<\/h3>\n<p>Puerto Ban\u00fas est un port de plaisance de grand luxe o\u00f9 l\u2019on peut admirer des embarcations tr\u00e8s tape-\u00e0-l\u2019\u0153il ainsi que les voitures haut de gamme des nombreux VIP qui fr\u00e9quentent la marina. Des personnalit\u00e9s de la jet-set issues du monde entier se donnent rendez-vous dans cet endroit renomm\u00e9 pour ses f\u00eates et son glamour.<\/p>\n<h3>Oj\u00e9n (\u00e0 20 min en voiture)<\/h3>\n<p>Le petit village d\u2019Oj\u00e9n se situe \u00e0 dix kilom\u00e8tres de Marbella dans la montagne \u00e0 c\u00f4t\u00e9 du ruisseau d\u2019Almad\u00e1n. Il s\u2019agit d\u2019un village blanc de charme situ\u00e9 en pleine R\u00e9serve de la Biosph\u00e8re de la Sierra de las Nieves. La R\u00e9serve se distingue par ses richesses naturelles, dont l\u2019eau surtout car elle poss\u00e8de de nombreux fleuves, sources et aquif\u00e8res qui parcourent la Sierra Blanca.<\/p>\n<h3>Mijas (\u00e0 20 min en voiture)<\/h3>\n<p>Village aux petites rues blanches de la Costa del Sol. En raison de son charme Mijas est un site \u00e0 visiter absolument lors de votre s\u00e9jour \u00e0 Marbella. Les \u00ab \u00e2nes-taxi \u00bb sont quelques-uns des attraits touristiques les plus originaux de l\u2019endroit. Dans cette localit\u00e9, on peut visiter l\u2019<i>Ermitage de la Vierge de la Pe\u00f1a <\/i>(patronne de la ville), les <i>Jardins des Remparts<\/i> et le <i>Belv\u00e9d\u00e8re <\/i>de la ville d\u2019o\u00f9 l\u2019on observe toute la Costa del Sol avec une vue sur l\u2019horizon de la mer M\u00e9diterran\u00e9e.<\/p>\n<p>\u00c0 faire dans cette localit\u00e9 lors de vos vacances \u00e0 Marbella, c\u2019est la visite d\u00e9concertante du Mus\u00e9e <i>El Carromato de Max<\/i>, le premier mus\u00e9e de miniatures au monde. Il vaut le coup d\u2019\u0153il.<\/p>\n<h3>Casares (\u00e0 45 min en voiture)<\/h3>\n<p>C\u2019est l\u2019un des plus beaux paysages andalous de la province de Malaga. Ce village aux blanches maisons est situ\u00e9 sur une colline dans un cadre privil\u00e9gi\u00e9. Des g\u00e9raniums typiques d\u00e9corent les balcons au milieu d\u2019une ambiance champ\u00eatre de calme et de nature. C\u2019est l\u00e0 qu\u2019est n\u00e9 celui que l\u2019on consid\u00e8re comme le \u00ab p\u00e8re de l\u2019Andalousie \u00bb, l\u2019enfant du pays <i>Blas Infante<\/i>.<\/p>\n<h3>Ronda (\u00e0 50 min en voiture)<\/h3>\n<p>Ronda est une cit\u00e9 historique qui se distingue gr\u00e2ce \u00e0 son imposant et c\u00e9l\u00e8bre <i>tajo<\/i> (ravin), elle est consid\u00e9r\u00e9e comme l\u2019une des plus belles villes d\u2019Andalousie. En plus du pont du ravin, ses ar\u00e8nes, le mus\u00e9e du Bandolero (bandit de grand chemin) et ses rues typiques que l\u2019on peut d\u00e9couvrir en cal\u00e8che surprendront les visiteurs. Visitez \u00e9galement les fouilles arch\u00e9ologiques d\u2019Acinipo, une ancienne cit\u00e9 romaine situ\u00e9e \u00e0 20 kilom\u00e8tres de la ville.<\/p>\n<h2>Journ\u00e9e compl\u00e8te<\/h2>\n<p>La Costa del Sol a bien plus \u00e0 offrir que son soleil et ses superbes plages. Si vous arrivez \u00e0 vous arracher du luxe de votre h\u00f4tel de Marbella, des plages ou des parcours de golf, vous aurez la possibilit\u00e9 d\u2019explorer quelques uns des joyaux de la M\u00e9diterran\u00e9e et d\u2019appr\u00e9cier les beaut\u00e9s d\u2019une r\u00e9gion emprunte d\u2019histoire et de culture.<\/p>\n<p>Distances calcul\u00e9es depuis l\u2019<strong><a href=\"https:\/\/www.fuertehoteles.com\/fr\/hotel\/fuerte-marbella\/lhotel\/\">h\u00f4tel Fuerte Marbella<\/a><\/strong><\/p>\n<h3>M\u00e1laga (\u00e0 50 min en voiture)<\/h3>\n<p>Capitale de la Costa del Sol, Malaga vous propose, en plus du soleil et de la plage, de visiter deux mus\u00e9es r\u00e9put\u00e9s qui sont le mus\u00e9e Picasso et le mus\u00e9e Thyssen. La maison natale du peintre malagu\u00e8ne Pablo Ruiz Picasso se trouve aussi dans cette ville tout comme le th\u00e9\u00e2tre romain et la casbah. Le centre historique se distingue gr\u00e2ce \u00e0 ses ruelles commerciales et \u00e0 sa typique rue pi\u00e9tonne de charme, la rue Larios.<\/p>\n<h3>Gibraltar (\u00e0 1 h 15 en voiture)<\/h3>\n<p>Ce territoire britannique enclav\u00e9 dans le d\u00e9troit de la mer M\u00e9diterran\u00e9e et de l\u2019Atlantique est connu dans le monde entier pour son \u00ab Rocher \u00bb, appartenant au Royaume-Uni. Cette ville est consid\u00e9r\u00e9e comme un port franc, c\u2019est pourquoi l\u2019alcool et le tabac y sont plus \u00e9conomiques. Si vous choisissez de faire cette excursion depuis votre h\u00f4tel \u00e0 Marbella, n\u2019oubliez pas que vous aurez besoin de votre passeport.<\/p>\n<h3>Grenade (\u00e0 2 heures en voiture)<\/h3>\n<p>La charmante ville de Grenade abrite <i>l\u2019Alhambra<\/i>, class\u00e9e au Patrimoine de l\u2019Humanit\u00e9 et qui est le monument le plus visit\u00e9 et le plus embl\u00e9matique d\u2019Espagne. Les quartiers de l\u2019Albaic\u00edn et de Sacromonte donnent de la couleur et du charme \u00e0 la ville, surplomb\u00e9e par les sommets de la Sierra Nevada.<\/p>\n<h3>Cordoue (\u00e0 2h20 en voiture)<\/h3>\n<p>Cordoue fut \u00e0 l\u2019\u00e9poque d\u2019Al-Andalus la capitale du Califat. L\u2019un de ses principaux monuments est la mosqu\u00e9e qui a \u00e9t\u00e9 ensuite transform\u00e9e en basilique par les chr\u00e9tiens. Son quartier historique est le deuxi\u00e8me plus grand d\u2019Europe et son pont romain sur le Guadalquivir est un autre atout touristique de cette ville.<\/p>\n<h3>Tanger, Maroc (\u00e0 1h25 en voiture jusqu\u2019au port de Tarifa + 1 heure de bateau)<\/h3>\n<p>14 kilom\u00e8tres \u00e0 peine s\u00e9parent les c\u00f4tes africaines de celles de Cadix. Vous pouvez quitter Tarifa et vous retrouver dans un continent totalement diff\u00e9rent en une demi-heure de ferry, pour profiter du charme du Maroc et sa gastronomie.<\/p>\n<p>Les points touristiques \u00e0 visiter \u00e0 Tanger sont :<\/p>\n<ul>\n<li>La Casbah, un quartier historique plein de magasins<\/li>\n<li>La m\u00e9dina (la vieille ville) id\u00e9al pour le shopping<\/li>\n<li>La L\u00e9gation am\u00e9ricaine, une galerie d\u2019art et mus\u00e9e<\/li>\n<\/ul>\n<\/div>\n<\/div>\n[\/vc_column_text][\/vc_column][\/vc_row][vc_row][vc_column][vc_column_text]\n[\/vc_column_text][\/vc_column][\/vc_row]\n","protected":false},"excerpt":{"rendered":"<p>[vc_row][vc_column el_class=\u00a0\u00bbdestination-content\u00a0\u00bb][vc_column_text] Tours locaux et Excursions \u00e0 Marbella \u00c0 pied ou \u00e0 v\u00e9lo D\u00e9couvrez les excursions \u00e0 r\u00e9aliser \u00e0 pied ou v\u00e9lo lors de vos vacances \u00e0 Marbella. Marbella en Espagne est une ville de bord de mer situ\u00e9e dans la province de la Malaga sur la Costa del Sol, elle profite de l\u2019un des<\/p>\n","protected":false},"author":6,"featured_media":1552,"parent":4814,"menu_order":0,"comment_status":"closed","ping_status":"closed","template":"templates\/destination-subpages.php","meta":{"footnotes":""},"class_list":["post-4851","page","type-page","status-publish","hentry"],"yoast_head":"<!-- This site is optimized with the Yoast SEO plugin v22.4 - https:\/\/yoast.com\/wordpress\/plugins\/seo\/ -->\n<title>Tours locaux et Excursions \u00e0 Marbella, Costa del Sol<\/title>\n<meta name=\"description\" content=\"Marbella offre de merveilleuses possibilit\u00e9s de visites, d&#039;excursions et d&#039;attractions pour tous, jetez un \u0153il ici. Guide des excursions \u00e0 Marbella.\" \/>\n<meta name=\"robots\" content=\"index, follow, max-snippet:-1, max-image-preview:large, max-video-preview:-1\" \/>\n<link rel=\"canonical\" href=\"https:\/\/www.fuertehoteles.com\/fr\/destinations\/vacances-a-marbella\/excursions\/\" \/>\n<meta property=\"og:locale\" content=\"fr_FR\" \/>\n<meta property=\"og:type\" content=\"article\" \/>\n<meta property=\"og:title\" content=\"Tours locaux et Excursions \u00e0 Marbella, Costa del Sol\" \/>\n<meta property=\"og:description\" content=\"Marbella offre de merveilleuses possibilit\u00e9s de visites, d&#039;excursions et d&#039;attractions pour tous, jetez un \u0153il ici. Guide des excursions \u00e0 Marbella.\" \/>\n<meta property=\"og:url\" content=\"https:\/\/www.fuertehoteles.com\/fr\/destinations\/vacances-a-marbella\/excursions\/\" \/>\n<meta property=\"og:site_name\" content=\"Fuerte Hoteles\" \/>\n<meta property=\"article:publisher\" content=\"https:\/\/www.facebook.com\/HotelesFuerte\" \/>\n<meta property=\"article:modified_time\" content=\"2021-12-22T09:14:05+00:00\" \/>\n<meta property=\"og:image\" content=\"https:\/\/www.fuertehoteles.com\/wp-content\/uploads\/2021\/11\/excursiones-en-marbella.jpg\" \/>\n\t<meta property=\"og:image:width\" content=\"1920\" \/>\n\t<meta property=\"og:image:height\" content=\"540\" \/>\n\t<meta property=\"og:image:type\" content=\"image\/jpeg\" \/>\n<meta name=\"twitter:card\" content=\"summary_large_image\" \/>\n<meta name=\"twitter:site\" content=\"@fuertehoteles\" \/>\n<meta name=\"twitter:label1\" content=\"Dur\u00e9e de lecture estim\u00e9e\" \/>\n\t<meta name=\"twitter:data1\" content=\"8 minutes\" \/>\n<script type=\"application\/ld+json\" class=\"yoast-schema-graph\">{\"@context\":\"https:\/\/schema.org\",\"@graph\":[{\"@type\":\"WebPage\",\"@id\":\"https:\/\/www.fuertehoteles.com\/fr\/destinations\/vacances-a-marbella\/excursions\/\",\"url\":\"https:\/\/www.fuertehoteles.com\/fr\/destinations\/vacances-a-marbella\/excursions\/\",\"name\":\"Tours locaux et Excursions \u00e0 Marbella, Costa del Sol\",\"isPartOf\":{\"@id\":\"https:\/\/www.fuertehoteles.com\/#website\"},\"primaryImageOfPage\":{\"@id\":\"https:\/\/www.fuertehoteles.com\/fr\/destinations\/vacances-a-marbella\/excursions\/#primaryimage\"},\"image\":{\"@id\":\"https:\/\/www.fuertehoteles.com\/fr\/destinations\/vacances-a-marbella\/excursions\/#primaryimage\"},\"thumbnailUrl\":\"https:\/\/www.fuertehoteles.com\/wp-content\/uploads\/2021\/11\/excursiones-en-marbella.jpg\",\"datePublished\":\"2021-11-26T14:15:41+00:00\",\"dateModified\":\"2021-12-22T09:14:05+00:00\",\"description\":\"Marbella offre de merveilleuses possibilit\u00e9s de visites, d'excursions et d'attractions pour tous, jetez un \u0153il ici. Guide des excursions \u00e0 Marbella.\",\"breadcrumb\":{\"@id\":\"https:\/\/www.fuertehoteles.com\/fr\/destinations\/vacances-a-marbella\/excursions\/#breadcrumb\"},\"inLanguage\":\"fr-FR\",\"potentialAction\":[{\"@type\":\"ReadAction\",\"target\":[\"https:\/\/www.fuertehoteles.com\/fr\/destinations\/vacances-a-marbella\/excursions\/\"]}]},{\"@type\":\"ImageObject\",\"inLanguage\":\"fr-FR\",\"@id\":\"https:\/\/www.fuertehoteles.com\/fr\/destinations\/vacances-a-marbella\/excursions\/#primaryimage\",\"url\":\"https:\/\/www.fuertehoteles.com\/wp-content\/uploads\/2021\/11\/excursiones-en-marbella.jpg\",\"contentUrl\":\"https:\/\/www.fuertehoteles.com\/wp-content\/uploads\/2021\/11\/excursiones-en-marbella.jpg\",\"width\":1920,\"height\":540,\"caption\":\"Excursiones en Marbella\"},{\"@type\":\"BreadcrumbList\",\"@id\":\"https:\/\/www.fuertehoteles.com\/fr\/destinations\/vacances-a-marbella\/excursions\/#breadcrumb\",\"itemListElement\":[{\"@type\":\"ListItem\",\"position\":1,\"name\":\"Portada\",\"item\":\"https:\/\/www.fuertehoteles.com\/fr\/\"},{\"@type\":\"ListItem\",\"position\":2,\"name\":\"Nos Destinations\",\"item\":\"https:\/\/www.fuertehoteles.com\/fr\/destinations\/\"},{\"@type\":\"ListItem\",\"position\":3,\"name\":\"Marbella\",\"item\":\"https:\/\/www.fuertehoteles.com\/fr\/destinations\/vacances-a-marbella\/\"},{\"@type\":\"ListItem\",\"position\":4,\"name\":\"Excursions\"}]},{\"@type\":\"WebSite\",\"@id\":\"https:\/\/www.fuertehoteles.com\/#website\",\"url\":\"https:\/\/www.fuertehoteles.com\/\",\"name\":\"Fuerte Hoteles\",\"description\":\"\",\"publisher\":{\"@id\":\"https:\/\/www.fuertehoteles.com\/#organization\"},\"potentialAction\":[{\"@type\":\"SearchAction\",\"target\":{\"@type\":\"EntryPoint\",\"urlTemplate\":\"https:\/\/www.fuertehoteles.com\/?s={search_term_string}\"},\"query-input\":\"required name=search_term_string\"}],\"inLanguage\":\"fr-FR\"},{\"@type\":\"Organization\",\"@id\":\"https:\/\/www.fuertehoteles.com\/#organization\",\"name\":\"Fuerte Hoteles\",\"url\":\"https:\/\/www.fuertehoteles.com\/\",\"logo\":{\"@type\":\"ImageObject\",\"inLanguage\":\"fr-FR\",\"@id\":\"https:\/\/www.fuertehoteles.com\/#\/schema\/logo\/image\/\",\"url\":\"https:\/\/www.fuertehoteles.com\/wp-content\/uploads\/2022\/09\/logo-ffhh-1.jpg\",\"contentUrl\":\"https:\/\/www.fuertehoteles.com\/wp-content\/uploads\/2022\/09\/logo-ffhh-1.jpg\",\"width\":500,\"height\":500,\"caption\":\"Fuerte Hoteles\"},\"image\":{\"@id\":\"https:\/\/www.fuertehoteles.com\/#\/schema\/logo\/image\/\"},\"sameAs\":[\"https:\/\/www.facebook.com\/HotelesFuerte\",\"https:\/\/twitter.com\/fuertehoteles\",\"https:\/\/www.instagram.com\/fuertehoteles\/\",\"https:\/\/www.linkedin.com\/company\/fuerte-hoteles\/\",\"https:\/\/www.youtube.com\/user\/fuertehoteles\",\"https:\/\/en.wikipedia.org\/wiki\/Fuerte_Hotels\"]}]}<\/script>\n<!-- \/ Yoast SEO plugin. -->","yoast_head_json":{"title":"Tours locaux et Excursions \u00e0 Marbella, Costa del Sol","description":"Marbella offre de merveilleuses possibilit\u00e9s de visites, d'excursions et d'attractions pour tous, jetez un \u0153il ici. Guide des excursions \u00e0 Marbella.","robots":{"index":"index","follow":"follow","max-snippet":"max-snippet:-1","max-image-preview":"max-image-preview:large","max-video-preview":"max-video-preview:-1"},"canonical":"https:\/\/www.fuertehoteles.com\/fr\/destinations\/vacances-a-marbella\/excursions\/","og_locale":"fr_FR","og_type":"article","og_title":"Tours locaux et Excursions \u00e0 Marbella, Costa del Sol","og_description":"Marbella offre de merveilleuses possibilit\u00e9s de visites, d'excursions et d'attractions pour tous, jetez un \u0153il ici. Guide des excursions \u00e0 Marbella.","og_url":"https:\/\/www.fuertehoteles.com\/fr\/destinations\/vacances-a-marbella\/excursions\/","og_site_name":"Fuerte Hoteles","article_publisher":"https:\/\/www.facebook.com\/HotelesFuerte","article_modified_time":"2021-12-22T09:14:05+00:00","og_image":[{"width":1920,"height":540,"url":"https:\/\/www.fuertehoteles.com\/wp-content\/uploads\/2021\/11\/excursiones-en-marbella.jpg","type":"image\/jpeg"}],"twitter_card":"summary_large_image","twitter_site":"@fuertehoteles","twitter_misc":{"Dur\u00e9e de lecture estim\u00e9e":"8 minutes"},"schema":{"@context":"https:\/\/schema.org","@graph":[{"@type":"WebPage","@id":"https:\/\/www.fuertehoteles.com\/fr\/destinations\/vacances-a-marbella\/excursions\/","url":"https:\/\/www.fuertehoteles.com\/fr\/destinations\/vacances-a-marbella\/excursions\/","name":"Tours locaux et Excursions \u00e0 Marbella, Costa del Sol","isPartOf":{"@id":"https:\/\/www.fuertehoteles.com\/#website"},"primaryImageOfPage":{"@id":"https:\/\/www.fuertehoteles.com\/fr\/destinations\/vacances-a-marbella\/excursions\/#primaryimage"},"image":{"@id":"https:\/\/www.fuertehoteles.com\/fr\/destinations\/vacances-a-marbella\/excursions\/#primaryimage"},"thumbnailUrl":"https:\/\/www.fuertehoteles.com\/wp-content\/uploads\/2021\/11\/excursiones-en-marbella.jpg","datePublished":"2021-11-26T14:15:41+00:00","dateModified":"2021-12-22T09:14:05+00:00","description":"Marbella offre de merveilleuses possibilit\u00e9s de visites, d'excursions et d'attractions pour tous, jetez un \u0153il ici. Guide des excursions \u00e0 Marbella.","breadcrumb":{"@id":"https:\/\/www.fuertehoteles.com\/fr\/destinations\/vacances-a-marbella\/excursions\/#breadcrumb"},"inLanguage":"fr-FR","potentialAction":[{"@type":"ReadAction","target":["https:\/\/www.fuertehoteles.com\/fr\/destinations\/vacances-a-marbella\/excursions\/"]}]},{"@type":"ImageObject","inLanguage":"fr-FR","@id":"https:\/\/www.fuertehoteles.com\/fr\/destinations\/vacances-a-marbella\/excursions\/#primaryimage","url":"https:\/\/www.fuertehoteles.com\/wp-content\/uploads\/2021\/11\/excursiones-en-marbella.jpg","contentUrl":"https:\/\/www.fuertehoteles.com\/wp-content\/uploads\/2021\/11\/excursiones-en-marbella.jpg","width":1920,"height":540,"caption":"Excursiones en Marbella"},{"@type":"BreadcrumbList","@id":"https:\/\/www.fuertehoteles.com\/fr\/destinations\/vacances-a-marbella\/excursions\/#breadcrumb","itemListElement":[{"@type":"ListItem","position":1,"name":"Portada","item":"https:\/\/www.fuertehoteles.com\/fr\/"},{"@type":"ListItem","position":2,"name":"Nos Destinations","item":"https:\/\/www.fuertehoteles.com\/fr\/destinations\/"},{"@type":"ListItem","position":3,"name":"Marbella","item":"https:\/\/www.fuertehoteles.com\/fr\/destinations\/vacances-a-marbella\/"},{"@type":"ListItem","position":4,"name":"Excursions"}]},{"@type":"WebSite","@id":"https:\/\/www.fuertehoteles.com\/#website","url":"https:\/\/www.fuertehoteles.com\/","name":"Fuerte Hoteles","description":"","publisher":{"@id":"https:\/\/www.fuertehoteles.com\/#organization"},"potentialAction":[{"@type":"SearchAction","target":{"@type":"EntryPoint","urlTemplate":"https:\/\/www.fuertehoteles.com\/?s={search_term_string}"},"query-input":"required name=search_term_string"}],"inLanguage":"fr-FR"},{"@type":"Organization","@id":"https:\/\/www.fuertehoteles.com\/#organization","name":"Fuerte Hoteles","url":"https:\/\/www.fuertehoteles.com\/","logo":{"@type":"ImageObject","inLanguage":"fr-FR","@id":"https:\/\/www.fuertehoteles.com\/#\/schema\/logo\/image\/","url":"https:\/\/www.fuertehoteles.com\/wp-content\/uploads\/2022\/09\/logo-ffhh-1.jpg","contentUrl":"https:\/\/www.fuertehoteles.com\/wp-content\/uploads\/2022\/09\/logo-ffhh-1.jpg","width":500,"height":500,"caption":"Fuerte Hoteles"},"image":{"@id":"https:\/\/www.fuertehoteles.com\/#\/schema\/logo\/image\/"},"sameAs":["https:\/\/www.facebook.com\/HotelesFuerte","https:\/\/twitter.com\/fuertehoteles","https:\/\/www.instagram.com\/fuertehoteles\/","https:\/\/www.linkedin.com\/company\/fuerte-hoteles\/","https:\/\/www.youtube.com\/user\/fuertehoteles","https:\/\/en.wikipedia.org\/wiki\/Fuerte_Hotels"]}]}},"_links":{"self":[{"href":"https:\/\/www.fuertehoteles.com\/fr\/wp-json\/wp\/v2\/pages\/4851","targetHints":{"allow":["GET"]}}],"collection":[{"href":"https:\/\/www.fuertehoteles.com\/fr\/wp-json\/wp\/v2\/pages"}],"about":[{"href":"https:\/\/www.fuertehoteles.com\/fr\/wp-json\/wp\/v2\/types\/page"}],"author":[{"embeddable":true,"href":"https:\/\/www.fuertehoteles.com\/fr\/wp-json\/wp\/v2\/users\/6"}],"replies":[{"embeddable":true,"href":"https:\/\/www.fuertehoteles.com\/fr\/wp-json\/wp\/v2\/comments?post=4851"}],"version-history":[{"count":0,"href":"https:\/\/www.fuertehoteles.com\/fr\/wp-json\/wp\/v2\/pages\/4851\/revisions"}],"up":[{"embeddable":true,"href":"https:\/\/www.fuertehoteles.com\/fr\/wp-json\/wp\/v2\/pages\/4814"}],"wp:featuredmedia":[{"embeddable":true,"href":"https:\/\/www.fuertehoteles.com\/fr\/wp-json\/wp\/v2\/media\/1552"}],"wp:attachment":[{"href":"https:\/\/www.fuertehoteles.com\/fr\/wp-json\/wp\/v2\/media?parent=4851"}],"curies":[{"name":"wp","href":"https:\/\/api.w.org\/{rel}","templated":true}]}}