{"id":4869,"date":"2021-11-26T15:06:55","date_gmt":"2021-11-26T14:06:55","guid":{"rendered":"https:\/\/www.fuertehoteles.com\/nos-destinations\/vacances-a-marbella\/playas\/"},"modified":"2021-12-22T10:25:04","modified_gmt":"2021-12-22T09:25:04","slug":"plages","status":"publish","type":"page","link":"https:\/\/www.fuertehoteles.com\/fr\/destinations\/vacances-a-marbella\/plages\/","title":{"rendered":"Plages"},"content":{"rendered":"[vc_row][vc_column el_class=\u00a0\u00bbdestination-content\u00a0\u00bb][vc_column_text]\n<h1>Les meilleures plages de Marbella<\/h1>\n<p>Les plages de Marbella vous invitent \u00e0 profiter de la vie anim\u00e9e Marbellienne et de ses espaces naturistes qui offrent une intimit\u00e9, dans un microclimat privil\u00e9gi\u00e9 aux temp\u00e9ratures douces toute l\u2019ann\u00e9e. Avec ses 27 km de c\u00f4tes, choisissez quelle facette de la Costa del Sol vous souhaitez d\u00e9couvrir.<\/p>\n<p>Distances calcul\u00e9es depuis l\u2019<strong><a href=\"https:\/\/www.fuertehoteles.com\/fr\/hotel\/fuerte-marbella\/lhotel\/\">h\u00f4tel de plage Fuerte Marbella<\/a>.<\/strong><\/p>\n<h3>Plage de El Fuerte ou de V\u00e9nus (\u00e0 proximit\u00e9 des h\u00f4tels)<\/h3>\n<p>Plage urbaine disposant de bars de plage et d\u2019autres services, dont un acc\u00e8s adapt\u00e9 aux personnes \u00e0 mobilit\u00e9 r\u00e9duite. La plage El Fuerte de Marbella se situe juste devant nos h\u00f4tels de bord de mer. Il s\u2019agit d\u2019une zone anim\u00e9e entre le port de plaisance et le port de p\u00eache de Marbella avec un service de chaises longues.<\/p>\n<h3>Plage de la Fontanilla (\u00e0 5 min \u00e0 pied de l\u2019h\u00f4tel Fuerte Marbella)<\/h3>\n<p>Cette plage urbaine se trouve apr\u00e8s le port de plaisance de Marbella, elle est prot\u00e9g\u00e9e par des brise-lames et est \u00e9quip\u00e9e de douches, de transats et de bars de plage. On peut \u00e9galement y pratiquer des sports aquatiques.<\/p>\n<h3>Plage de la Bajadilla (\u00e0 5 min \u00e0 pied de l\u2019h\u00f4tel Fuerte Miramar)<\/h3>\n<p>La plage de la Bajadilla se situe \u00e0 proximit\u00e9 du port de p\u00eache de Marbella, c\u2019est une plage de 700 m de long, tr\u00e8s populaire et fr\u00e9quent\u00e9e par les familles. C\u2019est l\u2019endroit id\u00e9al pour passer une journ\u00e9e au soleil en s\u2019amusant.<\/p>\n<h3>Nikki Beach (\u00e0 10 min en voiture)<\/h3>\n<p>Retrouvez sur la plage de Marbella, le Club Nikki Beach mondialement c\u00e9l\u00e8bre pour son glamour, ses f\u00eates, ses \u00e9v\u00e8nements et les VIP riches et c\u00e9l\u00e8bres qui le fr\u00e9quentent. Profitez d\u2019une journ\u00e9e au bord de la piscine avec de la musique et une bouteille de champagne !<\/p>\n<h3>Puro Beach (\u00e0 10 min en voiture)<\/h3>\n<p>Pour ceux qui sont adeptes du concept Nikki Beach, d\u00e9couvrez la plage \u00ab Puro Beach \u00bb \u00e0 Marbella. C\u2019est un concept de plages priv\u00e9es modernes, celle de Marbella est pr\u00e9c\u00e9d\u00e9e d\u2019un centre commercial. C\u2019est l\u2019endroit id\u00e9al pour passer une journ\u00e9e festive sur la plage entre adultes.<\/p>\n<h3>Plage de Puerto Ban\u00fas (\u00e0 15 min en voiture)<\/h3>\n<p>C\u2019est une plage situ\u00e9e \u00e0 Puerto Ban\u00fas \u00e0 proximit\u00e9 du R\u00edo Verde, au sable fin et dor\u00e9. En raison de sa proximit\u00e9 avec le port de plaisance, elle dispose de services de grande qualit\u00e9 tels que des restaurants, des bars, des boutiques et autres commodit\u00e9s.<\/p>\n<h3>Plage Los Monteros (\u00e0 15 min en voiture)<\/h3>\n<p>C\u2019est une plage semi-urbaine avec des formations dunaires et tout un \u00e9ventail de services, dont des bars de plage et des douches. On y pratique des sports aquatiques tels que le windsurf en raison de sa forte houle. La plage Los Monteros est particuli\u00e8rement pris\u00e9e par les jeunes.<\/p>\n<h3>Plage de Cabopino (\u00e0 17 min en voiture)<\/h3>\n<p>Plage nudiste enclav\u00e9e dans un site dunaire prot\u00e9g\u00e9, \u00e0 proximit\u00e9 de Marbella et surnomm\u00e9 \u00ab Les Dunes d\u2019Artola \u00bb. Son sable est fin et dor\u00e9 et ses eaux sont claires, ce qui fait de ce site l\u2019endroit id\u00e9al pour profiter de la nature et pratiquer le naturisme.[\/vc_column_text][\/vc_column][\/vc_row]\n","protected":false},"excerpt":{"rendered":"<p>[vc_row][vc_column el_class=\u00a0\u00bbdestination-content\u00a0\u00bb][vc_column_text] Les meilleures plages de Marbella Les plages de Marbella vous invitent \u00e0 profiter de la vie anim\u00e9e Marbellienne et de ses espaces naturistes qui offrent une intimit\u00e9, dans un microclimat privil\u00e9gi\u00e9 aux temp\u00e9ratures douces toute l\u2019ann\u00e9e. Avec ses 27 km de c\u00f4tes, choisissez quelle facette de la Costa del Sol vous souhaitez d\u00e9couvrir.<\/p>\n","protected":false},"author":6,"featured_media":1536,"parent":4814,"menu_order":0,"comment_status":"closed","ping_status":"closed","template":"templates\/destination-subpages.php","meta":{"footnotes":""},"class_list":["post-4869","page","type-page","status-publish","hentry"],"yoast_head":"<!-- This site is optimized with the Yoast SEO plugin v22.4 - https:\/\/yoast.com\/wordpress\/plugins\/seo\/ -->\n<title>Plages de Marbella - Un guide des meilleures plages de Marbella<\/title>\n<meta name=\"description\" content=\"Plages o\u00f9 vous pourrez profiter de la vie anim\u00e9e de Marbella dans un microclimat privil\u00e9gi\u00e9 avec des temp\u00e9ratures chaudes toute l&#039;ann\u00e9e. Plages de Marbella.\" \/>\n<meta name=\"robots\" content=\"index, follow, max-snippet:-1, max-image-preview:large, max-video-preview:-1\" \/>\n<link rel=\"canonical\" href=\"https:\/\/www.fuertehoteles.com\/fr\/destinations\/vacances-a-marbella\/plages\/\" \/>\n<meta property=\"og:locale\" content=\"fr_FR\" \/>\n<meta property=\"og:type\" content=\"article\" \/>\n<meta property=\"og:title\" content=\"Plages de Marbella - Un guide des meilleures plages de Marbella\" \/>\n<meta property=\"og:description\" content=\"Plages o\u00f9 vous pourrez profiter de la vie anim\u00e9e de Marbella dans un microclimat privil\u00e9gi\u00e9 avec des temp\u00e9ratures chaudes toute l&#039;ann\u00e9e. Plages de Marbella.\" \/>\n<meta property=\"og:url\" content=\"https:\/\/www.fuertehoteles.com\/fr\/destinations\/vacances-a-marbella\/plages\/\" \/>\n<meta property=\"og:site_name\" content=\"Fuerte Hoteles\" \/>\n<meta property=\"article:publisher\" content=\"https:\/\/www.facebook.com\/HotelesFuerte\" \/>\n<meta property=\"article:modified_time\" content=\"2021-12-22T09:25:04+00:00\" \/>\n<meta property=\"og:image\" content=\"https:\/\/www.fuertehoteles.com\/wp-content\/uploads\/2021\/11\/marbella-playas.jpg\" \/>\n\t<meta property=\"og:image:width\" content=\"1920\" \/>\n\t<meta property=\"og:image:height\" content=\"540\" \/>\n\t<meta property=\"og:image:type\" content=\"image\/jpeg\" \/>\n<meta name=\"twitter:card\" content=\"summary_large_image\" \/>\n<meta name=\"twitter:site\" content=\"@fuertehoteles\" \/>\n<meta name=\"twitter:label1\" content=\"Dur\u00e9e de lecture estim\u00e9e\" \/>\n\t<meta name=\"twitter:data1\" content=\"3 minutes\" \/>\n<script type=\"application\/ld+json\" class=\"yoast-schema-graph\">{\"@context\":\"https:\/\/schema.org\",\"@graph\":[{\"@type\":\"WebPage\",\"@id\":\"https:\/\/www.fuertehoteles.com\/fr\/destinations\/vacances-a-marbella\/plages\/\",\"url\":\"https:\/\/www.fuertehoteles.com\/fr\/destinations\/vacances-a-marbella\/plages\/\",\"name\":\"Plages de Marbella - Un guide des meilleures plages de Marbella\",\"isPartOf\":{\"@id\":\"https:\/\/www.fuertehoteles.com\/#website\"},\"primaryImageOfPage\":{\"@id\":\"https:\/\/www.fuertehoteles.com\/fr\/destinations\/vacances-a-marbella\/plages\/#primaryimage\"},\"image\":{\"@id\":\"https:\/\/www.fuertehoteles.com\/fr\/destinations\/vacances-a-marbella\/plages\/#primaryimage\"},\"thumbnailUrl\":\"https:\/\/www.fuertehoteles.com\/wp-content\/uploads\/2021\/11\/marbella-playas.jpg\",\"datePublished\":\"2021-11-26T14:06:55+00:00\",\"dateModified\":\"2021-12-22T09:25:04+00:00\",\"description\":\"Plages o\u00f9 vous pourrez profiter de la vie anim\u00e9e de Marbella dans un microclimat privil\u00e9gi\u00e9 avec des temp\u00e9ratures chaudes toute l'ann\u00e9e. Plages de Marbella.\",\"breadcrumb\":{\"@id\":\"https:\/\/www.fuertehoteles.com\/fr\/destinations\/vacances-a-marbella\/plages\/#breadcrumb\"},\"inLanguage\":\"fr-FR\",\"potentialAction\":[{\"@type\":\"ReadAction\",\"target\":[\"https:\/\/www.fuertehoteles.com\/fr\/destinations\/vacances-a-marbella\/plages\/\"]}]},{\"@type\":\"ImageObject\",\"inLanguage\":\"fr-FR\",\"@id\":\"https:\/\/www.fuertehoteles.com\/fr\/destinations\/vacances-a-marbella\/plages\/#primaryimage\",\"url\":\"https:\/\/www.fuertehoteles.com\/wp-content\/uploads\/2021\/11\/marbella-playas.jpg\",\"contentUrl\":\"https:\/\/www.fuertehoteles.com\/wp-content\/uploads\/2021\/11\/marbella-playas.jpg\",\"width\":1920,\"height\":540,\"caption\":\"Playas de Marbella\"},{\"@type\":\"BreadcrumbList\",\"@id\":\"https:\/\/www.fuertehoteles.com\/fr\/destinations\/vacances-a-marbella\/plages\/#breadcrumb\",\"itemListElement\":[{\"@type\":\"ListItem\",\"position\":1,\"name\":\"Portada\",\"item\":\"https:\/\/www.fuertehoteles.com\/fr\/\"},{\"@type\":\"ListItem\",\"position\":2,\"name\":\"Nos Destinations\",\"item\":\"https:\/\/www.fuertehoteles.com\/fr\/destinations\/\"},{\"@type\":\"ListItem\",\"position\":3,\"name\":\"Marbella\",\"item\":\"https:\/\/www.fuertehoteles.com\/fr\/destinations\/vacances-a-marbella\/\"},{\"@type\":\"ListItem\",\"position\":4,\"name\":\"Plages\"}]},{\"@type\":\"WebSite\",\"@id\":\"https:\/\/www.fuertehoteles.com\/#website\",\"url\":\"https:\/\/www.fuertehoteles.com\/\",\"name\":\"Fuerte Hoteles\",\"description\":\"\",\"publisher\":{\"@id\":\"https:\/\/www.fuertehoteles.com\/#organization\"},\"potentialAction\":[{\"@type\":\"SearchAction\",\"target\":{\"@type\":\"EntryPoint\",\"urlTemplate\":\"https:\/\/www.fuertehoteles.com\/?s={search_term_string}\"},\"query-input\":\"required name=search_term_string\"}],\"inLanguage\":\"fr-FR\"},{\"@type\":\"Organization\",\"@id\":\"https:\/\/www.fuertehoteles.com\/#organization\",\"name\":\"Fuerte Hoteles\",\"url\":\"https:\/\/www.fuertehoteles.com\/\",\"logo\":{\"@type\":\"ImageObject\",\"inLanguage\":\"fr-FR\",\"@id\":\"https:\/\/www.fuertehoteles.com\/#\/schema\/logo\/image\/\",\"url\":\"https:\/\/www.fuertehoteles.com\/wp-content\/uploads\/2022\/09\/logo-ffhh-1.jpg\",\"contentUrl\":\"https:\/\/www.fuertehoteles.com\/wp-content\/uploads\/2022\/09\/logo-ffhh-1.jpg\",\"width\":500,\"height\":500,\"caption\":\"Fuerte Hoteles\"},\"image\":{\"@id\":\"https:\/\/www.fuertehoteles.com\/#\/schema\/logo\/image\/\"},\"sameAs\":[\"https:\/\/www.facebook.com\/HotelesFuerte\",\"https:\/\/twitter.com\/fuertehoteles\",\"https:\/\/www.instagram.com\/fuertehoteles\/\",\"https:\/\/www.linkedin.com\/company\/fuerte-hoteles\/\",\"https:\/\/www.youtube.com\/user\/fuertehoteles\",\"https:\/\/en.wikipedia.org\/wiki\/Fuerte_Hotels\"]}]}<\/script>\n<!-- \/ Yoast SEO plugin. -->","yoast_head_json":{"title":"Plages de Marbella - Un guide des meilleures plages de Marbella","description":"Plages o\u00f9 vous pourrez profiter de la vie anim\u00e9e de Marbella dans un microclimat privil\u00e9gi\u00e9 avec des temp\u00e9ratures chaudes toute l'ann\u00e9e. Plages de Marbella.","robots":{"index":"index","follow":"follow","max-snippet":"max-snippet:-1","max-image-preview":"max-image-preview:large","max-video-preview":"max-video-preview:-1"},"canonical":"https:\/\/www.fuertehoteles.com\/fr\/destinations\/vacances-a-marbella\/plages\/","og_locale":"fr_FR","og_type":"article","og_title":"Plages de Marbella - Un guide des meilleures plages de Marbella","og_description":"Plages o\u00f9 vous pourrez profiter de la vie anim\u00e9e de Marbella dans un microclimat privil\u00e9gi\u00e9 avec des temp\u00e9ratures chaudes toute l'ann\u00e9e. Plages de Marbella.","og_url":"https:\/\/www.fuertehoteles.com\/fr\/destinations\/vacances-a-marbella\/plages\/","og_site_name":"Fuerte Hoteles","article_publisher":"https:\/\/www.facebook.com\/HotelesFuerte","article_modified_time":"2021-12-22T09:25:04+00:00","og_image":[{"width":1920,"height":540,"url":"https:\/\/www.fuertehoteles.com\/wp-content\/uploads\/2021\/11\/marbella-playas.jpg","type":"image\/jpeg"}],"twitter_card":"summary_large_image","twitter_site":"@fuertehoteles","twitter_misc":{"Dur\u00e9e de lecture estim\u00e9e":"3 minutes"},"schema":{"@context":"https:\/\/schema.org","@graph":[{"@type":"WebPage","@id":"https:\/\/www.fuertehoteles.com\/fr\/destinations\/vacances-a-marbella\/plages\/","url":"https:\/\/www.fuertehoteles.com\/fr\/destinations\/vacances-a-marbella\/plages\/","name":"Plages de Marbella - Un guide des meilleures plages de Marbella","isPartOf":{"@id":"https:\/\/www.fuertehoteles.com\/#website"},"primaryImageOfPage":{"@id":"https:\/\/www.fuertehoteles.com\/fr\/destinations\/vacances-a-marbella\/plages\/#primaryimage"},"image":{"@id":"https:\/\/www.fuertehoteles.com\/fr\/destinations\/vacances-a-marbella\/plages\/#primaryimage"},"thumbnailUrl":"https:\/\/www.fuertehoteles.com\/wp-content\/uploads\/2021\/11\/marbella-playas.jpg","datePublished":"2021-11-26T14:06:55+00:00","dateModified":"2021-12-22T09:25:04+00:00","description":"Plages o\u00f9 vous pourrez profiter de la vie anim\u00e9e de Marbella dans un microclimat privil\u00e9gi\u00e9 avec des temp\u00e9ratures chaudes toute l'ann\u00e9e. Plages de Marbella.","breadcrumb":{"@id":"https:\/\/www.fuertehoteles.com\/fr\/destinations\/vacances-a-marbella\/plages\/#breadcrumb"},"inLanguage":"fr-FR","potentialAction":[{"@type":"ReadAction","target":["https:\/\/www.fuertehoteles.com\/fr\/destinations\/vacances-a-marbella\/plages\/"]}]},{"@type":"ImageObject","inLanguage":"fr-FR","@id":"https:\/\/www.fuertehoteles.com\/fr\/destinations\/vacances-a-marbella\/plages\/#primaryimage","url":"https:\/\/www.fuertehoteles.com\/wp-content\/uploads\/2021\/11\/marbella-playas.jpg","contentUrl":"https:\/\/www.fuertehoteles.com\/wp-content\/uploads\/2021\/11\/marbella-playas.jpg","width":1920,"height":540,"caption":"Playas de Marbella"},{"@type":"BreadcrumbList","@id":"https:\/\/www.fuertehoteles.com\/fr\/destinations\/vacances-a-marbella\/plages\/#breadcrumb","itemListElement":[{"@type":"ListItem","position":1,"name":"Portada","item":"https:\/\/www.fuertehoteles.com\/fr\/"},{"@type":"ListItem","position":2,"name":"Nos Destinations","item":"https:\/\/www.fuertehoteles.com\/fr\/destinations\/"},{"@type":"ListItem","position":3,"name":"Marbella","item":"https:\/\/www.fuertehoteles.com\/fr\/destinations\/vacances-a-marbella\/"},{"@type":"ListItem","position":4,"name":"Plages"}]},{"@type":"WebSite","@id":"https:\/\/www.fuertehoteles.com\/#website","url":"https:\/\/www.fuertehoteles.com\/","name":"Fuerte Hoteles","description":"","publisher":{"@id":"https:\/\/www.fuertehoteles.com\/#organization"},"potentialAction":[{"@type":"SearchAction","target":{"@type":"EntryPoint","urlTemplate":"https:\/\/www.fuertehoteles.com\/?s={search_term_string}"},"query-input":"required name=search_term_string"}],"inLanguage":"fr-FR"},{"@type":"Organization","@id":"https:\/\/www.fuertehoteles.com\/#organization","name":"Fuerte Hoteles","url":"https:\/\/www.fuertehoteles.com\/","logo":{"@type":"ImageObject","inLanguage":"fr-FR","@id":"https:\/\/www.fuertehoteles.com\/#\/schema\/logo\/image\/","url":"https:\/\/www.fuertehoteles.com\/wp-content\/uploads\/2022\/09\/logo-ffhh-1.jpg","contentUrl":"https:\/\/www.fuertehoteles.com\/wp-content\/uploads\/2022\/09\/logo-ffhh-1.jpg","width":500,"height":500,"caption":"Fuerte Hoteles"},"image":{"@id":"https:\/\/www.fuertehoteles.com\/#\/schema\/logo\/image\/"},"sameAs":["https:\/\/www.facebook.com\/HotelesFuerte","https:\/\/twitter.com\/fuertehoteles","https:\/\/www.instagram.com\/fuertehoteles\/","https:\/\/www.linkedin.com\/company\/fuerte-hoteles\/","https:\/\/www.youtube.com\/user\/fuertehoteles","https:\/\/en.wikipedia.org\/wiki\/Fuerte_Hotels"]}]}},"_links":{"self":[{"href":"https:\/\/www.fuertehoteles.com\/fr\/wp-json\/wp\/v2\/pages\/4869","targetHints":{"allow":["GET"]}}],"collection":[{"href":"https:\/\/www.fuertehoteles.com\/fr\/wp-json\/wp\/v2\/pages"}],"about":[{"href":"https:\/\/www.fuertehoteles.com\/fr\/wp-json\/wp\/v2\/types\/page"}],"author":[{"embeddable":true,"href":"https:\/\/www.fuertehoteles.com\/fr\/wp-json\/wp\/v2\/users\/6"}],"replies":[{"embeddable":true,"href":"https:\/\/www.fuertehoteles.com\/fr\/wp-json\/wp\/v2\/comments?post=4869"}],"version-history":[{"count":0,"href":"https:\/\/www.fuertehoteles.com\/fr\/wp-json\/wp\/v2\/pages\/4869\/revisions"}],"up":[{"embeddable":true,"href":"https:\/\/www.fuertehoteles.com\/fr\/wp-json\/wp\/v2\/pages\/4814"}],"wp:featuredmedia":[{"embeddable":true,"href":"https:\/\/www.fuertehoteles.com\/fr\/wp-json\/wp\/v2\/media\/1536"}],"wp:attachment":[{"href":"https:\/\/www.fuertehoteles.com\/fr\/wp-json\/wp\/v2\/media?parent=4869"}],"curies":[{"name":"wp","href":"https:\/\/api.w.org\/{rel}","templated":true}]}}