{"id":5250,"date":"2021-12-03T11:22:55","date_gmt":"2021-12-03T10:22:55","guid":{"rendered":"https:\/\/www.fuertehoteles.com\/hotel-fuerte-grazalema\/exclusive\/"},"modified":"2024-06-05T08:43:28","modified_gmt":"2024-06-05T06:43:28","slug":"exclusive","status":"publish","type":"page","link":"https:\/\/www.fuertehoteles.com\/fr\/hotel-fuerte-grazalema\/exclusive\/","title":{"rendered":"Exclusive"},"content":{"rendered":"[vc_section full_width=\u00a0\u00bbstretch_row\u00a0\u00bb css_animation=\u00a0\u00bbnone\u00a0\u00bb css=\u00a0\u00bb.vc_custom_1612343650561{background-position: center !important;background-repeat: no-repeat !important;background-size: cover !important;}\u00a0\u00bb][vc_row full_width=\u00a0\u00bbstretch_row_content_no_spaces\u00a0\u00bb equal_height=\u00a0\u00bbyes\u00a0\u00bb content_placement=\u00a0\u00bbmiddle\u00a0\u00bb css_animation=\u00a0\u00bbnone\u00a0\u00bb el_class=\u00a0\u00bbfh-exclusive-row\u00a0\u00bb][vc_column width=\u00a0\u00bb1\/2&Prime; css=\u00a0\u00bb.vc_custom_1641305783809{background-image: url(https:\/\/www.fuertehoteles.com\/wp-content\/uploads\/2021\/12\/fg-exclusive-main.jpg?id=3533) !important;background-position: center !important;background-repeat: no-repeat !important;background-size: cover !important;}\u00a0\u00bb el_class=\u00a0\u00bbfh-exclusive-image\u00a0\u00bb][vc_empty_space height=\u00a0\u00bb0&Prime; el_class=\u00a0\u00bbfh-exclusive-emblem\u00a0\u00bb][vc_single_image image=\u00a0\u00bb3533&Prime; img_size=\u00a0\u00bbfull\u00a0\u00bb alignment=\u00a0\u00bbcenter\u00a0\u00bb el_class=\u00a0\u00bbonly-mobile\u00a0\u00bb][vc_column_text el_class=\u00a0\u00bbfh-button-gallery-icon to-right\u00a0\u00bb]<a id=\"fg-exclusive\" class=\"open_gallery\" href=\"#\"><span class=\"fh-button-gallery-icon-text\">Ver galer\u00eda<\/span><\/a>[\/vc_column_text][vc_column_text]<span class=\"rl-gallery-container rl-loading\" id=\"rl-gallery-container-1\" data-gallery_id=\"3535\"> <span class=\"rl-gallery rl-hidden-gallery rl-hidden-text \" id=\"rl-gallery-1\" data-gallery_no=\"1\"><a href=\"https:\/\/www.fuertehoteles.com\/wp-content\/uploads\/2021\/12\/fg-exclusive-main-1.jpg\" class=\"fg-exclusive rl-gallery-link\" title=\"\" data-rl_title=\"\" data-rl_caption=\"\" data-rel=\"lightbox-gallery-1\">Gallery<img decoding=\"async\" src=\"https:\/\/www.fuertehoteles.com\/wp-content\/uploads\/2021\/12\/fg-exclusive-main-1-300x236.jpg\" alt=\"\" style=\"display: none;\" \/><\/a> <a href=\"https:\/\/www.fuertehoteles.com\/wp-content\/uploads\/2021\/12\/exclusive-03-2.jpg\" title=\"\" data-rl_title=\"\" class=\"rl-gallery-link\" data-rl_caption=\"\" data-rel=\"lightbox-gallery-1\" style=\"display: none;\"><img decoding=\"async\" src=\"https:\/\/www.fuertehoteles.com\/wp-content\/uploads\/2021\/12\/exclusive-03-2-300x169.jpg\" width=\"300\" height=\"169\" \/><span class=\"rl-gallery-caption\"><span class=\"rl-gallery-item-title\">exclusive-03<\/span><\/span><\/a><a href=\"https:\/\/www.fuertehoteles.com\/wp-content\/uploads\/2021\/12\/exclusive-02-2.jpg\" title=\"\" data-rl_title=\"\" class=\"rl-gallery-link\" data-rl_caption=\"\" data-rel=\"lightbox-gallery-1\" style=\"display: none;\"><img decoding=\"async\" src=\"https:\/\/www.fuertehoteles.com\/wp-content\/uploads\/2021\/12\/exclusive-02-2-300x169.jpg\" width=\"300\" height=\"169\" \/><span class=\"rl-gallery-caption\"><span class=\"rl-gallery-item-title\">exclusive-02<\/span><\/span><\/a> <\/span> <\/span>[\/vc_column_text][\/vc_column][vc_column width=\u00a0\u00bb1\/2&Prime; el_class=\u00a0\u00bbfh-exclusive-content\u00a0\u00bb][vc_column_text css_animation=\u00a0\u00bbfadeInUp\u00a0\u00bb el_class=\u00a0\u00bbfh-exclusive-content-supertitle\u00a0\u00bb]\n<p style=\"text-align: right;\">EXCLUSIVE<\/p>\n[\/vc_column_text][vc_column_text css_animation=\u00a0\u00bbfadeInUp\u00a0\u00bb el_class=\u00a0\u00bbfh-exclusive-content-title\u00a0\u00bb]\n<h3 style=\"text-align: right;\">Une exp\u00e9rience incomparable<\/h3>\n[\/vc_column_text][vc_column_text css_animation=\u00a0\u00bbfadeInUp\u00a0\u00bb el_class=\u00a0\u00bbfh-exclusive-content-divider\u00a0\u00bb]\n<hr class=\"separator_2c\" \/>\n[\/vc_column_text][vc_column_text css_animation=\u00a0\u00bbfadeInUp\u00a0\u00bb el_class=\u00a0\u00bbfh-exclusive-content-text\u00a0\u00bb]\n<p class=\"p1\" style=\"text-align: right;\">Appr\u00e9ciez de la sensation d\u2019\u00eatre un membre Exclusive chez <strong>l\u2019emplacement privil\u00e9gi\u00e9<\/strong> de <strong>Fuerte Grazalema<\/strong> reposez-vous en pleine nature \u00e0 quelques kilom\u00e8tres de <strong>Ronda<\/strong> au c\u0153ur du parc naturel de la <strong>Sierra de Grazalema<\/strong>.<\/p>\n[\/vc_column_text][vc_empty_space height=\u00a0\u00bb25px\u00a0\u00bb][vc_column_text el_class=\u00a0\u00bbfh-button\u00a0\u00bb el_id=\u00a0\u00bbexclusive-in-room\u00a0\u00bb]\n<p style=\"text-align: right;\"><a href=\"#\">VOIR LES D\u00c9TAILS<\/a><\/p>\n[\/vc_column_text]<div id=\"modal-trg-txt-wrap-5573\" class=\"ult-modal-input-wrapper ult-adjust-bottom-margin    \" data-keypress-control=\"keypress-control-enable\" data-overlay-control=\"overlay-control-enable\"><span data-class-id=\"content-69d02f831ada35-45504877\"><\/span>\r\n\t\t\t\t<script type=\"text\/javascript\">\r\n\t\t\t\t(function($){\r\n\t\t\t\t\t$(document).ready(function(){\r\n\t\t\t\t\t\tvar selector = \"#exclusive-in-room\";\r\n\t\t\t\t\t\t$(selector).addClass(\"custom-ult-modal overlay-show\");\r\n\t\t\t\t\t\t$(selector).attr(\"data-class-id\", \"content-69d02f831ada35-45504877\");\r\n\t\t\t\t\t\t$(selector).attr(\"data-overlay-class\", \"overlay-slideup\");\r\n\t\t\t\t\t\t$(selector).attr(\"data-keypress-control\", \"keypress-control-enable\");\r\n\t\t\t\t\t\t$(selector).attr(\"data-overlay-control\", \"overlay-control-enable\");\r\n\t\t\t\t\t});\r\n\t\t\t\t})(jQuery);\r\n\t\t\t\t<\/script><\/div>\n<div class=\"ult-overlay content-69d02f831ada35-45504877 fh-exclusive-modal-content\" data-class=\"content-69d02f831ada35-45504877\" id=\"button-click-overlay\" style=\"background:rgba(51,51,51,0.8); display:none;\">\n\t<div class=\"ult_modal ult-fade ult-medium\">\n\t\t<div id=\"ult-modal-wrap-3101\" class=\"ult_modal-content ult-hide\" style=\"border-style:solid;border-width:2px;border-radius:0px;border-color:#333333;\">\n\t\t\t<div class=\"ult_modal-header\" style=\"background:#7fbc03;color:#ffffff;border-color:#333333;\">\n\t\t\t\t<h3  data-ultimate-target='#ult-modal-wrap-3101 .ult_modal-title'  data-responsive-json-new='{\"font-size\":\"\",\"line-height\":\"\"}'  class=\"ult_modal-title ult-responsive\">Chambre<\/h3>\n\t\t\t<\/div>\n\t\t\t<div  data-ultimate-target='#ult-modal-wrap-3101 .ult_modal-body'  data-responsive-json-new='{\"font-size\":\"\",\"line-height\":\"\"}'  class=\"ult_modal-body ult-responsive ult-html\" style=\"\">\n\t\t\t\n<ul>\n<li>Lit avec un confort maximal (Pillow Top)<\/li>\n<li>Wi-Fi<\/li>\n<li>Late check-out gratuit (en fonction des disponibilit\u00e9s)<\/li>\n<li>TV 42 pouces LED avec diff\u00e9rentes connexions<\/li>\n<li>Cadeau de bienvenue<\/li>\n<li>Cafeti\u00e8re (Nespresso)<\/li>\n<li>Peignoir, chaussons, serviettes pour la piscine et produits de courtoisie<\/li>\n<li>Coffre-fort gratuit<\/li>\n<li>Minibar Vip<\/li>\n<\/ul>\n\n\t\t\t<\/div>\n\t<\/div>\n\t<\/div>\n\t<div class=\"ult-overlay-close top-right\" style=\"width:22px;height:22px; \"><div class=\"ult-overlay-close-inside\">Close<\/div><\/div>\n<\/div>[\/vc_column][\/vc_row][vc_row full_width=\u00a0\u00bbstretch_row\u00a0\u00bb css=\u00a0\u00bb.vc_custom_1641305712044{background: #f5f7f0 url(https:\/\/www.fuertehoteles.com\/wp-content\/uploads\/2021\/12\/bg-ffhh.jpg?id=2283) !important;background-position: center !important;background-repeat: no-repeat !important;background-size: cover !important;}\u00a0\u00bb el_class=\u00a0\u00bbfh-exclusive-services-row\u00a0\u00bb][vc_column][vc_custom_heading text=\u00a0\u00bbService Exclusive\u00a0\u00bb font_container=\u00a0\u00bbtag:h3|text_align:center\u00a0\u00bb use_theme_fonts=\u00a0\u00bbyes\u00a0\u00bb][vc_empty_space height=\u00a0\u00bb20px\u00a0\u00bb][vc_column_text css_animation=\u00a0\u00bbnone\u00a0\u00bb el_class=\u00a0\u00bbfh-exclusive-divider\u00a0\u00bb]\n<hr \/>\n[\/vc_column_text][vc_empty_space height=\u00a0\u00bb40px\u00a0\u00bb][vc_row_inner equal_height=\u00a0\u00bbyes\u00a0\u00bb content_placement=\u00a0\u00bbmiddle\u00a0\u00bb][vc_column_inner offset=\u00a0\u00bbvc_col-lg-6 vc_col-md-6&Prime;][vc_column_text]\n<ul>\n<li>2 heures de salles de r\u00e9unions (en fonction des disponibilit\u00e9s)<\/li>\n<\/ul>\n<p><em>* Afin de profiter du service Exclusive, il est n\u00e9cessaire de r\u00e9server la chambre suivant: Exclusive Double avec vue sur Grazalema.<\/em>[\/vc_column_text][\/vc_column_inner][vc_column_inner offset=\u00a0\u00bbvc_col-lg-6 vc_col-md-6&Prime;][vc_empty_space]<div class=\"mpc-carousel__wrapper mpc-waypoint\"><div id=\"mpc_carousel_image-2569d02f831ae60\" class=\"mpc-carousel-image mpc-init mpc-layout--classic mpc-effect--none fh-exclusive-services-slider\"  data-mpcslick='{\"infinite\":true,\"autoplay\":true,\"slidesToShow\":1,\"slidesToScroll\":1,\"centerMode\":false,\"initialSlide\":0,\"autoplaySpeed\":2000,\"fade\":true,\"speed\":500}' data-slick-cols=\"1\"><div target=\"\"class=\"mpc-carousel__item-wrapper\" data-height=\"768\"><div onclick=\"\" class=\"mpc-item mpc-transition\"><div class=\"mpc-border\"><\/div><img decoding=\"async\" width=\"1440\" height=\"1080\" src=\"https:\/\/www.fuertehoteles.com\/wp-content\/uploads\/2021\/12\/fg-exclusive-03.jpg\" class=\"mpc-transition attachment-full\" alt=\"\" srcset=\"https:\/\/www.fuertehoteles.com\/wp-content\/uploads\/2021\/12\/fg-exclusive-03.jpg 1440w, https:\/\/www.fuertehoteles.com\/wp-content\/uploads\/2021\/12\/fg-exclusive-03-300x225.jpg 300w, https:\/\/www.fuertehoteles.com\/wp-content\/uploads\/2021\/12\/fg-exclusive-03-1024x768.jpg 1024w, https:\/\/www.fuertehoteles.com\/wp-content\/uploads\/2021\/12\/fg-exclusive-03-768x576.jpg 768w\" sizes=\"(max-width: 1440px) 100vw, 1440px\" \/><\/div><\/div><div target=\"\"class=\"mpc-carousel__item-wrapper\" data-height=\"768\"><div onclick=\"\" class=\"mpc-item mpc-transition\"><div class=\"mpc-border\"><\/div><img decoding=\"async\" width=\"1440\" height=\"1080\" src=\"https:\/\/www.fuertehoteles.com\/wp-content\/uploads\/2021\/12\/fg-exclusive-02.jpg\" class=\"mpc-transition attachment-full\" alt=\"\" srcset=\"https:\/\/www.fuertehoteles.com\/wp-content\/uploads\/2021\/12\/fg-exclusive-02.jpg 1440w, https:\/\/www.fuertehoteles.com\/wp-content\/uploads\/2021\/12\/fg-exclusive-02-300x225.jpg 300w, https:\/\/www.fuertehoteles.com\/wp-content\/uploads\/2021\/12\/fg-exclusive-02-1024x768.jpg 1024w, https:\/\/www.fuertehoteles.com\/wp-content\/uploads\/2021\/12\/fg-exclusive-02-768x576.jpg 768w\" sizes=\"(max-width: 1440px) 100vw, 1440px\" \/><\/div><\/div><div target=\"\"class=\"mpc-carousel__item-wrapper\" data-height=\"768\"><div onclick=\"\" class=\"mpc-item mpc-transition\"><div class=\"mpc-border\"><\/div><img decoding=\"async\" width=\"1440\" height=\"1080\" src=\"https:\/\/www.fuertehoteles.com\/wp-content\/uploads\/2021\/12\/fg-exclusive-01.jpg\" class=\"mpc-transition attachment-full\" alt=\"\" srcset=\"https:\/\/www.fuertehoteles.com\/wp-content\/uploads\/2021\/12\/fg-exclusive-01.jpg 1440w, https:\/\/www.fuertehoteles.com\/wp-content\/uploads\/2021\/12\/fg-exclusive-01-300x225.jpg 300w, https:\/\/www.fuertehoteles.com\/wp-content\/uploads\/2021\/12\/fg-exclusive-01-1024x768.jpg 1024w, https:\/\/www.fuertehoteles.com\/wp-content\/uploads\/2021\/12\/fg-exclusive-01-768x576.jpg 768w\" sizes=\"(max-width: 1440px) 100vw, 1440px\" \/><\/div><\/div><\/div><div class=\"mpc-navigation mpc-init mpc-align--right mpc-navigation--style_1  mpc-nav-preset--default\" data-mpcslider=\"mpc_carousel_image-2569d02f831ae60\"><div class=\"mpc-nav__arrow mpcslick-prev\"><div class=\"mpc-nav__icon mpc-transition\"><i class=\" eti eti_arrow_carrot-left\"><div class=\"mpc-nav__background mpc-transition mpc-effect-type--slide mpc-effect-side--top\"><\/div><\/i><\/div><\/div><div class=\"mpc-nav__arrow mpcslick-next\"><div class=\"mpc-nav__icon mpc-transition\"><i class=\" eti eti_arrow_carrot-right\"><div class=\"mpc-nav__background mpc-transition mpc-effect-type--slide mpc-effect-side--top\"><\/div><\/i><\/div><\/div><\/div><\/div>[\/vc_column_inner][\/vc_row_inner][vc_empty_space height=\u00a0\u00bb200px\u00a0\u00bb][\/vc_column][\/vc_row][\/vc_section]\n","protected":false},"excerpt":{"rendered":"<p>[vc_section full_width=\u00a0\u00bbstretch_row\u00a0\u00bb css_animation=\u00a0\u00bbnone\u00a0\u00bb css=\u00a0\u00bb.vc_custom_1612343650561{background-position: center !important;background-repeat: no-repeat !important;background-size: cover !important;}\u00a0\u00bb][vc_row full_width=\u00a0\u00bbstretch_row_content_no_spaces\u00a0\u00bb equal_height=\u00a0\u00bbyes\u00a0\u00bb content_placement=\u00a0\u00bbmiddle\u00a0\u00bb css_animation=\u00a0\u00bbnone\u00a0\u00bb el_class=\u00a0\u00bbfh-exclusive-row\u00a0\u00bb][vc_column width=\u00a0\u00bb1\/2&Prime; css=\u00a0\u00bb.vc_custom_1641305783809{background-image: url(https:\/\/www.fuertehoteles.com\/wp-content\/uploads\/2021\/12\/fg-exclusive-main.jpg?id=3533) !important;background-position: center !important;background-repeat: no-repeat !important;background-size: cover !important;}\u00a0\u00bb el_class=\u00a0\u00bbfh-exclusive-image\u00a0\u00bb][vc_empty_space height=\u00a0\u00bb0&Prime; el_class=\u00a0\u00bbfh-exclusive-emblem\u00a0\u00bb][vc_single_image image=\u00a0\u00bb3533&Prime; img_size=\u00a0\u00bbfull\u00a0\u00bb alignment=\u00a0\u00bbcenter\u00a0\u00bb el_class=\u00a0\u00bbonly-mobile\u00a0\u00bb][vc_column_text el_class=\u00a0\u00bbfh-button-gallery-icon to-right\u00a0\u00bb]Ver galer\u00eda[\/vc_column_text][vc_column_text][\/vc_column_text][\/vc_column][vc_column width=\u00a0\u00bb1\/2&Prime; el_class=\u00a0\u00bbfh-exclusive-content\u00a0\u00bb][vc_column_text css_animation=\u00a0\u00bbfadeInUp\u00a0\u00bb el_class=\u00a0\u00bbfh-exclusive-content-supertitle\u00a0\u00bb] EXCLUSIVE [\/vc_column_text][vc_column_text css_animation=\u00a0\u00bbfadeInUp\u00a0\u00bb el_class=\u00a0\u00bbfh-exclusive-content-title\u00a0\u00bb] Une exp\u00e9rience incomparable [\/vc_column_text][vc_column_text css_animation=\u00a0\u00bbfadeInUp\u00a0\u00bb el_class=\u00a0\u00bbfh-exclusive-content-divider\u00a0\u00bb] [\/vc_column_text][vc_column_text css_animation=\u00a0\u00bbfadeInUp\u00a0\u00bb el_class=\u00a0\u00bbfh-exclusive-content-text\u00a0\u00bb] Appr\u00e9ciez de la<\/p>\n","protected":false},"author":6,"featured_media":3517,"parent":4359,"menu_order":0,"comment_status":"closed","ping_status":"closed","template":"templates\/hotel-exclusive.php","meta":{"footnotes":""},"class_list":["post-5250","page","type-page","status-publish","hentry"],"yoast_head":"<!-- This site is optimized with the Yoast SEO plugin v22.4 - https:\/\/yoast.com\/wordpress\/plugins\/seo\/ -->\n<title>Service Exclusive, H\u00f4tel Fuerte Grazalema, Andalucia.<\/title>\n<meta name=\"description\" content=\"Dot\u00e9 d\u00b4\u00c9l\u00e9gance et de luxe avec un service exceptionnel de plus de 60 ans d&#039;exp\u00e9rience. Service Exclusive H\u00f4tel Fuerte Grazalema, Andalucia.\" \/>\n<meta name=\"robots\" content=\"index, follow, max-snippet:-1, max-image-preview:large, max-video-preview:-1\" \/>\n<link rel=\"canonical\" href=\"https:\/\/www.fuertehoteles.com\/fr\/hotel-fuerte-grazalema\/exclusive\/\" \/>\n<meta property=\"og:locale\" content=\"fr_FR\" \/>\n<meta property=\"og:type\" content=\"article\" \/>\n<meta property=\"og:title\" content=\"Service Exclusive, H\u00f4tel Fuerte Grazalema, Andalucia.\" \/>\n<meta property=\"og:description\" content=\"Dot\u00e9 d\u00b4\u00c9l\u00e9gance et de luxe avec un service exceptionnel de plus de 60 ans d&#039;exp\u00e9rience. Service Exclusive H\u00f4tel Fuerte Grazalema, Andalucia.\" \/>\n<meta property=\"og:url\" content=\"https:\/\/www.fuertehoteles.com\/fr\/hotel-fuerte-grazalema\/exclusive\/\" \/>\n<meta property=\"og:site_name\" content=\"Fuerte Hoteles\" \/>\n<meta property=\"article:publisher\" content=\"https:\/\/www.facebook.com\/HotelesFuerte\" \/>\n<meta property=\"article:modified_time\" content=\"2024-06-05T06:43:28+00:00\" \/>\n<meta property=\"og:image\" content=\"https:\/\/www.fuertehoteles.com\/wp-content\/uploads\/2021\/12\/exclusive-header-2.jpg\" \/>\n\t<meta property=\"og:image:width\" content=\"1920\" \/>\n\t<meta property=\"og:image:height\" content=\"540\" \/>\n\t<meta property=\"og:image:type\" content=\"image\/jpeg\" \/>\n<meta name=\"twitter:card\" content=\"summary_large_image\" \/>\n<meta name=\"twitter:site\" content=\"@fuertehoteles\" \/>\n<meta name=\"twitter:label1\" content=\"Dur\u00e9e de lecture estim\u00e9e\" \/>\n\t<meta name=\"twitter:data1\" content=\"2 minutes\" \/>\n<script type=\"application\/ld+json\" class=\"yoast-schema-graph\">{\"@context\":\"https:\/\/schema.org\",\"@graph\":[{\"@type\":\"WebPage\",\"@id\":\"https:\/\/www.fuertehoteles.com\/fr\/hotel-fuerte-grazalema\/exclusive\/\",\"url\":\"https:\/\/www.fuertehoteles.com\/fr\/hotel-fuerte-grazalema\/exclusive\/\",\"name\":\"Service Exclusive, H\u00f4tel Fuerte Grazalema, Andalucia.\",\"isPartOf\":{\"@id\":\"https:\/\/www.fuertehoteles.com\/#website\"},\"primaryImageOfPage\":{\"@id\":\"https:\/\/www.fuertehoteles.com\/fr\/hotel-fuerte-grazalema\/exclusive\/#primaryimage\"},\"image\":{\"@id\":\"https:\/\/www.fuertehoteles.com\/fr\/hotel-fuerte-grazalema\/exclusive\/#primaryimage\"},\"thumbnailUrl\":\"https:\/\/www.fuertehoteles.com\/wp-content\/uploads\/2021\/12\/exclusive-header-2.jpg\",\"datePublished\":\"2021-12-03T10:22:55+00:00\",\"dateModified\":\"2024-06-05T06:43:28+00:00\",\"description\":\"Dot\u00e9 d\u00b4\u00c9l\u00e9gance et de luxe avec un service exceptionnel de plus de 60 ans d'exp\u00e9rience. Service Exclusive H\u00f4tel Fuerte Grazalema, Andalucia.\",\"breadcrumb\":{\"@id\":\"https:\/\/www.fuertehoteles.com\/fr\/hotel-fuerte-grazalema\/exclusive\/#breadcrumb\"},\"inLanguage\":\"fr-FR\",\"potentialAction\":[{\"@type\":\"ReadAction\",\"target\":[\"https:\/\/www.fuertehoteles.com\/fr\/hotel-fuerte-grazalema\/exclusive\/\"]}]},{\"@type\":\"ImageObject\",\"inLanguage\":\"fr-FR\",\"@id\":\"https:\/\/www.fuertehoteles.com\/fr\/hotel-fuerte-grazalema\/exclusive\/#primaryimage\",\"url\":\"https:\/\/www.fuertehoteles.com\/wp-content\/uploads\/2021\/12\/exclusive-header-2.jpg\",\"contentUrl\":\"https:\/\/www.fuertehoteles.com\/wp-content\/uploads\/2021\/12\/exclusive-header-2.jpg\",\"width\":1920,\"height\":540,\"caption\":\"Servicio Exclusive, Hotel Fuerte Grazalema,\"},{\"@type\":\"BreadcrumbList\",\"@id\":\"https:\/\/www.fuertehoteles.com\/fr\/hotel-fuerte-grazalema\/exclusive\/#breadcrumb\",\"itemListElement\":[{\"@type\":\"ListItem\",\"position\":1,\"name\":\"Portada\",\"item\":\"https:\/\/www.fuertehoteles.com\/fr\/\"},{\"@type\":\"ListItem\",\"position\":2,\"name\":\"Fuerte Grazalema\",\"item\":\"https:\/\/www.fuertehoteles.com\/fr\/hotel-fuerte-grazalema\/\"},{\"@type\":\"ListItem\",\"position\":3,\"name\":\"Exclusive\"}]},{\"@type\":\"WebSite\",\"@id\":\"https:\/\/www.fuertehoteles.com\/#website\",\"url\":\"https:\/\/www.fuertehoteles.com\/\",\"name\":\"Fuerte Hoteles\",\"description\":\"\",\"publisher\":{\"@id\":\"https:\/\/www.fuertehoteles.com\/#organization\"},\"potentialAction\":[{\"@type\":\"SearchAction\",\"target\":{\"@type\":\"EntryPoint\",\"urlTemplate\":\"https:\/\/www.fuertehoteles.com\/?s={search_term_string}\"},\"query-input\":\"required name=search_term_string\"}],\"inLanguage\":\"fr-FR\"},{\"@type\":\"Organization\",\"@id\":\"https:\/\/www.fuertehoteles.com\/#organization\",\"name\":\"Fuerte Hoteles\",\"url\":\"https:\/\/www.fuertehoteles.com\/\",\"logo\":{\"@type\":\"ImageObject\",\"inLanguage\":\"fr-FR\",\"@id\":\"https:\/\/www.fuertehoteles.com\/#\/schema\/logo\/image\/\",\"url\":\"https:\/\/www.fuertehoteles.com\/wp-content\/uploads\/2022\/09\/logo-ffhh-1.jpg\",\"contentUrl\":\"https:\/\/www.fuertehoteles.com\/wp-content\/uploads\/2022\/09\/logo-ffhh-1.jpg\",\"width\":500,\"height\":500,\"caption\":\"Fuerte Hoteles\"},\"image\":{\"@id\":\"https:\/\/www.fuertehoteles.com\/#\/schema\/logo\/image\/\"},\"sameAs\":[\"https:\/\/www.facebook.com\/HotelesFuerte\",\"https:\/\/twitter.com\/fuertehoteles\",\"https:\/\/www.instagram.com\/fuertehoteles\/\",\"https:\/\/www.linkedin.com\/company\/fuerte-hoteles\/\",\"https:\/\/www.youtube.com\/user\/fuertehoteles\",\"https:\/\/en.wikipedia.org\/wiki\/Fuerte_Hotels\"]}]}<\/script>\n<!-- \/ Yoast SEO plugin. -->","yoast_head_json":{"title":"Service Exclusive, H\u00f4tel Fuerte Grazalema, Andalucia.","description":"Dot\u00e9 d\u00b4\u00c9l\u00e9gance et de luxe avec un service exceptionnel de plus de 60 ans d'exp\u00e9rience. Service Exclusive H\u00f4tel Fuerte Grazalema, Andalucia.","robots":{"index":"index","follow":"follow","max-snippet":"max-snippet:-1","max-image-preview":"max-image-preview:large","max-video-preview":"max-video-preview:-1"},"canonical":"https:\/\/www.fuertehoteles.com\/fr\/hotel-fuerte-grazalema\/exclusive\/","og_locale":"fr_FR","og_type":"article","og_title":"Service Exclusive, H\u00f4tel Fuerte Grazalema, Andalucia.","og_description":"Dot\u00e9 d\u00b4\u00c9l\u00e9gance et de luxe avec un service exceptionnel de plus de 60 ans d'exp\u00e9rience. Service Exclusive H\u00f4tel Fuerte Grazalema, Andalucia.","og_url":"https:\/\/www.fuertehoteles.com\/fr\/hotel-fuerte-grazalema\/exclusive\/","og_site_name":"Fuerte Hoteles","article_publisher":"https:\/\/www.facebook.com\/HotelesFuerte","article_modified_time":"2024-06-05T06:43:28+00:00","og_image":[{"width":1920,"height":540,"url":"https:\/\/www.fuertehoteles.com\/wp-content\/uploads\/2021\/12\/exclusive-header-2.jpg","type":"image\/jpeg"}],"twitter_card":"summary_large_image","twitter_site":"@fuertehoteles","twitter_misc":{"Dur\u00e9e de lecture estim\u00e9e":"2 minutes"},"schema":{"@context":"https:\/\/schema.org","@graph":[{"@type":"WebPage","@id":"https:\/\/www.fuertehoteles.com\/fr\/hotel-fuerte-grazalema\/exclusive\/","url":"https:\/\/www.fuertehoteles.com\/fr\/hotel-fuerte-grazalema\/exclusive\/","name":"Service Exclusive, H\u00f4tel Fuerte Grazalema, Andalucia.","isPartOf":{"@id":"https:\/\/www.fuertehoteles.com\/#website"},"primaryImageOfPage":{"@id":"https:\/\/www.fuertehoteles.com\/fr\/hotel-fuerte-grazalema\/exclusive\/#primaryimage"},"image":{"@id":"https:\/\/www.fuertehoteles.com\/fr\/hotel-fuerte-grazalema\/exclusive\/#primaryimage"},"thumbnailUrl":"https:\/\/www.fuertehoteles.com\/wp-content\/uploads\/2021\/12\/exclusive-header-2.jpg","datePublished":"2021-12-03T10:22:55+00:00","dateModified":"2024-06-05T06:43:28+00:00","description":"Dot\u00e9 d\u00b4\u00c9l\u00e9gance et de luxe avec un service exceptionnel de plus de 60 ans d'exp\u00e9rience. Service Exclusive H\u00f4tel Fuerte Grazalema, Andalucia.","breadcrumb":{"@id":"https:\/\/www.fuertehoteles.com\/fr\/hotel-fuerte-grazalema\/exclusive\/#breadcrumb"},"inLanguage":"fr-FR","potentialAction":[{"@type":"ReadAction","target":["https:\/\/www.fuertehoteles.com\/fr\/hotel-fuerte-grazalema\/exclusive\/"]}]},{"@type":"ImageObject","inLanguage":"fr-FR","@id":"https:\/\/www.fuertehoteles.com\/fr\/hotel-fuerte-grazalema\/exclusive\/#primaryimage","url":"https:\/\/www.fuertehoteles.com\/wp-content\/uploads\/2021\/12\/exclusive-header-2.jpg","contentUrl":"https:\/\/www.fuertehoteles.com\/wp-content\/uploads\/2021\/12\/exclusive-header-2.jpg","width":1920,"height":540,"caption":"Servicio Exclusive, Hotel Fuerte Grazalema,"},{"@type":"BreadcrumbList","@id":"https:\/\/www.fuertehoteles.com\/fr\/hotel-fuerte-grazalema\/exclusive\/#breadcrumb","itemListElement":[{"@type":"ListItem","position":1,"name":"Portada","item":"https:\/\/www.fuertehoteles.com\/fr\/"},{"@type":"ListItem","position":2,"name":"Fuerte Grazalema","item":"https:\/\/www.fuertehoteles.com\/fr\/hotel-fuerte-grazalema\/"},{"@type":"ListItem","position":3,"name":"Exclusive"}]},{"@type":"WebSite","@id":"https:\/\/www.fuertehoteles.com\/#website","url":"https:\/\/www.fuertehoteles.com\/","name":"Fuerte Hoteles","description":"","publisher":{"@id":"https:\/\/www.fuertehoteles.com\/#organization"},"potentialAction":[{"@type":"SearchAction","target":{"@type":"EntryPoint","urlTemplate":"https:\/\/www.fuertehoteles.com\/?s={search_term_string}"},"query-input":"required name=search_term_string"}],"inLanguage":"fr-FR"},{"@type":"Organization","@id":"https:\/\/www.fuertehoteles.com\/#organization","name":"Fuerte Hoteles","url":"https:\/\/www.fuertehoteles.com\/","logo":{"@type":"ImageObject","inLanguage":"fr-FR","@id":"https:\/\/www.fuertehoteles.com\/#\/schema\/logo\/image\/","url":"https:\/\/www.fuertehoteles.com\/wp-content\/uploads\/2022\/09\/logo-ffhh-1.jpg","contentUrl":"https:\/\/www.fuertehoteles.com\/wp-content\/uploads\/2022\/09\/logo-ffhh-1.jpg","width":500,"height":500,"caption":"Fuerte Hoteles"},"image":{"@id":"https:\/\/www.fuertehoteles.com\/#\/schema\/logo\/image\/"},"sameAs":["https:\/\/www.facebook.com\/HotelesFuerte","https:\/\/twitter.com\/fuertehoteles","https:\/\/www.instagram.com\/fuertehoteles\/","https:\/\/www.linkedin.com\/company\/fuerte-hoteles\/","https:\/\/www.youtube.com\/user\/fuertehoteles","https:\/\/en.wikipedia.org\/wiki\/Fuerte_Hotels"]}]}},"_links":{"self":[{"href":"https:\/\/www.fuertehoteles.com\/fr\/wp-json\/wp\/v2\/pages\/5250","targetHints":{"allow":["GET"]}}],"collection":[{"href":"https:\/\/www.fuertehoteles.com\/fr\/wp-json\/wp\/v2\/pages"}],"about":[{"href":"https:\/\/www.fuertehoteles.com\/fr\/wp-json\/wp\/v2\/types\/page"}],"author":[{"embeddable":true,"href":"https:\/\/www.fuertehoteles.com\/fr\/wp-json\/wp\/v2\/users\/6"}],"replies":[{"embeddable":true,"href":"https:\/\/www.fuertehoteles.com\/fr\/wp-json\/wp\/v2\/comments?post=5250"}],"version-history":[{"count":1,"href":"https:\/\/www.fuertehoteles.com\/fr\/wp-json\/wp\/v2\/pages\/5250\/revisions"}],"predecessor-version":[{"id":154007,"href":"https:\/\/www.fuertehoteles.com\/fr\/wp-json\/wp\/v2\/pages\/5250\/revisions\/154007"}],"up":[{"embeddable":true,"href":"https:\/\/www.fuertehoteles.com\/fr\/wp-json\/wp\/v2\/pages\/4359"}],"wp:featuredmedia":[{"embeddable":true,"href":"https:\/\/www.fuertehoteles.com\/fr\/wp-json\/wp\/v2\/media\/3517"}],"wp:attachment":[{"href":"https:\/\/www.fuertehoteles.com\/fr\/wp-json\/wp\/v2\/media?parent=5250"}],"curies":[{"name":"wp","href":"https:\/\/api.w.org\/{rel}","templated":true}]}}