{"id":7632,"date":"2022-10-07T15:33:46","date_gmt":"2022-10-07T13:33:46","guid":{"rendered":"https:\/\/www.fuertehoteles.com\/sostenibilidad\/"},"modified":"2023-09-29T14:46:33","modified_gmt":"2023-09-29T12:46:33","slug":"landing-co2","status":"publish","type":"page","link":"https:\/\/www.fuertehoteles.com\/fr\/landing-co2\/","title":{"rendered":"Landing co2"},"content":{"rendered":"[vc_section el_class=\u00a0\u00bbfh_clean-seas_title-video-intro\u00a0\u00bb][vc_row el_class=\u00a0\u00bbfh_clean-seas_title-video-intro_title\u00a0\u00bb][vc_column][vc_column_text el_class=\u00a0\u00bbfh_clean-seas_title-hashtag\u00a0\u00bb]\n<p style=\"text-align: center;\">#notreengagementestprofond<\/p>\n[\/vc_column_text][vc_column_text el_class=\u00a0\u00bbfh_clean-seas_title-1&Prime;]\n<h2 style=\"text-align: center;\">Pour \u00c9conomiser du Co<sub>2<\/sub><\/h2>\n[\/vc_column_text][\/vc_column][\/vc_row][vc_row el_class=\u00a0\u00bbfh_clean-seas_title-video-intro_video\u00a0\u00bb][vc_column][vc_raw_html]JTNDZGl2JTIwY2xhc3MlM0QlMjJmaF92aWRlby1jb250YWluZXIlMjIlM0UlMEElM0N2aWRlbyUyMGF1dG9wbGF5JTNEJTIyJTIyJTIwbXV0ZWQlM0QlMjIlMjIlMjBsb29wJTNEJTIyJTIyJTIwcGxheXNpbmxpbmUlM0QlMjIlMjIlMjBpZCUzRCUyMmJmLXZpZGVvLXByZXZpZXclMjIlM0UlMEElMjAlMjAlM0Nzb3VyY2UlMjBzcmMlM0QlMjJodHRwcyUzQSUyRiUyRnByb21vLmZ1ZXJ0ZWhvdGVsZXMuY29tJTJGd3AtY29udGVudCUyRnVwbG9hZHMlMkYyMDIyJTJGMDMlMkZyZWNvcnRlLWVsLXN1ci1xdWUtaGF5LWVuLXRpLm1wNCUyMiUyMHR5cGUlM0QlMjJ2aWRlbyUyRm1wNCUyMiUzRSUwQSUzQyUyRnZpZGVvJTNFJTBBJTNDZGl2JTIwY2xhc3MlM0QlMjJ2aWRlb3BsYXktaWNvbiUyMiUzRSU1QnNjJTIwbmFtZSUzRCUyMnN1bW1lcl8yMDIwX3BsYXklMjIlNUQlM0MlMkZkaXYlM0UlMEElM0NhJTIwaWQlM0QlMjJzdW1tZXItMjAyMi12aWRlby1sYXVuY2hlciUyMiUyMGhyZWYlM0QlMjIlMjMlMjIlM0UlM0MlMkZhJTNFJTBBJTNDJTJGZGl2JTNFJTBB[\/vc_raw_html][\/vc_column][\/vc_row][vc_row el_class=\u00a0\u00bbfh_clean-seas_title-video-intro_intro\u00a0\u00bb][vc_column][vc_column_text]\n<p style=\"text-align: center;\">Au sein du Fuerte Hoteles, nous sommes pr\u00eats \u00e0 franchir une nouvelle \u00e9tape dans notre engagement en faveur de la <strong>conservation de notre environnement<\/strong> et nous souhaitons que vous vous joigniez \u00e0 nous.<\/p>\n<p style=\"text-align: center;\">Nous aimerions que vous nous rejoigniez dans cet engagement ferme en faveur de l&rsquo;efficacit\u00e9 \u00e9nerg\u00e9tique, l&rsquo;\u00e9conomie des ressources, ainsi que la r\u00e9duction et le recyclage des d\u00e9chets, qui sont essentiels pour r\u00e9duire notre <strong>empreinte carbone<\/strong> et l&rsquo;impact environnemental qui en r\u00e9sulte.<\/p>\n[\/vc_column_text][\/vc_column][\/vc_row][\/vc_section][vc_section el_class=\u00a0\u00bbfh_clean-seas_image-text\u00a0\u00bb][vc_row equal_height=\u00a0\u00bbyes\u00a0\u00bb el_class=\u00a0\u00bbfh_clean-seas_image-text_row-even\u00a0\u00bb][vc_column width=\u00a0\u00bb1\/2&Prime; css=\u00a0\u00bb.vc_custom_1695381911646{background-image: url(https:\/\/www.fuertehoteles.com\/wp-content\/uploads\/2023\/09\/fuerte-conil-costa-luz-aerea-placas-solares.jpg?id=151181) !important;background-position: center !important;background-repeat: no-repeat !important;background-size: cover !important;}\u00a0\u00bb el_class=\u00a0\u00bbfh_clean-seas_image-text_image\u00a0\u00bb][\/vc_column][vc_column width=\u00a0\u00bb1\/2&Prime; el_class=\u00a0\u00bbfh_clean-seas_image-text_text\u00a0\u00bb css=\u00a0\u00bb.vc_custom_1665149548881{background-image: url(https:\/\/www.fuertehoteles.com\/wp-content\/uploads\/2022\/10\/bg-text.png?id=7606) !important;background-position: center !important;background-repeat: no-repeat !important;background-size: cover !important;}\u00a0\u00bb][vc_column_text el_class=\u00a0\u00bbfh_clean-seas_image-text_text_list\u00a0\u00bb]\n<ul>\n<li>Nous changeons toutes les lumi\u00e8res pour des ampoules de type LED.<\/li>\n<li>Toutes les chambres sont \u00e9quip\u00e9es d&rsquo;un syst\u00e8me de d\u00e9connexion automatique de la climatisation lorsque les fen\u00eatres sont ouvertes.<\/li>\n<li>Gr\u00e2ce \u00e0 l&rsquo;\u00e9nergie solaire, nous utilisons des \u00e9nergies renouvelables pour chauffer l&rsquo;eau dans les chambres et \u00e9conomisons de grandes quantit\u00e9s de combustibles fossiles.<\/li>\n<\/ul>\n[\/vc_column_text][\/vc_column][\/vc_row][vc_row equal_height=\u00a0\u00bbyes\u00a0\u00bb el_class=\u00a0\u00bbfh_clean-seas_image-text_row-odd\u00a0\u00bb][vc_column width=\u00a0\u00bb1\/2&Prime; el_class=\u00a0\u00bbfh_clean-seas_image-text_text\u00a0\u00bb css=\u00a0\u00bb.vc_custom_1665149591868{background-image: url(https:\/\/www.fuertehoteles.com\/wp-content\/uploads\/2022\/10\/bg-texts.png?id=7610) !important;background-position: center !important;background-repeat: no-repeat !important;background-size: cover !important;}\u00a0\u00bb][vc_column_text el_class=\u00a0\u00bbfh_clean-seas_image-text_text_list\u00a0\u00bb]\n<ul>\n<li>Nous avons inclus des mesures d&rsquo;\u00e9conomie circulaire qui visent \u00e0 r\u00e9duire la quantit\u00e9 de d\u00e9chets g\u00e9n\u00e9r\u00e9s et, ensuite, \u00e0 recycler les d\u00e9chets que nous ne pouvons pas r\u00e9utiliser.<\/li>\n<li>Nous donnons toujours la pr\u00e9f\u00e9rence aux produits locaux et aux produits de kilom\u00e8tre z\u00e9ro.<\/li>\n<li>Nous effectuons un suivi exhaustif des d\u00e9penses \u00e9nerg\u00e9tiques et de l&#8217;empreinte carbone&#8230; parmi de nombreuses autres actions.<\/li>\n<\/ul>\n[\/vc_column_text][\/vc_column][vc_column width=\u00a0\u00bb1\/2&Prime; el_class=\u00a0\u00bbfh_clean-seas_image-text_image\u00a0\u00bb css=\u00a0\u00bb.vc_custom_1695381939365{background-image: url(https:\/\/www.fuertehoteles.com\/wp-content\/uploads\/2023\/09\/fuerte-conil-costa-luz-huerto-ecologico.jpg?id=151185) !important;background-position: center !important;background-repeat: no-repeat !important;background-size: cover !important;}\u00a0\u00bb][\/vc_column][\/vc_row][\/vc_section][vc_section el_class=\u00a0\u00bbfh_clean-seas_closing-text\u00a0\u00bb][vc_row url=\u00a0\u00bburl:https%3A%2F%2Fwww.fuertehoteles.com%2Fcorporate%2Fturismo-responsable%2F||target:%20_blank|\u00a0\u00bb][vc_column][vc_column_text]\n<h3 style=\"text-align: center;\">D\u00e9couvrez le reste des initiatives en s\u00e9journant chez nous<\/h3>\n[\/vc_column_text][vc_column_text el_class=\u00a0\u00bbfh_clean-seas_closing-text_text-inline\u00a0\u00bb]\n<p style=\"text-align: center;\">et \u00e0 travers notre<\/p>\n[\/vc_column_text][vc_btn title=\u00a0\u00bbRAPPORT DE RESPONSABILIT\u00c9 SOCI\u00c9TALE DES ENTREPRISES\u00a0\u00bb i_align=\u00a0\u00bbright\u00a0\u00bb i_icon_fontawesome=\u00a0\u00bb\u00a0\u00bb add_icon=\u00a0\u00bbtrue\u00a0\u00bb][\/vc_column][\/vc_row][\/vc_section][vc_section el_class=\u00a0\u00bbfh_clean-seas_benefit\u00a0\u00bb][vc_row equal_height=\u00a0\u00bbyes\u00a0\u00bb content_placement=\u00a0\u00bbmiddle\u00a0\u00bb][vc_column width=\u00a0\u00bb3\/4&Prime; el_class=\u00a0\u00bbfh_clean-seas_benefit_text\u00a0\u00bb offset=\u00a0\u00bbvc_col-lg-8 vc_col-xs-9&Prime;][vc_column_text]\n<h3>De plus, uniquement pendant le mois d&rsquo;octobre, procurez-vous votre bouteille r\u00e9utilisable et prenez soin des oc\u00e9ans avec Fuerte Hoteles<\/h3>\n[\/vc_column_text][vc_column_text]\n<ul>\n<li>R\u00e9utilisable et recyclable<\/li>\n<li>Mat\u00e9riau respectueux de l&rsquo;environnement<\/li>\n<li>Ne contient pas de Bisph\u00e9nol A<\/li>\n<li>Facile \u00e0 nettoyer<\/li>\n<li>Design unique et pratique<\/li>\n<\/ul>\n[\/vc_column_text][vc_column_text el_class=\u00a0\u00bbfh_clean-seas_text-small fh_clean-seas_text-white\u00a0\u00bb]*Uniquement disponible au Fuerte El Rompido.[\/vc_column_text][\/vc_column][vc_column width=\u00a0\u00bb1\/4&Prime; alignment=\u00a0\u00bbright\u00a0\u00bb el_class=\u00a0\u00bbfh_clean-seas_benefit_image\u00a0\u00bb offset=\u00a0\u00bbvc_col-lg-4 vc_col-xs-3&Prime;][vc_single_image image=\u00a0\u00bb7614&Prime; img_size=\u00a0\u00bbfull\u00a0\u00bb][\/vc_column][\/vc_row][\/vc_section][vc_row el_class=\u00a0\u00bbfh_clean-seas_space-end-page\u00a0\u00bb][vc_column][vc_empty_space height=\u00a0\u00bb260px\u00a0\u00bb][\/vc_column][\/vc_row]\n","protected":false},"excerpt":{"rendered":"<p>[vc_section el_class=\u00a0\u00bbfh_clean-seas_title-video-intro\u00a0\u00bb][vc_row el_class=\u00a0\u00bbfh_clean-seas_title-video-intro_title\u00a0\u00bb][vc_column][vc_column_text el_class=\u00a0\u00bbfh_clean-seas_title-hashtag\u00a0\u00bb] #notreengagementestprofond [\/vc_column_text][vc_column_text el_class=\u00a0\u00bbfh_clean-seas_title-1&Prime;] Pour \u00c9conomiser du Co2 [\/vc_column_text][\/vc_column][\/vc_row][vc_row el_class=\u00a0\u00bbfh_clean-seas_title-video-intro_video\u00a0\u00bb][vc_column][vc_raw_html]JTNDZGl2JTIwY2xhc3MlM0QlMjJmaF92aWRlby1jb250YWluZXIlMjIlM0UlMEElM0N2aWRlbyUyMGF1dG9wbGF5JTNEJTIyJTIyJTIwbXV0ZWQlM0QlMjIlMjIlMjBsb29wJTNEJTIyJTIyJTIwcGxheXNpbmxpbmUlM0QlMjIlMjIlMjBpZCUzRCUyMmJmLXZpZGVvLXByZXZpZXclMjIlM0UlMEElMjAlMjAlM0Nzb3VyY2UlMjBzcmMlM0QlMjJodHRwcyUzQSUyRiUyRnByb21vLmZ1ZXJ0ZWhvdGVsZXMuY29tJTJGd3AtY29udGVudCUyRnVwbG9hZHMlMkYyMDIyJTJGMDMlMkZyZWNvcnRlLWVsLXN1ci1xdWUtaGF5LWVuLXRpLm1wNCUyMiUyMHR5cGUlM0QlMjJ2aWRlbyUyRm1wNCUyMiUzRSUwQSUzQyUyRnZpZGVvJTNFJTBBJTNDZGl2JTIwY2xhc3MlM0QlMjJ2aWRlb3BsYXktaWNvbiUyMiUzRSU1QnNjJTIwbmFtZSUzRCUyMnN1bW1lcl8yMDIwX3BsYXklMjIlNUQlM0MlMkZkaXYlM0UlMEElM0NhJTIwaWQlM0QlMjJzdW1tZXItMjAyMi12aWRlby1sYXVuY2hlciUyMiUyMGhyZWYlM0QlMjIlMjMlMjIlM0UlM0MlMkZhJTNFJTBBJTNDJTJGZGl2JTNFJTBB[\/vc_raw_html][\/vc_column][\/vc_row][vc_row el_class=\u00a0\u00bbfh_clean-seas_title-video-intro_intro\u00a0\u00bb][vc_column][vc_column_text] Au sein du Fuerte Hoteles, nous sommes pr\u00eats \u00e0 franchir une nouvelle \u00e9tape dans notre engagement en faveur de la conservation de notre environnement et nous souhaitons que vous vous joigniez \u00e0 nous. Nous aimerions que vous nous rejoigniez dans cet<\/p>\n","protected":false},"author":6,"featured_media":0,"parent":0,"menu_order":0,"comment_status":"closed","ping_status":"closed","template":"templates\/landings.php","meta":{"footnotes":""},"class_list":["post-7632","page","type-page","status-publish","hentry"],"yoast_head":"<!-- This site is optimized with the Yoast SEO plugin v22.4 - https:\/\/yoast.com\/wordpress\/plugins\/seo\/ -->\n<title>Viabilit\u00e9 Environnementale - Fuerte Hoteles Espagne<\/title>\n<meta name=\"description\" content=\"Au sein du Fuerte Hoteles, nous sommes pr\u00eats \u00e0 franchir une nouvelle \u00e9tape dans notre engagement en faveur de la conservation de notre environnement\" \/>\n<meta name=\"robots\" content=\"index, follow, max-snippet:-1, max-image-preview:large, max-video-preview:-1\" \/>\n<link rel=\"canonical\" href=\"https:\/\/www.fuertehoteles.com\/fr\/landing-co2\/\" \/>\n<meta property=\"og:locale\" content=\"fr_FR\" \/>\n<meta property=\"og:type\" content=\"article\" \/>\n<meta property=\"og:title\" content=\"Viabilit\u00e9 Environnementale - Fuerte Hoteles Espagne\" \/>\n<meta property=\"og:description\" content=\"Au sein du Fuerte Hoteles, nous sommes pr\u00eats \u00e0 franchir une nouvelle \u00e9tape dans notre engagement en faveur de la conservation de notre environnement\" \/>\n<meta property=\"og:url\" content=\"https:\/\/www.fuertehoteles.com\/fr\/landing-co2\/\" \/>\n<meta property=\"og:site_name\" content=\"Fuerte Hoteles\" \/>\n<meta property=\"article:publisher\" content=\"https:\/\/www.facebook.com\/HotelesFuerte\" \/>\n<meta property=\"article:modified_time\" content=\"2023-09-29T12:46:33+00:00\" \/>\n<meta name=\"twitter:card\" content=\"summary_large_image\" \/>\n<meta name=\"twitter:site\" content=\"@fuertehoteles\" \/>\n<meta name=\"twitter:label1\" content=\"Dur\u00e9e de lecture estim\u00e9e\" \/>\n\t<meta name=\"twitter:data1\" content=\"4 minutes\" \/>\n<script type=\"application\/ld+json\" class=\"yoast-schema-graph\">{\"@context\":\"https:\/\/schema.org\",\"@graph\":[{\"@type\":\"WebPage\",\"@id\":\"https:\/\/www.fuertehoteles.com\/fr\/landing-co2\/\",\"url\":\"https:\/\/www.fuertehoteles.com\/fr\/landing-co2\/\",\"name\":\"Viabilit\u00e9 Environnementale - Fuerte Hoteles Espagne\",\"isPartOf\":{\"@id\":\"https:\/\/www.fuertehoteles.com\/#website\"},\"datePublished\":\"2022-10-07T13:33:46+00:00\",\"dateModified\":\"2023-09-29T12:46:33+00:00\",\"description\":\"Au sein du Fuerte Hoteles, nous sommes pr\u00eats \u00e0 franchir une nouvelle \u00e9tape dans notre engagement en faveur de la conservation de notre environnement\",\"breadcrumb\":{\"@id\":\"https:\/\/www.fuertehoteles.com\/fr\/landing-co2\/#breadcrumb\"},\"inLanguage\":\"fr-FR\",\"potentialAction\":[{\"@type\":\"ReadAction\",\"target\":[\"https:\/\/www.fuertehoteles.com\/fr\/landing-co2\/\"]}]},{\"@type\":\"BreadcrumbList\",\"@id\":\"https:\/\/www.fuertehoteles.com\/fr\/landing-co2\/#breadcrumb\",\"itemListElement\":[{\"@type\":\"ListItem\",\"position\":1,\"name\":\"Portada\",\"item\":\"https:\/\/www.fuertehoteles.com\/fr\/\"},{\"@type\":\"ListItem\",\"position\":2,\"name\":\"Landing co2\"}]},{\"@type\":\"WebSite\",\"@id\":\"https:\/\/www.fuertehoteles.com\/#website\",\"url\":\"https:\/\/www.fuertehoteles.com\/\",\"name\":\"Fuerte Hoteles\",\"description\":\"\",\"publisher\":{\"@id\":\"https:\/\/www.fuertehoteles.com\/#organization\"},\"potentialAction\":[{\"@type\":\"SearchAction\",\"target\":{\"@type\":\"EntryPoint\",\"urlTemplate\":\"https:\/\/www.fuertehoteles.com\/?s={search_term_string}\"},\"query-input\":\"required name=search_term_string\"}],\"inLanguage\":\"fr-FR\"},{\"@type\":\"Organization\",\"@id\":\"https:\/\/www.fuertehoteles.com\/#organization\",\"name\":\"Fuerte Hoteles\",\"url\":\"https:\/\/www.fuertehoteles.com\/\",\"logo\":{\"@type\":\"ImageObject\",\"inLanguage\":\"fr-FR\",\"@id\":\"https:\/\/www.fuertehoteles.com\/#\/schema\/logo\/image\/\",\"url\":\"https:\/\/www.fuertehoteles.com\/wp-content\/uploads\/2022\/09\/logo-ffhh-1.jpg\",\"contentUrl\":\"https:\/\/www.fuertehoteles.com\/wp-content\/uploads\/2022\/09\/logo-ffhh-1.jpg\",\"width\":500,\"height\":500,\"caption\":\"Fuerte Hoteles\"},\"image\":{\"@id\":\"https:\/\/www.fuertehoteles.com\/#\/schema\/logo\/image\/\"},\"sameAs\":[\"https:\/\/www.facebook.com\/HotelesFuerte\",\"https:\/\/twitter.com\/fuertehoteles\",\"https:\/\/www.instagram.com\/fuertehoteles\/\",\"https:\/\/www.linkedin.com\/company\/fuerte-hoteles\/\",\"https:\/\/www.youtube.com\/user\/fuertehoteles\",\"https:\/\/en.wikipedia.org\/wiki\/Fuerte_Hotels\"]}]}<\/script>\n<!-- \/ Yoast SEO plugin. -->","yoast_head_json":{"title":"Viabilit\u00e9 Environnementale - Fuerte Hoteles Espagne","description":"Au sein du Fuerte Hoteles, nous sommes pr\u00eats \u00e0 franchir une nouvelle \u00e9tape dans notre engagement en faveur de la conservation de notre environnement","robots":{"index":"index","follow":"follow","max-snippet":"max-snippet:-1","max-image-preview":"max-image-preview:large","max-video-preview":"max-video-preview:-1"},"canonical":"https:\/\/www.fuertehoteles.com\/fr\/landing-co2\/","og_locale":"fr_FR","og_type":"article","og_title":"Viabilit\u00e9 Environnementale - Fuerte Hoteles Espagne","og_description":"Au sein du Fuerte Hoteles, nous sommes pr\u00eats \u00e0 franchir une nouvelle \u00e9tape dans notre engagement en faveur de la conservation de notre environnement","og_url":"https:\/\/www.fuertehoteles.com\/fr\/landing-co2\/","og_site_name":"Fuerte Hoteles","article_publisher":"https:\/\/www.facebook.com\/HotelesFuerte","article_modified_time":"2023-09-29T12:46:33+00:00","twitter_card":"summary_large_image","twitter_site":"@fuertehoteles","twitter_misc":{"Dur\u00e9e de lecture estim\u00e9e":"4 minutes"},"schema":{"@context":"https:\/\/schema.org","@graph":[{"@type":"WebPage","@id":"https:\/\/www.fuertehoteles.com\/fr\/landing-co2\/","url":"https:\/\/www.fuertehoteles.com\/fr\/landing-co2\/","name":"Viabilit\u00e9 Environnementale - Fuerte Hoteles Espagne","isPartOf":{"@id":"https:\/\/www.fuertehoteles.com\/#website"},"datePublished":"2022-10-07T13:33:46+00:00","dateModified":"2023-09-29T12:46:33+00:00","description":"Au sein du Fuerte Hoteles, nous sommes pr\u00eats \u00e0 franchir une nouvelle \u00e9tape dans notre engagement en faveur de la conservation de notre environnement","breadcrumb":{"@id":"https:\/\/www.fuertehoteles.com\/fr\/landing-co2\/#breadcrumb"},"inLanguage":"fr-FR","potentialAction":[{"@type":"ReadAction","target":["https:\/\/www.fuertehoteles.com\/fr\/landing-co2\/"]}]},{"@type":"BreadcrumbList","@id":"https:\/\/www.fuertehoteles.com\/fr\/landing-co2\/#breadcrumb","itemListElement":[{"@type":"ListItem","position":1,"name":"Portada","item":"https:\/\/www.fuertehoteles.com\/fr\/"},{"@type":"ListItem","position":2,"name":"Landing co2"}]},{"@type":"WebSite","@id":"https:\/\/www.fuertehoteles.com\/#website","url":"https:\/\/www.fuertehoteles.com\/","name":"Fuerte Hoteles","description":"","publisher":{"@id":"https:\/\/www.fuertehoteles.com\/#organization"},"potentialAction":[{"@type":"SearchAction","target":{"@type":"EntryPoint","urlTemplate":"https:\/\/www.fuertehoteles.com\/?s={search_term_string}"},"query-input":"required name=search_term_string"}],"inLanguage":"fr-FR"},{"@type":"Organization","@id":"https:\/\/www.fuertehoteles.com\/#organization","name":"Fuerte Hoteles","url":"https:\/\/www.fuertehoteles.com\/","logo":{"@type":"ImageObject","inLanguage":"fr-FR","@id":"https:\/\/www.fuertehoteles.com\/#\/schema\/logo\/image\/","url":"https:\/\/www.fuertehoteles.com\/wp-content\/uploads\/2022\/09\/logo-ffhh-1.jpg","contentUrl":"https:\/\/www.fuertehoteles.com\/wp-content\/uploads\/2022\/09\/logo-ffhh-1.jpg","width":500,"height":500,"caption":"Fuerte Hoteles"},"image":{"@id":"https:\/\/www.fuertehoteles.com\/#\/schema\/logo\/image\/"},"sameAs":["https:\/\/www.facebook.com\/HotelesFuerte","https:\/\/twitter.com\/fuertehoteles","https:\/\/www.instagram.com\/fuertehoteles\/","https:\/\/www.linkedin.com\/company\/fuerte-hoteles\/","https:\/\/www.youtube.com\/user\/fuertehoteles","https:\/\/en.wikipedia.org\/wiki\/Fuerte_Hotels"]}]}},"_links":{"self":[{"href":"https:\/\/www.fuertehoteles.com\/fr\/wp-json\/wp\/v2\/pages\/7632","targetHints":{"allow":["GET"]}}],"collection":[{"href":"https:\/\/www.fuertehoteles.com\/fr\/wp-json\/wp\/v2\/pages"}],"about":[{"href":"https:\/\/www.fuertehoteles.com\/fr\/wp-json\/wp\/v2\/types\/page"}],"author":[{"embeddable":true,"href":"https:\/\/www.fuertehoteles.com\/fr\/wp-json\/wp\/v2\/users\/6"}],"replies":[{"embeddable":true,"href":"https:\/\/www.fuertehoteles.com\/fr\/wp-json\/wp\/v2\/comments?post=7632"}],"version-history":[{"count":4,"href":"https:\/\/www.fuertehoteles.com\/fr\/wp-json\/wp\/v2\/pages\/7632\/revisions"}],"predecessor-version":[{"id":151199,"href":"https:\/\/www.fuertehoteles.com\/fr\/wp-json\/wp\/v2\/pages\/7632\/revisions\/151199"}],"wp:attachment":[{"href":"https:\/\/www.fuertehoteles.com\/fr\/wp-json\/wp\/v2\/media?parent=7632"}],"curies":[{"name":"wp","href":"https:\/\/api.w.org\/{rel}","templated":true}]}}